{"id":18688,"date":"2025-09-12T02:00:48","date_gmt":"2025-09-12T02:00:48","guid":{"rendered":"https:\/\/www.colorflyprinting.com\/?post_type=product&#038;p=18688"},"modified":"2025-10-28T09:17:16","modified_gmt":"2025-10-28T09:17:16","slug":"arabic-line-hardcover-notebook-custom-a5-journal-for-office-school","status":"publish","type":"product","link":"https:\/\/www.colorflyprinting.com\/pt\/produto\/arabic-line-hardcover-notebook-custom-a5-journal-for-office-school\/","title":{"rendered":"Arabic Line Hardcover Notebook &#8211; Custom A5 Journal for Office &#038; School"},"content":{"rendered":"<h3 id=\"ali-anchor-AliMagic-ysilyb\" class=\"magic-0\" data-section=\"AliMagic-ysilyb\" data-section-title=\"Product Description\" data-spm-anchor-id=\"a2700.details-description.0.i2.719b1xY81xY8Br\">Descri\u00e7\u00e3o do produto<\/h3>\n<div class=\"ife-detail-decorate-table\">\n<table class=\"has-title hight-light-first-column all magic-1\">\n<tbody>\n<tr>\n<td colspan=\"1\" rowspan=\"1\">\n<div class=\"magic-2\">Nome do produto<\/div>\n<\/td>\n<td colspan=\"5\" rowspan=\"1\">\n<div class=\"magic-3\">\n<div data-spm-anchor-id=\"0.0.0.i3.59844f05Z16MVb\">Caderno de capa dura<\/div>\n<\/div>\n<\/td>\n<\/tr>\n<tr>\n<td colspan=\"1\" rowspan=\"1\">\n<div class=\"magic-2\">P\u00e1ginas<\/div>\n<\/td>\n<td colspan=\"5\" rowspan=\"1\">\n<div class=\"magic-3\">\n<div data-spm-anchor-id=\"0.0.0.i13.59844f05Z16MVb\"><b>80<\/b>\u00a0\/\u00a0<span data-spm-anchor-id=\"a2700.siteadmin.0.i2.62d73333U0k8Hc\">100\u00a0<\/span>\/\u00a0<span data-spm-anchor-id=\"a2700.siteadmin.0.i3.62d73333U0k8Hc\">120\u00a0\/ 150\u00a0<\/span>sheets \/ Customized<\/div>\n<\/div>\n<\/td>\n<\/tr>\n<tr>\n<td colspan=\"1\" rowspan=\"1\">\n<div class=\"magic-2\">Tamanho<\/div>\n<\/td>\n<td colspan=\"5\" rowspan=\"1\">\n<div class=\"magic-3\">A4 \/ A5 \/\u00a0<span data-spm-anchor-id=\"a2700.siteadmin.0.i1.ae9aac40dHBHQf\">17*22 cm<\/span>\u00a0\/ 14.8*21cm \/ 16.5*21.5cm \/<b data-spm-anchor-id=\"a2700.siteadmin.0.i9.7dbcac40hV6uRY\">\u00a0<\/b><span data-spm-anchor-id=\"a2700.siteadmin.0.i9.7dbcac40hV6uRY\"><b data-spm-anchor-id=\"a2700.siteadmin.0.i4.77ae3333ktLNDo\">17.5*25cm<\/b>\u00a0<\/span>\/<b data-spm-anchor-id=\"a2700.siteadmin.0.i1.1c35ac40CLgSk0\">personalizado<\/b><\/div>\n<\/td>\n<\/tr>\n<tr>\n<td colspan=\"1\" rowspan=\"1\">\n<div class=\"magic-2\">Material de capa<\/div>\n<\/td>\n<td colspan=\"5\" rowspan=\"1\">\n<div class=\"magic-3\"><span data-spm-anchor-id=\"a2700.siteadmin.0.i1.4ec0ac408XF3eJ\"><span class=\"magic-8\" data-spm-anchor-id=\"a2700.siteadmin.0.i3.91b5ac40HoOixP\">Papel de arte (papel brilhante)<\/span>\u00a0<\/span>\/\u00a0<span data-spm-anchor-id=\"a2700.siteadmin.0.i5.3695ac409PucPs\">tabuleiro de marfim\u00a0<\/span>\/ PP \/\u00a0<b>2mm Grey cardboard+Artpaper<\/b><\/div>\n<\/td>\n<\/tr>\n<tr>\n<td colspan=\"1\" rowspan=\"1\">\n<div class=\"magic-2\">Design de capa<\/div>\n<\/td>\n<td colspan=\"5\" rowspan=\"1\">\n<div class=\"magic-9\">Aceite seu logotipo e design com impress\u00e3o em cores<\/div>\n<\/td>\n<\/tr>\n<tr>\n<td colspan=\"1\" rowspan=\"1\">\n<div class=\"magic-2\">Impresso por dentro<\/div>\n<\/td>\n<td colspan=\"5\" rowspan=\"1\">\n<div class=\"magic-9\"><span data-spm-anchor-id=\"a2700.siteadmin.0.i4.782f3333S76rKs\">Linha de decis\u00e3o (\u00fanica)<\/span>\u00a0\/\u00a0<span class=\"magic-8\" data-spm-anchor-id=\"a2700.siteadmin.0.i7.5090ac40bUufpA\"><span data-spm-anchor-id=\"a2700.siteadmin.0.i5.ae9aac40dHBHQf\">linha francesa<\/span><\/span>\u00a0\/\u00a0<b>Linha \u00e1rabe<\/b>\u00a0\/<b>\u00a0<\/b><span data-spm-anchor-id=\"a2700.siteadmin.0.i11.7dbcac40hV6uRY\"><span class=\"magic-8\" data-spm-anchor-id=\"a2700.siteadmin.0.i6.1c35ac40CLgSk0\">Quadrado<\/span>\u00a0<\/span>\/ Linha dupla \/ Ingl\u00eas de 4 linhas<\/div>\n<\/td>\n<\/tr>\n<tr>\n<td colspan=\"1\" rowspan=\"1\">\n<div class=\"magic-2\">Papel Interno GSM<\/div>\n<\/td>\n<td colspan=\"5\" rowspan=\"1\">\n<div class=\"magic-9\">55 \/\u00a0<b>60<\/b>\u00a0\/ 70 \/ 80 g\/m\u00b2<\/div>\n<\/td>\n<\/tr>\n<tr>\n<td colspan=\"1\" rowspan=\"1\">\n<div class=\"magic-2\">Uso<\/div>\n<\/td>\n<td colspan=\"5\" rowspan=\"1\">\n<div class=\"magic-9\">Escola \/ Escrit\u00f3rio \/ Presente<\/div>\n<\/td>\n<\/tr>\n<tr>\n<td colspan=\"1\" rowspan=\"1\">\n<div class=\"magic-2\">Embalagem<\/div>\n<\/td>\n<td colspan=\"5\" rowspan=\"1\">\n<div class=\"magic-9\">Saco retr\u00e1til e caixa de exporta\u00e7\u00e3o padr\u00e3o<\/div>\n<\/td>\n<\/tr>\n<tr>\n<td colspan=\"1\" rowspan=\"1\">\n<div class=\"magic-2\">C\u00f3digo SH<\/div>\n<\/td>\n<td colspan=\"5\" rowspan=\"1\">\n<div class=\"magic-9\">\n<div class=\"magic-14\" data-spm-anchor-id=\"0.0.0.i72.59844f058KU4GW\">48202000<\/div>\n<\/div>\n<\/td>\n<\/tr>\n<tr>\n<td colspan=\"1\" rowspan=\"1\">\n<div class=\"magic-2\">Tempo de Sameple<\/div>\n<\/td>\n<td colspan=\"5\" rowspan=\"1\">\n<div class=\"magic-9\">A amostra \u00e9 gratuita e ser\u00e1 enviada a voc\u00ea apenas um dia ap\u00f3s a confirma\u00e7\u00e3o das especifica\u00e7\u00f5es<\/div>\n<\/td>\n<\/tr>\n<tr>\n<td colspan=\"1\" rowspan=\"1\">\n<div class=\"magic-2\">Detalhes da entrega<\/div>\n<\/td>\n<td colspan=\"5\" rowspan=\"1\">\n<div class=\"magic-9\">Cerca de 25 dias ap\u00f3s receber seu dep\u00f3sito.<\/div>\n<\/td>\n<\/tr>\n<\/tbody>\n<\/table>\n<\/div>","protected":false},"excerpt":{"rendered":"<p>This professional Arabic line hardcover notebook features a durable 2mm greyboard cover and 80 sheets of smooth 60gsm paper. Perfect for students and professionals, it offers multiple size options (A4, A5, 17.5x25cm) and full customization\u2014including logo printing, inner pages, and packaging. Low MOQ starts at 30,000 pieces. Free samples available. Ideal for schools, businesses, and promotional gifts.<\/p>","protected":false},"featured_media":19016,"comment_status":"open","ping_status":"closed","template":"","meta":[],"product_brand":[],"product_cat":[449],"product_tag":[485,178],"class_list":{"0":"post-18688","1":"product","2":"type-product","3":"status-publish","4":"has-post-thumbnail","6":"product_cat-hardcover-notebook","7":"product_tag-hardcover-notebook","8":"product_tag-notebook","10":"first","11":"instock","12":"shipping-taxable","13":"product-type-simple"},"yoast_head":"<!-- This site is optimized with the Yoast SEO Premium plugin v23.9 (Yoast SEO v25.2) - https:\/\/yoast.com\/wordpress\/plugins\/seo\/ -->\n<title>Arabic Line Hardcover Notebook - Custom Sizes &amp; Logo Printing<\/title>\n<meta name=\"description\" content=\"Arabic Line Hardcover Notebook for schools &amp; businesses. Custom sizes, covers &amp; logos. Low MOQ from 30,000pcs. Free samples. Request a quote now!\" \/>\n<meta name=\"robots\" content=\"index, follow, max-snippet:-1, max-image-preview:large, max-video-preview:-1\" \/>\n<link rel=\"canonical\" href=\"https:\/\/www.colorflyprinting.com\/pt\/produto\/arabic-line-hardcover-notebook-custom-a5-journal-for-office-school\/\" \/>\n<meta property=\"og:locale\" content=\"pt_PT\" \/>\n<meta property=\"og:type\" content=\"article\" \/>\n<meta property=\"og:title\" content=\"Arabic Line Hardcover Notebook - Custom A5 Journal for Office &amp; School\" \/>\n<meta property=\"og:description\" content=\"Arabic Line Hardcover Notebook for schools &amp; businesses. Custom sizes, covers &amp; logos. Low MOQ from 30,000pcs. Free samples. Request a quote now!\" \/>\n<meta property=\"og:url\" content=\"https:\/\/www.colorflyprinting.com\/pt\/produto\/arabic-line-hardcover-notebook-custom-a5-journal-for-office-school\/\" \/>\n<meta property=\"og:site_name\" content=\"colorflyprinting\" \/>\n<meta property=\"article:modified_time\" content=\"2025-10-28T09:17:16+00:00\" \/>\n<meta property=\"og:image\" content=\"https:\/\/www.colorflyprinting.com\/wp-content\/uploads\/2025\/09\/He1a7ab3957714feba4d424d10c7cb158N-300x300_\u526f\u672c-1.jpg\" \/>\n\t<meta property=\"og:image:width\" content=\"800\" \/>\n\t<meta property=\"og:image:height\" content=\"800\" \/>\n\t<meta property=\"og:image:type\" content=\"image\/jpeg\" \/>\n<meta name=\"twitter:card\" content=\"summary_large_image\" \/>\n<script type=\"application\/ld+json\" class=\"yoast-schema-graph\">{\"@context\":\"https:\/\/schema.org\",\"@graph\":[{\"@type\":\"WebPage\",\"@id\":\"https:\/\/www.colorflyprinting.com\/product\/arabic-line-hardcover-notebook-custom-a5-journal-for-office-school\/\",\"url\":\"https:\/\/www.colorflyprinting.com\/product\/arabic-line-hardcover-notebook-custom-a5-journal-for-office-school\/\",\"name\":\"Arabic Line Hardcover Notebook - Custom Sizes & Logo Printing\",\"isPartOf\":{\"@id\":\"https:\/\/www.colorflyprinting.com\/#website\"},\"primaryImageOfPage\":{\"@id\":\"https:\/\/www.colorflyprinting.com\/product\/arabic-line-hardcover-notebook-custom-a5-journal-for-office-school\/#primaryimage\"},\"image\":{\"@id\":\"https:\/\/www.colorflyprinting.com\/product\/arabic-line-hardcover-notebook-custom-a5-journal-for-office-school\/#primaryimage\"},\"thumbnailUrl\":\"https:\/\/www.colorflyprinting.com\/wp-content\/uploads\/2025\/09\/He1a7ab3957714feba4d424d10c7cb158N-300x300_\u526f\u672c-1.jpg\",\"datePublished\":\"2025-09-12T02:00:48+00:00\",\"dateModified\":\"2025-10-28T09:17:16+00:00\",\"description\":\"Arabic Line Hardcover Notebook for schools & businesses. Custom sizes, covers & logos. Low MOQ from 30,000pcs. Free samples. Request a quote now!\",\"breadcrumb\":{\"@id\":\"https:\/\/www.colorflyprinting.com\/product\/arabic-line-hardcover-notebook-custom-a5-journal-for-office-school\/#breadcrumb\"},\"inLanguage\":\"pt-PT\",\"potentialAction\":[{\"@type\":\"ReadAction\",\"target\":[\"https:\/\/www.colorflyprinting.com\/product\/arabic-line-hardcover-notebook-custom-a5-journal-for-office-school\/\"]}]},{\"@type\":\"ImageObject\",\"inLanguage\":\"pt-PT\",\"@id\":\"https:\/\/www.colorflyprinting.com\/product\/arabic-line-hardcover-notebook-custom-a5-journal-for-office-school\/#primaryimage\",\"url\":\"https:\/\/www.colorflyprinting.com\/wp-content\/uploads\/2025\/09\/He1a7ab3957714feba4d424d10c7cb158N-300x300_\u526f\u672c-1.jpg\",\"contentUrl\":\"https:\/\/www.colorflyprinting.com\/wp-content\/uploads\/2025\/09\/He1a7ab3957714feba4d424d10c7cb158N-300x300_\u526f\u672c-1.jpg\",\"width\":800,\"height\":800},{\"@type\":\"BreadcrumbList\",\"@id\":\"https:\/\/www.colorflyprinting.com\/product\/arabic-line-hardcover-notebook-custom-a5-journal-for-office-school\/#breadcrumb\",\"itemListElement\":[{\"@type\":\"ListItem\",\"position\":1,\"name\":\"Home\",\"item\":\"https:\/\/www.colorflyprinting.com\/\"},{\"@type\":\"ListItem\",\"position\":2,\"name\":\"Product\",\"item\":\"https:\/\/www.colorflyprinting.com\/shop\/\"},{\"@type\":\"ListItem\",\"position\":3,\"name\":\"Arabic Line Hardcover Notebook &#8211; Custom A5 Journal for Office &#038; School\"}]},{\"@type\":\"WebSite\",\"@id\":\"https:\/\/www.colorflyprinting.com\/#website\",\"url\":\"https:\/\/www.colorflyprinting.com\/\",\"name\":\"Hefei Colorfly Stationery Co.,Ltd.\",\"description\":\"\",\"publisher\":{\"@id\":\"https:\/\/www.colorflyprinting.com\/#organization\"},\"potentialAction\":[{\"@type\":\"SearchAction\",\"target\":{\"@type\":\"EntryPoint\",\"urlTemplate\":\"https:\/\/www.colorflyprinting.com\/?s={search_term_string}\"},\"query-input\":{\"@type\":\"PropertyValueSpecification\",\"valueRequired\":true,\"valueName\":\"search_term_string\"}}],\"inLanguage\":\"pt-PT\"},{\"@type\":\"Organization\",\"@id\":\"https:\/\/www.colorflyprinting.com\/#organization\",\"name\":\"Hefei Colorfly Stationery Co.,Ltd.\",\"url\":\"https:\/\/www.colorflyprinting.com\/\",\"logo\":{\"@type\":\"ImageObject\",\"inLanguage\":\"pt-PT\",\"@id\":\"https:\/\/www.colorflyprinting.com\/#\/schema\/logo\/image\/\",\"url\":\"https:\/\/www.colorflyprinting.com\/wp-content\/uploads\/2025\/04\/d167665f943610681229e2f4307b9df.jpg\",\"contentUrl\":\"https:\/\/www.colorflyprinting.com\/wp-content\/uploads\/2025\/04\/d167665f943610681229e2f4307b9df.jpg\",\"width\":780,\"height\":780,\"caption\":\"Hefei Colorfly Stationery Co.,Ltd.\"},\"image\":{\"@id\":\"https:\/\/www.colorflyprinting.com\/#\/schema\/logo\/image\/\"}}]}<\/script>\n<!-- \/ Yoast SEO Premium plugin. -->","yoast_head_json":{"title":"Arabic Line Hardcover Notebook - Custom Sizes & Logo Printing","description":"Arabic Line Hardcover Notebook for schools & businesses. Custom sizes, covers & logos. Low MOQ from 30,000pcs. Free samples. Request a quote now!","robots":{"index":"index","follow":"follow","max-snippet":"max-snippet:-1","max-image-preview":"max-image-preview:large","max-video-preview":"max-video-preview:-1"},"canonical":"https:\/\/www.colorflyprinting.com\/pt\/produto\/arabic-line-hardcover-notebook-custom-a5-journal-for-office-school\/","og_locale":"pt_PT","og_type":"article","og_title":"Arabic Line Hardcover Notebook - Custom A5 Journal for Office & School","og_description":"Arabic Line Hardcover Notebook for schools & businesses. Custom sizes, covers & logos. Low MOQ from 30,000pcs. Free samples. Request a quote now!","og_url":"https:\/\/www.colorflyprinting.com\/pt\/produto\/arabic-line-hardcover-notebook-custom-a5-journal-for-office-school\/","og_site_name":"colorflyprinting","article_modified_time":"2025-10-28T09:17:16+00:00","og_image":[{"width":800,"height":800,"url":"https:\/\/www.colorflyprinting.com\/wp-content\/uploads\/2025\/09\/He1a7ab3957714feba4d424d10c7cb158N-300x300_\u526f\u672c-1.jpg","type":"image\/jpeg"}],"twitter_card":"summary_large_image","schema":{"@context":"https:\/\/schema.org","@graph":[{"@type":"WebPage","@id":"https:\/\/www.colorflyprinting.com\/product\/arabic-line-hardcover-notebook-custom-a5-journal-for-office-school\/","url":"https:\/\/www.colorflyprinting.com\/product\/arabic-line-hardcover-notebook-custom-a5-journal-for-office-school\/","name":"Arabic Line Hardcover Notebook - Custom Sizes & Logo Printing","isPartOf":{"@id":"https:\/\/www.colorflyprinting.com\/#website"},"primaryImageOfPage":{"@id":"https:\/\/www.colorflyprinting.com\/product\/arabic-line-hardcover-notebook-custom-a5-journal-for-office-school\/#primaryimage"},"image":{"@id":"https:\/\/www.colorflyprinting.com\/product\/arabic-line-hardcover-notebook-custom-a5-journal-for-office-school\/#primaryimage"},"thumbnailUrl":"https:\/\/www.colorflyprinting.com\/wp-content\/uploads\/2025\/09\/He1a7ab3957714feba4d424d10c7cb158N-300x300_\u526f\u672c-1.jpg","datePublished":"2025-09-12T02:00:48+00:00","dateModified":"2025-10-28T09:17:16+00:00","description":"Arabic Line Hardcover Notebook for schools & businesses. Custom sizes, covers & logos. Low MOQ from 30,000pcs. Free samples. Request a quote now!","breadcrumb":{"@id":"https:\/\/www.colorflyprinting.com\/product\/arabic-line-hardcover-notebook-custom-a5-journal-for-office-school\/#breadcrumb"},"inLanguage":"pt-PT","potentialAction":[{"@type":"ReadAction","target":["https:\/\/www.colorflyprinting.com\/product\/arabic-line-hardcover-notebook-custom-a5-journal-for-office-school\/"]}]},{"@type":"ImageObject","inLanguage":"pt-PT","@id":"https:\/\/www.colorflyprinting.com\/product\/arabic-line-hardcover-notebook-custom-a5-journal-for-office-school\/#primaryimage","url":"https:\/\/www.colorflyprinting.com\/wp-content\/uploads\/2025\/09\/He1a7ab3957714feba4d424d10c7cb158N-300x300_\u526f\u672c-1.jpg","contentUrl":"https:\/\/www.colorflyprinting.com\/wp-content\/uploads\/2025\/09\/He1a7ab3957714feba4d424d10c7cb158N-300x300_\u526f\u672c-1.jpg","width":800,"height":800},{"@type":"BreadcrumbList","@id":"https:\/\/www.colorflyprinting.com\/product\/arabic-line-hardcover-notebook-custom-a5-journal-for-office-school\/#breadcrumb","itemListElement":[{"@type":"ListItem","position":1,"name":"Home","item":"https:\/\/www.colorflyprinting.com\/"},{"@type":"ListItem","position":2,"name":"Product","item":"https:\/\/www.colorflyprinting.com\/shop\/"},{"@type":"ListItem","position":3,"name":"Arabic Line Hardcover Notebook &#8211; Custom A5 Journal for Office &#038; School"}]},{"@type":"WebSite","@id":"https:\/\/www.colorflyprinting.com\/#website","url":"https:\/\/www.colorflyprinting.com\/","name":"Hefei Colorfly Stationery Co.,Ltd.","description":"","publisher":{"@id":"https:\/\/www.colorflyprinting.com\/#organization"},"potentialAction":[{"@type":"SearchAction","target":{"@type":"EntryPoint","urlTemplate":"https:\/\/www.colorflyprinting.com\/?s={search_term_string}"},"query-input":{"@type":"PropertyValueSpecification","valueRequired":true,"valueName":"search_term_string"}}],"inLanguage":"pt-PT"},{"@type":"Organization","@id":"https:\/\/www.colorflyprinting.com\/#organization","name":"Hefei Colorfly Stationery Co.,Ltd.","url":"https:\/\/www.colorflyprinting.com\/","logo":{"@type":"ImageObject","inLanguage":"pt-PT","@id":"https:\/\/www.colorflyprinting.com\/#\/schema\/logo\/image\/","url":"https:\/\/www.colorflyprinting.com\/wp-content\/uploads\/2025\/04\/d167665f943610681229e2f4307b9df.jpg","contentUrl":"https:\/\/www.colorflyprinting.com\/wp-content\/uploads\/2025\/04\/d167665f943610681229e2f4307b9df.jpg","width":780,"height":780,"caption":"Hefei Colorfly Stationery Co.,Ltd."},"image":{"@id":"https:\/\/www.colorflyprinting.com\/#\/schema\/logo\/image\/"}}]}},"_links":{"self":[{"href":"https:\/\/www.colorflyprinting.com\/pt\/wp-json\/wp\/v2\/product\/18688","targetHints":{"allow":["GET"]}}],"collection":[{"href":"https:\/\/www.colorflyprinting.com\/pt\/wp-json\/wp\/v2\/product"}],"about":[{"href":"https:\/\/www.colorflyprinting.com\/pt\/wp-json\/wp\/v2\/types\/product"}],"replies":[{"embeddable":true,"href":"https:\/\/www.colorflyprinting.com\/pt\/wp-json\/wp\/v2\/comments?post=18688"}],"wp:featuredmedia":[{"embeddable":true,"href":"https:\/\/www.colorflyprinting.com\/pt\/wp-json\/wp\/v2\/media\/19016"}],"wp:attachment":[{"href":"https:\/\/www.colorflyprinting.com\/pt\/wp-json\/wp\/v2\/media?parent=18688"}],"wp:term":[{"taxonomy":"product_brand","embeddable":true,"href":"https:\/\/www.colorflyprinting.com\/pt\/wp-json\/wp\/v2\/product_brand?post=18688"},{"taxonomy":"product_cat","embeddable":true,"href":"https:\/\/www.colorflyprinting.com\/pt\/wp-json\/wp\/v2\/product_cat?post=18688"},{"taxonomy":"product_tag","embeddable":true,"href":"https:\/\/www.colorflyprinting.com\/pt\/wp-json\/wp\/v2\/product_tag?post=18688"}],"curies":[{"name":"wp","href":"https:\/\/api.w.org\/{rel}","templated":true}]}}