{"id":18616,"date":"2025-09-10T09:00:54","date_gmt":"2025-09-10T09:00:54","guid":{"rendered":"https:\/\/www.colorflyprinting.com\/?post_type=product&#038;p=18616"},"modified":"2025-11-07T06:59:43","modified_gmt":"2025-11-07T06:59:43","slug":"customizable-inspirational-notebooks-personalized-wedding-planner-fitness-gratitude-journal-collection","status":"publish","type":"product","link":"https:\/\/www.colorflyprinting.com\/pt\/produto\/customizable-inspirational-notebooks-personalized-wedding-planner-fitness-gratitude-journal-collection\/","title":{"rendered":"Customizable Inspirational Notebooks \u2013 Wedding, Fitness &#038; Gratitude Journal"},"content":{"rendered":"<div class=\"J_module\">\n<h3 id=\"ali-anchor-AliMagic-2kgli0\" class=\"magic-0\" data-section=\"AliMagic-2kgli0\" data-section-title=\"Product Description\" data-spm-anchor-id=\"a2700.details-description.0.i0.7dbepAdXpAdX22\">Descri\u00e7\u00e3o do produto<\/h3>\n<\/div>\n<div class=\"J_module\">\n<div class=\"ife-detail-decorate-table\">\n<table class=\"has-title hight-light-first-column all magic-5\">\n<tbody>\n<tr>\n<td colspan=\"1\" rowspan=\"1\">\n<div class=\"magic-6\">Nome do produto<\/div>\n<\/td>\n<td colspan=\"5\" rowspan=\"1\">\n<div class=\"magic-7\">\n<div data-spm-anchor-id=\"0.0.0.i3.59844f05Z16MVb\">Hardcover customize printing customized a5 pu leather hard cover journals custom logo planners and notebook with logo<\/div>\n<\/div>\n<\/td>\n<\/tr>\n<tr>\n<td colspan=\"1\" rowspan=\"1\">\n<div class=\"magic-6\">P\u00e1ginas<\/div>\n<\/td>\n<td colspan=\"5\" rowspan=\"1\">\n<div class=\"magic-7\">\n<div data-spm-anchor-id=\"0.0.0.i13.59844f05Z16MVb\">\u00a0100 sheets(=200 pages) \/ customized<\/div>\n<\/div>\n<\/td>\n<\/tr>\n<tr>\n<td colspan=\"1\" rowspan=\"1\">\n<div class=\"magic-6\">\u00a0Tamanho<\/div>\n<\/td>\n<td colspan=\"5\" rowspan=\"1\">\n<div class=\"magic-7\">\u00a0A5 21.5*14.7cm(=8.46in*5.78in) or customized size<\/div>\n<\/td>\n<\/tr>\n<tr>\n<td colspan=\"1\" rowspan=\"1\">\n<div class=\"magic-6\">Material de capa<\/div>\n<\/td>\n<td colspan=\"5\" rowspan=\"1\">\n<div class=\"magic-7\">\u00a0 Hardcover &amp; PU Leather<\/div>\n<\/td>\n<\/tr>\n<tr>\n<td colspan=\"1\" rowspan=\"1\">\n<div class=\"magic-6\">Design de capa<\/div>\n<\/td>\n<td colspan=\"5\" rowspan=\"1\">\n<div class=\"magic-12\">Accept your logo and\u00a0 multiple colors<\/div>\n<\/td>\n<\/tr>\n<tr>\n<td colspan=\"1\" rowspan=\"1\">\n<div class=\"magic-6\">Impresso por dentro<\/div>\n<\/td>\n<td colspan=\"5\" rowspan=\"1\">\n<div class=\"magic-12\"><b data-spm-anchor-id=\"a2700.pc-decorate.0.i11.753d3333ZB03mk\">\u00a0Dotted &amp;Lined &amp;Grid &amp; Blank &amp; Customized<\/b><\/div>\n<\/td>\n<\/tr>\n<tr>\n<td colspan=\"1\" rowspan=\"1\">\n<div class=\"magic-6\">Artwork:<\/div>\n<\/td>\n<td colspan=\"5\" rowspan=\"1\">\n<div class=\"magic-12\">Customized\u00a0 acceptable<b>\u00a0<\/b><\/div>\n<\/td>\n<\/tr>\n<tr>\n<td colspan=\"1\" rowspan=\"1\">\n<div class=\"magic-6\">Uso<\/div>\n<\/td>\n<td colspan=\"5\" rowspan=\"1\">\n<div class=\"magic-12\">Escola \/ Escrit\u00f3rio \/ Presente<\/div>\n<\/td>\n<\/tr>\n<tr>\n<td colspan=\"1\" rowspan=\"1\">\n<div class=\"magic-6\">Embalagem<\/div>\n<\/td>\n<td colspan=\"5\" rowspan=\"1\">\n<div class=\"magic-12\">\u00a0 1pc\/opp bag<\/div>\n<\/td>\n<\/tr>\n<tr>\n<td colspan=\"1\" rowspan=\"1\">\n<div class=\"magic-6\">C\u00f3digo SH<\/div>\n<\/td>\n<td colspan=\"5\" rowspan=\"1\">\n<div class=\"magic-12\">\n<div class=\"magic-17\" data-spm-anchor-id=\"0.0.0.i72.59844f058KU4GW\">Eco-Friendly Paper<\/div>\n<\/div>\n<\/td>\n<\/tr>\n<tr>\n<td colspan=\"1\" rowspan=\"1\">\n<div class=\"magic-6\">Tempo de Sameple<\/div>\n<\/td>\n<td colspan=\"5\" rowspan=\"1\">\n<div class=\"magic-12\">Sample will sent to you just one day after confrim the specifications<\/div>\n<\/td>\n<\/tr>\n<tr>\n<td colspan=\"1\" rowspan=\"1\">\n<div class=\"magic-6\">Logotipo<\/div>\n<\/td>\n<td colspan=\"5\" rowspan=\"1\">\n<div class=\"magic-12\">UV Coating , Silver Foil, Spot UV , Embossing , Coating,etc.<\/div>\n<\/td>\n<\/tr>\n<tr>\n<td colspan=\"1\" rowspan=\"1\">\n<div class=\"magic-6\">Detalhes da entrega<\/div>\n<\/td>\n<td colspan=\"5\" rowspan=\"1\">\n<div class=\"magic-12\">Around 15 days after received your deposit.<\/div>\n<\/td>\n<\/tr>\n<\/tbody>\n<\/table>\n<\/div>\n<\/div>\n<div class=\"J_module\">\n<div class=\"detail-decorate-json-renderer-container\">\n<div class=\"magic-20\">\n<div class=\"magic-21\">\n<div class=\"magic-22\">\n<div class=\"magic-23\">\n<p><b><\/b><b>OBSERVA\u00c7\u00c3O<\/b>:Somos um fabricante profissional de cadernos e livros de exerc\u00edcios.<\/p>\n<div data-spm-anchor-id=\"a2700.details-description.0.i1.7dbepAdXpAdX22\">Aqui est\u00e1 uma gama completa de cadernos para voc\u00ea escolher.<br \/>\n<b>Aceitamos personaliza\u00e7\u00e3o de todas as especifica\u00e7\u00f5es acima.<\/b><\/div>\n<\/div>\n<\/div>\n<\/div>\n<\/div>\n<\/div>\n<\/div>","protected":false},"excerpt":{"rendered":"<p>Custom A5 PU Leather Hardcover Journals &#8211; personalized with your logo and choice of dotted, lined, grid, or blank inner pages. Ideal for corporate gifts, promotional use, or daily planning. Features lay-flat binding, eco-friendly paper, and premium PU leather cover. Low MOQ, free sample available. Perfect for brands, events, and thoughtful gifting.<\/p>","protected":false},"featured_media":18619,"comment_status":"open","ping_status":"closed","template":"","meta":[],"product_brand":[],"product_cat":[449],"product_tag":[809,178],"class_list":{"0":"post-18616","1":"product","2":"type-product","3":"status-publish","4":"has-post-thumbnail","6":"product_cat-hardcover-notebook","7":"product_tag-custom-a5-pu-leather-notebook","8":"product_tag-notebook","10":"first","11":"instock","12":"shipping-taxable","13":"product-type-simple"},"yoast_head":"<!-- This site is optimized with the Yoast SEO Premium plugin v23.9 (Yoast SEO v25.2) - https:\/\/yoast.com\/wordpress\/plugins\/seo\/ -->\n<title>Custom A5 PU Leather Notebook | Personalized Journal with Logo<\/title>\n<meta name=\"description\" content=\"Custom A5 PU Leather Notebook for branding &amp; gifts. Lined, dotted or blank inner pages. Logo printing &amp; low MOQ. Free samples. Get a quote now!\" \/>\n<meta name=\"robots\" content=\"index, follow, max-snippet:-1, max-image-preview:large, max-video-preview:-1\" \/>\n<link rel=\"canonical\" href=\"https:\/\/www.colorflyprinting.com\/pt\/produto\/customizable-inspirational-notebooks-personalized-wedding-planner-fitness-gratitude-journal-collection\/\" \/>\n<meta property=\"og:locale\" content=\"pt_PT\" \/>\n<meta property=\"og:type\" content=\"article\" \/>\n<meta property=\"og:title\" content=\"Customizable Inspirational Notebooks \u2013 Wedding, Fitness &amp; Gratitude Journal\" \/>\n<meta property=\"og:description\" content=\"Custom A5 PU Leather Notebook for branding &amp; gifts. Lined, dotted or blank inner pages. Logo printing &amp; low MOQ. Free samples. Get a quote now!\" \/>\n<meta property=\"og:url\" content=\"https:\/\/www.colorflyprinting.com\/pt\/produto\/customizable-inspirational-notebooks-personalized-wedding-planner-fitness-gratitude-journal-collection\/\" \/>\n<meta property=\"og:site_name\" content=\"colorflyprinting\" \/>\n<meta property=\"article:modified_time\" content=\"2025-11-07T06:59:43+00:00\" \/>\n<meta property=\"og:image\" content=\"https:\/\/www.colorflyprinting.com\/wp-content\/uploads\/2025\/09\/H875ee51c210c4724af0ea2be3c3aa2afE.jpg\" \/>\n\t<meta property=\"og:image:width\" content=\"750\" \/>\n\t<meta property=\"og:image:height\" content=\"750\" \/>\n\t<meta property=\"og:image:type\" content=\"image\/jpeg\" \/>\n<meta name=\"twitter:card\" content=\"summary_large_image\" \/>\n<meta name=\"twitter:label1\" content=\"Tempo estimado de leitura\" \/>\n\t<meta name=\"twitter:data1\" content=\"1 minuto\" \/>\n<script type=\"application\/ld+json\" class=\"yoast-schema-graph\">{\"@context\":\"https:\/\/schema.org\",\"@graph\":[{\"@type\":\"WebPage\",\"@id\":\"https:\/\/www.colorflyprinting.com\/product\/customizable-inspirational-notebooks-personalized-wedding-planner-fitness-gratitude-journal-collection\/\",\"url\":\"https:\/\/www.colorflyprinting.com\/product\/customizable-inspirational-notebooks-personalized-wedding-planner-fitness-gratitude-journal-collection\/\",\"name\":\"Custom A5 PU Leather Notebook | Personalized Journal with Logo\",\"isPartOf\":{\"@id\":\"https:\/\/www.colorflyprinting.com\/#website\"},\"primaryImageOfPage\":{\"@id\":\"https:\/\/www.colorflyprinting.com\/product\/customizable-inspirational-notebooks-personalized-wedding-planner-fitness-gratitude-journal-collection\/#primaryimage\"},\"image\":{\"@id\":\"https:\/\/www.colorflyprinting.com\/product\/customizable-inspirational-notebooks-personalized-wedding-planner-fitness-gratitude-journal-collection\/#primaryimage\"},\"thumbnailUrl\":\"https:\/\/www.colorflyprinting.com\/wp-content\/uploads\/2025\/09\/H875ee51c210c4724af0ea2be3c3aa2afE.jpg\",\"datePublished\":\"2025-09-10T09:00:54+00:00\",\"dateModified\":\"2025-11-07T06:59:43+00:00\",\"description\":\"Custom A5 PU Leather Notebook for branding & gifts. Lined, dotted or blank inner pages. Logo printing & low MOQ. Free samples. Get a quote now!\",\"breadcrumb\":{\"@id\":\"https:\/\/www.colorflyprinting.com\/product\/customizable-inspirational-notebooks-personalized-wedding-planner-fitness-gratitude-journal-collection\/#breadcrumb\"},\"inLanguage\":\"pt-PT\",\"potentialAction\":[{\"@type\":\"ReadAction\",\"target\":[\"https:\/\/www.colorflyprinting.com\/product\/customizable-inspirational-notebooks-personalized-wedding-planner-fitness-gratitude-journal-collection\/\"]}]},{\"@type\":\"ImageObject\",\"inLanguage\":\"pt-PT\",\"@id\":\"https:\/\/www.colorflyprinting.com\/product\/customizable-inspirational-notebooks-personalized-wedding-planner-fitness-gratitude-journal-collection\/#primaryimage\",\"url\":\"https:\/\/www.colorflyprinting.com\/wp-content\/uploads\/2025\/09\/H875ee51c210c4724af0ea2be3c3aa2afE.jpg\",\"contentUrl\":\"https:\/\/www.colorflyprinting.com\/wp-content\/uploads\/2025\/09\/H875ee51c210c4724af0ea2be3c3aa2afE.jpg\",\"width\":750,\"height\":750},{\"@type\":\"BreadcrumbList\",\"@id\":\"https:\/\/www.colorflyprinting.com\/product\/customizable-inspirational-notebooks-personalized-wedding-planner-fitness-gratitude-journal-collection\/#breadcrumb\",\"itemListElement\":[{\"@type\":\"ListItem\",\"position\":1,\"name\":\"Home\",\"item\":\"https:\/\/www.colorflyprinting.com\/\"},{\"@type\":\"ListItem\",\"position\":2,\"name\":\"Product\",\"item\":\"https:\/\/www.colorflyprinting.com\/shop\/\"},{\"@type\":\"ListItem\",\"position\":3,\"name\":\"Customizable Inspirational Notebooks \u2013 Wedding, Fitness &#038; Gratitude Journal\"}]},{\"@type\":\"WebSite\",\"@id\":\"https:\/\/www.colorflyprinting.com\/#website\",\"url\":\"https:\/\/www.colorflyprinting.com\/\",\"name\":\"Hefei Colorfly Stationery Co.,Ltd.\",\"description\":\"\",\"publisher\":{\"@id\":\"https:\/\/www.colorflyprinting.com\/#organization\"},\"potentialAction\":[{\"@type\":\"SearchAction\",\"target\":{\"@type\":\"EntryPoint\",\"urlTemplate\":\"https:\/\/www.colorflyprinting.com\/?s={search_term_string}\"},\"query-input\":{\"@type\":\"PropertyValueSpecification\",\"valueRequired\":true,\"valueName\":\"search_term_string\"}}],\"inLanguage\":\"pt-PT\"},{\"@type\":\"Organization\",\"@id\":\"https:\/\/www.colorflyprinting.com\/#organization\",\"name\":\"Hefei Colorfly Stationery Co.,Ltd.\",\"url\":\"https:\/\/www.colorflyprinting.com\/\",\"logo\":{\"@type\":\"ImageObject\",\"inLanguage\":\"pt-PT\",\"@id\":\"https:\/\/www.colorflyprinting.com\/#\/schema\/logo\/image\/\",\"url\":\"https:\/\/www.colorflyprinting.com\/wp-content\/uploads\/2025\/04\/d167665f943610681229e2f4307b9df.jpg\",\"contentUrl\":\"https:\/\/www.colorflyprinting.com\/wp-content\/uploads\/2025\/04\/d167665f943610681229e2f4307b9df.jpg\",\"width\":780,\"height\":780,\"caption\":\"Hefei Colorfly Stationery Co.,Ltd.\"},\"image\":{\"@id\":\"https:\/\/www.colorflyprinting.com\/#\/schema\/logo\/image\/\"}}]}<\/script>\n<!-- \/ Yoast SEO Premium plugin. -->","yoast_head_json":{"title":"Custom A5 PU Leather Notebook | Personalized Journal with Logo","description":"Custom A5 PU Leather Notebook for branding & gifts. Lined, dotted or blank inner pages. Logo printing & low MOQ. Free samples. Get a quote now!","robots":{"index":"index","follow":"follow","max-snippet":"max-snippet:-1","max-image-preview":"max-image-preview:large","max-video-preview":"max-video-preview:-1"},"canonical":"https:\/\/www.colorflyprinting.com\/pt\/produto\/customizable-inspirational-notebooks-personalized-wedding-planner-fitness-gratitude-journal-collection\/","og_locale":"pt_PT","og_type":"article","og_title":"Customizable Inspirational Notebooks \u2013 Wedding, Fitness & Gratitude Journal","og_description":"Custom A5 PU Leather Notebook for branding & gifts. Lined, dotted or blank inner pages. Logo printing & low MOQ. Free samples. Get a quote now!","og_url":"https:\/\/www.colorflyprinting.com\/pt\/produto\/customizable-inspirational-notebooks-personalized-wedding-planner-fitness-gratitude-journal-collection\/","og_site_name":"colorflyprinting","article_modified_time":"2025-11-07T06:59:43+00:00","og_image":[{"width":750,"height":750,"url":"https:\/\/www.colorflyprinting.com\/wp-content\/uploads\/2025\/09\/H875ee51c210c4724af0ea2be3c3aa2afE.jpg","type":"image\/jpeg"}],"twitter_card":"summary_large_image","twitter_misc":{"Tempo estimado de leitura":"1 minuto"},"schema":{"@context":"https:\/\/schema.org","@graph":[{"@type":"WebPage","@id":"https:\/\/www.colorflyprinting.com\/product\/customizable-inspirational-notebooks-personalized-wedding-planner-fitness-gratitude-journal-collection\/","url":"https:\/\/www.colorflyprinting.com\/product\/customizable-inspirational-notebooks-personalized-wedding-planner-fitness-gratitude-journal-collection\/","name":"Custom A5 PU Leather Notebook | Personalized Journal with Logo","isPartOf":{"@id":"https:\/\/www.colorflyprinting.com\/#website"},"primaryImageOfPage":{"@id":"https:\/\/www.colorflyprinting.com\/product\/customizable-inspirational-notebooks-personalized-wedding-planner-fitness-gratitude-journal-collection\/#primaryimage"},"image":{"@id":"https:\/\/www.colorflyprinting.com\/product\/customizable-inspirational-notebooks-personalized-wedding-planner-fitness-gratitude-journal-collection\/#primaryimage"},"thumbnailUrl":"https:\/\/www.colorflyprinting.com\/wp-content\/uploads\/2025\/09\/H875ee51c210c4724af0ea2be3c3aa2afE.jpg","datePublished":"2025-09-10T09:00:54+00:00","dateModified":"2025-11-07T06:59:43+00:00","description":"Custom A5 PU Leather Notebook for branding & gifts. Lined, dotted or blank inner pages. Logo printing & low MOQ. Free samples. Get a quote now!","breadcrumb":{"@id":"https:\/\/www.colorflyprinting.com\/product\/customizable-inspirational-notebooks-personalized-wedding-planner-fitness-gratitude-journal-collection\/#breadcrumb"},"inLanguage":"pt-PT","potentialAction":[{"@type":"ReadAction","target":["https:\/\/www.colorflyprinting.com\/product\/customizable-inspirational-notebooks-personalized-wedding-planner-fitness-gratitude-journal-collection\/"]}]},{"@type":"ImageObject","inLanguage":"pt-PT","@id":"https:\/\/www.colorflyprinting.com\/product\/customizable-inspirational-notebooks-personalized-wedding-planner-fitness-gratitude-journal-collection\/#primaryimage","url":"https:\/\/www.colorflyprinting.com\/wp-content\/uploads\/2025\/09\/H875ee51c210c4724af0ea2be3c3aa2afE.jpg","contentUrl":"https:\/\/www.colorflyprinting.com\/wp-content\/uploads\/2025\/09\/H875ee51c210c4724af0ea2be3c3aa2afE.jpg","width":750,"height":750},{"@type":"BreadcrumbList","@id":"https:\/\/www.colorflyprinting.com\/product\/customizable-inspirational-notebooks-personalized-wedding-planner-fitness-gratitude-journal-collection\/#breadcrumb","itemListElement":[{"@type":"ListItem","position":1,"name":"Home","item":"https:\/\/www.colorflyprinting.com\/"},{"@type":"ListItem","position":2,"name":"Product","item":"https:\/\/www.colorflyprinting.com\/shop\/"},{"@type":"ListItem","position":3,"name":"Customizable Inspirational Notebooks \u2013 Wedding, Fitness &#038; Gratitude Journal"}]},{"@type":"WebSite","@id":"https:\/\/www.colorflyprinting.com\/#website","url":"https:\/\/www.colorflyprinting.com\/","name":"Hefei Colorfly Stationery Co.,Ltd.","description":"","publisher":{"@id":"https:\/\/www.colorflyprinting.com\/#organization"},"potentialAction":[{"@type":"SearchAction","target":{"@type":"EntryPoint","urlTemplate":"https:\/\/www.colorflyprinting.com\/?s={search_term_string}"},"query-input":{"@type":"PropertyValueSpecification","valueRequired":true,"valueName":"search_term_string"}}],"inLanguage":"pt-PT"},{"@type":"Organization","@id":"https:\/\/www.colorflyprinting.com\/#organization","name":"Hefei Colorfly Stationery Co.,Ltd.","url":"https:\/\/www.colorflyprinting.com\/","logo":{"@type":"ImageObject","inLanguage":"pt-PT","@id":"https:\/\/www.colorflyprinting.com\/#\/schema\/logo\/image\/","url":"https:\/\/www.colorflyprinting.com\/wp-content\/uploads\/2025\/04\/d167665f943610681229e2f4307b9df.jpg","contentUrl":"https:\/\/www.colorflyprinting.com\/wp-content\/uploads\/2025\/04\/d167665f943610681229e2f4307b9df.jpg","width":780,"height":780,"caption":"Hefei Colorfly Stationery Co.,Ltd."},"image":{"@id":"https:\/\/www.colorflyprinting.com\/#\/schema\/logo\/image\/"}}]}},"_links":{"self":[{"href":"https:\/\/www.colorflyprinting.com\/pt\/wp-json\/wp\/v2\/product\/18616","targetHints":{"allow":["GET"]}}],"collection":[{"href":"https:\/\/www.colorflyprinting.com\/pt\/wp-json\/wp\/v2\/product"}],"about":[{"href":"https:\/\/www.colorflyprinting.com\/pt\/wp-json\/wp\/v2\/types\/product"}],"replies":[{"embeddable":true,"href":"https:\/\/www.colorflyprinting.com\/pt\/wp-json\/wp\/v2\/comments?post=18616"}],"wp:featuredmedia":[{"embeddable":true,"href":"https:\/\/www.colorflyprinting.com\/pt\/wp-json\/wp\/v2\/media\/18619"}],"wp:attachment":[{"href":"https:\/\/www.colorflyprinting.com\/pt\/wp-json\/wp\/v2\/media?parent=18616"}],"wp:term":[{"taxonomy":"product_brand","embeddable":true,"href":"https:\/\/www.colorflyprinting.com\/pt\/wp-json\/wp\/v2\/product_brand?post=18616"},{"taxonomy":"product_cat","embeddable":true,"href":"https:\/\/www.colorflyprinting.com\/pt\/wp-json\/wp\/v2\/product_cat?post=18616"},{"taxonomy":"product_tag","embeddable":true,"href":"https:\/\/www.colorflyprinting.com\/pt\/wp-json\/wp\/v2\/product_tag?post=18616"}],"curies":[{"name":"wp","href":"https:\/\/api.w.org\/{rel}","templated":true}]}}