{"id":16489,"date":"2025-05-27T09:38:08","date_gmt":"2025-05-27T09:38:08","guid":{"rendered":"https:\/\/www.colorflyprinting.com\/?post_type=product&#038;p=16489"},"modified":"2025-12-02T05:59:08","modified_gmt":"2025-12-02T05:59:08","slug":"bulk-a5-a6-pu-leather-cover-journal-custom-printing-notebook-hardcover","status":"publish","type":"product","link":"https:\/\/www.colorflyprinting.com\/pt\/produto\/bulk-a5-a6-pu-leather-cover-journal-custom-printing-notebook-hardcover\/","title":{"rendered":"Caderno de capa de couro sint\u00e9tico A5 A6 a granel, impress\u00e3o personalizada, capa dura"},"content":{"rendered":"<table class=\"has-title hight-light-first-column all magic-5\">\n<tbody>\n<tr>\n<td colspan=\"1\" rowspan=\"1\">\n<div class=\"magic-6\" data-spm-anchor-id=\"a2700.details-description.0.i0.3833XrIwXrIwCe\">Nome do produto<\/div>\n<\/td>\n<td colspan=\"5\" rowspan=\"1\">\n<div class=\"magic-7\">\n<div data-spm-anchor-id=\"0.0.0.i3.59844f05Z16MVb\">Hardcover customize printing customized a5 pu leather hard cover journals custom logo planners and notebook with logo<\/div>\n<\/div>\n<\/td>\n<\/tr>\n<tr>\n<td colspan=\"1\" rowspan=\"1\">\n<div class=\"magic-6\">P\u00e1ginas<\/div>\n<\/td>\n<td colspan=\"5\" rowspan=\"1\">\n<div class=\"magic-7\">\n<div data-spm-anchor-id=\"0.0.0.i13.59844f05Z16MVb\">\u00a0100 sheets(=200 pages) \/ customized<\/div>\n<\/div>\n<\/td>\n<\/tr>\n<tr>\n<td colspan=\"1\" rowspan=\"1\">\n<div class=\"magic-6\">\u00a0Tamanho<\/div>\n<\/td>\n<td colspan=\"5\" rowspan=\"1\">\n<div class=\"magic-7\">\u00a0A5 21.5*14.7cm(=8.46in*5.78in) or customized size<\/div>\n<\/td>\n<\/tr>\n<tr>\n<td colspan=\"1\" rowspan=\"1\">\n<div class=\"magic-6\">Material de capa<\/div>\n<\/td>\n<td colspan=\"5\" rowspan=\"1\">\n<div class=\"magic-7\">\u00a0 Hardcover &amp; PU Leather<\/div>\n<\/td>\n<\/tr>\n<tr>\n<td colspan=\"1\" rowspan=\"1\">\n<div class=\"magic-6\">Design de capa<\/div>\n<\/td>\n<td colspan=\"5\" rowspan=\"1\">\n<div class=\"magic-12\">Accept your logo and\u00a0 multiple colors<\/div>\n<\/td>\n<\/tr>\n<tr>\n<td colspan=\"1\" rowspan=\"1\">\n<div class=\"magic-6\">Impresso por dentro<\/div>\n<\/td>\n<td colspan=\"5\" rowspan=\"1\">\n<div class=\"magic-12\"><b data-spm-anchor-id=\"a2700.pc-decorate.0.i11.753d3333ZB03mk\">\u00a0Dotted &amp;Lined &amp;Grid &amp; Blank &amp; Customized<\/b><\/div>\n<\/td>\n<\/tr>\n<tr>\n<td colspan=\"1\" rowspan=\"1\">\n<div class=\"magic-6\">Artwork:<\/div>\n<\/td>\n<td colspan=\"5\" rowspan=\"1\">\n<div class=\"magic-12\">Customized\u00a0 acceptable<b>\u00a0<\/b><\/div>\n<\/td>\n<\/tr>\n<tr>\n<td colspan=\"1\" rowspan=\"1\">\n<div class=\"magic-6\">Uso<\/div>\n<\/td>\n<td colspan=\"5\" rowspan=\"1\">\n<div class=\"magic-12\">Escola \/ Escrit\u00f3rio \/ Presente<\/div>\n<\/td>\n<\/tr>\n<tr>\n<td colspan=\"1\" rowspan=\"1\">\n<div class=\"magic-6\">Embalagem<\/div>\n<\/td>\n<td colspan=\"5\" rowspan=\"1\">\n<div class=\"magic-12\">\u00a0 1pc\/opp bag<\/div>\n<\/td>\n<\/tr>\n<tr>\n<td colspan=\"1\" rowspan=\"1\">\n<div class=\"magic-6\">C\u00f3digo SH<\/div>\n<\/td>\n<td colspan=\"5\" rowspan=\"1\">\n<div class=\"magic-12\">\n<div class=\"magic-17\" data-spm-anchor-id=\"0.0.0.i72.59844f058KU4GW\">Eco-Friendly Paper<\/div>\n<\/div>\n<\/td>\n<\/tr>\n<tr>\n<td colspan=\"1\" rowspan=\"1\">\n<div class=\"magic-6\">Tempo de Sameple<\/div>\n<\/td>\n<td colspan=\"5\" rowspan=\"1\">\n<div class=\"magic-12\">Sample will sent to you just one day after confrim the specifications<\/div>\n<\/td>\n<\/tr>\n<tr>\n<td colspan=\"1\" rowspan=\"1\">\n<div class=\"magic-6\">Logotipo<\/div>\n<\/td>\n<td colspan=\"5\" rowspan=\"1\">\n<div class=\"magic-12\">UV Coating , Silver Foil, Spot UV , Embossing , Coating,etc.<\/div>\n<\/td>\n<\/tr>\n<tr>\n<td colspan=\"1\" rowspan=\"1\">\n<div class=\"magic-6\">Detalhes da entrega<\/div>\n<\/td>\n<td colspan=\"5\" rowspan=\"1\">\n<div class=\"magic-12\">Around 15 days after received your deposit.<\/div>\n<\/td>\n<\/tr>\n<\/tbody>\n<\/table>","protected":false},"excerpt":{"rendered":"<p>Este caderno vintage com capa de couro sint\u00e9tico e fich\u00e1rio de argolas foi projetado para durabilidade e eleg\u00e2ncia. Dispon\u00edvel nos tamanhos A5 e A6, apresenta um design de folhas soltas recarreg\u00e1veis que permite atualiza\u00e7\u00f5es flex\u00edveis de conte\u00fado. O acabamento em couro sint\u00e9tico confere-lhe um visual profissional e sofisticado, ideal para reuni\u00f5es de neg\u00f3cios, agendas, di\u00e1rios ou presentes para clientes. Cada caderno suporta impress\u00e3o de logotipo personalizado, tornando-o uma op\u00e7\u00e3o perfeita para papelaria de marca. Seja voc\u00ea um varejista, comprador corporativo ou organizador de eventos, este caderno de capa dura oferece funcionalidade e estilo em grandes volumes. Com layouts e designs de capa personaliz\u00e1veis, ele \u00e9 feito sob medida para se adequar \u00e0 imagem \u00fanica da sua marca e ao seu cen\u00e1rio de uso.<\/p>\n<ul>\n<li><strong>Fornecedor:<\/strong> Impress\u00e3o colorida<\/li>\n<li><strong data-start=\"538\" data-end=\"547\">Tamanho:<\/strong> A5<\/li>\n<li><strong data-start=\"567\" data-end=\"586\">Material da capa:<\/strong> Couro, Tecido<\/li>\n<li><strong data-start=\"637\" data-end=\"647\">P\u00e1ginas:<\/strong> 200 p\u00e1ginas (personaliz\u00e1veis)<\/li>\n<li><strong data-start=\"689\" data-end=\"705\">Papel interno:<\/strong> Papel sem madeira de 55\u201370 g\/m\u00b2, pauta simples ou dupla<\/li>\n<li><strong data-start=\"764\" data-end=\"782\">Estilo de encaderna\u00e7\u00e3o:<\/strong> Encaderna\u00e7\u00e3o t\u00e9rmica, costura com linha, encaderna\u00e7\u00e3o com costura<\/li>\n<li><strong data-start=\"826\" data-end=\"839\">Impress\u00e3o:<\/strong> Impress\u00e3o de logotipo personalizado dispon\u00edvel na capa e nas p\u00e1ginas internas<\/li>\n<li><strong data-start=\"897\" data-end=\"911\">Embalagem:<\/strong> Caixas de exporta\u00e7\u00e3o padr\u00e3o ou conforme solicita\u00e7\u00e3o do cliente<\/li>\n<li><strong data-start=\"965\" data-end=\"983\">Personaliza\u00e7\u00e3o:<\/strong> Suporte OEM\/ODM com MOQ flex\u00edvel<\/li>\n<li><strong data-start=\"1022\" data-end=\"1039\">Aplica\u00e7\u00f5es:<\/strong> Adequado para escolas, faculdades, licita\u00e7\u00f5es governamentais, fornecedores educacionais<\/li>\n<\/ul>","protected":false},"featured_media":16491,"comment_status":"open","ping_status":"closed","template":"","meta":[],"product_brand":[],"product_cat":[127],"product_tag":[711,709,710],"class_list":{"0":"post-16489","1":"product","2":"type-product","3":"status-publish","4":"has-post-thumbnail","6":"product_cat-leather-notebook","7":"product_tag-bulk-a5-a6-notebooks","8":"product_tag-custom-printing-notebook-hardcover","9":"product_tag-leather-cover-journal","11":"first","12":"instock","13":"shipping-taxable","14":"product-type-simple"},"yoast_head":"<!-- This site is optimized with the Yoast SEO Premium plugin v23.9 (Yoast SEO v25.2) - https:\/\/yoast.com\/wordpress\/plugins\/seo\/ -->\n<title>Bulk Vintage PU Leather Ring Binder Notebooks A5\/A6 Size<\/title>\n<meta name=\"description\" content=\"Order A5\/A6 vintage PU leather ring binder notebooks in bulk. Loose-leaf, customizable with logo printing. Ideal for business, gifting, or office use.\" \/>\n<meta name=\"robots\" content=\"index, follow, max-snippet:-1, max-image-preview:large, max-video-preview:-1\" \/>\n<link rel=\"canonical\" href=\"https:\/\/www.colorflyprinting.com\/pt\/produto\/bulk-a5-a6-pu-leather-cover-journal-custom-printing-notebook-hardcover\/\" \/>\n<meta property=\"og:locale\" content=\"pt_PT\" \/>\n<meta property=\"og:type\" content=\"article\" \/>\n<meta property=\"og:title\" content=\"Bulk A5 A6 Pu Leather Cover Journal Custom Printing Notebook Hardcover\" \/>\n<meta property=\"og:description\" content=\"Order A5\/A6 vintage PU leather ring binder notebooks in bulk. Loose-leaf, customizable with logo printing. Ideal for business, gifting, or office use.\" \/>\n<meta property=\"og:url\" content=\"https:\/\/www.colorflyprinting.com\/pt\/produto\/bulk-a5-a6-pu-leather-cover-journal-custom-printing-notebook-hardcover\/\" \/>\n<meta property=\"og:site_name\" content=\"colorflyprinting\" \/>\n<meta property=\"article:modified_time\" content=\"2025-12-02T05:59:08+00:00\" \/>\n<meta property=\"og:image\" content=\"https:\/\/www.colorflyprinting.com\/wp-content\/uploads\/2025\/05\/Main-06-17.jpg\" \/>\n\t<meta property=\"og:image:width\" content=\"750\" \/>\n\t<meta property=\"og:image:height\" content=\"750\" \/>\n\t<meta property=\"og:image:type\" content=\"image\/jpeg\" \/>\n<meta name=\"twitter:card\" content=\"summary_large_image\" \/>\n<meta name=\"twitter:label1\" content=\"Tempo estimado de leitura\" \/>\n\t<meta name=\"twitter:data1\" content=\"1 minuto\" \/>\n<script type=\"application\/ld+json\" class=\"yoast-schema-graph\">{\"@context\":\"https:\/\/schema.org\",\"@graph\":[{\"@type\":\"WebPage\",\"@id\":\"https:\/\/www.colorflyprinting.com\/product\/bulk-a5-a6-pu-leather-cover-journal-custom-printing-notebook-hardcover\/\",\"url\":\"https:\/\/www.colorflyprinting.com\/product\/bulk-a5-a6-pu-leather-cover-journal-custom-printing-notebook-hardcover\/\",\"name\":\"Bulk Vintage PU Leather Ring Binder Notebooks A5\/A6 Size\",\"isPartOf\":{\"@id\":\"https:\/\/www.colorflyprinting.com\/#website\"},\"primaryImageOfPage\":{\"@id\":\"https:\/\/www.colorflyprinting.com\/product\/bulk-a5-a6-pu-leather-cover-journal-custom-printing-notebook-hardcover\/#primaryimage\"},\"image\":{\"@id\":\"https:\/\/www.colorflyprinting.com\/product\/bulk-a5-a6-pu-leather-cover-journal-custom-printing-notebook-hardcover\/#primaryimage\"},\"thumbnailUrl\":\"https:\/\/www.colorflyprinting.com\/wp-content\/uploads\/2025\/05\/Main-06-17.jpg\",\"datePublished\":\"2025-05-27T09:38:08+00:00\",\"dateModified\":\"2025-12-02T05:59:08+00:00\",\"description\":\"Order A5\/A6 vintage PU leather ring binder notebooks in bulk. Loose-leaf, customizable with logo printing. Ideal for business, gifting, or office use.\",\"breadcrumb\":{\"@id\":\"https:\/\/www.colorflyprinting.com\/product\/bulk-a5-a6-pu-leather-cover-journal-custom-printing-notebook-hardcover\/#breadcrumb\"},\"inLanguage\":\"pt-PT\",\"potentialAction\":[{\"@type\":\"ReadAction\",\"target\":[\"https:\/\/www.colorflyprinting.com\/product\/bulk-a5-a6-pu-leather-cover-journal-custom-printing-notebook-hardcover\/\"]}]},{\"@type\":\"ImageObject\",\"inLanguage\":\"pt-PT\",\"@id\":\"https:\/\/www.colorflyprinting.com\/product\/bulk-a5-a6-pu-leather-cover-journal-custom-printing-notebook-hardcover\/#primaryimage\",\"url\":\"https:\/\/www.colorflyprinting.com\/wp-content\/uploads\/2025\/05\/Main-06-17.jpg\",\"contentUrl\":\"https:\/\/www.colorflyprinting.com\/wp-content\/uploads\/2025\/05\/Main-06-17.jpg\",\"width\":750,\"height\":750},{\"@type\":\"BreadcrumbList\",\"@id\":\"https:\/\/www.colorflyprinting.com\/product\/bulk-a5-a6-pu-leather-cover-journal-custom-printing-notebook-hardcover\/#breadcrumb\",\"itemListElement\":[{\"@type\":\"ListItem\",\"position\":1,\"name\":\"Home\",\"item\":\"https:\/\/www.colorflyprinting.com\/\"},{\"@type\":\"ListItem\",\"position\":2,\"name\":\"Product\",\"item\":\"https:\/\/www.colorflyprinting.com\/shop\/\"},{\"@type\":\"ListItem\",\"position\":3,\"name\":\"Bulk A5 A6 Pu Leather Cover Journal Custom Printing Notebook Hardcover\"}]},{\"@type\":\"WebSite\",\"@id\":\"https:\/\/www.colorflyprinting.com\/#website\",\"url\":\"https:\/\/www.colorflyprinting.com\/\",\"name\":\"Hefei Colorfly Stationery Co.,Ltd.\",\"description\":\"\",\"publisher\":{\"@id\":\"https:\/\/www.colorflyprinting.com\/#organization\"},\"potentialAction\":[{\"@type\":\"SearchAction\",\"target\":{\"@type\":\"EntryPoint\",\"urlTemplate\":\"https:\/\/www.colorflyprinting.com\/?s={search_term_string}\"},\"query-input\":{\"@type\":\"PropertyValueSpecification\",\"valueRequired\":true,\"valueName\":\"search_term_string\"}}],\"inLanguage\":\"pt-PT\"},{\"@type\":\"Organization\",\"@id\":\"https:\/\/www.colorflyprinting.com\/#organization\",\"name\":\"Hefei Colorfly Stationery Co.,Ltd.\",\"url\":\"https:\/\/www.colorflyprinting.com\/\",\"logo\":{\"@type\":\"ImageObject\",\"inLanguage\":\"pt-PT\",\"@id\":\"https:\/\/www.colorflyprinting.com\/#\/schema\/logo\/image\/\",\"url\":\"https:\/\/www.colorflyprinting.com\/wp-content\/uploads\/2025\/04\/d167665f943610681229e2f4307b9df.jpg\",\"contentUrl\":\"https:\/\/www.colorflyprinting.com\/wp-content\/uploads\/2025\/04\/d167665f943610681229e2f4307b9df.jpg\",\"width\":780,\"height\":780,\"caption\":\"Hefei Colorfly Stationery Co.,Ltd.\"},\"image\":{\"@id\":\"https:\/\/www.colorflyprinting.com\/#\/schema\/logo\/image\/\"}}]}<\/script>\n<!-- \/ Yoast SEO Premium plugin. -->","yoast_head_json":{"title":"Bulk Vintage PU Leather Ring Binder Notebooks A5\/A6 Size","description":"Order A5\/A6 vintage PU leather ring binder notebooks in bulk. Loose-leaf, customizable with logo printing. Ideal for business, gifting, or office use.","robots":{"index":"index","follow":"follow","max-snippet":"max-snippet:-1","max-image-preview":"max-image-preview:large","max-video-preview":"max-video-preview:-1"},"canonical":"https:\/\/www.colorflyprinting.com\/pt\/produto\/bulk-a5-a6-pu-leather-cover-journal-custom-printing-notebook-hardcover\/","og_locale":"pt_PT","og_type":"article","og_title":"Bulk A5 A6 Pu Leather Cover Journal Custom Printing Notebook Hardcover","og_description":"Order A5\/A6 vintage PU leather ring binder notebooks in bulk. Loose-leaf, customizable with logo printing. Ideal for business, gifting, or office use.","og_url":"https:\/\/www.colorflyprinting.com\/pt\/produto\/bulk-a5-a6-pu-leather-cover-journal-custom-printing-notebook-hardcover\/","og_site_name":"colorflyprinting","article_modified_time":"2025-12-02T05:59:08+00:00","og_image":[{"width":750,"height":750,"url":"https:\/\/www.colorflyprinting.com\/wp-content\/uploads\/2025\/05\/Main-06-17.jpg","type":"image\/jpeg"}],"twitter_card":"summary_large_image","twitter_misc":{"Tempo estimado de leitura":"1 minuto"},"schema":{"@context":"https:\/\/schema.org","@graph":[{"@type":"WebPage","@id":"https:\/\/www.colorflyprinting.com\/product\/bulk-a5-a6-pu-leather-cover-journal-custom-printing-notebook-hardcover\/","url":"https:\/\/www.colorflyprinting.com\/product\/bulk-a5-a6-pu-leather-cover-journal-custom-printing-notebook-hardcover\/","name":"Bulk Vintage PU Leather Ring Binder Notebooks A5\/A6 Size","isPartOf":{"@id":"https:\/\/www.colorflyprinting.com\/#website"},"primaryImageOfPage":{"@id":"https:\/\/www.colorflyprinting.com\/product\/bulk-a5-a6-pu-leather-cover-journal-custom-printing-notebook-hardcover\/#primaryimage"},"image":{"@id":"https:\/\/www.colorflyprinting.com\/product\/bulk-a5-a6-pu-leather-cover-journal-custom-printing-notebook-hardcover\/#primaryimage"},"thumbnailUrl":"https:\/\/www.colorflyprinting.com\/wp-content\/uploads\/2025\/05\/Main-06-17.jpg","datePublished":"2025-05-27T09:38:08+00:00","dateModified":"2025-12-02T05:59:08+00:00","description":"Order A5\/A6 vintage PU leather ring binder notebooks in bulk. Loose-leaf, customizable with logo printing. Ideal for business, gifting, or office use.","breadcrumb":{"@id":"https:\/\/www.colorflyprinting.com\/product\/bulk-a5-a6-pu-leather-cover-journal-custom-printing-notebook-hardcover\/#breadcrumb"},"inLanguage":"pt-PT","potentialAction":[{"@type":"ReadAction","target":["https:\/\/www.colorflyprinting.com\/product\/bulk-a5-a6-pu-leather-cover-journal-custom-printing-notebook-hardcover\/"]}]},{"@type":"ImageObject","inLanguage":"pt-PT","@id":"https:\/\/www.colorflyprinting.com\/product\/bulk-a5-a6-pu-leather-cover-journal-custom-printing-notebook-hardcover\/#primaryimage","url":"https:\/\/www.colorflyprinting.com\/wp-content\/uploads\/2025\/05\/Main-06-17.jpg","contentUrl":"https:\/\/www.colorflyprinting.com\/wp-content\/uploads\/2025\/05\/Main-06-17.jpg","width":750,"height":750},{"@type":"BreadcrumbList","@id":"https:\/\/www.colorflyprinting.com\/product\/bulk-a5-a6-pu-leather-cover-journal-custom-printing-notebook-hardcover\/#breadcrumb","itemListElement":[{"@type":"ListItem","position":1,"name":"Home","item":"https:\/\/www.colorflyprinting.com\/"},{"@type":"ListItem","position":2,"name":"Product","item":"https:\/\/www.colorflyprinting.com\/shop\/"},{"@type":"ListItem","position":3,"name":"Bulk A5 A6 Pu Leather Cover Journal Custom Printing Notebook Hardcover"}]},{"@type":"WebSite","@id":"https:\/\/www.colorflyprinting.com\/#website","url":"https:\/\/www.colorflyprinting.com\/","name":"Hefei Colorfly Stationery Co.,Ltd.","description":"","publisher":{"@id":"https:\/\/www.colorflyprinting.com\/#organization"},"potentialAction":[{"@type":"SearchAction","target":{"@type":"EntryPoint","urlTemplate":"https:\/\/www.colorflyprinting.com\/?s={search_term_string}"},"query-input":{"@type":"PropertyValueSpecification","valueRequired":true,"valueName":"search_term_string"}}],"inLanguage":"pt-PT"},{"@type":"Organization","@id":"https:\/\/www.colorflyprinting.com\/#organization","name":"Hefei Colorfly Stationery Co.,Ltd.","url":"https:\/\/www.colorflyprinting.com\/","logo":{"@type":"ImageObject","inLanguage":"pt-PT","@id":"https:\/\/www.colorflyprinting.com\/#\/schema\/logo\/image\/","url":"https:\/\/www.colorflyprinting.com\/wp-content\/uploads\/2025\/04\/d167665f943610681229e2f4307b9df.jpg","contentUrl":"https:\/\/www.colorflyprinting.com\/wp-content\/uploads\/2025\/04\/d167665f943610681229e2f4307b9df.jpg","width":780,"height":780,"caption":"Hefei Colorfly Stationery Co.,Ltd."},"image":{"@id":"https:\/\/www.colorflyprinting.com\/#\/schema\/logo\/image\/"}}]}},"_links":{"self":[{"href":"https:\/\/www.colorflyprinting.com\/pt\/wp-json\/wp\/v2\/product\/16489","targetHints":{"allow":["GET"]}}],"collection":[{"href":"https:\/\/www.colorflyprinting.com\/pt\/wp-json\/wp\/v2\/product"}],"about":[{"href":"https:\/\/www.colorflyprinting.com\/pt\/wp-json\/wp\/v2\/types\/product"}],"replies":[{"embeddable":true,"href":"https:\/\/www.colorflyprinting.com\/pt\/wp-json\/wp\/v2\/comments?post=16489"}],"wp:featuredmedia":[{"embeddable":true,"href":"https:\/\/www.colorflyprinting.com\/pt\/wp-json\/wp\/v2\/media\/16491"}],"wp:attachment":[{"href":"https:\/\/www.colorflyprinting.com\/pt\/wp-json\/wp\/v2\/media?parent=16489"}],"wp:term":[{"taxonomy":"product_brand","embeddable":true,"href":"https:\/\/www.colorflyprinting.com\/pt\/wp-json\/wp\/v2\/product_brand?post=16489"},{"taxonomy":"product_cat","embeddable":true,"href":"https:\/\/www.colorflyprinting.com\/pt\/wp-json\/wp\/v2\/product_cat?post=16489"},{"taxonomy":"product_tag","embeddable":true,"href":"https:\/\/www.colorflyprinting.com\/pt\/wp-json\/wp\/v2\/product_tag?post=16489"}],"curies":[{"name":"wp","href":"https:\/\/api.w.org\/{rel}","templated":true}]}}