{"id":15748,"date":"2025-05-22T07:17:57","date_gmt":"2025-05-22T07:17:57","guid":{"rendered":"https:\/\/www.colorflyprinting.com\/?post_type=product&#038;p=15748"},"modified":"2025-12-02T06:08:24","modified_gmt":"2025-12-02T06:08:24","slug":"a4-2-quire-counter-book-wholesale-custom-school-notebook","status":"publish","type":"product","link":"https:\/\/www.colorflyprinting.com\/pt\/produto\/a4-2-cadernos-de-balcao-atacado-caderno-escolar-personalizado\/","title":{"rendered":"Caderno escolar personalizado A4 2 Quire Counter Book atacado"},"content":{"rendered":"<table class=\"has-title all magic-1\">\n<tbody>\n<tr>\n<td colspan=\"1\" rowspan=\"1\">\n<div class=\"magic-2\"><span class=\"magic-3\" style=\"font-family: Arial;\" data-spm-anchor-id=\"a2700.details-description.0.i0.6864tJ9ytJ9ypq\">Nome do produto<\/span><\/div>\n<\/td>\n<td colspan=\"5\" rowspan=\"1\">\n<div class=\"magic-4\">\n<div data-spm-anchor-id=\"0.0.0.i3.59844f05Z16MVb\">Livro de balc\u00e3o de design personalizado A4\/A5<\/div>\n<\/div>\n<\/td>\n<\/tr>\n<tr>\n<td colspan=\"1\" rowspan=\"1\">\n<div class=\"magic-2\"><span style=\"font-family: Arial;\">Folhas<\/span><\/div>\n<\/td>\n<td colspan=\"5\" rowspan=\"1\">\n<div class=\"magic-4\">\n<div data-spm-anchor-id=\"0.0.0.i13.59844f05Z16MVb\">48\/96\/144\/192 folhas ou personalizadas<\/div>\n<\/div>\n<\/td>\n<\/tr>\n<tr>\n<td colspan=\"1\" rowspan=\"1\">\n<div class=\"magic-2\"><span class=\"magic-3\" style=\"font-family: Arial;\">Vinculativo<\/span><\/div>\n<\/td>\n<td colspan=\"5\" rowspan=\"1\">\n<div class=\"magic-4\">Costurar encaderna\u00e7\u00e3o\/grampear encaderna\u00e7\u00e3o\/colar encaderna\u00e7\u00e3o<\/div>\n<\/td>\n<\/tr>\n<tr>\n<td colspan=\"1\" rowspan=\"1\">\n<div class=\"magic-2\"><span class=\"magic-3\" style=\"font-family: Arial;\">Quantidade m\u00ednima<\/span><\/div>\n<\/td>\n<td colspan=\"5\" rowspan=\"1\">\n<div class=\"magic-4\">Cont\u00eainer de 20 p\u00e9s<\/div>\n<\/td>\n<\/tr>\n<tr>\n<td colspan=\"1\" rowspan=\"1\">\n<div class=\"magic-2\"><span class=\"magic-10\"><span class=\"magic-3\" style=\"font-family: Arial;\">Material de capa\u00a0<\/span><\/span><\/div>\n<\/td>\n<td colspan=\"5\" rowspan=\"1\">\n<div class=\"magic-11\"><span class=\"magic-12\"><span class=\"magic-13\" data-spm-anchor-id=\"0.0.0.i17.659c4f05hpTzMY\"><span class=\"magic-6 magic-13\" data-spm-anchor-id=\"0.0.0.i10.659c4f05hpTzMY\">Papel de arte (papel brilhante)<\/span>\u00a0<\/span><\/span><b class=\"magic-14\" data-spm-anchor-id=\"0.0.0.i2.659c4f05hpTzMY\">\/\u00a0<\/b><span class=\"magic-12\" data-spm-anchor-id=\"0.0.0.i2.659c4f05hpTzMY\">tabuleiro de marfim<\/span><span class=\"magic-15\">\u00a0\/<span data-spm-anchor-id=\"a2700.siteadmin.0.i5.5fb7ac40eucAmy\">\u00a0<\/span><\/span><span class=\"magic-16\" data-spm-anchor-id=\"0.0.0.i11.659c4f05hpTzMY\"><span class=\"magic-17\" data-spm-anchor-id=\"0.0.0.i5.659c4f05Mw08yR\"><span class=\"magic-18\">PP<\/span><\/span><\/span><b class=\"magic-14\" data-spm-anchor-id=\"0.0.0.i12.659c4f05hpTzMY\"><span data-spm-anchor-id=\"a2700.siteadmin.0.i4.5fb7ac40eucAmy\">\u00a0<\/span><\/b><span class=\"magic-15\" data-spm-anchor-id=\"a2700.siteadmin.0.i3.5fb7ac40eucAmy\">\/ Cart\u00e3o cinza de 2 mm<\/span><\/div>\n<\/td>\n<\/tr>\n<tr>\n<td colspan=\"1\" rowspan=\"1\">\n<div class=\"magic-2\"><span class=\"magic-10\"><span class=\"magic-3\" style=\"font-family: Arial;\">Design de capa<\/span><\/span><\/div>\n<\/td>\n<td colspan=\"5\" rowspan=\"1\">\n<div class=\"magic-11\"><span class=\"magic-15\">Aceite seu logotipo e design com impress\u00e3o em cores<\/span><\/div>\n<\/td>\n<\/tr>\n<tr>\n<td colspan=\"1\" rowspan=\"1\">\n<div class=\"magic-2\"><span class=\"magic-10\"><span class=\"magic-3\" style=\"font-family: Arial;\">Impresso por dentro<\/span><\/span><\/div>\n<\/td>\n<td colspan=\"5\" rowspan=\"1\">\n<div class=\"magic-11\"><span class=\"magic-16\" data-spm-anchor-id=\"0.0.0.i3.659c4f052ECamY\"><span data-spm-anchor-id=\"a2700.siteadmin.0.i5.1b1eac40c7SirH\"><span class=\"magic-6 magic-17\" data-spm-anchor-id=\"0.0.0.i4.659c4f05Aw8tDS\"><span class=\"magic-17\" data-spm-anchor-id=\"0.0.0.i2.659c4f052ECamY\"><span class=\"magic-18\">Linha de decis\u00e3o (\u00fanica)<\/span><\/span><\/span>\u00a0<\/span><\/span><span class=\"magic-15\" data-spm-anchor-id=\"a2700.siteadmin.0.i4.1b1eac40c7SirH\">\/\u00a0<\/span><span class=\"magic-6 magic-12\" data-spm-anchor-id=\"0.0.0.i2.659c4f057mTM3v\">linha francesa<\/span><span class=\"magic-15\">\u00a0\/\u00a0<\/span><span class=\"magic-12\" data-spm-anchor-id=\"0.0.0.i1.659c4f05Mw08yR\">Linha \u00e1rabe<\/span><span class=\"magic-15\">\u00a0\/<\/span><span class=\"magic-16\"><span class=\"magic-25\" data-spm-anchor-id=\"a2700.siteadmin.0.i2.1b1eac40c7SirH\"><b>\u00a0<\/b><\/span><span class=\"magic-17\"><span data-spm-anchor-id=\"a2700.siteadmin.0.i9.5fb7ac40eucAmy\">Quadrado<\/span><span class=\"magic-26\" data-spm-anchor-id=\"0.0.0.i5.659c4f05Aw8tDS\">\u00a0<\/span><\/span><\/span><span class=\"magic-15\">\/ Linha dupla \/ Ingl\u00eas de 4 linhas<\/span><\/div>\n<\/td>\n<\/tr>\n<tr>\n<td colspan=\"1\" rowspan=\"1\">\n<div class=\"magic-2\"><span class=\"magic-10\"><span class=\"magic-3\" style=\"font-family: Arial;\">Uso<\/span><\/span><\/div>\n<\/td>\n<td colspan=\"5\" rowspan=\"1\">\n<div class=\"magic-11\"><span class=\"magic-15\">Escola \/ Escrit\u00f3rio \/ Presente<\/span><\/div>\n<\/td>\n<\/tr>\n<tr>\n<td colspan=\"1\" rowspan=\"1\">\n<div class=\"magic-2\"><span class=\"magic-10\"><span class=\"magic-3\" style=\"font-family: Arial;\">Embalagem<\/span><\/span><\/div>\n<\/td>\n<td colspan=\"5\" rowspan=\"1\">\n<div class=\"magic-11\"><span class=\"magic-15\" data-spm-anchor-id=\"0.0.0.i15.59844f05Y46zmD\">Saco retr\u00e1til e caixa de exporta\u00e7\u00e3o padr\u00e3o<\/span><\/div>\n<\/td>\n<\/tr>\n<tr>\n<td colspan=\"1\" rowspan=\"1\">\n<div class=\"magic-2\"><span class=\"magic-10\"><span class=\"magic-3\" style=\"font-family: Arial;\">C\u00f3digo SH<\/span><\/span><\/div>\n<\/td>\n<td colspan=\"3\" rowspan=\"1\">\n<div class=\"magic-11\">\n<div class=\"magic-27\" data-spm-anchor-id=\"0.0.0.i74.59844f05QhGJ25\">48202000<\/div>\n<\/div>\n<\/td>\n<\/tr>\n<tr>\n<td colspan=\"1\" rowspan=\"1\">\n<div class=\"magic-2\"><span class=\"magic-10\"><span class=\"magic-3\" style=\"font-family: Arial;\">Tempo de Sameple<\/span><\/span><\/div>\n<\/td>\n<td colspan=\"5\" rowspan=\"1\">\n<div class=\"magic-11\"><span class=\"magic-15\">A amostra \u00e9 gratuita e ser\u00e1 enviada a voc\u00ea apenas um dia ap\u00f3s a confirma\u00e7\u00e3o das especifica\u00e7\u00f5es<\/span><\/div>\n<\/td>\n<\/tr>\n<tr>\n<td colspan=\"1\" rowspan=\"1\">\n<div class=\"magic-2\"><span class=\"magic-3\" style=\"font-family: Arial;\">Detalhes da entrega<\/span><\/div>\n<\/td>\n<td colspan=\"5\" rowspan=\"1\">\n<div class=\"magic-11\">Cerca de 25 dias ap\u00f3s receber seu dep\u00f3sito.<\/div>\n<\/td>\n<\/tr>\n<\/tbody>\n<\/table>\n<p>&nbsp;<\/p>\n<p><img loading=\"lazy\" decoding=\"async\" class=\"alignnone size-large wp-image-15739\" src=\"https:\/\/www.colorflyprinting.com\/wp-content\/uploads\/2025\/05\/Detail-22-599x800.jpg\" alt=\"\" width=\"599\" height=\"800\" srcset=\"https:\/\/www.colorflyprinting.com\/wp-content\/uploads\/2025\/05\/Detail-22-599x800.jpg 599w, https:\/\/www.colorflyprinting.com\/wp-content\/uploads\/2025\/05\/Detail-22-225x300.jpg 225w, https:\/\/www.colorflyprinting.com\/wp-content\/uploads\/2025\/05\/Detail-22-768x1025.jpg 768w, https:\/\/www.colorflyprinting.com\/wp-content\/uploads\/2025\/05\/Detail-22-9x12.jpg 9w, https:\/\/www.colorflyprinting.com\/wp-content\/uploads\/2025\/05\/Detail-22-430x574.jpg 430w, https:\/\/www.colorflyprinting.com\/wp-content\/uploads\/2025\/05\/Detail-22-700x935.jpg 700w, https:\/\/www.colorflyprinting.com\/wp-content\/uploads\/2025\/05\/Detail-22-150x200.jpg 150w, https:\/\/www.colorflyprinting.com\/wp-content\/uploads\/2025\/05\/Detail-22.jpg 800w\" sizes=\"auto, (max-width: 599px) 100vw, 599px\" \/><img loading=\"lazy\" decoding=\"async\" class=\"alignnone size-full wp-image-15740\" src=\"https:\/\/www.colorflyprinting.com\/wp-content\/uploads\/2025\/05\/Detail-20.jpg\" alt=\"\" width=\"800\" height=\"599\" srcset=\"https:\/\/www.colorflyprinting.com\/wp-content\/uploads\/2025\/05\/Detail-20.jpg 800w, https:\/\/www.colorflyprinting.com\/wp-content\/uploads\/2025\/05\/Detail-20-400x300.jpg 400w, https:\/\/www.colorflyprinting.com\/wp-content\/uploads\/2025\/05\/Detail-20-768x575.jpg 768w, https:\/\/www.colorflyprinting.com\/wp-content\/uploads\/2025\/05\/Detail-20-16x12.jpg 16w, https:\/\/www.colorflyprinting.com\/wp-content\/uploads\/2025\/05\/Detail-20-430x322.jpg 430w, https:\/\/www.colorflyprinting.com\/wp-content\/uploads\/2025\/05\/Detail-20-700x524.jpg 700w, https:\/\/www.colorflyprinting.com\/wp-content\/uploads\/2025\/05\/Detail-20-150x112.jpg 150w\" sizes=\"auto, (max-width: 800px) 100vw, 800px\" \/><\/p>","protected":false},"excerpt":{"rendered":"<p data-start=\"477\" data-end=\"878\">Esse <strong data-start=\"482\" data-end=\"509\">A4 2 Livro de Contagem de Cadernos<\/strong> foi desenvolvido para uso di\u00e1rio em escolas e escrit\u00f3rios. Com <strong data-start=\"560\" data-end=\"584\">encaderna\u00e7\u00e3o com fita dur\u00e1vel<\/strong>, <strong data-start=\"586\" data-end=\"602\">cobertura forte<\/strong>, e <strong data-start=\"608\" data-end=\"638\">128\u2013144 p\u00e1ginas de alta qualidade<\/strong>, oferece desempenho duradouro em ambientes acad\u00eamicos. Popular na \u00c1frica e no Oriente M\u00e9dio, este livro de contador foi projetado para <strong data-start=\"774\" data-end=\"789\">pedidos em grandes quantidades<\/strong>, tornando-se uma op\u00e7\u00e3o confi\u00e1vel para atacadistas, importadores e distribuidores de materiais escolares.<\/p>\n<p data-start=\"880\" data-end=\"1132\">Voc\u00ea pode <strong data-start=\"888\" data-end=\"935\">personalizar a capa, o estilo de pauta e o logotipo<\/strong>, com suporte para embalagens OEM e de marca pr\u00f3pria. Produzido a pre\u00e7os diretos do fabricante, este produto combina <strong data-start=\"1049\" data-end=\"1083\">acessibilidade e praticidade<\/strong>, perfeito para licita\u00e7\u00f5es ou contratos de material escolar.<\/p>\n<p data-start=\"1134\" data-end=\"1199\"><a href=\"https:\/\/www.colorflyprinting.com\/pt\/contate-nos\/\">Solicite seu <strong data-start=\"1147\" data-end=\"1162\">amostra gr\u00e1tis<\/strong> hoje e obtenha suporte para envio r\u00e1pido.<\/a><\/p>\n<ul>\n<li><strong>Fornecedor:<\/strong> Impress\u00e3o colorida<\/li>\n<li><strong data-start=\"538\" data-end=\"547\">Tamanho:<\/strong> A4 (210\u00d7297 mm)<\/li>\n<li><strong data-start=\"567\" data-end=\"586\">Material da capa:<\/strong> Capa dura r\u00edgida com encaderna\u00e7\u00e3o em fita refor\u00e7ada<\/li>\n<li><strong data-start=\"637\" data-end=\"647\">P\u00e1ginas:<\/strong> 48\/96\/144\/192 folhas (personaliz\u00e1veis)<\/li>\n<li><strong data-start=\"689\" data-end=\"705\">Papel interno:<\/strong> Papel sem madeira de 55\u201370 g\/m\u00b2, pauta simples ou dupla<\/li>\n<li><strong data-start=\"764\" data-end=\"782\">Estilo de encaderna\u00e7\u00e3o:<\/strong> Fita adesiva forte para maior durabilidade<\/li>\n<li><strong data-start=\"826\" data-end=\"839\">Impress\u00e3o:<\/strong> Impress\u00e3o de logotipo personalizado dispon\u00edvel na capa e nas p\u00e1ginas internas<\/li>\n<li><strong data-start=\"897\" data-end=\"911\">Embalagem:<\/strong> Caixas de exporta\u00e7\u00e3o padr\u00e3o ou conforme solicita\u00e7\u00e3o do cliente<\/li>\n<li><strong data-start=\"965\" data-end=\"983\">Personaliza\u00e7\u00e3o:<\/strong> Suporte OEM\/ODM com MOQ flex\u00edvel<\/li>\n<li><strong data-start=\"1022\" data-end=\"1039\">Aplica\u00e7\u00f5es:<\/strong> Adequado para escolas, faculdades, licita\u00e7\u00f5es governamentais, fornecedores educacionais<\/li>\n<\/ul>","protected":false},"featured_media":18773,"comment_status":"open","ping_status":"closed","template":"","meta":[],"product_brand":[],"product_cat":[449],"product_tag":[691,692],"class_list":{"0":"post-15748","1":"product","2":"type-product","3":"status-publish","4":"has-post-thumbnail","6":"product_cat-hardcover-notebook","7":"product_tag-counter-book-a4","8":"product_tag-hardcover-notebooks-for-school","10":"first","11":"instock","12":"shipping-taxable","13":"product-type-simple"},"yoast_head":"<!-- This site is optimized with the Yoast SEO Premium plugin v23.9 (Yoast SEO v25.2) - https:\/\/yoast.com\/wordpress\/plugins\/seo\/ -->\n<title>A4 2 Quire Counter Book Wholesale | Custom School Notebook<\/title>\n<meta name=\"description\" content=\"Get manufacturer price on custom A4 2 Quire Counter Books. Ideal for schools and wholesale buyers. Strong binding, durable cover, OEM logo &amp; fast delivery.\" \/>\n<meta name=\"robots\" content=\"index, follow, max-snippet:-1, max-image-preview:large, max-video-preview:-1\" \/>\n<link rel=\"canonical\" href=\"https:\/\/www.colorflyprinting.com\/pt\/produto\/a4-2-cadernos-de-balcao-atacado-caderno-escolar-personalizado\/\" \/>\n<meta property=\"og:locale\" content=\"pt_PT\" \/>\n<meta property=\"og:type\" content=\"article\" \/>\n<meta property=\"og:title\" content=\"A4 2 Quire Counter Book Wholesale | Custom School Notebook\" \/>\n<meta property=\"og:description\" content=\"Get manufacturer price on custom A4 2 Quire Counter Books. Ideal for schools and wholesale buyers. Strong binding, durable cover, OEM logo &amp; fast delivery.\" \/>\n<meta property=\"og:url\" content=\"https:\/\/www.colorflyprinting.com\/pt\/produto\/a4-2-cadernos-de-balcao-atacado-caderno-escolar-personalizado\/\" \/>\n<meta property=\"og:site_name\" content=\"colorflyprinting\" \/>\n<meta property=\"article:modified_time\" content=\"2025-12-02T06:08:24+00:00\" \/>\n<meta property=\"og:image\" content=\"https:\/\/www.colorflyprinting.com\/wp-content\/uploads\/2025\/05\/Main-03-12-1.jpg\" \/>\n\t<meta property=\"og:image:width\" content=\"700\" \/>\n\t<meta property=\"og:image:height\" content=\"700\" \/>\n\t<meta property=\"og:image:type\" content=\"image\/jpeg\" \/>\n<meta name=\"twitter:card\" content=\"summary_large_image\" \/>\n<script type=\"application\/ld+json\" class=\"yoast-schema-graph\">{\"@context\":\"https:\/\/schema.org\",\"@graph\":[{\"@type\":\"WebPage\",\"@id\":\"https:\/\/www.colorflyprinting.com\/product\/a4-2-quire-counter-book-wholesale-custom-school-notebook\/\",\"url\":\"https:\/\/www.colorflyprinting.com\/product\/a4-2-quire-counter-book-wholesale-custom-school-notebook\/\",\"name\":\"A4 2 Quire Counter Book Wholesale | Custom School Notebook\",\"isPartOf\":{\"@id\":\"https:\/\/www.colorflyprinting.com\/#website\"},\"primaryImageOfPage\":{\"@id\":\"https:\/\/www.colorflyprinting.com\/product\/a4-2-quire-counter-book-wholesale-custom-school-notebook\/#primaryimage\"},\"image\":{\"@id\":\"https:\/\/www.colorflyprinting.com\/product\/a4-2-quire-counter-book-wholesale-custom-school-notebook\/#primaryimage\"},\"thumbnailUrl\":\"https:\/\/www.colorflyprinting.com\/wp-content\/uploads\/2025\/05\/Main-03-12-1.jpg\",\"datePublished\":\"2025-05-22T07:17:57+00:00\",\"dateModified\":\"2025-12-02T06:08:24+00:00\",\"description\":\"Get manufacturer price on custom A4 2 Quire Counter Books. Ideal for schools and wholesale buyers. Strong binding, durable cover, OEM logo & fast delivery.\",\"breadcrumb\":{\"@id\":\"https:\/\/www.colorflyprinting.com\/product\/a4-2-quire-counter-book-wholesale-custom-school-notebook\/#breadcrumb\"},\"inLanguage\":\"pt-PT\",\"potentialAction\":[{\"@type\":\"ReadAction\",\"target\":[\"https:\/\/www.colorflyprinting.com\/product\/a4-2-quire-counter-book-wholesale-custom-school-notebook\/\"]}]},{\"@type\":\"ImageObject\",\"inLanguage\":\"pt-PT\",\"@id\":\"https:\/\/www.colorflyprinting.com\/product\/a4-2-quire-counter-book-wholesale-custom-school-notebook\/#primaryimage\",\"url\":\"https:\/\/www.colorflyprinting.com\/wp-content\/uploads\/2025\/05\/Main-03-12-1.jpg\",\"contentUrl\":\"https:\/\/www.colorflyprinting.com\/wp-content\/uploads\/2025\/05\/Main-03-12-1.jpg\",\"width\":700,\"height\":700},{\"@type\":\"BreadcrumbList\",\"@id\":\"https:\/\/www.colorflyprinting.com\/product\/a4-2-quire-counter-book-wholesale-custom-school-notebook\/#breadcrumb\",\"itemListElement\":[{\"@type\":\"ListItem\",\"position\":1,\"name\":\"Home\",\"item\":\"https:\/\/www.colorflyprinting.com\/\"},{\"@type\":\"ListItem\",\"position\":2,\"name\":\"Product\",\"item\":\"https:\/\/www.colorflyprinting.com\/shop\/\"},{\"@type\":\"ListItem\",\"position\":3,\"name\":\"A4 2 Quire Counter Book Wholesale | Custom School Notebook\"}]},{\"@type\":\"WebSite\",\"@id\":\"https:\/\/www.colorflyprinting.com\/#website\",\"url\":\"https:\/\/www.colorflyprinting.com\/\",\"name\":\"Hefei Colorfly Stationery Co.,Ltd.\",\"description\":\"\",\"publisher\":{\"@id\":\"https:\/\/www.colorflyprinting.com\/#organization\"},\"potentialAction\":[{\"@type\":\"SearchAction\",\"target\":{\"@type\":\"EntryPoint\",\"urlTemplate\":\"https:\/\/www.colorflyprinting.com\/?s={search_term_string}\"},\"query-input\":{\"@type\":\"PropertyValueSpecification\",\"valueRequired\":true,\"valueName\":\"search_term_string\"}}],\"inLanguage\":\"pt-PT\"},{\"@type\":\"Organization\",\"@id\":\"https:\/\/www.colorflyprinting.com\/#organization\",\"name\":\"Hefei Colorfly Stationery Co.,Ltd.\",\"url\":\"https:\/\/www.colorflyprinting.com\/\",\"logo\":{\"@type\":\"ImageObject\",\"inLanguage\":\"pt-PT\",\"@id\":\"https:\/\/www.colorflyprinting.com\/#\/schema\/logo\/image\/\",\"url\":\"https:\/\/www.colorflyprinting.com\/wp-content\/uploads\/2025\/04\/d167665f943610681229e2f4307b9df.jpg\",\"contentUrl\":\"https:\/\/www.colorflyprinting.com\/wp-content\/uploads\/2025\/04\/d167665f943610681229e2f4307b9df.jpg\",\"width\":780,\"height\":780,\"caption\":\"Hefei Colorfly Stationery Co.,Ltd.\"},\"image\":{\"@id\":\"https:\/\/www.colorflyprinting.com\/#\/schema\/logo\/image\/\"}}]}<\/script>\n<!-- \/ Yoast SEO Premium plugin. -->","yoast_head_json":{"title":"A4 2 Quire Counter Book Wholesale | Custom School Notebook","description":"Get manufacturer price on custom A4 2 Quire Counter Books. Ideal for schools and wholesale buyers. Strong binding, durable cover, OEM logo & fast delivery.","robots":{"index":"index","follow":"follow","max-snippet":"max-snippet:-1","max-image-preview":"max-image-preview:large","max-video-preview":"max-video-preview:-1"},"canonical":"https:\/\/www.colorflyprinting.com\/pt\/produto\/a4-2-cadernos-de-balcao-atacado-caderno-escolar-personalizado\/","og_locale":"pt_PT","og_type":"article","og_title":"A4 2 Quire Counter Book Wholesale | Custom School Notebook","og_description":"Get manufacturer price on custom A4 2 Quire Counter Books. Ideal for schools and wholesale buyers. Strong binding, durable cover, OEM logo & fast delivery.","og_url":"https:\/\/www.colorflyprinting.com\/pt\/produto\/a4-2-cadernos-de-balcao-atacado-caderno-escolar-personalizado\/","og_site_name":"colorflyprinting","article_modified_time":"2025-12-02T06:08:24+00:00","og_image":[{"width":700,"height":700,"url":"https:\/\/www.colorflyprinting.com\/wp-content\/uploads\/2025\/05\/Main-03-12-1.jpg","type":"image\/jpeg"}],"twitter_card":"summary_large_image","schema":{"@context":"https:\/\/schema.org","@graph":[{"@type":"WebPage","@id":"https:\/\/www.colorflyprinting.com\/product\/a4-2-quire-counter-book-wholesale-custom-school-notebook\/","url":"https:\/\/www.colorflyprinting.com\/product\/a4-2-quire-counter-book-wholesale-custom-school-notebook\/","name":"A4 2 Quire Counter Book Wholesale | Custom School Notebook","isPartOf":{"@id":"https:\/\/www.colorflyprinting.com\/#website"},"primaryImageOfPage":{"@id":"https:\/\/www.colorflyprinting.com\/product\/a4-2-quire-counter-book-wholesale-custom-school-notebook\/#primaryimage"},"image":{"@id":"https:\/\/www.colorflyprinting.com\/product\/a4-2-quire-counter-book-wholesale-custom-school-notebook\/#primaryimage"},"thumbnailUrl":"https:\/\/www.colorflyprinting.com\/wp-content\/uploads\/2025\/05\/Main-03-12-1.jpg","datePublished":"2025-05-22T07:17:57+00:00","dateModified":"2025-12-02T06:08:24+00:00","description":"Get manufacturer price on custom A4 2 Quire Counter Books. Ideal for schools and wholesale buyers. Strong binding, durable cover, OEM logo & fast delivery.","breadcrumb":{"@id":"https:\/\/www.colorflyprinting.com\/product\/a4-2-quire-counter-book-wholesale-custom-school-notebook\/#breadcrumb"},"inLanguage":"pt-PT","potentialAction":[{"@type":"ReadAction","target":["https:\/\/www.colorflyprinting.com\/product\/a4-2-quire-counter-book-wholesale-custom-school-notebook\/"]}]},{"@type":"ImageObject","inLanguage":"pt-PT","@id":"https:\/\/www.colorflyprinting.com\/product\/a4-2-quire-counter-book-wholesale-custom-school-notebook\/#primaryimage","url":"https:\/\/www.colorflyprinting.com\/wp-content\/uploads\/2025\/05\/Main-03-12-1.jpg","contentUrl":"https:\/\/www.colorflyprinting.com\/wp-content\/uploads\/2025\/05\/Main-03-12-1.jpg","width":700,"height":700},{"@type":"BreadcrumbList","@id":"https:\/\/www.colorflyprinting.com\/product\/a4-2-quire-counter-book-wholesale-custom-school-notebook\/#breadcrumb","itemListElement":[{"@type":"ListItem","position":1,"name":"Home","item":"https:\/\/www.colorflyprinting.com\/"},{"@type":"ListItem","position":2,"name":"Product","item":"https:\/\/www.colorflyprinting.com\/shop\/"},{"@type":"ListItem","position":3,"name":"A4 2 Quire Counter Book Wholesale | Custom School Notebook"}]},{"@type":"WebSite","@id":"https:\/\/www.colorflyprinting.com\/#website","url":"https:\/\/www.colorflyprinting.com\/","name":"Hefei Colorfly Stationery Co.,Ltd.","description":"","publisher":{"@id":"https:\/\/www.colorflyprinting.com\/#organization"},"potentialAction":[{"@type":"SearchAction","target":{"@type":"EntryPoint","urlTemplate":"https:\/\/www.colorflyprinting.com\/?s={search_term_string}"},"query-input":{"@type":"PropertyValueSpecification","valueRequired":true,"valueName":"search_term_string"}}],"inLanguage":"pt-PT"},{"@type":"Organization","@id":"https:\/\/www.colorflyprinting.com\/#organization","name":"Hefei Colorfly Stationery Co.,Ltd.","url":"https:\/\/www.colorflyprinting.com\/","logo":{"@type":"ImageObject","inLanguage":"pt-PT","@id":"https:\/\/www.colorflyprinting.com\/#\/schema\/logo\/image\/","url":"https:\/\/www.colorflyprinting.com\/wp-content\/uploads\/2025\/04\/d167665f943610681229e2f4307b9df.jpg","contentUrl":"https:\/\/www.colorflyprinting.com\/wp-content\/uploads\/2025\/04\/d167665f943610681229e2f4307b9df.jpg","width":780,"height":780,"caption":"Hefei Colorfly Stationery Co.,Ltd."},"image":{"@id":"https:\/\/www.colorflyprinting.com\/#\/schema\/logo\/image\/"}}]}},"_links":{"self":[{"href":"https:\/\/www.colorflyprinting.com\/pt\/wp-json\/wp\/v2\/product\/15748","targetHints":{"allow":["GET"]}}],"collection":[{"href":"https:\/\/www.colorflyprinting.com\/pt\/wp-json\/wp\/v2\/product"}],"about":[{"href":"https:\/\/www.colorflyprinting.com\/pt\/wp-json\/wp\/v2\/types\/product"}],"replies":[{"embeddable":true,"href":"https:\/\/www.colorflyprinting.com\/pt\/wp-json\/wp\/v2\/comments?post=15748"}],"wp:featuredmedia":[{"embeddable":true,"href":"https:\/\/www.colorflyprinting.com\/pt\/wp-json\/wp\/v2\/media\/18773"}],"wp:attachment":[{"href":"https:\/\/www.colorflyprinting.com\/pt\/wp-json\/wp\/v2\/media?parent=15748"}],"wp:term":[{"taxonomy":"product_brand","embeddable":true,"href":"https:\/\/www.colorflyprinting.com\/pt\/wp-json\/wp\/v2\/product_brand?post=15748"},{"taxonomy":"product_cat","embeddable":true,"href":"https:\/\/www.colorflyprinting.com\/pt\/wp-json\/wp\/v2\/product_cat?post=15748"},{"taxonomy":"product_tag","embeddable":true,"href":"https:\/\/www.colorflyprinting.com\/pt\/wp-json\/wp\/v2\/product_tag?post=15748"}],"curies":[{"name":"wp","href":"https:\/\/api.w.org\/{rel}","templated":true}]}}