{"id":15737,"date":"2025-05-22T07:11:41","date_gmt":"2025-05-22T07:11:41","guid":{"rendered":"https:\/\/www.colorflyprinting.com\/?post_type=product&#038;p=15737"},"modified":"2025-12-02T06:08:35","modified_gmt":"2025-12-02T06:08:35","slug":"tanzania-3-quire-a4-school-notebook-288-pages-wholesale","status":"publish","type":"product","link":"https:\/\/www.colorflyprinting.com\/pt\/produto\/caderno-escolar-tanzania-3-quire-a4-288-paginas-atacado\/","title":{"rendered":"Caderno escolar Tanz\u00e2nia 3 Quire A4 288 p\u00e1ginas atacado"},"content":{"rendered":"<table class=\"has-title is-zebra all magic-9\">\n<tbody>\n<tr>\n<td colspan=\"1\" rowspan=\"1\">\n<div class=\"magic-10\" data-spm-anchor-id=\"a2700.details-description.0.i0.8e72YEzvYEzvrz\">Tamanho<\/div>\n<\/td>\n<td colspan=\"5\" rowspan=\"1\">\n<div class=\"magic-11\">\n<div data-spm-anchor-id=\"0.0.0.i3.59844f05Z16MVb\">A5\/A4 ou personalizado para livro de balc\u00e3o<\/div>\n<\/div>\n<\/td>\n<\/tr>\n<tr>\n<td colspan=\"1\" rowspan=\"1\">\n<div class=\"magic-10\">P\u00e1ginas<\/div>\n<\/td>\n<td colspan=\"5\" rowspan=\"1\">\n<div class=\"magic-11\">\n<div data-spm-anchor-id=\"0.0.0.i13.59844f05Z16MVb\">1Q\/2Q\/3Q,4Q ou personalizado<\/div>\n<\/div>\n<\/td>\n<\/tr>\n<tr>\n<td colspan=\"1\" rowspan=\"1\">\n<div class=\"magic-10\">Vinculativo<\/div>\n<\/td>\n<td colspan=\"5\" rowspan=\"1\">\n<div class=\"magic-11\">Se\u00e7\u00e3o de costura de encaderna\u00e7\u00e3o + fita de encaderna\u00e7\u00e3o<\/div>\n<\/td>\n<\/tr>\n<tr>\n<td colspan=\"1\" rowspan=\"1\">\n<div class=\"magic-10\">Embalagem<\/div>\n<\/td>\n<td colspan=\"5\" rowspan=\"1\">\n<div class=\"magic-11\">Saco Shringk + caixa<\/div>\n<\/td>\n<\/tr>\n<tr>\n<td colspan=\"1\" rowspan=\"1\">\n<div class=\"magic-10\">Quantidade m\u00ednima<\/div>\n<\/td>\n<td colspan=\"5\" rowspan=\"1\">\n<div class=\"magic-16\">10000 pe\u00e7as<\/div>\n<\/td>\n<\/tr>\n<\/tbody>\n<\/table>\n<p><img loading=\"lazy\" decoding=\"async\" class=\"alignnone size-full wp-image-15740\" src=\"https:\/\/www.colorflyprinting.com\/wp-content\/uploads\/2025\/05\/Detail-20.jpg\" alt=\"\" width=\"800\" height=\"599\" srcset=\"https:\/\/www.colorflyprinting.com\/wp-content\/uploads\/2025\/05\/Detail-20.jpg 800w, https:\/\/www.colorflyprinting.com\/wp-content\/uploads\/2025\/05\/Detail-20-400x300.jpg 400w, https:\/\/www.colorflyprinting.com\/wp-content\/uploads\/2025\/05\/Detail-20-768x575.jpg 768w, https:\/\/www.colorflyprinting.com\/wp-content\/uploads\/2025\/05\/Detail-20-16x12.jpg 16w, https:\/\/www.colorflyprinting.com\/wp-content\/uploads\/2025\/05\/Detail-20-430x322.jpg 430w, https:\/\/www.colorflyprinting.com\/wp-content\/uploads\/2025\/05\/Detail-20-700x524.jpg 700w, https:\/\/www.colorflyprinting.com\/wp-content\/uploads\/2025\/05\/Detail-20-150x112.jpg 150w\" sizes=\"auto, (max-width: 800px) 100vw, 800px\" \/><img loading=\"lazy\" decoding=\"async\" class=\"alignnone size-full wp-image-15738\" src=\"https:\/\/www.colorflyprinting.com\/wp-content\/uploads\/2025\/05\/Detail-21.jpg\" alt=\"\" width=\"800\" height=\"600\" srcset=\"https:\/\/www.colorflyprinting.com\/wp-content\/uploads\/2025\/05\/Detail-21.jpg 800w, https:\/\/www.colorflyprinting.com\/wp-content\/uploads\/2025\/05\/Detail-21-400x300.jpg 400w, https:\/\/www.colorflyprinting.com\/wp-content\/uploads\/2025\/05\/Detail-21-768x576.jpg 768w, https:\/\/www.colorflyprinting.com\/wp-content\/uploads\/2025\/05\/Detail-21-16x12.jpg 16w, https:\/\/www.colorflyprinting.com\/wp-content\/uploads\/2025\/05\/Detail-21-430x323.jpg 430w, https:\/\/www.colorflyprinting.com\/wp-content\/uploads\/2025\/05\/Detail-21-700x525.jpg 700w, https:\/\/www.colorflyprinting.com\/wp-content\/uploads\/2025\/05\/Detail-21-150x113.jpg 150w\" sizes=\"auto, (max-width: 800px) 100vw, 800px\" \/><img loading=\"lazy\" decoding=\"async\" class=\"alignnone size-large wp-image-15739\" src=\"https:\/\/www.colorflyprinting.com\/wp-content\/uploads\/2025\/05\/Detail-22-599x800.jpg\" alt=\"\" width=\"599\" height=\"800\" srcset=\"https:\/\/www.colorflyprinting.com\/wp-content\/uploads\/2025\/05\/Detail-22-599x800.jpg 599w, https:\/\/www.colorflyprinting.com\/wp-content\/uploads\/2025\/05\/Detail-22-225x300.jpg 225w, https:\/\/www.colorflyprinting.com\/wp-content\/uploads\/2025\/05\/Detail-22-768x1025.jpg 768w, https:\/\/www.colorflyprinting.com\/wp-content\/uploads\/2025\/05\/Detail-22-9x12.jpg 9w, https:\/\/www.colorflyprinting.com\/wp-content\/uploads\/2025\/05\/Detail-22-430x574.jpg 430w, https:\/\/www.colorflyprinting.com\/wp-content\/uploads\/2025\/05\/Detail-22-700x935.jpg 700w, https:\/\/www.colorflyprinting.com\/wp-content\/uploads\/2025\/05\/Detail-22-150x200.jpg 150w, https:\/\/www.colorflyprinting.com\/wp-content\/uploads\/2025\/05\/Detail-22.jpg 800w\" sizes=\"auto, (max-width: 599px) 100vw, 599px\" \/><\/p>","protected":false},"excerpt":{"rendered":"<p data-start=\"480\" data-end=\"856\">O Caderno Escolar Tanzania 3 Quire A4 \u00e9 um caderno de exerc\u00edcios dur\u00e1vel e de alta capacidade, projetado para estudantes na \u00c1frica e em outras regi\u00f5es em desenvolvimento. <strong data-start=\"632\" data-end=\"645\">288 p\u00e1ginas<\/strong>, oferece amplo espa\u00e7o para escrita, tornando-o perfeito para prepara\u00e7\u00e3o para exames, aulas di\u00e1rias e uso a longo prazo. <strong data-start=\"756\" data-end=\"779\">fita adesiva forte<\/strong> e <strong data-start=\"784\" data-end=\"798\">capa dura<\/strong> garantem durabilidade, mesmo em ambientes de sala de aula dif\u00edceis.<\/p>\n<p data-start=\"858\" data-end=\"1248\">Este livro de balc\u00e3o A4 \u00e9 comumente usado em escolas de todo o mundo <strong data-start=\"914\" data-end=\"926\">Tanz\u00e2nia<\/strong> e outros pa\u00edses da \u00c1frica Oriental. Apresenta <strong data-start=\"973\" data-end=\"1003\">estilos de governo personaliz\u00e1veis<\/strong> (linha simples, linha dupla, qu\u00e1drupla) e <strong data-start=\"1042\" data-end=\"1066\">Op\u00e7\u00f5es de marca OEM<\/strong> para compradores no atacado. Seja voc\u00ea um fornecedor escolar, participante de licita\u00e7\u00e3o governamental ou atacadista de artigos de papelaria, este caderno \u00e9 ideal para <strong data-start=\"1207\" data-end=\"1247\">compras em grandes quantidades a pre\u00e7os competitivos<\/strong>.<\/p>\n<p data-start=\"1250\" data-end=\"1342\">Entre em contato conosco hoje mesmo para solicitar amostras e or\u00e7amentos. Envio r\u00e1pido e suporte de design dispon\u00edveis.<\/p>\n<ul>\n<li><strong>Fornecedor:<\/strong> Impress\u00e3o colorida<\/li>\n<li><strong data-start=\"538\" data-end=\"547\">Tamanho:<\/strong> A4 (210\u00d7297 mm)<\/li>\n<li><strong data-start=\"567\" data-end=\"586\">Material da capa:<\/strong> Capa de papel\u00e3o + papel offest<\/li>\n<li><strong data-start=\"637\" data-end=\"647\">P\u00e1ginas:<\/strong> 192 \/ 288 \/ 360 p\u00e1ginas (personaliz\u00e1veis)<\/li>\n<li><strong data-start=\"689\" data-end=\"705\">Papel interno:<\/strong> Papel sem madeira de 55\u201370 g\/m\u00b2, pauta simples ou dupla<\/li>\n<li><strong data-start=\"764\" data-end=\"782\">Estilo de encaderna\u00e7\u00e3o:<\/strong> Fita adesiva forte para maior durabilidade<\/li>\n<li><strong data-start=\"826\" data-end=\"839\">Impress\u00e3o:<\/strong> Impress\u00e3o de logotipo personalizado dispon\u00edvel na capa e nas p\u00e1ginas internas<\/li>\n<li><strong data-start=\"897\" data-end=\"911\">Embalagem:<\/strong> Caixas de exporta\u00e7\u00e3o padr\u00e3o ou conforme solicita\u00e7\u00e3o do cliente<\/li>\n<li><strong data-start=\"965\" data-end=\"983\">Personaliza\u00e7\u00e3o:<\/strong> Suporte OEM\/ODM com MOQ flex\u00edvel<\/li>\n<li><strong data-start=\"1022\" data-end=\"1039\">Aplica\u00e7\u00f5es:<\/strong> Adequado para escolas, faculdades, licita\u00e7\u00f5es governamentais, fornecedores educacionais<\/li>\n<\/ul>","protected":false},"featured_media":15743,"comment_status":"open","ping_status":"closed","template":"","meta":[],"product_brand":[],"product_cat":[449],"product_tag":[690,688,689],"class_list":{"0":"post-15737","1":"product","2":"type-product","3":"status-publish","4":"has-post-thumbnail","6":"product_cat-hardcover-notebook","7":"product_tag-3-quire-a4-school-notebook","8":"product_tag-tanzania-3-quire-notebook","9":"product_tag-wholesale-288-pages-notebook","11":"first","12":"instock","13":"shipping-taxable","14":"product-type-simple"},"yoast_head":"<!-- This site is optimized with the Yoast SEO Premium plugin v23.9 (Yoast SEO v25.2) - https:\/\/yoast.com\/wordpress\/plugins\/seo\/ -->\n<title>Tanzania 3 Quire A4 School Notebook 288 Pages Wholesale<\/title>\n<meta name=\"description\" content=\"Buy Tanzania 3 Quire Notebook with 288 pages and strong A4 counter book design. Ideal for school supplies bulk orders. Custom logo &amp; OEM services available.\" \/>\n<meta name=\"robots\" content=\"index, follow, max-snippet:-1, max-image-preview:large, max-video-preview:-1\" \/>\n<link rel=\"canonical\" href=\"https:\/\/www.colorflyprinting.com\/pt\/produto\/caderno-escolar-tanzania-3-quire-a4-288-paginas-atacado\/\" \/>\n<meta property=\"og:locale\" content=\"pt_PT\" \/>\n<meta property=\"og:type\" content=\"article\" \/>\n<meta property=\"og:title\" content=\"Tanzania 3 Quire A4 School Notebook 288 Pages Wholesale\" \/>\n<meta property=\"og:description\" content=\"Buy Tanzania 3 Quire Notebook with 288 pages and strong A4 counter book design. Ideal for school supplies bulk orders. Custom logo &amp; OEM services available.\" \/>\n<meta property=\"og:url\" content=\"https:\/\/www.colorflyprinting.com\/pt\/produto\/caderno-escolar-tanzania-3-quire-a4-288-paginas-atacado\/\" \/>\n<meta property=\"og:site_name\" content=\"colorflyprinting\" \/>\n<meta property=\"article:modified_time\" content=\"2025-12-02T06:08:35+00:00\" \/>\n<meta property=\"og:image\" content=\"https:\/\/www.colorflyprinting.com\/wp-content\/uploads\/2025\/05\/Main-01-11.jpg\" \/>\n\t<meta property=\"og:image:width\" content=\"700\" \/>\n\t<meta property=\"og:image:height\" content=\"700\" \/>\n\t<meta property=\"og:image:type\" content=\"image\/jpeg\" \/>\n<meta name=\"twitter:card\" content=\"summary_large_image\" \/>\n<script type=\"application\/ld+json\" class=\"yoast-schema-graph\">{\"@context\":\"https:\/\/schema.org\",\"@graph\":[{\"@type\":\"WebPage\",\"@id\":\"https:\/\/www.colorflyprinting.com\/product\/tanzania-3-quire-a4-school-notebook-288-pages-wholesale\/\",\"url\":\"https:\/\/www.colorflyprinting.com\/product\/tanzania-3-quire-a4-school-notebook-288-pages-wholesale\/\",\"name\":\"Tanzania 3 Quire A4 School Notebook 288 Pages Wholesale\",\"isPartOf\":{\"@id\":\"https:\/\/www.colorflyprinting.com\/#website\"},\"primaryImageOfPage\":{\"@id\":\"https:\/\/www.colorflyprinting.com\/product\/tanzania-3-quire-a4-school-notebook-288-pages-wholesale\/#primaryimage\"},\"image\":{\"@id\":\"https:\/\/www.colorflyprinting.com\/product\/tanzania-3-quire-a4-school-notebook-288-pages-wholesale\/#primaryimage\"},\"thumbnailUrl\":\"https:\/\/www.colorflyprinting.com\/wp-content\/uploads\/2025\/05\/Main-01-11.jpg\",\"datePublished\":\"2025-05-22T07:11:41+00:00\",\"dateModified\":\"2025-12-02T06:08:35+00:00\",\"description\":\"Buy Tanzania 3 Quire Notebook with 288 pages and strong A4 counter book design. Ideal for school supplies bulk orders. Custom logo & OEM services available.\",\"breadcrumb\":{\"@id\":\"https:\/\/www.colorflyprinting.com\/product\/tanzania-3-quire-a4-school-notebook-288-pages-wholesale\/#breadcrumb\"},\"inLanguage\":\"pt-PT\",\"potentialAction\":[{\"@type\":\"ReadAction\",\"target\":[\"https:\/\/www.colorflyprinting.com\/product\/tanzania-3-quire-a4-school-notebook-288-pages-wholesale\/\"]}]},{\"@type\":\"ImageObject\",\"inLanguage\":\"pt-PT\",\"@id\":\"https:\/\/www.colorflyprinting.com\/product\/tanzania-3-quire-a4-school-notebook-288-pages-wholesale\/#primaryimage\",\"url\":\"https:\/\/www.colorflyprinting.com\/wp-content\/uploads\/2025\/05\/Main-01-11.jpg\",\"contentUrl\":\"https:\/\/www.colorflyprinting.com\/wp-content\/uploads\/2025\/05\/Main-01-11.jpg\",\"width\":700,\"height\":700},{\"@type\":\"BreadcrumbList\",\"@id\":\"https:\/\/www.colorflyprinting.com\/product\/tanzania-3-quire-a4-school-notebook-288-pages-wholesale\/#breadcrumb\",\"itemListElement\":[{\"@type\":\"ListItem\",\"position\":1,\"name\":\"Home\",\"item\":\"https:\/\/www.colorflyprinting.com\/\"},{\"@type\":\"ListItem\",\"position\":2,\"name\":\"Product\",\"item\":\"https:\/\/www.colorflyprinting.com\/shop\/\"},{\"@type\":\"ListItem\",\"position\":3,\"name\":\"Tanzania 3 Quire A4 School Notebook 288 Pages Wholesale\"}]},{\"@type\":\"WebSite\",\"@id\":\"https:\/\/www.colorflyprinting.com\/#website\",\"url\":\"https:\/\/www.colorflyprinting.com\/\",\"name\":\"Hefei Colorfly Stationery Co.,Ltd.\",\"description\":\"\",\"publisher\":{\"@id\":\"https:\/\/www.colorflyprinting.com\/#organization\"},\"potentialAction\":[{\"@type\":\"SearchAction\",\"target\":{\"@type\":\"EntryPoint\",\"urlTemplate\":\"https:\/\/www.colorflyprinting.com\/?s={search_term_string}\"},\"query-input\":{\"@type\":\"PropertyValueSpecification\",\"valueRequired\":true,\"valueName\":\"search_term_string\"}}],\"inLanguage\":\"pt-PT\"},{\"@type\":\"Organization\",\"@id\":\"https:\/\/www.colorflyprinting.com\/#organization\",\"name\":\"Hefei Colorfly Stationery Co.,Ltd.\",\"url\":\"https:\/\/www.colorflyprinting.com\/\",\"logo\":{\"@type\":\"ImageObject\",\"inLanguage\":\"pt-PT\",\"@id\":\"https:\/\/www.colorflyprinting.com\/#\/schema\/logo\/image\/\",\"url\":\"https:\/\/www.colorflyprinting.com\/wp-content\/uploads\/2025\/04\/d167665f943610681229e2f4307b9df.jpg\",\"contentUrl\":\"https:\/\/www.colorflyprinting.com\/wp-content\/uploads\/2025\/04\/d167665f943610681229e2f4307b9df.jpg\",\"width\":780,\"height\":780,\"caption\":\"Hefei Colorfly Stationery Co.,Ltd.\"},\"image\":{\"@id\":\"https:\/\/www.colorflyprinting.com\/#\/schema\/logo\/image\/\"}}]}<\/script>\n<!-- \/ Yoast SEO Premium plugin. -->","yoast_head_json":{"title":"Tanzania 3 Quire A4 School Notebook 288 Pages Wholesale","description":"Buy Tanzania 3 Quire Notebook with 288 pages and strong A4 counter book design. Ideal for school supplies bulk orders. Custom logo & OEM services available.","robots":{"index":"index","follow":"follow","max-snippet":"max-snippet:-1","max-image-preview":"max-image-preview:large","max-video-preview":"max-video-preview:-1"},"canonical":"https:\/\/www.colorflyprinting.com\/pt\/produto\/caderno-escolar-tanzania-3-quire-a4-288-paginas-atacado\/","og_locale":"pt_PT","og_type":"article","og_title":"Tanzania 3 Quire A4 School Notebook 288 Pages Wholesale","og_description":"Buy Tanzania 3 Quire Notebook with 288 pages and strong A4 counter book design. Ideal for school supplies bulk orders. Custom logo & OEM services available.","og_url":"https:\/\/www.colorflyprinting.com\/pt\/produto\/caderno-escolar-tanzania-3-quire-a4-288-paginas-atacado\/","og_site_name":"colorflyprinting","article_modified_time":"2025-12-02T06:08:35+00:00","og_image":[{"width":700,"height":700,"url":"https:\/\/www.colorflyprinting.com\/wp-content\/uploads\/2025\/05\/Main-01-11.jpg","type":"image\/jpeg"}],"twitter_card":"summary_large_image","schema":{"@context":"https:\/\/schema.org","@graph":[{"@type":"WebPage","@id":"https:\/\/www.colorflyprinting.com\/product\/tanzania-3-quire-a4-school-notebook-288-pages-wholesale\/","url":"https:\/\/www.colorflyprinting.com\/product\/tanzania-3-quire-a4-school-notebook-288-pages-wholesale\/","name":"Tanzania 3 Quire A4 School Notebook 288 Pages Wholesale","isPartOf":{"@id":"https:\/\/www.colorflyprinting.com\/#website"},"primaryImageOfPage":{"@id":"https:\/\/www.colorflyprinting.com\/product\/tanzania-3-quire-a4-school-notebook-288-pages-wholesale\/#primaryimage"},"image":{"@id":"https:\/\/www.colorflyprinting.com\/product\/tanzania-3-quire-a4-school-notebook-288-pages-wholesale\/#primaryimage"},"thumbnailUrl":"https:\/\/www.colorflyprinting.com\/wp-content\/uploads\/2025\/05\/Main-01-11.jpg","datePublished":"2025-05-22T07:11:41+00:00","dateModified":"2025-12-02T06:08:35+00:00","description":"Buy Tanzania 3 Quire Notebook with 288 pages and strong A4 counter book design. Ideal for school supplies bulk orders. Custom logo & OEM services available.","breadcrumb":{"@id":"https:\/\/www.colorflyprinting.com\/product\/tanzania-3-quire-a4-school-notebook-288-pages-wholesale\/#breadcrumb"},"inLanguage":"pt-PT","potentialAction":[{"@type":"ReadAction","target":["https:\/\/www.colorflyprinting.com\/product\/tanzania-3-quire-a4-school-notebook-288-pages-wholesale\/"]}]},{"@type":"ImageObject","inLanguage":"pt-PT","@id":"https:\/\/www.colorflyprinting.com\/product\/tanzania-3-quire-a4-school-notebook-288-pages-wholesale\/#primaryimage","url":"https:\/\/www.colorflyprinting.com\/wp-content\/uploads\/2025\/05\/Main-01-11.jpg","contentUrl":"https:\/\/www.colorflyprinting.com\/wp-content\/uploads\/2025\/05\/Main-01-11.jpg","width":700,"height":700},{"@type":"BreadcrumbList","@id":"https:\/\/www.colorflyprinting.com\/product\/tanzania-3-quire-a4-school-notebook-288-pages-wholesale\/#breadcrumb","itemListElement":[{"@type":"ListItem","position":1,"name":"Home","item":"https:\/\/www.colorflyprinting.com\/"},{"@type":"ListItem","position":2,"name":"Product","item":"https:\/\/www.colorflyprinting.com\/shop\/"},{"@type":"ListItem","position":3,"name":"Tanzania 3 Quire A4 School Notebook 288 Pages Wholesale"}]},{"@type":"WebSite","@id":"https:\/\/www.colorflyprinting.com\/#website","url":"https:\/\/www.colorflyprinting.com\/","name":"Hefei Colorfly Stationery Co.,Ltd.","description":"","publisher":{"@id":"https:\/\/www.colorflyprinting.com\/#organization"},"potentialAction":[{"@type":"SearchAction","target":{"@type":"EntryPoint","urlTemplate":"https:\/\/www.colorflyprinting.com\/?s={search_term_string}"},"query-input":{"@type":"PropertyValueSpecification","valueRequired":true,"valueName":"search_term_string"}}],"inLanguage":"pt-PT"},{"@type":"Organization","@id":"https:\/\/www.colorflyprinting.com\/#organization","name":"Hefei Colorfly Stationery Co.,Ltd.","url":"https:\/\/www.colorflyprinting.com\/","logo":{"@type":"ImageObject","inLanguage":"pt-PT","@id":"https:\/\/www.colorflyprinting.com\/#\/schema\/logo\/image\/","url":"https:\/\/www.colorflyprinting.com\/wp-content\/uploads\/2025\/04\/d167665f943610681229e2f4307b9df.jpg","contentUrl":"https:\/\/www.colorflyprinting.com\/wp-content\/uploads\/2025\/04\/d167665f943610681229e2f4307b9df.jpg","width":780,"height":780,"caption":"Hefei Colorfly Stationery Co.,Ltd."},"image":{"@id":"https:\/\/www.colorflyprinting.com\/#\/schema\/logo\/image\/"}}]}},"_links":{"self":[{"href":"https:\/\/www.colorflyprinting.com\/pt\/wp-json\/wp\/v2\/product\/15737","targetHints":{"allow":["GET"]}}],"collection":[{"href":"https:\/\/www.colorflyprinting.com\/pt\/wp-json\/wp\/v2\/product"}],"about":[{"href":"https:\/\/www.colorflyprinting.com\/pt\/wp-json\/wp\/v2\/types\/product"}],"replies":[{"embeddable":true,"href":"https:\/\/www.colorflyprinting.com\/pt\/wp-json\/wp\/v2\/comments?post=15737"}],"wp:featuredmedia":[{"embeddable":true,"href":"https:\/\/www.colorflyprinting.com\/pt\/wp-json\/wp\/v2\/media\/15743"}],"wp:attachment":[{"href":"https:\/\/www.colorflyprinting.com\/pt\/wp-json\/wp\/v2\/media?parent=15737"}],"wp:term":[{"taxonomy":"product_brand","embeddable":true,"href":"https:\/\/www.colorflyprinting.com\/pt\/wp-json\/wp\/v2\/product_brand?post=15737"},{"taxonomy":"product_cat","embeddable":true,"href":"https:\/\/www.colorflyprinting.com\/pt\/wp-json\/wp\/v2\/product_cat?post=15737"},{"taxonomy":"product_tag","embeddable":true,"href":"https:\/\/www.colorflyprinting.com\/pt\/wp-json\/wp\/v2\/product_tag?post=15737"}],"curies":[{"name":"wp","href":"https:\/\/api.w.org\/{rel}","templated":true}]}}