{"id":15715,"date":"2025-05-22T06:48:22","date_gmt":"2025-05-22T06:48:22","guid":{"rendered":"https:\/\/www.colorflyprinting.com\/?post_type=product&#038;p=15715"},"modified":"2025-12-02T06:09:39","modified_gmt":"2025-12-02T06:09:39","slug":"custom-manuscript-book-2-quire-counter-notebook-a6-a5-a4","status":"publish","type":"product","link":"https:\/\/www.colorflyprinting.com\/pt\/produto\/caderno-manuscrito-personalizado-2-cadernos-de-balcao-a6-a5-a4\/","title":{"rendered":"Caderno de Manuscritos Personalizados 2 Quire Counter A6 A5 A4"},"content":{"rendered":"<div class=\"J_module\">\n<div id=\"ali-anchor-AliMagic-ez380s\" class=\"magic-0\" data-section=\"AliMagic-ez380s\" data-section-title=\"Product Description\" data-spm-anchor-id=\"a2700.details-description.0.i0.98e5wH1VwH1V8U\"><\/div>\n<\/div>\n<div class=\"J_module\">\n<div class=\"ife-detail-decorate-table\">\n<table class=\"all magic-1\">\n<tbody>\n<tr>\n<td>\n<div class=\"magic-2\">Gama de produtos<\/div>\n<\/td>\n<td colspan=\"3\">\n<div class=\"magic-3\">Caderno, caderno de exerc\u00edcios, caderno de couro, bloco de recarga, caderno de desenho, caderno de disciplina, livro did\u00e1tico, revista, caderno de reda\u00e7\u00e3o, livro de contabilidade etc.<\/div>\n<\/td>\n<\/tr>\n<tr>\n<td>\n<div class=\"magic-2\">Nome do produto<\/div>\n<\/td>\n<td colspan=\"3\">\n<div class=\"magic-3\">Caderno de manuscritos personalizado com 2 folhas, bloco de notas A6, A5 e A4<\/div>\n<\/td>\n<\/tr>\n<tr>\n<td>\n<div class=\"magic-2\">Tamanho do produto<\/div>\n<\/td>\n<td colspan=\"3\">\n<div class=\"magic-5\">A3 \/ A4 \/ A5 \/ A6 \/ B5 ou de acordo com os requisitos espec\u00edficos do cliente<\/div>\n<\/td>\n<\/tr>\n<tr>\n<td>\n<div class=\"magic-2\">Material de capa<\/div>\n<\/td>\n<td colspan=\"3\">\n<div class=\"magic-5\">Papel de arte, papel brilhante, cart\u00e3o marfim, papel\u00e3o cinza, fundo branco, papel kraft, capa pp, capa pvc etc.<\/div>\n<\/td>\n<\/tr>\n<tr>\n<td>\n<div class=\"magic-2\">Material de papel interno<\/div>\n<\/td>\n<td colspan=\"3\">\n<div class=\"magic-5\">Papel sem madeira, papel virgem, papel offset, papel para escrever, papel reciclado, jornal, papel para artesanato, etc.<\/div>\n<\/td>\n<\/tr>\n<tr>\n<td>\n<div class=\"magic-2\">\u00a0Vinculativo<\/div>\n<\/td>\n<td colspan=\"3\">\n<div class=\"magic-3\">Encaderna\u00e7\u00e3o com grampos, encaderna\u00e7\u00e3o com cola, encaderna\u00e7\u00e3o com costura, encaderna\u00e7\u00e3o perfeita, encaderna\u00e7\u00e3o com wire-o, encaderna\u00e7\u00e3o com fita, etc.<\/div>\n<\/td>\n<\/tr>\n<tr>\n<td>\n<div class=\"magic-2\">Pacote<\/div>\n<\/td>\n<td colspan=\"3\">\n<div class=\"magic-3\">Saco retr\u00e1til \/ caixa de papel\u00e3o ou de acordo com os requisitos<\/div>\n<\/td>\n<\/tr>\n<tr>\n<td>\n<div class=\"magic-2\">Entrega<\/div>\n<\/td>\n<td colspan=\"3\">\n<div class=\"magic-3\">Sujeito \u00e0 quantidade de pedidos<\/div>\n<\/td>\n<\/tr>\n<tr>\n<td>\n<div class=\"magic-2\">Cota\u00e7\u00e3o<\/div>\n<\/td>\n<td colspan=\"3\">\n<div class=\"magic-3\">Com base no material, tamanho, quantidade, cor de impress\u00e3o e acabamento, etc.<\/div>\n<\/td>\n<\/tr>\n<\/tbody>\n<\/table>\n<\/div>\n<\/div>","protected":false},"excerpt":{"rendered":"<p data-start=\"517\" data-end=\"941\">Procurando um confi\u00e1vel <strong data-start=\"540\" data-end=\"566\">livro manuscrito personalizado<\/strong> fornecedor para as suas necessidades comerciais em massa? O Caderno de Contagem 2 Quire, dispon\u00edvel em <strong data-start=\"649\" data-end=\"673\">Tamanhos A6, A5 e A4<\/strong>, \u00e9 uma escolha popular entre escolas, escrit\u00f3rios e papelarias em toda a \u00c1frica, Oriente M\u00e9dio e outros lugares. Conhecido por sua encaderna\u00e7\u00e3o dur\u00e1vel, pautas consistentes e layout de p\u00e1gina limpo, este caderno foi projetado para suportar tarefas de escrita e registro de longo prazo.<\/p>\n<p data-start=\"943\" data-end=\"1256\">Quer voc\u00ea esteja procurando por <strong data-start=\"971\" data-end=\"999\">institui\u00e7\u00f5es educacionais<\/strong>, <strong data-start=\"1001\" data-end=\"1018\">uso corporativo<\/strong>, ou <strong data-start=\"1023\" data-end=\"1050\">distribui\u00e7\u00e3o de artigos de papelaria<\/strong>, um <strong data-start=\"1054\" data-end=\"1074\">2 cadernos de papelaria<\/strong> oferece o equil\u00edbrio ideal entre capacidade e portabilidade. Escolha entre diversos materiais de capa, contagens de p\u00e1ginas e op\u00e7\u00f5es de personaliza\u00e7\u00e3o, incluindo logotipos, cores e layouts internos.<\/p>\n<p data-start=\"1258\" data-end=\"1543\">Como profissional <strong data-start=\"1276\" data-end=\"1301\">fabricante de notebooks<\/strong>Oferecemos solu\u00e7\u00f5es flex\u00edveis de OEM\/ODM, pre\u00e7os competitivos de atacado e prazos de entrega r\u00e1pidos. Nossos cadernos s\u00e3o impressos com papel premium que resiste a manchas de tinta e proporciona uma escrita suave, tornando-os ideais para usu\u00e1rios de caneta e l\u00e1pis.<\/p>\n<p data-start=\"1545\" data-end=\"1738\">Se voc\u00ea est\u00e1 planejando importar <strong data-start=\"1574\" data-end=\"1591\">livros de balc\u00e3o<\/strong> ou <strong data-start=\"1595\" data-end=\"1619\">cadernos manuscritos<\/strong> em grandes quantidades, entre em contato conosco hoje mesmo. Obtenha consultoria especializada, amostras gr\u00e1tis e op\u00e7\u00f5es personalizadas de acordo com as demandas do seu mercado.<\/p>\n<p data-start=\"1545\" data-end=\"1738\">\n<p data-start=\"1545\" data-end=\"1738\"><strong>Fornecedor:<\/strong> Impress\u00e3o colorida<br \/>\n<strong>Vinculativo:<\/strong>Encaderna\u00e7\u00e3o com fita\/grampo\/costura<br \/>\n<strong>Tamanho:<\/strong> A3\/A4\/A5\/A6\/B5ou personalizado<br \/>\n<strong>Tipo:<\/strong>Livro de balc\u00e3o de capa dura<br \/>\n<strong>Material de capa<\/strong>\uff1aPersonalizado dispon\u00edvel<br \/>\n<strong>Impress\u00e3o:<\/strong>Impress\u00e3o offset 4c<br \/>\n<strong>Folhas:<\/strong> 32\/50\/100\/200\/288\/300 folhas<br \/>\n<strong>Embalagem:<\/strong> Embalagem regular (saco retr\u00e1til e caixa externa) ou com base na solicita\u00e7\u00e3o do cliente<br \/>\n<strong>Logotipo:<\/strong>Aceitar logotipo personalizado<br \/>\n<strong>Quantidade m\u00ednima:<\/strong> 5000 pe\u00e7as<br \/>\n<strong>Fabricante original:<\/strong> Sim<\/p>","protected":false},"featured_media":15720,"comment_status":"open","ping_status":"closed","template":"","meta":[],"product_brand":[],"product_cat":[449],"product_tag":[684,350,685,683],"class_list":{"0":"post-15715","1":"product","2":"type-product","3":"status-publish","4":"has-post-thumbnail","6":"product_cat-hardcover-notebook","7":"product_tag-2-quire-counter-notebook","8":"product_tag-a4-counter-book","9":"product_tag-custom-manuscript-book","10":"product_tag-hardcover-counter-book","12":"first","13":"instock","14":"shipping-taxable","15":"product-type-simple"},"yoast_head":"<!-- This site is optimized with the Yoast SEO Premium plugin v23.9 (Yoast SEO v25.2) - https:\/\/yoast.com\/wordpress\/plugins\/seo\/ -->\n<title>Custom Manuscript Book | 2 Quire Counter Notebook A6 A4<\/title>\n<meta name=\"description\" content=\"Buy high-quality Custom Manuscript Books in 2 Quire format. Available in A6, A5, and A4 sizes. Perfect for school, office, or wholesale supply needs.\" \/>\n<meta name=\"robots\" content=\"index, follow, max-snippet:-1, max-image-preview:large, max-video-preview:-1\" \/>\n<link rel=\"canonical\" href=\"https:\/\/www.colorflyprinting.com\/pt\/produto\/caderno-manuscrito-personalizado-2-cadernos-de-balcao-a6-a5-a4\/\" \/>\n<meta property=\"og:locale\" content=\"pt_PT\" \/>\n<meta property=\"og:type\" content=\"article\" \/>\n<meta property=\"og:title\" content=\"Custom Manuscript Book 2 Quire Counter Notebook A6 A5 A4\" \/>\n<meta property=\"og:description\" content=\"Buy high-quality Custom Manuscript Books in 2 Quire format. Available in A6, A5, and A4 sizes. Perfect for school, office, or wholesale supply needs.\" \/>\n<meta property=\"og:url\" content=\"https:\/\/www.colorflyprinting.com\/pt\/produto\/caderno-manuscrito-personalizado-2-cadernos-de-balcao-a6-a5-a4\/\" \/>\n<meta property=\"og:site_name\" content=\"colorflyprinting\" \/>\n<meta property=\"article:modified_time\" content=\"2025-12-02T06:09:39+00:00\" \/>\n<meta property=\"og:image\" content=\"https:\/\/www.colorflyprinting.com\/wp-content\/uploads\/2025\/05\/Main-07-4.jpg\" \/>\n\t<meta property=\"og:image:width\" content=\"700\" \/>\n\t<meta property=\"og:image:height\" content=\"700\" \/>\n\t<meta property=\"og:image:type\" content=\"image\/jpeg\" \/>\n<meta name=\"twitter:card\" content=\"summary_large_image\" \/>\n<meta name=\"twitter:label1\" content=\"Tempo estimado de leitura\" \/>\n\t<meta name=\"twitter:data1\" content=\"1 minuto\" \/>\n<script type=\"application\/ld+json\" class=\"yoast-schema-graph\">{\"@context\":\"https:\/\/schema.org\",\"@graph\":[{\"@type\":\"WebPage\",\"@id\":\"https:\/\/www.colorflyprinting.com\/product\/custom-manuscript-book-2-quire-counter-notebook-a6-a5-a4\/\",\"url\":\"https:\/\/www.colorflyprinting.com\/product\/custom-manuscript-book-2-quire-counter-notebook-a6-a5-a4\/\",\"name\":\"Custom Manuscript Book | 2 Quire Counter Notebook A6 A4\",\"isPartOf\":{\"@id\":\"https:\/\/www.colorflyprinting.com\/#website\"},\"primaryImageOfPage\":{\"@id\":\"https:\/\/www.colorflyprinting.com\/product\/custom-manuscript-book-2-quire-counter-notebook-a6-a5-a4\/#primaryimage\"},\"image\":{\"@id\":\"https:\/\/www.colorflyprinting.com\/product\/custom-manuscript-book-2-quire-counter-notebook-a6-a5-a4\/#primaryimage\"},\"thumbnailUrl\":\"https:\/\/www.colorflyprinting.com\/wp-content\/uploads\/2025\/05\/Main-07-4.jpg\",\"datePublished\":\"2025-05-22T06:48:22+00:00\",\"dateModified\":\"2025-12-02T06:09:39+00:00\",\"description\":\"Buy high-quality Custom Manuscript Books in 2 Quire format. Available in A6, A5, and A4 sizes. Perfect for school, office, or wholesale supply needs.\",\"breadcrumb\":{\"@id\":\"https:\/\/www.colorflyprinting.com\/product\/custom-manuscript-book-2-quire-counter-notebook-a6-a5-a4\/#breadcrumb\"},\"inLanguage\":\"pt-PT\",\"potentialAction\":[{\"@type\":\"ReadAction\",\"target\":[\"https:\/\/www.colorflyprinting.com\/product\/custom-manuscript-book-2-quire-counter-notebook-a6-a5-a4\/\"]}]},{\"@type\":\"ImageObject\",\"inLanguage\":\"pt-PT\",\"@id\":\"https:\/\/www.colorflyprinting.com\/product\/custom-manuscript-book-2-quire-counter-notebook-a6-a5-a4\/#primaryimage\",\"url\":\"https:\/\/www.colorflyprinting.com\/wp-content\/uploads\/2025\/05\/Main-07-4.jpg\",\"contentUrl\":\"https:\/\/www.colorflyprinting.com\/wp-content\/uploads\/2025\/05\/Main-07-4.jpg\",\"width\":700,\"height\":700},{\"@type\":\"BreadcrumbList\",\"@id\":\"https:\/\/www.colorflyprinting.com\/product\/custom-manuscript-book-2-quire-counter-notebook-a6-a5-a4\/#breadcrumb\",\"itemListElement\":[{\"@type\":\"ListItem\",\"position\":1,\"name\":\"Home\",\"item\":\"https:\/\/www.colorflyprinting.com\/\"},{\"@type\":\"ListItem\",\"position\":2,\"name\":\"Product\",\"item\":\"https:\/\/www.colorflyprinting.com\/shop\/\"},{\"@type\":\"ListItem\",\"position\":3,\"name\":\"Custom Manuscript Book 2 Quire Counter Notebook A6 A5 A4\"}]},{\"@type\":\"WebSite\",\"@id\":\"https:\/\/www.colorflyprinting.com\/#website\",\"url\":\"https:\/\/www.colorflyprinting.com\/\",\"name\":\"Hefei Colorfly Stationery Co.,Ltd.\",\"description\":\"\",\"publisher\":{\"@id\":\"https:\/\/www.colorflyprinting.com\/#organization\"},\"potentialAction\":[{\"@type\":\"SearchAction\",\"target\":{\"@type\":\"EntryPoint\",\"urlTemplate\":\"https:\/\/www.colorflyprinting.com\/?s={search_term_string}\"},\"query-input\":{\"@type\":\"PropertyValueSpecification\",\"valueRequired\":true,\"valueName\":\"search_term_string\"}}],\"inLanguage\":\"pt-PT\"},{\"@type\":\"Organization\",\"@id\":\"https:\/\/www.colorflyprinting.com\/#organization\",\"name\":\"Hefei Colorfly Stationery Co.,Ltd.\",\"url\":\"https:\/\/www.colorflyprinting.com\/\",\"logo\":{\"@type\":\"ImageObject\",\"inLanguage\":\"pt-PT\",\"@id\":\"https:\/\/www.colorflyprinting.com\/#\/schema\/logo\/image\/\",\"url\":\"https:\/\/www.colorflyprinting.com\/wp-content\/uploads\/2025\/04\/d167665f943610681229e2f4307b9df.jpg\",\"contentUrl\":\"https:\/\/www.colorflyprinting.com\/wp-content\/uploads\/2025\/04\/d167665f943610681229e2f4307b9df.jpg\",\"width\":780,\"height\":780,\"caption\":\"Hefei Colorfly Stationery Co.,Ltd.\"},\"image\":{\"@id\":\"https:\/\/www.colorflyprinting.com\/#\/schema\/logo\/image\/\"}}]}<\/script>\n<!-- \/ Yoast SEO Premium plugin. -->","yoast_head_json":{"title":"Custom Manuscript Book | 2 Quire Counter Notebook A6 A4","description":"Buy high-quality Custom Manuscript Books in 2 Quire format. Available in A6, A5, and A4 sizes. Perfect for school, office, or wholesale supply needs.","robots":{"index":"index","follow":"follow","max-snippet":"max-snippet:-1","max-image-preview":"max-image-preview:large","max-video-preview":"max-video-preview:-1"},"canonical":"https:\/\/www.colorflyprinting.com\/pt\/produto\/caderno-manuscrito-personalizado-2-cadernos-de-balcao-a6-a5-a4\/","og_locale":"pt_PT","og_type":"article","og_title":"Custom Manuscript Book 2 Quire Counter Notebook A6 A5 A4","og_description":"Buy high-quality Custom Manuscript Books in 2 Quire format. Available in A6, A5, and A4 sizes. Perfect for school, office, or wholesale supply needs.","og_url":"https:\/\/www.colorflyprinting.com\/pt\/produto\/caderno-manuscrito-personalizado-2-cadernos-de-balcao-a6-a5-a4\/","og_site_name":"colorflyprinting","article_modified_time":"2025-12-02T06:09:39+00:00","og_image":[{"width":700,"height":700,"url":"https:\/\/www.colorflyprinting.com\/wp-content\/uploads\/2025\/05\/Main-07-4.jpg","type":"image\/jpeg"}],"twitter_card":"summary_large_image","twitter_misc":{"Tempo estimado de leitura":"1 minuto"},"schema":{"@context":"https:\/\/schema.org","@graph":[{"@type":"WebPage","@id":"https:\/\/www.colorflyprinting.com\/product\/custom-manuscript-book-2-quire-counter-notebook-a6-a5-a4\/","url":"https:\/\/www.colorflyprinting.com\/product\/custom-manuscript-book-2-quire-counter-notebook-a6-a5-a4\/","name":"Custom Manuscript Book | 2 Quire Counter Notebook A6 A4","isPartOf":{"@id":"https:\/\/www.colorflyprinting.com\/#website"},"primaryImageOfPage":{"@id":"https:\/\/www.colorflyprinting.com\/product\/custom-manuscript-book-2-quire-counter-notebook-a6-a5-a4\/#primaryimage"},"image":{"@id":"https:\/\/www.colorflyprinting.com\/product\/custom-manuscript-book-2-quire-counter-notebook-a6-a5-a4\/#primaryimage"},"thumbnailUrl":"https:\/\/www.colorflyprinting.com\/wp-content\/uploads\/2025\/05\/Main-07-4.jpg","datePublished":"2025-05-22T06:48:22+00:00","dateModified":"2025-12-02T06:09:39+00:00","description":"Buy high-quality Custom Manuscript Books in 2 Quire format. Available in A6, A5, and A4 sizes. Perfect for school, office, or wholesale supply needs.","breadcrumb":{"@id":"https:\/\/www.colorflyprinting.com\/product\/custom-manuscript-book-2-quire-counter-notebook-a6-a5-a4\/#breadcrumb"},"inLanguage":"pt-PT","potentialAction":[{"@type":"ReadAction","target":["https:\/\/www.colorflyprinting.com\/product\/custom-manuscript-book-2-quire-counter-notebook-a6-a5-a4\/"]}]},{"@type":"ImageObject","inLanguage":"pt-PT","@id":"https:\/\/www.colorflyprinting.com\/product\/custom-manuscript-book-2-quire-counter-notebook-a6-a5-a4\/#primaryimage","url":"https:\/\/www.colorflyprinting.com\/wp-content\/uploads\/2025\/05\/Main-07-4.jpg","contentUrl":"https:\/\/www.colorflyprinting.com\/wp-content\/uploads\/2025\/05\/Main-07-4.jpg","width":700,"height":700},{"@type":"BreadcrumbList","@id":"https:\/\/www.colorflyprinting.com\/product\/custom-manuscript-book-2-quire-counter-notebook-a6-a5-a4\/#breadcrumb","itemListElement":[{"@type":"ListItem","position":1,"name":"Home","item":"https:\/\/www.colorflyprinting.com\/"},{"@type":"ListItem","position":2,"name":"Product","item":"https:\/\/www.colorflyprinting.com\/shop\/"},{"@type":"ListItem","position":3,"name":"Custom Manuscript Book 2 Quire Counter Notebook A6 A5 A4"}]},{"@type":"WebSite","@id":"https:\/\/www.colorflyprinting.com\/#website","url":"https:\/\/www.colorflyprinting.com\/","name":"Hefei Colorfly Stationery Co.,Ltd.","description":"","publisher":{"@id":"https:\/\/www.colorflyprinting.com\/#organization"},"potentialAction":[{"@type":"SearchAction","target":{"@type":"EntryPoint","urlTemplate":"https:\/\/www.colorflyprinting.com\/?s={search_term_string}"},"query-input":{"@type":"PropertyValueSpecification","valueRequired":true,"valueName":"search_term_string"}}],"inLanguage":"pt-PT"},{"@type":"Organization","@id":"https:\/\/www.colorflyprinting.com\/#organization","name":"Hefei Colorfly Stationery Co.,Ltd.","url":"https:\/\/www.colorflyprinting.com\/","logo":{"@type":"ImageObject","inLanguage":"pt-PT","@id":"https:\/\/www.colorflyprinting.com\/#\/schema\/logo\/image\/","url":"https:\/\/www.colorflyprinting.com\/wp-content\/uploads\/2025\/04\/d167665f943610681229e2f4307b9df.jpg","contentUrl":"https:\/\/www.colorflyprinting.com\/wp-content\/uploads\/2025\/04\/d167665f943610681229e2f4307b9df.jpg","width":780,"height":780,"caption":"Hefei Colorfly Stationery Co.,Ltd."},"image":{"@id":"https:\/\/www.colorflyprinting.com\/#\/schema\/logo\/image\/"}}]}},"_links":{"self":[{"href":"https:\/\/www.colorflyprinting.com\/pt\/wp-json\/wp\/v2\/product\/15715","targetHints":{"allow":["GET"]}}],"collection":[{"href":"https:\/\/www.colorflyprinting.com\/pt\/wp-json\/wp\/v2\/product"}],"about":[{"href":"https:\/\/www.colorflyprinting.com\/pt\/wp-json\/wp\/v2\/types\/product"}],"replies":[{"embeddable":true,"href":"https:\/\/www.colorflyprinting.com\/pt\/wp-json\/wp\/v2\/comments?post=15715"}],"wp:featuredmedia":[{"embeddable":true,"href":"https:\/\/www.colorflyprinting.com\/pt\/wp-json\/wp\/v2\/media\/15720"}],"wp:attachment":[{"href":"https:\/\/www.colorflyprinting.com\/pt\/wp-json\/wp\/v2\/media?parent=15715"}],"wp:term":[{"taxonomy":"product_brand","embeddable":true,"href":"https:\/\/www.colorflyprinting.com\/pt\/wp-json\/wp\/v2\/product_brand?post=15715"},{"taxonomy":"product_cat","embeddable":true,"href":"https:\/\/www.colorflyprinting.com\/pt\/wp-json\/wp\/v2\/product_cat?post=15715"},{"taxonomy":"product_tag","embeddable":true,"href":"https:\/\/www.colorflyprinting.com\/pt\/wp-json\/wp\/v2\/product_tag?post=15715"}],"curies":[{"name":"wp","href":"https:\/\/api.w.org\/{rel}","templated":true}]}}