{"id":12672,"date":"2025-04-30T07:27:06","date_gmt":"2025-04-30T07:27:06","guid":{"rendered":"https:\/\/www.colorflyprinting.com\/?post_type=product&#038;p=12672"},"modified":"2025-12-02T06:13:49","modified_gmt":"2025-12-02T06:13:49","slug":"spiral-journal-notebook-customized-sticky-notes-memo-pads-set","status":"publish","type":"product","link":"https:\/\/www.colorflyprinting.com\/pt\/produto\/conjunto-de-blocos-de-notas-adesivos-personalizados-com-caderno-espiral\/","title":{"rendered":"Conjunto de blocos de notas adesivos personalizados com caderno espiral"},"content":{"rendered":"<div class=\"detail-decorate-json-renderer-container\">\n<div class=\"magic-1\">\n<div class=\"magic-2\">\n<div class=\"magic-3\">\n<div class=\"magic-4\"><b data-spm-anchor-id=\"a2700.details.0.i84.4ea53cc7oOaiIj\">Caderno espiral<\/b><\/p>\n<div>*Blocos de notas tamanho A6 com adesivos<br \/>\n*Bloco de notas espiral personalizado<\/div>\n<div><\/div>\n<\/div>\n<\/div>\n<\/div>\n<\/div>\n<\/div>\n<div class=\"ife-detail-decorate-table\">\n<table class=\"hight-light-first-column all magic-5\">\n<tbody>\n<tr>\n<td colspan=\"1\" rowspan=\"1\">\n<div class=\"magic-6\"><b>Nome do produto<\/b><\/div>\n<\/td>\n<td colspan=\"1\" rowspan=\"1\">\n<div class=\"magic-7\">Blocos de notas em espiral<\/div>\n<\/td>\n<td colspan=\"1\" rowspan=\"1\">\n<div class=\"magic-8\"><b>Estilo<\/b><\/div>\n<\/td>\n<td colspan=\"1\" rowspan=\"1\">\n<div class=\"magic-9\">Port\u00e1til<\/div>\n<\/td>\n<\/tr>\n<tr>\n<td colspan=\"1\" rowspan=\"1\">\n<div class=\"magic-6\"><b>Marca<\/b><\/div>\n<\/td>\n<td colspan=\"1\" rowspan=\"1\">\n<div class=\"magic-7\">Colorfly<\/div>\n<\/td>\n<td colspan=\"1\" rowspan=\"1\">\n<div class=\"magic-8\"><b>Cor<\/b><\/div>\n<\/td>\n<td colspan=\"1\" rowspan=\"1\">\n<div class=\"magic-9\">Vermelho, preto, azul, laranja, etc.<\/div>\n<\/td>\n<\/tr>\n<tr>\n<td colspan=\"1\" rowspan=\"1\">\n<div class=\"magic-6\"><b data-spm-anchor-id=\"0.0.0.i13.59844f05FTmCKL\">Vinculativo<\/b><\/div>\n<\/td>\n<td colspan=\"1\" rowspan=\"1\">\n<div class=\"magic-7\">Encaderna\u00e7\u00e3o em espiral dupla<\/div>\n<\/td>\n<td colspan=\"1\" rowspan=\"1\">\n<div class=\"magic-8\"><b>Local do Produto<\/b><\/div>\n<\/td>\n<td colspan=\"1\" rowspan=\"1\">\n<div class=\"magic-9\">Prov\u00edncia de Anhui, China<\/div>\n<\/td>\n<\/tr>\n<tr>\n<td colspan=\"1\" rowspan=\"1\">\n<div class=\"magic-6\"><b data-spm-anchor-id=\"0.0.0.i11.59844f05FTmCKL\">Material<\/b><\/div>\n<\/td>\n<td colspan=\"1\" rowspan=\"1\">\n<div class=\"magic-7\">Capa PP + papel 80g<\/div>\n<\/td>\n<td colspan=\"1\" rowspan=\"1\">\n<div class=\"magic-8\"><b data-spm-anchor-id=\"a2700.siteadmin.0.i26.294bac40e4fGpC\">Modos de embalagem<\/b><\/div>\n<\/td>\n<td colspan=\"1\" rowspan=\"1\">\n<div class=\"magic-9\">1 pe\u00e7a\/bolsa opp<\/div>\n<\/td>\n<\/tr>\n<tr>\n<td colspan=\"1\" rowspan=\"1\">\n<div class=\"magic-6\"><b>Tamanho<\/b><\/div>\n<\/td>\n<td colspan=\"1\" rowspan=\"1\">\n<div class=\"magic-7\">A6 (105x150mm) ou personalizado<\/div>\n<\/td>\n<td colspan=\"1\" rowspan=\"1\">\n<div class=\"magic-8\"><b>Servi\u00e7o p\u00f3s-venda<\/b><\/div>\n<\/td>\n<td colspan=\"1\" rowspan=\"1\">\n<div class=\"magic-9\">Respons\u00e1vel<\/div>\n<\/td>\n<\/tr>\n<\/tbody>\n<\/table>\n<\/div>","protected":false},"excerpt":{"rendered":"<p><strong>Conjunto de caderno espiral personalizado com notas adesivas e blocos de notas. Perfeito para escola, escrit\u00f3rio ou presentes. Compacto, dur\u00e1vel e dispon\u00edvel em grandes quantidades a pre\u00e7os excelentes.<\/strong><\/p>\n<p><strong>Fornecedor:<\/strong> Impress\u00e3o colorida<br \/>\n<strong>Nome do item:<\/strong> Bloco de notas adesivas<br \/>\n<strong>Vinculativo:<\/strong>Costura de sela, encaderna\u00e7\u00e3o com grampo<br \/>\n<strong>Tamanho:<\/strong> A5 ou personalizado<br \/>\n<strong>Tipo:<\/strong>Blocos de notas<br \/>\n<strong>Cobrir:<\/strong> Capa de pl\u00e1stico pp transparente<br \/>\n<strong>Cor do produto<\/strong>\uff1aVermelho, preto, caf\u00e9, azul, laranja etc.<br \/>\n<strong>Impress\u00e3o:<\/strong>Impress\u00e3o offset 4c<br \/>\n<strong>Folhas:<\/strong> 70 folhas<br \/>\n<strong>Embalagem:<\/strong> 1 pe\u00e7a\/saco opp + caixas ou personalizado conforme solicita\u00e7\u00e3o do cliente<br \/>\n<strong>Logotipo:<\/strong>Aceitar logotipo personalizado<br \/>\n<strong>Quantidade m\u00ednima:<\/strong> 10000 pe\u00e7as<br \/>\n<strong>Fabricante original:<\/strong> Sim<br \/>\n<strong>Situa\u00e7\u00e3o<\/strong>:Escrit\u00f3rio\/Escola\/Casa\/Presente<\/p>\n<p>&nbsp;<\/p>\n<h2>Nosso servi\u00e7o<\/h2>\n<p>Venda direta do fabricante h\u00e1 mais de 13 anos<br \/>\nSuporte de servi\u00e7o OEM<br \/>\nSuporte a pacotes personalizados<\/p>","protected":false},"featured_media":12675,"comment_status":"open","ping_status":"closed","template":"","meta":[],"product_brand":[],"product_cat":[392],"product_tag":[641,640,642],"class_list":{"0":"post-12672","1":"product","2":"type-product","3":"status-publish","4":"has-post-thumbnail","6":"product_cat-spiral-notebook","7":"product_tag-customized-sticky-notes","8":"product_tag-spiral-journal-notebook","9":"product_tag-spiral-notebook","11":"first","12":"instock","13":"shipping-taxable","14":"product-type-simple"},"yoast_head":"<!-- This site is optimized with the Yoast SEO Premium plugin v23.9 (Yoast SEO v25.2) - https:\/\/yoast.com\/wordpress\/plugins\/seo\/ -->\n<title>Custom Spiral Journal Notebook with Sticky Notes Set- Colorfly<\/title>\n<meta name=\"description\" content=\"Customized spiral journal notebook set with sticky notes and memo pads. Perfect for school, office, or gifts. Compact, durable, and available in bulk at great prices.\" \/>\n<meta name=\"robots\" content=\"index, follow, max-snippet:-1, max-image-preview:large, max-video-preview:-1\" \/>\n<link rel=\"canonical\" href=\"https:\/\/www.colorflyprinting.com\/pt\/produto\/conjunto-de-blocos-de-notas-adesivos-personalizados-com-caderno-espiral\/\" \/>\n<meta property=\"og:locale\" content=\"pt_PT\" \/>\n<meta property=\"og:type\" content=\"article\" \/>\n<meta property=\"og:title\" content=\"Spiral Journal Notebook Customized Sticky Notes Memo Pads Set\" \/>\n<meta property=\"og:description\" content=\"Customized spiral journal notebook set with sticky notes and memo pads. Perfect for school, office, or gifts. Compact, durable, and available in bulk at great prices.\" \/>\n<meta property=\"og:url\" content=\"https:\/\/www.colorflyprinting.com\/pt\/produto\/conjunto-de-blocos-de-notas-adesivos-personalizados-com-caderno-espiral\/\" \/>\n<meta property=\"og:site_name\" content=\"colorflyprinting\" \/>\n<meta property=\"article:modified_time\" content=\"2025-12-02T06:13:49+00:00\" \/>\n<meta property=\"og:image\" content=\"https:\/\/www.colorflyprinting.com\/wp-content\/uploads\/2025\/04\/Main-06-43.jpg\" \/>\n\t<meta property=\"og:image:width\" content=\"750\" \/>\n\t<meta property=\"og:image:height\" content=\"750\" \/>\n\t<meta property=\"og:image:type\" content=\"image\/jpeg\" \/>\n<meta name=\"twitter:card\" content=\"summary_large_image\" \/>\n<script type=\"application\/ld+json\" class=\"yoast-schema-graph\">{\"@context\":\"https:\/\/schema.org\",\"@graph\":[{\"@type\":\"WebPage\",\"@id\":\"https:\/\/www.colorflyprinting.com\/product\/spiral-journal-notebook-customized-sticky-notes-memo-pads-set\/\",\"url\":\"https:\/\/www.colorflyprinting.com\/product\/spiral-journal-notebook-customized-sticky-notes-memo-pads-set\/\",\"name\":\"Custom Spiral Journal Notebook with Sticky Notes Set- Colorfly\",\"isPartOf\":{\"@id\":\"https:\/\/www.colorflyprinting.com\/#website\"},\"primaryImageOfPage\":{\"@id\":\"https:\/\/www.colorflyprinting.com\/product\/spiral-journal-notebook-customized-sticky-notes-memo-pads-set\/#primaryimage\"},\"image\":{\"@id\":\"https:\/\/www.colorflyprinting.com\/product\/spiral-journal-notebook-customized-sticky-notes-memo-pads-set\/#primaryimage\"},\"thumbnailUrl\":\"https:\/\/www.colorflyprinting.com\/wp-content\/uploads\/2025\/04\/Main-06-43.jpg\",\"datePublished\":\"2025-04-30T07:27:06+00:00\",\"dateModified\":\"2025-12-02T06:13:49+00:00\",\"description\":\"Customized spiral journal notebook set with sticky notes and memo pads. Perfect for school, office, or gifts. Compact, durable, and available in bulk at great prices.\",\"breadcrumb\":{\"@id\":\"https:\/\/www.colorflyprinting.com\/product\/spiral-journal-notebook-customized-sticky-notes-memo-pads-set\/#breadcrumb\"},\"inLanguage\":\"pt-PT\",\"potentialAction\":[{\"@type\":\"ReadAction\",\"target\":[\"https:\/\/www.colorflyprinting.com\/product\/spiral-journal-notebook-customized-sticky-notes-memo-pads-set\/\"]}]},{\"@type\":\"ImageObject\",\"inLanguage\":\"pt-PT\",\"@id\":\"https:\/\/www.colorflyprinting.com\/product\/spiral-journal-notebook-customized-sticky-notes-memo-pads-set\/#primaryimage\",\"url\":\"https:\/\/www.colorflyprinting.com\/wp-content\/uploads\/2025\/04\/Main-06-43.jpg\",\"contentUrl\":\"https:\/\/www.colorflyprinting.com\/wp-content\/uploads\/2025\/04\/Main-06-43.jpg\",\"width\":750,\"height\":750},{\"@type\":\"BreadcrumbList\",\"@id\":\"https:\/\/www.colorflyprinting.com\/product\/spiral-journal-notebook-customized-sticky-notes-memo-pads-set\/#breadcrumb\",\"itemListElement\":[{\"@type\":\"ListItem\",\"position\":1,\"name\":\"Home\",\"item\":\"https:\/\/www.colorflyprinting.com\/\"},{\"@type\":\"ListItem\",\"position\":2,\"name\":\"Product\",\"item\":\"https:\/\/www.colorflyprinting.com\/shop\/\"},{\"@type\":\"ListItem\",\"position\":3,\"name\":\"Spiral Journal Notebook Customized Sticky Notes Memo Pads Set\"}]},{\"@type\":\"WebSite\",\"@id\":\"https:\/\/www.colorflyprinting.com\/#website\",\"url\":\"https:\/\/www.colorflyprinting.com\/\",\"name\":\"Hefei Colorfly Stationery Co.,Ltd.\",\"description\":\"\",\"publisher\":{\"@id\":\"https:\/\/www.colorflyprinting.com\/#organization\"},\"potentialAction\":[{\"@type\":\"SearchAction\",\"target\":{\"@type\":\"EntryPoint\",\"urlTemplate\":\"https:\/\/www.colorflyprinting.com\/?s={search_term_string}\"},\"query-input\":{\"@type\":\"PropertyValueSpecification\",\"valueRequired\":true,\"valueName\":\"search_term_string\"}}],\"inLanguage\":\"pt-PT\"},{\"@type\":\"Organization\",\"@id\":\"https:\/\/www.colorflyprinting.com\/#organization\",\"name\":\"Hefei Colorfly Stationery Co.,Ltd.\",\"url\":\"https:\/\/www.colorflyprinting.com\/\",\"logo\":{\"@type\":\"ImageObject\",\"inLanguage\":\"pt-PT\",\"@id\":\"https:\/\/www.colorflyprinting.com\/#\/schema\/logo\/image\/\",\"url\":\"https:\/\/www.colorflyprinting.com\/wp-content\/uploads\/2025\/04\/d167665f943610681229e2f4307b9df.jpg\",\"contentUrl\":\"https:\/\/www.colorflyprinting.com\/wp-content\/uploads\/2025\/04\/d167665f943610681229e2f4307b9df.jpg\",\"width\":780,\"height\":780,\"caption\":\"Hefei Colorfly Stationery Co.,Ltd.\"},\"image\":{\"@id\":\"https:\/\/www.colorflyprinting.com\/#\/schema\/logo\/image\/\"}}]}<\/script>\n<!-- \/ Yoast SEO Premium plugin. -->","yoast_head_json":{"title":"Custom Spiral Journal Notebook with Sticky Notes Set- Colorfly","description":"Customized spiral journal notebook set with sticky notes and memo pads. Perfect for school, office, or gifts. Compact, durable, and available in bulk at great prices.","robots":{"index":"index","follow":"follow","max-snippet":"max-snippet:-1","max-image-preview":"max-image-preview:large","max-video-preview":"max-video-preview:-1"},"canonical":"https:\/\/www.colorflyprinting.com\/pt\/produto\/conjunto-de-blocos-de-notas-adesivos-personalizados-com-caderno-espiral\/","og_locale":"pt_PT","og_type":"article","og_title":"Spiral Journal Notebook Customized Sticky Notes Memo Pads Set","og_description":"Customized spiral journal notebook set with sticky notes and memo pads. Perfect for school, office, or gifts. Compact, durable, and available in bulk at great prices.","og_url":"https:\/\/www.colorflyprinting.com\/pt\/produto\/conjunto-de-blocos-de-notas-adesivos-personalizados-com-caderno-espiral\/","og_site_name":"colorflyprinting","article_modified_time":"2025-12-02T06:13:49+00:00","og_image":[{"width":750,"height":750,"url":"https:\/\/www.colorflyprinting.com\/wp-content\/uploads\/2025\/04\/Main-06-43.jpg","type":"image\/jpeg"}],"twitter_card":"summary_large_image","schema":{"@context":"https:\/\/schema.org","@graph":[{"@type":"WebPage","@id":"https:\/\/www.colorflyprinting.com\/product\/spiral-journal-notebook-customized-sticky-notes-memo-pads-set\/","url":"https:\/\/www.colorflyprinting.com\/product\/spiral-journal-notebook-customized-sticky-notes-memo-pads-set\/","name":"Custom Spiral Journal Notebook with Sticky Notes Set- Colorfly","isPartOf":{"@id":"https:\/\/www.colorflyprinting.com\/#website"},"primaryImageOfPage":{"@id":"https:\/\/www.colorflyprinting.com\/product\/spiral-journal-notebook-customized-sticky-notes-memo-pads-set\/#primaryimage"},"image":{"@id":"https:\/\/www.colorflyprinting.com\/product\/spiral-journal-notebook-customized-sticky-notes-memo-pads-set\/#primaryimage"},"thumbnailUrl":"https:\/\/www.colorflyprinting.com\/wp-content\/uploads\/2025\/04\/Main-06-43.jpg","datePublished":"2025-04-30T07:27:06+00:00","dateModified":"2025-12-02T06:13:49+00:00","description":"Customized spiral journal notebook set with sticky notes and memo pads. Perfect for school, office, or gifts. Compact, durable, and available in bulk at great prices.","breadcrumb":{"@id":"https:\/\/www.colorflyprinting.com\/product\/spiral-journal-notebook-customized-sticky-notes-memo-pads-set\/#breadcrumb"},"inLanguage":"pt-PT","potentialAction":[{"@type":"ReadAction","target":["https:\/\/www.colorflyprinting.com\/product\/spiral-journal-notebook-customized-sticky-notes-memo-pads-set\/"]}]},{"@type":"ImageObject","inLanguage":"pt-PT","@id":"https:\/\/www.colorflyprinting.com\/product\/spiral-journal-notebook-customized-sticky-notes-memo-pads-set\/#primaryimage","url":"https:\/\/www.colorflyprinting.com\/wp-content\/uploads\/2025\/04\/Main-06-43.jpg","contentUrl":"https:\/\/www.colorflyprinting.com\/wp-content\/uploads\/2025\/04\/Main-06-43.jpg","width":750,"height":750},{"@type":"BreadcrumbList","@id":"https:\/\/www.colorflyprinting.com\/product\/spiral-journal-notebook-customized-sticky-notes-memo-pads-set\/#breadcrumb","itemListElement":[{"@type":"ListItem","position":1,"name":"Home","item":"https:\/\/www.colorflyprinting.com\/"},{"@type":"ListItem","position":2,"name":"Product","item":"https:\/\/www.colorflyprinting.com\/shop\/"},{"@type":"ListItem","position":3,"name":"Spiral Journal Notebook Customized Sticky Notes Memo Pads Set"}]},{"@type":"WebSite","@id":"https:\/\/www.colorflyprinting.com\/#website","url":"https:\/\/www.colorflyprinting.com\/","name":"Hefei Colorfly Stationery Co.,Ltd.","description":"","publisher":{"@id":"https:\/\/www.colorflyprinting.com\/#organization"},"potentialAction":[{"@type":"SearchAction","target":{"@type":"EntryPoint","urlTemplate":"https:\/\/www.colorflyprinting.com\/?s={search_term_string}"},"query-input":{"@type":"PropertyValueSpecification","valueRequired":true,"valueName":"search_term_string"}}],"inLanguage":"pt-PT"},{"@type":"Organization","@id":"https:\/\/www.colorflyprinting.com\/#organization","name":"Hefei Colorfly Stationery Co.,Ltd.","url":"https:\/\/www.colorflyprinting.com\/","logo":{"@type":"ImageObject","inLanguage":"pt-PT","@id":"https:\/\/www.colorflyprinting.com\/#\/schema\/logo\/image\/","url":"https:\/\/www.colorflyprinting.com\/wp-content\/uploads\/2025\/04\/d167665f943610681229e2f4307b9df.jpg","contentUrl":"https:\/\/www.colorflyprinting.com\/wp-content\/uploads\/2025\/04\/d167665f943610681229e2f4307b9df.jpg","width":780,"height":780,"caption":"Hefei Colorfly Stationery Co.,Ltd."},"image":{"@id":"https:\/\/www.colorflyprinting.com\/#\/schema\/logo\/image\/"}}]}},"_links":{"self":[{"href":"https:\/\/www.colorflyprinting.com\/pt\/wp-json\/wp\/v2\/product\/12672","targetHints":{"allow":["GET"]}}],"collection":[{"href":"https:\/\/www.colorflyprinting.com\/pt\/wp-json\/wp\/v2\/product"}],"about":[{"href":"https:\/\/www.colorflyprinting.com\/pt\/wp-json\/wp\/v2\/types\/product"}],"replies":[{"embeddable":true,"href":"https:\/\/www.colorflyprinting.com\/pt\/wp-json\/wp\/v2\/comments?post=12672"}],"wp:featuredmedia":[{"embeddable":true,"href":"https:\/\/www.colorflyprinting.com\/pt\/wp-json\/wp\/v2\/media\/12675"}],"wp:attachment":[{"href":"https:\/\/www.colorflyprinting.com\/pt\/wp-json\/wp\/v2\/media?parent=12672"}],"wp:term":[{"taxonomy":"product_brand","embeddable":true,"href":"https:\/\/www.colorflyprinting.com\/pt\/wp-json\/wp\/v2\/product_brand?post=12672"},{"taxonomy":"product_cat","embeddable":true,"href":"https:\/\/www.colorflyprinting.com\/pt\/wp-json\/wp\/v2\/product_cat?post=12672"},{"taxonomy":"product_tag","embeddable":true,"href":"https:\/\/www.colorflyprinting.com\/pt\/wp-json\/wp\/v2\/product_tag?post=12672"}],"curies":[{"name":"wp","href":"https:\/\/api.w.org\/{rel}","templated":true}]}}