{"id":12524,"date":"2025-04-29T07:31:19","date_gmt":"2025-04-29T07:31:19","guid":{"rendered":"https:\/\/www.colorflyprinting.com\/?post_type=product&#038;p=12524"},"modified":"2025-12-02T06:14:18","modified_gmt":"2025-12-02T06:14:18","slug":"manufacturer-student-school-notebooks-a4-exercise-100-sheets-soft-cover","status":"publish","type":"product","link":"https:\/\/www.colorflyprinting.com\/pt\/produto\/fabricante-de-cadernos-escolares-a4-exercicios-100-folhas-capa-mole\/","title":{"rendered":"Fabricante de Cadernos Escolares A4 Exerc\u00edcio 100 Folhas Capa Mole"},"content":{"rendered":"<table class=\"has-title is-zebra all magic-5\">\n<tbody>\n<tr>\n<td colspan=\"1\" rowspan=\"1\">\n<div class=\"magic-6\" data-spm-anchor-id=\"a2700.details-description.0.i0.1ff3x7icx7icsU\">Tamanho<\/div>\n<\/td>\n<td colspan=\"5\" rowspan=\"1\">\n<div class=\"magic-7\">\n<div data-spm-anchor-id=\"0.0.0.i3.59844f05Z16MVb\">21*29,7 cm<\/div>\n<\/div>\n<\/td>\n<\/tr>\n<tr>\n<td colspan=\"1\" rowspan=\"1\">\n<div class=\"magic-6\">Vinculativo<\/div>\n<\/td>\n<td colspan=\"5\" rowspan=\"1\">\n<div class=\"magic-7\">Encaderna\u00e7\u00e3o com grampos<\/div>\n<\/td>\n<\/tr>\n<tr>\n<td colspan=\"1\" rowspan=\"1\">\n<div class=\"magic-6\">Embalagem<\/div>\n<\/td>\n<td colspan=\"5\" rowspan=\"1\">\n<div class=\"magic-7\">10 unidades\/saco opp<\/div>\n<\/td>\n<\/tr>\n<tr>\n<td colspan=\"1\" rowspan=\"1\">\n<div class=\"magic-6\">Quantidade m\u00ednima<\/div>\n<\/td>\n<td colspan=\"5\" rowspan=\"1\">\n<div class=\"magic-12\">10000 pe\u00e7as<\/div>\n<\/td>\n<\/tr>\n<\/tbody>\n<\/table>","protected":false},"excerpt":{"rendered":"<p><strong>Fabricante de cadernos de exerc\u00edcios A4 com capa mole e 100 folhas. Ideal para estudantes. Impress\u00e3o personalizada e fornecimento por atacado dispon\u00edveis a pre\u00e7os competitivos.<\/strong><\/p>\n<p><strong>Fornecedor:<\/strong> Impress\u00e3o colorida<br \/>\n<strong>Vinculativo:<\/strong>Costura de sela, encaderna\u00e7\u00e3o com grampo<br \/>\n<strong>Tamanho:<\/strong> A4 ou personalizado<br \/>\n<strong>Tipo:<\/strong>Caderno de exerc\u00edcios<br \/>\n<strong>Material de capa<\/strong>\uff1aCapa mole<br \/>\n<strong>Impress\u00e3o:<\/strong>Impress\u00e3o offset 4c<br \/>\n<strong>Folhas:<\/strong> 100 folhas<br \/>\n<strong>Embalagem:<\/strong> Embalagem regular (saco retr\u00e1til e caixa externa) ou com base na solicita\u00e7\u00e3o do cliente<br \/>\n<strong>Logotipo:<\/strong>Aceitar logotipo personalizado<br \/>\n<strong>Quantidade m\u00ednima:<\/strong> 10000 pe\u00e7as<br \/>\n<strong>Fabricante original:<\/strong> Sim<\/p>\n<p>&nbsp;<\/p>\n<h2>Detalhes da embalagem<\/h2>\n<p>6 pe\u00e7as\/encolher, 120 pe\u00e7as\/CTN<\/p>\n<p>&nbsp;<\/p>\n<h2>Nosso servi\u00e7o<\/h2>\n<p>Venda direta do fabricante h\u00e1 mais de 13 anos<br \/>\nSuporte de servi\u00e7o OEM<br \/>\nSuporte a pacotes personalizados<\/p>","protected":false},"featured_media":12527,"comment_status":"open","ping_status":"closed","template":"","meta":[],"product_brand":[],"product_cat":[449],"product_tag":[620,619],"class_list":{"0":"post-12524","1":"product","2":"type-product","3":"status-publish","4":"has-post-thumbnail","6":"product_cat-hardcover-notebook","7":"product_tag-a4-exercise-100-sheets-soft-cover","8":"product_tag-manufacturer-student-school-notebooks","10":"first","11":"instock","12":"featured","13":"shipping-taxable","14":"product-type-simple"},"yoast_head":"<!-- This site is optimized with the Yoast SEO Premium plugin v23.9 (Yoast SEO v25.2) - https:\/\/yoast.com\/wordpress\/plugins\/seo\/ -->\n<title>Manufacturer Student School Notebooks A4 Exercise 100 Sheets Soft Cover<\/title>\n<meta name=\"description\" content=\"Manufacturer of A4 soft cover exercise books with 100 sheets. Ideal for students. Custom printing and wholesale supply available at competitive prices.\" \/>\n<meta name=\"robots\" content=\"index, follow, max-snippet:-1, max-image-preview:large, max-video-preview:-1\" \/>\n<link rel=\"canonical\" href=\"https:\/\/www.colorflyprinting.com\/pt\/produto\/fabricante-de-cadernos-escolares-a4-exercicios-100-folhas-capa-mole\/\" \/>\n<meta property=\"og:locale\" content=\"pt_PT\" \/>\n<meta property=\"og:type\" content=\"article\" \/>\n<meta property=\"og:title\" content=\"Manufacturer Student School Notebooks A4 Exercise 100 Sheets Soft Cover\" \/>\n<meta property=\"og:description\" content=\"Manufacturer of A4 soft cover exercise books with 100 sheets. Ideal for students. Custom printing and wholesale supply available at competitive prices.\" \/>\n<meta property=\"og:url\" content=\"https:\/\/www.colorflyprinting.com\/pt\/produto\/fabricante-de-cadernos-escolares-a4-exercicios-100-folhas-capa-mole\/\" \/>\n<meta property=\"og:site_name\" content=\"colorflyprinting\" \/>\n<meta property=\"article:modified_time\" content=\"2025-12-02T06:14:18+00:00\" \/>\n<meta property=\"og:image\" content=\"https:\/\/www.colorflyprinting.com\/wp-content\/uploads\/2025\/04\/Main-06-30.jpg\" \/>\n\t<meta property=\"og:image:width\" content=\"800\" \/>\n\t<meta property=\"og:image:height\" content=\"800\" \/>\n\t<meta property=\"og:image:type\" content=\"image\/jpeg\" \/>\n<meta name=\"twitter:card\" content=\"summary_large_image\" \/>\n<script type=\"application\/ld+json\" class=\"yoast-schema-graph\">{\"@context\":\"https:\/\/schema.org\",\"@graph\":[{\"@type\":\"WebPage\",\"@id\":\"https:\/\/www.colorflyprinting.com\/product\/manufacturer-student-school-notebooks-a4-exercise-100-sheets-soft-cover\/\",\"url\":\"https:\/\/www.colorflyprinting.com\/product\/manufacturer-student-school-notebooks-a4-exercise-100-sheets-soft-cover\/\",\"name\":\"Manufacturer Student School Notebooks A4 Exercise 100 Sheets Soft Cover\",\"isPartOf\":{\"@id\":\"https:\/\/www.colorflyprinting.com\/#website\"},\"primaryImageOfPage\":{\"@id\":\"https:\/\/www.colorflyprinting.com\/product\/manufacturer-student-school-notebooks-a4-exercise-100-sheets-soft-cover\/#primaryimage\"},\"image\":{\"@id\":\"https:\/\/www.colorflyprinting.com\/product\/manufacturer-student-school-notebooks-a4-exercise-100-sheets-soft-cover\/#primaryimage\"},\"thumbnailUrl\":\"https:\/\/www.colorflyprinting.com\/wp-content\/uploads\/2025\/04\/Main-06-30.jpg\",\"datePublished\":\"2025-04-29T07:31:19+00:00\",\"dateModified\":\"2025-12-02T06:14:18+00:00\",\"description\":\"Manufacturer of A4 soft cover exercise books with 100 sheets. Ideal for students. Custom printing and wholesale supply available at competitive prices.\",\"breadcrumb\":{\"@id\":\"https:\/\/www.colorflyprinting.com\/product\/manufacturer-student-school-notebooks-a4-exercise-100-sheets-soft-cover\/#breadcrumb\"},\"inLanguage\":\"pt-PT\",\"potentialAction\":[{\"@type\":\"ReadAction\",\"target\":[\"https:\/\/www.colorflyprinting.com\/product\/manufacturer-student-school-notebooks-a4-exercise-100-sheets-soft-cover\/\"]}]},{\"@type\":\"ImageObject\",\"inLanguage\":\"pt-PT\",\"@id\":\"https:\/\/www.colorflyprinting.com\/product\/manufacturer-student-school-notebooks-a4-exercise-100-sheets-soft-cover\/#primaryimage\",\"url\":\"https:\/\/www.colorflyprinting.com\/wp-content\/uploads\/2025\/04\/Main-06-30.jpg\",\"contentUrl\":\"https:\/\/www.colorflyprinting.com\/wp-content\/uploads\/2025\/04\/Main-06-30.jpg\",\"width\":800,\"height\":800},{\"@type\":\"BreadcrumbList\",\"@id\":\"https:\/\/www.colorflyprinting.com\/product\/manufacturer-student-school-notebooks-a4-exercise-100-sheets-soft-cover\/#breadcrumb\",\"itemListElement\":[{\"@type\":\"ListItem\",\"position\":1,\"name\":\"Home\",\"item\":\"https:\/\/www.colorflyprinting.com\/\"},{\"@type\":\"ListItem\",\"position\":2,\"name\":\"Product\",\"item\":\"https:\/\/www.colorflyprinting.com\/shop\/\"},{\"@type\":\"ListItem\",\"position\":3,\"name\":\"Manufacturer Student School Notebooks A4 Exercise 100 Sheets Soft Cover\"}]},{\"@type\":\"WebSite\",\"@id\":\"https:\/\/www.colorflyprinting.com\/#website\",\"url\":\"https:\/\/www.colorflyprinting.com\/\",\"name\":\"Hefei Colorfly Stationery Co.,Ltd.\",\"description\":\"\",\"publisher\":{\"@id\":\"https:\/\/www.colorflyprinting.com\/#organization\"},\"potentialAction\":[{\"@type\":\"SearchAction\",\"target\":{\"@type\":\"EntryPoint\",\"urlTemplate\":\"https:\/\/www.colorflyprinting.com\/?s={search_term_string}\"},\"query-input\":{\"@type\":\"PropertyValueSpecification\",\"valueRequired\":true,\"valueName\":\"search_term_string\"}}],\"inLanguage\":\"pt-PT\"},{\"@type\":\"Organization\",\"@id\":\"https:\/\/www.colorflyprinting.com\/#organization\",\"name\":\"Hefei Colorfly Stationery Co.,Ltd.\",\"url\":\"https:\/\/www.colorflyprinting.com\/\",\"logo\":{\"@type\":\"ImageObject\",\"inLanguage\":\"pt-PT\",\"@id\":\"https:\/\/www.colorflyprinting.com\/#\/schema\/logo\/image\/\",\"url\":\"https:\/\/www.colorflyprinting.com\/wp-content\/uploads\/2025\/04\/d167665f943610681229e2f4307b9df.jpg\",\"contentUrl\":\"https:\/\/www.colorflyprinting.com\/wp-content\/uploads\/2025\/04\/d167665f943610681229e2f4307b9df.jpg\",\"width\":780,\"height\":780,\"caption\":\"Hefei Colorfly Stationery Co.,Ltd.\"},\"image\":{\"@id\":\"https:\/\/www.colorflyprinting.com\/#\/schema\/logo\/image\/\"}}]}<\/script>\n<!-- \/ Yoast SEO Premium plugin. -->","yoast_head_json":{"title":"Manufacturer Student School Notebooks A4 Exercise 100 Sheets Soft Cover","description":"Manufacturer of A4 soft cover exercise books with 100 sheets. Ideal for students. Custom printing and wholesale supply available at competitive prices.","robots":{"index":"index","follow":"follow","max-snippet":"max-snippet:-1","max-image-preview":"max-image-preview:large","max-video-preview":"max-video-preview:-1"},"canonical":"https:\/\/www.colorflyprinting.com\/pt\/produto\/fabricante-de-cadernos-escolares-a4-exercicios-100-folhas-capa-mole\/","og_locale":"pt_PT","og_type":"article","og_title":"Manufacturer Student School Notebooks A4 Exercise 100 Sheets Soft Cover","og_description":"Manufacturer of A4 soft cover exercise books with 100 sheets. Ideal for students. Custom printing and wholesale supply available at competitive prices.","og_url":"https:\/\/www.colorflyprinting.com\/pt\/produto\/fabricante-de-cadernos-escolares-a4-exercicios-100-folhas-capa-mole\/","og_site_name":"colorflyprinting","article_modified_time":"2025-12-02T06:14:18+00:00","og_image":[{"width":800,"height":800,"url":"https:\/\/www.colorflyprinting.com\/wp-content\/uploads\/2025\/04\/Main-06-30.jpg","type":"image\/jpeg"}],"twitter_card":"summary_large_image","schema":{"@context":"https:\/\/schema.org","@graph":[{"@type":"WebPage","@id":"https:\/\/www.colorflyprinting.com\/product\/manufacturer-student-school-notebooks-a4-exercise-100-sheets-soft-cover\/","url":"https:\/\/www.colorflyprinting.com\/product\/manufacturer-student-school-notebooks-a4-exercise-100-sheets-soft-cover\/","name":"Manufacturer Student School Notebooks A4 Exercise 100 Sheets Soft Cover","isPartOf":{"@id":"https:\/\/www.colorflyprinting.com\/#website"},"primaryImageOfPage":{"@id":"https:\/\/www.colorflyprinting.com\/product\/manufacturer-student-school-notebooks-a4-exercise-100-sheets-soft-cover\/#primaryimage"},"image":{"@id":"https:\/\/www.colorflyprinting.com\/product\/manufacturer-student-school-notebooks-a4-exercise-100-sheets-soft-cover\/#primaryimage"},"thumbnailUrl":"https:\/\/www.colorflyprinting.com\/wp-content\/uploads\/2025\/04\/Main-06-30.jpg","datePublished":"2025-04-29T07:31:19+00:00","dateModified":"2025-12-02T06:14:18+00:00","description":"Manufacturer of A4 soft cover exercise books with 100 sheets. Ideal for students. Custom printing and wholesale supply available at competitive prices.","breadcrumb":{"@id":"https:\/\/www.colorflyprinting.com\/product\/manufacturer-student-school-notebooks-a4-exercise-100-sheets-soft-cover\/#breadcrumb"},"inLanguage":"pt-PT","potentialAction":[{"@type":"ReadAction","target":["https:\/\/www.colorflyprinting.com\/product\/manufacturer-student-school-notebooks-a4-exercise-100-sheets-soft-cover\/"]}]},{"@type":"ImageObject","inLanguage":"pt-PT","@id":"https:\/\/www.colorflyprinting.com\/product\/manufacturer-student-school-notebooks-a4-exercise-100-sheets-soft-cover\/#primaryimage","url":"https:\/\/www.colorflyprinting.com\/wp-content\/uploads\/2025\/04\/Main-06-30.jpg","contentUrl":"https:\/\/www.colorflyprinting.com\/wp-content\/uploads\/2025\/04\/Main-06-30.jpg","width":800,"height":800},{"@type":"BreadcrumbList","@id":"https:\/\/www.colorflyprinting.com\/product\/manufacturer-student-school-notebooks-a4-exercise-100-sheets-soft-cover\/#breadcrumb","itemListElement":[{"@type":"ListItem","position":1,"name":"Home","item":"https:\/\/www.colorflyprinting.com\/"},{"@type":"ListItem","position":2,"name":"Product","item":"https:\/\/www.colorflyprinting.com\/shop\/"},{"@type":"ListItem","position":3,"name":"Manufacturer Student School Notebooks A4 Exercise 100 Sheets Soft Cover"}]},{"@type":"WebSite","@id":"https:\/\/www.colorflyprinting.com\/#website","url":"https:\/\/www.colorflyprinting.com\/","name":"Hefei Colorfly Stationery Co.,Ltd.","description":"","publisher":{"@id":"https:\/\/www.colorflyprinting.com\/#organization"},"potentialAction":[{"@type":"SearchAction","target":{"@type":"EntryPoint","urlTemplate":"https:\/\/www.colorflyprinting.com\/?s={search_term_string}"},"query-input":{"@type":"PropertyValueSpecification","valueRequired":true,"valueName":"search_term_string"}}],"inLanguage":"pt-PT"},{"@type":"Organization","@id":"https:\/\/www.colorflyprinting.com\/#organization","name":"Hefei Colorfly Stationery Co.,Ltd.","url":"https:\/\/www.colorflyprinting.com\/","logo":{"@type":"ImageObject","inLanguage":"pt-PT","@id":"https:\/\/www.colorflyprinting.com\/#\/schema\/logo\/image\/","url":"https:\/\/www.colorflyprinting.com\/wp-content\/uploads\/2025\/04\/d167665f943610681229e2f4307b9df.jpg","contentUrl":"https:\/\/www.colorflyprinting.com\/wp-content\/uploads\/2025\/04\/d167665f943610681229e2f4307b9df.jpg","width":780,"height":780,"caption":"Hefei Colorfly Stationery Co.,Ltd."},"image":{"@id":"https:\/\/www.colorflyprinting.com\/#\/schema\/logo\/image\/"}}]}},"_links":{"self":[{"href":"https:\/\/www.colorflyprinting.com\/pt\/wp-json\/wp\/v2\/product\/12524","targetHints":{"allow":["GET"]}}],"collection":[{"href":"https:\/\/www.colorflyprinting.com\/pt\/wp-json\/wp\/v2\/product"}],"about":[{"href":"https:\/\/www.colorflyprinting.com\/pt\/wp-json\/wp\/v2\/types\/product"}],"replies":[{"embeddable":true,"href":"https:\/\/www.colorflyprinting.com\/pt\/wp-json\/wp\/v2\/comments?post=12524"}],"wp:featuredmedia":[{"embeddable":true,"href":"https:\/\/www.colorflyprinting.com\/pt\/wp-json\/wp\/v2\/media\/12527"}],"wp:attachment":[{"href":"https:\/\/www.colorflyprinting.com\/pt\/wp-json\/wp\/v2\/media?parent=12524"}],"wp:term":[{"taxonomy":"product_brand","embeddable":true,"href":"https:\/\/www.colorflyprinting.com\/pt\/wp-json\/wp\/v2\/product_brand?post=12524"},{"taxonomy":"product_cat","embeddable":true,"href":"https:\/\/www.colorflyprinting.com\/pt\/wp-json\/wp\/v2\/product_cat?post=12524"},{"taxonomy":"product_tag","embeddable":true,"href":"https:\/\/www.colorflyprinting.com\/pt\/wp-json\/wp\/v2\/product_tag?post=12524"}],"curies":[{"name":"wp","href":"https:\/\/api.w.org\/{rel}","templated":true}]}}