{"id":12508,"date":"2025-04-29T07:05:39","date_gmt":"2025-04-29T07:05:39","guid":{"rendered":"https:\/\/www.colorflyprinting.com\/?post_type=product&#038;p=12508"},"modified":"2025-05-12T05:37:08","modified_gmt":"2025-05-12T05:37:08","slug":"cahier-notebook-school-double-line-17x22cm-exercise-book","status":"publish","type":"product","link":"https:\/\/www.colorflyprinting.com\/pt\/produto\/caderno-escolar-linha-dupla-17x22cm-caderno-de-exercicios\/","title":{"rendered":"Caderno Escolar Linha Dupla 17x22cm Caderno de Exerc\u00edcios"},"content":{"rendered":"<p><b><span class=\"magic-5\"><span data-spm-anchor-id=\"a2700.details-description.0.i0.715bJM2SJM2SBQ\">Caderno de exerc\u00edcios<\/span><\/span><\/b><\/p>\n<div>*Livro de exerc\u00edcios escolares personalizado com encaderna\u00e7\u00e3o agrafada<\/div>\n<div>*Caderno de exerc\u00edcios Cahier de capa mole, 32 p\u00e1ginas, linha dupla<\/div>\n<div><\/div>\n<div><\/div>\n<div>\n<p><strong><span class=\"magic-5\" data-spm-anchor-id=\"a2700.details-description.0.i1.715bJM2SJM2SBQ\">Caracter\u00edstica dos cadernos de exerc\u00edcios<\/span><\/strong><\/p>\n<div><span class=\"magic-9\">*Marca: Colorfly<\/span><\/div>\n<div>*Tipo de material: Papel de arte<\/div>\n<div><span class=\"magic-9\">*Estilo: Escolas, papelarias etc.<\/span><\/div>\n<div><span class=\"magic-9\">*Design: Capa colorida ou design personalizado dispon\u00edvel<\/span><\/div>\n<div><span class=\"magic-10\"><span class=\"magic-9\">*Pre\u00e7o: Depende da quantidade<\/span><\/span><\/div>\n<div><span class=\"magic-10\"><span class=\"magic-9\">*Fino acabamento<\/span><\/span><\/div>\n<div><\/div>\n<\/div>\n<div><\/div>\n<div>\n<table class=\"has-title is-zebra all magic-16\">\n<tbody>\n<tr>\n<td colspan=\"1\" rowspan=\"1\">\n<div class=\"magic-17\" data-spm-anchor-id=\"a2700.details-description.0.i2.715bJM2SJM2SBQ\">Tamanho<\/div>\n<\/td>\n<td colspan=\"5\" rowspan=\"1\">\n<div class=\"magic-18\">\n<div data-spm-anchor-id=\"0.0.0.i3.59844f05Z16MVb\">17x22cm ou personalizado para livro de caderno<\/div>\n<\/div>\n<\/td>\n<\/tr>\n<tr>\n<td colspan=\"1\" rowspan=\"1\">\n<div class=\"magic-17\">P\u00e1ginas<\/div>\n<\/td>\n<td colspan=\"5\" rowspan=\"1\">\n<div class=\"magic-18\">\n<div data-spm-anchor-id=\"0.0.0.i13.59844f05Z16MVb\">32 p\u00e1ginas etc ou personalizado<\/div>\n<\/div>\n<\/td>\n<\/tr>\n<tr>\n<td colspan=\"1\" rowspan=\"1\">\n<div class=\"magic-17\">Vinculativo<\/div>\n<\/td>\n<td colspan=\"5\" rowspan=\"1\">\n<div class=\"magic-18\">Encaderna\u00e7\u00e3o com grampos<\/div>\n<\/td>\n<\/tr>\n<tr>\n<td colspan=\"1\" rowspan=\"1\">\n<div class=\"magic-17\">Embalagem<\/div>\n<\/td>\n<td colspan=\"5\" rowspan=\"1\">\n<div class=\"magic-18\">Saco Shringk + caixas<\/div>\n<\/td>\n<\/tr>\n<tr>\n<td colspan=\"1\" rowspan=\"1\">\n<div class=\"magic-17\">Papel interno<\/div>\n<\/td>\n<td colspan=\"5\" rowspan=\"1\">\n<div class=\"magic-23\">Impress\u00e3o de linha dupla<\/div>\n<\/td>\n<\/tr>\n<tr>\n<td colspan=\"1\" rowspan=\"1\">\n<div class=\"magic-17\">Quantidade m\u00ednima<\/div>\n<\/td>\n<td colspan=\"5\" rowspan=\"1\">\n<div class=\"magic-23\">Cont\u00eainer de 20 p\u00e9s, pode negociar<\/div>\n<\/td>\n<\/tr>\n<\/tbody>\n<\/table>\n<\/div>","protected":false},"excerpt":{"rendered":"<p><strong>Compre cadernos escolares com linhas duplas, tamanho 17x22 cm. Fornecimento em massa, impress\u00e3o OEM e entrega r\u00e1pida para distribuidores educacionais.<\/strong><\/p>\n<p><strong>Fornecedor:<\/strong> Impress\u00e3o colorida<br \/>\n<strong>Vinculativo:<\/strong>Costura de sela, encaderna\u00e7\u00e3o com grampo<br \/>\n<strong>Tamanho:<\/strong> 17*22 cm ou personalizado<br \/>\n<strong>Tipo:<\/strong>Bloco de notas<br \/>\n<strong>Material de capa<\/strong>\uff1aPl\u00e1stico PP<br \/>\n<strong>Impress\u00e3o:<\/strong>Impress\u00e3o offset 4c<br \/>\n<strong>Folhas:<\/strong> 32 p\u00e1ginas ou personalizado<br \/>\n<strong>Embalagem:<\/strong> Embalagem regular (saco retr\u00e1til e caixa externa) ou com base na solicita\u00e7\u00e3o do cliente<br \/>\n<strong>Logotipo:<\/strong>Aceitar logotipo personalizado<br \/>\n<strong>Quantidade m\u00ednima:<\/strong> 10000 pe\u00e7as<br \/>\n<strong>Fabricante original:<\/strong> Sim<\/p>\n<h2 class=\"id-mb-6 id-text-[20px] id-font-bold id-text-[#222]\" data-spm-anchor-id=\"a2700.details.0.i78.534f39e2365d9C\">Op\u00e7\u00f5es de personaliza\u00e7\u00e3o<\/h2>\n<div class=\"id-flex id-flex-col id-gap-2 id-text-[16px] id-mb-6\">\n<div><span class=\"id-mr-1\">Logotipo personalizado<\/span><span class=\"id-text-[#767676]\"> (Pedido m\u00ednimo: 10.000 pe\u00e7as)<\/span><\/div>\n<div><span class=\"id-mr-1\">Embalagem personalizada<\/span><span class=\"id-text-[#767676]\"> (Pedido m\u00ednimo: 10.000 pe\u00e7as)<\/span><\/div>\n<div><span class=\"id-mr-1\">Personaliza\u00e7\u00e3o gr\u00e1fica<\/span><span class=\"id-text-[#767676]\"> (Pedido m\u00ednimo: 10.000 pe\u00e7as)<\/span><\/div>\n<div><\/div>\n<div><\/div>\n<\/div>\n<h2>Nosso servi\u00e7o<\/h2>\n<p>Venda direta do fabricante h\u00e1 mais de 13 anos<br \/>\nSuporte de servi\u00e7o OEM<br \/>\nSuporte a pacotes personalizados<\/p>","protected":false},"featured_media":12513,"comment_status":"open","ping_status":"closed","template":"","meta":[],"product_brand":[],"product_cat":[21,542],"product_tag":[547,616],"class_list":{"0":"post-12508","1":"product","2":"type-product","3":"status-publish","4":"has-post-thumbnail","6":"product_cat-exercise-book","7":"product_cat-pp-cover-exercise-book","8":"product_tag-cahier-notebook","9":"product_tag-double-line-17x22cm-exercise-book","11":"first","12":"instock","13":"featured","14":"shipping-taxable","15":"product-type-simple"},"yoast_head":"<!-- This site is optimized with the Yoast SEO Premium plugin v23.9 (Yoast SEO v25.2) - https:\/\/yoast.com\/wordpress\/plugins\/seo\/ -->\n<title>Cahier Notebook School Double Line 17x22cm Exercise Book<\/title>\n<meta name=\"description\" content=\"Shop school cahier notebooks with double lines, 17x22cm size. Bulk supply, OEM printing, and fast delivery for educational distributors.\" \/>\n<meta name=\"robots\" content=\"index, follow, max-snippet:-1, max-image-preview:large, max-video-preview:-1\" \/>\n<link rel=\"canonical\" href=\"https:\/\/www.colorflyprinting.com\/pt\/produto\/caderno-escolar-linha-dupla-17x22cm-caderno-de-exercicios\/\" \/>\n<meta property=\"og:locale\" content=\"pt_PT\" \/>\n<meta property=\"og:type\" content=\"article\" \/>\n<meta property=\"og:title\" content=\"Cahier Notebook School Double Line 17x22cm Exercise Book\" \/>\n<meta property=\"og:description\" content=\"Shop school cahier notebooks with double lines, 17x22cm size. Bulk supply, OEM printing, and fast delivery for educational distributors.\" \/>\n<meta property=\"og:url\" content=\"https:\/\/www.colorflyprinting.com\/pt\/produto\/caderno-escolar-linha-dupla-17x22cm-caderno-de-exercicios\/\" \/>\n<meta property=\"og:site_name\" content=\"colorflyprinting\" \/>\n<meta property=\"article:modified_time\" content=\"2025-05-12T05:37:08+00:00\" \/>\n<meta property=\"og:image\" content=\"https:\/\/www.colorflyprinting.com\/wp-content\/uploads\/2025\/04\/Main-01-28.jpg\" \/>\n\t<meta property=\"og:image:width\" content=\"750\" \/>\n\t<meta property=\"og:image:height\" content=\"750\" \/>\n\t<meta property=\"og:image:type\" content=\"image\/jpeg\" \/>\n<meta name=\"twitter:card\" content=\"summary_large_image\" \/>\n<script type=\"application\/ld+json\" class=\"yoast-schema-graph\">{\"@context\":\"https:\/\/schema.org\",\"@graph\":[{\"@type\":\"WebPage\",\"@id\":\"https:\/\/www.colorflyprinting.com\/product\/cahier-notebook-school-double-line-17x22cm-exercise-book\/\",\"url\":\"https:\/\/www.colorflyprinting.com\/product\/cahier-notebook-school-double-line-17x22cm-exercise-book\/\",\"name\":\"Cahier Notebook School Double Line 17x22cm Exercise Book\",\"isPartOf\":{\"@id\":\"https:\/\/www.colorflyprinting.com\/#website\"},\"primaryImageOfPage\":{\"@id\":\"https:\/\/www.colorflyprinting.com\/product\/cahier-notebook-school-double-line-17x22cm-exercise-book\/#primaryimage\"},\"image\":{\"@id\":\"https:\/\/www.colorflyprinting.com\/product\/cahier-notebook-school-double-line-17x22cm-exercise-book\/#primaryimage\"},\"thumbnailUrl\":\"https:\/\/www.colorflyprinting.com\/wp-content\/uploads\/2025\/04\/Main-01-28.jpg\",\"datePublished\":\"2025-04-29T07:05:39+00:00\",\"dateModified\":\"2025-05-12T05:37:08+00:00\",\"description\":\"Shop school cahier notebooks with double lines, 17x22cm size. Bulk supply, OEM printing, and fast delivery for educational distributors.\",\"breadcrumb\":{\"@id\":\"https:\/\/www.colorflyprinting.com\/product\/cahier-notebook-school-double-line-17x22cm-exercise-book\/#breadcrumb\"},\"inLanguage\":\"pt-PT\",\"potentialAction\":[{\"@type\":\"ReadAction\",\"target\":[\"https:\/\/www.colorflyprinting.com\/product\/cahier-notebook-school-double-line-17x22cm-exercise-book\/\"]}]},{\"@type\":\"ImageObject\",\"inLanguage\":\"pt-PT\",\"@id\":\"https:\/\/www.colorflyprinting.com\/product\/cahier-notebook-school-double-line-17x22cm-exercise-book\/#primaryimage\",\"url\":\"https:\/\/www.colorflyprinting.com\/wp-content\/uploads\/2025\/04\/Main-01-28.jpg\",\"contentUrl\":\"https:\/\/www.colorflyprinting.com\/wp-content\/uploads\/2025\/04\/Main-01-28.jpg\",\"width\":750,\"height\":750},{\"@type\":\"BreadcrumbList\",\"@id\":\"https:\/\/www.colorflyprinting.com\/product\/cahier-notebook-school-double-line-17x22cm-exercise-book\/#breadcrumb\",\"itemListElement\":[{\"@type\":\"ListItem\",\"position\":1,\"name\":\"Home\",\"item\":\"https:\/\/www.colorflyprinting.com\/\"},{\"@type\":\"ListItem\",\"position\":2,\"name\":\"Product\",\"item\":\"https:\/\/www.colorflyprinting.com\/shop\/\"},{\"@type\":\"ListItem\",\"position\":3,\"name\":\"Cahier Notebook School Double Line 17x22cm Exercise Book\"}]},{\"@type\":\"WebSite\",\"@id\":\"https:\/\/www.colorflyprinting.com\/#website\",\"url\":\"https:\/\/www.colorflyprinting.com\/\",\"name\":\"Hefei Colorfly Stationery Co.,Ltd.\",\"description\":\"\",\"publisher\":{\"@id\":\"https:\/\/www.colorflyprinting.com\/#organization\"},\"potentialAction\":[{\"@type\":\"SearchAction\",\"target\":{\"@type\":\"EntryPoint\",\"urlTemplate\":\"https:\/\/www.colorflyprinting.com\/?s={search_term_string}\"},\"query-input\":{\"@type\":\"PropertyValueSpecification\",\"valueRequired\":true,\"valueName\":\"search_term_string\"}}],\"inLanguage\":\"pt-PT\"},{\"@type\":\"Organization\",\"@id\":\"https:\/\/www.colorflyprinting.com\/#organization\",\"name\":\"Hefei Colorfly Stationery Co.,Ltd.\",\"url\":\"https:\/\/www.colorflyprinting.com\/\",\"logo\":{\"@type\":\"ImageObject\",\"inLanguage\":\"pt-PT\",\"@id\":\"https:\/\/www.colorflyprinting.com\/#\/schema\/logo\/image\/\",\"url\":\"https:\/\/www.colorflyprinting.com\/wp-content\/uploads\/2025\/04\/d167665f943610681229e2f4307b9df.jpg\",\"contentUrl\":\"https:\/\/www.colorflyprinting.com\/wp-content\/uploads\/2025\/04\/d167665f943610681229e2f4307b9df.jpg\",\"width\":780,\"height\":780,\"caption\":\"Hefei Colorfly Stationery Co.,Ltd.\"},\"image\":{\"@id\":\"https:\/\/www.colorflyprinting.com\/#\/schema\/logo\/image\/\"}}]}<\/script>\n<!-- \/ Yoast SEO Premium plugin. -->","yoast_head_json":{"title":"Cahier Notebook School Double Line 17x22cm Exercise Book","description":"Shop school cahier notebooks with double lines, 17x22cm size. Bulk supply, OEM printing, and fast delivery for educational distributors.","robots":{"index":"index","follow":"follow","max-snippet":"max-snippet:-1","max-image-preview":"max-image-preview:large","max-video-preview":"max-video-preview:-1"},"canonical":"https:\/\/www.colorflyprinting.com\/pt\/produto\/caderno-escolar-linha-dupla-17x22cm-caderno-de-exercicios\/","og_locale":"pt_PT","og_type":"article","og_title":"Cahier Notebook School Double Line 17x22cm Exercise Book","og_description":"Shop school cahier notebooks with double lines, 17x22cm size. Bulk supply, OEM printing, and fast delivery for educational distributors.","og_url":"https:\/\/www.colorflyprinting.com\/pt\/produto\/caderno-escolar-linha-dupla-17x22cm-caderno-de-exercicios\/","og_site_name":"colorflyprinting","article_modified_time":"2025-05-12T05:37:08+00:00","og_image":[{"width":750,"height":750,"url":"https:\/\/www.colorflyprinting.com\/wp-content\/uploads\/2025\/04\/Main-01-28.jpg","type":"image\/jpeg"}],"twitter_card":"summary_large_image","schema":{"@context":"https:\/\/schema.org","@graph":[{"@type":"WebPage","@id":"https:\/\/www.colorflyprinting.com\/product\/cahier-notebook-school-double-line-17x22cm-exercise-book\/","url":"https:\/\/www.colorflyprinting.com\/product\/cahier-notebook-school-double-line-17x22cm-exercise-book\/","name":"Cahier Notebook School Double Line 17x22cm Exercise Book","isPartOf":{"@id":"https:\/\/www.colorflyprinting.com\/#website"},"primaryImageOfPage":{"@id":"https:\/\/www.colorflyprinting.com\/product\/cahier-notebook-school-double-line-17x22cm-exercise-book\/#primaryimage"},"image":{"@id":"https:\/\/www.colorflyprinting.com\/product\/cahier-notebook-school-double-line-17x22cm-exercise-book\/#primaryimage"},"thumbnailUrl":"https:\/\/www.colorflyprinting.com\/wp-content\/uploads\/2025\/04\/Main-01-28.jpg","datePublished":"2025-04-29T07:05:39+00:00","dateModified":"2025-05-12T05:37:08+00:00","description":"Shop school cahier notebooks with double lines, 17x22cm size. Bulk supply, OEM printing, and fast delivery for educational distributors.","breadcrumb":{"@id":"https:\/\/www.colorflyprinting.com\/product\/cahier-notebook-school-double-line-17x22cm-exercise-book\/#breadcrumb"},"inLanguage":"pt-PT","potentialAction":[{"@type":"ReadAction","target":["https:\/\/www.colorflyprinting.com\/product\/cahier-notebook-school-double-line-17x22cm-exercise-book\/"]}]},{"@type":"ImageObject","inLanguage":"pt-PT","@id":"https:\/\/www.colorflyprinting.com\/product\/cahier-notebook-school-double-line-17x22cm-exercise-book\/#primaryimage","url":"https:\/\/www.colorflyprinting.com\/wp-content\/uploads\/2025\/04\/Main-01-28.jpg","contentUrl":"https:\/\/www.colorflyprinting.com\/wp-content\/uploads\/2025\/04\/Main-01-28.jpg","width":750,"height":750},{"@type":"BreadcrumbList","@id":"https:\/\/www.colorflyprinting.com\/product\/cahier-notebook-school-double-line-17x22cm-exercise-book\/#breadcrumb","itemListElement":[{"@type":"ListItem","position":1,"name":"Home","item":"https:\/\/www.colorflyprinting.com\/"},{"@type":"ListItem","position":2,"name":"Product","item":"https:\/\/www.colorflyprinting.com\/shop\/"},{"@type":"ListItem","position":3,"name":"Cahier Notebook School Double Line 17x22cm Exercise Book"}]},{"@type":"WebSite","@id":"https:\/\/www.colorflyprinting.com\/#website","url":"https:\/\/www.colorflyprinting.com\/","name":"Hefei Colorfly Stationery Co.,Ltd.","description":"","publisher":{"@id":"https:\/\/www.colorflyprinting.com\/#organization"},"potentialAction":[{"@type":"SearchAction","target":{"@type":"EntryPoint","urlTemplate":"https:\/\/www.colorflyprinting.com\/?s={search_term_string}"},"query-input":{"@type":"PropertyValueSpecification","valueRequired":true,"valueName":"search_term_string"}}],"inLanguage":"pt-PT"},{"@type":"Organization","@id":"https:\/\/www.colorflyprinting.com\/#organization","name":"Hefei Colorfly Stationery Co.,Ltd.","url":"https:\/\/www.colorflyprinting.com\/","logo":{"@type":"ImageObject","inLanguage":"pt-PT","@id":"https:\/\/www.colorflyprinting.com\/#\/schema\/logo\/image\/","url":"https:\/\/www.colorflyprinting.com\/wp-content\/uploads\/2025\/04\/d167665f943610681229e2f4307b9df.jpg","contentUrl":"https:\/\/www.colorflyprinting.com\/wp-content\/uploads\/2025\/04\/d167665f943610681229e2f4307b9df.jpg","width":780,"height":780,"caption":"Hefei Colorfly Stationery Co.,Ltd."},"image":{"@id":"https:\/\/www.colorflyprinting.com\/#\/schema\/logo\/image\/"}}]}},"_links":{"self":[{"href":"https:\/\/www.colorflyprinting.com\/pt\/wp-json\/wp\/v2\/product\/12508","targetHints":{"allow":["GET"]}}],"collection":[{"href":"https:\/\/www.colorflyprinting.com\/pt\/wp-json\/wp\/v2\/product"}],"about":[{"href":"https:\/\/www.colorflyprinting.com\/pt\/wp-json\/wp\/v2\/types\/product"}],"replies":[{"embeddable":true,"href":"https:\/\/www.colorflyprinting.com\/pt\/wp-json\/wp\/v2\/comments?post=12508"}],"wp:featuredmedia":[{"embeddable":true,"href":"https:\/\/www.colorflyprinting.com\/pt\/wp-json\/wp\/v2\/media\/12513"}],"wp:attachment":[{"href":"https:\/\/www.colorflyprinting.com\/pt\/wp-json\/wp\/v2\/media?parent=12508"}],"wp:term":[{"taxonomy":"product_brand","embeddable":true,"href":"https:\/\/www.colorflyprinting.com\/pt\/wp-json\/wp\/v2\/product_brand?post=12508"},{"taxonomy":"product_cat","embeddable":true,"href":"https:\/\/www.colorflyprinting.com\/pt\/wp-json\/wp\/v2\/product_cat?post=12508"},{"taxonomy":"product_tag","embeddable":true,"href":"https:\/\/www.colorflyprinting.com\/pt\/wp-json\/wp\/v2\/product_tag?post=12508"}],"curies":[{"name":"wp","href":"https:\/\/api.w.org\/{rel}","templated":true}]}}