{"id":12438,"date":"2025-04-29T02:46:28","date_gmt":"2025-04-29T02:46:28","guid":{"rendered":"https:\/\/www.colorflyprinting.com\/?post_type=product&#038;p=12438"},"modified":"2025-07-07T06:01:49","modified_gmt":"2025-07-07T06:01:49","slug":"long-book-notebook-cheap-writing-exercise-books","status":"publish","type":"product","link":"https:\/\/www.colorflyprinting.com\/pt\/produto\/caderno-longo-cadernos-de-exercicios-de-escrita-baratos\/","title":{"rendered":"Caderno de anota\u00e7\u00f5es longo, cadernos de exerc\u00edcios baratos"},"content":{"rendered":"<table class=\"has-title all magic-4\">\n<tbody>\n<tr>\n<td colspan=\"1\" rowspan=\"1\">\n<div class=\"magic-5\" data-spm-anchor-id=\"a2700.details-description.0.i1.68dbVzbKVzbKMQ\">item<\/div>\n<\/td>\n<td colspan=\"1\" rowspan=\"1\">\n<div class=\"magic-6\">Cadernos de exerc\u00edcios de escrita baratos<\/div>\n<\/td>\n<\/tr>\n<tr>\n<td colspan=\"1\" rowspan=\"1\">\n<div class=\"magic-5\">Tamanho<\/div>\n<\/td>\n<td colspan=\"1\" rowspan=\"1\">\n<div class=\"magic-6\">A5<\/div>\n<\/td>\n<\/tr>\n<tr>\n<td colspan=\"1\" rowspan=\"1\">\n<div class=\"magic-5\">Lugar de origem<\/div>\n<\/td>\n<td colspan=\"1\" rowspan=\"1\">\n<div class=\"magic-6\">China<\/div>\n<\/td>\n<\/tr>\n<tr>\n<td colspan=\"1\" rowspan=\"1\">\n<div class=\"magic-5\"><\/div>\n<\/td>\n<td colspan=\"1\" rowspan=\"1\">\n<div class=\"magic-6\">Anhui<\/div>\n<\/td>\n<\/tr>\n<tr>\n<td colspan=\"1\" rowspan=\"1\">\n<div class=\"magic-5\">Tipo<\/div>\n<\/td>\n<td colspan=\"1\" rowspan=\"1\">\n<div class=\"magic-6\">Caderno de exerc\u00edcios<\/div>\n<\/td>\n<\/tr>\n<tr>\n<td colspan=\"1\" rowspan=\"1\">\n<div class=\"magic-5\">Material de capa<\/div>\n<\/td>\n<td colspan=\"1\" rowspan=\"1\">\n<div class=\"magic-6\">Papel de arte, placa de marfim etc.<\/div>\n<\/td>\n<\/tr>\n<tr>\n<td colspan=\"1\" rowspan=\"1\">\n<div class=\"magic-5\">Marca<\/div>\n<\/td>\n<td colspan=\"1\" rowspan=\"1\">\n<div class=\"magic-6\">Colorfly<\/div>\n<\/td>\n<\/tr>\n<tr>\n<td colspan=\"1\" rowspan=\"1\">\n<div class=\"magic-5\">N\u00famero do modelo<\/div>\n<\/td>\n<td colspan=\"1\" rowspan=\"1\">\n<div class=\"magic-6\">EXE015<\/div>\n<\/td>\n<\/tr>\n<tr>\n<td colspan=\"1\" rowspan=\"1\">\n<div class=\"magic-5\">Estilo<\/div>\n<\/td>\n<td colspan=\"1\" rowspan=\"1\">\n<div class=\"magic-6\">Caderno de exerc\u00edcios<\/div>\n<\/td>\n<\/tr>\n<tr>\n<td colspan=\"1\" rowspan=\"1\">\n<div class=\"magic-5\">P\u00e1ginas internas<\/div>\n<\/td>\n<td colspan=\"1\" rowspan=\"1\">\n<div class=\"magic-6\">40\/80\/120 p\u00e1ginas ou personalizado<\/div>\n<\/td>\n<\/tr>\n<tr>\n<td colspan=\"1\" rowspan=\"1\">\n<div class=\"magic-5\">Usar<\/div>\n<\/td>\n<td colspan=\"1\" rowspan=\"1\">\n<div class=\"magic-6\">Alunos da escola<\/div>\n<\/td>\n<\/tr>\n<tr>\n<td colspan=\"1\" rowspan=\"1\">\n<div class=\"magic-5\">Nome do item<\/div>\n<\/td>\n<td colspan=\"1\" rowspan=\"1\">\n<div class=\"magic-6\">Cadernos de exerc\u00edcios de escrita baratos<\/div>\n<\/td>\n<\/tr>\n<tr>\n<td colspan=\"1\" rowspan=\"1\">\n<div class=\"magic-5\">Tamanho<\/div>\n<\/td>\n<td colspan=\"1\" rowspan=\"1\">\n<div class=\"magic-6\">Tamanho personalizado<\/div>\n<\/td>\n<\/tr>\n<tr>\n<td colspan=\"1\" rowspan=\"1\">\n<div class=\"magic-5\">Vinculativo<\/div>\n<\/td>\n<td colspan=\"1\" rowspan=\"1\">\n<div class=\"magic-6\">Encaderna\u00e7\u00e3o com grampos<\/div>\n<\/td>\n<\/tr>\n<tr>\n<td colspan=\"1\" rowspan=\"1\">\n<div class=\"magic-5\">Papel interno<\/div>\n<\/td>\n<td colspan=\"1\" rowspan=\"1\">\n<div class=\"magic-6\">50gsm a 120gsm etc.<\/div>\n<\/td>\n<\/tr>\n<tr>\n<td colspan=\"1\" rowspan=\"1\">\n<div class=\"magic-5\">Logotipo<\/div>\n<\/td>\n<td colspan=\"1\" rowspan=\"1\">\n<div class=\"magic-6\">Aceitar logotipo personalizado<\/div>\n<\/td>\n<\/tr>\n<tr>\n<td colspan=\"1\" rowspan=\"1\">\n<div class=\"magic-5\">Cobrir<\/div>\n<\/td>\n<td colspan=\"1\" rowspan=\"1\">\n<div class=\"magic-6\">Papel cart\u00e3o, papel art\u00edstico etc.<\/div>\n<\/td>\n<\/tr>\n<tr>\n<td colspan=\"1\" rowspan=\"1\">\n<div class=\"magic-5\">Impress\u00e3o interna<\/div>\n<\/td>\n<td colspan=\"1\" rowspan=\"1\">\n<div class=\"magic-6\">Linha \u00fanica ou interior personalizado aceit\u00e1vel<\/div>\n<\/td>\n<\/tr>\n<tr>\n<td colspan=\"1\" rowspan=\"1\">\n<div class=\"magic-5\">Amostra<\/div>\n<\/td>\n<td colspan=\"1\" rowspan=\"1\">\n<div class=\"magic-6\">Aceitar<\/div>\n<\/td>\n<\/tr>\n<tr>\n<td colspan=\"1\" rowspan=\"1\">\n<div class=\"magic-5\">Cor<\/div>\n<\/td>\n<td colspan=\"1\" rowspan=\"1\">\n<div class=\"magic-6\">Cor CYMK<\/div>\n<\/td>\n<\/tr>\n<tr>\n<td colspan=\"1\" rowspan=\"1\">\n<div class=\"magic-5\">Usar<\/div>\n<\/td>\n<td colspan=\"1\" rowspan=\"1\">\n<div class=\"magic-6\">Escolas<\/div>\n<\/td>\n<\/tr>\n<\/tbody>\n<\/table>","protected":false},"excerpt":{"rendered":"<p><strong>Cadernos longos e cadernos de exerc\u00edcios acess\u00edveis para uso escolar. Fornecimento em massa e impress\u00e3o personalizada com pre\u00e7os diretos de f\u00e1brica. Suporte para OEM\/ODM.<\/strong><\/p>\n<p><strong>Fornecedor:<\/strong> Impress\u00e3o colorida<br \/>\n<strong>Vinculativo:<\/strong>Costura de sela, encaderna\u00e7\u00e3o com grampo<br \/>\n<strong>Tamanho:<\/strong> A5 ou personalizado<br \/>\n<strong>Tipo:<\/strong>Caderno de exerc\u00edcios<br \/>\n<strong>Material de capa<\/strong>\uff1aPapel de arte, placa de marfim etc.<br \/>\n<strong>Impress\u00e3o:<\/strong>Impress\u00e3o offset 4c<br \/>\n<strong>Folhas:<\/strong> 40\/80\/120 p\u00e1ginas ou personalizado<br \/>\n<strong>Embalagem:<\/strong> Embalagem regular (saco retr\u00e1til e caixa externa) ou com base na solicita\u00e7\u00e3o do cliente<br \/>\n<strong>Logotipo:<\/strong>Aceitar logotipo personalizado<br \/>\n<strong>Quantidade m\u00ednima:<\/strong> 10000 pe\u00e7as<br \/>\n<strong>Fabricante original:<\/strong> Sim<\/p>\n<p>&nbsp;<\/p>\n<h2>Nosso servi\u00e7o<\/h2>\n<p>Venda direta do fabricante h\u00e1 mais de 13 anos<br \/>\nSuporte de servi\u00e7o OEM<br \/>\nSuporte a pacotes personalizados<\/p>","protected":false},"featured_media":12440,"comment_status":"open","ping_status":"closed","template":"","meta":[],"product_brand":[],"product_cat":[21,495],"product_tag":[602,603],"class_list":{"0":"post-12438","1":"product","2":"type-product","3":"status-publish","4":"has-post-thumbnail","6":"product_cat-exercise-book","7":"product_cat-soft-cover-exercise-book","8":"product_tag-long-book-notebook","9":"product_tag-writing-exercise-books","11":"first","12":"instock","13":"featured","14":"shipping-taxable","15":"product-type-simple"},"yoast_head":"<!-- This site is optimized with the Yoast SEO Premium plugin v23.9 (Yoast SEO v25.2) - https:\/\/yoast.com\/wordpress\/plugins\/seo\/ -->\n<title>Long Book Writing Notebooks at Cheap Wholesale Price<\/title>\n<meta name=\"description\" content=\"Affordable long book notebooks and writing exercise books for school use. Bulk supply and custom printing with factory-direct prices. OEM\/ODM service supported.\" \/>\n<meta name=\"robots\" content=\"index, follow, max-snippet:-1, max-image-preview:large, max-video-preview:-1\" \/>\n<link rel=\"canonical\" href=\"https:\/\/www.colorflyprinting.com\/pt\/produto\/caderno-longo-cadernos-de-exercicios-de-escrita-baratos\/\" \/>\n<meta property=\"og:locale\" content=\"pt_PT\" \/>\n<meta property=\"og:type\" content=\"article\" \/>\n<meta property=\"og:title\" content=\"Long Book Notebook Cheap Writing Exercise Books\" \/>\n<meta property=\"og:description\" content=\"Affordable long book notebooks and writing exercise books for school use. Bulk supply and custom printing with factory-direct prices. OEM\/ODM service supported.\" \/>\n<meta property=\"og:url\" content=\"https:\/\/www.colorflyprinting.com\/pt\/produto\/caderno-longo-cadernos-de-exercicios-de-escrita-baratos\/\" \/>\n<meta property=\"og:site_name\" content=\"colorflyprinting\" \/>\n<meta property=\"article:modified_time\" content=\"2025-07-07T06:01:49+00:00\" \/>\n<meta property=\"og:image\" content=\"https:\/\/www.colorflyprinting.com\/wp-content\/uploads\/2025\/04\/Main-06-19.jpg\" \/>\n\t<meta property=\"og:image:width\" content=\"750\" \/>\n\t<meta property=\"og:image:height\" content=\"750\" \/>\n\t<meta property=\"og:image:type\" content=\"image\/jpeg\" \/>\n<meta name=\"twitter:card\" content=\"summary_large_image\" \/>\n<script type=\"application\/ld+json\" class=\"yoast-schema-graph\">{\"@context\":\"https:\/\/schema.org\",\"@graph\":[{\"@type\":\"WebPage\",\"@id\":\"https:\/\/www.colorflyprinting.com\/product\/long-book-notebook-cheap-writing-exercise-books\/\",\"url\":\"https:\/\/www.colorflyprinting.com\/product\/long-book-notebook-cheap-writing-exercise-books\/\",\"name\":\"Long Book Writing Notebooks at Cheap Wholesale Price\",\"isPartOf\":{\"@id\":\"https:\/\/www.colorflyprinting.com\/#website\"},\"primaryImageOfPage\":{\"@id\":\"https:\/\/www.colorflyprinting.com\/product\/long-book-notebook-cheap-writing-exercise-books\/#primaryimage\"},\"image\":{\"@id\":\"https:\/\/www.colorflyprinting.com\/product\/long-book-notebook-cheap-writing-exercise-books\/#primaryimage\"},\"thumbnailUrl\":\"https:\/\/www.colorflyprinting.com\/wp-content\/uploads\/2025\/04\/Main-06-19.jpg\",\"datePublished\":\"2025-04-29T02:46:28+00:00\",\"dateModified\":\"2025-07-07T06:01:49+00:00\",\"description\":\"Affordable long book notebooks and writing exercise books for school use. Bulk supply and custom printing with factory-direct prices. OEM\/ODM service supported.\",\"breadcrumb\":{\"@id\":\"https:\/\/www.colorflyprinting.com\/product\/long-book-notebook-cheap-writing-exercise-books\/#breadcrumb\"},\"inLanguage\":\"pt-PT\",\"potentialAction\":[{\"@type\":\"ReadAction\",\"target\":[\"https:\/\/www.colorflyprinting.com\/product\/long-book-notebook-cheap-writing-exercise-books\/\"]}]},{\"@type\":\"ImageObject\",\"inLanguage\":\"pt-PT\",\"@id\":\"https:\/\/www.colorflyprinting.com\/product\/long-book-notebook-cheap-writing-exercise-books\/#primaryimage\",\"url\":\"https:\/\/www.colorflyprinting.com\/wp-content\/uploads\/2025\/04\/Main-06-19.jpg\",\"contentUrl\":\"https:\/\/www.colorflyprinting.com\/wp-content\/uploads\/2025\/04\/Main-06-19.jpg\",\"width\":750,\"height\":750},{\"@type\":\"BreadcrumbList\",\"@id\":\"https:\/\/www.colorflyprinting.com\/product\/long-book-notebook-cheap-writing-exercise-books\/#breadcrumb\",\"itemListElement\":[{\"@type\":\"ListItem\",\"position\":1,\"name\":\"Home\",\"item\":\"https:\/\/www.colorflyprinting.com\/\"},{\"@type\":\"ListItem\",\"position\":2,\"name\":\"Product\",\"item\":\"https:\/\/www.colorflyprinting.com\/shop\/\"},{\"@type\":\"ListItem\",\"position\":3,\"name\":\"Long Book Notebook Cheap Writing Exercise Books\"}]},{\"@type\":\"WebSite\",\"@id\":\"https:\/\/www.colorflyprinting.com\/#website\",\"url\":\"https:\/\/www.colorflyprinting.com\/\",\"name\":\"Hefei Colorfly Stationery Co.,Ltd.\",\"description\":\"\",\"publisher\":{\"@id\":\"https:\/\/www.colorflyprinting.com\/#organization\"},\"potentialAction\":[{\"@type\":\"SearchAction\",\"target\":{\"@type\":\"EntryPoint\",\"urlTemplate\":\"https:\/\/www.colorflyprinting.com\/?s={search_term_string}\"},\"query-input\":{\"@type\":\"PropertyValueSpecification\",\"valueRequired\":true,\"valueName\":\"search_term_string\"}}],\"inLanguage\":\"pt-PT\"},{\"@type\":\"Organization\",\"@id\":\"https:\/\/www.colorflyprinting.com\/#organization\",\"name\":\"Hefei Colorfly Stationery Co.,Ltd.\",\"url\":\"https:\/\/www.colorflyprinting.com\/\",\"logo\":{\"@type\":\"ImageObject\",\"inLanguage\":\"pt-PT\",\"@id\":\"https:\/\/www.colorflyprinting.com\/#\/schema\/logo\/image\/\",\"url\":\"https:\/\/www.colorflyprinting.com\/wp-content\/uploads\/2025\/04\/d167665f943610681229e2f4307b9df.jpg\",\"contentUrl\":\"https:\/\/www.colorflyprinting.com\/wp-content\/uploads\/2025\/04\/d167665f943610681229e2f4307b9df.jpg\",\"width\":780,\"height\":780,\"caption\":\"Hefei Colorfly Stationery Co.,Ltd.\"},\"image\":{\"@id\":\"https:\/\/www.colorflyprinting.com\/#\/schema\/logo\/image\/\"}}]}<\/script>\n<!-- \/ Yoast SEO Premium plugin. -->","yoast_head_json":{"title":"Long Book Writing Notebooks at Cheap Wholesale Price","description":"Affordable long book notebooks and writing exercise books for school use. Bulk supply and custom printing with factory-direct prices. OEM\/ODM service supported.","robots":{"index":"index","follow":"follow","max-snippet":"max-snippet:-1","max-image-preview":"max-image-preview:large","max-video-preview":"max-video-preview:-1"},"canonical":"https:\/\/www.colorflyprinting.com\/pt\/produto\/caderno-longo-cadernos-de-exercicios-de-escrita-baratos\/","og_locale":"pt_PT","og_type":"article","og_title":"Long Book Notebook Cheap Writing Exercise Books","og_description":"Affordable long book notebooks and writing exercise books for school use. Bulk supply and custom printing with factory-direct prices. OEM\/ODM service supported.","og_url":"https:\/\/www.colorflyprinting.com\/pt\/produto\/caderno-longo-cadernos-de-exercicios-de-escrita-baratos\/","og_site_name":"colorflyprinting","article_modified_time":"2025-07-07T06:01:49+00:00","og_image":[{"width":750,"height":750,"url":"https:\/\/www.colorflyprinting.com\/wp-content\/uploads\/2025\/04\/Main-06-19.jpg","type":"image\/jpeg"}],"twitter_card":"summary_large_image","schema":{"@context":"https:\/\/schema.org","@graph":[{"@type":"WebPage","@id":"https:\/\/www.colorflyprinting.com\/product\/long-book-notebook-cheap-writing-exercise-books\/","url":"https:\/\/www.colorflyprinting.com\/product\/long-book-notebook-cheap-writing-exercise-books\/","name":"Long Book Writing Notebooks at Cheap Wholesale Price","isPartOf":{"@id":"https:\/\/www.colorflyprinting.com\/#website"},"primaryImageOfPage":{"@id":"https:\/\/www.colorflyprinting.com\/product\/long-book-notebook-cheap-writing-exercise-books\/#primaryimage"},"image":{"@id":"https:\/\/www.colorflyprinting.com\/product\/long-book-notebook-cheap-writing-exercise-books\/#primaryimage"},"thumbnailUrl":"https:\/\/www.colorflyprinting.com\/wp-content\/uploads\/2025\/04\/Main-06-19.jpg","datePublished":"2025-04-29T02:46:28+00:00","dateModified":"2025-07-07T06:01:49+00:00","description":"Affordable long book notebooks and writing exercise books for school use. Bulk supply and custom printing with factory-direct prices. OEM\/ODM service supported.","breadcrumb":{"@id":"https:\/\/www.colorflyprinting.com\/product\/long-book-notebook-cheap-writing-exercise-books\/#breadcrumb"},"inLanguage":"pt-PT","potentialAction":[{"@type":"ReadAction","target":["https:\/\/www.colorflyprinting.com\/product\/long-book-notebook-cheap-writing-exercise-books\/"]}]},{"@type":"ImageObject","inLanguage":"pt-PT","@id":"https:\/\/www.colorflyprinting.com\/product\/long-book-notebook-cheap-writing-exercise-books\/#primaryimage","url":"https:\/\/www.colorflyprinting.com\/wp-content\/uploads\/2025\/04\/Main-06-19.jpg","contentUrl":"https:\/\/www.colorflyprinting.com\/wp-content\/uploads\/2025\/04\/Main-06-19.jpg","width":750,"height":750},{"@type":"BreadcrumbList","@id":"https:\/\/www.colorflyprinting.com\/product\/long-book-notebook-cheap-writing-exercise-books\/#breadcrumb","itemListElement":[{"@type":"ListItem","position":1,"name":"Home","item":"https:\/\/www.colorflyprinting.com\/"},{"@type":"ListItem","position":2,"name":"Product","item":"https:\/\/www.colorflyprinting.com\/shop\/"},{"@type":"ListItem","position":3,"name":"Long Book Notebook Cheap Writing Exercise Books"}]},{"@type":"WebSite","@id":"https:\/\/www.colorflyprinting.com\/#website","url":"https:\/\/www.colorflyprinting.com\/","name":"Hefei Colorfly Stationery Co.,Ltd.","description":"","publisher":{"@id":"https:\/\/www.colorflyprinting.com\/#organization"},"potentialAction":[{"@type":"SearchAction","target":{"@type":"EntryPoint","urlTemplate":"https:\/\/www.colorflyprinting.com\/?s={search_term_string}"},"query-input":{"@type":"PropertyValueSpecification","valueRequired":true,"valueName":"search_term_string"}}],"inLanguage":"pt-PT"},{"@type":"Organization","@id":"https:\/\/www.colorflyprinting.com\/#organization","name":"Hefei Colorfly Stationery Co.,Ltd.","url":"https:\/\/www.colorflyprinting.com\/","logo":{"@type":"ImageObject","inLanguage":"pt-PT","@id":"https:\/\/www.colorflyprinting.com\/#\/schema\/logo\/image\/","url":"https:\/\/www.colorflyprinting.com\/wp-content\/uploads\/2025\/04\/d167665f943610681229e2f4307b9df.jpg","contentUrl":"https:\/\/www.colorflyprinting.com\/wp-content\/uploads\/2025\/04\/d167665f943610681229e2f4307b9df.jpg","width":780,"height":780,"caption":"Hefei Colorfly Stationery Co.,Ltd."},"image":{"@id":"https:\/\/www.colorflyprinting.com\/#\/schema\/logo\/image\/"}}]}},"_links":{"self":[{"href":"https:\/\/www.colorflyprinting.com\/pt\/wp-json\/wp\/v2\/product\/12438","targetHints":{"allow":["GET"]}}],"collection":[{"href":"https:\/\/www.colorflyprinting.com\/pt\/wp-json\/wp\/v2\/product"}],"about":[{"href":"https:\/\/www.colorflyprinting.com\/pt\/wp-json\/wp\/v2\/types\/product"}],"replies":[{"embeddable":true,"href":"https:\/\/www.colorflyprinting.com\/pt\/wp-json\/wp\/v2\/comments?post=12438"}],"wp:featuredmedia":[{"embeddable":true,"href":"https:\/\/www.colorflyprinting.com\/pt\/wp-json\/wp\/v2\/media\/12440"}],"wp:attachment":[{"href":"https:\/\/www.colorflyprinting.com\/pt\/wp-json\/wp\/v2\/media?parent=12438"}],"wp:term":[{"taxonomy":"product_brand","embeddable":true,"href":"https:\/\/www.colorflyprinting.com\/pt\/wp-json\/wp\/v2\/product_brand?post=12438"},{"taxonomy":"product_cat","embeddable":true,"href":"https:\/\/www.colorflyprinting.com\/pt\/wp-json\/wp\/v2\/product_cat?post=12438"},{"taxonomy":"product_tag","embeddable":true,"href":"https:\/\/www.colorflyprinting.com\/pt\/wp-json\/wp\/v2\/product_tag?post=12438"}],"curies":[{"name":"wp","href":"https:\/\/api.w.org\/{rel}","templated":true}]}}