{"id":11474,"date":"2025-04-22T01:22:58","date_gmt":"2025-04-22T01:22:58","guid":{"rendered":"https:\/\/www.colorflyprinting.com\/?post_type=product&#038;p=11474"},"modified":"2025-04-22T01:23:35","modified_gmt":"2025-04-22T01:23:35","slug":"factory-direct-good-quality-school-supplies-custom-seyes-cahier-exercise-books","status":"publish","type":"product","link":"https:\/\/www.colorflyprinting.com\/pt\/produto\/material-escolar-de-boa-qualidade-direto-da-fabrica-cadernos-de-exercicios-personalizados-seyes-cahier\/","title":{"rendered":"F\u00e1brica direta de boa qualidade Material escolar personalizado Seyes Cahier Cadernos de exerc\u00edcios"},"content":{"rendered":"<div class=\"text\">\n<p>\n\tDescri\u00e7\u00e3o dos produtos&nbsp;\n<\/p>\n<p>\n\tNome do item: caderno&nbsp;\n<\/p>\n<p>\n\t&nbsp;Capa: PU<br \/>\nTamanho: 19\u00d724,7cm\n<\/p>\n<p>\n\tEncaderna\u00e7\u00e3o: Encaderna\u00e7\u00e3o perfeita (encaderna\u00e7\u00e3o espiral)&nbsp;\n<\/p>\n<p>\n\tP\u00e1ginas: 48\/96\/192 p\u00e1ginas\n<\/p>\n<p>\n\tQuantidade m\u00ednima: 5000\n<\/p>\n<p>\n\tTodas as especifica\u00e7\u00f5es acima podem ser personalizadas; voc\u00ea pode aproveitar nosso servi\u00e7o personalizado se cooperarmos.&nbsp;\n<\/p>\n<p>\n\t\n<\/p>\n<p>\n\t&nbsp;Perguntas frequentes&nbsp;\n<\/p>\n<p>\n\t1. Sobre o pre\u00e7o:<br \/>\nO pre\u00e7o \u00e9 negoci\u00e1vel. Pode ser alterado de acordo com a quantidade ou pacote desejado. Ao fazer uma consulta, informe-nos a quantidade desejada.&nbsp;\n<\/p>\n<p>\n\t2. Sobre a amostra:<br \/>\nPara produtos padr\u00e3o que produzimos todos os dias, a amostra \u00e9 gr\u00e1tis, mas o frete a\u00e9reo \u00e9 cobrado ou voc\u00ea nos paga a postagem adiantado. Por favor, entenda que fazer novas amostras causar\u00e1 uma taxa de fabrica\u00e7\u00e3o de amostras. Vamos discutir mais, por favor.&nbsp;\n<\/p>\n<p>\n\t3. Sobre o MOQ:<br \/>\nSe tivermos o produto em estoque, o MOQ ser\u00e1 pequeno; caso contr\u00e1rio, o MOQ ser\u00e1 de 20.000\/50.000\/100.000 pe\u00e7as, etc. Itens mistos tamb\u00e9m podem caber em um cont\u00eainer de 20 p\u00e9s; isso depende do tipo de produto e pode ser negoci\u00e1vel. Gostar\u00edamos de resolver seu problema da melhor maneira poss\u00edvel.&nbsp;\n<\/p>\n<p>\n\t4. Sobre o OEM:<br \/>\nTemos uma f\u00e1brica na China e gostar\u00edamos de ajudar a projetar o LOGOTIPO e o c\u00f3digo de barras do produto, desde que a qualidade do pedido atenda ao MOQ.&nbsp;\n<\/p>\n<p>\n\t5. Sobre o pacote:<br \/>\nA maioria dos produtos que produzimos tem embalagem padr\u00e3o de acordo com a experi\u00eancia que adquirimos no mercado, mas sempre aceitamos as necessidades do cliente e fornecemos sugest\u00f5es \u00fateis para refer\u00eancia.\n<\/p>\n<\/p><\/div>","protected":false},"excerpt":{"rendered":"<ul class=\"ptab-list clearfix\">\n<li>\n<p>Origem do produto:<\/p>\n<p><span>Anhui<\/span><\/li>\n<li>\n<p>Marca:<\/p>\n<p><span>Colorfly<\/span><\/li>\n<li>\n<p>N\u00ba do item:<\/p>\n<p><span>S-1222<\/span><\/li>\n<li>\n<p>Porto de embarque:<\/p>\n<p><span>wuhan\/xangai\/qiandao\/yiwu<\/span><\/li>\n<li>\n<p>Cor:<\/p>\n<p><span>cor personalizada<\/span><\/li>\n<li>\n<p>Tempo de espera:<\/p>\n<p><span>25-30 dias<\/span><\/li>\n<li>\n<p>Pagamento:<\/p>\n<p><span>30% TT como dep\u00f3sito, o pagamento do saldo a<\/span><\/li>\n<li>\n<p>Quantidade m\u00ednima:<\/p>\n<p><span>5000<\/span><\/li>\n<li>\n<p>Tipo: <\/p>\n<p> <span>caderno<\/span><\/li>\n<li>\n<p>Tamanho: <\/p>\n<p> <span>A5<\/span><\/li>\n<li>\n<p>Vinculativo: <\/p>\n<p> <span>encaderna\u00e7\u00e3o com grampos<\/span><\/li>\n<li>\n<p>N\u00famero de p\u00e1ginas: <\/p>\n<p> <span>48p<\/span><\/li>\n<li>\n<p>Impress\u00e3o interna: <\/p>\n<p> <span>personalizado<\/span><\/li>\n<li>\n<p>Impress\u00e3o da capa: <\/p>\n<p> <span>cor personalizada<\/span><\/li>\n<\/ul>","protected":false},"featured_media":11531,"comment_status":"open","ping_status":"closed","template":"","meta":[],"product_brand":[],"product_cat":[21,495],"product_tag":[498,496,497],"class_list":{"0":"post-11474","1":"product","2":"type-product","3":"status-publish","4":"has-post-thumbnail","6":"product_cat-exercise-book","7":"product_cat-soft-cover-exercise-book","8":"product_tag-factory-direct-good-quality-school-supplies-seyes-cahier","9":"product_tag-good-quality-school-supplies-seyes-cahier","10":"product_tag-supplies-seyes-cahierexercise-books","12":"first","13":"instock","14":"shipping-taxable","15":"product-type-simple"},"yoast_head":"<!-- This site is optimized with the Yoast SEO Premium plugin v23.9 (Yoast SEO v25.2) - https:\/\/yoast.com\/wordpress\/plugins\/seo\/ -->\n<title>factory direct good quality School Supplies Custom Seyes Cahier Exercise Books - colorflyprinting<\/title>\n<meta name=\"robots\" content=\"index, follow, max-snippet:-1, max-image-preview:large, max-video-preview:-1\" \/>\n<link rel=\"canonical\" href=\"https:\/\/www.colorflyprinting.com\/pt\/produto\/material-escolar-de-boa-qualidade-direto-da-fabrica-cadernos-de-exercicios-personalizados-seyes-cahier\/\" \/>\n<meta property=\"og:locale\" content=\"pt_PT\" \/>\n<meta property=\"og:type\" content=\"article\" \/>\n<meta property=\"og:title\" content=\"factory direct good quality School Supplies Custom Seyes Cahier Exercise Books\" \/>\n<meta property=\"og:description\" content=\"Product Origin:anhui                                                    Brand:Colorfly                                                   Item NO.:S-1222                                                   Shipping Port:wuhan\/ shanghai \/qiandao \/yiwu                                                   Color:custom color                                                   Lead Time:25-30days                                                   Payment:30% TT as the deposit , the balance payment a                                                   MOQ:5000                                                                                                                  Type: notebook                                 Size: A5                                 Binding: staple binding                                 Number of pages: 48p                                 Inner printing: custom                                 Cover printing: custom color\" \/>\n<meta property=\"og:url\" content=\"https:\/\/www.colorflyprinting.com\/pt\/produto\/material-escolar-de-boa-qualidade-direto-da-fabrica-cadernos-de-exercicios-personalizados-seyes-cahier\/\" \/>\n<meta property=\"og:site_name\" content=\"colorflyprinting\" \/>\n<meta property=\"article:modified_time\" content=\"2025-04-22T01:23:35+00:00\" \/>\n<meta name=\"twitter:card\" content=\"summary_large_image\" \/>\n<meta name=\"twitter:label1\" content=\"Tempo estimado de leitura\" \/>\n\t<meta name=\"twitter:data1\" content=\"1 minuto\" \/>\n<script type=\"application\/ld+json\" class=\"yoast-schema-graph\">{\"@context\":\"https:\/\/schema.org\",\"@graph\":[{\"@type\":\"WebPage\",\"@id\":\"https:\/\/www.colorflyprinting.com\/product\/factory-direct-good-quality-school-supplies-custom-seyes-cahier-exercise-books\/\",\"url\":\"https:\/\/www.colorflyprinting.com\/product\/factory-direct-good-quality-school-supplies-custom-seyes-cahier-exercise-books\/\",\"name\":\"factory direct good quality School Supplies Custom Seyes Cahier Exercise Books - colorflyprinting\",\"isPartOf\":{\"@id\":\"https:\/\/www.colorflyprinting.com\/#website\"},\"primaryImageOfPage\":{\"@id\":\"https:\/\/www.colorflyprinting.com\/product\/factory-direct-good-quality-school-supplies-custom-seyes-cahier-exercise-books\/#primaryimage\"},\"image\":{\"@id\":\"https:\/\/www.colorflyprinting.com\/product\/factory-direct-good-quality-school-supplies-custom-seyes-cahier-exercise-books\/#primaryimage\"},\"thumbnailUrl\":\"https:\/\/www.colorflyprinting.com\/wp-content\/uploads\/2025\/04\/23a9484dcb6cdd005668d30eb2d1bc4b_medium-1.jpg\",\"datePublished\":\"2025-04-22T01:22:58+00:00\",\"dateModified\":\"2025-04-22T01:23:35+00:00\",\"breadcrumb\":{\"@id\":\"https:\/\/www.colorflyprinting.com\/product\/factory-direct-good-quality-school-supplies-custom-seyes-cahier-exercise-books\/#breadcrumb\"},\"inLanguage\":\"pt-PT\",\"potentialAction\":[{\"@type\":\"ReadAction\",\"target\":[\"https:\/\/www.colorflyprinting.com\/product\/factory-direct-good-quality-school-supplies-custom-seyes-cahier-exercise-books\/\"]}]},{\"@type\":\"ImageObject\",\"inLanguage\":\"pt-PT\",\"@id\":\"https:\/\/www.colorflyprinting.com\/product\/factory-direct-good-quality-school-supplies-custom-seyes-cahier-exercise-books\/#primaryimage\",\"url\":\"https:\/\/www.colorflyprinting.com\/wp-content\/uploads\/2025\/04\/23a9484dcb6cdd005668d30eb2d1bc4b_medium-1.jpg\",\"contentUrl\":\"https:\/\/www.colorflyprinting.com\/wp-content\/uploads\/2025\/04\/23a9484dcb6cdd005668d30eb2d1bc4b_medium-1.jpg\",\"width\":550,\"height\":550},{\"@type\":\"BreadcrumbList\",\"@id\":\"https:\/\/www.colorflyprinting.com\/product\/factory-direct-good-quality-school-supplies-custom-seyes-cahier-exercise-books\/#breadcrumb\",\"itemListElement\":[{\"@type\":\"ListItem\",\"position\":1,\"name\":\"Home\",\"item\":\"https:\/\/www.colorflyprinting.com\/\"},{\"@type\":\"ListItem\",\"position\":2,\"name\":\"Product\",\"item\":\"https:\/\/www.colorflyprinting.com\/shop\/\"},{\"@type\":\"ListItem\",\"position\":3,\"name\":\"factory direct good quality School Supplies Custom Seyes Cahier Exercise Books\"}]},{\"@type\":\"WebSite\",\"@id\":\"https:\/\/www.colorflyprinting.com\/#website\",\"url\":\"https:\/\/www.colorflyprinting.com\/\",\"name\":\"Hefei Colorfly Stationery Co.,Ltd.\",\"description\":\"\",\"publisher\":{\"@id\":\"https:\/\/www.colorflyprinting.com\/#organization\"},\"potentialAction\":[{\"@type\":\"SearchAction\",\"target\":{\"@type\":\"EntryPoint\",\"urlTemplate\":\"https:\/\/www.colorflyprinting.com\/?s={search_term_string}\"},\"query-input\":{\"@type\":\"PropertyValueSpecification\",\"valueRequired\":true,\"valueName\":\"search_term_string\"}}],\"inLanguage\":\"pt-PT\"},{\"@type\":\"Organization\",\"@id\":\"https:\/\/www.colorflyprinting.com\/#organization\",\"name\":\"Hefei Colorfly Stationery Co.,Ltd.\",\"url\":\"https:\/\/www.colorflyprinting.com\/\",\"logo\":{\"@type\":\"ImageObject\",\"inLanguage\":\"pt-PT\",\"@id\":\"https:\/\/www.colorflyprinting.com\/#\/schema\/logo\/image\/\",\"url\":\"https:\/\/www.colorflyprinting.com\/wp-content\/uploads\/2025\/04\/d167665f943610681229e2f4307b9df.jpg\",\"contentUrl\":\"https:\/\/www.colorflyprinting.com\/wp-content\/uploads\/2025\/04\/d167665f943610681229e2f4307b9df.jpg\",\"width\":780,\"height\":780,\"caption\":\"Hefei Colorfly Stationery Co.,Ltd.\"},\"image\":{\"@id\":\"https:\/\/www.colorflyprinting.com\/#\/schema\/logo\/image\/\"}}]}<\/script>\n<!-- \/ Yoast SEO Premium plugin. -->","yoast_head_json":{"title":"factory direct good quality School Supplies Custom Seyes Cahier Exercise Books - colorflyprinting","robots":{"index":"index","follow":"follow","max-snippet":"max-snippet:-1","max-image-preview":"max-image-preview:large","max-video-preview":"max-video-preview:-1"},"canonical":"https:\/\/www.colorflyprinting.com\/pt\/produto\/material-escolar-de-boa-qualidade-direto-da-fabrica-cadernos-de-exercicios-personalizados-seyes-cahier\/","og_locale":"pt_PT","og_type":"article","og_title":"factory direct good quality School Supplies Custom Seyes Cahier Exercise Books","og_description":"Product Origin:anhui                                                    Brand:Colorfly                                                   Item NO.:S-1222                                                   Shipping Port:wuhan\/ shanghai \/qiandao \/yiwu                                                   Color:custom color                                                   Lead Time:25-30days                                                   Payment:30% TT as the deposit , the balance payment a                                                   MOQ:5000                                                                                                                  Type: notebook                                 Size: A5                                 Binding: staple binding                                 Number of pages: 48p                                 Inner printing: custom                                 Cover printing: custom color","og_url":"https:\/\/www.colorflyprinting.com\/pt\/produto\/material-escolar-de-boa-qualidade-direto-da-fabrica-cadernos-de-exercicios-personalizados-seyes-cahier\/","og_site_name":"colorflyprinting","article_modified_time":"2025-04-22T01:23:35+00:00","twitter_card":"summary_large_image","twitter_misc":{"Tempo estimado de leitura":"1 minuto"},"schema":{"@context":"https:\/\/schema.org","@graph":[{"@type":"WebPage","@id":"https:\/\/www.colorflyprinting.com\/product\/factory-direct-good-quality-school-supplies-custom-seyes-cahier-exercise-books\/","url":"https:\/\/www.colorflyprinting.com\/product\/factory-direct-good-quality-school-supplies-custom-seyes-cahier-exercise-books\/","name":"factory direct good quality School Supplies Custom Seyes Cahier Exercise Books - colorflyprinting","isPartOf":{"@id":"https:\/\/www.colorflyprinting.com\/#website"},"primaryImageOfPage":{"@id":"https:\/\/www.colorflyprinting.com\/product\/factory-direct-good-quality-school-supplies-custom-seyes-cahier-exercise-books\/#primaryimage"},"image":{"@id":"https:\/\/www.colorflyprinting.com\/product\/factory-direct-good-quality-school-supplies-custom-seyes-cahier-exercise-books\/#primaryimage"},"thumbnailUrl":"https:\/\/www.colorflyprinting.com\/wp-content\/uploads\/2025\/04\/23a9484dcb6cdd005668d30eb2d1bc4b_medium-1.jpg","datePublished":"2025-04-22T01:22:58+00:00","dateModified":"2025-04-22T01:23:35+00:00","breadcrumb":{"@id":"https:\/\/www.colorflyprinting.com\/product\/factory-direct-good-quality-school-supplies-custom-seyes-cahier-exercise-books\/#breadcrumb"},"inLanguage":"pt-PT","potentialAction":[{"@type":"ReadAction","target":["https:\/\/www.colorflyprinting.com\/product\/factory-direct-good-quality-school-supplies-custom-seyes-cahier-exercise-books\/"]}]},{"@type":"ImageObject","inLanguage":"pt-PT","@id":"https:\/\/www.colorflyprinting.com\/product\/factory-direct-good-quality-school-supplies-custom-seyes-cahier-exercise-books\/#primaryimage","url":"https:\/\/www.colorflyprinting.com\/wp-content\/uploads\/2025\/04\/23a9484dcb6cdd005668d30eb2d1bc4b_medium-1.jpg","contentUrl":"https:\/\/www.colorflyprinting.com\/wp-content\/uploads\/2025\/04\/23a9484dcb6cdd005668d30eb2d1bc4b_medium-1.jpg","width":550,"height":550},{"@type":"BreadcrumbList","@id":"https:\/\/www.colorflyprinting.com\/product\/factory-direct-good-quality-school-supplies-custom-seyes-cahier-exercise-books\/#breadcrumb","itemListElement":[{"@type":"ListItem","position":1,"name":"Home","item":"https:\/\/www.colorflyprinting.com\/"},{"@type":"ListItem","position":2,"name":"Product","item":"https:\/\/www.colorflyprinting.com\/shop\/"},{"@type":"ListItem","position":3,"name":"factory direct good quality School Supplies Custom Seyes Cahier Exercise Books"}]},{"@type":"WebSite","@id":"https:\/\/www.colorflyprinting.com\/#website","url":"https:\/\/www.colorflyprinting.com\/","name":"Hefei Colorfly Stationery Co.,Ltd.","description":"","publisher":{"@id":"https:\/\/www.colorflyprinting.com\/#organization"},"potentialAction":[{"@type":"SearchAction","target":{"@type":"EntryPoint","urlTemplate":"https:\/\/www.colorflyprinting.com\/?s={search_term_string}"},"query-input":{"@type":"PropertyValueSpecification","valueRequired":true,"valueName":"search_term_string"}}],"inLanguage":"pt-PT"},{"@type":"Organization","@id":"https:\/\/www.colorflyprinting.com\/#organization","name":"Hefei Colorfly Stationery Co.,Ltd.","url":"https:\/\/www.colorflyprinting.com\/","logo":{"@type":"ImageObject","inLanguage":"pt-PT","@id":"https:\/\/www.colorflyprinting.com\/#\/schema\/logo\/image\/","url":"https:\/\/www.colorflyprinting.com\/wp-content\/uploads\/2025\/04\/d167665f943610681229e2f4307b9df.jpg","contentUrl":"https:\/\/www.colorflyprinting.com\/wp-content\/uploads\/2025\/04\/d167665f943610681229e2f4307b9df.jpg","width":780,"height":780,"caption":"Hefei Colorfly Stationery Co.,Ltd."},"image":{"@id":"https:\/\/www.colorflyprinting.com\/#\/schema\/logo\/image\/"}}]}},"_links":{"self":[{"href":"https:\/\/www.colorflyprinting.com\/pt\/wp-json\/wp\/v2\/product\/11474","targetHints":{"allow":["GET"]}}],"collection":[{"href":"https:\/\/www.colorflyprinting.com\/pt\/wp-json\/wp\/v2\/product"}],"about":[{"href":"https:\/\/www.colorflyprinting.com\/pt\/wp-json\/wp\/v2\/types\/product"}],"replies":[{"embeddable":true,"href":"https:\/\/www.colorflyprinting.com\/pt\/wp-json\/wp\/v2\/comments?post=11474"}],"wp:featuredmedia":[{"embeddable":true,"href":"https:\/\/www.colorflyprinting.com\/pt\/wp-json\/wp\/v2\/media\/11531"}],"wp:attachment":[{"href":"https:\/\/www.colorflyprinting.com\/pt\/wp-json\/wp\/v2\/media?parent=11474"}],"wp:term":[{"taxonomy":"product_brand","embeddable":true,"href":"https:\/\/www.colorflyprinting.com\/pt\/wp-json\/wp\/v2\/product_brand?post=11474"},{"taxonomy":"product_cat","embeddable":true,"href":"https:\/\/www.colorflyprinting.com\/pt\/wp-json\/wp\/v2\/product_cat?post=11474"},{"taxonomy":"product_tag","embeddable":true,"href":"https:\/\/www.colorflyprinting.com\/pt\/wp-json\/wp\/v2\/product_tag?post=11474"}],"curies":[{"name":"wp","href":"https:\/\/api.w.org\/{rel}","templated":true}]}}