{"id":11467,"date":"2025-04-22T01:22:57","date_gmt":"2025-04-22T01:22:57","guid":{"rendered":"https:\/\/www.colorflyprinting.com\/?post_type=product&#038;p=11467"},"modified":"2025-07-18T12:00:38","modified_gmt":"2025-07-18T12:00:38","slug":"school-notebook-144-sheets-note-book-with-logo","status":"publish","type":"product","link":"https:\/\/www.colorflyprinting.com\/pt\/produto\/caderno-escolar-144-folhas-caderno-com-logotipo\/","title":{"rendered":"Caderno Escolar 144 Folhas Caderno Com Logotipo"},"content":{"rendered":"<div class=\"text\">\n<p>\n\tNome do item: Caderno escolar 144 folhas com logotipo\n<\/p>\n<p>\n\tCobrir :\n<\/p>\n<p>\n\t&nbsp;1. Material ??Papel\u00e3o + lamina\u00e7\u00e3o; ou sob medida\n<\/p>\n<p>\n\t&nbsp;2. Design ??Capa de frutas e vinho tinto; estilo v\u00edvido ou personalizado\n<\/p>\n<p>\n\t&nbsp;3. Cor: impress\u00e3o em 4 cores&nbsp;\n<\/p>\n<p>\n\t\n<\/p>\n<p>\n\tPapel interno:\n<\/p>\n<p>\n\t1. Material: Papel offset 56gsm\n<\/p>\n<p>\n\t2. Impress\u00e3o: linha francesa\n<\/p>\n<p>\n\t<img decoding=\"async\" src=\"\/js\/htmledit\/kindeditor\/attached\/20190618\/20190618124734_96338.jpg\" alt=\"\">\n<\/p>\n<p>\n\t\n<\/p>\n<p>\n\tEncaderna\u00e7\u00e3o: Encaderna\u00e7\u00e3o perfeita (encaderna\u00e7\u00e3o costurada + encaderna\u00e7\u00e3o com cola)\n<\/p>\n<p>\n\tO acabamento de encaderna\u00e7\u00e3o forte faz com que o livro n\u00e3o seja f\u00e1cil de quebrar e seja dur\u00e1vel de usar.\n<\/p>\n<p>\n\t<img decoding=\"async\" src=\"\/js\/htmledit\/kindeditor\/attached\/20190618\/20190618130556_88168.jpg\" alt=\"\">\n<\/p>\n<\/p><\/div>","protected":false},"excerpt":{"rendered":"<p>material escolar e de escrit\u00f3rio caderno reutiliz\u00e1velcaderno de escrit\u00f3rio<\/p>\n<ul class=\"ptab-list clearfix\">\n<li>\n<p>N\u00ba do item:<\/p>\n<p><span>CY-HN003<\/span><\/li>\n<li>\n<p>Tipo: <\/p>\n<p> <span>Caderno de capa dura<\/span><\/li>\n<li>\n<p>Tamanho: <\/p>\n<p> <span>17X22CM<\/span><\/li>\n<li>\n<p>Vinculativo: <\/p>\n<p> <span>Encaderna\u00e7\u00e3o perfeita<\/span><\/li>\n<li>\n<p>N\u00famero de p\u00e1ginas: <\/p>\n<p> <span>288 p\u00e1ginas<\/span><\/li>\n<li>\n<p>Impress\u00e3o interna: <\/p>\n<p> <span>linha francesa<\/span><\/li>\n<li>\n<p>Impress\u00e3o da capa: <\/p>\n<p> <span>Impress\u00e3o em 4 cores<\/span><\/li>\n<\/ul>","protected":false},"featured_media":11525,"comment_status":"open","ping_status":"closed","template":"","meta":[],"product_brand":[],"product_cat":[449],"product_tag":[481,319,480],"class_list":{"0":"post-11467","1":"product","2":"type-product","3":"status-publish","4":"has-post-thumbnail","6":"product_cat-hardcover-notebook","7":"product_tag-hardcover-school-notebook","8":"product_tag-notebook-with-logo","9":"product_tag-school-notebook-144-sheets","11":"first","12":"instock","13":"featured","14":"shipping-taxable","15":"product-type-simple"},"yoast_head":"<!-- This site is optimized with the Yoast SEO Premium plugin v23.9 (Yoast SEO v25.2) - https:\/\/yoast.com\/wordpress\/plugins\/seo\/ -->\n<title>School Notebook 144 Sheets Note Book With Logo - colorflyprinting<\/title>\n<meta name=\"robots\" content=\"index, follow, max-snippet:-1, max-image-preview:large, max-video-preview:-1\" \/>\n<link rel=\"canonical\" href=\"https:\/\/www.colorflyprinting.com\/pt\/produto\/caderno-escolar-144-folhas-caderno-com-logotipo\/\" \/>\n<meta property=\"og:locale\" content=\"pt_PT\" \/>\n<meta property=\"og:type\" content=\"article\" \/>\n<meta property=\"og:title\" content=\"School Notebook 144 Sheets Note Book With Logo\" \/>\n<meta property=\"og:description\" content=\"office &amp; school supplies reusable notebookoffice notebook                                                                    Item NO.:CY-HN003                                                                                                                                                                                                  Type: Hardcover notebook                                 Size: 17X22CM                                 Binding: Perfect binding                                 Number of pages: 288 pages                                 Inner printing: French line                                 Cover printing: 4 colors printing\" \/>\n<meta property=\"og:url\" content=\"https:\/\/www.colorflyprinting.com\/pt\/produto\/caderno-escolar-144-folhas-caderno-com-logotipo\/\" \/>\n<meta property=\"og:site_name\" content=\"colorflyprinting\" \/>\n<meta property=\"article:modified_time\" content=\"2025-07-18T12:00:38+00:00\" \/>\n<meta name=\"twitter:card\" content=\"summary_large_image\" \/>\n<script type=\"application\/ld+json\" class=\"yoast-schema-graph\">{\"@context\":\"https:\/\/schema.org\",\"@graph\":[{\"@type\":\"WebPage\",\"@id\":\"https:\/\/www.colorflyprinting.com\/product\/school-notebook-144-sheets-note-book-with-logo\/\",\"url\":\"https:\/\/www.colorflyprinting.com\/product\/school-notebook-144-sheets-note-book-with-logo\/\",\"name\":\"School Notebook 144 Sheets Note Book With Logo - colorflyprinting\",\"isPartOf\":{\"@id\":\"https:\/\/www.colorflyprinting.com\/#website\"},\"primaryImageOfPage\":{\"@id\":\"https:\/\/www.colorflyprinting.com\/product\/school-notebook-144-sheets-note-book-with-logo\/#primaryimage\"},\"image\":{\"@id\":\"https:\/\/www.colorflyprinting.com\/product\/school-notebook-144-sheets-note-book-with-logo\/#primaryimage\"},\"thumbnailUrl\":\"https:\/\/www.colorflyprinting.com\/wp-content\/uploads\/2025\/04\/5302a7d3fc8299ac46fdcdd25295c8a1_medium-1.jpg\",\"datePublished\":\"2025-04-22T01:22:57+00:00\",\"dateModified\":\"2025-07-18T12:00:38+00:00\",\"breadcrumb\":{\"@id\":\"https:\/\/www.colorflyprinting.com\/product\/school-notebook-144-sheets-note-book-with-logo\/#breadcrumb\"},\"inLanguage\":\"pt-PT\",\"potentialAction\":[{\"@type\":\"ReadAction\",\"target\":[\"https:\/\/www.colorflyprinting.com\/product\/school-notebook-144-sheets-note-book-with-logo\/\"]}]},{\"@type\":\"ImageObject\",\"inLanguage\":\"pt-PT\",\"@id\":\"https:\/\/www.colorflyprinting.com\/product\/school-notebook-144-sheets-note-book-with-logo\/#primaryimage\",\"url\":\"https:\/\/www.colorflyprinting.com\/wp-content\/uploads\/2025\/04\/5302a7d3fc8299ac46fdcdd25295c8a1_medium-1.jpg\",\"contentUrl\":\"https:\/\/www.colorflyprinting.com\/wp-content\/uploads\/2025\/04\/5302a7d3fc8299ac46fdcdd25295c8a1_medium-1.jpg\",\"width\":550,\"height\":550},{\"@type\":\"BreadcrumbList\",\"@id\":\"https:\/\/www.colorflyprinting.com\/product\/school-notebook-144-sheets-note-book-with-logo\/#breadcrumb\",\"itemListElement\":[{\"@type\":\"ListItem\",\"position\":1,\"name\":\"Home\",\"item\":\"https:\/\/www.colorflyprinting.com\/\"},{\"@type\":\"ListItem\",\"position\":2,\"name\":\"Product\",\"item\":\"https:\/\/www.colorflyprinting.com\/shop\/\"},{\"@type\":\"ListItem\",\"position\":3,\"name\":\"School Notebook 144 Sheets Note Book With Logo\"}]},{\"@type\":\"WebSite\",\"@id\":\"https:\/\/www.colorflyprinting.com\/#website\",\"url\":\"https:\/\/www.colorflyprinting.com\/\",\"name\":\"Hefei Colorfly Stationery Co.,Ltd.\",\"description\":\"\",\"publisher\":{\"@id\":\"https:\/\/www.colorflyprinting.com\/#organization\"},\"potentialAction\":[{\"@type\":\"SearchAction\",\"target\":{\"@type\":\"EntryPoint\",\"urlTemplate\":\"https:\/\/www.colorflyprinting.com\/?s={search_term_string}\"},\"query-input\":{\"@type\":\"PropertyValueSpecification\",\"valueRequired\":true,\"valueName\":\"search_term_string\"}}],\"inLanguage\":\"pt-PT\"},{\"@type\":\"Organization\",\"@id\":\"https:\/\/www.colorflyprinting.com\/#organization\",\"name\":\"Hefei Colorfly Stationery Co.,Ltd.\",\"url\":\"https:\/\/www.colorflyprinting.com\/\",\"logo\":{\"@type\":\"ImageObject\",\"inLanguage\":\"pt-PT\",\"@id\":\"https:\/\/www.colorflyprinting.com\/#\/schema\/logo\/image\/\",\"url\":\"https:\/\/www.colorflyprinting.com\/wp-content\/uploads\/2025\/04\/d167665f943610681229e2f4307b9df.jpg\",\"contentUrl\":\"https:\/\/www.colorflyprinting.com\/wp-content\/uploads\/2025\/04\/d167665f943610681229e2f4307b9df.jpg\",\"width\":780,\"height\":780,\"caption\":\"Hefei Colorfly Stationery Co.,Ltd.\"},\"image\":{\"@id\":\"https:\/\/www.colorflyprinting.com\/#\/schema\/logo\/image\/\"}}]}<\/script>\n<!-- \/ Yoast SEO Premium plugin. -->","yoast_head_json":{"title":"School Notebook 144 Sheets Note Book With Logo - colorflyprinting","robots":{"index":"index","follow":"follow","max-snippet":"max-snippet:-1","max-image-preview":"max-image-preview:large","max-video-preview":"max-video-preview:-1"},"canonical":"https:\/\/www.colorflyprinting.com\/pt\/produto\/caderno-escolar-144-folhas-caderno-com-logotipo\/","og_locale":"pt_PT","og_type":"article","og_title":"School Notebook 144 Sheets Note Book With Logo","og_description":"office & school supplies reusable notebookoffice notebook                                                                    Item NO.:CY-HN003                                                                                                                                                                                                  Type: Hardcover notebook                                 Size: 17X22CM                                 Binding: Perfect binding                                 Number of pages: 288 pages                                 Inner printing: French line                                 Cover printing: 4 colors printing","og_url":"https:\/\/www.colorflyprinting.com\/pt\/produto\/caderno-escolar-144-folhas-caderno-com-logotipo\/","og_site_name":"colorflyprinting","article_modified_time":"2025-07-18T12:00:38+00:00","twitter_card":"summary_large_image","schema":{"@context":"https:\/\/schema.org","@graph":[{"@type":"WebPage","@id":"https:\/\/www.colorflyprinting.com\/product\/school-notebook-144-sheets-note-book-with-logo\/","url":"https:\/\/www.colorflyprinting.com\/product\/school-notebook-144-sheets-note-book-with-logo\/","name":"School Notebook 144 Sheets Note Book With Logo - colorflyprinting","isPartOf":{"@id":"https:\/\/www.colorflyprinting.com\/#website"},"primaryImageOfPage":{"@id":"https:\/\/www.colorflyprinting.com\/product\/school-notebook-144-sheets-note-book-with-logo\/#primaryimage"},"image":{"@id":"https:\/\/www.colorflyprinting.com\/product\/school-notebook-144-sheets-note-book-with-logo\/#primaryimage"},"thumbnailUrl":"https:\/\/www.colorflyprinting.com\/wp-content\/uploads\/2025\/04\/5302a7d3fc8299ac46fdcdd25295c8a1_medium-1.jpg","datePublished":"2025-04-22T01:22:57+00:00","dateModified":"2025-07-18T12:00:38+00:00","breadcrumb":{"@id":"https:\/\/www.colorflyprinting.com\/product\/school-notebook-144-sheets-note-book-with-logo\/#breadcrumb"},"inLanguage":"pt-PT","potentialAction":[{"@type":"ReadAction","target":["https:\/\/www.colorflyprinting.com\/product\/school-notebook-144-sheets-note-book-with-logo\/"]}]},{"@type":"ImageObject","inLanguage":"pt-PT","@id":"https:\/\/www.colorflyprinting.com\/product\/school-notebook-144-sheets-note-book-with-logo\/#primaryimage","url":"https:\/\/www.colorflyprinting.com\/wp-content\/uploads\/2025\/04\/5302a7d3fc8299ac46fdcdd25295c8a1_medium-1.jpg","contentUrl":"https:\/\/www.colorflyprinting.com\/wp-content\/uploads\/2025\/04\/5302a7d3fc8299ac46fdcdd25295c8a1_medium-1.jpg","width":550,"height":550},{"@type":"BreadcrumbList","@id":"https:\/\/www.colorflyprinting.com\/product\/school-notebook-144-sheets-note-book-with-logo\/#breadcrumb","itemListElement":[{"@type":"ListItem","position":1,"name":"Home","item":"https:\/\/www.colorflyprinting.com\/"},{"@type":"ListItem","position":2,"name":"Product","item":"https:\/\/www.colorflyprinting.com\/shop\/"},{"@type":"ListItem","position":3,"name":"School Notebook 144 Sheets Note Book With Logo"}]},{"@type":"WebSite","@id":"https:\/\/www.colorflyprinting.com\/#website","url":"https:\/\/www.colorflyprinting.com\/","name":"Hefei Colorfly Stationery Co.,Ltd.","description":"","publisher":{"@id":"https:\/\/www.colorflyprinting.com\/#organization"},"potentialAction":[{"@type":"SearchAction","target":{"@type":"EntryPoint","urlTemplate":"https:\/\/www.colorflyprinting.com\/?s={search_term_string}"},"query-input":{"@type":"PropertyValueSpecification","valueRequired":true,"valueName":"search_term_string"}}],"inLanguage":"pt-PT"},{"@type":"Organization","@id":"https:\/\/www.colorflyprinting.com\/#organization","name":"Hefei Colorfly Stationery Co.,Ltd.","url":"https:\/\/www.colorflyprinting.com\/","logo":{"@type":"ImageObject","inLanguage":"pt-PT","@id":"https:\/\/www.colorflyprinting.com\/#\/schema\/logo\/image\/","url":"https:\/\/www.colorflyprinting.com\/wp-content\/uploads\/2025\/04\/d167665f943610681229e2f4307b9df.jpg","contentUrl":"https:\/\/www.colorflyprinting.com\/wp-content\/uploads\/2025\/04\/d167665f943610681229e2f4307b9df.jpg","width":780,"height":780,"caption":"Hefei Colorfly Stationery Co.,Ltd."},"image":{"@id":"https:\/\/www.colorflyprinting.com\/#\/schema\/logo\/image\/"}}]}},"_links":{"self":[{"href":"https:\/\/www.colorflyprinting.com\/pt\/wp-json\/wp\/v2\/product\/11467","targetHints":{"allow":["GET"]}}],"collection":[{"href":"https:\/\/www.colorflyprinting.com\/pt\/wp-json\/wp\/v2\/product"}],"about":[{"href":"https:\/\/www.colorflyprinting.com\/pt\/wp-json\/wp\/v2\/types\/product"}],"replies":[{"embeddable":true,"href":"https:\/\/www.colorflyprinting.com\/pt\/wp-json\/wp\/v2\/comments?post=11467"}],"wp:featuredmedia":[{"embeddable":true,"href":"https:\/\/www.colorflyprinting.com\/pt\/wp-json\/wp\/v2\/media\/11525"}],"wp:attachment":[{"href":"https:\/\/www.colorflyprinting.com\/pt\/wp-json\/wp\/v2\/media?parent=11467"}],"wp:term":[{"taxonomy":"product_brand","embeddable":true,"href":"https:\/\/www.colorflyprinting.com\/pt\/wp-json\/wp\/v2\/product_brand?post=11467"},{"taxonomy":"product_cat","embeddable":true,"href":"https:\/\/www.colorflyprinting.com\/pt\/wp-json\/wp\/v2\/product_cat?post=11467"},{"taxonomy":"product_tag","embeddable":true,"href":"https:\/\/www.colorflyprinting.com\/pt\/wp-json\/wp\/v2\/product_tag?post=11467"}],"curies":[{"name":"wp","href":"https:\/\/api.w.org\/{rel}","templated":true}]}}