{"id":11463,"date":"2025-04-22T01:22:56","date_gmt":"2025-04-22T01:22:56","guid":{"rendered":"https:\/\/www.colorflyprinting.com\/?post_type=product&#038;p=11463"},"modified":"2025-04-22T01:23:24","modified_gmt":"2025-04-22T01:23:24","slug":"custom-hardcover-notebook-with-your-product-logo","status":"publish","type":"product","link":"https:\/\/www.colorflyprinting.com\/pt\/produto\/caderno-de-capa-dura-personalizado-com-o-logotipo-do-seu-produto\/","title":{"rendered":"Caderno de capa dura personalizado com o logotipo do seu produto"},"content":{"rendered":"<div class=\"text\">\n<div class=\"table-responsive\">\n<table border=\"1\">\n<tbody>\n<tr>\n<td>\n<p>\n\t\t\t\t\tNome do produto\n\t\t\t\t<\/p>\n<\/td>\n<td>\n<p>\n\t\t\t\t\tCaderno de capa dura French Line&nbsp;\n\t\t\t\t<\/p>\n<\/td>\n<\/tr>\n<tr>\n<td>\n<p>\n\t\t\t\t\tFolha (p\u00e1gina)\n\t\t\t\t<\/p>\n<\/td>\n<td>\n<p>\n\t\t\t\t\t144 folhas = 288 p\u00e1ginas (1 folha = 2 p\u00e1ginas)\n\t\t\t\t<\/p>\n<\/td>\n<\/tr>\n<tr>\n<td>\n<p>\n\t\t\t\t\tTamanho\n\t\t\t\t<\/p>\n<\/td>\n<td>\n<p>\n\t\t\t\t\t17x22cm\n\t\t\t\t<\/p>\n<\/td>\n<\/tr>\n<tr>\n<td>\n<p>\n\t\t\t\t\tCobrir\n\t\t\t\t<\/p>\n<\/td>\n<td>\n<p>\n\t\t\t\t\tPapel\u00e3o duplo + laminado; design personalizado dispon\u00edvel\n\t\t\t\t<\/p>\n<\/td>\n<\/tr>\n<tr>\n<td>\n<p>\n\t\t\t\t\tVinculativo\n\t\t\t\t<\/p>\n<\/td>\n<td>\n<p>\n\t\t\t\t\tEncaderna\u00e7\u00e3o perfeita (encaderna\u00e7\u00e3o com costura de se\u00e7\u00e3o + encaderna\u00e7\u00e3o com cola)\n\t\t\t\t<\/p>\n<\/td>\n<\/tr>\n<tr>\n<td>\n<p>\n\t\t\t\t\tImpress\u00e3o interna\n\t\t\t\t<\/p>\n<\/td>\n<td>\n<p>\n\t\t\t\t\tSeyes Frech governou\n\t\t\t\t<\/p>\n<\/td>\n<\/tr>\n<tr>\n<td>\n<p>\n\t\t\t\t\tPapel Interno GSM&nbsp; &nbsp; &nbsp; &nbsp; &nbsp; &nbsp; &nbsp; &nbsp; &nbsp;\n\t\t\t\t<\/p>\n<\/td>\n<td>\n<p>\n\t\t\t\t\t56 g\/m\u00b2\n\t\t\t\t<\/p>\n<\/td>\n<\/tr>\n<tr>\n<td>\n<p>\n\t\t\t\t\tUso\n\t\t\t\t<\/p>\n<\/td>\n<td>\n<p>\n\t\t\t\t\tEscola \/ Escrit\u00f3rio \/ etc\n\t\t\t\t<\/p>\n<\/td>\n<\/tr>\n<tr>\n<td>\n<p>\n\t\t\t\t\tEmbalagem\n\t\t\t\t<\/p>\n<\/td>\n<td>\n<p>\n\t\t\t\t\t3 pe\u00e7as\/encolhimento, 60 pe\u00e7as\/caixa\n\t\t\t\t<\/p>\n<\/td>\n<\/tr>\n<tr>\n<td>\n<p>\n\t\t\t\t\tPre\u00e7o&nbsp;\n\t\t\t\t<\/p>\n<\/td>\n<td>\n<p>\n\t\t\t\t\tO bom pre\u00e7o ser\u00e1 atualizado ap\u00f3s o recebimento de sua consulta detalhada&nbsp; &nbsp; &nbsp; &nbsp; &nbsp; &nbsp; &nbsp; &nbsp; &nbsp; &nbsp; &nbsp;\n\t\t\t\t<\/p>\n<\/td>\n<\/tr>\n<\/tbody>\n<\/table>\n<\/div>\n<p>\n\t\n<\/p>\n<p>\n\t<img decoding=\"async\" src=\"\/js\/htmledit\/kindeditor\/attached\/20190618\/20190618120008_92820.jpg\" alt=\"\">\n<\/p>\n<p>\n\t\n<\/p>\n<p>\n\tEste caderno de capa dura \u00e9 perfeito para<br \/>\nCaderno Escolar\n<\/p>\n<p>\n\tMaterial escolar\n<\/p>\n<p>\n\tPresente para crian\u00e7as\n<\/p>\n<p>\n\tMaterial escolar para a volta \u00e0s aulas<br \/>\nFa\u00e7a anota\u00e7\u00f5es para alunos do ensino fundamental e m\u00e9dio<br \/>\nPrincipais tarefas escolares<br \/>\nManter-se organizado no trabalho para os profissionais&nbsp;\n<\/p>\n<p>\n\tCaderno de exerc\u00edcios escolares para crian\u00e7as\n<\/p>\n<p>\n\t\n<\/p>\n<p>\n\t<span style=\"background-color:#8AC4B6;color:#FFFFFF;\">1. P: Voc\u00ea pode fornecer amostra gr\u00e1tis<\/span><br \/>\nR: Amostra em estoque gratuita com frete a cobrar. Amostra personalizada tamb\u00e9m cobrada com frete a cobrar.<br \/>\n<span style=\"background-color:#8AC4B6;color:#FFFFFF;\">2. P: Qual \u00e9 o seu MOQ?<\/span><br \/>\nR: Para estoque, aceitamos 1 pe\u00e7a. Para personalizado, normalmente 5.000 pe\u00e7as.<br \/>\n<span style=\"background-color:#8AC4B6;color:#FFFFFF;\">3. P: Qual \u00e9 o seu prazo de entrega?<\/span><br \/>\nR: Geralmente, de 5 a 7 dias ap\u00f3s o pagamento para itens em estoque. De 25 a 30 dias ap\u00f3s o pagamento para itens personalizados.<br \/>\n<span style=\"background-color:#8AC4B6;color:#FFFFFF;\">4. P: Qual \u00e9 o prazo de pagamento?<\/span><br \/>\nA: 30% T\/T dep\u00f3sito e saldo antes do embarque<br \/>\n<span style=\"background-color:#8AC4B6;color:#FFFFFF;\">5. P: Como iniciar o pedido<\/span><br \/>\nR: Primeiramente, informe-nos sobre suas necessidades ou aplica\u00e7\u00e3o. E n\u00f3s or\u00e7amos de acordo com&nbsp;<br \/>\nsuas necessidades ou nossas sugest\u00f5es. Em seguida, voc\u00ea confirma a amostra e faz o dep\u00f3sito&nbsp;<br \/>\npara encomenda. Depois, providenciamos a produ\u00e7\u00e3o do produto combinado.<br \/>\n<span style=\"background-color:#8AC4B6;color:#FFFFFF;\">6. P: Em qual porto voc\u00ea enviar\u00e1 as mercadorias? <\/span><br \/>\nA. Hefei, Nanjing, Wuhu ou Xangai etc.\n<\/p>\n<p>\n\t\n<\/p>\n<p>\n\t\n<\/p>\n<\/p><\/div>","protected":false},"excerpt":{"rendered":"<p>Cadernos de capa dura \u00c1frica 288 p\u00e1ginas com linha francesa<\/p>\n<ul class=\"ptab-list clearfix\">\n<li>\n<p>Marca:<\/p>\n<p><span>Colorfly<\/span><\/li>\n<li>\n<p>N\u00ba do item:<\/p>\n<p><span>CY-HN006<\/span><\/li>\n<li>\n<p>Quantidade m\u00ednima:<\/p>\n<p><span>cont\u00eainer de 20 p\u00e9s<\/span><\/li>\n<li>\n<p>Tipo: <\/p>\n<p> <span>Caderno de capa dura<\/span><\/li>\n<li>\n<p>Tamanho: <\/p>\n<p> <span>17x22cm<\/span><\/li>\n<li>\n<p>Vinculativo: <\/p>\n<p> <span>Encaderna\u00e7\u00e3o perfeita<\/span><\/li>\n<li>\n<p>N\u00famero de p\u00e1ginas: <\/p>\n<p> <span>288<\/span><\/li>\n<li>\n<p>Impress\u00e3o interna: <\/p>\n<p> <span>linha francesa<\/span><\/li>\n<li>\n<p>Impress\u00e3o da capa: <\/p>\n<p> <span>Impress\u00e3o em 4 cores<\/span><\/li>\n<\/ul>","protected":false},"featured_media":11521,"comment_status":"open","ping_status":"closed","template":"","meta":[],"product_brand":[],"product_cat":[449],"product_tag":[458,472,454],"class_list":{"0":"post-11463","1":"product","2":"type-product","3":"status-publish","4":"has-post-thumbnail","6":"product_cat-hardcover-notebook","7":"product_tag-custom-hardcover-notebook","8":"product_tag-hard-cover-book","9":"product_tag-wholesale-hardcover-notebooks","11":"first","12":"instock","13":"shipping-taxable","14":"product-type-simple"},"yoast_head":"<!-- This site is optimized with the Yoast SEO Premium plugin v23.9 (Yoast SEO v25.2) - https:\/\/yoast.com\/wordpress\/plugins\/seo\/ -->\n<title>Custom Hardcover Notebook With Your Product Logo - colorflyprinting<\/title>\n<meta name=\"robots\" content=\"index, follow, max-snippet:-1, max-image-preview:large, max-video-preview:-1\" \/>\n<link rel=\"canonical\" href=\"https:\/\/www.colorflyprinting.com\/pt\/produto\/caderno-de-capa-dura-personalizado-com-o-logotipo-do-seu-produto\/\" \/>\n<meta property=\"og:locale\" content=\"pt_PT\" \/>\n<meta property=\"og:type\" content=\"article\" \/>\n<meta property=\"og:title\" content=\"Custom Hardcover Notebook With Your Product Logo\" \/>\n<meta property=\"og:description\" content=\"Africa 288pages hardcover notebooks with french line                                                    Brand:Colorfly                                                   Item NO.:CY-HN006                                                                                                                   MOQ:20 foot container                                                                                                                  Type: Hardcover notebook                                 Size: 17x22cm                                 Binding: Perfect binding                                 Number of pages: 288                                 Inner printing: French line                                 Cover printing: 4 colors printing\" \/>\n<meta property=\"og:url\" content=\"https:\/\/www.colorflyprinting.com\/pt\/produto\/caderno-de-capa-dura-personalizado-com-o-logotipo-do-seu-produto\/\" \/>\n<meta property=\"og:site_name\" content=\"colorflyprinting\" \/>\n<meta property=\"article:modified_time\" content=\"2025-04-22T01:23:24+00:00\" \/>\n<meta name=\"twitter:card\" content=\"summary_large_image\" \/>\n<meta name=\"twitter:label1\" content=\"Tempo estimado de leitura\" \/>\n\t<meta name=\"twitter:data1\" content=\"1 minuto\" \/>\n<script type=\"application\/ld+json\" class=\"yoast-schema-graph\">{\"@context\":\"https:\/\/schema.org\",\"@graph\":[{\"@type\":\"WebPage\",\"@id\":\"https:\/\/www.colorflyprinting.com\/product\/custom-hardcover-notebook-with-your-product-logo\/\",\"url\":\"https:\/\/www.colorflyprinting.com\/product\/custom-hardcover-notebook-with-your-product-logo\/\",\"name\":\"Custom Hardcover Notebook With Your Product Logo - colorflyprinting\",\"isPartOf\":{\"@id\":\"https:\/\/www.colorflyprinting.com\/#website\"},\"primaryImageOfPage\":{\"@id\":\"https:\/\/www.colorflyprinting.com\/product\/custom-hardcover-notebook-with-your-product-logo\/#primaryimage\"},\"image\":{\"@id\":\"https:\/\/www.colorflyprinting.com\/product\/custom-hardcover-notebook-with-your-product-logo\/#primaryimage\"},\"thumbnailUrl\":\"https:\/\/www.colorflyprinting.com\/wp-content\/uploads\/2025\/04\/80ca02e8a25d6a46095bb2f97c6ff254_medium-1.jpg\",\"datePublished\":\"2025-04-22T01:22:56+00:00\",\"dateModified\":\"2025-04-22T01:23:24+00:00\",\"breadcrumb\":{\"@id\":\"https:\/\/www.colorflyprinting.com\/product\/custom-hardcover-notebook-with-your-product-logo\/#breadcrumb\"},\"inLanguage\":\"pt-PT\",\"potentialAction\":[{\"@type\":\"ReadAction\",\"target\":[\"https:\/\/www.colorflyprinting.com\/product\/custom-hardcover-notebook-with-your-product-logo\/\"]}]},{\"@type\":\"ImageObject\",\"inLanguage\":\"pt-PT\",\"@id\":\"https:\/\/www.colorflyprinting.com\/product\/custom-hardcover-notebook-with-your-product-logo\/#primaryimage\",\"url\":\"https:\/\/www.colorflyprinting.com\/wp-content\/uploads\/2025\/04\/80ca02e8a25d6a46095bb2f97c6ff254_medium-1.jpg\",\"contentUrl\":\"https:\/\/www.colorflyprinting.com\/wp-content\/uploads\/2025\/04\/80ca02e8a25d6a46095bb2f97c6ff254_medium-1.jpg\",\"width\":550,\"height\":550},{\"@type\":\"BreadcrumbList\",\"@id\":\"https:\/\/www.colorflyprinting.com\/product\/custom-hardcover-notebook-with-your-product-logo\/#breadcrumb\",\"itemListElement\":[{\"@type\":\"ListItem\",\"position\":1,\"name\":\"Home\",\"item\":\"https:\/\/www.colorflyprinting.com\/\"},{\"@type\":\"ListItem\",\"position\":2,\"name\":\"Product\",\"item\":\"https:\/\/www.colorflyprinting.com\/shop\/\"},{\"@type\":\"ListItem\",\"position\":3,\"name\":\"Custom Hardcover Notebook With Your Product Logo\"}]},{\"@type\":\"WebSite\",\"@id\":\"https:\/\/www.colorflyprinting.com\/#website\",\"url\":\"https:\/\/www.colorflyprinting.com\/\",\"name\":\"Hefei Colorfly Stationery Co.,Ltd.\",\"description\":\"\",\"publisher\":{\"@id\":\"https:\/\/www.colorflyprinting.com\/#organization\"},\"potentialAction\":[{\"@type\":\"SearchAction\",\"target\":{\"@type\":\"EntryPoint\",\"urlTemplate\":\"https:\/\/www.colorflyprinting.com\/?s={search_term_string}\"},\"query-input\":{\"@type\":\"PropertyValueSpecification\",\"valueRequired\":true,\"valueName\":\"search_term_string\"}}],\"inLanguage\":\"pt-PT\"},{\"@type\":\"Organization\",\"@id\":\"https:\/\/www.colorflyprinting.com\/#organization\",\"name\":\"Hefei Colorfly Stationery Co.,Ltd.\",\"url\":\"https:\/\/www.colorflyprinting.com\/\",\"logo\":{\"@type\":\"ImageObject\",\"inLanguage\":\"pt-PT\",\"@id\":\"https:\/\/www.colorflyprinting.com\/#\/schema\/logo\/image\/\",\"url\":\"https:\/\/www.colorflyprinting.com\/wp-content\/uploads\/2025\/04\/d167665f943610681229e2f4307b9df.jpg\",\"contentUrl\":\"https:\/\/www.colorflyprinting.com\/wp-content\/uploads\/2025\/04\/d167665f943610681229e2f4307b9df.jpg\",\"width\":780,\"height\":780,\"caption\":\"Hefei Colorfly Stationery Co.,Ltd.\"},\"image\":{\"@id\":\"https:\/\/www.colorflyprinting.com\/#\/schema\/logo\/image\/\"}}]}<\/script>\n<!-- \/ Yoast SEO Premium plugin. -->","yoast_head_json":{"title":"Custom Hardcover Notebook With Your Product Logo - colorflyprinting","robots":{"index":"index","follow":"follow","max-snippet":"max-snippet:-1","max-image-preview":"max-image-preview:large","max-video-preview":"max-video-preview:-1"},"canonical":"https:\/\/www.colorflyprinting.com\/pt\/produto\/caderno-de-capa-dura-personalizado-com-o-logotipo-do-seu-produto\/","og_locale":"pt_PT","og_type":"article","og_title":"Custom Hardcover Notebook With Your Product Logo","og_description":"Africa 288pages hardcover notebooks with french line                                                    Brand:Colorfly                                                   Item NO.:CY-HN006                                                                                                                   MOQ:20 foot container                                                                                                                  Type: Hardcover notebook                                 Size: 17x22cm                                 Binding: Perfect binding                                 Number of pages: 288                                 Inner printing: French line                                 Cover printing: 4 colors printing","og_url":"https:\/\/www.colorflyprinting.com\/pt\/produto\/caderno-de-capa-dura-personalizado-com-o-logotipo-do-seu-produto\/","og_site_name":"colorflyprinting","article_modified_time":"2025-04-22T01:23:24+00:00","twitter_card":"summary_large_image","twitter_misc":{"Tempo estimado de leitura":"1 minuto"},"schema":{"@context":"https:\/\/schema.org","@graph":[{"@type":"WebPage","@id":"https:\/\/www.colorflyprinting.com\/product\/custom-hardcover-notebook-with-your-product-logo\/","url":"https:\/\/www.colorflyprinting.com\/product\/custom-hardcover-notebook-with-your-product-logo\/","name":"Custom Hardcover Notebook With Your Product Logo - colorflyprinting","isPartOf":{"@id":"https:\/\/www.colorflyprinting.com\/#website"},"primaryImageOfPage":{"@id":"https:\/\/www.colorflyprinting.com\/product\/custom-hardcover-notebook-with-your-product-logo\/#primaryimage"},"image":{"@id":"https:\/\/www.colorflyprinting.com\/product\/custom-hardcover-notebook-with-your-product-logo\/#primaryimage"},"thumbnailUrl":"https:\/\/www.colorflyprinting.com\/wp-content\/uploads\/2025\/04\/80ca02e8a25d6a46095bb2f97c6ff254_medium-1.jpg","datePublished":"2025-04-22T01:22:56+00:00","dateModified":"2025-04-22T01:23:24+00:00","breadcrumb":{"@id":"https:\/\/www.colorflyprinting.com\/product\/custom-hardcover-notebook-with-your-product-logo\/#breadcrumb"},"inLanguage":"pt-PT","potentialAction":[{"@type":"ReadAction","target":["https:\/\/www.colorflyprinting.com\/product\/custom-hardcover-notebook-with-your-product-logo\/"]}]},{"@type":"ImageObject","inLanguage":"pt-PT","@id":"https:\/\/www.colorflyprinting.com\/product\/custom-hardcover-notebook-with-your-product-logo\/#primaryimage","url":"https:\/\/www.colorflyprinting.com\/wp-content\/uploads\/2025\/04\/80ca02e8a25d6a46095bb2f97c6ff254_medium-1.jpg","contentUrl":"https:\/\/www.colorflyprinting.com\/wp-content\/uploads\/2025\/04\/80ca02e8a25d6a46095bb2f97c6ff254_medium-1.jpg","width":550,"height":550},{"@type":"BreadcrumbList","@id":"https:\/\/www.colorflyprinting.com\/product\/custom-hardcover-notebook-with-your-product-logo\/#breadcrumb","itemListElement":[{"@type":"ListItem","position":1,"name":"Home","item":"https:\/\/www.colorflyprinting.com\/"},{"@type":"ListItem","position":2,"name":"Product","item":"https:\/\/www.colorflyprinting.com\/shop\/"},{"@type":"ListItem","position":3,"name":"Custom Hardcover Notebook With Your Product Logo"}]},{"@type":"WebSite","@id":"https:\/\/www.colorflyprinting.com\/#website","url":"https:\/\/www.colorflyprinting.com\/","name":"Hefei Colorfly Stationery Co.,Ltd.","description":"","publisher":{"@id":"https:\/\/www.colorflyprinting.com\/#organization"},"potentialAction":[{"@type":"SearchAction","target":{"@type":"EntryPoint","urlTemplate":"https:\/\/www.colorflyprinting.com\/?s={search_term_string}"},"query-input":{"@type":"PropertyValueSpecification","valueRequired":true,"valueName":"search_term_string"}}],"inLanguage":"pt-PT"},{"@type":"Organization","@id":"https:\/\/www.colorflyprinting.com\/#organization","name":"Hefei Colorfly Stationery Co.,Ltd.","url":"https:\/\/www.colorflyprinting.com\/","logo":{"@type":"ImageObject","inLanguage":"pt-PT","@id":"https:\/\/www.colorflyprinting.com\/#\/schema\/logo\/image\/","url":"https:\/\/www.colorflyprinting.com\/wp-content\/uploads\/2025\/04\/d167665f943610681229e2f4307b9df.jpg","contentUrl":"https:\/\/www.colorflyprinting.com\/wp-content\/uploads\/2025\/04\/d167665f943610681229e2f4307b9df.jpg","width":780,"height":780,"caption":"Hefei Colorfly Stationery Co.,Ltd."},"image":{"@id":"https:\/\/www.colorflyprinting.com\/#\/schema\/logo\/image\/"}}]}},"_links":{"self":[{"href":"https:\/\/www.colorflyprinting.com\/pt\/wp-json\/wp\/v2\/product\/11463","targetHints":{"allow":["GET"]}}],"collection":[{"href":"https:\/\/www.colorflyprinting.com\/pt\/wp-json\/wp\/v2\/product"}],"about":[{"href":"https:\/\/www.colorflyprinting.com\/pt\/wp-json\/wp\/v2\/types\/product"}],"replies":[{"embeddable":true,"href":"https:\/\/www.colorflyprinting.com\/pt\/wp-json\/wp\/v2\/comments?post=11463"}],"wp:featuredmedia":[{"embeddable":true,"href":"https:\/\/www.colorflyprinting.com\/pt\/wp-json\/wp\/v2\/media\/11521"}],"wp:attachment":[{"href":"https:\/\/www.colorflyprinting.com\/pt\/wp-json\/wp\/v2\/media?parent=11463"}],"wp:term":[{"taxonomy":"product_brand","embeddable":true,"href":"https:\/\/www.colorflyprinting.com\/pt\/wp-json\/wp\/v2\/product_brand?post=11463"},{"taxonomy":"product_cat","embeddable":true,"href":"https:\/\/www.colorflyprinting.com\/pt\/wp-json\/wp\/v2\/product_cat?post=11463"},{"taxonomy":"product_tag","embeddable":true,"href":"https:\/\/www.colorflyprinting.com\/pt\/wp-json\/wp\/v2\/product_tag?post=11463"}],"curies":[{"name":"wp","href":"https:\/\/api.w.org\/{rel}","templated":true}]}}