{"id":11462,"date":"2025-04-22T01:22:56","date_gmt":"2025-04-22T01:22:56","guid":{"rendered":"https:\/\/www.colorflyprinting.com\/?post_type=product&#038;p=11462"},"modified":"2025-04-22T01:23:23","modified_gmt":"2025-04-22T01:23:23","slug":"custom-arabic-hardcover-notebook-80sheets","status":"publish","type":"product","link":"https:\/\/www.colorflyprinting.com\/pt\/produto\/caderno-arabe-personalizado-de-capa-dura-com-80-folhas\/","title":{"rendered":"Caderno \u00e1rabe personalizado de capa dura com 80 folhas"},"content":{"rendered":"<div class=\"text\">\n<div class=\"table-responsive\">\n<table border=\"1\">\n<tbody>\n<tr>\n<td>\n<p>\n\t\t\t\t\t\tNome do produto\n\t\t\t\t\t<\/p>\n<\/td>\n<td>\n<p>\n\t\t\t\t\t\tCaderno de capa dura da linha \u00e1rabe&nbsp;\n\t\t\t\t\t<\/p>\n<\/td>\n<\/tr>\n<tr>\n<td>\n<p>\n\t\t\t\t\t\tFolha (p\u00e1gina)\n\t\t\t\t\t<\/p>\n<\/td>\n<td>\n<p>\n\t\t\t\t\t\t100 folhas \/ 80 folhas etc.\n\t\t\t\t\t<\/p>\n<\/td>\n<\/tr>\n<tr>\n<td>\n<p>\n\t\t\t\t\t\tTamanho\n\t\t\t\t\t<\/p>\n<\/td>\n<td>\n<p>\n\t\t\t\t\t\t17x24cm\n\t\t\t\t\t<\/p>\n<\/td>\n<\/tr>\n<tr>\n<td>\n<p>\n\t\t\t\t\t\tCobrir\n\t\t\t\t\t<\/p>\n<\/td>\n<td>\n<p>\n\t\t\t\t\t\tPapel\u00e3o duplo + laminado; design personalizado dispon\u00edvel\n\t\t\t\t\t<\/p>\n<\/td>\n<\/tr>\n<tr>\n<td>\n<p>\n\t\t\t\t\t\tVinculativo\n\t\t\t\t\t<\/p>\n<\/td>\n<td>\n<p>\n\t\t\t\t\t\tEncaderna\u00e7\u00e3o perfeita (encaderna\u00e7\u00e3o com costura de se\u00e7\u00e3o + encaderna\u00e7\u00e3o com cola)\n\t\t\t\t\t<\/p>\n<\/td>\n<\/tr>\n<tr>\n<td>\n<p>\n\t\t\t\t\t\tImpress\u00e3o interna\n\t\t\t\t\t<\/p>\n<\/td>\n<td>\n<p>\n\t\t\t\t\t\tLinha \u00e1rabe\n\t\t\t\t\t<\/p>\n<\/td>\n<\/tr>\n<tr>\n<td>\n<p>\n\t\t\t\t\t\tPapel Interno GSM&nbsp; &nbsp; &nbsp; &nbsp; &nbsp; &nbsp; &nbsp; &nbsp; &nbsp;\n\t\t\t\t\t<\/p>\n<\/td>\n<td>\n<p>\n\t\t\t\t\t\t68 g\/m\u00b2\n\t\t\t\t\t<\/p>\n<\/td>\n<\/tr>\n<tr>\n<td>\n<p>\n\t\t\t\t\t\tUso\n\t\t\t\t\t<\/p>\n<\/td>\n<td>\n<p>\n\t\t\t\t\t\tEscola \/ Escrit\u00f3rio \/ etc\n\t\t\t\t\t<\/p>\n<\/td>\n<\/tr>\n<tr>\n<td>\n<p>\n\t\t\t\t\t\tEmbalagem\n\t\t\t\t\t<\/p>\n<\/td>\n<td>\n<p>\n\t\t\t\t\t\t4 pe\u00e7as\/encolhimento, 80 pe\u00e7as\/caixa\n\t\t\t\t\t<\/p>\n<\/td>\n<\/tr>\n<tr>\n<td>\n<p>\n\t\t\t\t\t\tPre\u00e7o&nbsp;\n\t\t\t\t\t<\/p>\n<\/td>\n<td>\n<p>\n\t\t\t\t\t\tO bom pre\u00e7o ser\u00e1 atualizado ap\u00f3s o recebimento de sua consulta detalhada&nbsp; &nbsp; &nbsp; &nbsp; &nbsp; &nbsp; &nbsp; &nbsp; &nbsp; &nbsp; &nbsp;\n\t\t\t\t\t<\/p>\n<\/td>\n<\/tr>\n<\/tbody>\n<\/table>\n<\/div>\n<p><span style=\"color:#8ac4b6;\"><strong>Se voc\u00ea quiser fazer um pedido, por favor nos informe:<\/strong><\/span> <\/p>\n<p>\n\t<span style=\"color:#8ac4b6;\"><strong>1. Tamanho: Personalizado<\/strong><\/span>\n<\/p>\n<p>\n\t<span style=\"color:#8ac4b6;\"><strong>2. Material da capa: Seria melhor se voc\u00ea nos enviasse uma foto para refer\u00eancia.<\/strong><\/span><br \/>\n<span style=\"color:#8ac4b6;\"><strong> 3. Nas p\u00e1ginas internas, use nosso design ou tenha sua pr\u00f3pria arte<\/strong><\/span><br \/>\n<span style=\"color:#8ac4b6;\"><strong> 4. Se voc\u00ea escrever sua pr\u00f3pria arte, quantas p\u00e1ginas internas? Uma folha tem duas p\u00e1ginas.<\/strong><\/span><br \/>\n<span style=\"color:#8ac4b6;\"><strong> 5. Impress\u00e3o interna toda em preto e branco ou impress\u00e3o colorida<\/strong><\/span><br \/>\n<span style=\"color:#8ac4b6;\"><strong> 6. Encaderna\u00e7\u00e3o: costura, espiral ou por favor, aconselhe<\/strong><\/span><br \/>\n<span style=\"color:#8ac4b6;\"><strong> 7. Quantidade: por favor, informe-nos<\/strong><\/span><br \/>\n<span style=\"color:#8ac4b6;\"><strong> Confirme isso para que possamos fornecer um or\u00e7amento.<\/strong><\/span><br \/>\n<span style=\"color:#8ac4b6;\"><strong> Thanks and wait to privide you the most professional service \ud83d\ude42<\/strong><\/span>\n<\/p>\n<p>\n\t\n<\/p>\n<p>\n\t<strong><span style=\"color:#8AC4B6;\">PERGUNTAS FREQUENTES:<\/span><\/strong>\n<\/p>\n<p>\n\t<span style=\"background-color:#8ac4b6;\">1. Gostar\u00edamos de saber o tempo de amostra, o custo da amostra e o tempo de produ\u00e7\u00e3o&nbsp;<\/span><br \/>\nRevise seus arquivos e verifique se h\u00e1 erros sem pagar um centavo! Temos tanta confian\u00e7a na qualidade de nossas impress\u00f5es que oferecemos 100% de revis\u00e3o gratuita! O prazo para amostra ser\u00e1 de 3 dias \u00fateis. O prazo de produ\u00e7\u00e3o ser\u00e1 de 3 a 10 dias \u00fateis.\n<\/p>\n<p>\n\t<span style=\"background-color:#8ac4b6;\">2. Voc\u00ea \u00e9 um fabricante de f\u00e1brica ou uma empresa comercial? Qual \u00e9 a sua linha de produtos? Onde est\u00e1 o seu mercado?<\/span><br \/>\nSomos fabricantes especializados em v\u00e1rios tipos de etiquetas autoadesivas e produtos de embalagem de alta qualidade e pre\u00e7o competitivo, com mais de 7 anos de atua\u00e7\u00e3o no mercado nacional; como v\u00e1rios tipos de adesivos, caixas de presente, cat\u00e1logos, etiquetas e produtos de embalagem; eles s\u00e3o famosos principalmente em todo o mundo, como EUA, Austr\u00e1lia, Canad\u00e1, Europa, Oriente M\u00e9dio, Sudeste Asi\u00e1tico, etc.\n<\/p>\n<p>\n\t<span style=\"background-color:#8ac4b6;\">3. Qual \u00e9 a sua qualidade<\/span><br \/>\nAqui voc\u00ea pode ter a certeza de que seu produto impresso sair\u00e1 perfeito na primeira vez. Oferecemos impress\u00e3o de qualidade superior, com o respaldo da nossa garantia de qualidade 100%. N\u00e3o abra m\u00e3o da qualidade e veja a diferen\u00e7a Colorfly!<\/p>\n<p><span style=\"background-color:#8ac4b6;\">4. Qual \u00e9 o seu atendimento ao cliente?<\/span><br \/>\nTem alguma d\u00favida ou precisa de ajuda? Fa\u00e7a um pedido. Estamos aqui para ajudar! Nossos especialistas em impress\u00e3o atendem voc\u00ea de segunda a domingo, durante toda a semana!<br \/>\n<span style=\"background-color:#8ac4b6;\"><br \/>\n<\/span>\n<\/p>\n<p>\n\t<span style=\"background-color:#8ac4b6;\">5. Qual \u00e9 o seu pre\u00e7o<\/span><br \/>\nA Colorfly tem orgulho de oferecer impress\u00e3o de alta qualidade pelo melhor pre\u00e7o poss\u00edvel. Esperamos que imprimir na Colorfly seja f\u00e1cil e perfeito.<\/p>\n<p><span style=\"background-color:#8ac4b6;\">6. Por que voc\u00ea disse que tem fortes raz\u00f5es e que dever\u00edamos escolher voc\u00ea<\/span><br \/>\nTemos certeza de que, em cada processo de fabrica\u00e7\u00e3o, podemos entregar um produto perfeito. Aqui, listamos alguns pontos e comparamos com outras gr\u00e1ficas.\n<\/p>\n<\/p><\/div>","protected":false},"excerpt":{"rendered":"<p>Caderno de capa dura com 80 folhas \/ 100 folhas, capa dura, livro com linhas \u00e1rabes<\/p>\n<ul class=\"ptab-list clearfix\">\n<li>\n<p>Marca:<\/p>\n<p><span>Colorfly<\/span><\/li>\n<li>\n<p>N\u00ba do item:<\/p>\n<p><span>CY-HN007<\/span><\/li>\n<li>\n<p>Quantidade m\u00ednima:<\/p>\n<p><span>cont\u00eainer de 20 p\u00e9s<\/span><\/li>\n<li>\n<p>Tipo: <\/p>\n<p> <span>Caderno de capa dura<\/span><\/li>\n<li>\n<p>Tamanho: <\/p>\n<p> <span>17x24m<\/span><\/li>\n<li>\n<p>Vinculativo: <\/p>\n<p> <span>Encaderna\u00e7\u00e3o perfeita<\/span><\/li>\n<li>\n<p>N\u00famero de p\u00e1ginas: <\/p>\n<p> <span>100 folhas\/80 folhas etc.<\/span><\/li>\n<li>\n<p>Impress\u00e3o interna: <\/p>\n<p> <span>Linha \u00e1rabe<\/span><\/li>\n<li>\n<p>Impress\u00e3o da capa: <\/p>\n<p> <span>Impress\u00e3o em 4 cores<\/span><\/li>\n<\/ul>","protected":false},"featured_media":11520,"comment_status":"open","ping_status":"closed","template":"","meta":[],"product_brand":[],"product_cat":[449],"product_tag":[469,471,470],"class_list":{"0":"post-11462","1":"product","2":"type-product","3":"status-publish","4":"has-post-thumbnail","6":"product_cat-hardcover-notebook","7":"product_tag-arabic-notebook","8":"product_tag-caseboud-notebook","9":"product_tag-hardcover-notebooks-customizable","11":"first","12":"instock","13":"shipping-taxable","14":"product-type-simple"},"yoast_head":"<!-- This site is optimized with the Yoast SEO Premium plugin v23.9 (Yoast SEO v25.2) - https:\/\/yoast.com\/wordpress\/plugins\/seo\/ -->\n<title>Custom Arabic Hardcover Notebook 80sheets - colorflyprinting<\/title>\n<meta name=\"robots\" content=\"index, follow, max-snippet:-1, max-image-preview:large, max-video-preview:-1\" \/>\n<link rel=\"canonical\" href=\"https:\/\/www.colorflyprinting.com\/pt\/produto\/caderno-arabe-personalizado-de-capa-dura-com-80-folhas\/\" \/>\n<meta property=\"og:locale\" content=\"pt_PT\" \/>\n<meta property=\"og:type\" content=\"article\" \/>\n<meta property=\"og:title\" content=\"Custom Arabic Hardcover Notebook 80sheets\" \/>\n<meta property=\"og:description\" content=\"80sheets \/ 100sheets Hardbound notebook caseboud book with arabic line                                                    Brand:Colorfly                                                   Item NO.:CY-HN007                                                                                                                   MOQ:20 foot container                                                                                                                  Type: Hardcover notebook                                 Size: 17x24m                                 Binding: Perfect binding                                 Number of pages: 100sheets\/80sheets etc                                 Inner printing: Arabic line                                 Cover printing: 4 colors printing\" \/>\n<meta property=\"og:url\" content=\"https:\/\/www.colorflyprinting.com\/pt\/produto\/caderno-arabe-personalizado-de-capa-dura-com-80-folhas\/\" \/>\n<meta property=\"og:site_name\" content=\"colorflyprinting\" \/>\n<meta property=\"article:modified_time\" content=\"2025-04-22T01:23:23+00:00\" \/>\n<meta name=\"twitter:card\" content=\"summary_large_image\" \/>\n<meta name=\"twitter:label1\" content=\"Tempo estimado de leitura\" \/>\n\t<meta name=\"twitter:data1\" content=\"2 minutos\" \/>\n<script type=\"application\/ld+json\" class=\"yoast-schema-graph\">{\"@context\":\"https:\/\/schema.org\",\"@graph\":[{\"@type\":\"WebPage\",\"@id\":\"https:\/\/www.colorflyprinting.com\/product\/custom-arabic-hardcover-notebook-80sheets\/\",\"url\":\"https:\/\/www.colorflyprinting.com\/product\/custom-arabic-hardcover-notebook-80sheets\/\",\"name\":\"Custom Arabic Hardcover Notebook 80sheets - colorflyprinting\",\"isPartOf\":{\"@id\":\"https:\/\/www.colorflyprinting.com\/#website\"},\"primaryImageOfPage\":{\"@id\":\"https:\/\/www.colorflyprinting.com\/product\/custom-arabic-hardcover-notebook-80sheets\/#primaryimage\"},\"image\":{\"@id\":\"https:\/\/www.colorflyprinting.com\/product\/custom-arabic-hardcover-notebook-80sheets\/#primaryimage\"},\"thumbnailUrl\":\"https:\/\/www.colorflyprinting.com\/wp-content\/uploads\/2025\/04\/e325d6de252c7aa38ec847036f8c0055_medium-1.jpg\",\"datePublished\":\"2025-04-22T01:22:56+00:00\",\"dateModified\":\"2025-04-22T01:23:23+00:00\",\"breadcrumb\":{\"@id\":\"https:\/\/www.colorflyprinting.com\/product\/custom-arabic-hardcover-notebook-80sheets\/#breadcrumb\"},\"inLanguage\":\"pt-PT\",\"potentialAction\":[{\"@type\":\"ReadAction\",\"target\":[\"https:\/\/www.colorflyprinting.com\/product\/custom-arabic-hardcover-notebook-80sheets\/\"]}]},{\"@type\":\"ImageObject\",\"inLanguage\":\"pt-PT\",\"@id\":\"https:\/\/www.colorflyprinting.com\/product\/custom-arabic-hardcover-notebook-80sheets\/#primaryimage\",\"url\":\"https:\/\/www.colorflyprinting.com\/wp-content\/uploads\/2025\/04\/e325d6de252c7aa38ec847036f8c0055_medium-1.jpg\",\"contentUrl\":\"https:\/\/www.colorflyprinting.com\/wp-content\/uploads\/2025\/04\/e325d6de252c7aa38ec847036f8c0055_medium-1.jpg\",\"width\":550,\"height\":550},{\"@type\":\"BreadcrumbList\",\"@id\":\"https:\/\/www.colorflyprinting.com\/product\/custom-arabic-hardcover-notebook-80sheets\/#breadcrumb\",\"itemListElement\":[{\"@type\":\"ListItem\",\"position\":1,\"name\":\"Home\",\"item\":\"https:\/\/www.colorflyprinting.com\/\"},{\"@type\":\"ListItem\",\"position\":2,\"name\":\"Product\",\"item\":\"https:\/\/www.colorflyprinting.com\/shop\/\"},{\"@type\":\"ListItem\",\"position\":3,\"name\":\"Custom Arabic Hardcover Notebook 80sheets\"}]},{\"@type\":\"WebSite\",\"@id\":\"https:\/\/www.colorflyprinting.com\/#website\",\"url\":\"https:\/\/www.colorflyprinting.com\/\",\"name\":\"Hefei Colorfly Stationery Co.,Ltd.\",\"description\":\"\",\"publisher\":{\"@id\":\"https:\/\/www.colorflyprinting.com\/#organization\"},\"potentialAction\":[{\"@type\":\"SearchAction\",\"target\":{\"@type\":\"EntryPoint\",\"urlTemplate\":\"https:\/\/www.colorflyprinting.com\/?s={search_term_string}\"},\"query-input\":{\"@type\":\"PropertyValueSpecification\",\"valueRequired\":true,\"valueName\":\"search_term_string\"}}],\"inLanguage\":\"pt-PT\"},{\"@type\":\"Organization\",\"@id\":\"https:\/\/www.colorflyprinting.com\/#organization\",\"name\":\"Hefei Colorfly Stationery Co.,Ltd.\",\"url\":\"https:\/\/www.colorflyprinting.com\/\",\"logo\":{\"@type\":\"ImageObject\",\"inLanguage\":\"pt-PT\",\"@id\":\"https:\/\/www.colorflyprinting.com\/#\/schema\/logo\/image\/\",\"url\":\"https:\/\/www.colorflyprinting.com\/wp-content\/uploads\/2025\/04\/d167665f943610681229e2f4307b9df.jpg\",\"contentUrl\":\"https:\/\/www.colorflyprinting.com\/wp-content\/uploads\/2025\/04\/d167665f943610681229e2f4307b9df.jpg\",\"width\":780,\"height\":780,\"caption\":\"Hefei Colorfly Stationery Co.,Ltd.\"},\"image\":{\"@id\":\"https:\/\/www.colorflyprinting.com\/#\/schema\/logo\/image\/\"}}]}<\/script>\n<!-- \/ Yoast SEO Premium plugin. -->","yoast_head_json":{"title":"Custom Arabic Hardcover Notebook 80sheets - colorflyprinting","robots":{"index":"index","follow":"follow","max-snippet":"max-snippet:-1","max-image-preview":"max-image-preview:large","max-video-preview":"max-video-preview:-1"},"canonical":"https:\/\/www.colorflyprinting.com\/pt\/produto\/caderno-arabe-personalizado-de-capa-dura-com-80-folhas\/","og_locale":"pt_PT","og_type":"article","og_title":"Custom Arabic Hardcover Notebook 80sheets","og_description":"80sheets \/ 100sheets Hardbound notebook caseboud book with arabic line                                                    Brand:Colorfly                                                   Item NO.:CY-HN007                                                                                                                   MOQ:20 foot container                                                                                                                  Type: Hardcover notebook                                 Size: 17x24m                                 Binding: Perfect binding                                 Number of pages: 100sheets\/80sheets etc                                 Inner printing: Arabic line                                 Cover printing: 4 colors printing","og_url":"https:\/\/www.colorflyprinting.com\/pt\/produto\/caderno-arabe-personalizado-de-capa-dura-com-80-folhas\/","og_site_name":"colorflyprinting","article_modified_time":"2025-04-22T01:23:23+00:00","twitter_card":"summary_large_image","twitter_misc":{"Tempo estimado de leitura":"2 minutos"},"schema":{"@context":"https:\/\/schema.org","@graph":[{"@type":"WebPage","@id":"https:\/\/www.colorflyprinting.com\/product\/custom-arabic-hardcover-notebook-80sheets\/","url":"https:\/\/www.colorflyprinting.com\/product\/custom-arabic-hardcover-notebook-80sheets\/","name":"Custom Arabic Hardcover Notebook 80sheets - colorflyprinting","isPartOf":{"@id":"https:\/\/www.colorflyprinting.com\/#website"},"primaryImageOfPage":{"@id":"https:\/\/www.colorflyprinting.com\/product\/custom-arabic-hardcover-notebook-80sheets\/#primaryimage"},"image":{"@id":"https:\/\/www.colorflyprinting.com\/product\/custom-arabic-hardcover-notebook-80sheets\/#primaryimage"},"thumbnailUrl":"https:\/\/www.colorflyprinting.com\/wp-content\/uploads\/2025\/04\/e325d6de252c7aa38ec847036f8c0055_medium-1.jpg","datePublished":"2025-04-22T01:22:56+00:00","dateModified":"2025-04-22T01:23:23+00:00","breadcrumb":{"@id":"https:\/\/www.colorflyprinting.com\/product\/custom-arabic-hardcover-notebook-80sheets\/#breadcrumb"},"inLanguage":"pt-PT","potentialAction":[{"@type":"ReadAction","target":["https:\/\/www.colorflyprinting.com\/product\/custom-arabic-hardcover-notebook-80sheets\/"]}]},{"@type":"ImageObject","inLanguage":"pt-PT","@id":"https:\/\/www.colorflyprinting.com\/product\/custom-arabic-hardcover-notebook-80sheets\/#primaryimage","url":"https:\/\/www.colorflyprinting.com\/wp-content\/uploads\/2025\/04\/e325d6de252c7aa38ec847036f8c0055_medium-1.jpg","contentUrl":"https:\/\/www.colorflyprinting.com\/wp-content\/uploads\/2025\/04\/e325d6de252c7aa38ec847036f8c0055_medium-1.jpg","width":550,"height":550},{"@type":"BreadcrumbList","@id":"https:\/\/www.colorflyprinting.com\/product\/custom-arabic-hardcover-notebook-80sheets\/#breadcrumb","itemListElement":[{"@type":"ListItem","position":1,"name":"Home","item":"https:\/\/www.colorflyprinting.com\/"},{"@type":"ListItem","position":2,"name":"Product","item":"https:\/\/www.colorflyprinting.com\/shop\/"},{"@type":"ListItem","position":3,"name":"Custom Arabic Hardcover Notebook 80sheets"}]},{"@type":"WebSite","@id":"https:\/\/www.colorflyprinting.com\/#website","url":"https:\/\/www.colorflyprinting.com\/","name":"Hefei Colorfly Stationery Co.,Ltd.","description":"","publisher":{"@id":"https:\/\/www.colorflyprinting.com\/#organization"},"potentialAction":[{"@type":"SearchAction","target":{"@type":"EntryPoint","urlTemplate":"https:\/\/www.colorflyprinting.com\/?s={search_term_string}"},"query-input":{"@type":"PropertyValueSpecification","valueRequired":true,"valueName":"search_term_string"}}],"inLanguage":"pt-PT"},{"@type":"Organization","@id":"https:\/\/www.colorflyprinting.com\/#organization","name":"Hefei Colorfly Stationery Co.,Ltd.","url":"https:\/\/www.colorflyprinting.com\/","logo":{"@type":"ImageObject","inLanguage":"pt-PT","@id":"https:\/\/www.colorflyprinting.com\/#\/schema\/logo\/image\/","url":"https:\/\/www.colorflyprinting.com\/wp-content\/uploads\/2025\/04\/d167665f943610681229e2f4307b9df.jpg","contentUrl":"https:\/\/www.colorflyprinting.com\/wp-content\/uploads\/2025\/04\/d167665f943610681229e2f4307b9df.jpg","width":780,"height":780,"caption":"Hefei Colorfly Stationery Co.,Ltd."},"image":{"@id":"https:\/\/www.colorflyprinting.com\/#\/schema\/logo\/image\/"}}]}},"_links":{"self":[{"href":"https:\/\/www.colorflyprinting.com\/pt\/wp-json\/wp\/v2\/product\/11462","targetHints":{"allow":["GET"]}}],"collection":[{"href":"https:\/\/www.colorflyprinting.com\/pt\/wp-json\/wp\/v2\/product"}],"about":[{"href":"https:\/\/www.colorflyprinting.com\/pt\/wp-json\/wp\/v2\/types\/product"}],"replies":[{"embeddable":true,"href":"https:\/\/www.colorflyprinting.com\/pt\/wp-json\/wp\/v2\/comments?post=11462"}],"wp:featuredmedia":[{"embeddable":true,"href":"https:\/\/www.colorflyprinting.com\/pt\/wp-json\/wp\/v2\/media\/11520"}],"wp:attachment":[{"href":"https:\/\/www.colorflyprinting.com\/pt\/wp-json\/wp\/v2\/media?parent=11462"}],"wp:term":[{"taxonomy":"product_brand","embeddable":true,"href":"https:\/\/www.colorflyprinting.com\/pt\/wp-json\/wp\/v2\/product_brand?post=11462"},{"taxonomy":"product_cat","embeddable":true,"href":"https:\/\/www.colorflyprinting.com\/pt\/wp-json\/wp\/v2\/product_cat?post=11462"},{"taxonomy":"product_tag","embeddable":true,"href":"https:\/\/www.colorflyprinting.com\/pt\/wp-json\/wp\/v2\/product_tag?post=11462"}],"curies":[{"name":"wp","href":"https:\/\/api.w.org\/{rel}","templated":true}]}}