{"id":11457,"date":"2025-04-22T01:22:56","date_gmt":"2025-04-22T01:22:56","guid":{"rendered":"https:\/\/www.colorflyprinting.com\/?post_type=product&#038;p=11457"},"modified":"2025-04-22T01:23:15","modified_gmt":"2025-04-22T01:23:15","slug":"factory-supplies-custom-hardcover-notebook","status":"publish","type":"product","link":"https:\/\/www.colorflyprinting.com\/pt\/produto\/fabrica-fornece-caderno-de-capa-dura-personalizado\/","title":{"rendered":"Caderno de capa dura personalizado da Factory Supplies"},"content":{"rendered":"<div class=\"text\">\n<p>\n\tCaderno de capa dura Registre-se e chegue\n<\/p>\n<p>\n\tNome do item: Caderno de capa dura\n<\/p>\n<p>\n\tCapa: Capa dura\n<\/p>\n<p>\n\tTamanho: tamanho A4 ou personalizado\n<\/p>\n<p>\n\tEncaderna\u00e7\u00e3o: Encaderna\u00e7\u00e3o perfeita (encaderna\u00e7\u00e3o costurada + encaderna\u00e7\u00e3o com cola)\n<\/p>\n<p>\n\tP\u00e1ginas: Personalizadas conforme solicita\u00e7\u00e3o\n<\/p>\n<p>\n\tImpress\u00e3o interna em papel: Interior personalizado\n<\/p>\n<p>\n\tMOQ: cont\u00eainer de 20 p\u00e9s, pode fazer pedidos de itens mistos\n<\/p>\n<p>\n\tObserva\u00e7\u00e3o: Todas as especifica\u00e7\u00f5es acima podem ser personalizadas. Voc\u00ea pode aproveitar nosso servi\u00e7o personalizado se cooperarmos.\n<\/p>\n<p>\n\t\n<\/p>\n<p>\n\t<img decoding=\"async\" src=\"\/js\/htmledit\/kindeditor\/attached\/20200806\/20200806160055_84649.jpg\" alt=\"\">\n<\/p>\n<p>\n\tExposi\u00e7\u00e3o da empresa:\n<\/p>\n<p>\n\t<img decoding=\"async\" src=\"\/js\/htmledit\/kindeditor\/attached\/20200806\/20200806171628_73747.jpg\" alt=\"\">\n<\/p>\n<p>\n\tPerguntas frequentes\n<\/p>\n<p>\n\tQ1. Voc\u00ea \u00e9 uma f\u00e1brica ou empresa comercial\n<\/p>\n<div>\n\tSomos uma f\u00e1brica e estamos neste setor h\u00e1 7 anos\n<\/div>\n<div>\n\t\n<\/div>\n<div>\n\tQ2. Voc\u00ea pode criar a capa para n\u00f3s?\n<\/div>\n<div>\n\tSim, temos um departamento de design profissional com muita experi\u00eancia no mercado externo.\n<\/div>\n<div>\n\tMuitas op\u00e7\u00f5es de design de capa podem ser oferecidas para refer\u00eancia do cliente\n<\/div>\n<p>\n\t\n<\/p>\n<p>\n\tQ3.Como est\u00e1 sua capacidade de produ\u00e7\u00e3o?\n<\/p>\n<p>\n\tSeis linhas de produ\u00e7\u00e3o totalmente autom\u00e1ticas para reduzir custos e aumentar a produtividade. Atendemos tamb\u00e9m o mercado interno e externo.\n<\/p>\n<p>\n\t\n<\/p>\n<div>\n\tQ4. Qual \u00e9 o seu pacote regular<br \/>\nUma certa quantidade de pe\u00e7as ser\u00e1 embalada em saco pl\u00e1stico e depois colocada dentro de uma caixa.<\/p>\n<p>Q5. Como podemos confirmar a qualidade e a exatid\u00e3o do design antes de fazer o pedido<br \/>\nAmostra gr\u00e1tis pode ser enviada para verifica\u00e7\u00e3o de qualidade. O frete ser\u00e1 por conta do comprador.<\/p>\n<p>Q6. Como devemos pagar voc\u00ea?<br \/>\nPodemos aceitar T\/T, L\/C ou Western Union.<\/p>\n<p>Q7. Qual \u00e9 o seu porto de embarque na China?<br \/>\nGeralmente utilizamos o porto de Wuhu. Outros portos como Xangai, Nanquim, Hefei e Qingdao tamb\u00e9m est\u00e3o dispon\u00edveis, de acordo com a demanda dos clientes.\n<\/div>\n<p>\n\t\n<\/p>\n<p>\n\t\n<\/p>\n<p>\n\t\n<\/p>\n<p>\n\t\n<\/p>\n<\/p><\/div>","protected":false},"excerpt":{"rendered":"<p>F\u00e1brica barata produzindo caderno de capa dura A4 personalizado, livro de registro, livro de chegada com cor verde, vermelho<\/p>\n<ul class=\"ptab-list clearfix\">\n<li>\n<p>Origem do produto:<\/p>\n<p><span>China<\/span><\/li>\n<li>\n<p>Marca:<\/p>\n<p><span>Colorfly<\/span><\/li>\n<li>\n<p>N\u00ba do item:<\/p>\n<p><span>CY-A402<\/span><\/li>\n<li>\n<p>Porto de embarque:<\/p>\n<p><span>Wuhu, Hefei, Nanquim, Xangai<\/span><\/li>\n<li>\n<p>Cor:<\/p>\n<p><span>Totalmente colorido<\/span><\/li>\n<li>\n<p>Quantidade m\u00ednima:<\/p>\n<p><span>cont\u00eainer de 20 p\u00e9s<\/span><\/li>\n<li>\n<p>Tipo: <\/p>\n<p> <span>Caderno de registro<\/span><\/li>\n<li>\n<p>Tamanho: <\/p>\n<p> <span>21X29,7cm<\/span><\/li>\n<li>\n<p>Vinculativo: <\/p>\n<p> <span>Encaderna\u00e7\u00e3o perfeita<\/span><\/li>\n<li>\n<p>N\u00famero de p\u00e1ginas: <\/p>\n<p> <span>200 p\u00e1ginas etc.<\/span><\/li>\n<li>\n<p>Impress\u00e3o interna: <\/p>\n<p> <span>Linha \u00fanica<\/span><\/li>\n<li>\n<p>Impress\u00e3o da capa: <\/p>\n<p> <span>Cor total<\/span><\/li>\n<\/ul>","protected":false},"featured_media":11501,"comment_status":"open","ping_status":"closed","template":"","meta":[],"product_brand":[],"product_cat":[449],"product_tag":[457,458,456],"class_list":{"0":"post-11457","1":"product","2":"type-product","3":"status-publish","4":"has-post-thumbnail","6":"product_cat-hardcover-notebook","7":"product_tag-arrive-notebook","8":"product_tag-custom-hardcover-notebook","9":"product_tag-register-notebook","11":"first","12":"instock","13":"shipping-taxable","14":"product-type-simple"},"yoast_head":"<!-- This site is optimized with the Yoast SEO Premium plugin v23.9 (Yoast SEO v25.2) - https:\/\/yoast.com\/wordpress\/plugins\/seo\/ -->\n<title>Factory Supplies Custom Hardcover Notebook - colorflyprinting<\/title>\n<meta name=\"robots\" content=\"index, follow, max-snippet:-1, max-image-preview:large, max-video-preview:-1\" \/>\n<link rel=\"canonical\" href=\"https:\/\/www.colorflyprinting.com\/pt\/produto\/fabrica-fornece-caderno-de-capa-dura-personalizado\/\" \/>\n<meta property=\"og:locale\" content=\"pt_PT\" \/>\n<meta property=\"og:type\" content=\"article\" \/>\n<meta property=\"og:title\" content=\"Factory Supplies Custom Hardcover Notebook\" \/>\n<meta property=\"og:description\" content=\"Cheap factory produing A4 hardcover notebook custom register book, arrive book with green, red color                                   Product Origin:China                                                    Brand:Colorfly                                                   Item NO.:CY-A402                                                   Shipping Port:wuhu,hefei, nanjing,shanghai                                                   Color:Fully Color                                                                                   MOQ:20 foot container                                                                                                                  Type: Record notebook                                 Size: 21X29.7cm                                 Binding: Perfect binding                                 Number of pages: 200pages etc                                 Inner printing: Single line                                 Cover printing: Full color\" \/>\n<meta property=\"og:url\" content=\"https:\/\/www.colorflyprinting.com\/pt\/produto\/fabrica-fornece-caderno-de-capa-dura-personalizado\/\" \/>\n<meta property=\"og:site_name\" content=\"colorflyprinting\" \/>\n<meta property=\"article:modified_time\" content=\"2025-04-22T01:23:15+00:00\" \/>\n<meta name=\"twitter:card\" content=\"summary_large_image\" \/>\n<meta name=\"twitter:label1\" content=\"Tempo estimado de leitura\" \/>\n\t<meta name=\"twitter:data1\" content=\"1 minuto\" \/>\n<script type=\"application\/ld+json\" class=\"yoast-schema-graph\">{\"@context\":\"https:\/\/schema.org\",\"@graph\":[{\"@type\":\"WebPage\",\"@id\":\"https:\/\/www.colorflyprinting.com\/product\/factory-supplies-custom-hardcover-notebook\/\",\"url\":\"https:\/\/www.colorflyprinting.com\/product\/factory-supplies-custom-hardcover-notebook\/\",\"name\":\"Factory Supplies Custom Hardcover Notebook - colorflyprinting\",\"isPartOf\":{\"@id\":\"https:\/\/www.colorflyprinting.com\/#website\"},\"primaryImageOfPage\":{\"@id\":\"https:\/\/www.colorflyprinting.com\/product\/factory-supplies-custom-hardcover-notebook\/#primaryimage\"},\"image\":{\"@id\":\"https:\/\/www.colorflyprinting.com\/product\/factory-supplies-custom-hardcover-notebook\/#primaryimage\"},\"thumbnailUrl\":\"https:\/\/www.colorflyprinting.com\/wp-content\/uploads\/2025\/04\/840df18dcdc3677fb2d38d3d54d82da4_medium-1.jpg\",\"datePublished\":\"2025-04-22T01:22:56+00:00\",\"dateModified\":\"2025-04-22T01:23:15+00:00\",\"breadcrumb\":{\"@id\":\"https:\/\/www.colorflyprinting.com\/product\/factory-supplies-custom-hardcover-notebook\/#breadcrumb\"},\"inLanguage\":\"pt-PT\",\"potentialAction\":[{\"@type\":\"ReadAction\",\"target\":[\"https:\/\/www.colorflyprinting.com\/product\/factory-supplies-custom-hardcover-notebook\/\"]}]},{\"@type\":\"ImageObject\",\"inLanguage\":\"pt-PT\",\"@id\":\"https:\/\/www.colorflyprinting.com\/product\/factory-supplies-custom-hardcover-notebook\/#primaryimage\",\"url\":\"https:\/\/www.colorflyprinting.com\/wp-content\/uploads\/2025\/04\/840df18dcdc3677fb2d38d3d54d82da4_medium-1.jpg\",\"contentUrl\":\"https:\/\/www.colorflyprinting.com\/wp-content\/uploads\/2025\/04\/840df18dcdc3677fb2d38d3d54d82da4_medium-1.jpg\",\"width\":550,\"height\":550},{\"@type\":\"BreadcrumbList\",\"@id\":\"https:\/\/www.colorflyprinting.com\/product\/factory-supplies-custom-hardcover-notebook\/#breadcrumb\",\"itemListElement\":[{\"@type\":\"ListItem\",\"position\":1,\"name\":\"Home\",\"item\":\"https:\/\/www.colorflyprinting.com\/\"},{\"@type\":\"ListItem\",\"position\":2,\"name\":\"Product\",\"item\":\"https:\/\/www.colorflyprinting.com\/shop\/\"},{\"@type\":\"ListItem\",\"position\":3,\"name\":\"Factory Supplies Custom Hardcover Notebook\"}]},{\"@type\":\"WebSite\",\"@id\":\"https:\/\/www.colorflyprinting.com\/#website\",\"url\":\"https:\/\/www.colorflyprinting.com\/\",\"name\":\"Hefei Colorfly Stationery Co.,Ltd.\",\"description\":\"\",\"publisher\":{\"@id\":\"https:\/\/www.colorflyprinting.com\/#organization\"},\"potentialAction\":[{\"@type\":\"SearchAction\",\"target\":{\"@type\":\"EntryPoint\",\"urlTemplate\":\"https:\/\/www.colorflyprinting.com\/?s={search_term_string}\"},\"query-input\":{\"@type\":\"PropertyValueSpecification\",\"valueRequired\":true,\"valueName\":\"search_term_string\"}}],\"inLanguage\":\"pt-PT\"},{\"@type\":\"Organization\",\"@id\":\"https:\/\/www.colorflyprinting.com\/#organization\",\"name\":\"Hefei Colorfly Stationery Co.,Ltd.\",\"url\":\"https:\/\/www.colorflyprinting.com\/\",\"logo\":{\"@type\":\"ImageObject\",\"inLanguage\":\"pt-PT\",\"@id\":\"https:\/\/www.colorflyprinting.com\/#\/schema\/logo\/image\/\",\"url\":\"https:\/\/www.colorflyprinting.com\/wp-content\/uploads\/2025\/04\/d167665f943610681229e2f4307b9df.jpg\",\"contentUrl\":\"https:\/\/www.colorflyprinting.com\/wp-content\/uploads\/2025\/04\/d167665f943610681229e2f4307b9df.jpg\",\"width\":780,\"height\":780,\"caption\":\"Hefei Colorfly Stationery Co.,Ltd.\"},\"image\":{\"@id\":\"https:\/\/www.colorflyprinting.com\/#\/schema\/logo\/image\/\"}}]}<\/script>\n<!-- \/ Yoast SEO Premium plugin. -->","yoast_head_json":{"title":"Factory Supplies Custom Hardcover Notebook - colorflyprinting","robots":{"index":"index","follow":"follow","max-snippet":"max-snippet:-1","max-image-preview":"max-image-preview:large","max-video-preview":"max-video-preview:-1"},"canonical":"https:\/\/www.colorflyprinting.com\/pt\/produto\/fabrica-fornece-caderno-de-capa-dura-personalizado\/","og_locale":"pt_PT","og_type":"article","og_title":"Factory Supplies Custom Hardcover Notebook","og_description":"Cheap factory produing A4 hardcover notebook custom register book, arrive book with green, red color                                   Product Origin:China                                                    Brand:Colorfly                                                   Item NO.:CY-A402                                                   Shipping Port:wuhu,hefei, nanjing,shanghai                                                   Color:Fully Color                                                                                   MOQ:20 foot container                                                                                                                  Type: Record notebook                                 Size: 21X29.7cm                                 Binding: Perfect binding                                 Number of pages: 200pages etc                                 Inner printing: Single line                                 Cover printing: Full color","og_url":"https:\/\/www.colorflyprinting.com\/pt\/produto\/fabrica-fornece-caderno-de-capa-dura-personalizado\/","og_site_name":"colorflyprinting","article_modified_time":"2025-04-22T01:23:15+00:00","twitter_card":"summary_large_image","twitter_misc":{"Tempo estimado de leitura":"1 minuto"},"schema":{"@context":"https:\/\/schema.org","@graph":[{"@type":"WebPage","@id":"https:\/\/www.colorflyprinting.com\/product\/factory-supplies-custom-hardcover-notebook\/","url":"https:\/\/www.colorflyprinting.com\/product\/factory-supplies-custom-hardcover-notebook\/","name":"Factory Supplies Custom Hardcover Notebook - colorflyprinting","isPartOf":{"@id":"https:\/\/www.colorflyprinting.com\/#website"},"primaryImageOfPage":{"@id":"https:\/\/www.colorflyprinting.com\/product\/factory-supplies-custom-hardcover-notebook\/#primaryimage"},"image":{"@id":"https:\/\/www.colorflyprinting.com\/product\/factory-supplies-custom-hardcover-notebook\/#primaryimage"},"thumbnailUrl":"https:\/\/www.colorflyprinting.com\/wp-content\/uploads\/2025\/04\/840df18dcdc3677fb2d38d3d54d82da4_medium-1.jpg","datePublished":"2025-04-22T01:22:56+00:00","dateModified":"2025-04-22T01:23:15+00:00","breadcrumb":{"@id":"https:\/\/www.colorflyprinting.com\/product\/factory-supplies-custom-hardcover-notebook\/#breadcrumb"},"inLanguage":"pt-PT","potentialAction":[{"@type":"ReadAction","target":["https:\/\/www.colorflyprinting.com\/product\/factory-supplies-custom-hardcover-notebook\/"]}]},{"@type":"ImageObject","inLanguage":"pt-PT","@id":"https:\/\/www.colorflyprinting.com\/product\/factory-supplies-custom-hardcover-notebook\/#primaryimage","url":"https:\/\/www.colorflyprinting.com\/wp-content\/uploads\/2025\/04\/840df18dcdc3677fb2d38d3d54d82da4_medium-1.jpg","contentUrl":"https:\/\/www.colorflyprinting.com\/wp-content\/uploads\/2025\/04\/840df18dcdc3677fb2d38d3d54d82da4_medium-1.jpg","width":550,"height":550},{"@type":"BreadcrumbList","@id":"https:\/\/www.colorflyprinting.com\/product\/factory-supplies-custom-hardcover-notebook\/#breadcrumb","itemListElement":[{"@type":"ListItem","position":1,"name":"Home","item":"https:\/\/www.colorflyprinting.com\/"},{"@type":"ListItem","position":2,"name":"Product","item":"https:\/\/www.colorflyprinting.com\/shop\/"},{"@type":"ListItem","position":3,"name":"Factory Supplies Custom Hardcover Notebook"}]},{"@type":"WebSite","@id":"https:\/\/www.colorflyprinting.com\/#website","url":"https:\/\/www.colorflyprinting.com\/","name":"Hefei Colorfly Stationery Co.,Ltd.","description":"","publisher":{"@id":"https:\/\/www.colorflyprinting.com\/#organization"},"potentialAction":[{"@type":"SearchAction","target":{"@type":"EntryPoint","urlTemplate":"https:\/\/www.colorflyprinting.com\/?s={search_term_string}"},"query-input":{"@type":"PropertyValueSpecification","valueRequired":true,"valueName":"search_term_string"}}],"inLanguage":"pt-PT"},{"@type":"Organization","@id":"https:\/\/www.colorflyprinting.com\/#organization","name":"Hefei Colorfly Stationery Co.,Ltd.","url":"https:\/\/www.colorflyprinting.com\/","logo":{"@type":"ImageObject","inLanguage":"pt-PT","@id":"https:\/\/www.colorflyprinting.com\/#\/schema\/logo\/image\/","url":"https:\/\/www.colorflyprinting.com\/wp-content\/uploads\/2025\/04\/d167665f943610681229e2f4307b9df.jpg","contentUrl":"https:\/\/www.colorflyprinting.com\/wp-content\/uploads\/2025\/04\/d167665f943610681229e2f4307b9df.jpg","width":780,"height":780,"caption":"Hefei Colorfly Stationery Co.,Ltd."},"image":{"@id":"https:\/\/www.colorflyprinting.com\/#\/schema\/logo\/image\/"}}]}},"_links":{"self":[{"href":"https:\/\/www.colorflyprinting.com\/pt\/wp-json\/wp\/v2\/product\/11457","targetHints":{"allow":["GET"]}}],"collection":[{"href":"https:\/\/www.colorflyprinting.com\/pt\/wp-json\/wp\/v2\/product"}],"about":[{"href":"https:\/\/www.colorflyprinting.com\/pt\/wp-json\/wp\/v2\/types\/product"}],"replies":[{"embeddable":true,"href":"https:\/\/www.colorflyprinting.com\/pt\/wp-json\/wp\/v2\/comments?post=11457"}],"wp:featuredmedia":[{"embeddable":true,"href":"https:\/\/www.colorflyprinting.com\/pt\/wp-json\/wp\/v2\/media\/11501"}],"wp:attachment":[{"href":"https:\/\/www.colorflyprinting.com\/pt\/wp-json\/wp\/v2\/media?parent=11457"}],"wp:term":[{"taxonomy":"product_brand","embeddable":true,"href":"https:\/\/www.colorflyprinting.com\/pt\/wp-json\/wp\/v2\/product_brand?post=11457"},{"taxonomy":"product_cat","embeddable":true,"href":"https:\/\/www.colorflyprinting.com\/pt\/wp-json\/wp\/v2\/product_cat?post=11457"},{"taxonomy":"product_tag","embeddable":true,"href":"https:\/\/www.colorflyprinting.com\/pt\/wp-json\/wp\/v2\/product_tag?post=11457"}],"curies":[{"name":"wp","href":"https:\/\/api.w.org\/{rel}","templated":true}]}}