{"id":11424,"date":"2025-04-22T01:22:33","date_gmt":"2025-04-22T01:22:33","guid":{"rendered":"https:\/\/www.colorflyprinting.com\/?post_type=product&#038;p=11424"},"modified":"2025-12-02T06:05:00","modified_gmt":"2025-12-02T06:05:00","slug":"customized-design-notebooks-school-supplies-french-line-notebook-school-exercise-book","status":"publish","type":"product","link":"https:\/\/www.colorflyprinting.com\/pt\/produto\/cadernos-de-design-personalizado-material-escolar-caderno-linha-francesa-caderno-escolar-livro-de-exercicios\/","title":{"rendered":"Cadernos de Design Personalizados Material Escolar Caderno Linha Francesa Caderno Escolar Caderno de Exerc\u00edcios"},"content":{"rendered":"<div class=\"text\">\n<p>Descri\u00e7\u00e3o dos produtos<\/p>\n<p>Nome do item: Caderno espiral<\/p>\n<p>Capa: PU<br \/>\nTamanho: 19\u00d724,7cm<\/p>\n<p>Encaderna\u00e7\u00e3o: Encaderna\u00e7\u00e3o perfeita (encaderna\u00e7\u00e3o espiral)<\/p>\n<p>P\u00e1ginas: 48\/96\/192 p\u00e1ginas<\/p>\n<p>Quantidade m\u00ednima: 5000<\/p>\n<p>Todas as especifica\u00e7\u00f5es acima podem ser personalizadas; voc\u00ea pode aproveitar nosso servi\u00e7o personalizado se cooperarmos.<\/p>\n<p>&nbsp;<\/p>\n<p>Perguntas frequentes<\/p>\n<p>1. Sobre o pre\u00e7o:<br \/>\nO pre\u00e7o \u00e9 negoci\u00e1vel. Pode ser alterado de acordo com a quantidade ou pacote desejado. Ao fazer uma consulta, informe-nos a quantidade desejada.<\/p>\n<p>2. Sobre a amostra:<br \/>\nPara produtos padr\u00e3o que produzimos todos os dias, a amostra \u00e9 gr\u00e1tis, mas o frete a\u00e9reo \u00e9 cobrado ou voc\u00ea nos paga a postagem adiantado. Por favor, entenda que fazer novas amostras causar\u00e1 uma taxa de fabrica\u00e7\u00e3o de amostras. Vamos discutir mais, por favor.<\/p>\n<p>3. Sobre o MOQ:<br \/>\nSe tivermos o produto em estoque, o MOQ ser\u00e1 pequeno; caso contr\u00e1rio, o MOQ ser\u00e1 de 20.000\/50.000\/100.000 pe\u00e7as, etc. Itens mistos tamb\u00e9m podem caber em um cont\u00eainer de 20 p\u00e9s; isso depende do tipo de produto e pode ser negoci\u00e1vel. Gostar\u00edamos de resolver seu problema da melhor maneira poss\u00edvel.<\/p>\n<p>4. Sobre o OEM:<br \/>\nTemos uma f\u00e1brica na China e gostar\u00edamos de ajudar a projetar o LOGOTIPO e o c\u00f3digo de barras do produto, desde que a qualidade do pedido atenda ao MOQ.<\/p>\n<p>5. Sobre o pacote:<br \/>\nA maioria dos produtos que produzimos tem embalagem padr\u00e3o de acordo com a experi\u00eancia que adquirimos no mercado, mas sempre aceitamos as necessidades do cliente e fornecemos sugest\u00f5es \u00fateis para refer\u00eancia.<\/p>\n<\/div>","protected":false},"excerpt":{"rendered":"<ul class=\"ptab-list clearfix\">\n<li>Origem do produto:\n<p>Anhui<\/li>\n<li>Marca:\n<p>Colorfly<\/li>\n<li>N\u00ba do item:\n<p>S-1222<\/li>\n<li>Porto de embarque:\n<p>wuhan\/xangai\/qiandao\/yiwu<\/li>\n<li>Cor:\n<p>cor personalizada<\/li>\n<li>Tempo de espera:\n<p>25-30 dias<\/li>\n<li>Pagamento:\n<p>30% TT como dep\u00f3sito, o pagamento do saldo a<\/li>\n<li>Quantidade m\u00ednima:\n<p>5000<\/li>\n<li>Tipo:\n<p>caderno<\/li>\n<li>Tamanho:\n<p>A5<\/li>\n<li>Vinculativo:\n<p>encaderna\u00e7\u00e3o em espiral<\/li>\n<li>N\u00famero de p\u00e1ginas:\n<p>48p<\/li>\n<li>Impress\u00e3o interna:\n<p>personalizado<\/li>\n<li>Impress\u00e3o da capa:\n<p>cor personalizada<\/li>\n<\/ul>","protected":false},"featured_media":11477,"comment_status":"open","ping_status":"closed","template":"","meta":[],"product_brand":[],"product_cat":[449],"product_tag":[433,434,432],"class_list":{"0":"post-11424","1":"product","2":"type-product","3":"status-publish","4":"has-post-thumbnail","6":"product_cat-hardcover-notebook","7":"product_tag-design-notebooks","8":"product_tag-french-line-notebook","9":"product_tag-school-exercise-book","11":"first","12":"instock","13":"featured","14":"shipping-taxable","15":"product-type-simple"},"yoast_head":"<!-- This site is optimized with the Yoast SEO Premium plugin v23.9 (Yoast SEO v25.2) - https:\/\/yoast.com\/wordpress\/plugins\/seo\/ -->\n<title>Customized Design Notebooks School Supplies French Line Notebook School Exercise Book - colorflyprinting<\/title>\n<meta name=\"robots\" content=\"index, follow, max-snippet:-1, max-image-preview:large, max-video-preview:-1\" \/>\n<link rel=\"canonical\" href=\"https:\/\/www.colorflyprinting.com\/pt\/produto\/cadernos-de-design-personalizado-material-escolar-caderno-linha-francesa-caderno-escolar-livro-de-exercicios\/\" \/>\n<meta property=\"og:locale\" content=\"pt_PT\" \/>\n<meta property=\"og:type\" content=\"article\" \/>\n<meta property=\"og:title\" content=\"Customized Design Notebooks School Supplies French Line Notebook School Exercise Book\" \/>\n<meta property=\"og:description\" content=\"Product Origin:  anhui  Brand:  Colorfly  Item NO.:  S-1222  Shipping Port:  wuhan\/ shanghai \/qiandao \/yiwu  Color:  custom color  Lead Time:  25-30days  Payment:  30% TT as the deposit , the balance payment a  MOQ:  5000  Type:  notebook  Size:  A5  Binding:  spiral binding  Number of pages:  48p  Inner printing:  custom  Cover printing:  custom color\" \/>\n<meta property=\"og:url\" content=\"https:\/\/www.colorflyprinting.com\/pt\/produto\/cadernos-de-design-personalizado-material-escolar-caderno-linha-francesa-caderno-escolar-livro-de-exercicios\/\" \/>\n<meta property=\"og:site_name\" content=\"colorflyprinting\" \/>\n<meta property=\"article:modified_time\" content=\"2025-12-02T06:05:00+00:00\" \/>\n<meta property=\"og:image\" content=\"https:\/\/www.colorflyprinting.com\/wp-content\/uploads\/2025\/04\/1e8adc1423bf5432d684c396000e42a9_medium-1.jpg\" \/>\n\t<meta property=\"og:image:width\" content=\"550\" \/>\n\t<meta property=\"og:image:height\" content=\"550\" \/>\n\t<meta property=\"og:image:type\" content=\"image\/jpeg\" \/>\n<meta name=\"twitter:card\" content=\"summary_large_image\" \/>\n<meta name=\"twitter:label1\" content=\"Tempo estimado de leitura\" \/>\n\t<meta name=\"twitter:data1\" content=\"1 minuto\" \/>\n<script type=\"application\/ld+json\" class=\"yoast-schema-graph\">{\"@context\":\"https:\/\/schema.org\",\"@graph\":[{\"@type\":\"WebPage\",\"@id\":\"https:\/\/www.colorflyprinting.com\/product\/customized-design-notebooks-school-supplies-french-line-notebook-school-exercise-book\/\",\"url\":\"https:\/\/www.colorflyprinting.com\/product\/customized-design-notebooks-school-supplies-french-line-notebook-school-exercise-book\/\",\"name\":\"Customized Design Notebooks School Supplies French Line Notebook School Exercise Book - colorflyprinting\",\"isPartOf\":{\"@id\":\"https:\/\/www.colorflyprinting.com\/#website\"},\"primaryImageOfPage\":{\"@id\":\"https:\/\/www.colorflyprinting.com\/product\/customized-design-notebooks-school-supplies-french-line-notebook-school-exercise-book\/#primaryimage\"},\"image\":{\"@id\":\"https:\/\/www.colorflyprinting.com\/product\/customized-design-notebooks-school-supplies-french-line-notebook-school-exercise-book\/#primaryimage\"},\"thumbnailUrl\":\"https:\/\/www.colorflyprinting.com\/wp-content\/uploads\/2025\/04\/1e8adc1423bf5432d684c396000e42a9_medium-1.jpg\",\"datePublished\":\"2025-04-22T01:22:33+00:00\",\"dateModified\":\"2025-12-02T06:05:00+00:00\",\"breadcrumb\":{\"@id\":\"https:\/\/www.colorflyprinting.com\/product\/customized-design-notebooks-school-supplies-french-line-notebook-school-exercise-book\/#breadcrumb\"},\"inLanguage\":\"pt-PT\",\"potentialAction\":[{\"@type\":\"ReadAction\",\"target\":[\"https:\/\/www.colorflyprinting.com\/product\/customized-design-notebooks-school-supplies-french-line-notebook-school-exercise-book\/\"]}]},{\"@type\":\"ImageObject\",\"inLanguage\":\"pt-PT\",\"@id\":\"https:\/\/www.colorflyprinting.com\/product\/customized-design-notebooks-school-supplies-french-line-notebook-school-exercise-book\/#primaryimage\",\"url\":\"https:\/\/www.colorflyprinting.com\/wp-content\/uploads\/2025\/04\/1e8adc1423bf5432d684c396000e42a9_medium-1.jpg\",\"contentUrl\":\"https:\/\/www.colorflyprinting.com\/wp-content\/uploads\/2025\/04\/1e8adc1423bf5432d684c396000e42a9_medium-1.jpg\",\"width\":550,\"height\":550},{\"@type\":\"BreadcrumbList\",\"@id\":\"https:\/\/www.colorflyprinting.com\/product\/customized-design-notebooks-school-supplies-french-line-notebook-school-exercise-book\/#breadcrumb\",\"itemListElement\":[{\"@type\":\"ListItem\",\"position\":1,\"name\":\"Home\",\"item\":\"https:\/\/www.colorflyprinting.com\/\"},{\"@type\":\"ListItem\",\"position\":2,\"name\":\"Product\",\"item\":\"https:\/\/www.colorflyprinting.com\/shop\/\"},{\"@type\":\"ListItem\",\"position\":3,\"name\":\"Customized Design Notebooks School Supplies French Line Notebook School Exercise Book\"}]},{\"@type\":\"WebSite\",\"@id\":\"https:\/\/www.colorflyprinting.com\/#website\",\"url\":\"https:\/\/www.colorflyprinting.com\/\",\"name\":\"Hefei Colorfly Stationery Co.,Ltd.\",\"description\":\"\",\"publisher\":{\"@id\":\"https:\/\/www.colorflyprinting.com\/#organization\"},\"potentialAction\":[{\"@type\":\"SearchAction\",\"target\":{\"@type\":\"EntryPoint\",\"urlTemplate\":\"https:\/\/www.colorflyprinting.com\/?s={search_term_string}\"},\"query-input\":{\"@type\":\"PropertyValueSpecification\",\"valueRequired\":true,\"valueName\":\"search_term_string\"}}],\"inLanguage\":\"pt-PT\"},{\"@type\":\"Organization\",\"@id\":\"https:\/\/www.colorflyprinting.com\/#organization\",\"name\":\"Hefei Colorfly Stationery Co.,Ltd.\",\"url\":\"https:\/\/www.colorflyprinting.com\/\",\"logo\":{\"@type\":\"ImageObject\",\"inLanguage\":\"pt-PT\",\"@id\":\"https:\/\/www.colorflyprinting.com\/#\/schema\/logo\/image\/\",\"url\":\"https:\/\/www.colorflyprinting.com\/wp-content\/uploads\/2025\/04\/d167665f943610681229e2f4307b9df.jpg\",\"contentUrl\":\"https:\/\/www.colorflyprinting.com\/wp-content\/uploads\/2025\/04\/d167665f943610681229e2f4307b9df.jpg\",\"width\":780,\"height\":780,\"caption\":\"Hefei Colorfly Stationery Co.,Ltd.\"},\"image\":{\"@id\":\"https:\/\/www.colorflyprinting.com\/#\/schema\/logo\/image\/\"}}]}<\/script>\n<!-- \/ Yoast SEO Premium plugin. -->","yoast_head_json":{"title":"Customized Design Notebooks School Supplies French Line Notebook School Exercise Book - colorflyprinting","robots":{"index":"index","follow":"follow","max-snippet":"max-snippet:-1","max-image-preview":"max-image-preview:large","max-video-preview":"max-video-preview:-1"},"canonical":"https:\/\/www.colorflyprinting.com\/pt\/produto\/cadernos-de-design-personalizado-material-escolar-caderno-linha-francesa-caderno-escolar-livro-de-exercicios\/","og_locale":"pt_PT","og_type":"article","og_title":"Customized Design Notebooks School Supplies French Line Notebook School Exercise Book","og_description":"Product Origin:  anhui  Brand:  Colorfly  Item NO.:  S-1222  Shipping Port:  wuhan\/ shanghai \/qiandao \/yiwu  Color:  custom color  Lead Time:  25-30days  Payment:  30% TT as the deposit , the balance payment a  MOQ:  5000  Type:  notebook  Size:  A5  Binding:  spiral binding  Number of pages:  48p  Inner printing:  custom  Cover printing:  custom color","og_url":"https:\/\/www.colorflyprinting.com\/pt\/produto\/cadernos-de-design-personalizado-material-escolar-caderno-linha-francesa-caderno-escolar-livro-de-exercicios\/","og_site_name":"colorflyprinting","article_modified_time":"2025-12-02T06:05:00+00:00","og_image":[{"width":550,"height":550,"url":"https:\/\/www.colorflyprinting.com\/wp-content\/uploads\/2025\/04\/1e8adc1423bf5432d684c396000e42a9_medium-1.jpg","type":"image\/jpeg"}],"twitter_card":"summary_large_image","twitter_misc":{"Tempo estimado de leitura":"1 minuto"},"schema":{"@context":"https:\/\/schema.org","@graph":[{"@type":"WebPage","@id":"https:\/\/www.colorflyprinting.com\/product\/customized-design-notebooks-school-supplies-french-line-notebook-school-exercise-book\/","url":"https:\/\/www.colorflyprinting.com\/product\/customized-design-notebooks-school-supplies-french-line-notebook-school-exercise-book\/","name":"Customized Design Notebooks School Supplies French Line Notebook School Exercise Book - colorflyprinting","isPartOf":{"@id":"https:\/\/www.colorflyprinting.com\/#website"},"primaryImageOfPage":{"@id":"https:\/\/www.colorflyprinting.com\/product\/customized-design-notebooks-school-supplies-french-line-notebook-school-exercise-book\/#primaryimage"},"image":{"@id":"https:\/\/www.colorflyprinting.com\/product\/customized-design-notebooks-school-supplies-french-line-notebook-school-exercise-book\/#primaryimage"},"thumbnailUrl":"https:\/\/www.colorflyprinting.com\/wp-content\/uploads\/2025\/04\/1e8adc1423bf5432d684c396000e42a9_medium-1.jpg","datePublished":"2025-04-22T01:22:33+00:00","dateModified":"2025-12-02T06:05:00+00:00","breadcrumb":{"@id":"https:\/\/www.colorflyprinting.com\/product\/customized-design-notebooks-school-supplies-french-line-notebook-school-exercise-book\/#breadcrumb"},"inLanguage":"pt-PT","potentialAction":[{"@type":"ReadAction","target":["https:\/\/www.colorflyprinting.com\/product\/customized-design-notebooks-school-supplies-french-line-notebook-school-exercise-book\/"]}]},{"@type":"ImageObject","inLanguage":"pt-PT","@id":"https:\/\/www.colorflyprinting.com\/product\/customized-design-notebooks-school-supplies-french-line-notebook-school-exercise-book\/#primaryimage","url":"https:\/\/www.colorflyprinting.com\/wp-content\/uploads\/2025\/04\/1e8adc1423bf5432d684c396000e42a9_medium-1.jpg","contentUrl":"https:\/\/www.colorflyprinting.com\/wp-content\/uploads\/2025\/04\/1e8adc1423bf5432d684c396000e42a9_medium-1.jpg","width":550,"height":550},{"@type":"BreadcrumbList","@id":"https:\/\/www.colorflyprinting.com\/product\/customized-design-notebooks-school-supplies-french-line-notebook-school-exercise-book\/#breadcrumb","itemListElement":[{"@type":"ListItem","position":1,"name":"Home","item":"https:\/\/www.colorflyprinting.com\/"},{"@type":"ListItem","position":2,"name":"Product","item":"https:\/\/www.colorflyprinting.com\/shop\/"},{"@type":"ListItem","position":3,"name":"Customized Design Notebooks School Supplies French Line Notebook School Exercise Book"}]},{"@type":"WebSite","@id":"https:\/\/www.colorflyprinting.com\/#website","url":"https:\/\/www.colorflyprinting.com\/","name":"Hefei Colorfly Stationery Co.,Ltd.","description":"","publisher":{"@id":"https:\/\/www.colorflyprinting.com\/#organization"},"potentialAction":[{"@type":"SearchAction","target":{"@type":"EntryPoint","urlTemplate":"https:\/\/www.colorflyprinting.com\/?s={search_term_string}"},"query-input":{"@type":"PropertyValueSpecification","valueRequired":true,"valueName":"search_term_string"}}],"inLanguage":"pt-PT"},{"@type":"Organization","@id":"https:\/\/www.colorflyprinting.com\/#organization","name":"Hefei Colorfly Stationery Co.,Ltd.","url":"https:\/\/www.colorflyprinting.com\/","logo":{"@type":"ImageObject","inLanguage":"pt-PT","@id":"https:\/\/www.colorflyprinting.com\/#\/schema\/logo\/image\/","url":"https:\/\/www.colorflyprinting.com\/wp-content\/uploads\/2025\/04\/d167665f943610681229e2f4307b9df.jpg","contentUrl":"https:\/\/www.colorflyprinting.com\/wp-content\/uploads\/2025\/04\/d167665f943610681229e2f4307b9df.jpg","width":780,"height":780,"caption":"Hefei Colorfly Stationery Co.,Ltd."},"image":{"@id":"https:\/\/www.colorflyprinting.com\/#\/schema\/logo\/image\/"}}]}},"_links":{"self":[{"href":"https:\/\/www.colorflyprinting.com\/pt\/wp-json\/wp\/v2\/product\/11424","targetHints":{"allow":["GET"]}}],"collection":[{"href":"https:\/\/www.colorflyprinting.com\/pt\/wp-json\/wp\/v2\/product"}],"about":[{"href":"https:\/\/www.colorflyprinting.com\/pt\/wp-json\/wp\/v2\/types\/product"}],"replies":[{"embeddable":true,"href":"https:\/\/www.colorflyprinting.com\/pt\/wp-json\/wp\/v2\/comments?post=11424"}],"wp:featuredmedia":[{"embeddable":true,"href":"https:\/\/www.colorflyprinting.com\/pt\/wp-json\/wp\/v2\/media\/11477"}],"wp:attachment":[{"href":"https:\/\/www.colorflyprinting.com\/pt\/wp-json\/wp\/v2\/media?parent=11424"}],"wp:term":[{"taxonomy":"product_brand","embeddable":true,"href":"https:\/\/www.colorflyprinting.com\/pt\/wp-json\/wp\/v2\/product_brand?post=11424"},{"taxonomy":"product_cat","embeddable":true,"href":"https:\/\/www.colorflyprinting.com\/pt\/wp-json\/wp\/v2\/product_cat?post=11424"},{"taxonomy":"product_tag","embeddable":true,"href":"https:\/\/www.colorflyprinting.com\/pt\/wp-json\/wp\/v2\/product_tag?post=11424"}],"curies":[{"name":"wp","href":"https:\/\/api.w.org\/{rel}","templated":true}]}}