{"id":11386,"date":"2025-04-22T01:22:09","date_gmt":"2025-04-22T01:22:09","guid":{"rendered":"https:\/\/www.colorflyprinting.com\/?post_type=product&#038;p=11386"},"modified":"2025-04-22T01:22:45","modified_gmt":"2025-04-22T01:22:45","slug":"3x5-spiral-notebooks-in-bulk","status":"publish","type":"product","link":"https:\/\/www.colorflyprinting.com\/pt\/produto\/cadernos-espirais-3x5-em-atacado\/","title":{"rendered":"Cadernos espirais 3\u00d75 em atacado"},"content":{"rendered":"<div class=\"text\">\n<div>\n<div class=\"table-responsive\">\n<table border=\"1\">\n<tbody>\n<tr>\n<td>\n<p>\n\t\t\t\t\t\tNome do produto\n\t\t\t\t\t<\/p>\n<\/td>\n<td>\n<p>\n\t\t\t\t\t\tMini caderno de arame em atacado\n\t\t\t\t\t<\/p>\n<\/td>\n<\/tr>\n<tr>\n<td>\n<p>\n\t\t\t\t\t\tFolha (p\u00e1gina)\n\t\t\t\t\t<\/p>\n<\/td>\n<td>\n<p>\n\t\t\t\t\t\t50 folhas = 100 p\u00e1ginas (1 folha = 2 p\u00e1ginas)\n\t\t\t\t\t<\/p>\n<\/td>\n<\/tr>\n<tr>\n<td>\n<p>\n\t\t\t\t\t\tTamanho\n\t\t\t\t\t<\/p>\n<\/td>\n<td>\n<p>\n\t\t\t\t\t\t5 pol x 3 pol ??12,7 cm x 7,6 cm??\n\t\t\t\t\t<\/p>\n<\/td>\n<\/tr>\n<tr>\n<td>\n<p>\n\t\t\t\t\t\tCobrir\n\t\t\t\t\t<\/p>\n<\/td>\n<td>\n<p>\n\t\t\t\t\t\tCart\u00e3o cinza; design personalizado dispon\u00edvel\n\t\t\t\t\t<\/p>\n<\/td>\n<\/tr>\n<tr>\n<td>\n<p>\n\t\t\t\t\t\tVinculativo\n\t\t\t\t\t<\/p>\n<\/td>\n<td>\n<p>\n\t\t\t\t\t\tWire-o bound\n\t\t\t\t\t<\/p>\n<\/td>\n<\/tr>\n<tr>\n<td>\n<p>\n\t\t\t\t\t\tImpress\u00e3o interna\n\t\t\t\t\t<\/p>\n<\/td>\n<td>\n<p>\n\t\t\t\t\t\tRegras estreitas\n\t\t\t\t\t<\/p>\n<\/td>\n<\/tr>\n<tr>\n<td>\n<p>\n\t\t\t\t\t\tPapel Interno GSM&nbsp; &nbsp; &nbsp; &nbsp; &nbsp; &nbsp; &nbsp; &nbsp; &nbsp;\n\t\t\t\t\t<\/p>\n<\/td>\n<td>\n<p>\n\t\t\t\t\t\t55-60 g\/m\u00b2\n\t\t\t\t\t<\/p>\n<\/td>\n<\/tr>\n<tr>\n<td>\n<p>\n\t\t\t\t\t\tUso\n\t\t\t\t\t<\/p>\n<\/td>\n<td>\n<p>\n\t\t\t\t\t\tEscola \/ Escrit\u00f3rio \/ etc\n\t\t\t\t\t<\/p>\n<\/td>\n<\/tr>\n<tr>\n<td>\n<p>\n\t\t\t\t\t\tEmbalagem\n\t\t\t\t\t<\/p>\n<\/td>\n<td>\n<p>\n\t\t\t\t\t\t24 pe\u00e7as\/encolhimento, 24 encolhimento\/ctn ou conforme solicita\u00e7\u00e3o\n\t\t\t\t\t<\/p>\n<\/td>\n<\/tr>\n<tr>\n<td>\n<p>\n\t\t\t\t\t\tPre\u00e7o&nbsp;\n\t\t\t\t\t<\/p>\n<\/td>\n<td>\n<p>\n\t\t\t\t\t\tO bom pre\u00e7o ser\u00e1 atualizado ap\u00f3s o recebimento de sua consulta detalhada&nbsp; &nbsp; &nbsp; &nbsp; &nbsp; &nbsp; &nbsp; &nbsp; &nbsp;&nbsp;\n\t\t\t\t\t<\/p>\n<\/td>\n<\/tr>\n<\/tbody>\n<\/table>\n<\/div>\n<\/div>\n<p>\n\t\n<\/p>\n<h3>\n<\/h3>\n<h3>\n\tTamanhos de cadernos espirais classificados da seguinte forma:<br \/>\n<\/h3>\n<p>\n\tCaderno espiral 3\u00d75\n<\/p>\n<p>\n\tCaderno espiral 4\u00d76\n<\/p>\n<p>\n\tcaderno espiral 5\u00d77\n<\/p>\n<p>\n\tcaderno espiral 5\u00d78\n<\/p>\n<p>\n\tcaderno espiral 9\u00d76\n<\/p>\n<p>\n\tcaderno espiral a7\n<\/p>\n<p>\n\tcaderno espiral a6\n<\/p>\n<p>\n\t\n<\/p>\n<p>\n\tNossas vantagens ??\n<\/p>\n<p>\n\tVoc\u00ea pode desfrutar de um servi\u00e7o personalizado;\n<\/p>\n<p>\n\tVoc\u00ea pode obter benef\u00edcios ao fazer o pedido;\n<\/p>\n<p>\n\t<span style=\"white-space:normal;\">Voc\u00ea pode aproveitar a entrega r\u00e1pida de mercadorias;<\/span>\n<\/p>\n<p>\n\tVoc\u00ea recebe o que paga, voc\u00ea merece boa qualidade.\n<\/p>\n<p>\n\t\n<\/p>\n<p>\n\t\n<\/p>\n<p>\n\t\n<\/p>\n<h3>\n\t<br \/>\n<\/h3>\n<p>\n\t\n<\/p>\n<p>\n\t\n<\/p>\n<\/p><\/div>","protected":false},"excerpt":{"rendered":"<p>Cadernos espirais de 100 p\u00e1ginas, pequenos, encaderna\u00e7\u00e3o espiral \u00fanica com pautas estreitas<\/p>\n<ul class=\"ptab-list clearfix\">\n<li>\n<p>Marca:<\/p>\n<p><span>Colorfly<\/span><\/li>\n<li>\n<p>N\u00ba do item:<\/p>\n<p><span>CY-SN014<\/span><\/li>\n<li>\n<p>Porto de embarque:<\/p>\n<p><span>Xangai<\/span><\/li>\n<li>\n<p>Tipo: <\/p>\n<p> <span>Caderno espiral<\/span><\/li>\n<li>\n<p>Tamanho: <\/p>\n<p> <span>5 pol x 3 pol ??12,7 cm x 7,6 cm??<\/span><\/li>\n<li>\n<p>Vinculativo: <\/p>\n<p> <span>Encaderna\u00e7\u00e3o em espiral<\/span><\/li>\n<li>\n<p>N\u00famero de p\u00e1ginas: <\/p>\n<p> <span>50 folhas<\/span><\/li>\n<li>\n<p>Impress\u00e3o interna: <\/p>\n<p> <span>Governante estreito<\/span><\/li>\n<li>\n<p>Impress\u00e3o da capa: <\/p>\n<p> <span>Impress\u00e3o em cores<\/span><\/li>\n<\/ul>","protected":false},"featured_media":11443,"comment_status":"open","ping_status":"closed","template":"","meta":[],"product_brand":[],"product_cat":[392],"product_tag":[403,402,404],"class_list":{"0":"post-11386","1":"product","2":"type-product","3":"status-publish","4":"has-post-thumbnail","6":"product_cat-spiral-notebook","7":"product_tag-3x5-spiral-notebook","8":"product_tag-3x5-spiral-notebooks-in-bulk","9":"product_tag-tiny-spiral-notebooks","11":"first","12":"instock","13":"shipping-taxable","14":"product-type-simple"},"yoast_head":"<!-- This site is optimized with the Yoast SEO Premium plugin v23.9 (Yoast SEO v25.2) - https:\/\/yoast.com\/wordpress\/plugins\/seo\/ -->\n<title>3x5 Spiral Notebooks In Bulk - colorflyprinting<\/title>\n<meta name=\"robots\" content=\"index, follow, max-snippet:-1, max-image-preview:large, max-video-preview:-1\" \/>\n<link rel=\"canonical\" href=\"https:\/\/www.colorflyprinting.com\/pt\/produto\/cadernos-espirais-3x5-em-atacado\/\" \/>\n<meta property=\"og:locale\" content=\"pt_PT\" \/>\n<meta property=\"og:type\" content=\"article\" \/>\n<meta property=\"og:title\" content=\"3x5 Spiral Notebooks In Bulk\" \/>\n<meta property=\"og:description\" content=\"100 page good spiral notebooks tiny single spiral binding with narrow ruled                                                    Brand:Colorfly                                                   Item NO.:CY-SN014                                                   Shipping Port:Shanghai                                                                                                                                                                                  Type: Spiral notebook                                 Size: 5in x 3in ??12.7cm x 7.6cm??                                 Binding: Spiral binding                                 Number of pages: 50 sheets                                 Inner printing: Narrow ruled                                 Cover printing: Full color printing\" \/>\n<meta property=\"og:url\" content=\"https:\/\/www.colorflyprinting.com\/pt\/produto\/cadernos-espirais-3x5-em-atacado\/\" \/>\n<meta property=\"og:site_name\" content=\"colorflyprinting\" \/>\n<meta property=\"article:modified_time\" content=\"2025-04-22T01:22:45+00:00\" \/>\n<meta name=\"twitter:card\" content=\"summary_large_image\" \/>\n<meta name=\"twitter:label1\" content=\"Tempo estimado de leitura\" \/>\n\t<meta name=\"twitter:data1\" content=\"1 minuto\" \/>\n<script type=\"application\/ld+json\" class=\"yoast-schema-graph\">{\"@context\":\"https:\/\/schema.org\",\"@graph\":[{\"@type\":\"WebPage\",\"@id\":\"https:\/\/www.colorflyprinting.com\/product\/3x5-spiral-notebooks-in-bulk\/\",\"url\":\"https:\/\/www.colorflyprinting.com\/product\/3x5-spiral-notebooks-in-bulk\/\",\"name\":\"3x5 Spiral Notebooks In Bulk - colorflyprinting\",\"isPartOf\":{\"@id\":\"https:\/\/www.colorflyprinting.com\/#website\"},\"primaryImageOfPage\":{\"@id\":\"https:\/\/www.colorflyprinting.com\/product\/3x5-spiral-notebooks-in-bulk\/#primaryimage\"},\"image\":{\"@id\":\"https:\/\/www.colorflyprinting.com\/product\/3x5-spiral-notebooks-in-bulk\/#primaryimage\"},\"thumbnailUrl\":\"https:\/\/www.colorflyprinting.com\/wp-content\/uploads\/2025\/04\/197d65d31dd756a1ecd3cc908391fbf4_medium-1.jpg\",\"datePublished\":\"2025-04-22T01:22:09+00:00\",\"dateModified\":\"2025-04-22T01:22:45+00:00\",\"breadcrumb\":{\"@id\":\"https:\/\/www.colorflyprinting.com\/product\/3x5-spiral-notebooks-in-bulk\/#breadcrumb\"},\"inLanguage\":\"pt-PT\",\"potentialAction\":[{\"@type\":\"ReadAction\",\"target\":[\"https:\/\/www.colorflyprinting.com\/product\/3x5-spiral-notebooks-in-bulk\/\"]}]},{\"@type\":\"ImageObject\",\"inLanguage\":\"pt-PT\",\"@id\":\"https:\/\/www.colorflyprinting.com\/product\/3x5-spiral-notebooks-in-bulk\/#primaryimage\",\"url\":\"https:\/\/www.colorflyprinting.com\/wp-content\/uploads\/2025\/04\/197d65d31dd756a1ecd3cc908391fbf4_medium-1.jpg\",\"contentUrl\":\"https:\/\/www.colorflyprinting.com\/wp-content\/uploads\/2025\/04\/197d65d31dd756a1ecd3cc908391fbf4_medium-1.jpg\",\"width\":550,\"height\":550},{\"@type\":\"BreadcrumbList\",\"@id\":\"https:\/\/www.colorflyprinting.com\/product\/3x5-spiral-notebooks-in-bulk\/#breadcrumb\",\"itemListElement\":[{\"@type\":\"ListItem\",\"position\":1,\"name\":\"Home\",\"item\":\"https:\/\/www.colorflyprinting.com\/\"},{\"@type\":\"ListItem\",\"position\":2,\"name\":\"Product\",\"item\":\"https:\/\/www.colorflyprinting.com\/shop\/\"},{\"@type\":\"ListItem\",\"position\":3,\"name\":\"3&#215;5 Spiral Notebooks In Bulk\"}]},{\"@type\":\"WebSite\",\"@id\":\"https:\/\/www.colorflyprinting.com\/#website\",\"url\":\"https:\/\/www.colorflyprinting.com\/\",\"name\":\"Hefei Colorfly Stationery Co.,Ltd.\",\"description\":\"\",\"publisher\":{\"@id\":\"https:\/\/www.colorflyprinting.com\/#organization\"},\"potentialAction\":[{\"@type\":\"SearchAction\",\"target\":{\"@type\":\"EntryPoint\",\"urlTemplate\":\"https:\/\/www.colorflyprinting.com\/?s={search_term_string}\"},\"query-input\":{\"@type\":\"PropertyValueSpecification\",\"valueRequired\":true,\"valueName\":\"search_term_string\"}}],\"inLanguage\":\"pt-PT\"},{\"@type\":\"Organization\",\"@id\":\"https:\/\/www.colorflyprinting.com\/#organization\",\"name\":\"Hefei Colorfly Stationery Co.,Ltd.\",\"url\":\"https:\/\/www.colorflyprinting.com\/\",\"logo\":{\"@type\":\"ImageObject\",\"inLanguage\":\"pt-PT\",\"@id\":\"https:\/\/www.colorflyprinting.com\/#\/schema\/logo\/image\/\",\"url\":\"https:\/\/www.colorflyprinting.com\/wp-content\/uploads\/2025\/04\/d167665f943610681229e2f4307b9df.jpg\",\"contentUrl\":\"https:\/\/www.colorflyprinting.com\/wp-content\/uploads\/2025\/04\/d167665f943610681229e2f4307b9df.jpg\",\"width\":780,\"height\":780,\"caption\":\"Hefei Colorfly Stationery Co.,Ltd.\"},\"image\":{\"@id\":\"https:\/\/www.colorflyprinting.com\/#\/schema\/logo\/image\/\"}}]}<\/script>\n<!-- \/ Yoast SEO Premium plugin. -->","yoast_head_json":{"title":"3x5 Spiral Notebooks In Bulk - colorflyprinting","robots":{"index":"index","follow":"follow","max-snippet":"max-snippet:-1","max-image-preview":"max-image-preview:large","max-video-preview":"max-video-preview:-1"},"canonical":"https:\/\/www.colorflyprinting.com\/pt\/produto\/cadernos-espirais-3x5-em-atacado\/","og_locale":"pt_PT","og_type":"article","og_title":"3x5 Spiral Notebooks In Bulk","og_description":"100 page good spiral notebooks tiny single spiral binding with narrow ruled                                                    Brand:Colorfly                                                   Item NO.:CY-SN014                                                   Shipping Port:Shanghai                                                                                                                                                                                  Type: Spiral notebook                                 Size: 5in x 3in ??12.7cm x 7.6cm??                                 Binding: Spiral binding                                 Number of pages: 50 sheets                                 Inner printing: Narrow ruled                                 Cover printing: Full color printing","og_url":"https:\/\/www.colorflyprinting.com\/pt\/produto\/cadernos-espirais-3x5-em-atacado\/","og_site_name":"colorflyprinting","article_modified_time":"2025-04-22T01:22:45+00:00","twitter_card":"summary_large_image","twitter_misc":{"Tempo estimado de leitura":"1 minuto"},"schema":{"@context":"https:\/\/schema.org","@graph":[{"@type":"WebPage","@id":"https:\/\/www.colorflyprinting.com\/product\/3x5-spiral-notebooks-in-bulk\/","url":"https:\/\/www.colorflyprinting.com\/product\/3x5-spiral-notebooks-in-bulk\/","name":"3x5 Spiral Notebooks In Bulk - colorflyprinting","isPartOf":{"@id":"https:\/\/www.colorflyprinting.com\/#website"},"primaryImageOfPage":{"@id":"https:\/\/www.colorflyprinting.com\/product\/3x5-spiral-notebooks-in-bulk\/#primaryimage"},"image":{"@id":"https:\/\/www.colorflyprinting.com\/product\/3x5-spiral-notebooks-in-bulk\/#primaryimage"},"thumbnailUrl":"https:\/\/www.colorflyprinting.com\/wp-content\/uploads\/2025\/04\/197d65d31dd756a1ecd3cc908391fbf4_medium-1.jpg","datePublished":"2025-04-22T01:22:09+00:00","dateModified":"2025-04-22T01:22:45+00:00","breadcrumb":{"@id":"https:\/\/www.colorflyprinting.com\/product\/3x5-spiral-notebooks-in-bulk\/#breadcrumb"},"inLanguage":"pt-PT","potentialAction":[{"@type":"ReadAction","target":["https:\/\/www.colorflyprinting.com\/product\/3x5-spiral-notebooks-in-bulk\/"]}]},{"@type":"ImageObject","inLanguage":"pt-PT","@id":"https:\/\/www.colorflyprinting.com\/product\/3x5-spiral-notebooks-in-bulk\/#primaryimage","url":"https:\/\/www.colorflyprinting.com\/wp-content\/uploads\/2025\/04\/197d65d31dd756a1ecd3cc908391fbf4_medium-1.jpg","contentUrl":"https:\/\/www.colorflyprinting.com\/wp-content\/uploads\/2025\/04\/197d65d31dd756a1ecd3cc908391fbf4_medium-1.jpg","width":550,"height":550},{"@type":"BreadcrumbList","@id":"https:\/\/www.colorflyprinting.com\/product\/3x5-spiral-notebooks-in-bulk\/#breadcrumb","itemListElement":[{"@type":"ListItem","position":1,"name":"Home","item":"https:\/\/www.colorflyprinting.com\/"},{"@type":"ListItem","position":2,"name":"Product","item":"https:\/\/www.colorflyprinting.com\/shop\/"},{"@type":"ListItem","position":3,"name":"3&#215;5 Spiral Notebooks In Bulk"}]},{"@type":"WebSite","@id":"https:\/\/www.colorflyprinting.com\/#website","url":"https:\/\/www.colorflyprinting.com\/","name":"Hefei Colorfly Stationery Co.,Ltd.","description":"","publisher":{"@id":"https:\/\/www.colorflyprinting.com\/#organization"},"potentialAction":[{"@type":"SearchAction","target":{"@type":"EntryPoint","urlTemplate":"https:\/\/www.colorflyprinting.com\/?s={search_term_string}"},"query-input":{"@type":"PropertyValueSpecification","valueRequired":true,"valueName":"search_term_string"}}],"inLanguage":"pt-PT"},{"@type":"Organization","@id":"https:\/\/www.colorflyprinting.com\/#organization","name":"Hefei Colorfly Stationery Co.,Ltd.","url":"https:\/\/www.colorflyprinting.com\/","logo":{"@type":"ImageObject","inLanguage":"pt-PT","@id":"https:\/\/www.colorflyprinting.com\/#\/schema\/logo\/image\/","url":"https:\/\/www.colorflyprinting.com\/wp-content\/uploads\/2025\/04\/d167665f943610681229e2f4307b9df.jpg","contentUrl":"https:\/\/www.colorflyprinting.com\/wp-content\/uploads\/2025\/04\/d167665f943610681229e2f4307b9df.jpg","width":780,"height":780,"caption":"Hefei Colorfly Stationery Co.,Ltd."},"image":{"@id":"https:\/\/www.colorflyprinting.com\/#\/schema\/logo\/image\/"}}]}},"_links":{"self":[{"href":"https:\/\/www.colorflyprinting.com\/pt\/wp-json\/wp\/v2\/product\/11386","targetHints":{"allow":["GET"]}}],"collection":[{"href":"https:\/\/www.colorflyprinting.com\/pt\/wp-json\/wp\/v2\/product"}],"about":[{"href":"https:\/\/www.colorflyprinting.com\/pt\/wp-json\/wp\/v2\/types\/product"}],"replies":[{"embeddable":true,"href":"https:\/\/www.colorflyprinting.com\/pt\/wp-json\/wp\/v2\/comments?post=11386"}],"wp:featuredmedia":[{"embeddable":true,"href":"https:\/\/www.colorflyprinting.com\/pt\/wp-json\/wp\/v2\/media\/11443"}],"wp:attachment":[{"href":"https:\/\/www.colorflyprinting.com\/pt\/wp-json\/wp\/v2\/media?parent=11386"}],"wp:term":[{"taxonomy":"product_brand","embeddable":true,"href":"https:\/\/www.colorflyprinting.com\/pt\/wp-json\/wp\/v2\/product_brand?post=11386"},{"taxonomy":"product_cat","embeddable":true,"href":"https:\/\/www.colorflyprinting.com\/pt\/wp-json\/wp\/v2\/product_cat?post=11386"},{"taxonomy":"product_tag","embeddable":true,"href":"https:\/\/www.colorflyprinting.com\/pt\/wp-json\/wp\/v2\/product_tag?post=11386"}],"curies":[{"name":"wp","href":"https:\/\/api.w.org\/{rel}","templated":true}]}}