{"id":11374,"date":"2025-04-22T01:22:08","date_gmt":"2025-04-22T01:22:08","guid":{"rendered":"https:\/\/www.colorflyprinting.com\/?post_type=product&#038;p=11374"},"modified":"2025-12-02T06:07:18","modified_gmt":"2025-12-02T06:07:18","slug":"wholesale-composition-notebook-for-elementary-school","status":"publish","type":"product","link":"https:\/\/www.colorflyprinting.com\/pt\/produto\/caderno-de-composicao-por-atacado-para-o-ensino-fundamental\/","title":{"rendered":"Caderno de composi\u00e7\u00e3o por atacado para o ensino fundamental"},"content":{"rendered":"<div class=\"text\">\n<div style=\"text-indent:2em;\">\n<div>\n<div class=\"table-responsive\">\n<table border=\"1\">\n<tbody>\n<tr>\n<td>\n<p>\n\t\t\t\t\t\t\tNome do produto\n\t\t\t\t\t\t<\/p>\n<\/td>\n<td>\n<p>\n\t\t\t\t\t\t\tCaderno de composi\u00e7\u00e3o preto e branco 144 p\u00e1ginas\n\t\t\t\t\t\t<\/p>\n<\/td>\n<\/tr>\n<tr>\n<td>\n<p>\n\t\t\t\t\t\t\tFolha (p\u00e1gina)\n\t\t\t\t\t\t<\/p>\n<\/td>\n<td>\n<p>\n\t\t\t\t\t\t\t72 folhas = 144 p\u00e1ginas (1 folha = 2 p\u00e1ginas)\n\t\t\t\t\t\t<\/p>\n<\/td>\n<\/tr>\n<tr>\n<td>\n<p>\n\t\t\t\t\t\t\tTamanho\n\t\t\t\t\t\t<\/p>\n<\/td>\n<td>\n<p>\n\t\t\t\t\t\t\t9,75\u00d77,5 polegadas (19\u00d724,7 cm)\n\t\t\t\t\t\t<\/p>\n<\/td>\n<\/tr>\n<tr>\n<td>\n<p>\n\t\t\t\t\t\t\tCobrir\n\t\t\t\t\t\t<\/p>\n<\/td>\n<td>\n<p>\n\t\t\t\t\t\t\tPlaca de marfim 210g; design personalizado dispon\u00edvel\n\t\t\t\t\t\t<\/p>\n<\/td>\n<\/tr>\n<tr>\n<td>\n<p>\n\t\t\t\t\t\t\tVinculativo\n\t\t\t\t\t\t<\/p>\n<\/td>\n<td>\n<p>\n\t\t\t\t\t\t\tEncaderna\u00e7\u00e3o com grampos\n\t\t\t\t\t\t<\/p>\n<\/td>\n<\/tr>\n<tr>\n<td>\n<p>\n\t\t\t\t\t\t\tImpress\u00e3o interna\n\t\t\t\t\t\t<\/p>\n<\/td>\n<td>\n<p>\n\t\t\t\t\t\t\tFrech governou\n\t\t\t\t\t\t<\/p>\n<\/td>\n<\/tr>\n<tr>\n<td>\n<p>\n\t\t\t\t\t\t\tPapel Interno GSM&nbsp; &nbsp; &nbsp; &nbsp; &nbsp; &nbsp; &nbsp; &nbsp; &nbsp;\n\t\t\t\t\t\t<\/p>\n<\/td>\n<td>\n<p>\n\t\t\t\t\t\t\t50 g\/m\u00b2\n\t\t\t\t\t\t<\/p>\n<\/td>\n<\/tr>\n<tr>\n<td>\n<p>\n\t\t\t\t\t\t\tUso\n\t\t\t\t\t\t<\/p>\n<\/td>\n<td>\n<p>\n\t\t\t\t\t\t\tEscola \/ Escrit\u00f3rio \/ etc\n\t\t\t\t\t\t<\/p>\n<\/td>\n<\/tr>\n<tr>\n<td>\n<p>\n\t\t\t\t\t\t\tEmbalagem\n\t\t\t\t\t\t<\/p>\n<\/td>\n<td>\n<p>\n\t\t\t\t\t\t\t5 pe\u00e7as\/encolhimento, 100 pe\u00e7as\/caixa\n\t\t\t\t\t\t<\/p>\n<\/td>\n<\/tr>\n<tr>\n<td>\n<p>\n\t\t\t\t\t\t\tPre\u00e7o&nbsp;\n\t\t\t\t\t\t<\/p>\n<\/td>\n<td>\n<p>\n\t\t\t\t\t\t\tO bom pre\u00e7o ser\u00e1 atualizado ap\u00f3s o recebimento de sua consulta detalhada&nbsp; &nbsp; &nbsp; &nbsp; &nbsp; &nbsp; &nbsp; &nbsp; &nbsp; &nbsp; &nbsp;\n\t\t\t\t\t\t<\/p>\n<\/td>\n<\/tr>\n<\/tbody>\n<\/table>\n<\/div><\/div>\n<\/div>\n<p style=\"text-indent:2em;\">\n\t\n<\/p>\n<p style=\"text-indent:2em;\">\n\tCapa para caderno de composi\u00e7\u00e3o: capa geom\u00e9trica, estilo moderno etc.\n<\/p>\n<p style=\"text-indent:2em;\">\n\tCor da capa: azul e branco\n<\/p>\n<p style=\"text-indent:2em;\">\n\tDiferentes designs e cores dispon\u00edveis mediante solicita\u00e7\u00e3o\n<\/p>\n<p style=\"text-indent:2em;\">\n\t\n<\/p>\n<p style=\"text-indent:2em;\">\n\tEncaderna\u00e7\u00e3o: Encaderna\u00e7\u00e3o com grampos (costurada na sela)\n<\/p>\n<p style=\"text-indent:2em;\">\n\tOutras encaderna\u00e7\u00f5es: encaderna\u00e7\u00e3o em espiral \/ costura + encaderna\u00e7\u00e3o em fita, etc.\n<\/p>\n<p style=\"text-indent:2em;\">\n\t\n<\/p>\n<p style=\"text-indent:2em;\">\n\tImpress\u00e3o interna: linha francesa\n<\/p>\n<p style=\"text-indent:2em;\">\n\tCor da linha ?? azul escuro + vermelho, roxo claro + vermelho, azul, cinza + vermelho etc.\n<\/p>\n<p style=\"text-indent:2em;\">\n\tEspessura e altura da linha conforme solicita\u00e7\u00e3o.\n<\/p>\n<p style=\"text-indent:2em;\">\n\t<img decoding=\"async\" src=\"\/js\/htmledit\/kindeditor\/attached\/20190624\/20190624180601_76670.jpg\" alt=\"\">\n<\/p>\n<p style=\"text-indent:2em;\">\n\t\n<\/p>\n<p style=\"text-indent:2em;\">\n\t\n<\/p>\n<\/p><\/div>","protected":false},"excerpt":{"rendered":"<p>Cadernos de composi\u00e7\u00e3o com bom desconto para escola 19\u00d724,7cm 144 p\u00e1ginas<\/p>\n<ul class=\"ptab-list clearfix\">\n<li>\n<p>N\u00ba do item:<\/p>\n<p><span>CY-CN009<\/span><\/li>\n<li>\n<p>Porto de embarque:<\/p>\n<p><span>Xangai<\/span><\/li>\n<li>\n<p>Tipo: <\/p>\n<p> <span>Caderno de Composi\u00e7\u00e3o<\/span><\/li>\n<li>\n<p>Tamanho: <\/p>\n<p> <span>19\u00d724,7 cm<\/span><\/li>\n<li>\n<p>Vinculativo: <\/p>\n<p> <span>Encaderna\u00e7\u00e3o com grampos<\/span><\/li>\n<li>\n<p>N\u00famero de p\u00e1ginas: <\/p>\n<p> <span>144 p\u00e1ginas<\/span><\/li>\n<li>\n<p>Impress\u00e3o interna: <\/p>\n<p> <span>linha francesa<\/span><\/li>\n<li>\n<p>Impress\u00e3o da capa: <\/p>\n<p> <span>4 cores pintando<\/span><\/li>\n<\/ul>","protected":false},"featured_media":11413,"comment_status":"open","ping_status":"closed","template":"","meta":[],"product_brand":[],"product_cat":[449],"product_tag":[367,368,369],"class_list":{"0":"post-11374","1":"product","2":"type-product","3":"status-publish","4":"has-post-thumbnail","6":"product_cat-hardcover-notebook","7":"product_tag-composition-notebook-for-elementary-school","8":"product_tag-composition-notebook-for-school","9":"product_tag-discount-composition-notebooks","11":"first","12":"instock","13":"featured","14":"shipping-taxable","15":"product-type-simple"},"yoast_head":"<!-- This site is optimized with the Yoast SEO Premium plugin v23.9 (Yoast SEO v25.2) - https:\/\/yoast.com\/wordpress\/plugins\/seo\/ -->\n<title>Wholesale Composition Notebook For Elementary School - colorflyprinting<\/title>\n<meta name=\"robots\" content=\"index, follow, max-snippet:-1, max-image-preview:large, max-video-preview:-1\" \/>\n<link rel=\"canonical\" href=\"https:\/\/www.colorflyprinting.com\/pt\/produto\/caderno-de-composicao-por-atacado-para-o-ensino-fundamental\/\" \/>\n<meta property=\"og:locale\" content=\"pt_PT\" \/>\n<meta property=\"og:type\" content=\"article\" \/>\n<meta property=\"og:title\" content=\"Wholesale Composition Notebook For Elementary School\" \/>\n<meta property=\"og:description\" content=\"Good discount composition notebooks for school 19x24.7cm 144 pages                                                                    Item NO.:CY-CN009                                                   Shipping Port:Shanghai                                                                                                                                                                                  Type: Composition Notebook                                 Size: 19x24.7cm                                 Binding: Staple binding                                 Number of pages: 144 pages                                 Inner printing: French line                                 Cover printing: 4 colors pinting\" \/>\n<meta property=\"og:url\" content=\"https:\/\/www.colorflyprinting.com\/pt\/produto\/caderno-de-composicao-por-atacado-para-o-ensino-fundamental\/\" \/>\n<meta property=\"og:site_name\" content=\"colorflyprinting\" \/>\n<meta property=\"article:modified_time\" content=\"2025-12-02T06:07:18+00:00\" \/>\n<meta property=\"og:image\" content=\"https:\/\/www.colorflyprinting.com\/wp-content\/uploads\/2025\/04\/dbf00812f176a30318eeea078a7dbaa1_medium-1.jpg\" \/>\n\t<meta property=\"og:image:width\" content=\"550\" \/>\n\t<meta property=\"og:image:height\" content=\"550\" \/>\n\t<meta property=\"og:image:type\" content=\"image\/jpeg\" \/>\n<meta name=\"twitter:card\" content=\"summary_large_image\" \/>\n<meta name=\"twitter:label1\" content=\"Tempo estimado de leitura\" \/>\n\t<meta name=\"twitter:data1\" content=\"1 minuto\" \/>\n<script type=\"application\/ld+json\" class=\"yoast-schema-graph\">{\"@context\":\"https:\/\/schema.org\",\"@graph\":[{\"@type\":\"WebPage\",\"@id\":\"https:\/\/www.colorflyprinting.com\/product\/wholesale-composition-notebook-for-elementary-school\/\",\"url\":\"https:\/\/www.colorflyprinting.com\/product\/wholesale-composition-notebook-for-elementary-school\/\",\"name\":\"Wholesale Composition Notebook For Elementary School - colorflyprinting\",\"isPartOf\":{\"@id\":\"https:\/\/www.colorflyprinting.com\/#website\"},\"primaryImageOfPage\":{\"@id\":\"https:\/\/www.colorflyprinting.com\/product\/wholesale-composition-notebook-for-elementary-school\/#primaryimage\"},\"image\":{\"@id\":\"https:\/\/www.colorflyprinting.com\/product\/wholesale-composition-notebook-for-elementary-school\/#primaryimage\"},\"thumbnailUrl\":\"https:\/\/www.colorflyprinting.com\/wp-content\/uploads\/2025\/04\/dbf00812f176a30318eeea078a7dbaa1_medium-1.jpg\",\"datePublished\":\"2025-04-22T01:22:08+00:00\",\"dateModified\":\"2025-12-02T06:07:18+00:00\",\"breadcrumb\":{\"@id\":\"https:\/\/www.colorflyprinting.com\/product\/wholesale-composition-notebook-for-elementary-school\/#breadcrumb\"},\"inLanguage\":\"pt-PT\",\"potentialAction\":[{\"@type\":\"ReadAction\",\"target\":[\"https:\/\/www.colorflyprinting.com\/product\/wholesale-composition-notebook-for-elementary-school\/\"]}]},{\"@type\":\"ImageObject\",\"inLanguage\":\"pt-PT\",\"@id\":\"https:\/\/www.colorflyprinting.com\/product\/wholesale-composition-notebook-for-elementary-school\/#primaryimage\",\"url\":\"https:\/\/www.colorflyprinting.com\/wp-content\/uploads\/2025\/04\/dbf00812f176a30318eeea078a7dbaa1_medium-1.jpg\",\"contentUrl\":\"https:\/\/www.colorflyprinting.com\/wp-content\/uploads\/2025\/04\/dbf00812f176a30318eeea078a7dbaa1_medium-1.jpg\",\"width\":550,\"height\":550},{\"@type\":\"BreadcrumbList\",\"@id\":\"https:\/\/www.colorflyprinting.com\/product\/wholesale-composition-notebook-for-elementary-school\/#breadcrumb\",\"itemListElement\":[{\"@type\":\"ListItem\",\"position\":1,\"name\":\"Home\",\"item\":\"https:\/\/www.colorflyprinting.com\/\"},{\"@type\":\"ListItem\",\"position\":2,\"name\":\"Product\",\"item\":\"https:\/\/www.colorflyprinting.com\/shop\/\"},{\"@type\":\"ListItem\",\"position\":3,\"name\":\"Wholesale Composition Notebook For Elementary School\"}]},{\"@type\":\"WebSite\",\"@id\":\"https:\/\/www.colorflyprinting.com\/#website\",\"url\":\"https:\/\/www.colorflyprinting.com\/\",\"name\":\"Hefei Colorfly Stationery Co.,Ltd.\",\"description\":\"\",\"publisher\":{\"@id\":\"https:\/\/www.colorflyprinting.com\/#organization\"},\"potentialAction\":[{\"@type\":\"SearchAction\",\"target\":{\"@type\":\"EntryPoint\",\"urlTemplate\":\"https:\/\/www.colorflyprinting.com\/?s={search_term_string}\"},\"query-input\":{\"@type\":\"PropertyValueSpecification\",\"valueRequired\":true,\"valueName\":\"search_term_string\"}}],\"inLanguage\":\"pt-PT\"},{\"@type\":\"Organization\",\"@id\":\"https:\/\/www.colorflyprinting.com\/#organization\",\"name\":\"Hefei Colorfly Stationery Co.,Ltd.\",\"url\":\"https:\/\/www.colorflyprinting.com\/\",\"logo\":{\"@type\":\"ImageObject\",\"inLanguage\":\"pt-PT\",\"@id\":\"https:\/\/www.colorflyprinting.com\/#\/schema\/logo\/image\/\",\"url\":\"https:\/\/www.colorflyprinting.com\/wp-content\/uploads\/2025\/04\/d167665f943610681229e2f4307b9df.jpg\",\"contentUrl\":\"https:\/\/www.colorflyprinting.com\/wp-content\/uploads\/2025\/04\/d167665f943610681229e2f4307b9df.jpg\",\"width\":780,\"height\":780,\"caption\":\"Hefei Colorfly Stationery Co.,Ltd.\"},\"image\":{\"@id\":\"https:\/\/www.colorflyprinting.com\/#\/schema\/logo\/image\/\"}}]}<\/script>\n<!-- \/ Yoast SEO Premium plugin. -->","yoast_head_json":{"title":"Wholesale Composition Notebook For Elementary School - colorflyprinting","robots":{"index":"index","follow":"follow","max-snippet":"max-snippet:-1","max-image-preview":"max-image-preview:large","max-video-preview":"max-video-preview:-1"},"canonical":"https:\/\/www.colorflyprinting.com\/pt\/produto\/caderno-de-composicao-por-atacado-para-o-ensino-fundamental\/","og_locale":"pt_PT","og_type":"article","og_title":"Wholesale Composition Notebook For Elementary School","og_description":"Good discount composition notebooks for school 19x24.7cm 144 pages                                                                    Item NO.:CY-CN009                                                   Shipping Port:Shanghai                                                                                                                                                                                  Type: Composition Notebook                                 Size: 19x24.7cm                                 Binding: Staple binding                                 Number of pages: 144 pages                                 Inner printing: French line                                 Cover printing: 4 colors pinting","og_url":"https:\/\/www.colorflyprinting.com\/pt\/produto\/caderno-de-composicao-por-atacado-para-o-ensino-fundamental\/","og_site_name":"colorflyprinting","article_modified_time":"2025-12-02T06:07:18+00:00","og_image":[{"width":550,"height":550,"url":"https:\/\/www.colorflyprinting.com\/wp-content\/uploads\/2025\/04\/dbf00812f176a30318eeea078a7dbaa1_medium-1.jpg","type":"image\/jpeg"}],"twitter_card":"summary_large_image","twitter_misc":{"Tempo estimado de leitura":"1 minuto"},"schema":{"@context":"https:\/\/schema.org","@graph":[{"@type":"WebPage","@id":"https:\/\/www.colorflyprinting.com\/product\/wholesale-composition-notebook-for-elementary-school\/","url":"https:\/\/www.colorflyprinting.com\/product\/wholesale-composition-notebook-for-elementary-school\/","name":"Wholesale Composition Notebook For Elementary School - colorflyprinting","isPartOf":{"@id":"https:\/\/www.colorflyprinting.com\/#website"},"primaryImageOfPage":{"@id":"https:\/\/www.colorflyprinting.com\/product\/wholesale-composition-notebook-for-elementary-school\/#primaryimage"},"image":{"@id":"https:\/\/www.colorflyprinting.com\/product\/wholesale-composition-notebook-for-elementary-school\/#primaryimage"},"thumbnailUrl":"https:\/\/www.colorflyprinting.com\/wp-content\/uploads\/2025\/04\/dbf00812f176a30318eeea078a7dbaa1_medium-1.jpg","datePublished":"2025-04-22T01:22:08+00:00","dateModified":"2025-12-02T06:07:18+00:00","breadcrumb":{"@id":"https:\/\/www.colorflyprinting.com\/product\/wholesale-composition-notebook-for-elementary-school\/#breadcrumb"},"inLanguage":"pt-PT","potentialAction":[{"@type":"ReadAction","target":["https:\/\/www.colorflyprinting.com\/product\/wholesale-composition-notebook-for-elementary-school\/"]}]},{"@type":"ImageObject","inLanguage":"pt-PT","@id":"https:\/\/www.colorflyprinting.com\/product\/wholesale-composition-notebook-for-elementary-school\/#primaryimage","url":"https:\/\/www.colorflyprinting.com\/wp-content\/uploads\/2025\/04\/dbf00812f176a30318eeea078a7dbaa1_medium-1.jpg","contentUrl":"https:\/\/www.colorflyprinting.com\/wp-content\/uploads\/2025\/04\/dbf00812f176a30318eeea078a7dbaa1_medium-1.jpg","width":550,"height":550},{"@type":"BreadcrumbList","@id":"https:\/\/www.colorflyprinting.com\/product\/wholesale-composition-notebook-for-elementary-school\/#breadcrumb","itemListElement":[{"@type":"ListItem","position":1,"name":"Home","item":"https:\/\/www.colorflyprinting.com\/"},{"@type":"ListItem","position":2,"name":"Product","item":"https:\/\/www.colorflyprinting.com\/shop\/"},{"@type":"ListItem","position":3,"name":"Wholesale Composition Notebook For Elementary School"}]},{"@type":"WebSite","@id":"https:\/\/www.colorflyprinting.com\/#website","url":"https:\/\/www.colorflyprinting.com\/","name":"Hefei Colorfly Stationery Co.,Ltd.","description":"","publisher":{"@id":"https:\/\/www.colorflyprinting.com\/#organization"},"potentialAction":[{"@type":"SearchAction","target":{"@type":"EntryPoint","urlTemplate":"https:\/\/www.colorflyprinting.com\/?s={search_term_string}"},"query-input":{"@type":"PropertyValueSpecification","valueRequired":true,"valueName":"search_term_string"}}],"inLanguage":"pt-PT"},{"@type":"Organization","@id":"https:\/\/www.colorflyprinting.com\/#organization","name":"Hefei Colorfly Stationery Co.,Ltd.","url":"https:\/\/www.colorflyprinting.com\/","logo":{"@type":"ImageObject","inLanguage":"pt-PT","@id":"https:\/\/www.colorflyprinting.com\/#\/schema\/logo\/image\/","url":"https:\/\/www.colorflyprinting.com\/wp-content\/uploads\/2025\/04\/d167665f943610681229e2f4307b9df.jpg","contentUrl":"https:\/\/www.colorflyprinting.com\/wp-content\/uploads\/2025\/04\/d167665f943610681229e2f4307b9df.jpg","width":780,"height":780,"caption":"Hefei Colorfly Stationery Co.,Ltd."},"image":{"@id":"https:\/\/www.colorflyprinting.com\/#\/schema\/logo\/image\/"}}]}},"_links":{"self":[{"href":"https:\/\/www.colorflyprinting.com\/pt\/wp-json\/wp\/v2\/product\/11374","targetHints":{"allow":["GET"]}}],"collection":[{"href":"https:\/\/www.colorflyprinting.com\/pt\/wp-json\/wp\/v2\/product"}],"about":[{"href":"https:\/\/www.colorflyprinting.com\/pt\/wp-json\/wp\/v2\/types\/product"}],"replies":[{"embeddable":true,"href":"https:\/\/www.colorflyprinting.com\/pt\/wp-json\/wp\/v2\/comments?post=11374"}],"wp:featuredmedia":[{"embeddable":true,"href":"https:\/\/www.colorflyprinting.com\/pt\/wp-json\/wp\/v2\/media\/11413"}],"wp:attachment":[{"href":"https:\/\/www.colorflyprinting.com\/pt\/wp-json\/wp\/v2\/media?parent=11374"}],"wp:term":[{"taxonomy":"product_brand","embeddable":true,"href":"https:\/\/www.colorflyprinting.com\/pt\/wp-json\/wp\/v2\/product_brand?post=11374"},{"taxonomy":"product_cat","embeddable":true,"href":"https:\/\/www.colorflyprinting.com\/pt\/wp-json\/wp\/v2\/product_cat?post=11374"},{"taxonomy":"product_tag","embeddable":true,"href":"https:\/\/www.colorflyprinting.com\/pt\/wp-json\/wp\/v2\/product_tag?post=11374"}],"curies":[{"name":"wp","href":"https:\/\/api.w.org\/{rel}","templated":true}]}}