{"id":11330,"date":"2025-04-22T01:21:46","date_gmt":"2025-04-22T01:21:46","guid":{"rendered":"https:\/\/www.colorflyprinting.com\/?post_type=product&#038;p=11330"},"modified":"2025-04-22T01:22:14","modified_gmt":"2025-04-22T01:22:14","slug":"cahiers-de-dessin-16-pages-32pages-for-madagascar-schools","status":"publish","type":"product","link":"https:\/\/www.colorflyprinting.com\/pt\/produto\/cahiers-de-dessin-16-paginas-32-paginas-para-escolas-de-madagascar\/","title":{"rendered":"Cahiers De Dessin 16 p\u00e1ginas \/ 32 p\u00e1ginas para escolas de Madagascar"},"content":{"rendered":"<div class=\"text\">\n<p style=\"text-indent:2em;\">\n\tCahiers de dessin 16 p\u00e1ginas \/ 32 p\u00e1ginas para escolas de Madagascar\n<\/p>\n<p style=\"text-indent:2em;\">\n<div class=\"table-responsive\">\n<table border=\"1\">\n<tbody>\n<tr>\n<td>\n\t\t\t\t\tTamanho&nbsp; &nbsp; &nbsp; &nbsp;\n\t\t\t\t<\/td>\n<td>\n\t\t\t\t\t17x22cm\n\t\t\t\t<\/td>\n<td>\n\t\t\t\t\tVinculativo&nbsp; &nbsp; &nbsp; &nbsp; &nbsp; &nbsp; &nbsp; &nbsp; &nbsp;&nbsp;\n\t\t\t\t<\/td>\n<td>\n\t\t\t\t\tPonto de sela&nbsp; &nbsp; &nbsp; &nbsp; &nbsp; &nbsp; &nbsp; &nbsp; &nbsp;&nbsp; &nbsp;\n\t\t\t\t<\/td>\n<\/tr>\n<tr>\n<td>\n\t\t\t\t\tCobrir\n\t\t\t\t<\/td>\n<td>\n\t\t\t\t\tPapel de arte 180gsm&nbsp; &nbsp; &nbsp;&nbsp;\n\t\t\t\t<\/td>\n<td>\n\t\t\t\t\tImpress\u00e3o interna\n\t\t\t\t<\/td>\n<td>\n\t\t\t\t\tSimples\n\t\t\t\t<\/td>\n<\/tr>\n<tr>\n<td>\n\t\t\t\t\tP\u00e1ginas\n\t\t\t\t<\/td>\n<td>\n\t\t\t\t\t16 p\u00e1ginas \/ 32 p\u00e1ginas\n\t\t\t\t<\/td>\n<td>\n\t\t\t\t\tEmbalagem\n\t\t\t\t<\/td>\n<td>\n\t\t\t\t\tencolh\u00edvel e caixas de papel\u00e3o\n\t\t\t\t<\/td>\n<\/tr>\n<\/tbody>\n<\/table>\n<\/div>\n<p style=\"text-indent:2em;\">\n\t<strong><span style=\"color:#8ac4b6;\">Est\u00e3o dispon\u00edveis diferentes p\u00e1ginas para o mercado de Madagascar:<\/span><\/strong>\n<\/p>\n<p style=\"text-indent:2em;\">\n\t<strong><span style=\"color:#8ac4b6;\">Caderno dupla linha 32 p\u00e1ginas<\/span><\/strong>\n<\/p>\n<p style=\"text-indent:2em;\">\n\t<strong><span style=\"color:#8ac4b6;\">Caderno de desenho CP 16 p\u00e1ginas&nbsp;<\/span><\/strong>\n<\/p>\n<p style=\"text-indent:2em;\">\n\t<strong><span style=\"color:#8ac4b6;\">Caderno de desenho CP 32 p\u00e1ginas&nbsp;<\/span><\/strong>\n<\/p>\n<p style=\"text-indent:2em;\">\n\t<strong><span style=\"color:#8ac4b6;\">Caderno de linhas 50 p\u00e1ginas<\/span><\/strong>\n<\/p>\n<p style=\"text-indent:2em;\">\n\t<strong><span style=\"color:#8ac4b6;\">Caderno CE&amp;CM 96 p\u00e1ginas&nbsp;<\/span><\/strong>\n<\/p>\n<p style=\"text-indent:2em;\">\n\t<strong><span style=\"color:#8ac4b6;\">Voc\u00ea tamb\u00e9m pode obter servi\u00e7o personalizado se tiver alguma demanda&nbsp;<\/span><\/strong>\n<\/p>\n<p style=\"text-indent:2em;\">\n\t\n<\/p>\n<p style=\"text-indent:2em;\">\n\tEncaderna\u00e7\u00e3o de livros Cahier: Ponto de sela&nbsp;\n<\/p>\n<p>\n\t<img decoding=\"async\" src=\"\/js\/htmledit\/kindeditor\/attached\/20190909\/20190909113934_20246.jpg\" alt=\"\">\n<\/p>\n<p style=\"text-indent:2em;\">\n\tImpress\u00e3o interna em papel: linha francesa \/ linha dupla \/ simples&nbsp;\n<\/p>\n<p style=\"text-indent:2em;\">\n\t\n<\/p>\n<p style=\"text-indent:2em;\">\n\tPerguntas frequentes\n<\/p>\n<p style=\"text-indent:2em;\">\n\t\n<\/p>\n<p style=\"text-indent:2em;\">\n\tQ1: Voc\u00ea \u00e9 uma f\u00e1brica ou empresa comercial?\n<\/p>\n<p style=\"text-indent:2em;\">\n\tSomos o fabricante 100%, especializado em impress\u00e3o e embalagem de cadernos em bobina h\u00e1 mais de 6 anos, com uma \u00e1rea de oficina de 35.000 metros quadrados. Contamos com uma excelente equipe composta por 50 profissionais e mais de 200 trabalhadores qualificados.\n<\/p>\n<p style=\"text-indent:2em;\">\n\t\n<\/p>\n<p style=\"text-indent:2em;\">\n\tQ2: Onde voc\u00ea est\u00e1 localizado? Como posso visitar esse lugar?\n<\/p>\n<p style=\"text-indent:2em;\">\n\tEstamos localizados na cidade de Hefei, prov\u00edncia de Anhui, perto de Xangai e Yiwu. Sejam bem-vindos para visitar nossa empresa!\n<\/p>\n<p style=\"text-indent:2em;\">\n\t\n<\/p>\n<p style=\"text-indent:2em;\">\n\tQ3: Quantos dias aproximadamente a produ\u00e7\u00e3o em massa\n<\/p>\n<p style=\"text-indent:2em;\">\n\tO prazo de entrega para produ\u00e7\u00e3o em massa, com base na quantidade do seu pedido, acabamento, etc., geralmente \u00e9 de 10 dias \u00fateis.\n<\/p>\n<p style=\"text-indent:2em;\">\n\t\n<\/p>\n<p style=\"text-indent:2em;\">\n\tQ4: Podemos ter nosso logotipo ou informa\u00e7\u00f5es da empresa na embalagem\n<\/p>\n<p style=\"text-indent:2em;\">\n\tClaro. Seu logotipo pode ser exibido no caderno e na embalagem, se necess\u00e1rio.\n<\/p>\n<p style=\"text-indent:2em;\">\n\t\n<\/p>\n<p style=\"text-indent:2em;\">\n\t\n<\/p>\n<\/p><\/div>","protected":false},"excerpt":{"rendered":"<p>Colorfly produzindo livro de desenho para alunos do ensino fundamental com capa mole<\/p>\n<ul class=\"ptab-list clearfix\">\n<li>\n<p>Marca:<\/p>\n<p><span>Colorfly<\/span><\/li>\n<li>\n<p>N\u00ba do item:<\/p>\n<p><span>CY-DB05<\/span><\/li>\n<li>\n<p>Porto de embarque:<\/p>\n<p><span>Xangai<\/span><\/li>\n<li>\n<p>Tipo: <\/p>\n<p> <span>Caderno de exerc\u00edcios<\/span><\/li>\n<li>\n<p>Tamanho: <\/p>\n<p> <span>17x22cm<\/span><\/li>\n<li>\n<p>Vinculativo: <\/p>\n<p> <span>Ponto de sela<\/span><\/li>\n<li>\n<p>N\u00famero de p\u00e1ginas: <\/p>\n<p> <span>16\/32 p\u00e1ginas<\/span><\/li>\n<li>\n<p>Impress\u00e3o interna: <\/p>\n<p> <span>Simples??<\/span><\/li>\n<li>\n<p>Impress\u00e3o da capa: <\/p>\n<p> <span>Cor total<\/span><\/li>\n<\/ul>","protected":false},"featured_media":11391,"comment_status":"open","ping_status":"closed","template":"","meta":[],"product_brand":[],"product_cat":[320],"product_tag":[330,331,332],"class_list":{"0":"post-11330","1":"product","2":"type-product","3":"status-publish","4":"has-post-thumbnail","6":"product_cat-drawing-book","7":"product_tag-cahiers-de-dessin-16-pages","8":"product_tag-cahiers-de-dessin-32pages","9":"product_tag-drawing-book","11":"first","12":"instock","13":"shipping-taxable","14":"product-type-simple"},"yoast_head":"<!-- This site is optimized with the Yoast SEO Premium plugin v23.9 (Yoast SEO v25.2) - https:\/\/yoast.com\/wordpress\/plugins\/seo\/ -->\n<title>Cahiers De Dessin 16 Pages \/ 32pages For Madagascar Schools - colorflyprinting<\/title>\n<meta name=\"robots\" content=\"index, follow, max-snippet:-1, max-image-preview:large, max-video-preview:-1\" \/>\n<link rel=\"canonical\" href=\"https:\/\/www.colorflyprinting.com\/pt\/produto\/cahiers-de-dessin-16-paginas-32-paginas-para-escolas-de-madagascar\/\" \/>\n<meta property=\"og:locale\" content=\"pt_PT\" \/>\n<meta property=\"og:type\" content=\"article\" \/>\n<meta property=\"og:title\" content=\"Cahiers De Dessin 16 Pages \/ 32pages For Madagascar Schools\" \/>\n<meta property=\"og:description\" content=\"Colorfly producing drawing book for primary school student soft cover                                                    Brand:Colorfly                                                   Item NO.:CY-DB05                                                   Shipping Port:Shanghai                                                                                                                                                                                  Type: Exercise book                                 Size: 17x22cm                                 Binding: Saddle stitch                                 Number of pages: 16\/32 pages                                 Inner printing: Plain??                                 Cover printing: Full color\" \/>\n<meta property=\"og:url\" content=\"https:\/\/www.colorflyprinting.com\/pt\/produto\/cahiers-de-dessin-16-paginas-32-paginas-para-escolas-de-madagascar\/\" \/>\n<meta property=\"og:site_name\" content=\"colorflyprinting\" \/>\n<meta property=\"article:modified_time\" content=\"2025-04-22T01:22:14+00:00\" \/>\n<meta name=\"twitter:card\" content=\"summary_large_image\" \/>\n<meta name=\"twitter:label1\" content=\"Tempo estimado de leitura\" \/>\n\t<meta name=\"twitter:data1\" content=\"1 minuto\" \/>\n<script type=\"application\/ld+json\" class=\"yoast-schema-graph\">{\"@context\":\"https:\/\/schema.org\",\"@graph\":[{\"@type\":\"WebPage\",\"@id\":\"https:\/\/www.colorflyprinting.com\/product\/cahiers-de-dessin-16-pages-32pages-for-madagascar-schools\/\",\"url\":\"https:\/\/www.colorflyprinting.com\/product\/cahiers-de-dessin-16-pages-32pages-for-madagascar-schools\/\",\"name\":\"Cahiers De Dessin 16 Pages \/ 32pages For Madagascar Schools - colorflyprinting\",\"isPartOf\":{\"@id\":\"https:\/\/www.colorflyprinting.com\/#website\"},\"primaryImageOfPage\":{\"@id\":\"https:\/\/www.colorflyprinting.com\/product\/cahiers-de-dessin-16-pages-32pages-for-madagascar-schools\/#primaryimage\"},\"image\":{\"@id\":\"https:\/\/www.colorflyprinting.com\/product\/cahiers-de-dessin-16-pages-32pages-for-madagascar-schools\/#primaryimage\"},\"thumbnailUrl\":\"https:\/\/www.colorflyprinting.com\/wp-content\/uploads\/2025\/04\/015f90a63a5da32af67136fa08ab04d7_medium-1.jpg\",\"datePublished\":\"2025-04-22T01:21:46+00:00\",\"dateModified\":\"2025-04-22T01:22:14+00:00\",\"breadcrumb\":{\"@id\":\"https:\/\/www.colorflyprinting.com\/product\/cahiers-de-dessin-16-pages-32pages-for-madagascar-schools\/#breadcrumb\"},\"inLanguage\":\"pt-PT\",\"potentialAction\":[{\"@type\":\"ReadAction\",\"target\":[\"https:\/\/www.colorflyprinting.com\/product\/cahiers-de-dessin-16-pages-32pages-for-madagascar-schools\/\"]}]},{\"@type\":\"ImageObject\",\"inLanguage\":\"pt-PT\",\"@id\":\"https:\/\/www.colorflyprinting.com\/product\/cahiers-de-dessin-16-pages-32pages-for-madagascar-schools\/#primaryimage\",\"url\":\"https:\/\/www.colorflyprinting.com\/wp-content\/uploads\/2025\/04\/015f90a63a5da32af67136fa08ab04d7_medium-1.jpg\",\"contentUrl\":\"https:\/\/www.colorflyprinting.com\/wp-content\/uploads\/2025\/04\/015f90a63a5da32af67136fa08ab04d7_medium-1.jpg\",\"width\":550,\"height\":550},{\"@type\":\"BreadcrumbList\",\"@id\":\"https:\/\/www.colorflyprinting.com\/product\/cahiers-de-dessin-16-pages-32pages-for-madagascar-schools\/#breadcrumb\",\"itemListElement\":[{\"@type\":\"ListItem\",\"position\":1,\"name\":\"Home\",\"item\":\"https:\/\/www.colorflyprinting.com\/\"},{\"@type\":\"ListItem\",\"position\":2,\"name\":\"Product\",\"item\":\"https:\/\/www.colorflyprinting.com\/shop\/\"},{\"@type\":\"ListItem\",\"position\":3,\"name\":\"Cahiers De Dessin 16 Pages \/ 32pages For Madagascar Schools\"}]},{\"@type\":\"WebSite\",\"@id\":\"https:\/\/www.colorflyprinting.com\/#website\",\"url\":\"https:\/\/www.colorflyprinting.com\/\",\"name\":\"Hefei Colorfly Stationery Co.,Ltd.\",\"description\":\"\",\"publisher\":{\"@id\":\"https:\/\/www.colorflyprinting.com\/#organization\"},\"potentialAction\":[{\"@type\":\"SearchAction\",\"target\":{\"@type\":\"EntryPoint\",\"urlTemplate\":\"https:\/\/www.colorflyprinting.com\/?s={search_term_string}\"},\"query-input\":{\"@type\":\"PropertyValueSpecification\",\"valueRequired\":true,\"valueName\":\"search_term_string\"}}],\"inLanguage\":\"pt-PT\"},{\"@type\":\"Organization\",\"@id\":\"https:\/\/www.colorflyprinting.com\/#organization\",\"name\":\"Hefei Colorfly Stationery Co.,Ltd.\",\"url\":\"https:\/\/www.colorflyprinting.com\/\",\"logo\":{\"@type\":\"ImageObject\",\"inLanguage\":\"pt-PT\",\"@id\":\"https:\/\/www.colorflyprinting.com\/#\/schema\/logo\/image\/\",\"url\":\"https:\/\/www.colorflyprinting.com\/wp-content\/uploads\/2025\/04\/d167665f943610681229e2f4307b9df.jpg\",\"contentUrl\":\"https:\/\/www.colorflyprinting.com\/wp-content\/uploads\/2025\/04\/d167665f943610681229e2f4307b9df.jpg\",\"width\":780,\"height\":780,\"caption\":\"Hefei Colorfly Stationery Co.,Ltd.\"},\"image\":{\"@id\":\"https:\/\/www.colorflyprinting.com\/#\/schema\/logo\/image\/\"}}]}<\/script>\n<!-- \/ Yoast SEO Premium plugin. -->","yoast_head_json":{"title":"Cahiers De Dessin 16 Pages \/ 32pages For Madagascar Schools - colorflyprinting","robots":{"index":"index","follow":"follow","max-snippet":"max-snippet:-1","max-image-preview":"max-image-preview:large","max-video-preview":"max-video-preview:-1"},"canonical":"https:\/\/www.colorflyprinting.com\/pt\/produto\/cahiers-de-dessin-16-paginas-32-paginas-para-escolas-de-madagascar\/","og_locale":"pt_PT","og_type":"article","og_title":"Cahiers De Dessin 16 Pages \/ 32pages For Madagascar Schools","og_description":"Colorfly producing drawing book for primary school student soft cover                                                    Brand:Colorfly                                                   Item NO.:CY-DB05                                                   Shipping Port:Shanghai                                                                                                                                                                                  Type: Exercise book                                 Size: 17x22cm                                 Binding: Saddle stitch                                 Number of pages: 16\/32 pages                                 Inner printing: Plain??                                 Cover printing: Full color","og_url":"https:\/\/www.colorflyprinting.com\/pt\/produto\/cahiers-de-dessin-16-paginas-32-paginas-para-escolas-de-madagascar\/","og_site_name":"colorflyprinting","article_modified_time":"2025-04-22T01:22:14+00:00","twitter_card":"summary_large_image","twitter_misc":{"Tempo estimado de leitura":"1 minuto"},"schema":{"@context":"https:\/\/schema.org","@graph":[{"@type":"WebPage","@id":"https:\/\/www.colorflyprinting.com\/product\/cahiers-de-dessin-16-pages-32pages-for-madagascar-schools\/","url":"https:\/\/www.colorflyprinting.com\/product\/cahiers-de-dessin-16-pages-32pages-for-madagascar-schools\/","name":"Cahiers De Dessin 16 Pages \/ 32pages For Madagascar Schools - colorflyprinting","isPartOf":{"@id":"https:\/\/www.colorflyprinting.com\/#website"},"primaryImageOfPage":{"@id":"https:\/\/www.colorflyprinting.com\/product\/cahiers-de-dessin-16-pages-32pages-for-madagascar-schools\/#primaryimage"},"image":{"@id":"https:\/\/www.colorflyprinting.com\/product\/cahiers-de-dessin-16-pages-32pages-for-madagascar-schools\/#primaryimage"},"thumbnailUrl":"https:\/\/www.colorflyprinting.com\/wp-content\/uploads\/2025\/04\/015f90a63a5da32af67136fa08ab04d7_medium-1.jpg","datePublished":"2025-04-22T01:21:46+00:00","dateModified":"2025-04-22T01:22:14+00:00","breadcrumb":{"@id":"https:\/\/www.colorflyprinting.com\/product\/cahiers-de-dessin-16-pages-32pages-for-madagascar-schools\/#breadcrumb"},"inLanguage":"pt-PT","potentialAction":[{"@type":"ReadAction","target":["https:\/\/www.colorflyprinting.com\/product\/cahiers-de-dessin-16-pages-32pages-for-madagascar-schools\/"]}]},{"@type":"ImageObject","inLanguage":"pt-PT","@id":"https:\/\/www.colorflyprinting.com\/product\/cahiers-de-dessin-16-pages-32pages-for-madagascar-schools\/#primaryimage","url":"https:\/\/www.colorflyprinting.com\/wp-content\/uploads\/2025\/04\/015f90a63a5da32af67136fa08ab04d7_medium-1.jpg","contentUrl":"https:\/\/www.colorflyprinting.com\/wp-content\/uploads\/2025\/04\/015f90a63a5da32af67136fa08ab04d7_medium-1.jpg","width":550,"height":550},{"@type":"BreadcrumbList","@id":"https:\/\/www.colorflyprinting.com\/product\/cahiers-de-dessin-16-pages-32pages-for-madagascar-schools\/#breadcrumb","itemListElement":[{"@type":"ListItem","position":1,"name":"Home","item":"https:\/\/www.colorflyprinting.com\/"},{"@type":"ListItem","position":2,"name":"Product","item":"https:\/\/www.colorflyprinting.com\/shop\/"},{"@type":"ListItem","position":3,"name":"Cahiers De Dessin 16 Pages \/ 32pages For Madagascar Schools"}]},{"@type":"WebSite","@id":"https:\/\/www.colorflyprinting.com\/#website","url":"https:\/\/www.colorflyprinting.com\/","name":"Hefei Colorfly Stationery Co.,Ltd.","description":"","publisher":{"@id":"https:\/\/www.colorflyprinting.com\/#organization"},"potentialAction":[{"@type":"SearchAction","target":{"@type":"EntryPoint","urlTemplate":"https:\/\/www.colorflyprinting.com\/?s={search_term_string}"},"query-input":{"@type":"PropertyValueSpecification","valueRequired":true,"valueName":"search_term_string"}}],"inLanguage":"pt-PT"},{"@type":"Organization","@id":"https:\/\/www.colorflyprinting.com\/#organization","name":"Hefei Colorfly Stationery Co.,Ltd.","url":"https:\/\/www.colorflyprinting.com\/","logo":{"@type":"ImageObject","inLanguage":"pt-PT","@id":"https:\/\/www.colorflyprinting.com\/#\/schema\/logo\/image\/","url":"https:\/\/www.colorflyprinting.com\/wp-content\/uploads\/2025\/04\/d167665f943610681229e2f4307b9df.jpg","contentUrl":"https:\/\/www.colorflyprinting.com\/wp-content\/uploads\/2025\/04\/d167665f943610681229e2f4307b9df.jpg","width":780,"height":780,"caption":"Hefei Colorfly Stationery Co.,Ltd."},"image":{"@id":"https:\/\/www.colorflyprinting.com\/#\/schema\/logo\/image\/"}}]}},"_links":{"self":[{"href":"https:\/\/www.colorflyprinting.com\/pt\/wp-json\/wp\/v2\/product\/11330","targetHints":{"allow":["GET"]}}],"collection":[{"href":"https:\/\/www.colorflyprinting.com\/pt\/wp-json\/wp\/v2\/product"}],"about":[{"href":"https:\/\/www.colorflyprinting.com\/pt\/wp-json\/wp\/v2\/types\/product"}],"replies":[{"embeddable":true,"href":"https:\/\/www.colorflyprinting.com\/pt\/wp-json\/wp\/v2\/comments?post=11330"}],"wp:featuredmedia":[{"embeddable":true,"href":"https:\/\/www.colorflyprinting.com\/pt\/wp-json\/wp\/v2\/media\/11391"}],"wp:attachment":[{"href":"https:\/\/www.colorflyprinting.com\/pt\/wp-json\/wp\/v2\/media?parent=11330"}],"wp:term":[{"taxonomy":"product_brand","embeddable":true,"href":"https:\/\/www.colorflyprinting.com\/pt\/wp-json\/wp\/v2\/product_brand?post=11330"},{"taxonomy":"product_cat","embeddable":true,"href":"https:\/\/www.colorflyprinting.com\/pt\/wp-json\/wp\/v2\/product_cat?post=11330"},{"taxonomy":"product_tag","embeddable":true,"href":"https:\/\/www.colorflyprinting.com\/pt\/wp-json\/wp\/v2\/product_tag?post=11330"}],"curies":[{"name":"wp","href":"https:\/\/api.w.org\/{rel}","templated":true}]}}