{"id":11205,"date":"2025-04-22T01:20:57","date_gmt":"2025-04-22T01:20:57","guid":{"rendered":"https:\/\/www.colorflyprinting.com\/?post_type=product&#038;p=11205"},"modified":"2025-04-22T01:21:19","modified_gmt":"2025-04-22T01:21:19","slug":"business-a5-loose-leaf-notebook-thickened-removable-high-end-retro-leather-notepad-corporate-gift-loose-leaf-book","status":"publish","type":"product","link":"https:\/\/www.colorflyprinting.com\/pt\/produto\/caderno-de-folhas-soltas-a5-empresarial-bloco-de-notas-de-couro-retro-removivel-e-espesso-presente-corporativo-livro-de-folhas-soltas\/","title":{"rendered":"Caderno de folhas soltas A5 empresarial, grosso, remov\u00edvel, retr\u00f4, de couro, bloco de notas, presente corporativo, livro de folhas soltas"},"content":{"rendered":"<div class=\"text\">\n<p>\n\tDescri\u00e7\u00e3o dos produtos<br \/>\nNome do item: caderno de presente\n<\/p>\n<p>\n\tCapa: PU&nbsp;\n<\/p>\n<p>\n\tTamanho: 17x22cm&nbsp;\n<\/p>\n<p>\n\tEncaderna\u00e7\u00e3o: Encaderna\u00e7\u00e3o perfeita (encaderna\u00e7\u00e3o espiral)&nbsp;\n<\/p>\n<p>\n\tP\u00e1ginas: 200 p\u00e1ginas etc.<br \/>\nImpress\u00e3o interna em papel: linha \u00fanica&nbsp;\n<\/p>\n<p>\n\tQuantidade m\u00ednima: 500&nbsp;\n<\/p>\n<p>\n\tTodas as especifica\u00e7\u00f5es acima podem ser personalizadas; voc\u00ea pode aproveitar nosso servi\u00e7o personalizado se cooperarmos.&nbsp;\n<\/p>\n<p>\n\t\n<\/p>\n<p>\n\t&nbsp;Perguntas frequentes&nbsp;\n<\/p>\n<p>\n\t1. Sobre o pre\u00e7o:<br \/>\nO pre\u00e7o \u00e9 negoci\u00e1vel. Pode ser alterado de acordo com a quantidade ou pacote desejado. Ao fazer uma consulta, informe-nos a quantidade desejada.&nbsp;\n<\/p>\n<p>\n\t2. Sobre a amostra:<br \/>\nPara produtos padr\u00e3o que produzimos todos os dias, a amostra \u00e9 gr\u00e1tis, mas o frete a\u00e9reo \u00e9 cobrado ou voc\u00ea nos paga a postagem adiantado. Por favor, entenda que fazer novas amostras causar\u00e1 uma taxa de fabrica\u00e7\u00e3o de amostras. Vamos discutir mais, por favor.&nbsp;\n<\/p>\n<p>\n\t3. Sobre o MOQ:<br \/>\nSe tivermos o produto em estoque, o MOQ ser\u00e1 pequeno; caso contr\u00e1rio, o MOQ ser\u00e1 de 20.000\/50.000\/100.000 pe\u00e7as, etc. Itens mistos tamb\u00e9m podem caber em um cont\u00eainer de 20 p\u00e9s; isso depende do tipo de produto e pode ser negoci\u00e1vel. Gostar\u00edamos de resolver seu problema da melhor maneira poss\u00edvel.&nbsp;\n<\/p>\n<p>\n\t4. Sobre o OEM:<br \/>\nTemos uma f\u00e1brica na China e gostar\u00edamos de ajudar a projetar o LOGOTIPO e o c\u00f3digo de barras do produto, desde que a qualidade do pedido atenda ao MOQ.&nbsp;\n<\/p>\n<p>\n\t5. Sobre o pacote:<br \/>\nA maioria dos produtos que produzimos tem embalagem padr\u00e3o de acordo com a experi\u00eancia que adquirimos no mercado, mas sempre aceitamos as necessidades do cliente e fornecemos sugest\u00f5es \u00fateis para refer\u00eancia.\n<\/p>\n<\/p><\/div>","protected":false},"excerpt":{"rendered":"<ul class=\"ptab-list clearfix\">\n<li>\n<p>Origem do produto:<\/p>\n<p><span>Anhui<\/span><\/li>\n<li>\n<p>Marca:<\/p>\n<p><span>Colorfly<\/span><\/li>\n<li>\n<p>N\u00ba do item:<\/p>\n<p><span>G-0110<\/span><\/li>\n<li>\n<p>Porto de embarque:<\/p>\n<p><span>wuhan\/xangai\/qiandao\/yiwu<\/span><\/li>\n<li>\n<p>Cor:<\/p>\n<p><span>cor personalizada<\/span><\/li>\n<li>\n<p>Tempo de espera:<\/p>\n<p><span>25-30 dias<\/span><\/li>\n<li>\n<p>Quantidade m\u00ednima:<\/p>\n<p><span>100<\/span><\/li>\n<li>\n<p>Pre\u00e7o:<\/p>\n<p><span>$17\/<\/span><\/li>\n<li>\n<p>Tipo: <\/p>\n<p> <span>caderno de presente<\/span><\/li>\n<li>\n<p>Tamanho: <\/p>\n<p> <span>A5<\/span><\/li>\n<li>\n<p>Vinculativo: <\/p>\n<p> <span>encaderna\u00e7\u00e3o em espiral<\/span><\/li>\n<li>\n<p>N\u00famero de p\u00e1ginas: <\/p>\n<p> <span>200<\/span><\/li>\n<li>\n<p>Impress\u00e3o interna: <\/p>\n<p> <span>personalizado<\/span><\/li>\n<li>\n<p>Impress\u00e3o da capa: <\/p>\n<p> <span>4 cores<\/span><\/li>\n<\/ul>","protected":false},"featured_media":11254,"comment_status":"open","ping_status":"closed","template":"","meta":[],"product_brand":[],"product_cat":[127],"product_tag":[231,233,232],"class_list":{"0":"post-11205","1":"product","2":"type-product","3":"status-publish","4":"has-post-thumbnail","6":"product_cat-leather-notebook","7":"product_tag-business-a5-loose-leaf-notebook","8":"product_tag-gift-notebooks","9":"product_tag-high-end-retro-leather-notepad-corporate-gift-loose-leaf-book","11":"first","12":"instock","13":"shipping-taxable","14":"product-type-simple"},"yoast_head":"<!-- This site is optimized with the Yoast SEO Premium plugin v23.9 (Yoast SEO v25.2) - https:\/\/yoast.com\/wordpress\/plugins\/seo\/ -->\n<title>Business A5 Loose-Leaf Notebook Thickened Removable High-End Retro Leather Notepad Corporate Gift Loose-Leaf Book - colorflyprinting<\/title>\n<meta name=\"robots\" content=\"index, follow, max-snippet:-1, max-image-preview:large, max-video-preview:-1\" \/>\n<link rel=\"canonical\" href=\"https:\/\/www.colorflyprinting.com\/pt\/produto\/caderno-de-folhas-soltas-a5-empresarial-bloco-de-notas-de-couro-retro-removivel-e-espesso-presente-corporativo-livro-de-folhas-soltas\/\" \/>\n<meta property=\"og:locale\" content=\"pt_PT\" \/>\n<meta property=\"og:type\" content=\"article\" \/>\n<meta property=\"og:title\" content=\"Business A5 Loose-Leaf Notebook Thickened Removable High-End Retro Leather Notepad Corporate Gift Loose-Leaf Book\" \/>\n<meta property=\"og:description\" content=\"Product Origin:anhui                                                    Brand:Colorfly                                                   Item NO.:G-0110                                                   Shipping Port:wuhan\/ shanghai \/qiandao \/yiwu                                                   Color:custom color                                                   Lead Time:25-30days                                                                   MOQ:100                                                   Price:$17\/                                                                                                  Type: gift notebook                                 Size: A5                                 Binding: spiral binding                                 Number of pages: 200                                 Inner printing: custom                                 Cover printing: 4 color\" \/>\n<meta property=\"og:url\" content=\"https:\/\/www.colorflyprinting.com\/pt\/produto\/caderno-de-folhas-soltas-a5-empresarial-bloco-de-notas-de-couro-retro-removivel-e-espesso-presente-corporativo-livro-de-folhas-soltas\/\" \/>\n<meta property=\"og:site_name\" content=\"colorflyprinting\" \/>\n<meta property=\"article:modified_time\" content=\"2025-04-22T01:21:19+00:00\" \/>\n<meta name=\"twitter:card\" content=\"summary_large_image\" \/>\n<meta name=\"twitter:label1\" content=\"Tempo estimado de leitura\" \/>\n\t<meta name=\"twitter:data1\" content=\"1 minuto\" \/>\n<script type=\"application\/ld+json\" class=\"yoast-schema-graph\">{\"@context\":\"https:\/\/schema.org\",\"@graph\":[{\"@type\":\"WebPage\",\"@id\":\"https:\/\/www.colorflyprinting.com\/product\/business-a5-loose-leaf-notebook-thickened-removable-high-end-retro-leather-notepad-corporate-gift-loose-leaf-book\/\",\"url\":\"https:\/\/www.colorflyprinting.com\/product\/business-a5-loose-leaf-notebook-thickened-removable-high-end-retro-leather-notepad-corporate-gift-loose-leaf-book\/\",\"name\":\"Business A5 Loose-Leaf Notebook Thickened Removable High-End Retro Leather Notepad Corporate Gift Loose-Leaf Book - colorflyprinting\",\"isPartOf\":{\"@id\":\"https:\/\/www.colorflyprinting.com\/#website\"},\"primaryImageOfPage\":{\"@id\":\"https:\/\/www.colorflyprinting.com\/product\/business-a5-loose-leaf-notebook-thickened-removable-high-end-retro-leather-notepad-corporate-gift-loose-leaf-book\/#primaryimage\"},\"image\":{\"@id\":\"https:\/\/www.colorflyprinting.com\/product\/business-a5-loose-leaf-notebook-thickened-removable-high-end-retro-leather-notepad-corporate-gift-loose-leaf-book\/#primaryimage\"},\"thumbnailUrl\":\"https:\/\/www.colorflyprinting.com\/wp-content\/uploads\/2025\/04\/a263bfdc249807ed988e4518f22560ba_medium-1.jpg\",\"datePublished\":\"2025-04-22T01:20:57+00:00\",\"dateModified\":\"2025-04-22T01:21:19+00:00\",\"breadcrumb\":{\"@id\":\"https:\/\/www.colorflyprinting.com\/product\/business-a5-loose-leaf-notebook-thickened-removable-high-end-retro-leather-notepad-corporate-gift-loose-leaf-book\/#breadcrumb\"},\"inLanguage\":\"pt-PT\",\"potentialAction\":[{\"@type\":\"ReadAction\",\"target\":[\"https:\/\/www.colorflyprinting.com\/product\/business-a5-loose-leaf-notebook-thickened-removable-high-end-retro-leather-notepad-corporate-gift-loose-leaf-book\/\"]}]},{\"@type\":\"ImageObject\",\"inLanguage\":\"pt-PT\",\"@id\":\"https:\/\/www.colorflyprinting.com\/product\/business-a5-loose-leaf-notebook-thickened-removable-high-end-retro-leather-notepad-corporate-gift-loose-leaf-book\/#primaryimage\",\"url\":\"https:\/\/www.colorflyprinting.com\/wp-content\/uploads\/2025\/04\/a263bfdc249807ed988e4518f22560ba_medium-1.jpg\",\"contentUrl\":\"https:\/\/www.colorflyprinting.com\/wp-content\/uploads\/2025\/04\/a263bfdc249807ed988e4518f22560ba_medium-1.jpg\",\"width\":550,\"height\":550},{\"@type\":\"BreadcrumbList\",\"@id\":\"https:\/\/www.colorflyprinting.com\/product\/business-a5-loose-leaf-notebook-thickened-removable-high-end-retro-leather-notepad-corporate-gift-loose-leaf-book\/#breadcrumb\",\"itemListElement\":[{\"@type\":\"ListItem\",\"position\":1,\"name\":\"Home\",\"item\":\"https:\/\/www.colorflyprinting.com\/\"},{\"@type\":\"ListItem\",\"position\":2,\"name\":\"Product\",\"item\":\"https:\/\/www.colorflyprinting.com\/shop\/\"},{\"@type\":\"ListItem\",\"position\":3,\"name\":\"Business A5 Loose-Leaf Notebook Thickened Removable High-End Retro Leather Notepad Corporate Gift Loose-Leaf Book\"}]},{\"@type\":\"WebSite\",\"@id\":\"https:\/\/www.colorflyprinting.com\/#website\",\"url\":\"https:\/\/www.colorflyprinting.com\/\",\"name\":\"Hefei Colorfly Stationery Co.,Ltd.\",\"description\":\"\",\"publisher\":{\"@id\":\"https:\/\/www.colorflyprinting.com\/#organization\"},\"potentialAction\":[{\"@type\":\"SearchAction\",\"target\":{\"@type\":\"EntryPoint\",\"urlTemplate\":\"https:\/\/www.colorflyprinting.com\/?s={search_term_string}\"},\"query-input\":{\"@type\":\"PropertyValueSpecification\",\"valueRequired\":true,\"valueName\":\"search_term_string\"}}],\"inLanguage\":\"pt-PT\"},{\"@type\":\"Organization\",\"@id\":\"https:\/\/www.colorflyprinting.com\/#organization\",\"name\":\"Hefei Colorfly Stationery Co.,Ltd.\",\"url\":\"https:\/\/www.colorflyprinting.com\/\",\"logo\":{\"@type\":\"ImageObject\",\"inLanguage\":\"pt-PT\",\"@id\":\"https:\/\/www.colorflyprinting.com\/#\/schema\/logo\/image\/\",\"url\":\"https:\/\/www.colorflyprinting.com\/wp-content\/uploads\/2025\/04\/d167665f943610681229e2f4307b9df.jpg\",\"contentUrl\":\"https:\/\/www.colorflyprinting.com\/wp-content\/uploads\/2025\/04\/d167665f943610681229e2f4307b9df.jpg\",\"width\":780,\"height\":780,\"caption\":\"Hefei Colorfly Stationery Co.,Ltd.\"},\"image\":{\"@id\":\"https:\/\/www.colorflyprinting.com\/#\/schema\/logo\/image\/\"}}]}<\/script>\n<!-- \/ Yoast SEO Premium plugin. -->","yoast_head_json":{"title":"Business A5 Loose-Leaf Notebook Thickened Removable High-End Retro Leather Notepad Corporate Gift Loose-Leaf Book - colorflyprinting","robots":{"index":"index","follow":"follow","max-snippet":"max-snippet:-1","max-image-preview":"max-image-preview:large","max-video-preview":"max-video-preview:-1"},"canonical":"https:\/\/www.colorflyprinting.com\/pt\/produto\/caderno-de-folhas-soltas-a5-empresarial-bloco-de-notas-de-couro-retro-removivel-e-espesso-presente-corporativo-livro-de-folhas-soltas\/","og_locale":"pt_PT","og_type":"article","og_title":"Business A5 Loose-Leaf Notebook Thickened Removable High-End Retro Leather Notepad Corporate Gift Loose-Leaf Book","og_description":"Product Origin:anhui                                                    Brand:Colorfly                                                   Item NO.:G-0110                                                   Shipping Port:wuhan\/ shanghai \/qiandao \/yiwu                                                   Color:custom color                                                   Lead Time:25-30days                                                                   MOQ:100                                                   Price:$17\/                                                                                                  Type: gift notebook                                 Size: A5                                 Binding: spiral binding                                 Number of pages: 200                                 Inner printing: custom                                 Cover printing: 4 color","og_url":"https:\/\/www.colorflyprinting.com\/pt\/produto\/caderno-de-folhas-soltas-a5-empresarial-bloco-de-notas-de-couro-retro-removivel-e-espesso-presente-corporativo-livro-de-folhas-soltas\/","og_site_name":"colorflyprinting","article_modified_time":"2025-04-22T01:21:19+00:00","twitter_card":"summary_large_image","twitter_misc":{"Tempo estimado de leitura":"1 minuto"},"schema":{"@context":"https:\/\/schema.org","@graph":[{"@type":"WebPage","@id":"https:\/\/www.colorflyprinting.com\/product\/business-a5-loose-leaf-notebook-thickened-removable-high-end-retro-leather-notepad-corporate-gift-loose-leaf-book\/","url":"https:\/\/www.colorflyprinting.com\/product\/business-a5-loose-leaf-notebook-thickened-removable-high-end-retro-leather-notepad-corporate-gift-loose-leaf-book\/","name":"Business A5 Loose-Leaf Notebook Thickened Removable High-End Retro Leather Notepad Corporate Gift Loose-Leaf Book - colorflyprinting","isPartOf":{"@id":"https:\/\/www.colorflyprinting.com\/#website"},"primaryImageOfPage":{"@id":"https:\/\/www.colorflyprinting.com\/product\/business-a5-loose-leaf-notebook-thickened-removable-high-end-retro-leather-notepad-corporate-gift-loose-leaf-book\/#primaryimage"},"image":{"@id":"https:\/\/www.colorflyprinting.com\/product\/business-a5-loose-leaf-notebook-thickened-removable-high-end-retro-leather-notepad-corporate-gift-loose-leaf-book\/#primaryimage"},"thumbnailUrl":"https:\/\/www.colorflyprinting.com\/wp-content\/uploads\/2025\/04\/a263bfdc249807ed988e4518f22560ba_medium-1.jpg","datePublished":"2025-04-22T01:20:57+00:00","dateModified":"2025-04-22T01:21:19+00:00","breadcrumb":{"@id":"https:\/\/www.colorflyprinting.com\/product\/business-a5-loose-leaf-notebook-thickened-removable-high-end-retro-leather-notepad-corporate-gift-loose-leaf-book\/#breadcrumb"},"inLanguage":"pt-PT","potentialAction":[{"@type":"ReadAction","target":["https:\/\/www.colorflyprinting.com\/product\/business-a5-loose-leaf-notebook-thickened-removable-high-end-retro-leather-notepad-corporate-gift-loose-leaf-book\/"]}]},{"@type":"ImageObject","inLanguage":"pt-PT","@id":"https:\/\/www.colorflyprinting.com\/product\/business-a5-loose-leaf-notebook-thickened-removable-high-end-retro-leather-notepad-corporate-gift-loose-leaf-book\/#primaryimage","url":"https:\/\/www.colorflyprinting.com\/wp-content\/uploads\/2025\/04\/a263bfdc249807ed988e4518f22560ba_medium-1.jpg","contentUrl":"https:\/\/www.colorflyprinting.com\/wp-content\/uploads\/2025\/04\/a263bfdc249807ed988e4518f22560ba_medium-1.jpg","width":550,"height":550},{"@type":"BreadcrumbList","@id":"https:\/\/www.colorflyprinting.com\/product\/business-a5-loose-leaf-notebook-thickened-removable-high-end-retro-leather-notepad-corporate-gift-loose-leaf-book\/#breadcrumb","itemListElement":[{"@type":"ListItem","position":1,"name":"Home","item":"https:\/\/www.colorflyprinting.com\/"},{"@type":"ListItem","position":2,"name":"Product","item":"https:\/\/www.colorflyprinting.com\/shop\/"},{"@type":"ListItem","position":3,"name":"Business A5 Loose-Leaf Notebook Thickened Removable High-End Retro Leather Notepad Corporate Gift Loose-Leaf Book"}]},{"@type":"WebSite","@id":"https:\/\/www.colorflyprinting.com\/#website","url":"https:\/\/www.colorflyprinting.com\/","name":"Hefei Colorfly Stationery Co.,Ltd.","description":"","publisher":{"@id":"https:\/\/www.colorflyprinting.com\/#organization"},"potentialAction":[{"@type":"SearchAction","target":{"@type":"EntryPoint","urlTemplate":"https:\/\/www.colorflyprinting.com\/?s={search_term_string}"},"query-input":{"@type":"PropertyValueSpecification","valueRequired":true,"valueName":"search_term_string"}}],"inLanguage":"pt-PT"},{"@type":"Organization","@id":"https:\/\/www.colorflyprinting.com\/#organization","name":"Hefei Colorfly Stationery Co.,Ltd.","url":"https:\/\/www.colorflyprinting.com\/","logo":{"@type":"ImageObject","inLanguage":"pt-PT","@id":"https:\/\/www.colorflyprinting.com\/#\/schema\/logo\/image\/","url":"https:\/\/www.colorflyprinting.com\/wp-content\/uploads\/2025\/04\/d167665f943610681229e2f4307b9df.jpg","contentUrl":"https:\/\/www.colorflyprinting.com\/wp-content\/uploads\/2025\/04\/d167665f943610681229e2f4307b9df.jpg","width":780,"height":780,"caption":"Hefei Colorfly Stationery Co.,Ltd."},"image":{"@id":"https:\/\/www.colorflyprinting.com\/#\/schema\/logo\/image\/"}}]}},"_links":{"self":[{"href":"https:\/\/www.colorflyprinting.com\/pt\/wp-json\/wp\/v2\/product\/11205","targetHints":{"allow":["GET"]}}],"collection":[{"href":"https:\/\/www.colorflyprinting.com\/pt\/wp-json\/wp\/v2\/product"}],"about":[{"href":"https:\/\/www.colorflyprinting.com\/pt\/wp-json\/wp\/v2\/types\/product"}],"replies":[{"embeddable":true,"href":"https:\/\/www.colorflyprinting.com\/pt\/wp-json\/wp\/v2\/comments?post=11205"}],"wp:featuredmedia":[{"embeddable":true,"href":"https:\/\/www.colorflyprinting.com\/pt\/wp-json\/wp\/v2\/media\/11254"}],"wp:attachment":[{"href":"https:\/\/www.colorflyprinting.com\/pt\/wp-json\/wp\/v2\/media?parent=11205"}],"wp:term":[{"taxonomy":"product_brand","embeddable":true,"href":"https:\/\/www.colorflyprinting.com\/pt\/wp-json\/wp\/v2\/product_brand?post=11205"},{"taxonomy":"product_cat","embeddable":true,"href":"https:\/\/www.colorflyprinting.com\/pt\/wp-json\/wp\/v2\/product_cat?post=11205"},{"taxonomy":"product_tag","embeddable":true,"href":"https:\/\/www.colorflyprinting.com\/pt\/wp-json\/wp\/v2\/product_tag?post=11205"}],"curies":[{"name":"wp","href":"https:\/\/api.w.org\/{rel}","templated":true}]}}