{"id":11089,"date":"2025-04-22T01:20:07","date_gmt":"2025-04-22T01:20:07","guid":{"rendered":"https:\/\/www.colorflyprinting.com\/?post_type=product&#038;p=11089"},"modified":"2025-05-09T14:04:02","modified_gmt":"2025-05-09T14:04:02","slug":"factory-direct-yearly-planner-notebook","status":"publish","type":"product","link":"https:\/\/www.colorflyprinting.com\/pt\/produto\/caderno-planejador-anual-direto-da-fabrica\/","title":{"rendered":"Caderno de planejamento anual da Factory Direct"},"content":{"rendered":"<div class=\"text\">\n<p>\n\t<span style=\"font-size:18px;\">Item ?? Caderno planejador anual direto da f\u00e1brica<\/span>\n<\/p>\n<p>\n\t<span style=\"font-size:18px;\">Tamanho: A5 (145x215mm)<\/span>\n<\/p>\n<p>\n\t<span style=\"font-size:18px;\">Papel interno: papel offset 70\/80gsm<\/span>\n<\/p>\n<p>\n\t<span style=\"font-size:18px;\">Cor: Roxo \/ Laranja \/ Azul \/ Preto \/ Verde etc.<\/span>\n<\/p>\n<p>\n\t<span style=\"font-size:18px;\">Capa: Couro macio, impress\u00e3o gravada e logotipo dourado<\/span>\n<\/p>\n<p>\n\t<span style=\"font-size:18px;\">Encaderna\u00e7\u00e3o: Encaderna\u00e7\u00e3o perfeita&nbsp;<\/span>\n<\/p>\n<p>\n\t<span style=\"font-size:18px;\">Design e conte\u00fado do bloco<\/span>\n<\/p>\n<p>\n\t<span style=\"font-size:18px;\"><img decoding=\"async\" src=\"\/js\/htmledit\/kindeditor\/attached\/20191031\/20191031110446_60371.jpg\" alt=\"\"><br \/>\n<\/span>\n<\/p>\n<p>\n\t\n<\/p>\n<p>\n\t<strong><span style=\"font-size:18px;\">Tamanhos<\/span><\/strong>\n<\/p>\n<p>\n\tOs tamanhos mais comumente usados s\u00e3o 14,5\u00d721 cm e 15,5\u00d721 cm. Eles s\u00e3o muito adequados para planejar seu trabalho e tempo livre. O tamanho m\u00e9dio permite levar sua agenda para reuni\u00f5es (pois n\u00e3o ocupa muito espa\u00e7o, mas \u00e9 muito espa\u00e7oso). Se voc\u00ea passa muito tempo no escrit\u00f3rio, pode achar grandes planejadores semanais de 20\u00d726 cm ou cadernos de 20,5\u00d727 cm mais apropriados. Planejadores espirais regulares ou revestidos de 33\u00d715 cm n\u00e3o ocupar\u00e3o muito espa\u00e7o em sua mesa. Os tamanhos 10\u00d716 cm e 10,5\u00d716 cm s\u00e3o adequados para quem tem reuni\u00f5es e viagens de neg\u00f3cios com frequ\u00eancia, pois esses di\u00e1rios cabem facilmente em uma pequena bolsa. Os cadernos de 9\u00d713 cm e 8,5\u00d713 cm podem ser carregados at\u00e9 mesmo no seu bolso.\n<\/p>\n<p>\n\t<img decoding=\"async\" src=\"\/js\/htmledit\/kindeditor\/attached\/20191031\/20191031110516_35343.jpg\" alt=\"\">\n<\/p>\n<p>\n\t<strong><span style=\"font-size:18px;\">O conte\u00fado de um bloco padr\u00e3o<\/span><\/strong>\n<\/p>\n<p>\n\tO bloco padr\u00e3o de um caderno de calend\u00e1rio pode conter um mapa do seu pa\u00eds (na folha da frente), um mapa da Europa (na folha de tr\u00e1s) e extenso material de refer\u00eancia nas primeiras p\u00e1ginas do bloco, como:\n<\/p>\n<ul>\n<li>\n\t\tDados pessoais;\n\t<\/li>\n<li>\n\t\tCalend\u00e1rio para v\u00e1rios anos;\n\t<\/li>\n<li>\n\t\tEscalas de temperatura e velocidade;\n\t<\/li>\n<li>\n\t\talgarismos romanos;\n\t<\/li>\n<li>\n\t\tV\u00e1rias informa\u00e7\u00f5es sobre os pa\u00edses;\n\t<\/li>\n<li>\n\t\tTabelas de tamanhos de cal\u00e7ados e roupas;\n\t<\/li>\n<li>\n\t\tAtlas mundial.\n\t<\/li>\n<\/ul>\n<p>\n\t\n<\/p>\n<p>\n\t\n<\/p>\n<p>\n\t\n<\/p>\n<\/p><\/div>","protected":false},"excerpt":{"rendered":"<p>Agendas e cadernos personalizados de alta qualidade, tamanho A5, com el\u00e1stico<\/p>\n<ul class=\"ptab-list clearfix\">\n<li>\n<p>Marca:<\/p>\n<p><span>Colorfly<\/span><\/li>\n<li>\n<p>N\u00ba do item:<\/p>\n<p><span>CY-LB004<\/span><\/li>\n<li>\n<p>Tipo: <\/p>\n<p> <span>Caderno de calend\u00e1rio<\/span><\/li>\n<li>\n<p>Tamanho: <\/p>\n<p> <span>A5<\/span><\/li>\n<li>\n<p>Vinculativo: <\/p>\n<p> <span>Encaderna\u00e7\u00e3o perfeita<\/span><\/li>\n<li>\n<p>N\u00famero de p\u00e1ginas: <\/p>\n<p> <span>Personalizado<\/span><\/li>\n<li>\n<p>Impress\u00e3o interna: <\/p>\n<p> <span>Calend\u00e1rio<\/span><\/li>\n<li>\n<p>Impress\u00e3o da capa: <\/p>\n<p> <span>Impress\u00e3o em 4 cores<\/span><\/li>\n<\/ul>","protected":false},"featured_media":11075,"comment_status":"open","ping_status":"closed","template":"","meta":[],"product_brand":[],"product_cat":[127],"product_tag":[149,150,148],"class_list":{"0":"post-11089","1":"product","2":"type-product","3":"status-publish","4":"has-post-thumbnail","6":"product_cat-leather-notebook","7":"product_tag-best-calendar-notebook","8":"product_tag-notebook-calendar-planner","9":"product_tag-yearly-planner-notebook","11":"first","12":"instock","13":"shipping-taxable","14":"product-type-simple"},"yoast_head":"<!-- This site is optimized with the Yoast SEO Premium plugin v23.9 (Yoast SEO v25.2) - https:\/\/yoast.com\/wordpress\/plugins\/seo\/ -->\n<title>Factory Direct Yearly Planner Notebook - colorflyprinting<\/title>\n<meta name=\"robots\" content=\"index, follow, max-snippet:-1, max-image-preview:large, max-video-preview:-1\" \/>\n<link rel=\"canonical\" href=\"https:\/\/www.colorflyprinting.com\/pt\/produto\/caderno-planejador-anual-direto-da-fabrica\/\" \/>\n<meta property=\"og:locale\" content=\"pt_PT\" \/>\n<meta property=\"og:type\" content=\"article\" \/>\n<meta property=\"og:title\" content=\"Factory Direct Yearly Planner Notebook\" \/>\n<meta property=\"og:description\" content=\"High quality custom day planners and notebooks A5 size with elastic band                                                     Brand:Colorfly                                                   Item NO.:CY-LB004                                                                                                                                                                                                  Type: Calendar notebook                                 Size: A5                                 Binding: Perfect binding                                 Number of pages: Customized                                 Inner printing: Calendar                                 Cover printing: 4 colors printing\" \/>\n<meta property=\"og:url\" content=\"https:\/\/www.colorflyprinting.com\/pt\/produto\/caderno-planejador-anual-direto-da-fabrica\/\" \/>\n<meta property=\"og:site_name\" content=\"colorflyprinting\" \/>\n<meta property=\"article:modified_time\" content=\"2025-05-09T14:04:02+00:00\" \/>\n<meta name=\"twitter:card\" content=\"summary_large_image\" \/>\n<meta name=\"twitter:label1\" content=\"Tempo estimado de leitura\" \/>\n\t<meta name=\"twitter:data1\" content=\"1 minuto\" \/>\n<script type=\"application\/ld+json\" class=\"yoast-schema-graph\">{\"@context\":\"https:\/\/schema.org\",\"@graph\":[{\"@type\":\"WebPage\",\"@id\":\"https:\/\/www.colorflyprinting.com\/product\/factory-direct-yearly-planner-notebook\/\",\"url\":\"https:\/\/www.colorflyprinting.com\/product\/factory-direct-yearly-planner-notebook\/\",\"name\":\"Factory Direct Yearly Planner Notebook - colorflyprinting\",\"isPartOf\":{\"@id\":\"https:\/\/www.colorflyprinting.com\/#website\"},\"primaryImageOfPage\":{\"@id\":\"https:\/\/www.colorflyprinting.com\/product\/factory-direct-yearly-planner-notebook\/#primaryimage\"},\"image\":{\"@id\":\"https:\/\/www.colorflyprinting.com\/product\/factory-direct-yearly-planner-notebook\/#primaryimage\"},\"thumbnailUrl\":\"https:\/\/www.colorflyprinting.com\/wp-content\/uploads\/2025\/04\/fd6371d6d6ecd49f11fae19d15a71457_medium-1.jpg\",\"datePublished\":\"2025-04-22T01:20:07+00:00\",\"dateModified\":\"2025-05-09T14:04:02+00:00\",\"breadcrumb\":{\"@id\":\"https:\/\/www.colorflyprinting.com\/product\/factory-direct-yearly-planner-notebook\/#breadcrumb\"},\"inLanguage\":\"pt-PT\",\"potentialAction\":[{\"@type\":\"ReadAction\",\"target\":[\"https:\/\/www.colorflyprinting.com\/product\/factory-direct-yearly-planner-notebook\/\"]}]},{\"@type\":\"ImageObject\",\"inLanguage\":\"pt-PT\",\"@id\":\"https:\/\/www.colorflyprinting.com\/product\/factory-direct-yearly-planner-notebook\/#primaryimage\",\"url\":\"https:\/\/www.colorflyprinting.com\/wp-content\/uploads\/2025\/04\/fd6371d6d6ecd49f11fae19d15a71457_medium-1.jpg\",\"contentUrl\":\"https:\/\/www.colorflyprinting.com\/wp-content\/uploads\/2025\/04\/fd6371d6d6ecd49f11fae19d15a71457_medium-1.jpg\",\"width\":550,\"height\":550},{\"@type\":\"BreadcrumbList\",\"@id\":\"https:\/\/www.colorflyprinting.com\/product\/factory-direct-yearly-planner-notebook\/#breadcrumb\",\"itemListElement\":[{\"@type\":\"ListItem\",\"position\":1,\"name\":\"Home\",\"item\":\"https:\/\/www.colorflyprinting.com\/\"},{\"@type\":\"ListItem\",\"position\":2,\"name\":\"Product\",\"item\":\"https:\/\/www.colorflyprinting.com\/shop\/\"},{\"@type\":\"ListItem\",\"position\":3,\"name\":\"Factory Direct Yearly Planner Notebook\"}]},{\"@type\":\"WebSite\",\"@id\":\"https:\/\/www.colorflyprinting.com\/#website\",\"url\":\"https:\/\/www.colorflyprinting.com\/\",\"name\":\"Hefei Colorfly Stationery Co.,Ltd.\",\"description\":\"\",\"publisher\":{\"@id\":\"https:\/\/www.colorflyprinting.com\/#organization\"},\"potentialAction\":[{\"@type\":\"SearchAction\",\"target\":{\"@type\":\"EntryPoint\",\"urlTemplate\":\"https:\/\/www.colorflyprinting.com\/?s={search_term_string}\"},\"query-input\":{\"@type\":\"PropertyValueSpecification\",\"valueRequired\":true,\"valueName\":\"search_term_string\"}}],\"inLanguage\":\"pt-PT\"},{\"@type\":\"Organization\",\"@id\":\"https:\/\/www.colorflyprinting.com\/#organization\",\"name\":\"Hefei Colorfly Stationery Co.,Ltd.\",\"url\":\"https:\/\/www.colorflyprinting.com\/\",\"logo\":{\"@type\":\"ImageObject\",\"inLanguage\":\"pt-PT\",\"@id\":\"https:\/\/www.colorflyprinting.com\/#\/schema\/logo\/image\/\",\"url\":\"https:\/\/www.colorflyprinting.com\/wp-content\/uploads\/2025\/04\/d167665f943610681229e2f4307b9df.jpg\",\"contentUrl\":\"https:\/\/www.colorflyprinting.com\/wp-content\/uploads\/2025\/04\/d167665f943610681229e2f4307b9df.jpg\",\"width\":780,\"height\":780,\"caption\":\"Hefei Colorfly Stationery Co.,Ltd.\"},\"image\":{\"@id\":\"https:\/\/www.colorflyprinting.com\/#\/schema\/logo\/image\/\"}}]}<\/script>\n<!-- \/ Yoast SEO Premium plugin. -->","yoast_head_json":{"title":"Factory Direct Yearly Planner Notebook - colorflyprinting","robots":{"index":"index","follow":"follow","max-snippet":"max-snippet:-1","max-image-preview":"max-image-preview:large","max-video-preview":"max-video-preview:-1"},"canonical":"https:\/\/www.colorflyprinting.com\/pt\/produto\/caderno-planejador-anual-direto-da-fabrica\/","og_locale":"pt_PT","og_type":"article","og_title":"Factory Direct Yearly Planner Notebook","og_description":"High quality custom day planners and notebooks A5 size with elastic band                                                     Brand:Colorfly                                                   Item NO.:CY-LB004                                                                                                                                                                                                  Type: Calendar notebook                                 Size: A5                                 Binding: Perfect binding                                 Number of pages: Customized                                 Inner printing: Calendar                                 Cover printing: 4 colors printing","og_url":"https:\/\/www.colorflyprinting.com\/pt\/produto\/caderno-planejador-anual-direto-da-fabrica\/","og_site_name":"colorflyprinting","article_modified_time":"2025-05-09T14:04:02+00:00","twitter_card":"summary_large_image","twitter_misc":{"Tempo estimado de leitura":"1 minuto"},"schema":{"@context":"https:\/\/schema.org","@graph":[{"@type":"WebPage","@id":"https:\/\/www.colorflyprinting.com\/product\/factory-direct-yearly-planner-notebook\/","url":"https:\/\/www.colorflyprinting.com\/product\/factory-direct-yearly-planner-notebook\/","name":"Factory Direct Yearly Planner Notebook - colorflyprinting","isPartOf":{"@id":"https:\/\/www.colorflyprinting.com\/#website"},"primaryImageOfPage":{"@id":"https:\/\/www.colorflyprinting.com\/product\/factory-direct-yearly-planner-notebook\/#primaryimage"},"image":{"@id":"https:\/\/www.colorflyprinting.com\/product\/factory-direct-yearly-planner-notebook\/#primaryimage"},"thumbnailUrl":"https:\/\/www.colorflyprinting.com\/wp-content\/uploads\/2025\/04\/fd6371d6d6ecd49f11fae19d15a71457_medium-1.jpg","datePublished":"2025-04-22T01:20:07+00:00","dateModified":"2025-05-09T14:04:02+00:00","breadcrumb":{"@id":"https:\/\/www.colorflyprinting.com\/product\/factory-direct-yearly-planner-notebook\/#breadcrumb"},"inLanguage":"pt-PT","potentialAction":[{"@type":"ReadAction","target":["https:\/\/www.colorflyprinting.com\/product\/factory-direct-yearly-planner-notebook\/"]}]},{"@type":"ImageObject","inLanguage":"pt-PT","@id":"https:\/\/www.colorflyprinting.com\/product\/factory-direct-yearly-planner-notebook\/#primaryimage","url":"https:\/\/www.colorflyprinting.com\/wp-content\/uploads\/2025\/04\/fd6371d6d6ecd49f11fae19d15a71457_medium-1.jpg","contentUrl":"https:\/\/www.colorflyprinting.com\/wp-content\/uploads\/2025\/04\/fd6371d6d6ecd49f11fae19d15a71457_medium-1.jpg","width":550,"height":550},{"@type":"BreadcrumbList","@id":"https:\/\/www.colorflyprinting.com\/product\/factory-direct-yearly-planner-notebook\/#breadcrumb","itemListElement":[{"@type":"ListItem","position":1,"name":"Home","item":"https:\/\/www.colorflyprinting.com\/"},{"@type":"ListItem","position":2,"name":"Product","item":"https:\/\/www.colorflyprinting.com\/shop\/"},{"@type":"ListItem","position":3,"name":"Factory Direct Yearly Planner Notebook"}]},{"@type":"WebSite","@id":"https:\/\/www.colorflyprinting.com\/#website","url":"https:\/\/www.colorflyprinting.com\/","name":"Hefei Colorfly Stationery Co.,Ltd.","description":"","publisher":{"@id":"https:\/\/www.colorflyprinting.com\/#organization"},"potentialAction":[{"@type":"SearchAction","target":{"@type":"EntryPoint","urlTemplate":"https:\/\/www.colorflyprinting.com\/?s={search_term_string}"},"query-input":{"@type":"PropertyValueSpecification","valueRequired":true,"valueName":"search_term_string"}}],"inLanguage":"pt-PT"},{"@type":"Organization","@id":"https:\/\/www.colorflyprinting.com\/#organization","name":"Hefei Colorfly Stationery Co.,Ltd.","url":"https:\/\/www.colorflyprinting.com\/","logo":{"@type":"ImageObject","inLanguage":"pt-PT","@id":"https:\/\/www.colorflyprinting.com\/#\/schema\/logo\/image\/","url":"https:\/\/www.colorflyprinting.com\/wp-content\/uploads\/2025\/04\/d167665f943610681229e2f4307b9df.jpg","contentUrl":"https:\/\/www.colorflyprinting.com\/wp-content\/uploads\/2025\/04\/d167665f943610681229e2f4307b9df.jpg","width":780,"height":780,"caption":"Hefei Colorfly Stationery Co.,Ltd."},"image":{"@id":"https:\/\/www.colorflyprinting.com\/#\/schema\/logo\/image\/"}}]}},"_links":{"self":[{"href":"https:\/\/www.colorflyprinting.com\/pt\/wp-json\/wp\/v2\/product\/11089","targetHints":{"allow":["GET"]}}],"collection":[{"href":"https:\/\/www.colorflyprinting.com\/pt\/wp-json\/wp\/v2\/product"}],"about":[{"href":"https:\/\/www.colorflyprinting.com\/pt\/wp-json\/wp\/v2\/types\/product"}],"replies":[{"embeddable":true,"href":"https:\/\/www.colorflyprinting.com\/pt\/wp-json\/wp\/v2\/comments?post=11089"}],"wp:featuredmedia":[{"embeddable":true,"href":"https:\/\/www.colorflyprinting.com\/pt\/wp-json\/wp\/v2\/media\/11075"}],"wp:attachment":[{"href":"https:\/\/www.colorflyprinting.com\/pt\/wp-json\/wp\/v2\/media?parent=11089"}],"wp:term":[{"taxonomy":"product_brand","embeddable":true,"href":"https:\/\/www.colorflyprinting.com\/pt\/wp-json\/wp\/v2\/product_brand?post=11089"},{"taxonomy":"product_cat","embeddable":true,"href":"https:\/\/www.colorflyprinting.com\/pt\/wp-json\/wp\/v2\/product_cat?post=11089"},{"taxonomy":"product_tag","embeddable":true,"href":"https:\/\/www.colorflyprinting.com\/pt\/wp-json\/wp\/v2\/product_tag?post=11089"}],"curies":[{"name":"wp","href":"https:\/\/api.w.org\/{rel}","templated":true}]}}