{"id":11081,"date":"2025-04-22T01:20:07","date_gmt":"2025-04-22T01:20:07","guid":{"rendered":"https:\/\/www.colorflyprinting.com\/?post_type=product&#038;p=11081"},"modified":"2025-12-02T03:19:38","modified_gmt":"2025-12-02T03:19:38","slug":"custom-logo-sequin-notebook-a6-size","status":"publish","type":"product","link":"https:\/\/www.colorflyprinting.com\/pt\/produto\/caderno-de-lantejoulas-com-logotipo-personalizado-tamanho-a6\/","title":{"rendered":"Caderno de lantejoulas com logotipo personalizado tamanho A6"},"content":{"rendered":"<div class=\"text\">\n<div style=\"text-indent:2em;\">\n<div class=\"table-responsive\">\n<table border=\"1\">\n<tbody>\n<tr>\n<td>\n<p>\n\t\t\t\t\t\tNome do produto\n\t\t\t\t\t<\/p>\n<\/td>\n<td>\n<p>\n\t\t\t\t\t\tConjunto de cadernos de lantejoulas\n\t\t\t\t\t<\/p>\n<\/td>\n<\/tr>\n<tr>\n<td>\n<p>\n\t\t\t\t\t\tFolha (p\u00e1gina)\n\t\t\t\t\t<\/p>\n<\/td>\n<td>\n<p>\n\t\t\t\t\t\t150 p\u00e1ginas (1 folha = 2 p\u00e1ginas)\n\t\t\t\t\t<\/p>\n<\/td>\n<\/tr>\n<tr>\n<td>\n<p>\n\t\t\t\t\t\tTamanho\n\t\t\t\t\t<\/p>\n<\/td>\n<td>\n<p>\n\t\t\t\t\t\tTamanho A6\n\t\t\t\t\t<\/p>\n<\/td>\n<\/tr>\n<tr>\n<td>\n<p>\n\t\t\t\t\t\tCobrir\n\t\t\t\t\t<\/p>\n<\/td>\n<td>\n<p>\n\t\t\t\t\t\tLantejoulas; design personalizado dispon\u00edvel\n\t\t\t\t\t<\/p>\n<\/td>\n<\/tr>\n<tr>\n<td>\n<p>\n\t\t\t\t\t\tVinculativo\n\t\t\t\t\t<\/p>\n<\/td>\n<td>\n<p>\n\t\t\t\t\t\tEncaderna\u00e7\u00e3o perfeita\n\t\t\t\t\t<\/p>\n<\/td>\n<\/tr>\n<tr>\n<td>\n<p>\n\t\t\t\t\t\tImpress\u00e3o interna\n\t\t\t\t\t<\/p>\n<\/td>\n<td>\n<p>\n\t\t\t\t\t\tLinha \u00fanica\n\t\t\t\t\t<\/p>\n<\/td>\n<\/tr>\n<tr>\n<td>\n<p>\n\t\t\t\t\t\tPapel Interno GSM&nbsp; &nbsp; &nbsp; &nbsp; &nbsp; &nbsp; &nbsp; &nbsp; &nbsp;\n\t\t\t\t\t<\/p>\n<\/td>\n<td>\n<p>\n\t\t\t\t\t\t70-100 g\/m\u00b2\n\t\t\t\t\t<\/p>\n<\/td>\n<\/tr>\n<tr>\n<td>\n<p>\n\t\t\t\t\t\tUso\n\t\t\t\t\t<\/p>\n<\/td>\n<td>\n<p>\n\t\t\t\t\t\tEscola \/ Escrit\u00f3rio \/ etc\n\t\t\t\t\t<\/p>\n<\/td>\n<\/tr>\n<tr>\n<td>\n<p>\n\t\t\t\t\t\tEmbalagem\n\t\t\t\t\t<\/p>\n<\/td>\n<td>\n<p>\n\t\t\t\t\t\t1 pc\/saco opp ou conforme solicita\u00e7\u00e3o\n\t\t\t\t\t<\/p>\n<\/td>\n<\/tr>\n<tr>\n<td>\n<p>\n\t\t\t\t\t\tPre\u00e7o&nbsp;\n\t\t\t\t\t<\/p>\n<\/td>\n<td>\n<p>\n\t\t\t\t\t\tO bom pre\u00e7o ser\u00e1 atualizado ap\u00f3s o recebimento de sua consulta detalhada&nbsp; &nbsp; &nbsp; &nbsp; &nbsp; &nbsp; &nbsp; &nbsp; &nbsp;&nbsp;\n\t\t\t\t\t<\/p>\n<\/td>\n<\/tr>\n<\/tbody>\n<\/table>\n<\/div>\n<\/div>\n<p style=\"text-indent:2em;\">\n\t\n<\/p>\n<h3 style=\"text-indent:2em;\">\n<\/h3>\n<h3 style=\"text-indent:2em;\">\n\tTamanhos de cadernos de lantejoulas sortidos da seguinte forma:<br \/>\n<\/h3>\n<p style=\"text-indent:2em;\">\n\tCaderno A4 de lantejoulas\n<\/p>\n<p style=\"text-indent:2em;\">\n\tCaderno A5 de lantejoulas\n<\/p>\n<p style=\"text-indent:2em;\">\n\tCaderno de lantejoulas A6\n<\/p>\n<p style=\"text-indent:2em;\">\n\tCaderno de lantejoulas B5 etc.\n<\/p>\n<p style=\"text-indent:2em;\">\n\t\n<\/p>\n<p style=\"text-indent:2em;\">\n\tPadr\u00e3o de capa??\n<\/p>\n<p style=\"text-indent:2em;\">\n\tcaderno de lantejoulas arco-\u00edris\n<\/p>\n<p style=\"text-indent:2em;\">\n\tcaderno de lantejoulas m\u00e1gicas\n<\/p>\n<p style=\"text-indent:2em;\">\n\tcaderno de lantejoulas de cora\u00e7\u00e3o\n<\/p>\n<p style=\"text-indent:2em;\">\n\tcaderno de lantejoulas de unic\u00f3rnio\n<\/p>\n<p style=\"text-indent:2em;\">\n\tcaderno de lantejoulas de sublima\u00e7\u00e3o etc.\n<\/p>\n<p>\n\t<img decoding=\"async\" src=\"\/js\/htmledit\/kindeditor\/php\/..\/attached\/20200121\/20200121095847_51630.jpg\" alt=\"\"><img decoding=\"async\" src=\"\/js\/htmledit\/kindeditor\/php\/..\/attached\/20200121\/20200121095849_99482.jpg\" alt=\"\">\n<\/p>\n<p style=\"text-indent:2em;\">\n\tPor que nos escolher?\n<\/p>\n<p style=\"text-indent:2em;\">\n\tVoc\u00ea pode desfrutar de um servi\u00e7o personalizado;\n<\/p>\n<p style=\"text-indent:2em;\">\n\tVoc\u00ea pode obter benef\u00edcios ao fazer o pedido;\n<\/p>\n<p style=\"text-indent:2em;\">\n\tVoc\u00ea pode aproveitar a entrega r\u00e1pida de mercadorias;\n<\/p>\n<p style=\"text-indent:2em;\">\n\tVoc\u00ea recebe o que paga, voc\u00ea merece boa qualidade.\n<\/p>\n<p style=\"text-indent:2em;\">\n\t\n<\/p>\n<p style=\"text-indent:2em;\">\n\t\n<\/p>\n<p style=\"text-indent:2em;\">\n\t\n<\/p>\n<h3 style=\"text-indent:2em;\">\n\t<br \/>\n<\/h3>\n<p style=\"text-indent:2em;\">\n\t\n<\/p>\n<p style=\"text-indent:2em;\">\n\t\n<\/p>\n<\/p><\/div>","protected":false},"excerpt":{"rendered":"<p>Conjunto de cadernos A6 com lantejoulas brilhantes e letras ABCD, 150 p\u00e1ginas<\/p>\n<ul class=\"ptab-list clearfix\">\n<li>\n<p>Marca:<\/p>\n<p><span>Colorfly<\/span><\/li>\n<li>\n<p>N\u00ba do item:<\/p>\n<p><span>CY-SE01<\/span><\/li>\n<li>\n<p>Porto de embarque:<\/p>\n<p><span>Xangai<\/span><\/li>\n<li>\n<p>Tipo: <\/p>\n<p> <span>Caderno de lantejoulas<\/span><\/li>\n<li>\n<p>Tamanho: <\/p>\n<p> <span>Tamanho A6<\/span><\/li>\n<li>\n<p>Vinculativo: <\/p>\n<p> <span>Encaderna\u00e7\u00e3o perfeita<\/span><\/li>\n<li>\n<p>N\u00famero de p\u00e1ginas: <\/p>\n<p> <span>150 p\u00e1ginas<\/span><\/li>\n<li>\n<p>Impress\u00e3o interna: <\/p>\n<p> <span>Faculdade dominada<\/span><\/li>\n<li>\n<p>Impress\u00e3o da capa: <\/p>\n<p> <span>Impress\u00e3o em cores<\/span><\/li>\n<\/ul>","protected":false},"featured_media":11108,"comment_status":"open","ping_status":"closed","template":"","meta":[],"product_brand":[],"product_cat":[449],"product_tag":[124,125,126],"class_list":{"0":"post-11081","1":"product","2":"type-product","3":"status-publish","4":"has-post-thumbnail","6":"product_cat-hardcover-notebook","7":"product_tag-colorful-shining-sequins-notebook","8":"product_tag-custom-logo-sequin-notebook","9":"product_tag-reversible-sequin-notebook","11":"first","12":"instock","13":"shipping-taxable","14":"product-type-simple"},"yoast_head":"<!-- This site is optimized with the Yoast SEO Premium plugin v23.9 (Yoast SEO v25.2) - https:\/\/yoast.com\/wordpress\/plugins\/seo\/ -->\n<title>Custom Logo Sequin Notebook A6 Size - colorflyprinting<\/title>\n<meta name=\"robots\" content=\"index, follow, max-snippet:-1, max-image-preview:large, max-video-preview:-1\" \/>\n<link rel=\"canonical\" href=\"https:\/\/www.colorflyprinting.com\/pt\/produto\/caderno-de-lantejoulas-com-logotipo-personalizado-tamanho-a6\/\" \/>\n<meta property=\"og:locale\" content=\"pt_PT\" \/>\n<meta property=\"og:type\" content=\"article\" \/>\n<meta property=\"og:title\" content=\"Custom Logo Sequin Notebook A6 Size\" \/>\n<meta property=\"og:description\" content=\"A6 size glittersequined notebook set with ABCD letter 150 pages                                                    Brand:Colorfly                                                   Item NO.:CY-SE01                                                   Shipping Port:Shanghai                                                                                                                                                                                  Type: Sequined notebook                                 Size: A6 size                                 Binding: Perfect binding                                 Number of pages: 150 pages                                 Inner printing: Colleage ruled                                 Cover printing: Full color printing\" \/>\n<meta property=\"og:url\" content=\"https:\/\/www.colorflyprinting.com\/pt\/produto\/caderno-de-lantejoulas-com-logotipo-personalizado-tamanho-a6\/\" \/>\n<meta property=\"og:site_name\" content=\"colorflyprinting\" \/>\n<meta property=\"article:modified_time\" content=\"2025-12-02T03:19:38+00:00\" \/>\n<meta property=\"og:image\" content=\"https:\/\/www.colorflyprinting.com\/wp-content\/uploads\/2025\/04\/36c5e237f6cc409d6e70f67c796b17c1_medium-1.jpg\" \/>\n\t<meta property=\"og:image:width\" content=\"550\" \/>\n\t<meta property=\"og:image:height\" content=\"550\" \/>\n\t<meta property=\"og:image:type\" content=\"image\/jpeg\" \/>\n<meta name=\"twitter:card\" content=\"summary_large_image\" \/>\n<meta name=\"twitter:label1\" content=\"Tempo estimado de leitura\" \/>\n\t<meta name=\"twitter:data1\" content=\"1 minuto\" \/>\n<script type=\"application\/ld+json\" class=\"yoast-schema-graph\">{\"@context\":\"https:\/\/schema.org\",\"@graph\":[{\"@type\":\"WebPage\",\"@id\":\"https:\/\/www.colorflyprinting.com\/product\/custom-logo-sequin-notebook-a6-size\/\",\"url\":\"https:\/\/www.colorflyprinting.com\/product\/custom-logo-sequin-notebook-a6-size\/\",\"name\":\"Custom Logo Sequin Notebook A6 Size - colorflyprinting\",\"isPartOf\":{\"@id\":\"https:\/\/www.colorflyprinting.com\/#website\"},\"primaryImageOfPage\":{\"@id\":\"https:\/\/www.colorflyprinting.com\/product\/custom-logo-sequin-notebook-a6-size\/#primaryimage\"},\"image\":{\"@id\":\"https:\/\/www.colorflyprinting.com\/product\/custom-logo-sequin-notebook-a6-size\/#primaryimage\"},\"thumbnailUrl\":\"https:\/\/www.colorflyprinting.com\/wp-content\/uploads\/2025\/04\/36c5e237f6cc409d6e70f67c796b17c1_medium-1.jpg\",\"datePublished\":\"2025-04-22T01:20:07+00:00\",\"dateModified\":\"2025-12-02T03:19:38+00:00\",\"breadcrumb\":{\"@id\":\"https:\/\/www.colorflyprinting.com\/product\/custom-logo-sequin-notebook-a6-size\/#breadcrumb\"},\"inLanguage\":\"pt-PT\",\"potentialAction\":[{\"@type\":\"ReadAction\",\"target\":[\"https:\/\/www.colorflyprinting.com\/product\/custom-logo-sequin-notebook-a6-size\/\"]}]},{\"@type\":\"ImageObject\",\"inLanguage\":\"pt-PT\",\"@id\":\"https:\/\/www.colorflyprinting.com\/product\/custom-logo-sequin-notebook-a6-size\/#primaryimage\",\"url\":\"https:\/\/www.colorflyprinting.com\/wp-content\/uploads\/2025\/04\/36c5e237f6cc409d6e70f67c796b17c1_medium-1.jpg\",\"contentUrl\":\"https:\/\/www.colorflyprinting.com\/wp-content\/uploads\/2025\/04\/36c5e237f6cc409d6e70f67c796b17c1_medium-1.jpg\",\"width\":550,\"height\":550},{\"@type\":\"BreadcrumbList\",\"@id\":\"https:\/\/www.colorflyprinting.com\/product\/custom-logo-sequin-notebook-a6-size\/#breadcrumb\",\"itemListElement\":[{\"@type\":\"ListItem\",\"position\":1,\"name\":\"Home\",\"item\":\"https:\/\/www.colorflyprinting.com\/\"},{\"@type\":\"ListItem\",\"position\":2,\"name\":\"Product\",\"item\":\"https:\/\/www.colorflyprinting.com\/shop\/\"},{\"@type\":\"ListItem\",\"position\":3,\"name\":\"Custom Logo Sequin Notebook A6 Size\"}]},{\"@type\":\"WebSite\",\"@id\":\"https:\/\/www.colorflyprinting.com\/#website\",\"url\":\"https:\/\/www.colorflyprinting.com\/\",\"name\":\"Hefei Colorfly Stationery Co.,Ltd.\",\"description\":\"\",\"publisher\":{\"@id\":\"https:\/\/www.colorflyprinting.com\/#organization\"},\"potentialAction\":[{\"@type\":\"SearchAction\",\"target\":{\"@type\":\"EntryPoint\",\"urlTemplate\":\"https:\/\/www.colorflyprinting.com\/?s={search_term_string}\"},\"query-input\":{\"@type\":\"PropertyValueSpecification\",\"valueRequired\":true,\"valueName\":\"search_term_string\"}}],\"inLanguage\":\"pt-PT\"},{\"@type\":\"Organization\",\"@id\":\"https:\/\/www.colorflyprinting.com\/#organization\",\"name\":\"Hefei Colorfly Stationery Co.,Ltd.\",\"url\":\"https:\/\/www.colorflyprinting.com\/\",\"logo\":{\"@type\":\"ImageObject\",\"inLanguage\":\"pt-PT\",\"@id\":\"https:\/\/www.colorflyprinting.com\/#\/schema\/logo\/image\/\",\"url\":\"https:\/\/www.colorflyprinting.com\/wp-content\/uploads\/2025\/04\/d167665f943610681229e2f4307b9df.jpg\",\"contentUrl\":\"https:\/\/www.colorflyprinting.com\/wp-content\/uploads\/2025\/04\/d167665f943610681229e2f4307b9df.jpg\",\"width\":780,\"height\":780,\"caption\":\"Hefei Colorfly Stationery Co.,Ltd.\"},\"image\":{\"@id\":\"https:\/\/www.colorflyprinting.com\/#\/schema\/logo\/image\/\"}}]}<\/script>\n<!-- \/ Yoast SEO Premium plugin. -->","yoast_head_json":{"title":"Custom Logo Sequin Notebook A6 Size - colorflyprinting","robots":{"index":"index","follow":"follow","max-snippet":"max-snippet:-1","max-image-preview":"max-image-preview:large","max-video-preview":"max-video-preview:-1"},"canonical":"https:\/\/www.colorflyprinting.com\/pt\/produto\/caderno-de-lantejoulas-com-logotipo-personalizado-tamanho-a6\/","og_locale":"pt_PT","og_type":"article","og_title":"Custom Logo Sequin Notebook A6 Size","og_description":"A6 size glittersequined notebook set with ABCD letter 150 pages                                                    Brand:Colorfly                                                   Item NO.:CY-SE01                                                   Shipping Port:Shanghai                                                                                                                                                                                  Type: Sequined notebook                                 Size: A6 size                                 Binding: Perfect binding                                 Number of pages: 150 pages                                 Inner printing: Colleage ruled                                 Cover printing: Full color printing","og_url":"https:\/\/www.colorflyprinting.com\/pt\/produto\/caderno-de-lantejoulas-com-logotipo-personalizado-tamanho-a6\/","og_site_name":"colorflyprinting","article_modified_time":"2025-12-02T03:19:38+00:00","og_image":[{"width":550,"height":550,"url":"https:\/\/www.colorflyprinting.com\/wp-content\/uploads\/2025\/04\/36c5e237f6cc409d6e70f67c796b17c1_medium-1.jpg","type":"image\/jpeg"}],"twitter_card":"summary_large_image","twitter_misc":{"Tempo estimado de leitura":"1 minuto"},"schema":{"@context":"https:\/\/schema.org","@graph":[{"@type":"WebPage","@id":"https:\/\/www.colorflyprinting.com\/product\/custom-logo-sequin-notebook-a6-size\/","url":"https:\/\/www.colorflyprinting.com\/product\/custom-logo-sequin-notebook-a6-size\/","name":"Custom Logo Sequin Notebook A6 Size - colorflyprinting","isPartOf":{"@id":"https:\/\/www.colorflyprinting.com\/#website"},"primaryImageOfPage":{"@id":"https:\/\/www.colorflyprinting.com\/product\/custom-logo-sequin-notebook-a6-size\/#primaryimage"},"image":{"@id":"https:\/\/www.colorflyprinting.com\/product\/custom-logo-sequin-notebook-a6-size\/#primaryimage"},"thumbnailUrl":"https:\/\/www.colorflyprinting.com\/wp-content\/uploads\/2025\/04\/36c5e237f6cc409d6e70f67c796b17c1_medium-1.jpg","datePublished":"2025-04-22T01:20:07+00:00","dateModified":"2025-12-02T03:19:38+00:00","breadcrumb":{"@id":"https:\/\/www.colorflyprinting.com\/product\/custom-logo-sequin-notebook-a6-size\/#breadcrumb"},"inLanguage":"pt-PT","potentialAction":[{"@type":"ReadAction","target":["https:\/\/www.colorflyprinting.com\/product\/custom-logo-sequin-notebook-a6-size\/"]}]},{"@type":"ImageObject","inLanguage":"pt-PT","@id":"https:\/\/www.colorflyprinting.com\/product\/custom-logo-sequin-notebook-a6-size\/#primaryimage","url":"https:\/\/www.colorflyprinting.com\/wp-content\/uploads\/2025\/04\/36c5e237f6cc409d6e70f67c796b17c1_medium-1.jpg","contentUrl":"https:\/\/www.colorflyprinting.com\/wp-content\/uploads\/2025\/04\/36c5e237f6cc409d6e70f67c796b17c1_medium-1.jpg","width":550,"height":550},{"@type":"BreadcrumbList","@id":"https:\/\/www.colorflyprinting.com\/product\/custom-logo-sequin-notebook-a6-size\/#breadcrumb","itemListElement":[{"@type":"ListItem","position":1,"name":"Home","item":"https:\/\/www.colorflyprinting.com\/"},{"@type":"ListItem","position":2,"name":"Product","item":"https:\/\/www.colorflyprinting.com\/shop\/"},{"@type":"ListItem","position":3,"name":"Custom Logo Sequin Notebook A6 Size"}]},{"@type":"WebSite","@id":"https:\/\/www.colorflyprinting.com\/#website","url":"https:\/\/www.colorflyprinting.com\/","name":"Hefei Colorfly Stationery Co.,Ltd.","description":"","publisher":{"@id":"https:\/\/www.colorflyprinting.com\/#organization"},"potentialAction":[{"@type":"SearchAction","target":{"@type":"EntryPoint","urlTemplate":"https:\/\/www.colorflyprinting.com\/?s={search_term_string}"},"query-input":{"@type":"PropertyValueSpecification","valueRequired":true,"valueName":"search_term_string"}}],"inLanguage":"pt-PT"},{"@type":"Organization","@id":"https:\/\/www.colorflyprinting.com\/#organization","name":"Hefei Colorfly Stationery Co.,Ltd.","url":"https:\/\/www.colorflyprinting.com\/","logo":{"@type":"ImageObject","inLanguage":"pt-PT","@id":"https:\/\/www.colorflyprinting.com\/#\/schema\/logo\/image\/","url":"https:\/\/www.colorflyprinting.com\/wp-content\/uploads\/2025\/04\/d167665f943610681229e2f4307b9df.jpg","contentUrl":"https:\/\/www.colorflyprinting.com\/wp-content\/uploads\/2025\/04\/d167665f943610681229e2f4307b9df.jpg","width":780,"height":780,"caption":"Hefei Colorfly Stationery Co.,Ltd."},"image":{"@id":"https:\/\/www.colorflyprinting.com\/#\/schema\/logo\/image\/"}}]}},"_links":{"self":[{"href":"https:\/\/www.colorflyprinting.com\/pt\/wp-json\/wp\/v2\/product\/11081","targetHints":{"allow":["GET"]}}],"collection":[{"href":"https:\/\/www.colorflyprinting.com\/pt\/wp-json\/wp\/v2\/product"}],"about":[{"href":"https:\/\/www.colorflyprinting.com\/pt\/wp-json\/wp\/v2\/types\/product"}],"replies":[{"embeddable":true,"href":"https:\/\/www.colorflyprinting.com\/pt\/wp-json\/wp\/v2\/comments?post=11081"}],"wp:featuredmedia":[{"embeddable":true,"href":"https:\/\/www.colorflyprinting.com\/pt\/wp-json\/wp\/v2\/media\/11108"}],"wp:attachment":[{"href":"https:\/\/www.colorflyprinting.com\/pt\/wp-json\/wp\/v2\/media?parent=11081"}],"wp:term":[{"taxonomy":"product_brand","embeddable":true,"href":"https:\/\/www.colorflyprinting.com\/pt\/wp-json\/wp\/v2\/product_brand?post=11081"},{"taxonomy":"product_cat","embeddable":true,"href":"https:\/\/www.colorflyprinting.com\/pt\/wp-json\/wp\/v2\/product_cat?post=11081"},{"taxonomy":"product_tag","embeddable":true,"href":"https:\/\/www.colorflyprinting.com\/pt\/wp-json\/wp\/v2\/product_tag?post=11081"}],"curies":[{"name":"wp","href":"https:\/\/api.w.org\/{rel}","templated":true}]}}