{"id":18982,"date":"2025-10-24T01:23:19","date_gmt":"2025-10-24T01:23:19","guid":{"rendered":"https:\/\/www.colorflyprinting.com\/?post_type=product&#038;p=18982"},"modified":"2025-11-07T07:01:58","modified_gmt":"2025-11-07T07:01:58","slug":"a5-school-exercise-book-100-single-line-pages","status":"publish","type":"product","link":"https:\/\/www.colorflyprinting.com\/it\/prodotto\/a5-school-exercise-book-100-single-line-pages\/","title":{"rendered":"A5 School Exercise Book | 100 Single-Line Pages Student Notebook"},"content":{"rendered":"<div class=\"J_module\">\n<h3 id=\"ali-anchor-AliMagic-1nk9je\" class=\"magic-6\" data-section=\"AliMagic-1nk9je\" data-section-title=\"Product Description\" data-spm-anchor-id=\"a2700.details-description.0.i0.2f40Q5JlQ5JlPx\">Descrizione del prodotto<\/h3>\n<\/div>\n<div class=\"J_module\">\n<div class=\"ife-detail-decorate-table\">\n<table class=\"hight-light-first-column all magic-7\">\n<tbody>\n<tr>\n<td colspan=\"1\" rowspan=\"1\">\n<div class=\"magic-8\">Tipo di prodotto<\/div>\n<\/td>\n<td colspan=\"4\" rowspan=\"1\">\n<div class=\"magic-9\">\u00a0Hefei Colorfly Stationery Co.,Ltd &#8212;&#8212; exercise book<\/div>\n<\/td>\n<\/tr>\n<tr>\n<td colspan=\"1\" rowspan=\"1\">\n<div class=\"magic-8\">Materiale di copertura<\/div>\n<\/td>\n<td colspan=\"4\" rowspan=\"1\">\n<div class=\"magic-9\">Carta patinata \/ carta lucida: 105g\/120\/128\/150\/157\/180\/200\/250\/300\/350\/400g Cartoncino avorio \/ cartoncino bianco:<br \/>\n190\/210\/230\/250\/300\/350\/400\/450g Cartone grigio \/ cartone duplex: 250\/300\/350\/400\/450g<\/div>\n<\/td>\n<\/tr>\n<tr>\n<td colspan=\"1\" rowspan=\"1\">\n<div class=\"magic-8\">Bianco dorso bianco<\/div>\n<\/td>\n<td colspan=\"4\" rowspan=\"1\">\n<div class=\"magic-9\">250\/300\/350\/400\/450 g<\/div>\n<\/td>\n<\/tr>\n<tr>\n<td colspan=\"1\" rowspan=\"1\">\n<div class=\"magic-8\">Carta kraft\/carta da pacchi<\/div>\n<\/td>\n<td colspan=\"4\" rowspan=\"1\">\n<div class=\"magic-12\">\u00a0100g\/110\/120\/140\/160\/180g\u2026\u2026<\/div>\n<\/td>\n<\/tr>\n<tr>\n<td colspan=\"1\" rowspan=\"1\">\n<div class=\"magic-8\">Finitura della copertina<\/div>\n<\/td>\n<td colspan=\"4\" rowspan=\"1\">\n<div class=\"magic-12\">\n<p>Stampa a 4 colori o stampa CMYK<\/p>\n<div data-spm-anchor-id=\"a2700.pc-decorate.0.i194.52a43333dBdAsQ\">Laminazione lucida con vernice a olio o UV<\/div>\n<div data-spm-anchor-id=\"a2700.pc-decorate.0.i194.52a43333dBdAsQ\">plastificazione opaca Stampa dorata o stampa argento<\/div>\n<\/div>\n<\/td>\n<\/tr>\n<tr>\n<td colspan=\"1\" rowspan=\"1\">\n<div class=\"magic-8\">Legame<\/div>\n<\/td>\n<td colspan=\"4\" rowspan=\"1\">\n<div class=\"magic-12\">\u00a0Rilegatura a punto metallico, punto metallico, rilegatura con colla, rilegatura con cucitura, rilegatura perfetta, rilegatura a spirale singola\/doppia, rilegatura a nastro<\/div>\n<\/td>\n<\/tr>\n<tr>\n<td colspan=\"1\" rowspan=\"1\">\n<div class=\"magic-8\">Carta interna<\/div>\n<\/td>\n<td colspan=\"4\" rowspan=\"1\">\n<div class=\"magic-12\">\n<p>carta senza legno\/carta vergine: 55 g\/60\/70\/80\/100\u2013200 g<\/p>\n<div data-spm-anchor-id=\"a2700.pc-decorate.0.i206.52a43333dBdAsQ\">Carta offset: 50\u2013200 g<\/div>\n<div data-spm-anchor-id=\"a2700.pc-decorate.0.i206.52a43333dBdAsQ\">\u00a0Carta da scrivere: 42-55 g Carta riciclata: 42-50 g<br \/>\nCarta da giornale o carta da giornale: 45\/48\/50 g<\/div>\n<\/div>\n<\/td>\n<\/tr>\n<tr>\n<td colspan=\"1\" rowspan=\"1\">\n<div class=\"magic-8\">Stampa interna<\/div>\n<\/td>\n<td colspan=\"4\" rowspan=\"1\">\n<div class=\"magic-12\">\u00a0Linea singola \/ linea francese \/ linea quadrata \/ linea incrociata \/ vuota ecc. come richiesto dal cliente<\/div>\n<\/td>\n<\/tr>\n<tr>\n<td colspan=\"1\" rowspan=\"1\">\n<div class=\"magic-8\">Misurare<\/div>\n<\/td>\n<td colspan=\"4\" rowspan=\"1\">\n<div class=\"magic-12\">\u00a0In base alle specifiche esigenze del cliente, ad esempio: L* W* H in CM o pollici.<\/div>\n<\/td>\n<\/tr>\n<tr>\n<td colspan=\"1\" rowspan=\"1\">\n<div class=\"magic-8\">Pacchetto<\/div>\n<\/td>\n<td colspan=\"4\" rowspan=\"1\">\n<div class=\"magic-12\">Termoretraibile e inscatolato o secondo i requisiti dettagliati del cliente<\/div>\n<\/td>\n<\/tr>\n<tr>\n<td colspan=\"1\" rowspan=\"1\">\n<div class=\"magic-8\">Tempi di consegna<\/div>\n<\/td>\n<td colspan=\"4\" rowspan=\"1\">\n<div class=\"magic-12\">25 giorni dopo la conferma dell&#039;ordine<\/div>\n<\/td>\n<\/tr>\n<tr>\n<td colspan=\"1\" rowspan=\"1\">\n<div class=\"magic-8\">Campione<\/div>\n<\/td>\n<td colspan=\"4\" rowspan=\"1\">\n<div class=\"magic-12\">Pu\u00f2 essere disponibile<\/div>\n<\/td>\n<\/tr>\n<tr>\n<td colspan=\"1\" rowspan=\"1\">\n<div class=\"magic-8\">Quantit\u00e0 minima d&#039;ordine<\/div>\n<\/td>\n<td colspan=\"4\" rowspan=\"1\">\n<div class=\"magic-12\" data-spm-anchor-id=\"a2700.details-description.0.i1.2f40Q5JlQ5JlPx\">10000 pezzi e pi\u00f9 ne compri pi\u00f9 il prezzo sar\u00e0 migliore<\/div>\n<\/td>\n<\/tr>\n<\/tbody>\n<\/table>\n<\/div>\n<\/div>","protected":false},"excerpt":{"rendered":"<h2 class=\"paragraph\">Colorfly\u00ae Custom Exercise Book \u2013 100% OEM, MOQ 10k, From US$0.01<\/h2>\n<div class=\"paragraph\">Pick any size, cover stock (105\u2013400 g art paper, kraft, grey board) &amp; inner paper (55\u2013200 g wood-free, recycled, newsprint). 1\u20134 colour CMYK, gloss\/matt lamination, foil stamping. Binding: staple, sewn, spiral, glue, wire-o. Ruled options: French, single, square, cross, blank. 25-day delivery, FSC-certified, samples free. Million-piece price as low as US$0.01\u2014ideal for schools, distributors, corporate promotions.<\/div>","protected":false},"featured_media":18983,"comment_status":"open","ping_status":"closed","template":"","meta":[],"product_brand":[],"product_cat":[21],"product_tag":[866,811,229],"class_list":{"0":"post-18982","1":"product","2":"type-product","3":"status-publish","4":"has-post-thumbnail","6":"product_cat-exercise-book","7":"product_tag-colorfly-custom","8":"product_tag-custom","9":"product_tag-exercise-book","11":"first","12":"instock","13":"shipping-taxable","14":"product-type-simple"},"yoast_head":"<!-- This site is optimized with the Yoast SEO Premium plugin v23.9 (Yoast SEO v25.2) - https:\/\/yoast.com\/wordpress\/plugins\/seo\/ -->\n<title>Colorfly Custom Exercise Book | 10k MOQ, Any Size &amp; Cover<\/title>\n<meta name=\"description\" content=\"Colorfly custom exercise book: 18\u00d724 cm or any size, 55\u2013200 g inner paper, staple\/sewn\/spiral binding, CMYK cover, from $0.01. 25-day delivery, FSC.\" \/>\n<meta name=\"robots\" content=\"index, follow, max-snippet:-1, max-image-preview:large, max-video-preview:-1\" \/>\n<link rel=\"canonical\" href=\"https:\/\/www.colorflyprinting.com\/it\/prodotto\/a5-school-exercise-book-100-single-line-pages\/\" \/>\n<meta property=\"og:locale\" content=\"it_IT\" \/>\n<meta property=\"og:type\" content=\"article\" \/>\n<meta property=\"og:title\" content=\"A5 School Exercise Book | 100 Single-Line Pages Student Notebook\" \/>\n<meta property=\"og:description\" content=\"Colorfly custom exercise book: 18\u00d724 cm or any size, 55\u2013200 g inner paper, staple\/sewn\/spiral binding, CMYK cover, from $0.01. 25-day delivery, FSC.\" \/>\n<meta property=\"og:url\" content=\"https:\/\/www.colorflyprinting.com\/it\/prodotto\/a5-school-exercise-book-100-single-line-pages\/\" \/>\n<meta property=\"og:site_name\" content=\"colorflyprinting\" \/>\n<meta property=\"article:modified_time\" content=\"2025-11-07T07:01:58+00:00\" \/>\n<meta property=\"og:image\" content=\"https:\/\/www.colorflyprinting.com\/wp-content\/uploads\/2025\/10\/Hd10a5830184149b88ef433e4452d22a12_\u526f\u672c.jpg\" \/>\n\t<meta property=\"og:image:width\" content=\"800\" \/>\n\t<meta property=\"og:image:height\" content=\"800\" \/>\n\t<meta property=\"og:image:type\" content=\"image\/jpeg\" \/>\n<meta name=\"twitter:card\" content=\"summary_large_image\" \/>\n<meta name=\"twitter:label1\" content=\"Tempo di lettura stimato\" \/>\n\t<meta name=\"twitter:data1\" content=\"1 minuto\" \/>\n<script type=\"application\/ld+json\" class=\"yoast-schema-graph\">{\"@context\":\"https:\/\/schema.org\",\"@graph\":[{\"@type\":\"WebPage\",\"@id\":\"https:\/\/www.colorflyprinting.com\/product\/a5-school-exercise-book-100-single-line-pages\/\",\"url\":\"https:\/\/www.colorflyprinting.com\/product\/a5-school-exercise-book-100-single-line-pages\/\",\"name\":\"Colorfly Custom Exercise Book | 10k MOQ, Any Size & Cover\",\"isPartOf\":{\"@id\":\"https:\/\/www.colorflyprinting.com\/#website\"},\"primaryImageOfPage\":{\"@id\":\"https:\/\/www.colorflyprinting.com\/product\/a5-school-exercise-book-100-single-line-pages\/#primaryimage\"},\"image\":{\"@id\":\"https:\/\/www.colorflyprinting.com\/product\/a5-school-exercise-book-100-single-line-pages\/#primaryimage\"},\"thumbnailUrl\":\"https:\/\/www.colorflyprinting.com\/wp-content\/uploads\/2025\/10\/Hd10a5830184149b88ef433e4452d22a12_\u526f\u672c.jpg\",\"datePublished\":\"2025-10-24T01:23:19+00:00\",\"dateModified\":\"2025-11-07T07:01:58+00:00\",\"description\":\"Colorfly custom exercise book: 18\u00d724 cm or any size, 55\u2013200 g inner paper, staple\/sewn\/spiral binding, CMYK cover, from $0.01. 25-day delivery, FSC.\",\"breadcrumb\":{\"@id\":\"https:\/\/www.colorflyprinting.com\/product\/a5-school-exercise-book-100-single-line-pages\/#breadcrumb\"},\"inLanguage\":\"it-IT\",\"potentialAction\":[{\"@type\":\"ReadAction\",\"target\":[\"https:\/\/www.colorflyprinting.com\/product\/a5-school-exercise-book-100-single-line-pages\/\"]}]},{\"@type\":\"ImageObject\",\"inLanguage\":\"it-IT\",\"@id\":\"https:\/\/www.colorflyprinting.com\/product\/a5-school-exercise-book-100-single-line-pages\/#primaryimage\",\"url\":\"https:\/\/www.colorflyprinting.com\/wp-content\/uploads\/2025\/10\/Hd10a5830184149b88ef433e4452d22a12_\u526f\u672c.jpg\",\"contentUrl\":\"https:\/\/www.colorflyprinting.com\/wp-content\/uploads\/2025\/10\/Hd10a5830184149b88ef433e4452d22a12_\u526f\u672c.jpg\",\"width\":800,\"height\":800},{\"@type\":\"BreadcrumbList\",\"@id\":\"https:\/\/www.colorflyprinting.com\/product\/a5-school-exercise-book-100-single-line-pages\/#breadcrumb\",\"itemListElement\":[{\"@type\":\"ListItem\",\"position\":1,\"name\":\"Home\",\"item\":\"https:\/\/www.colorflyprinting.com\/\"},{\"@type\":\"ListItem\",\"position\":2,\"name\":\"Product\",\"item\":\"https:\/\/www.colorflyprinting.com\/shop\/\"},{\"@type\":\"ListItem\",\"position\":3,\"name\":\"A5 School Exercise Book | 100 Single-Line Pages Student Notebook\"}]},{\"@type\":\"WebSite\",\"@id\":\"https:\/\/www.colorflyprinting.com\/#website\",\"url\":\"https:\/\/www.colorflyprinting.com\/\",\"name\":\"Hefei Colorfly Stationery Co.,Ltd.\",\"description\":\"\",\"publisher\":{\"@id\":\"https:\/\/www.colorflyprinting.com\/#organization\"},\"potentialAction\":[{\"@type\":\"SearchAction\",\"target\":{\"@type\":\"EntryPoint\",\"urlTemplate\":\"https:\/\/www.colorflyprinting.com\/?s={search_term_string}\"},\"query-input\":{\"@type\":\"PropertyValueSpecification\",\"valueRequired\":true,\"valueName\":\"search_term_string\"}}],\"inLanguage\":\"it-IT\"},{\"@type\":\"Organization\",\"@id\":\"https:\/\/www.colorflyprinting.com\/#organization\",\"name\":\"Hefei Colorfly Stationery Co.,Ltd.\",\"url\":\"https:\/\/www.colorflyprinting.com\/\",\"logo\":{\"@type\":\"ImageObject\",\"inLanguage\":\"it-IT\",\"@id\":\"https:\/\/www.colorflyprinting.com\/#\/schema\/logo\/image\/\",\"url\":\"https:\/\/www.colorflyprinting.com\/wp-content\/uploads\/2025\/04\/d167665f943610681229e2f4307b9df.jpg\",\"contentUrl\":\"https:\/\/www.colorflyprinting.com\/wp-content\/uploads\/2025\/04\/d167665f943610681229e2f4307b9df.jpg\",\"width\":780,\"height\":780,\"caption\":\"Hefei Colorfly Stationery Co.,Ltd.\"},\"image\":{\"@id\":\"https:\/\/www.colorflyprinting.com\/#\/schema\/logo\/image\/\"}}]}<\/script>\n<!-- \/ Yoast SEO Premium plugin. -->","yoast_head_json":{"title":"Colorfly Custom Exercise Book | 10k MOQ, Any Size & Cover","description":"Colorfly custom exercise book: 18\u00d724 cm or any size, 55\u2013200 g inner paper, staple\/sewn\/spiral binding, CMYK cover, from $0.01. 25-day delivery, FSC.","robots":{"index":"index","follow":"follow","max-snippet":"max-snippet:-1","max-image-preview":"max-image-preview:large","max-video-preview":"max-video-preview:-1"},"canonical":"https:\/\/www.colorflyprinting.com\/it\/prodotto\/a5-school-exercise-book-100-single-line-pages\/","og_locale":"it_IT","og_type":"article","og_title":"A5 School Exercise Book | 100 Single-Line Pages Student Notebook","og_description":"Colorfly custom exercise book: 18\u00d724 cm or any size, 55\u2013200 g inner paper, staple\/sewn\/spiral binding, CMYK cover, from $0.01. 25-day delivery, FSC.","og_url":"https:\/\/www.colorflyprinting.com\/it\/prodotto\/a5-school-exercise-book-100-single-line-pages\/","og_site_name":"colorflyprinting","article_modified_time":"2025-11-07T07:01:58+00:00","og_image":[{"width":800,"height":800,"url":"https:\/\/www.colorflyprinting.com\/wp-content\/uploads\/2025\/10\/Hd10a5830184149b88ef433e4452d22a12_\u526f\u672c.jpg","type":"image\/jpeg"}],"twitter_card":"summary_large_image","twitter_misc":{"Tempo di lettura stimato":"1 minuto"},"schema":{"@context":"https:\/\/schema.org","@graph":[{"@type":"WebPage","@id":"https:\/\/www.colorflyprinting.com\/product\/a5-school-exercise-book-100-single-line-pages\/","url":"https:\/\/www.colorflyprinting.com\/product\/a5-school-exercise-book-100-single-line-pages\/","name":"Colorfly Custom Exercise Book | 10k MOQ, Any Size & Cover","isPartOf":{"@id":"https:\/\/www.colorflyprinting.com\/#website"},"primaryImageOfPage":{"@id":"https:\/\/www.colorflyprinting.com\/product\/a5-school-exercise-book-100-single-line-pages\/#primaryimage"},"image":{"@id":"https:\/\/www.colorflyprinting.com\/product\/a5-school-exercise-book-100-single-line-pages\/#primaryimage"},"thumbnailUrl":"https:\/\/www.colorflyprinting.com\/wp-content\/uploads\/2025\/10\/Hd10a5830184149b88ef433e4452d22a12_\u526f\u672c.jpg","datePublished":"2025-10-24T01:23:19+00:00","dateModified":"2025-11-07T07:01:58+00:00","description":"Colorfly custom exercise book: 18\u00d724 cm or any size, 55\u2013200 g inner paper, staple\/sewn\/spiral binding, CMYK cover, from $0.01. 25-day delivery, FSC.","breadcrumb":{"@id":"https:\/\/www.colorflyprinting.com\/product\/a5-school-exercise-book-100-single-line-pages\/#breadcrumb"},"inLanguage":"it-IT","potentialAction":[{"@type":"ReadAction","target":["https:\/\/www.colorflyprinting.com\/product\/a5-school-exercise-book-100-single-line-pages\/"]}]},{"@type":"ImageObject","inLanguage":"it-IT","@id":"https:\/\/www.colorflyprinting.com\/product\/a5-school-exercise-book-100-single-line-pages\/#primaryimage","url":"https:\/\/www.colorflyprinting.com\/wp-content\/uploads\/2025\/10\/Hd10a5830184149b88ef433e4452d22a12_\u526f\u672c.jpg","contentUrl":"https:\/\/www.colorflyprinting.com\/wp-content\/uploads\/2025\/10\/Hd10a5830184149b88ef433e4452d22a12_\u526f\u672c.jpg","width":800,"height":800},{"@type":"BreadcrumbList","@id":"https:\/\/www.colorflyprinting.com\/product\/a5-school-exercise-book-100-single-line-pages\/#breadcrumb","itemListElement":[{"@type":"ListItem","position":1,"name":"Home","item":"https:\/\/www.colorflyprinting.com\/"},{"@type":"ListItem","position":2,"name":"Product","item":"https:\/\/www.colorflyprinting.com\/shop\/"},{"@type":"ListItem","position":3,"name":"A5 School Exercise Book | 100 Single-Line Pages Student Notebook"}]},{"@type":"WebSite","@id":"https:\/\/www.colorflyprinting.com\/#website","url":"https:\/\/www.colorflyprinting.com\/","name":"Hefei Colorfly Stationery Co.,Ltd.","description":"","publisher":{"@id":"https:\/\/www.colorflyprinting.com\/#organization"},"potentialAction":[{"@type":"SearchAction","target":{"@type":"EntryPoint","urlTemplate":"https:\/\/www.colorflyprinting.com\/?s={search_term_string}"},"query-input":{"@type":"PropertyValueSpecification","valueRequired":true,"valueName":"search_term_string"}}],"inLanguage":"it-IT"},{"@type":"Organization","@id":"https:\/\/www.colorflyprinting.com\/#organization","name":"Hefei Colorfly Stationery Co.,Ltd.","url":"https:\/\/www.colorflyprinting.com\/","logo":{"@type":"ImageObject","inLanguage":"it-IT","@id":"https:\/\/www.colorflyprinting.com\/#\/schema\/logo\/image\/","url":"https:\/\/www.colorflyprinting.com\/wp-content\/uploads\/2025\/04\/d167665f943610681229e2f4307b9df.jpg","contentUrl":"https:\/\/www.colorflyprinting.com\/wp-content\/uploads\/2025\/04\/d167665f943610681229e2f4307b9df.jpg","width":780,"height":780,"caption":"Hefei Colorfly Stationery Co.,Ltd."},"image":{"@id":"https:\/\/www.colorflyprinting.com\/#\/schema\/logo\/image\/"}}]}},"_links":{"self":[{"href":"https:\/\/www.colorflyprinting.com\/it\/wp-json\/wp\/v2\/product\/18982","targetHints":{"allow":["GET"]}}],"collection":[{"href":"https:\/\/www.colorflyprinting.com\/it\/wp-json\/wp\/v2\/product"}],"about":[{"href":"https:\/\/www.colorflyprinting.com\/it\/wp-json\/wp\/v2\/types\/product"}],"replies":[{"embeddable":true,"href":"https:\/\/www.colorflyprinting.com\/it\/wp-json\/wp\/v2\/comments?post=18982"}],"wp:featuredmedia":[{"embeddable":true,"href":"https:\/\/www.colorflyprinting.com\/it\/wp-json\/wp\/v2\/media\/18983"}],"wp:attachment":[{"href":"https:\/\/www.colorflyprinting.com\/it\/wp-json\/wp\/v2\/media?parent=18982"}],"wp:term":[{"taxonomy":"product_brand","embeddable":true,"href":"https:\/\/www.colorflyprinting.com\/it\/wp-json\/wp\/v2\/product_brand?post=18982"},{"taxonomy":"product_cat","embeddable":true,"href":"https:\/\/www.colorflyprinting.com\/it\/wp-json\/wp\/v2\/product_cat?post=18982"},{"taxonomy":"product_tag","embeddable":true,"href":"https:\/\/www.colorflyprinting.com\/it\/wp-json\/wp\/v2\/product_tag?post=18982"}],"curies":[{"name":"wp","href":"https:\/\/api.w.org\/{rel}","templated":true}]}}