{"id":11515,"date":"2025-04-22T01:23:20","date_gmt":"2025-04-22T01:23:20","guid":{"rendered":"https:\/\/www.colorflyprinting.com\/?post_type=product&#038;p=11515"},"modified":"2025-04-27T08:21:28","modified_gmt":"2025-04-27T08:21:28","slug":"wholesale-customized-printing-luxury-pu-a5-notebooks-with-pen-gift-set","status":"publish","type":"product","link":"https:\/\/www.colorflyprinting.com\/it\/prodotto\/vendita-allingrosso-di-taccuini-di-lusso-in-formato-a5-con-stampa-personalizzata-e-set-regalo-di-penne\/","title":{"rendered":"Set regalo di quaderni A5 in PU di lusso con stampa personalizzata all&#039;ingrosso e penna"},"content":{"rendered":"<div class=\"text\">\n<p>Descrizione dei prodotti<br \/>\nNome dell&#039;articolo: quaderno in pelle<\/p>\n<p>Copertura: PU<br \/>\nFormato: A5<\/p>\n<p>Rilegatura: rilegatura perfetta (rilegatura cucita)<\/p>\n<p>Pagine: 200 pagine ecc.<br \/>\nStampa su carta interna: riga singola<\/p>\n<p>Quantit\u00e0 minima: 500<\/p>\n<p>Tutte le specifiche di cui sopra possono essere personalizzate. Se collaboriamo, puoi usufruire del nostro servizio personalizzato.<\/p>\n<p>&nbsp;<\/p>\n<p>Domande frequenti<\/p>\n<p>1. Informazioni sul prezzo:<br \/>\nIl prezzo \u00e8 trattabile. Pu\u00f2 variare in base alla quantit\u00e0 o al tipo di confezione. Quando fate una richiesta, vi preghiamo di comunicarci la quantit\u00e0 desiderata.<\/p>\n<p>2. Informazioni sul campione:<br \/>\nPer i prodotti standard che produciamo ogni giorno, il campione \u00e8 gratuito, ma il trasporto aereo \u00e8 a carico del mittente o potrete pagarci le spese di spedizione in anticipo. Vi preghiamo di comprendere che la realizzazione di nuovi campioni comporter\u00e0 un costo di realizzazione, discutiamone di pi\u00f9.<\/p>\n<p>3.Informazioni sul MOQ:<br \/>\nSe il prodotto \u00e8 disponibile in magazzino, la quantit\u00e0 minima ordinabile \u00e8 piccola; in caso contrario, la quantit\u00e0 minima ordinabile \u00e8 20.000\/50.000\/100.000 pezzi ecc. Anche articoli misti possono entrare in un container da 20 piedi; dipende dal tipo di prodotto ed \u00e8 negoziabile. Vorremmo risolvere il tuo problema nel modo pi\u00f9 possibile.<\/p>\n<p>4. Informazioni sull&#039;OEM:<br \/>\nPossediamo una fabbrica in Cina e vorremmo aiutarti a progettare il LOGO e il codice a barre del prodotto, a patto che la qualit\u00e0 dell&#039;ordine soddisfi il tuo MOQ.<\/p>\n<p>5. Informazioni sul pacchetto:<br \/>\nLa maggior parte dei prodotti che realizziamo hanno un pacchetto standard basato sull&#039;esperienza che abbiamo acquisito sul mercato, ma accettiamo sempre le esigenze del cliente e forniamo suggerimenti utili come riferimento.<\/p>\n<\/div>","protected":false},"excerpt":{"rendered":"<ul class=\"ptab-list clearfix\">\n<li>Origine del prodotto:\n<p>Anhui<\/li>\n<li>Marca:\n<p>Colorfly<\/li>\n<li>Articolo n.:\n<p>S-20211227<\/li>\n<li>Porto di spedizione:\n<p>wuhan\/shanghai\/qiandao\/yiwu<\/li>\n<li>Colore:\n<p>colore personalizzato<\/li>\n<li>Tempi di consegna:\n<p>25-30 giorni<\/li>\n<li>Quantit\u00e0 minima richiesta:\n<p>100<\/li>\n<li>Tipo:\n<p>quaderno in pelle<\/li>\n<li>Misurare:\n<p>a5<\/li>\n<li>Legame:\n<p>rilegatura a colla<\/li>\n<li>Numero di pagine:\n<p>200<\/li>\n<li>Stampa interna:\n<p>costume<\/li>\n<li>Stampa della copertina:\n<p>4 colori<\/li>\n<\/ul>","protected":false},"featured_media":11574,"comment_status":"open","ping_status":"closed","template":"","meta":[],"product_brand":[],"product_cat":[127],"product_tag":[525,526,527],"class_list":{"0":"post-11515","1":"product","2":"type-product","3":"status-publish","4":"has-post-thumbnail","6":"product_cat-leather-notebook","7":"product_tag-a5notebooks","8":"product_tag-customized-printing-luxury-pu-a5notebooks","9":"product_tag-notebooks-withpen-gift-set","11":"first","12":"instock","13":"shipping-taxable","14":"product-type-simple"},"yoast_head":"<!-- This site is optimized with the Yoast SEO Premium plugin v23.9 (Yoast SEO v25.2) - https:\/\/yoast.com\/wordpress\/plugins\/seo\/ -->\n<title>Wholesale Customized Printing Luxury PU A5 Notebooks with Pen Gift Set - colorflyprinting<\/title>\n<meta name=\"robots\" content=\"index, follow, max-snippet:-1, max-image-preview:large, max-video-preview:-1\" \/>\n<link rel=\"canonical\" href=\"https:\/\/www.colorflyprinting.com\/it\/prodotto\/vendita-allingrosso-di-taccuini-di-lusso-in-formato-a5-con-stampa-personalizzata-e-set-regalo-di-penne\/\" \/>\n<meta property=\"og:locale\" content=\"it_IT\" \/>\n<meta property=\"og:type\" content=\"article\" \/>\n<meta property=\"og:title\" content=\"Wholesale Customized Printing Luxury PU A5 Notebooks with Pen Gift Set\" \/>\n<meta property=\"og:description\" content=\"Product Origin:  anhui  Brand:  Colorfly  Item NO.:  S-20211227  Shipping Port:  wuhan\/ shanghai \/qiandao \/yiwu  Color:  custom color  Lead Time:  25-30days  MOQ:  100  Type:  leather notebook  Size:  a5  Binding:  glue binding  Number of pages:  200  Inner printing:  custom  Cover printing:  4 color\" \/>\n<meta property=\"og:url\" content=\"https:\/\/www.colorflyprinting.com\/it\/prodotto\/vendita-allingrosso-di-taccuini-di-lusso-in-formato-a5-con-stampa-personalizzata-e-set-regalo-di-penne\/\" \/>\n<meta property=\"og:site_name\" content=\"colorflyprinting\" \/>\n<meta property=\"article:modified_time\" content=\"2025-04-27T08:21:28+00:00\" \/>\n<meta property=\"og:image\" content=\"https:\/\/www.colorflyprinting.com\/wp-content\/uploads\/2025\/04\/8134e992698cec236d8d3d73fe88515c_medium-1.jpg\" \/>\n\t<meta property=\"og:image:width\" content=\"550\" \/>\n\t<meta property=\"og:image:height\" content=\"550\" \/>\n\t<meta property=\"og:image:type\" content=\"image\/jpeg\" \/>\n<meta name=\"twitter:card\" content=\"summary_large_image\" \/>\n<meta name=\"twitter:label1\" content=\"Tempo di lettura stimato\" \/>\n\t<meta name=\"twitter:data1\" content=\"1 minuto\" \/>\n<script type=\"application\/ld+json\" class=\"yoast-schema-graph\">{\"@context\":\"https:\/\/schema.org\",\"@graph\":[{\"@type\":\"WebPage\",\"@id\":\"https:\/\/www.colorflyprinting.com\/product\/wholesale-customized-printing-luxury-pu-a5-notebooks-with-pen-gift-set\/\",\"url\":\"https:\/\/www.colorflyprinting.com\/product\/wholesale-customized-printing-luxury-pu-a5-notebooks-with-pen-gift-set\/\",\"name\":\"Wholesale Customized Printing Luxury PU A5 Notebooks with Pen Gift Set - colorflyprinting\",\"isPartOf\":{\"@id\":\"https:\/\/www.colorflyprinting.com\/#website\"},\"primaryImageOfPage\":{\"@id\":\"https:\/\/www.colorflyprinting.com\/product\/wholesale-customized-printing-luxury-pu-a5-notebooks-with-pen-gift-set\/#primaryimage\"},\"image\":{\"@id\":\"https:\/\/www.colorflyprinting.com\/product\/wholesale-customized-printing-luxury-pu-a5-notebooks-with-pen-gift-set\/#primaryimage\"},\"thumbnailUrl\":\"https:\/\/www.colorflyprinting.com\/wp-content\/uploads\/2025\/04\/8134e992698cec236d8d3d73fe88515c_medium-1.jpg\",\"datePublished\":\"2025-04-22T01:23:20+00:00\",\"dateModified\":\"2025-04-27T08:21:28+00:00\",\"breadcrumb\":{\"@id\":\"https:\/\/www.colorflyprinting.com\/product\/wholesale-customized-printing-luxury-pu-a5-notebooks-with-pen-gift-set\/#breadcrumb\"},\"inLanguage\":\"it-IT\",\"potentialAction\":[{\"@type\":\"ReadAction\",\"target\":[\"https:\/\/www.colorflyprinting.com\/product\/wholesale-customized-printing-luxury-pu-a5-notebooks-with-pen-gift-set\/\"]}]},{\"@type\":\"ImageObject\",\"inLanguage\":\"it-IT\",\"@id\":\"https:\/\/www.colorflyprinting.com\/product\/wholesale-customized-printing-luxury-pu-a5-notebooks-with-pen-gift-set\/#primaryimage\",\"url\":\"https:\/\/www.colorflyprinting.com\/wp-content\/uploads\/2025\/04\/8134e992698cec236d8d3d73fe88515c_medium-1.jpg\",\"contentUrl\":\"https:\/\/www.colorflyprinting.com\/wp-content\/uploads\/2025\/04\/8134e992698cec236d8d3d73fe88515c_medium-1.jpg\",\"width\":550,\"height\":550},{\"@type\":\"BreadcrumbList\",\"@id\":\"https:\/\/www.colorflyprinting.com\/product\/wholesale-customized-printing-luxury-pu-a5-notebooks-with-pen-gift-set\/#breadcrumb\",\"itemListElement\":[{\"@type\":\"ListItem\",\"position\":1,\"name\":\"Home\",\"item\":\"https:\/\/www.colorflyprinting.com\/\"},{\"@type\":\"ListItem\",\"position\":2,\"name\":\"Product\",\"item\":\"https:\/\/www.colorflyprinting.com\/shop\/\"},{\"@type\":\"ListItem\",\"position\":3,\"name\":\"Wholesale Customized Printing Luxury PU A5 Notebooks with Pen Gift Set\"}]},{\"@type\":\"WebSite\",\"@id\":\"https:\/\/www.colorflyprinting.com\/#website\",\"url\":\"https:\/\/www.colorflyprinting.com\/\",\"name\":\"Hefei Colorfly Stationery Co.,Ltd.\",\"description\":\"\",\"publisher\":{\"@id\":\"https:\/\/www.colorflyprinting.com\/#organization\"},\"potentialAction\":[{\"@type\":\"SearchAction\",\"target\":{\"@type\":\"EntryPoint\",\"urlTemplate\":\"https:\/\/www.colorflyprinting.com\/?s={search_term_string}\"},\"query-input\":{\"@type\":\"PropertyValueSpecification\",\"valueRequired\":true,\"valueName\":\"search_term_string\"}}],\"inLanguage\":\"it-IT\"},{\"@type\":\"Organization\",\"@id\":\"https:\/\/www.colorflyprinting.com\/#organization\",\"name\":\"Hefei Colorfly Stationery Co.,Ltd.\",\"url\":\"https:\/\/www.colorflyprinting.com\/\",\"logo\":{\"@type\":\"ImageObject\",\"inLanguage\":\"it-IT\",\"@id\":\"https:\/\/www.colorflyprinting.com\/#\/schema\/logo\/image\/\",\"url\":\"https:\/\/www.colorflyprinting.com\/wp-content\/uploads\/2025\/04\/d167665f943610681229e2f4307b9df.jpg\",\"contentUrl\":\"https:\/\/www.colorflyprinting.com\/wp-content\/uploads\/2025\/04\/d167665f943610681229e2f4307b9df.jpg\",\"width\":780,\"height\":780,\"caption\":\"Hefei Colorfly Stationery Co.,Ltd.\"},\"image\":{\"@id\":\"https:\/\/www.colorflyprinting.com\/#\/schema\/logo\/image\/\"}}]}<\/script>\n<!-- \/ Yoast SEO Premium plugin. -->","yoast_head_json":{"title":"Wholesale Customized Printing Luxury PU A5 Notebooks with Pen Gift Set - colorflyprinting","robots":{"index":"index","follow":"follow","max-snippet":"max-snippet:-1","max-image-preview":"max-image-preview:large","max-video-preview":"max-video-preview:-1"},"canonical":"https:\/\/www.colorflyprinting.com\/it\/prodotto\/vendita-allingrosso-di-taccuini-di-lusso-in-formato-a5-con-stampa-personalizzata-e-set-regalo-di-penne\/","og_locale":"it_IT","og_type":"article","og_title":"Wholesale Customized Printing Luxury PU A5 Notebooks with Pen Gift Set","og_description":"Product Origin:  anhui  Brand:  Colorfly  Item NO.:  S-20211227  Shipping Port:  wuhan\/ shanghai \/qiandao \/yiwu  Color:  custom color  Lead Time:  25-30days  MOQ:  100  Type:  leather notebook  Size:  a5  Binding:  glue binding  Number of pages:  200  Inner printing:  custom  Cover printing:  4 color","og_url":"https:\/\/www.colorflyprinting.com\/it\/prodotto\/vendita-allingrosso-di-taccuini-di-lusso-in-formato-a5-con-stampa-personalizzata-e-set-regalo-di-penne\/","og_site_name":"colorflyprinting","article_modified_time":"2025-04-27T08:21:28+00:00","og_image":[{"width":550,"height":550,"url":"https:\/\/www.colorflyprinting.com\/wp-content\/uploads\/2025\/04\/8134e992698cec236d8d3d73fe88515c_medium-1.jpg","type":"image\/jpeg"}],"twitter_card":"summary_large_image","twitter_misc":{"Tempo di lettura stimato":"1 minuto"},"schema":{"@context":"https:\/\/schema.org","@graph":[{"@type":"WebPage","@id":"https:\/\/www.colorflyprinting.com\/product\/wholesale-customized-printing-luxury-pu-a5-notebooks-with-pen-gift-set\/","url":"https:\/\/www.colorflyprinting.com\/product\/wholesale-customized-printing-luxury-pu-a5-notebooks-with-pen-gift-set\/","name":"Wholesale Customized Printing Luxury PU A5 Notebooks with Pen Gift Set - colorflyprinting","isPartOf":{"@id":"https:\/\/www.colorflyprinting.com\/#website"},"primaryImageOfPage":{"@id":"https:\/\/www.colorflyprinting.com\/product\/wholesale-customized-printing-luxury-pu-a5-notebooks-with-pen-gift-set\/#primaryimage"},"image":{"@id":"https:\/\/www.colorflyprinting.com\/product\/wholesale-customized-printing-luxury-pu-a5-notebooks-with-pen-gift-set\/#primaryimage"},"thumbnailUrl":"https:\/\/www.colorflyprinting.com\/wp-content\/uploads\/2025\/04\/8134e992698cec236d8d3d73fe88515c_medium-1.jpg","datePublished":"2025-04-22T01:23:20+00:00","dateModified":"2025-04-27T08:21:28+00:00","breadcrumb":{"@id":"https:\/\/www.colorflyprinting.com\/product\/wholesale-customized-printing-luxury-pu-a5-notebooks-with-pen-gift-set\/#breadcrumb"},"inLanguage":"it-IT","potentialAction":[{"@type":"ReadAction","target":["https:\/\/www.colorflyprinting.com\/product\/wholesale-customized-printing-luxury-pu-a5-notebooks-with-pen-gift-set\/"]}]},{"@type":"ImageObject","inLanguage":"it-IT","@id":"https:\/\/www.colorflyprinting.com\/product\/wholesale-customized-printing-luxury-pu-a5-notebooks-with-pen-gift-set\/#primaryimage","url":"https:\/\/www.colorflyprinting.com\/wp-content\/uploads\/2025\/04\/8134e992698cec236d8d3d73fe88515c_medium-1.jpg","contentUrl":"https:\/\/www.colorflyprinting.com\/wp-content\/uploads\/2025\/04\/8134e992698cec236d8d3d73fe88515c_medium-1.jpg","width":550,"height":550},{"@type":"BreadcrumbList","@id":"https:\/\/www.colorflyprinting.com\/product\/wholesale-customized-printing-luxury-pu-a5-notebooks-with-pen-gift-set\/#breadcrumb","itemListElement":[{"@type":"ListItem","position":1,"name":"Home","item":"https:\/\/www.colorflyprinting.com\/"},{"@type":"ListItem","position":2,"name":"Product","item":"https:\/\/www.colorflyprinting.com\/shop\/"},{"@type":"ListItem","position":3,"name":"Wholesale Customized Printing Luxury PU A5 Notebooks with Pen Gift Set"}]},{"@type":"WebSite","@id":"https:\/\/www.colorflyprinting.com\/#website","url":"https:\/\/www.colorflyprinting.com\/","name":"Hefei Colorfly Stationery Co.,Ltd.","description":"","publisher":{"@id":"https:\/\/www.colorflyprinting.com\/#organization"},"potentialAction":[{"@type":"SearchAction","target":{"@type":"EntryPoint","urlTemplate":"https:\/\/www.colorflyprinting.com\/?s={search_term_string}"},"query-input":{"@type":"PropertyValueSpecification","valueRequired":true,"valueName":"search_term_string"}}],"inLanguage":"it-IT"},{"@type":"Organization","@id":"https:\/\/www.colorflyprinting.com\/#organization","name":"Hefei Colorfly Stationery Co.,Ltd.","url":"https:\/\/www.colorflyprinting.com\/","logo":{"@type":"ImageObject","inLanguage":"it-IT","@id":"https:\/\/www.colorflyprinting.com\/#\/schema\/logo\/image\/","url":"https:\/\/www.colorflyprinting.com\/wp-content\/uploads\/2025\/04\/d167665f943610681229e2f4307b9df.jpg","contentUrl":"https:\/\/www.colorflyprinting.com\/wp-content\/uploads\/2025\/04\/d167665f943610681229e2f4307b9df.jpg","width":780,"height":780,"caption":"Hefei Colorfly Stationery Co.,Ltd."},"image":{"@id":"https:\/\/www.colorflyprinting.com\/#\/schema\/logo\/image\/"}}]}},"_links":{"self":[{"href":"https:\/\/www.colorflyprinting.com\/it\/wp-json\/wp\/v2\/product\/11515","targetHints":{"allow":["GET"]}}],"collection":[{"href":"https:\/\/www.colorflyprinting.com\/it\/wp-json\/wp\/v2\/product"}],"about":[{"href":"https:\/\/www.colorflyprinting.com\/it\/wp-json\/wp\/v2\/types\/product"}],"replies":[{"embeddable":true,"href":"https:\/\/www.colorflyprinting.com\/it\/wp-json\/wp\/v2\/comments?post=11515"}],"wp:featuredmedia":[{"embeddable":true,"href":"https:\/\/www.colorflyprinting.com\/it\/wp-json\/wp\/v2\/media\/11574"}],"wp:attachment":[{"href":"https:\/\/www.colorflyprinting.com\/it\/wp-json\/wp\/v2\/media?parent=11515"}],"wp:term":[{"taxonomy":"product_brand","embeddable":true,"href":"https:\/\/www.colorflyprinting.com\/it\/wp-json\/wp\/v2\/product_brand?post=11515"},{"taxonomy":"product_cat","embeddable":true,"href":"https:\/\/www.colorflyprinting.com\/it\/wp-json\/wp\/v2\/product_cat?post=11515"},{"taxonomy":"product_tag","embeddable":true,"href":"https:\/\/www.colorflyprinting.com\/it\/wp-json\/wp\/v2\/product_tag?post=11515"}],"curies":[{"name":"wp","href":"https:\/\/api.w.org\/{rel}","templated":true}]}}