{"id":11513,"date":"2025-04-22T01:23:20","date_gmt":"2025-04-22T01:23:20","guid":{"rendered":"https:\/\/www.colorflyprinting.com\/?post_type=product&#038;p=11513"},"modified":"2025-04-27T08:22:20","modified_gmt":"2025-04-27T08:22:20","slug":"manufacturer-a5-custom-leather-smart-wireless-charger-planner-diary-notebook-with-powerbank-and-usb","status":"publish","type":"product","link":"https:\/\/www.colorflyprinting.com\/it\/prodotto\/produttore-di-diario-planner-a5-personalizzato-in-pelle-con-caricabatterie-wireless-intelligente-powerbank-e-usb\/","title":{"rendered":"Diario planner A5 in pelle con caricabatterie wireless intelligente personalizzato, con powerbank e USB"},"content":{"rendered":"<div class=\"text\">\n<p>Descrizione dei prodotti<br \/>\nNome dell&#039;articolo: notebook con ricarica wireless<\/p>\n<p>Copertura: PU<br \/>\nDimensioni: 17x22cm<\/p>\n<p>Rilegatura: rilegatura a spirale<\/p>\n<p>Pagine: 200 pagine ecc.<br \/>\nStampa su carta interna: riga singola<\/p>\n<p>Quantit\u00e0 minima: 500<\/p>\n<p>Tutte le specifiche di cui sopra possono essere personalizzate. Se collaboriamo, puoi usufruire del nostro servizio personalizzato.<\/p>\n<p>&nbsp;<\/p>\n<p>Domande frequenti<\/p>\n<p>1. Informazioni sul prezzo:<br \/>\nIl prezzo \u00e8 trattabile. Pu\u00f2 variare in base alla quantit\u00e0 o al tipo di confezione. Quando fate una richiesta, vi preghiamo di comunicarci la quantit\u00e0 desiderata.<\/p>\n<p>2. Informazioni sul campione:<br \/>\nPer i prodotti standard che produciamo ogni giorno, il campione \u00e8 gratuito, ma il trasporto aereo \u00e8 a carico del mittente o potrete pagarci le spese di spedizione in anticipo. Vi preghiamo di comprendere che la realizzazione di nuovi campioni comporter\u00e0 un costo di realizzazione, discutiamone di pi\u00f9.<\/p>\n<p>3.Informazioni sul MOQ:<br \/>\nSe il prodotto \u00e8 disponibile in magazzino, la quantit\u00e0 minima ordinabile \u00e8 piccola; in caso contrario, la quantit\u00e0 minima ordinabile \u00e8 20.000\/50.000\/100.000 pezzi ecc. Anche articoli misti possono entrare in un container da 20 piedi; dipende dal tipo di prodotto ed \u00e8 negoziabile. Vorremmo risolvere il tuo problema nel modo pi\u00f9 possibile.<\/p>\n<p>4. Informazioni sull&#039;OEM:<br \/>\nPossediamo una fabbrica in Cina e vorremmo aiutarti a progettare il LOGO e il codice a barre del prodotto, a patto che la qualit\u00e0 dell&#039;ordine soddisfi il tuo MOQ.<\/p>\n<p>5. Informazioni sul pacchetto:<br \/>\nLa maggior parte dei prodotti che realizziamo hanno un pacchetto standard basato sull&#039;esperienza che abbiamo acquisito sul mercato, ma accettiamo sempre le esigenze del cliente e forniamo suggerimenti utili come riferimento.<\/p>\n<\/div>","protected":false},"excerpt":{"rendered":"<ul class=\"ptab-list clearfix\">\n<li>Origine del prodotto:\n<p>Anhui<\/li>\n<li>Marca:\n<p>Colorfly<\/li>\n<li>Articolo n.:\n<p>W-202112161<\/li>\n<li>Porto di spedizione:\n<p>wuhan\/shanghai\/qiandao\/yiwu<\/li>\n<li>Colore:\n<p>colore personalizzato<\/li>\n<li>Tempi di consegna:\n<p>25-30 giorni<\/li>\n<li>Quantit\u00e0 minima richiesta:\n<p>100<\/li>\n<li>Prezzo:\n<p>$13.6\/<\/li>\n<li>Prezzo di mercato:\n<p>$14<\/li>\n<li>Tipo:\n<p>quaderno di lavoro<\/li>\n<li>Misurare:\n<p>A5<\/li>\n<li>Legame:\n<p>rilegatura a spirale<\/li>\n<li>Numero di pagine:\n<p>200<\/li>\n<li>Stampa interna:\n<p>costume<\/li>\n<li>Stampa della copertina:\n<p>4 colori<\/li>\n<\/ul>","protected":false},"featured_media":11567,"comment_status":"open","ping_status":"closed","template":"","meta":[],"product_brand":[],"product_cat":[127],"product_tag":[521,520,178],"class_list":{"0":"post-11513","1":"product","2":"type-product","3":"status-publish","4":"has-post-thumbnail","6":"product_cat-leather-notebook","7":"product_tag-a5-custom-leather-smartpowerbank","8":"product_tag-charger-planner-diary-notebook-with-powerbank-and-usb","9":"product_tag-notebook","11":"first","12":"instock","13":"shipping-taxable","14":"product-type-simple"},"yoast_head":"<!-- This site is optimized with the Yoast SEO Premium plugin v23.9 (Yoast SEO v25.2) - https:\/\/yoast.com\/wordpress\/plugins\/seo\/ -->\n<title>Manufacturer A5 Custom Leather Smart Wireless Charger Planner Diary Notebook With Powerbank And USB - colorflyprinting<\/title>\n<meta name=\"robots\" content=\"index, follow, max-snippet:-1, max-image-preview:large, max-video-preview:-1\" \/>\n<link rel=\"canonical\" href=\"https:\/\/www.colorflyprinting.com\/it\/prodotto\/produttore-di-diario-planner-a5-personalizzato-in-pelle-con-caricabatterie-wireless-intelligente-powerbank-e-usb\/\" \/>\n<meta property=\"og:locale\" content=\"it_IT\" \/>\n<meta property=\"og:type\" content=\"article\" \/>\n<meta property=\"og:title\" content=\"Manufacturer A5 Custom Leather Smart Wireless Charger Planner Diary Notebook With Powerbank And USB\" \/>\n<meta property=\"og:description\" content=\"Product Origin:  anhui  Brand:  Colorfly  Item NO.:  W-202112161  Shipping Port:  wuhan\/ shanghai \/qiandao \/yiwu  Color:  custom color  Lead Time:  25-30days  MOQ:  100  Price:  $13.6\/  Market Price:  $14  Type:  business notebook  Size:  A5  Binding:  spiral binding  Number of pages:  200  Inner printing:  custom  Cover printing:  4 color\" \/>\n<meta property=\"og:url\" content=\"https:\/\/www.colorflyprinting.com\/it\/prodotto\/produttore-di-diario-planner-a5-personalizzato-in-pelle-con-caricabatterie-wireless-intelligente-powerbank-e-usb\/\" \/>\n<meta property=\"og:site_name\" content=\"colorflyprinting\" \/>\n<meta property=\"article:modified_time\" content=\"2025-04-27T08:22:20+00:00\" \/>\n<meta property=\"og:image\" content=\"https:\/\/www.colorflyprinting.com\/wp-content\/uploads\/2025\/04\/19b9095312e429b89413a19cd6015990_medium-1.jpg\" \/>\n\t<meta property=\"og:image:width\" content=\"550\" \/>\n\t<meta property=\"og:image:height\" content=\"550\" \/>\n\t<meta property=\"og:image:type\" content=\"image\/jpeg\" \/>\n<meta name=\"twitter:card\" content=\"summary_large_image\" \/>\n<meta name=\"twitter:label1\" content=\"Tempo di lettura stimato\" \/>\n\t<meta name=\"twitter:data1\" content=\"1 minuto\" \/>\n<script type=\"application\/ld+json\" class=\"yoast-schema-graph\">{\"@context\":\"https:\/\/schema.org\",\"@graph\":[{\"@type\":\"WebPage\",\"@id\":\"https:\/\/www.colorflyprinting.com\/product\/manufacturer-a5-custom-leather-smart-wireless-charger-planner-diary-notebook-with-powerbank-and-usb\/\",\"url\":\"https:\/\/www.colorflyprinting.com\/product\/manufacturer-a5-custom-leather-smart-wireless-charger-planner-diary-notebook-with-powerbank-and-usb\/\",\"name\":\"Manufacturer A5 Custom Leather Smart Wireless Charger Planner Diary Notebook With Powerbank And USB - colorflyprinting\",\"isPartOf\":{\"@id\":\"https:\/\/www.colorflyprinting.com\/#website\"},\"primaryImageOfPage\":{\"@id\":\"https:\/\/www.colorflyprinting.com\/product\/manufacturer-a5-custom-leather-smart-wireless-charger-planner-diary-notebook-with-powerbank-and-usb\/#primaryimage\"},\"image\":{\"@id\":\"https:\/\/www.colorflyprinting.com\/product\/manufacturer-a5-custom-leather-smart-wireless-charger-planner-diary-notebook-with-powerbank-and-usb\/#primaryimage\"},\"thumbnailUrl\":\"https:\/\/www.colorflyprinting.com\/wp-content\/uploads\/2025\/04\/19b9095312e429b89413a19cd6015990_medium-1.jpg\",\"datePublished\":\"2025-04-22T01:23:20+00:00\",\"dateModified\":\"2025-04-27T08:22:20+00:00\",\"breadcrumb\":{\"@id\":\"https:\/\/www.colorflyprinting.com\/product\/manufacturer-a5-custom-leather-smart-wireless-charger-planner-diary-notebook-with-powerbank-and-usb\/#breadcrumb\"},\"inLanguage\":\"it-IT\",\"potentialAction\":[{\"@type\":\"ReadAction\",\"target\":[\"https:\/\/www.colorflyprinting.com\/product\/manufacturer-a5-custom-leather-smart-wireless-charger-planner-diary-notebook-with-powerbank-and-usb\/\"]}]},{\"@type\":\"ImageObject\",\"inLanguage\":\"it-IT\",\"@id\":\"https:\/\/www.colorflyprinting.com\/product\/manufacturer-a5-custom-leather-smart-wireless-charger-planner-diary-notebook-with-powerbank-and-usb\/#primaryimage\",\"url\":\"https:\/\/www.colorflyprinting.com\/wp-content\/uploads\/2025\/04\/19b9095312e429b89413a19cd6015990_medium-1.jpg\",\"contentUrl\":\"https:\/\/www.colorflyprinting.com\/wp-content\/uploads\/2025\/04\/19b9095312e429b89413a19cd6015990_medium-1.jpg\",\"width\":550,\"height\":550},{\"@type\":\"BreadcrumbList\",\"@id\":\"https:\/\/www.colorflyprinting.com\/product\/manufacturer-a5-custom-leather-smart-wireless-charger-planner-diary-notebook-with-powerbank-and-usb\/#breadcrumb\",\"itemListElement\":[{\"@type\":\"ListItem\",\"position\":1,\"name\":\"Home\",\"item\":\"https:\/\/www.colorflyprinting.com\/\"},{\"@type\":\"ListItem\",\"position\":2,\"name\":\"Product\",\"item\":\"https:\/\/www.colorflyprinting.com\/shop\/\"},{\"@type\":\"ListItem\",\"position\":3,\"name\":\"Manufacturer A5 Custom Leather Smart Wireless Charger Planner Diary Notebook With Powerbank And USB\"}]},{\"@type\":\"WebSite\",\"@id\":\"https:\/\/www.colorflyprinting.com\/#website\",\"url\":\"https:\/\/www.colorflyprinting.com\/\",\"name\":\"Hefei Colorfly Stationery Co.,Ltd.\",\"description\":\"\",\"publisher\":{\"@id\":\"https:\/\/www.colorflyprinting.com\/#organization\"},\"potentialAction\":[{\"@type\":\"SearchAction\",\"target\":{\"@type\":\"EntryPoint\",\"urlTemplate\":\"https:\/\/www.colorflyprinting.com\/?s={search_term_string}\"},\"query-input\":{\"@type\":\"PropertyValueSpecification\",\"valueRequired\":true,\"valueName\":\"search_term_string\"}}],\"inLanguage\":\"it-IT\"},{\"@type\":\"Organization\",\"@id\":\"https:\/\/www.colorflyprinting.com\/#organization\",\"name\":\"Hefei Colorfly Stationery Co.,Ltd.\",\"url\":\"https:\/\/www.colorflyprinting.com\/\",\"logo\":{\"@type\":\"ImageObject\",\"inLanguage\":\"it-IT\",\"@id\":\"https:\/\/www.colorflyprinting.com\/#\/schema\/logo\/image\/\",\"url\":\"https:\/\/www.colorflyprinting.com\/wp-content\/uploads\/2025\/04\/d167665f943610681229e2f4307b9df.jpg\",\"contentUrl\":\"https:\/\/www.colorflyprinting.com\/wp-content\/uploads\/2025\/04\/d167665f943610681229e2f4307b9df.jpg\",\"width\":780,\"height\":780,\"caption\":\"Hefei Colorfly Stationery Co.,Ltd.\"},\"image\":{\"@id\":\"https:\/\/www.colorflyprinting.com\/#\/schema\/logo\/image\/\"}}]}<\/script>\n<!-- \/ Yoast SEO Premium plugin. -->","yoast_head_json":{"title":"Manufacturer A5 Custom Leather Smart Wireless Charger Planner Diary Notebook With Powerbank And USB - colorflyprinting","robots":{"index":"index","follow":"follow","max-snippet":"max-snippet:-1","max-image-preview":"max-image-preview:large","max-video-preview":"max-video-preview:-1"},"canonical":"https:\/\/www.colorflyprinting.com\/it\/prodotto\/produttore-di-diario-planner-a5-personalizzato-in-pelle-con-caricabatterie-wireless-intelligente-powerbank-e-usb\/","og_locale":"it_IT","og_type":"article","og_title":"Manufacturer A5 Custom Leather Smart Wireless Charger Planner Diary Notebook With Powerbank And USB","og_description":"Product Origin:  anhui  Brand:  Colorfly  Item NO.:  W-202112161  Shipping Port:  wuhan\/ shanghai \/qiandao \/yiwu  Color:  custom color  Lead Time:  25-30days  MOQ:  100  Price:  $13.6\/  Market Price:  $14  Type:  business notebook  Size:  A5  Binding:  spiral binding  Number of pages:  200  Inner printing:  custom  Cover printing:  4 color","og_url":"https:\/\/www.colorflyprinting.com\/it\/prodotto\/produttore-di-diario-planner-a5-personalizzato-in-pelle-con-caricabatterie-wireless-intelligente-powerbank-e-usb\/","og_site_name":"colorflyprinting","article_modified_time":"2025-04-27T08:22:20+00:00","og_image":[{"width":550,"height":550,"url":"https:\/\/www.colorflyprinting.com\/wp-content\/uploads\/2025\/04\/19b9095312e429b89413a19cd6015990_medium-1.jpg","type":"image\/jpeg"}],"twitter_card":"summary_large_image","twitter_misc":{"Tempo di lettura stimato":"1 minuto"},"schema":{"@context":"https:\/\/schema.org","@graph":[{"@type":"WebPage","@id":"https:\/\/www.colorflyprinting.com\/product\/manufacturer-a5-custom-leather-smart-wireless-charger-planner-diary-notebook-with-powerbank-and-usb\/","url":"https:\/\/www.colorflyprinting.com\/product\/manufacturer-a5-custom-leather-smart-wireless-charger-planner-diary-notebook-with-powerbank-and-usb\/","name":"Manufacturer A5 Custom Leather Smart Wireless Charger Planner Diary Notebook With Powerbank And USB - colorflyprinting","isPartOf":{"@id":"https:\/\/www.colorflyprinting.com\/#website"},"primaryImageOfPage":{"@id":"https:\/\/www.colorflyprinting.com\/product\/manufacturer-a5-custom-leather-smart-wireless-charger-planner-diary-notebook-with-powerbank-and-usb\/#primaryimage"},"image":{"@id":"https:\/\/www.colorflyprinting.com\/product\/manufacturer-a5-custom-leather-smart-wireless-charger-planner-diary-notebook-with-powerbank-and-usb\/#primaryimage"},"thumbnailUrl":"https:\/\/www.colorflyprinting.com\/wp-content\/uploads\/2025\/04\/19b9095312e429b89413a19cd6015990_medium-1.jpg","datePublished":"2025-04-22T01:23:20+00:00","dateModified":"2025-04-27T08:22:20+00:00","breadcrumb":{"@id":"https:\/\/www.colorflyprinting.com\/product\/manufacturer-a5-custom-leather-smart-wireless-charger-planner-diary-notebook-with-powerbank-and-usb\/#breadcrumb"},"inLanguage":"it-IT","potentialAction":[{"@type":"ReadAction","target":["https:\/\/www.colorflyprinting.com\/product\/manufacturer-a5-custom-leather-smart-wireless-charger-planner-diary-notebook-with-powerbank-and-usb\/"]}]},{"@type":"ImageObject","inLanguage":"it-IT","@id":"https:\/\/www.colorflyprinting.com\/product\/manufacturer-a5-custom-leather-smart-wireless-charger-planner-diary-notebook-with-powerbank-and-usb\/#primaryimage","url":"https:\/\/www.colorflyprinting.com\/wp-content\/uploads\/2025\/04\/19b9095312e429b89413a19cd6015990_medium-1.jpg","contentUrl":"https:\/\/www.colorflyprinting.com\/wp-content\/uploads\/2025\/04\/19b9095312e429b89413a19cd6015990_medium-1.jpg","width":550,"height":550},{"@type":"BreadcrumbList","@id":"https:\/\/www.colorflyprinting.com\/product\/manufacturer-a5-custom-leather-smart-wireless-charger-planner-diary-notebook-with-powerbank-and-usb\/#breadcrumb","itemListElement":[{"@type":"ListItem","position":1,"name":"Home","item":"https:\/\/www.colorflyprinting.com\/"},{"@type":"ListItem","position":2,"name":"Product","item":"https:\/\/www.colorflyprinting.com\/shop\/"},{"@type":"ListItem","position":3,"name":"Manufacturer A5 Custom Leather Smart Wireless Charger Planner Diary Notebook With Powerbank And USB"}]},{"@type":"WebSite","@id":"https:\/\/www.colorflyprinting.com\/#website","url":"https:\/\/www.colorflyprinting.com\/","name":"Hefei Colorfly Stationery Co.,Ltd.","description":"","publisher":{"@id":"https:\/\/www.colorflyprinting.com\/#organization"},"potentialAction":[{"@type":"SearchAction","target":{"@type":"EntryPoint","urlTemplate":"https:\/\/www.colorflyprinting.com\/?s={search_term_string}"},"query-input":{"@type":"PropertyValueSpecification","valueRequired":true,"valueName":"search_term_string"}}],"inLanguage":"it-IT"},{"@type":"Organization","@id":"https:\/\/www.colorflyprinting.com\/#organization","name":"Hefei Colorfly Stationery Co.,Ltd.","url":"https:\/\/www.colorflyprinting.com\/","logo":{"@type":"ImageObject","inLanguage":"it-IT","@id":"https:\/\/www.colorflyprinting.com\/#\/schema\/logo\/image\/","url":"https:\/\/www.colorflyprinting.com\/wp-content\/uploads\/2025\/04\/d167665f943610681229e2f4307b9df.jpg","contentUrl":"https:\/\/www.colorflyprinting.com\/wp-content\/uploads\/2025\/04\/d167665f943610681229e2f4307b9df.jpg","width":780,"height":780,"caption":"Hefei Colorfly Stationery Co.,Ltd."},"image":{"@id":"https:\/\/www.colorflyprinting.com\/#\/schema\/logo\/image\/"}}]}},"_links":{"self":[{"href":"https:\/\/www.colorflyprinting.com\/it\/wp-json\/wp\/v2\/product\/11513","targetHints":{"allow":["GET"]}}],"collection":[{"href":"https:\/\/www.colorflyprinting.com\/it\/wp-json\/wp\/v2\/product"}],"about":[{"href":"https:\/\/www.colorflyprinting.com\/it\/wp-json\/wp\/v2\/types\/product"}],"replies":[{"embeddable":true,"href":"https:\/\/www.colorflyprinting.com\/it\/wp-json\/wp\/v2\/comments?post=11513"}],"wp:featuredmedia":[{"embeddable":true,"href":"https:\/\/www.colorflyprinting.com\/it\/wp-json\/wp\/v2\/media\/11567"}],"wp:attachment":[{"href":"https:\/\/www.colorflyprinting.com\/it\/wp-json\/wp\/v2\/media?parent=11513"}],"wp:term":[{"taxonomy":"product_brand","embeddable":true,"href":"https:\/\/www.colorflyprinting.com\/it\/wp-json\/wp\/v2\/product_brand?post=11513"},{"taxonomy":"product_cat","embeddable":true,"href":"https:\/\/www.colorflyprinting.com\/it\/wp-json\/wp\/v2\/product_cat?post=11513"},{"taxonomy":"product_tag","embeddable":true,"href":"https:\/\/www.colorflyprinting.com\/it\/wp-json\/wp\/v2\/product_tag?post=11513"}],"curies":[{"name":"wp","href":"https:\/\/api.w.org\/{rel}","templated":true}]}}