{"id":11461,"date":"2025-04-22T01:22:56","date_gmt":"2025-04-22T01:22:56","guid":{"rendered":"https:\/\/www.colorflyprinting.com\/?post_type=product&#038;p=11461"},"modified":"2025-06-28T04:19:19","modified_gmt":"2025-06-28T04:19:19","slug":"school-customizable-notebooks-hardcover-journal","status":"publish","type":"product","link":"https:\/\/www.colorflyprinting.com\/it\/prodotto\/quaderni-personalizzabili-per-la-scuola-diario-con-copertina-rigida\/","title":{"rendered":"Quaderni personalizzabili per la scuola, diario con copertina rigida"},"content":{"rendered":"<div class=\"text\">\n<div class=\"table-responsive\">\n<table border=\"1\">\n<tbody>\n<tr>\n<td>\n<p>\n\t\t\t\t\t\tNome del prodotto\n\t\t\t\t\t<\/p>\n<\/td>\n<td>\n<p>\n\t\t\t\t\t\tQuaderno con copertina rigida in stile arabo&nbsp;\n\t\t\t\t\t<\/p>\n<\/td>\n<\/tr>\n<tr>\n<td>\n<p>\n\t\t\t\t\t\tFoglio (pagina)\n\t\t\t\t\t<\/p>\n<\/td>\n<td>\n<p>\n\t\t\t\t\t\t100 fogli \/ 80 fogli ecc.\n\t\t\t\t\t<\/p>\n<\/td>\n<\/tr>\n<tr>\n<td>\n<p>\n\t\t\t\t\t\tMisurare\n\t\t\t\t\t<\/p>\n<\/td>\n<td>\n<p>\n\t\t\t\t\t\t17x24 cm\n\t\t\t\t\t<\/p>\n<\/td>\n<\/tr>\n<tr>\n<td>\n<p>\n\t\t\t\t\t\tCopertina\n\t\t\t\t\t<\/p>\n<\/td>\n<td>\n<p>\n\t\t\t\t\t\tDoppio cartone + laminato; design personalizzato disponibile\n\t\t\t\t\t<\/p>\n<\/td>\n<\/tr>\n<tr>\n<td>\n<p>\n\t\t\t\t\t\tLegame\n\t\t\t\t\t<\/p>\n<\/td>\n<td>\n<p>\n\t\t\t\t\t\tRilegatura perfetta (rilegatura cucita a punti + rilegatura incollata)\n\t\t\t\t\t<\/p>\n<\/td>\n<\/tr>\n<tr>\n<td>\n<p>\n\t\t\t\t\t\tStampa interna\n\t\t\t\t\t<\/p>\n<\/td>\n<td>\n<p>\n\t\t\t\t\t\tlinea araba\n\t\t\t\t\t<\/p>\n<\/td>\n<\/tr>\n<tr>\n<td>\n<p>\n\t\t\t\t\t\tCarta interna GSM&nbsp; &nbsp; &nbsp; &nbsp; &nbsp; &nbsp; &nbsp; &nbsp; &nbsp;\n\t\t\t\t\t<\/p>\n<\/td>\n<td>\n<p>\n\t\t\t\t\t\t68 g\/m\u00b2\n\t\t\t\t\t<\/p>\n<\/td>\n<\/tr>\n<tr>\n<td>\n<p>\n\t\t\t\t\t\tUtilizzo\n\t\t\t\t\t<\/p>\n<\/td>\n<td>\n<p>\n\t\t\t\t\t\tScuola \/ Ufficio \/ ecc.\n\t\t\t\t\t<\/p>\n<\/td>\n<\/tr>\n<tr>\n<td>\n<p>\n\t\t\t\t\t\tImballaggio\n\t\t\t\t\t<\/p>\n<\/td>\n<td>\n<p>\n\t\t\t\t\t\t4 pezzi \/ termoretraibile, 80 pezzi \/ cartone\n\t\t\t\t\t<\/p>\n<\/td>\n<\/tr>\n<tr>\n<td>\n<p>\n\t\t\t\t\t\tPrezzo&nbsp;\n\t\t\t\t\t<\/p>\n<\/td>\n<td>\n<p>\n\t\t\t\t\t\tIl prezzo vantaggioso verr\u00e0 aggiornato al ricevimento della tua richiesta dettagliata&nbsp; &nbsp; &nbsp; &nbsp; &nbsp; &nbsp; &nbsp; &nbsp; &nbsp; &nbsp; &nbsp;\n\t\t\t\t\t<\/p>\n<\/td>\n<\/tr>\n<\/tbody>\n<\/table>\n<\/div>\n<p><span style=\"color:#8ac4b6;\"><strong>Se vuoi ordinare, ti preghiamo di comunicarcelo:<\/strong><\/span> <\/p>\n<p>\n\t<span style=\"color:#8ac4b6;\"><strong>1. Dimensioni: personalizzate<\/strong><\/span>\n<\/p>\n<p>\n\t<span style=\"color:#8ac4b6;\"><strong>2. Materiale di copertina: \u00e8 meglio che ci invii una foto come riferimento.<\/strong><\/span><br \/>\n<span style=\"color:#8ac4b6;\"><strong> 3. Pagine interne cartacee utilizza il nostro design o hai la tua grafica<\/strong><\/span><br \/>\n<span style=\"color:#8ac4b6;\"><strong> 4. Se il testo \u00e8 un tuo disegno, quante pagine ci sono all&#039;interno? Un foglio equivale a due pagine.<\/strong><\/span><br \/>\n<span style=\"color:#8ac4b6;\"><strong> 5. All&#039;interno, stampa in bianco e nero o stampa a colori<\/strong><\/span><br \/>\n<span style=\"color:#8ac4b6;\"><strong> 6. Rilegatura: rilegatura a cucire, rilegatura a spirale o per favore consiglio<\/strong><\/span><br \/>\n<span style=\"color:#8ac4b6;\"><strong> 7. Quantit\u00e0: si prega di avvisare<\/strong><\/span><br \/>\n<span style=\"color:#8ac4b6;\"><strong> Confermatelo, potremmo fornirvi un preventivo.<\/strong><\/span><br \/>\n<span style=\"color:#8ac4b6;\"><strong> Thanks and wait to privide you the most professional service \ud83d\ude42<\/strong><\/span>\n<\/p>\n<p>\n\t\n<\/p>\n<p>\n\t<strong><span style=\"color:#8AC4B6;\">Domande frequenti:<\/span><\/strong>\n<\/p>\n<p>\n\t<span style=\"background-color:#8ac4b6;\">1. Vorremmo conoscere il tempo di campionamento, il costo del campione e il tempo di produzione&nbsp;<\/span><br \/>\nOttieni la correzione e il controllo degli errori dei tuoi file senza pagare un centesimo! Siamo cos\u00ec sicuri della quantit\u00e0 di stampe che offriamo una correzione di bozze gratuita 100%! I campioni saranno consegnati entro 3 giorni lavorativi. La produzione sar\u00e0 effettuata entro 3-10 giorni lavorativi.\n<\/p>\n<p>\n\t<span style=\"background-color:#8ac4b6;\">2. Sei un produttore industriale o un&#039;azienda commerciale? Qual \u00e8 la tua gamma di prodotti? Qual \u00e8 il tuo mercato?<\/span><br \/>\nSiamo produttori specializzati in etichette autoadesive e prodotti per l&#039;imballaggio di alta qualit\u00e0 e prezzi competitivi con oltre 7 anni di esperienza nel settore; tra cui adesivi, scatole regalo, cataloghi, cartellini e prodotti per l&#039;imballaggio; sono famosi in tutto il mondo, in particolare negli USA, Australia, Canada, Europa, Medio Oriente, Sud-est asiatico ecc.\n<\/p>\n<p>\n\t<span style=\"background-color:#8ac4b6;\">3. Qual \u00e8 la tua qualit\u00e0?<\/span><br \/>\nQui puoi stare certo che il tuo prodotto stampato verr\u00e0 perfetto fin dal primo tentativo. Offriamo stampe di qualit\u00e0 superiore, il tutto supportato dalla nostra garanzia di qualit\u00e0 100%. Non scendere a compromessi sulla qualit\u00e0 e scopri la differenza Colorfly!<\/p>\n<p><span style=\"background-color:#8ac4b6;\">4. Qual \u00e8 il tuo servizio clienti?<\/span><br \/>\nHai una domanda o hai bisogno di aiuto per effettuare un ordine? Siamo qui per aiutarti! I nostri specialisti della stampa sono a tua disposizione dal luned\u00ec alla domenica, per tutta la settimana!<br \/>\n<span style=\"background-color:#8ac4b6;\"><br \/>\n<\/span>\n<\/p>\n<p>\n\t<span style=\"background-color:#8ac4b6;\">5. Qual \u00e8 il tuo prezzo?<\/span><br \/>\nColorfly \u00e8 orgogliosa di offrire stampe di qualit\u00e0 superiore al miglior prezzo possibile. Ci auguriamo che stampare su Colorfly sia facile e perfetto.<\/p>\n<p><span style=\"background-color:#8ac4b6;\">6. Perch\u00e9 hai detto che hai delle buone ragioni e che dovremmo sceglierti<\/span><br \/>\nSiamo certi che ogni nostro processo produttivo ci permetta di fornirvi un prodotto perfetto. Qui elenchiamo alcuni punti e li confrontiamo con altre aziende di stampa.\n<\/p>\n<\/p><\/div>","protected":false},"excerpt":{"rendered":"<p>Quaderni Caseboud in vendita all&#039;ingrosso, quaderni con linea araba, prezzo economico<\/p>\n<ul class=\"ptab-list clearfix\">\n<li>\n<p>Marca:<\/p>\n<p><span>Colorfly<\/span><\/li>\n<li>\n<p>Articolo n.:<\/p>\n<p><span>Codice articolo: CY-HN008<\/span><\/li>\n<li>\n<p>Quantit\u00e0 minima richiesta:<\/p>\n<p><span>Contenitore da 20 piedi<\/span><\/li>\n<li>\n<p>Tipo: <\/p>\n<p> <span>Quaderno con copertina rigida<\/span><\/li>\n<li>\n<p>Misurare: <\/p>\n<p> <span>17x24m<\/span><\/li>\n<li>\n<p>Legame: <\/p>\n<p> <span>Rilegatura perfetta<\/span><\/li>\n<li>\n<p>Numero di pagine: <\/p>\n<p> <span>100 fogli\/80 fogli ecc.<\/span><\/li>\n<li>\n<p>Stampa interna: <\/p>\n<p> <span>linea araba<\/span><\/li>\n<li>\n<p>Stampa della copertina: <\/p>\n<p> <span>stampa a 4 colori<\/span><\/li>\n<\/ul>","protected":false},"featured_media":11519,"comment_status":"open","ping_status":"closed","template":"","meta":[],"product_brand":[],"product_cat":[449],"product_tag":[466,468,467],"class_list":{"0":"post-11461","1":"product","2":"type-product","3":"status-publish","4":"has-post-thumbnail","6":"product_cat-hardcover-notebook","7":"product_tag-arabic-line-notebook","8":"product_tag-customizable-notebooks","9":"product_tag-school-hardcover-notebooks","11":"first","12":"instock","13":"shipping-taxable","14":"product-type-simple"},"yoast_head":"<!-- This site is optimized with the Yoast SEO Premium plugin v23.9 (Yoast SEO v25.2) - https:\/\/yoast.com\/wordpress\/plugins\/seo\/ -->\n<title>School Customizable Notebooks Hardcover Journal - colorflyprinting<\/title>\n<meta name=\"robots\" content=\"index, follow, max-snippet:-1, max-image-preview:large, max-video-preview:-1\" \/>\n<link rel=\"canonical\" href=\"https:\/\/www.colorflyprinting.com\/it\/prodotto\/quaderni-personalizzabili-per-la-scuola-diario-con-copertina-rigida\/\" \/>\n<meta property=\"og:locale\" content=\"it_IT\" \/>\n<meta property=\"og:type\" content=\"article\" \/>\n<meta property=\"og:title\" content=\"School Customizable Notebooks Hardcover Journal\" \/>\n<meta property=\"og:description\" content=\"Factory Wholesale Caseboud Notebook Arabic Line Notebooks Cheap Price                                                    Brand:Colorfly                                                   Item NO.:CY-HN008                                                                                                                   MOQ:20 foot container                                                                                                                  Type: Hardcover notebook                                 Size: 17x24m                                 Binding: Perfect binding                                 Number of pages: 100sheets\/80sheets etc                                 Inner printing: Arabic line                                 Cover printing: 4 colors printing\" \/>\n<meta property=\"og:url\" content=\"https:\/\/www.colorflyprinting.com\/it\/prodotto\/quaderni-personalizzabili-per-la-scuola-diario-con-copertina-rigida\/\" \/>\n<meta property=\"og:site_name\" content=\"colorflyprinting\" \/>\n<meta property=\"article:modified_time\" content=\"2025-06-28T04:19:19+00:00\" \/>\n<meta name=\"twitter:card\" content=\"summary_large_image\" \/>\n<meta name=\"twitter:label1\" content=\"Tempo di lettura stimato\" \/>\n\t<meta name=\"twitter:data1\" content=\"2 minuti\" \/>\n<script type=\"application\/ld+json\" class=\"yoast-schema-graph\">{\"@context\":\"https:\/\/schema.org\",\"@graph\":[{\"@type\":\"WebPage\",\"@id\":\"https:\/\/www.colorflyprinting.com\/product\/school-customizable-notebooks-hardcover-journal\/\",\"url\":\"https:\/\/www.colorflyprinting.com\/product\/school-customizable-notebooks-hardcover-journal\/\",\"name\":\"School Customizable Notebooks Hardcover Journal - colorflyprinting\",\"isPartOf\":{\"@id\":\"https:\/\/www.colorflyprinting.com\/#website\"},\"primaryImageOfPage\":{\"@id\":\"https:\/\/www.colorflyprinting.com\/product\/school-customizable-notebooks-hardcover-journal\/#primaryimage\"},\"image\":{\"@id\":\"https:\/\/www.colorflyprinting.com\/product\/school-customizable-notebooks-hardcover-journal\/#primaryimage\"},\"thumbnailUrl\":\"https:\/\/www.colorflyprinting.com\/wp-content\/uploads\/2025\/04\/ca1406782162cb0aa7034d442d0e82dc_medium-1.jpg\",\"datePublished\":\"2025-04-22T01:22:56+00:00\",\"dateModified\":\"2025-06-28T04:19:19+00:00\",\"breadcrumb\":{\"@id\":\"https:\/\/www.colorflyprinting.com\/product\/school-customizable-notebooks-hardcover-journal\/#breadcrumb\"},\"inLanguage\":\"it-IT\",\"potentialAction\":[{\"@type\":\"ReadAction\",\"target\":[\"https:\/\/www.colorflyprinting.com\/product\/school-customizable-notebooks-hardcover-journal\/\"]}]},{\"@type\":\"ImageObject\",\"inLanguage\":\"it-IT\",\"@id\":\"https:\/\/www.colorflyprinting.com\/product\/school-customizable-notebooks-hardcover-journal\/#primaryimage\",\"url\":\"https:\/\/www.colorflyprinting.com\/wp-content\/uploads\/2025\/04\/ca1406782162cb0aa7034d442d0e82dc_medium-1.jpg\",\"contentUrl\":\"https:\/\/www.colorflyprinting.com\/wp-content\/uploads\/2025\/04\/ca1406782162cb0aa7034d442d0e82dc_medium-1.jpg\",\"width\":550,\"height\":550},{\"@type\":\"BreadcrumbList\",\"@id\":\"https:\/\/www.colorflyprinting.com\/product\/school-customizable-notebooks-hardcover-journal\/#breadcrumb\",\"itemListElement\":[{\"@type\":\"ListItem\",\"position\":1,\"name\":\"Home\",\"item\":\"https:\/\/www.colorflyprinting.com\/\"},{\"@type\":\"ListItem\",\"position\":2,\"name\":\"Product\",\"item\":\"https:\/\/www.colorflyprinting.com\/shop\/\"},{\"@type\":\"ListItem\",\"position\":3,\"name\":\"School Customizable Notebooks Hardcover Journal\"}]},{\"@type\":\"WebSite\",\"@id\":\"https:\/\/www.colorflyprinting.com\/#website\",\"url\":\"https:\/\/www.colorflyprinting.com\/\",\"name\":\"Hefei Colorfly Stationery Co.,Ltd.\",\"description\":\"\",\"publisher\":{\"@id\":\"https:\/\/www.colorflyprinting.com\/#organization\"},\"potentialAction\":[{\"@type\":\"SearchAction\",\"target\":{\"@type\":\"EntryPoint\",\"urlTemplate\":\"https:\/\/www.colorflyprinting.com\/?s={search_term_string}\"},\"query-input\":{\"@type\":\"PropertyValueSpecification\",\"valueRequired\":true,\"valueName\":\"search_term_string\"}}],\"inLanguage\":\"it-IT\"},{\"@type\":\"Organization\",\"@id\":\"https:\/\/www.colorflyprinting.com\/#organization\",\"name\":\"Hefei Colorfly Stationery Co.,Ltd.\",\"url\":\"https:\/\/www.colorflyprinting.com\/\",\"logo\":{\"@type\":\"ImageObject\",\"inLanguage\":\"it-IT\",\"@id\":\"https:\/\/www.colorflyprinting.com\/#\/schema\/logo\/image\/\",\"url\":\"https:\/\/www.colorflyprinting.com\/wp-content\/uploads\/2025\/04\/d167665f943610681229e2f4307b9df.jpg\",\"contentUrl\":\"https:\/\/www.colorflyprinting.com\/wp-content\/uploads\/2025\/04\/d167665f943610681229e2f4307b9df.jpg\",\"width\":780,\"height\":780,\"caption\":\"Hefei Colorfly Stationery Co.,Ltd.\"},\"image\":{\"@id\":\"https:\/\/www.colorflyprinting.com\/#\/schema\/logo\/image\/\"}}]}<\/script>\n<!-- \/ Yoast SEO Premium plugin. -->","yoast_head_json":{"title":"School Customizable Notebooks Hardcover Journal - colorflyprinting","robots":{"index":"index","follow":"follow","max-snippet":"max-snippet:-1","max-image-preview":"max-image-preview:large","max-video-preview":"max-video-preview:-1"},"canonical":"https:\/\/www.colorflyprinting.com\/it\/prodotto\/quaderni-personalizzabili-per-la-scuola-diario-con-copertina-rigida\/","og_locale":"it_IT","og_type":"article","og_title":"School Customizable Notebooks Hardcover Journal","og_description":"Factory Wholesale Caseboud Notebook Arabic Line Notebooks Cheap Price                                                    Brand:Colorfly                                                   Item NO.:CY-HN008                                                                                                                   MOQ:20 foot container                                                                                                                  Type: Hardcover notebook                                 Size: 17x24m                                 Binding: Perfect binding                                 Number of pages: 100sheets\/80sheets etc                                 Inner printing: Arabic line                                 Cover printing: 4 colors printing","og_url":"https:\/\/www.colorflyprinting.com\/it\/prodotto\/quaderni-personalizzabili-per-la-scuola-diario-con-copertina-rigida\/","og_site_name":"colorflyprinting","article_modified_time":"2025-06-28T04:19:19+00:00","twitter_card":"summary_large_image","twitter_misc":{"Tempo di lettura stimato":"2 minuti"},"schema":{"@context":"https:\/\/schema.org","@graph":[{"@type":"WebPage","@id":"https:\/\/www.colorflyprinting.com\/product\/school-customizable-notebooks-hardcover-journal\/","url":"https:\/\/www.colorflyprinting.com\/product\/school-customizable-notebooks-hardcover-journal\/","name":"School Customizable Notebooks Hardcover Journal - colorflyprinting","isPartOf":{"@id":"https:\/\/www.colorflyprinting.com\/#website"},"primaryImageOfPage":{"@id":"https:\/\/www.colorflyprinting.com\/product\/school-customizable-notebooks-hardcover-journal\/#primaryimage"},"image":{"@id":"https:\/\/www.colorflyprinting.com\/product\/school-customizable-notebooks-hardcover-journal\/#primaryimage"},"thumbnailUrl":"https:\/\/www.colorflyprinting.com\/wp-content\/uploads\/2025\/04\/ca1406782162cb0aa7034d442d0e82dc_medium-1.jpg","datePublished":"2025-04-22T01:22:56+00:00","dateModified":"2025-06-28T04:19:19+00:00","breadcrumb":{"@id":"https:\/\/www.colorflyprinting.com\/product\/school-customizable-notebooks-hardcover-journal\/#breadcrumb"},"inLanguage":"it-IT","potentialAction":[{"@type":"ReadAction","target":["https:\/\/www.colorflyprinting.com\/product\/school-customizable-notebooks-hardcover-journal\/"]}]},{"@type":"ImageObject","inLanguage":"it-IT","@id":"https:\/\/www.colorflyprinting.com\/product\/school-customizable-notebooks-hardcover-journal\/#primaryimage","url":"https:\/\/www.colorflyprinting.com\/wp-content\/uploads\/2025\/04\/ca1406782162cb0aa7034d442d0e82dc_medium-1.jpg","contentUrl":"https:\/\/www.colorflyprinting.com\/wp-content\/uploads\/2025\/04\/ca1406782162cb0aa7034d442d0e82dc_medium-1.jpg","width":550,"height":550},{"@type":"BreadcrumbList","@id":"https:\/\/www.colorflyprinting.com\/product\/school-customizable-notebooks-hardcover-journal\/#breadcrumb","itemListElement":[{"@type":"ListItem","position":1,"name":"Home","item":"https:\/\/www.colorflyprinting.com\/"},{"@type":"ListItem","position":2,"name":"Product","item":"https:\/\/www.colorflyprinting.com\/shop\/"},{"@type":"ListItem","position":3,"name":"School Customizable Notebooks Hardcover Journal"}]},{"@type":"WebSite","@id":"https:\/\/www.colorflyprinting.com\/#website","url":"https:\/\/www.colorflyprinting.com\/","name":"Hefei Colorfly Stationery Co.,Ltd.","description":"","publisher":{"@id":"https:\/\/www.colorflyprinting.com\/#organization"},"potentialAction":[{"@type":"SearchAction","target":{"@type":"EntryPoint","urlTemplate":"https:\/\/www.colorflyprinting.com\/?s={search_term_string}"},"query-input":{"@type":"PropertyValueSpecification","valueRequired":true,"valueName":"search_term_string"}}],"inLanguage":"it-IT"},{"@type":"Organization","@id":"https:\/\/www.colorflyprinting.com\/#organization","name":"Hefei Colorfly Stationery Co.,Ltd.","url":"https:\/\/www.colorflyprinting.com\/","logo":{"@type":"ImageObject","inLanguage":"it-IT","@id":"https:\/\/www.colorflyprinting.com\/#\/schema\/logo\/image\/","url":"https:\/\/www.colorflyprinting.com\/wp-content\/uploads\/2025\/04\/d167665f943610681229e2f4307b9df.jpg","contentUrl":"https:\/\/www.colorflyprinting.com\/wp-content\/uploads\/2025\/04\/d167665f943610681229e2f4307b9df.jpg","width":780,"height":780,"caption":"Hefei Colorfly Stationery Co.,Ltd."},"image":{"@id":"https:\/\/www.colorflyprinting.com\/#\/schema\/logo\/image\/"}}]}},"_links":{"self":[{"href":"https:\/\/www.colorflyprinting.com\/it\/wp-json\/wp\/v2\/product\/11461","targetHints":{"allow":["GET"]}}],"collection":[{"href":"https:\/\/www.colorflyprinting.com\/it\/wp-json\/wp\/v2\/product"}],"about":[{"href":"https:\/\/www.colorflyprinting.com\/it\/wp-json\/wp\/v2\/types\/product"}],"replies":[{"embeddable":true,"href":"https:\/\/www.colorflyprinting.com\/it\/wp-json\/wp\/v2\/comments?post=11461"}],"wp:featuredmedia":[{"embeddable":true,"href":"https:\/\/www.colorflyprinting.com\/it\/wp-json\/wp\/v2\/media\/11519"}],"wp:attachment":[{"href":"https:\/\/www.colorflyprinting.com\/it\/wp-json\/wp\/v2\/media?parent=11461"}],"wp:term":[{"taxonomy":"product_brand","embeddable":true,"href":"https:\/\/www.colorflyprinting.com\/it\/wp-json\/wp\/v2\/product_brand?post=11461"},{"taxonomy":"product_cat","embeddable":true,"href":"https:\/\/www.colorflyprinting.com\/it\/wp-json\/wp\/v2\/product_cat?post=11461"},{"taxonomy":"product_tag","embeddable":true,"href":"https:\/\/www.colorflyprinting.com\/it\/wp-json\/wp\/v2\/product_tag?post=11461"}],"curies":[{"name":"wp","href":"https:\/\/api.w.org\/{rel}","templated":true}]}}