{"id":11459,"date":"2025-04-22T01:22:56","date_gmt":"2025-04-22T01:22:56","guid":{"rendered":"https:\/\/www.colorflyprinting.com\/?post_type=product&#038;p=11459"},"modified":"2025-09-02T05:03:45","modified_gmt":"2025-09-02T05:03:45","slug":"custom-288-pages-hardcover-note-books","status":"publish","type":"product","link":"https:\/\/www.colorflyprinting.com\/it\/prodotto\/quaderni-personalizzati-con-copertina-rigida-da-288-pagine\/","title":{"rendered":"Quaderni personalizzati con copertina rigida da 288 pagine"},"content":{"rendered":"<div class=\"text\">\n<p>\n\t<strong>Quaderno Cahier a righe francesi con copertina rigida di diversi colori, 288 pagine<\/strong>\n<\/p>\n<p>\n\t<img decoding=\"async\" src=\"\/js\/htmledit\/kindeditor\/attached\/20200811\/20200811133738_56928.jpg\" alt=\"\">\n<\/p>\n<p>\n\tNome dell&#039;articolo: Quaderno con copertina rigida\n<\/p>\n<p>\n\tCopertina: copertina rigida\n<\/p>\n<p>\n\tDimensioni: 17x22cm\n<\/p>\n<p>\n\tRilegatura: rilegatura perfetta (rilegatura cucita + rilegatura incollata)\n<\/p>\n<p>\n\tPagine: 288 pagine ecc.&nbsp;\n<\/p>\n<p>\n\tStampa su carta interna: riga francese\n<\/p>\n<p>\n\tMOQ: container da 20 piedi, \u00e8 possibile ordinare articoli misti\n<\/p>\n<p>\n\tNota: tutte le specifiche di cui sopra possono essere personalizzate. Se collaboriamo, puoi usufruire del nostro servizio personalizzato.\n<\/p>\n<p>\n\t<img decoding=\"async\" src=\"\/js\/htmledit\/kindeditor\/attached\/20200806\/20200806160055_84649.jpg\" alt=\"\">\n<\/p>\n<p>\n\t<strong>Mostra aziendale:<\/strong>\n<\/p>\n<p>\n\t<img decoding=\"async\" src=\"\/js\/htmledit\/kindeditor\/attached\/20200806\/20200806171628_73747.jpg\" alt=\"\">\n<\/p>\n<p>\n\t<strong>Domande frequenti<\/strong>\n<\/p>\n<p>\n\t<span style=\"background-color:#8AC4B6;\"><strong>1. Informazioni sul prezzo:<\/strong><\/span>\n<\/p>\n<p>\n\tIl prezzo \u00e8 trattabile. Pu\u00f2 variare in base alla quantit\u00e0 o al pacchetto.<br \/>\nQuando fate una richiesta, vi preghiamo di comunicarci la quantit\u00e0 desiderata.\n<\/p>\n<p>\n\t<strong><span style=\"background-color:#8ac4b6;\">2. Informazioni sul campione:<\/span><\/strong>\n<\/p>\n<p>\n\tPer i prodotti standard che produciamo ogni giorno, il campione \u00e8 gratuito, ma il trasporto aereo \u00e8 a carico del mittente o potrete pagarci le spese di spedizione in anticipo. Vi preghiamo di comprendere che la realizzazione di nuovi campioni comporter\u00e0 un costo di realizzazione, discutiamone di pi\u00f9.\n<\/p>\n<p>\n\t<span style=\"background-color:#8AC4B6;\"><strong>3.Informazioni sul MOQ:<\/strong><\/span>\n<\/p>\n<p>\n\tSe il prodotto \u00e8 disponibile in magazzino, la quantit\u00e0 minima ordinabile \u00e8 piccola; in caso contrario, la quantit\u00e0 minima ordinabile \u00e8 20.000\/50.000\/100.000 pezzi ecc. Anche articoli misti possono entrare in un container da 20 piedi; dipende dal tipo di prodotto ed \u00e8 negoziabile. Vorremmo risolvere il tuo problema nel modo pi\u00f9 possibile.\n<\/p>\n<p>\n\t<span style=\"background-color:#8ac4b6;\"><strong>4. Informazioni sull&#039;OEM:<\/strong><\/span>\n<\/p>\n<p>\n\tPossediamo una fabbrica in Cina e vorremmo aiutarti a progettare il LOGO e il codice a barre del prodotto, a patto che la qualit\u00e0 dell&#039;ordine soddisfi il tuo MOQ.\n<\/p>\n<p>\n\t<strong><span style=\"background-color:#8ac4b6;\">5. Informazioni sul pacchetto:<\/span><\/strong>\n<\/p>\n<p>\n\tLa maggior parte dei prodotti che realizziamo hanno un pacchetto standard basato sull&#039;esperienza che abbiamo acquisito sul mercato, ma accettiamo sempre le esigenze del cliente e forniamo suggerimenti utili come riferimento.\n<\/p>\n<p>\n\t\n<\/p>\n<p>\n\t\n<\/p>\n<p>\n\t\n<\/p>\n<p>\n\t\n<\/p>\n<\/p><\/div>","protected":false},"excerpt":{"rendered":"<p>Quaderno per esercizi con copertina rigida della scuola del mercato africano, 288 pagine, con riga in francese<\/p>\n<ul class=\"ptab-list clearfix\">\n<li>\n<p>Origine del prodotto:<\/p>\n<p><span>Cina<\/span><\/li>\n<li>\n<p>Marca:<\/p>\n<p><span>Colorfly<\/span><\/li>\n<li>\n<p>Articolo n.:<\/p>\n<p><span>Codice articolo: CY-1722288P02<\/span><\/li>\n<li>\n<p>Porto di spedizione:<\/p>\n<p><span>Wuhu, Hefei, Nanchino, Shanghai<\/span><\/li>\n<li>\n<p>Colore:<\/p>\n<p><span>Completamente a colori<\/span><\/li>\n<li>\n<p>Quantit\u00e0 minima richiesta:<\/p>\n<p><span>Contenitore da 20 piedi<\/span><\/li>\n<li>\n<p>Tipo: <\/p>\n<p> <span>Quaderno con copertina rigida personalizzato<\/span><\/li>\n<li>\n<p>Misurare: <\/p>\n<p> <span>17x22 cm<\/span><\/li>\n<li>\n<p>Legame: <\/p>\n<p> <span>Rilegatura perfetta<\/span><\/li>\n<li>\n<p>Numero di pagine: <\/p>\n<p> <span>288 pagine ecc.<\/span><\/li>\n<li>\n<p>Stampa interna: <\/p>\n<p> <span>linea francese<\/span><\/li>\n<li>\n<p>Stampa della copertina: <\/p>\n<p> <span>A colori<\/span><\/li>\n<\/ul>","protected":false},"featured_media":11503,"comment_status":"open","ping_status":"closed","template":"","meta":[],"product_brand":[],"product_cat":[449],"product_tag":[463,458,462],"class_list":{"0":"post-11459","1":"product","2":"type-product","3":"status-publish","4":"has-post-thumbnail","6":"product_cat-hardcover-notebook","7":"product_tag-africa-hardcover-book","8":"product_tag-custom-hardcover-notebook","9":"product_tag-school-notebook","11":"first","12":"instock","13":"featured","14":"shipping-taxable","15":"product-type-simple"},"yoast_head":"<!-- This site is optimized with the Yoast SEO Premium plugin v23.9 (Yoast SEO v25.2) - https:\/\/yoast.com\/wordpress\/plugins\/seo\/ -->\n<title>Custom 288 Pages Hardcover Note Books - colorflyprinting<\/title>\n<meta name=\"robots\" content=\"index, follow, max-snippet:-1, max-image-preview:large, max-video-preview:-1\" \/>\n<link rel=\"canonical\" href=\"https:\/\/www.colorflyprinting.com\/it\/prodotto\/quaderni-personalizzati-con-copertina-rigida-da-288-pagine\/\" \/>\n<meta property=\"og:locale\" content=\"it_IT\" \/>\n<meta property=\"og:type\" content=\"article\" \/>\n<meta property=\"og:title\" content=\"Custom 288 Pages Hardcover Note Books\" \/>\n<meta property=\"og:description\" content=\"Africa market school 288pages hardcover notebook exercise book with french line                                   Product Origin:China                                                    Brand:Colorfly                                                   Item NO.:CY-1722288P02                                                   Shipping Port:wuhu,hefei, nanjing,shanghai                                                   Color:Fully Color                                                                                   MOQ:20 foot container                                                                                                                  Type: Custom hardcover notebook                                 Size: 17x22cm                                 Binding: Perfect binding                                 Number of pages: 288pages etc                                 Inner printing: French line                                 Cover printing: Full color\" \/>\n<meta property=\"og:url\" content=\"https:\/\/www.colorflyprinting.com\/it\/prodotto\/quaderni-personalizzati-con-copertina-rigida-da-288-pagine\/\" \/>\n<meta property=\"og:site_name\" content=\"colorflyprinting\" \/>\n<meta property=\"article:modified_time\" content=\"2025-09-02T05:03:45+00:00\" \/>\n<meta name=\"twitter:card\" content=\"summary_large_image\" \/>\n<meta name=\"twitter:label1\" content=\"Tempo di lettura stimato\" \/>\n\t<meta name=\"twitter:data1\" content=\"1 minuto\" \/>\n<script type=\"application\/ld+json\" class=\"yoast-schema-graph\">{\"@context\":\"https:\/\/schema.org\",\"@graph\":[{\"@type\":\"WebPage\",\"@id\":\"https:\/\/www.colorflyprinting.com\/product\/custom-288-pages-hardcover-note-books\/\",\"url\":\"https:\/\/www.colorflyprinting.com\/product\/custom-288-pages-hardcover-note-books\/\",\"name\":\"Custom 288 Pages Hardcover Note Books - colorflyprinting\",\"isPartOf\":{\"@id\":\"https:\/\/www.colorflyprinting.com\/#website\"},\"primaryImageOfPage\":{\"@id\":\"https:\/\/www.colorflyprinting.com\/product\/custom-288-pages-hardcover-note-books\/#primaryimage\"},\"image\":{\"@id\":\"https:\/\/www.colorflyprinting.com\/product\/custom-288-pages-hardcover-note-books\/#primaryimage\"},\"thumbnailUrl\":\"https:\/\/www.colorflyprinting.com\/wp-content\/uploads\/2025\/04\/5727740011e49596868edc55ed2bf64c_medium-1.jpg\",\"datePublished\":\"2025-04-22T01:22:56+00:00\",\"dateModified\":\"2025-09-02T05:03:45+00:00\",\"breadcrumb\":{\"@id\":\"https:\/\/www.colorflyprinting.com\/product\/custom-288-pages-hardcover-note-books\/#breadcrumb\"},\"inLanguage\":\"it-IT\",\"potentialAction\":[{\"@type\":\"ReadAction\",\"target\":[\"https:\/\/www.colorflyprinting.com\/product\/custom-288-pages-hardcover-note-books\/\"]}]},{\"@type\":\"ImageObject\",\"inLanguage\":\"it-IT\",\"@id\":\"https:\/\/www.colorflyprinting.com\/product\/custom-288-pages-hardcover-note-books\/#primaryimage\",\"url\":\"https:\/\/www.colorflyprinting.com\/wp-content\/uploads\/2025\/04\/5727740011e49596868edc55ed2bf64c_medium-1.jpg\",\"contentUrl\":\"https:\/\/www.colorflyprinting.com\/wp-content\/uploads\/2025\/04\/5727740011e49596868edc55ed2bf64c_medium-1.jpg\",\"width\":550,\"height\":550},{\"@type\":\"BreadcrumbList\",\"@id\":\"https:\/\/www.colorflyprinting.com\/product\/custom-288-pages-hardcover-note-books\/#breadcrumb\",\"itemListElement\":[{\"@type\":\"ListItem\",\"position\":1,\"name\":\"Home\",\"item\":\"https:\/\/www.colorflyprinting.com\/\"},{\"@type\":\"ListItem\",\"position\":2,\"name\":\"Product\",\"item\":\"https:\/\/www.colorflyprinting.com\/shop\/\"},{\"@type\":\"ListItem\",\"position\":3,\"name\":\"Custom 288 Pages Hardcover Note Books\"}]},{\"@type\":\"WebSite\",\"@id\":\"https:\/\/www.colorflyprinting.com\/#website\",\"url\":\"https:\/\/www.colorflyprinting.com\/\",\"name\":\"Hefei Colorfly Stationery Co.,Ltd.\",\"description\":\"\",\"publisher\":{\"@id\":\"https:\/\/www.colorflyprinting.com\/#organization\"},\"potentialAction\":[{\"@type\":\"SearchAction\",\"target\":{\"@type\":\"EntryPoint\",\"urlTemplate\":\"https:\/\/www.colorflyprinting.com\/?s={search_term_string}\"},\"query-input\":{\"@type\":\"PropertyValueSpecification\",\"valueRequired\":true,\"valueName\":\"search_term_string\"}}],\"inLanguage\":\"it-IT\"},{\"@type\":\"Organization\",\"@id\":\"https:\/\/www.colorflyprinting.com\/#organization\",\"name\":\"Hefei Colorfly Stationery Co.,Ltd.\",\"url\":\"https:\/\/www.colorflyprinting.com\/\",\"logo\":{\"@type\":\"ImageObject\",\"inLanguage\":\"it-IT\",\"@id\":\"https:\/\/www.colorflyprinting.com\/#\/schema\/logo\/image\/\",\"url\":\"https:\/\/www.colorflyprinting.com\/wp-content\/uploads\/2025\/04\/d167665f943610681229e2f4307b9df.jpg\",\"contentUrl\":\"https:\/\/www.colorflyprinting.com\/wp-content\/uploads\/2025\/04\/d167665f943610681229e2f4307b9df.jpg\",\"width\":780,\"height\":780,\"caption\":\"Hefei Colorfly Stationery Co.,Ltd.\"},\"image\":{\"@id\":\"https:\/\/www.colorflyprinting.com\/#\/schema\/logo\/image\/\"}}]}<\/script>\n<!-- \/ Yoast SEO Premium plugin. -->","yoast_head_json":{"title":"Custom 288 Pages Hardcover Note Books - colorflyprinting","robots":{"index":"index","follow":"follow","max-snippet":"max-snippet:-1","max-image-preview":"max-image-preview:large","max-video-preview":"max-video-preview:-1"},"canonical":"https:\/\/www.colorflyprinting.com\/it\/prodotto\/quaderni-personalizzati-con-copertina-rigida-da-288-pagine\/","og_locale":"it_IT","og_type":"article","og_title":"Custom 288 Pages Hardcover Note Books","og_description":"Africa market school 288pages hardcover notebook exercise book with french line                                   Product Origin:China                                                    Brand:Colorfly                                                   Item NO.:CY-1722288P02                                                   Shipping Port:wuhu,hefei, nanjing,shanghai                                                   Color:Fully Color                                                                                   MOQ:20 foot container                                                                                                                  Type: Custom hardcover notebook                                 Size: 17x22cm                                 Binding: Perfect binding                                 Number of pages: 288pages etc                                 Inner printing: French line                                 Cover printing: Full color","og_url":"https:\/\/www.colorflyprinting.com\/it\/prodotto\/quaderni-personalizzati-con-copertina-rigida-da-288-pagine\/","og_site_name":"colorflyprinting","article_modified_time":"2025-09-02T05:03:45+00:00","twitter_card":"summary_large_image","twitter_misc":{"Tempo di lettura stimato":"1 minuto"},"schema":{"@context":"https:\/\/schema.org","@graph":[{"@type":"WebPage","@id":"https:\/\/www.colorflyprinting.com\/product\/custom-288-pages-hardcover-note-books\/","url":"https:\/\/www.colorflyprinting.com\/product\/custom-288-pages-hardcover-note-books\/","name":"Custom 288 Pages Hardcover Note Books - colorflyprinting","isPartOf":{"@id":"https:\/\/www.colorflyprinting.com\/#website"},"primaryImageOfPage":{"@id":"https:\/\/www.colorflyprinting.com\/product\/custom-288-pages-hardcover-note-books\/#primaryimage"},"image":{"@id":"https:\/\/www.colorflyprinting.com\/product\/custom-288-pages-hardcover-note-books\/#primaryimage"},"thumbnailUrl":"https:\/\/www.colorflyprinting.com\/wp-content\/uploads\/2025\/04\/5727740011e49596868edc55ed2bf64c_medium-1.jpg","datePublished":"2025-04-22T01:22:56+00:00","dateModified":"2025-09-02T05:03:45+00:00","breadcrumb":{"@id":"https:\/\/www.colorflyprinting.com\/product\/custom-288-pages-hardcover-note-books\/#breadcrumb"},"inLanguage":"it-IT","potentialAction":[{"@type":"ReadAction","target":["https:\/\/www.colorflyprinting.com\/product\/custom-288-pages-hardcover-note-books\/"]}]},{"@type":"ImageObject","inLanguage":"it-IT","@id":"https:\/\/www.colorflyprinting.com\/product\/custom-288-pages-hardcover-note-books\/#primaryimage","url":"https:\/\/www.colorflyprinting.com\/wp-content\/uploads\/2025\/04\/5727740011e49596868edc55ed2bf64c_medium-1.jpg","contentUrl":"https:\/\/www.colorflyprinting.com\/wp-content\/uploads\/2025\/04\/5727740011e49596868edc55ed2bf64c_medium-1.jpg","width":550,"height":550},{"@type":"BreadcrumbList","@id":"https:\/\/www.colorflyprinting.com\/product\/custom-288-pages-hardcover-note-books\/#breadcrumb","itemListElement":[{"@type":"ListItem","position":1,"name":"Home","item":"https:\/\/www.colorflyprinting.com\/"},{"@type":"ListItem","position":2,"name":"Product","item":"https:\/\/www.colorflyprinting.com\/shop\/"},{"@type":"ListItem","position":3,"name":"Custom 288 Pages Hardcover Note Books"}]},{"@type":"WebSite","@id":"https:\/\/www.colorflyprinting.com\/#website","url":"https:\/\/www.colorflyprinting.com\/","name":"Hefei Colorfly Stationery Co.,Ltd.","description":"","publisher":{"@id":"https:\/\/www.colorflyprinting.com\/#organization"},"potentialAction":[{"@type":"SearchAction","target":{"@type":"EntryPoint","urlTemplate":"https:\/\/www.colorflyprinting.com\/?s={search_term_string}"},"query-input":{"@type":"PropertyValueSpecification","valueRequired":true,"valueName":"search_term_string"}}],"inLanguage":"it-IT"},{"@type":"Organization","@id":"https:\/\/www.colorflyprinting.com\/#organization","name":"Hefei Colorfly Stationery Co.,Ltd.","url":"https:\/\/www.colorflyprinting.com\/","logo":{"@type":"ImageObject","inLanguage":"it-IT","@id":"https:\/\/www.colorflyprinting.com\/#\/schema\/logo\/image\/","url":"https:\/\/www.colorflyprinting.com\/wp-content\/uploads\/2025\/04\/d167665f943610681229e2f4307b9df.jpg","contentUrl":"https:\/\/www.colorflyprinting.com\/wp-content\/uploads\/2025\/04\/d167665f943610681229e2f4307b9df.jpg","width":780,"height":780,"caption":"Hefei Colorfly Stationery Co.,Ltd."},"image":{"@id":"https:\/\/www.colorflyprinting.com\/#\/schema\/logo\/image\/"}}]}},"_links":{"self":[{"href":"https:\/\/www.colorflyprinting.com\/it\/wp-json\/wp\/v2\/product\/11459","targetHints":{"allow":["GET"]}}],"collection":[{"href":"https:\/\/www.colorflyprinting.com\/it\/wp-json\/wp\/v2\/product"}],"about":[{"href":"https:\/\/www.colorflyprinting.com\/it\/wp-json\/wp\/v2\/types\/product"}],"replies":[{"embeddable":true,"href":"https:\/\/www.colorflyprinting.com\/it\/wp-json\/wp\/v2\/comments?post=11459"}],"wp:featuredmedia":[{"embeddable":true,"href":"https:\/\/www.colorflyprinting.com\/it\/wp-json\/wp\/v2\/media\/11503"}],"wp:attachment":[{"href":"https:\/\/www.colorflyprinting.com\/it\/wp-json\/wp\/v2\/media?parent=11459"}],"wp:term":[{"taxonomy":"product_brand","embeddable":true,"href":"https:\/\/www.colorflyprinting.com\/it\/wp-json\/wp\/v2\/product_brand?post=11459"},{"taxonomy":"product_cat","embeddable":true,"href":"https:\/\/www.colorflyprinting.com\/it\/wp-json\/wp\/v2\/product_cat?post=11459"},{"taxonomy":"product_tag","embeddable":true,"href":"https:\/\/www.colorflyprinting.com\/it\/wp-json\/wp\/v2\/product_tag?post=11459"}],"curies":[{"name":"wp","href":"https:\/\/api.w.org\/{rel}","templated":true}]}}