{"id":11456,"date":"2025-04-22T01:22:55","date_gmt":"2025-04-22T01:22:55","guid":{"rendered":"https:\/\/www.colorflyprinting.com\/?post_type=product&#038;p=11456"},"modified":"2025-04-22T01:23:14","modified_gmt":"2025-04-22T01:23:14","slug":"cheap-custom-hardcover-long-size-notebooks","status":"publish","type":"product","link":"https:\/\/www.colorflyprinting.com\/it\/prodotto\/quaderni-lunghi-con-copertina-rigida-personalizzati-ed-economici\/","title":{"rendered":"Quaderni lunghi con copertina rigida personalizzati ed economici"},"content":{"rendered":"<div class=\"text\">\n<p>\n\t<b>Quaderni lunghi con copertina rigida all&#039;ingrosso di alta qualit\u00e0<\/b>\n<\/p>\n<p>\n\tNome articolo: Quaderni con copertina rigida\n<\/p>\n<p>\n\tCopertina: Doppio cartone grigio + pelle&nbsp;\n<\/p>\n<p>\n\tDimensioni: 21x32cm\n<\/p>\n<p>\n\tRilegatura: rilegatura perfetta\n<\/p>\n<p>\n\tPagine: pagine e fogli personalizzati\n<\/p>\n<p>\n\tStampa su carta interna: riga singola o personalizzata&nbsp;\n<\/p>\n<p>\n\tMOQ: container da 20 piedi, articoli misti disponibili\n<\/p>\n<p>\n\tNota: tutte le specifiche di cui sopra possono essere personalizzate. Se collaboriamo, puoi usufruire del nostro servizio personalizzato.\n<\/p>\n<p>\n\t\n<\/p>\n<p>\n\t<img decoding=\"async\" src=\"\/js\/htmledit\/kindeditor\/attached\/20200806\/20200806160055_84649.jpg\" alt=\"\">\n<\/p>\n<p>\n\t<strong>Mostra aziendale:<\/strong>\n<\/p>\n<p>\n\t<img decoding=\"async\" src=\"\/js\/htmledit\/kindeditor\/attached\/20200806\/20200806171628_73747.jpg\" alt=\"\">\n<\/p>\n<p>\n\t<strong>Domande frequenti<\/strong>\n<\/p>\n<p>\n\t<span style=\"background-color:#8AC4B6;\"><strong>1. Informazioni sul prezzo:<\/strong><\/span>\n<\/p>\n<p>\n\tIl prezzo \u00e8 trattabile. Pu\u00f2 variare in base alla quantit\u00e0 o al pacchetto.<br \/>\nQuando fate una richiesta, vi preghiamo di comunicarci la quantit\u00e0 desiderata.\n<\/p>\n<p>\n\t<strong><span style=\"background-color:#8ac4b6;\">2. Informazioni sul campione:<\/span><\/strong>\n<\/p>\n<p>\n\tPer i prodotti standard che produciamo ogni giorno, il campione \u00e8 gratuito, ma il trasporto aereo \u00e8 a carico del mittente o potrete pagarci le spese di spedizione in anticipo. Vi preghiamo di comprendere che la realizzazione di nuovi campioni comporter\u00e0 un costo di realizzazione, discutiamone di pi\u00f9.\n<\/p>\n<p>\n\t<span style=\"background-color:#8AC4B6;\"><strong>3.Informazioni sul MOQ:<\/strong><\/span>\n<\/p>\n<p>\n\tSe il prodotto \u00e8 disponibile in magazzino, la quantit\u00e0 minima ordinabile \u00e8 piccola; in caso contrario, la quantit\u00e0 minima ordinabile \u00e8 di 5.000\/10.000\/20.000 pezzi ecc. Anche articoli misti possono entrare in un container da 20 piedi; dipende dal tipo di prodotto ed \u00e8 negoziabile. Vorremmo risolvere il tuo problema nel modo pi\u00f9 possibile.\n<\/p>\n<p>\n\t<span style=\"background-color:#8ac4b6;\"><strong>4. Informazioni sull&#039;OEM:<\/strong><\/span>\n<\/p>\n<p>\n\tPossediamo una fabbrica in Cina e vorremmo aiutarti a progettare il LOGO e il codice a barre del prodotto, a condizione che la quantit\u00e0 ordinata soddisfi il tuo MOQ.\n<\/p>\n<p>\n\t<strong><span style=\"background-color:#8ac4b6;\">5. Informazioni sul pacchetto:<\/span><\/strong>\n<\/p>\n<p>\n\tLa maggior parte dei prodotti che realizziamo hanno un pacchetto standard basato sull&#039;esperienza che abbiamo acquisito sul mercato, ma accettiamo sempre le esigenze del cliente e forniamo suggerimenti utili come riferimento.\n<\/p>\n<p>\n\tContatto: Julia (WhatsApp\/WeChat: +8615375330941)\n<\/p>\n<p>\n\tPer maggiori informazioni inviare un&#039;e-mail a: sale08@colorflyprinting.com\n<\/p>\n<p>\n\t\n<\/p>\n<\/p><\/div>","protected":false},"excerpt":{"rendered":"<p>Produzione in fabbrica di quaderni con copertina rigida 21x33 cm con design personalizzato<\/p>\n<ul class=\"ptab-list clearfix\">\n<li>\n<p>Origine del prodotto:<\/p>\n<p><span>Cina<\/span><\/li>\n<li>\n<p>Marca:<\/p>\n<p><span>Colorfly<\/span><\/li>\n<li>\n<p>Articolo n.:<\/p>\n<p><span>CY-2133HARDNOTE01<\/span><\/li>\n<li>\n<p>Porto di spedizione:<\/p>\n<p><span>Wuhu, Hefei, Nanchino, Shanghai<\/span><\/li>\n<li>\n<p>Colore:<\/p>\n<p><span>Completamente a colori<\/span><\/li>\n<li>\n<p>Quantit\u00e0 minima richiesta:<\/p>\n<p><span>Contenitore da 20 piedi<\/span><\/li>\n<li>\n<p>Tipo: <\/p>\n<p> <span>Quaderno degli esercizi personalizzato con copertina rigida<\/span><\/li>\n<li>\n<p>Misurare: <\/p>\n<p> <span>21x33cm<\/span><\/li>\n<li>\n<p>Legame: <\/p>\n<p> <span>Rilegatura perfetta<\/span><\/li>\n<li>\n<p>Numero di pagine: <\/p>\n<p> <span>Personalizzato<\/span><\/li>\n<li>\n<p>Stampa interna: <\/p>\n<p> <span>Linea singola\/personalizzata<\/span><\/li>\n<li>\n<p>Stampa della copertina: <\/p>\n<p> <span>A colori<\/span><\/li>\n<\/ul>","protected":false},"featured_media":11500,"comment_status":"open","ping_status":"closed","template":"","meta":[],"product_brand":[],"product_cat":[449],"product_tag":[455,453,454],"class_list":{"0":"post-11456","1":"product","2":"type-product","3":"status-publish","4":"has-post-thumbnail","6":"product_cat-hardcover-notebook","7":"product_tag-long-size-notebook","8":"product_tag-manuscript-notebook","9":"product_tag-wholesale-hardcover-notebooks","11":"first","12":"instock","13":"shipping-taxable","14":"product-type-simple"},"yoast_head":"<!-- This site is optimized with the Yoast SEO Premium plugin v23.9 (Yoast SEO v25.2) - https:\/\/yoast.com\/wordpress\/plugins\/seo\/ -->\n<title>Cheap Custom Hardcover Long Size Notebooks - colorflyprinting<\/title>\n<meta name=\"robots\" content=\"index, follow, max-snippet:-1, max-image-preview:large, max-video-preview:-1\" \/>\n<link rel=\"canonical\" href=\"https:\/\/www.colorflyprinting.com\/it\/prodotto\/quaderni-lunghi-con-copertina-rigida-personalizzati-ed-economici\/\" \/>\n<meta property=\"og:locale\" content=\"it_IT\" \/>\n<meta property=\"og:type\" content=\"article\" \/>\n<meta property=\"og:title\" content=\"Cheap Custom Hardcover Long Size Notebooks\" \/>\n<meta property=\"og:description\" content=\"Factory manufacture 21x33cm hardcover notebooks with customized design                                   Product Origin:China                                                    Brand:Colorfly                                                   Item NO.:CY-2133HARDNOTE01                                                   Shipping Port:wuhu,hefei, nanjing,shanghai                                                   Color:Fully Color                                                                                   MOQ:20 foot container                                                                                                                  Type: Custom hardcover exercise book                                 Size: 21x33cm                                 Binding: Perfect binding                                 Number of pages: Customised                                 Inner printing: Single line \/customised                                 Cover printing: Full color\" \/>\n<meta property=\"og:url\" content=\"https:\/\/www.colorflyprinting.com\/it\/prodotto\/quaderni-lunghi-con-copertina-rigida-personalizzati-ed-economici\/\" \/>\n<meta property=\"og:site_name\" content=\"colorflyprinting\" \/>\n<meta property=\"article:modified_time\" content=\"2025-04-22T01:23:14+00:00\" \/>\n<meta name=\"twitter:card\" content=\"summary_large_image\" \/>\n<meta name=\"twitter:label1\" content=\"Tempo di lettura stimato\" \/>\n\t<meta name=\"twitter:data1\" content=\"1 minuto\" \/>\n<script type=\"application\/ld+json\" class=\"yoast-schema-graph\">{\"@context\":\"https:\/\/schema.org\",\"@graph\":[{\"@type\":\"WebPage\",\"@id\":\"https:\/\/www.colorflyprinting.com\/product\/cheap-custom-hardcover-long-size-notebooks\/\",\"url\":\"https:\/\/www.colorflyprinting.com\/product\/cheap-custom-hardcover-long-size-notebooks\/\",\"name\":\"Cheap Custom Hardcover Long Size Notebooks - colorflyprinting\",\"isPartOf\":{\"@id\":\"https:\/\/www.colorflyprinting.com\/#website\"},\"primaryImageOfPage\":{\"@id\":\"https:\/\/www.colorflyprinting.com\/product\/cheap-custom-hardcover-long-size-notebooks\/#primaryimage\"},\"image\":{\"@id\":\"https:\/\/www.colorflyprinting.com\/product\/cheap-custom-hardcover-long-size-notebooks\/#primaryimage\"},\"thumbnailUrl\":\"https:\/\/www.colorflyprinting.com\/wp-content\/uploads\/2025\/04\/5aeaed7ce86ffcf6029186b9807de5be_medium-1.jpg\",\"datePublished\":\"2025-04-22T01:22:55+00:00\",\"dateModified\":\"2025-04-22T01:23:14+00:00\",\"breadcrumb\":{\"@id\":\"https:\/\/www.colorflyprinting.com\/product\/cheap-custom-hardcover-long-size-notebooks\/#breadcrumb\"},\"inLanguage\":\"it-IT\",\"potentialAction\":[{\"@type\":\"ReadAction\",\"target\":[\"https:\/\/www.colorflyprinting.com\/product\/cheap-custom-hardcover-long-size-notebooks\/\"]}]},{\"@type\":\"ImageObject\",\"inLanguage\":\"it-IT\",\"@id\":\"https:\/\/www.colorflyprinting.com\/product\/cheap-custom-hardcover-long-size-notebooks\/#primaryimage\",\"url\":\"https:\/\/www.colorflyprinting.com\/wp-content\/uploads\/2025\/04\/5aeaed7ce86ffcf6029186b9807de5be_medium-1.jpg\",\"contentUrl\":\"https:\/\/www.colorflyprinting.com\/wp-content\/uploads\/2025\/04\/5aeaed7ce86ffcf6029186b9807de5be_medium-1.jpg\",\"width\":550,\"height\":550},{\"@type\":\"BreadcrumbList\",\"@id\":\"https:\/\/www.colorflyprinting.com\/product\/cheap-custom-hardcover-long-size-notebooks\/#breadcrumb\",\"itemListElement\":[{\"@type\":\"ListItem\",\"position\":1,\"name\":\"Home\",\"item\":\"https:\/\/www.colorflyprinting.com\/\"},{\"@type\":\"ListItem\",\"position\":2,\"name\":\"Product\",\"item\":\"https:\/\/www.colorflyprinting.com\/shop\/\"},{\"@type\":\"ListItem\",\"position\":3,\"name\":\"Cheap Custom Hardcover Long Size Notebooks\"}]},{\"@type\":\"WebSite\",\"@id\":\"https:\/\/www.colorflyprinting.com\/#website\",\"url\":\"https:\/\/www.colorflyprinting.com\/\",\"name\":\"Hefei Colorfly Stationery Co.,Ltd.\",\"description\":\"\",\"publisher\":{\"@id\":\"https:\/\/www.colorflyprinting.com\/#organization\"},\"potentialAction\":[{\"@type\":\"SearchAction\",\"target\":{\"@type\":\"EntryPoint\",\"urlTemplate\":\"https:\/\/www.colorflyprinting.com\/?s={search_term_string}\"},\"query-input\":{\"@type\":\"PropertyValueSpecification\",\"valueRequired\":true,\"valueName\":\"search_term_string\"}}],\"inLanguage\":\"it-IT\"},{\"@type\":\"Organization\",\"@id\":\"https:\/\/www.colorflyprinting.com\/#organization\",\"name\":\"Hefei Colorfly Stationery Co.,Ltd.\",\"url\":\"https:\/\/www.colorflyprinting.com\/\",\"logo\":{\"@type\":\"ImageObject\",\"inLanguage\":\"it-IT\",\"@id\":\"https:\/\/www.colorflyprinting.com\/#\/schema\/logo\/image\/\",\"url\":\"https:\/\/www.colorflyprinting.com\/wp-content\/uploads\/2025\/04\/d167665f943610681229e2f4307b9df.jpg\",\"contentUrl\":\"https:\/\/www.colorflyprinting.com\/wp-content\/uploads\/2025\/04\/d167665f943610681229e2f4307b9df.jpg\",\"width\":780,\"height\":780,\"caption\":\"Hefei Colorfly Stationery Co.,Ltd.\"},\"image\":{\"@id\":\"https:\/\/www.colorflyprinting.com\/#\/schema\/logo\/image\/\"}}]}<\/script>\n<!-- \/ Yoast SEO Premium plugin. -->","yoast_head_json":{"title":"Cheap Custom Hardcover Long Size Notebooks - colorflyprinting","robots":{"index":"index","follow":"follow","max-snippet":"max-snippet:-1","max-image-preview":"max-image-preview:large","max-video-preview":"max-video-preview:-1"},"canonical":"https:\/\/www.colorflyprinting.com\/it\/prodotto\/quaderni-lunghi-con-copertina-rigida-personalizzati-ed-economici\/","og_locale":"it_IT","og_type":"article","og_title":"Cheap Custom Hardcover Long Size Notebooks","og_description":"Factory manufacture 21x33cm hardcover notebooks with customized design                                   Product Origin:China                                                    Brand:Colorfly                                                   Item NO.:CY-2133HARDNOTE01                                                   Shipping Port:wuhu,hefei, nanjing,shanghai                                                   Color:Fully Color                                                                                   MOQ:20 foot container                                                                                                                  Type: Custom hardcover exercise book                                 Size: 21x33cm                                 Binding: Perfect binding                                 Number of pages: Customised                                 Inner printing: Single line \/customised                                 Cover printing: Full color","og_url":"https:\/\/www.colorflyprinting.com\/it\/prodotto\/quaderni-lunghi-con-copertina-rigida-personalizzati-ed-economici\/","og_site_name":"colorflyprinting","article_modified_time":"2025-04-22T01:23:14+00:00","twitter_card":"summary_large_image","twitter_misc":{"Tempo di lettura stimato":"1 minuto"},"schema":{"@context":"https:\/\/schema.org","@graph":[{"@type":"WebPage","@id":"https:\/\/www.colorflyprinting.com\/product\/cheap-custom-hardcover-long-size-notebooks\/","url":"https:\/\/www.colorflyprinting.com\/product\/cheap-custom-hardcover-long-size-notebooks\/","name":"Cheap Custom Hardcover Long Size Notebooks - colorflyprinting","isPartOf":{"@id":"https:\/\/www.colorflyprinting.com\/#website"},"primaryImageOfPage":{"@id":"https:\/\/www.colorflyprinting.com\/product\/cheap-custom-hardcover-long-size-notebooks\/#primaryimage"},"image":{"@id":"https:\/\/www.colorflyprinting.com\/product\/cheap-custom-hardcover-long-size-notebooks\/#primaryimage"},"thumbnailUrl":"https:\/\/www.colorflyprinting.com\/wp-content\/uploads\/2025\/04\/5aeaed7ce86ffcf6029186b9807de5be_medium-1.jpg","datePublished":"2025-04-22T01:22:55+00:00","dateModified":"2025-04-22T01:23:14+00:00","breadcrumb":{"@id":"https:\/\/www.colorflyprinting.com\/product\/cheap-custom-hardcover-long-size-notebooks\/#breadcrumb"},"inLanguage":"it-IT","potentialAction":[{"@type":"ReadAction","target":["https:\/\/www.colorflyprinting.com\/product\/cheap-custom-hardcover-long-size-notebooks\/"]}]},{"@type":"ImageObject","inLanguage":"it-IT","@id":"https:\/\/www.colorflyprinting.com\/product\/cheap-custom-hardcover-long-size-notebooks\/#primaryimage","url":"https:\/\/www.colorflyprinting.com\/wp-content\/uploads\/2025\/04\/5aeaed7ce86ffcf6029186b9807de5be_medium-1.jpg","contentUrl":"https:\/\/www.colorflyprinting.com\/wp-content\/uploads\/2025\/04\/5aeaed7ce86ffcf6029186b9807de5be_medium-1.jpg","width":550,"height":550},{"@type":"BreadcrumbList","@id":"https:\/\/www.colorflyprinting.com\/product\/cheap-custom-hardcover-long-size-notebooks\/#breadcrumb","itemListElement":[{"@type":"ListItem","position":1,"name":"Home","item":"https:\/\/www.colorflyprinting.com\/"},{"@type":"ListItem","position":2,"name":"Product","item":"https:\/\/www.colorflyprinting.com\/shop\/"},{"@type":"ListItem","position":3,"name":"Cheap Custom Hardcover Long Size Notebooks"}]},{"@type":"WebSite","@id":"https:\/\/www.colorflyprinting.com\/#website","url":"https:\/\/www.colorflyprinting.com\/","name":"Hefei Colorfly Stationery Co.,Ltd.","description":"","publisher":{"@id":"https:\/\/www.colorflyprinting.com\/#organization"},"potentialAction":[{"@type":"SearchAction","target":{"@type":"EntryPoint","urlTemplate":"https:\/\/www.colorflyprinting.com\/?s={search_term_string}"},"query-input":{"@type":"PropertyValueSpecification","valueRequired":true,"valueName":"search_term_string"}}],"inLanguage":"it-IT"},{"@type":"Organization","@id":"https:\/\/www.colorflyprinting.com\/#organization","name":"Hefei Colorfly Stationery Co.,Ltd.","url":"https:\/\/www.colorflyprinting.com\/","logo":{"@type":"ImageObject","inLanguage":"it-IT","@id":"https:\/\/www.colorflyprinting.com\/#\/schema\/logo\/image\/","url":"https:\/\/www.colorflyprinting.com\/wp-content\/uploads\/2025\/04\/d167665f943610681229e2f4307b9df.jpg","contentUrl":"https:\/\/www.colorflyprinting.com\/wp-content\/uploads\/2025\/04\/d167665f943610681229e2f4307b9df.jpg","width":780,"height":780,"caption":"Hefei Colorfly Stationery Co.,Ltd."},"image":{"@id":"https:\/\/www.colorflyprinting.com\/#\/schema\/logo\/image\/"}}]}},"_links":{"self":[{"href":"https:\/\/www.colorflyprinting.com\/it\/wp-json\/wp\/v2\/product\/11456","targetHints":{"allow":["GET"]}}],"collection":[{"href":"https:\/\/www.colorflyprinting.com\/it\/wp-json\/wp\/v2\/product"}],"about":[{"href":"https:\/\/www.colorflyprinting.com\/it\/wp-json\/wp\/v2\/types\/product"}],"replies":[{"embeddable":true,"href":"https:\/\/www.colorflyprinting.com\/it\/wp-json\/wp\/v2\/comments?post=11456"}],"wp:featuredmedia":[{"embeddable":true,"href":"https:\/\/www.colorflyprinting.com\/it\/wp-json\/wp\/v2\/media\/11500"}],"wp:attachment":[{"href":"https:\/\/www.colorflyprinting.com\/it\/wp-json\/wp\/v2\/media?parent=11456"}],"wp:term":[{"taxonomy":"product_brand","embeddable":true,"href":"https:\/\/www.colorflyprinting.com\/it\/wp-json\/wp\/v2\/product_brand?post=11456"},{"taxonomy":"product_cat","embeddable":true,"href":"https:\/\/www.colorflyprinting.com\/it\/wp-json\/wp\/v2\/product_cat?post=11456"},{"taxonomy":"product_tag","embeddable":true,"href":"https:\/\/www.colorflyprinting.com\/it\/wp-json\/wp\/v2\/product_tag?post=11456"}],"curies":[{"name":"wp","href":"https:\/\/api.w.org\/{rel}","templated":true}]}}