{"id":11426,"date":"2025-04-22T01:22:33","date_gmt":"2025-04-22T01:22:33","guid":{"rendered":"https:\/\/www.colorflyprinting.com\/?post_type=product&#038;p=11426"},"modified":"2025-09-24T08:31:12","modified_gmt":"2025-09-24T08:31:12","slug":"fast-shipping-custom-high-quality-notebook-new-design-notebook-premium-custom-printed-spiral","status":"publish","type":"product","link":"https:\/\/www.colorflyprinting.com\/it\/prodotto\/spedizione-veloce-taccuino-personalizzato-di-alta-qualita-nuovo-design-taccuino-premium-spirale-stampata-personalizzata\/","title":{"rendered":"Spedizione veloce Taccuino personalizzato di alta qualit\u00e0 Taccuino con nuovo design Taccuino a spirale personalizzato di alta qualit\u00e0"},"content":{"rendered":"<div class=\"text\">\n<p>Descrizione dei prodotti<\/p>\n<p>Nome dell&#039;articolo: quaderno a spirale<\/p>\n<p>Copertura: PU<br \/>\nSize:\u00a0B5<\/p>\n<p>Rilegatura: rilegatura a punti metallici<\/p>\n<p>Pagine: 60 fogli<\/p>\n<p>Quantit\u00e0 minima: 5000<\/p>\n<p>Tutte le specifiche di cui sopra possono essere personalizzate. Se collaboriamo, puoi usufruire del nostro servizio personalizzato.<\/p>\n<p>&nbsp;<\/p>\n<p>Domande frequenti<\/p>\n<p>1. Informazioni sul prezzo:<br \/>\nIl prezzo \u00e8 trattabile. Pu\u00f2 variare in base alla quantit\u00e0 o al tipo di confezione. Quando fate una richiesta, vi preghiamo di comunicarci la quantit\u00e0 desiderata.<\/p>\n<p>2. Informazioni sul campione:<br \/>\nPer i prodotti standard che produciamo ogni giorno, il campione \u00e8 gratuito, ma il trasporto aereo \u00e8 a carico del mittente o potrete pagarci le spese di spedizione in anticipo. Vi preghiamo di comprendere che la realizzazione di nuovi campioni comporter\u00e0 un costo di realizzazione, discutiamone di pi\u00f9.<\/p>\n<p>3.Informazioni sul MOQ:<br \/>\nSe il prodotto \u00e8 disponibile in magazzino, la quantit\u00e0 minima ordinabile \u00e8 piccola; in caso contrario, la quantit\u00e0 minima ordinabile \u00e8 20.000\/50.000\/100.000 pezzi ecc. Anche articoli misti possono entrare in un container da 20 piedi; dipende dal tipo di prodotto ed \u00e8 negoziabile. Vorremmo risolvere il tuo problema nel modo pi\u00f9 possibile.<\/p>\n<p>4. Informazioni sull&#039;OEM:<br \/>\nPossediamo una fabbrica in Cina e vorremmo aiutarti a progettare il LOGO e il codice a barre del prodotto, a patto che la qualit\u00e0 dell&#039;ordine soddisfi il tuo MOQ.<\/p>\n<p>5. Informazioni sul pacchetto:<br \/>\nLa maggior parte dei prodotti che realizziamo hanno un pacchetto standard basato sull&#039;esperienza che abbiamo acquisito sul mercato, ma accettiamo sempre le esigenze del cliente e forniamo suggerimenti utili come riferimento.<\/p>\n<\/div>","protected":false},"excerpt":{"rendered":"<ul class=\"ptab-list clearfix\">\n<li>Origine del prodotto:\n<p>Anhui<\/li>\n<li>Marca:\n<p>Colorfly<\/li>\n<li>Articolo n.:\n<p>S-1222<\/li>\n<li>Porto di spedizione:\n<p>wuhan\/shanghai\/qiandao\/yiwu<\/li>\n<li>Colore:\n<p>colore personalizzato<\/li>\n<li>Tempi di consegna:\n<p>25-30 giorni<\/li>\n<li>Pagamento:\n<p>30% TT come deposito, il pagamento del saldo a<\/li>\n<li>Quantit\u00e0 minima richiesta:\n<p>1000<\/li>\n<li>Tipo:\n<p>quaderno<\/li>\n<li>Misurare:\n<p>A5<\/li>\n<li>Legame:\n<p>rilegatura a punti metallici<\/li>\n<li>Numero di pagine:\n<p>48p<\/li>\n<li>Stampa interna:\n<p>costume<\/li>\n<li>Stampa della copertina:\n<p>colore personalizzato<\/li>\n<\/ul>","protected":false},"featured_media":18818,"comment_status":"open","ping_status":"closed","template":"","meta":[],"product_brand":[],"product_cat":[392],"product_tag":[439,440,438],"class_list":{"0":"post-11426","1":"product","2":"type-product","3":"status-publish","4":"has-post-thumbnail","6":"product_cat-spiral-notebook","7":"product_tag-cartoon-notebook-b5","8":"product_tag-manufactures-spiral-cartoon-notebook","9":"product_tag-notebook-b5-for-college-students","11":"first","12":"instock","13":"featured","14":"shipping-taxable","15":"product-type-simple"},"yoast_head":"<!-- This site is optimized with the Yoast SEO Premium plugin v23.9 (Yoast SEO v25.2) - https:\/\/yoast.com\/wordpress\/plugins\/seo\/ -->\n<title>Fast Shipping Custom High Quality Notebook New Design Notebook Premium Custom Printed Spiral - colorflyprinting<\/title>\n<meta name=\"robots\" content=\"index, follow, max-snippet:-1, max-image-preview:large, max-video-preview:-1\" \/>\n<link rel=\"canonical\" href=\"https:\/\/www.colorflyprinting.com\/it\/prodotto\/spedizione-veloce-taccuino-personalizzato-di-alta-qualita-nuovo-design-taccuino-premium-spirale-stampata-personalizzata\/\" \/>\n<meta property=\"og:locale\" content=\"it_IT\" \/>\n<meta property=\"og:type\" content=\"article\" \/>\n<meta property=\"og:title\" content=\"Fast Shipping Custom High Quality Notebook New Design Notebook Premium Custom Printed Spiral\" \/>\n<meta property=\"og:description\" content=\"Product Origin:  anhui  Brand:  Colorfly  Item NO.:  S-1222  Shipping Port:  wuhan\/ shanghai \/qiandao \/yiwu  Color:  custom color  Lead Time:  25-30days  Payment:  30% TT as the deposit , the balance payment a  MOQ:  1000  Type:  exercise book  Size:  A5  Binding:  staple binding  Number of pages:  48p  Inner printing:  custom  Cover printing:  custom color\" \/>\n<meta property=\"og:url\" content=\"https:\/\/www.colorflyprinting.com\/it\/prodotto\/spedizione-veloce-taccuino-personalizzato-di-alta-qualita-nuovo-design-taccuino-premium-spirale-stampata-personalizzata\/\" \/>\n<meta property=\"og:site_name\" content=\"colorflyprinting\" \/>\n<meta property=\"article:modified_time\" content=\"2025-09-24T08:31:12+00:00\" \/>\n<meta property=\"og:image\" content=\"https:\/\/www.colorflyprinting.com\/wp-content\/uploads\/2025\/04\/045202021c5624bab9bb135f37290ab4_medium-1_\u526f\u672c.png\" \/>\n\t<meta property=\"og:image:width\" content=\"800\" \/>\n\t<meta property=\"og:image:height\" content=\"800\" \/>\n\t<meta property=\"og:image:type\" content=\"image\/png\" \/>\n<meta name=\"twitter:card\" content=\"summary_large_image\" \/>\n<meta name=\"twitter:label1\" content=\"Tempo di lettura stimato\" \/>\n\t<meta name=\"twitter:data1\" content=\"1 minuto\" \/>\n<script type=\"application\/ld+json\" class=\"yoast-schema-graph\">{\"@context\":\"https:\/\/schema.org\",\"@graph\":[{\"@type\":\"WebPage\",\"@id\":\"https:\/\/www.colorflyprinting.com\/product\/fast-shipping-custom-high-quality-notebook-new-design-notebook-premium-custom-printed-spiral\/\",\"url\":\"https:\/\/www.colorflyprinting.com\/product\/fast-shipping-custom-high-quality-notebook-new-design-notebook-premium-custom-printed-spiral\/\",\"name\":\"Fast Shipping Custom High Quality Notebook New Design Notebook Premium Custom Printed Spiral - colorflyprinting\",\"isPartOf\":{\"@id\":\"https:\/\/www.colorflyprinting.com\/#website\"},\"primaryImageOfPage\":{\"@id\":\"https:\/\/www.colorflyprinting.com\/product\/fast-shipping-custom-high-quality-notebook-new-design-notebook-premium-custom-printed-spiral\/#primaryimage\"},\"image\":{\"@id\":\"https:\/\/www.colorflyprinting.com\/product\/fast-shipping-custom-high-quality-notebook-new-design-notebook-premium-custom-printed-spiral\/#primaryimage\"},\"thumbnailUrl\":\"https:\/\/www.colorflyprinting.com\/wp-content\/uploads\/2025\/04\/045202021c5624bab9bb135f37290ab4_medium-1_\u526f\u672c.png\",\"datePublished\":\"2025-04-22T01:22:33+00:00\",\"dateModified\":\"2025-09-24T08:31:12+00:00\",\"breadcrumb\":{\"@id\":\"https:\/\/www.colorflyprinting.com\/product\/fast-shipping-custom-high-quality-notebook-new-design-notebook-premium-custom-printed-spiral\/#breadcrumb\"},\"inLanguage\":\"it-IT\",\"potentialAction\":[{\"@type\":\"ReadAction\",\"target\":[\"https:\/\/www.colorflyprinting.com\/product\/fast-shipping-custom-high-quality-notebook-new-design-notebook-premium-custom-printed-spiral\/\"]}]},{\"@type\":\"ImageObject\",\"inLanguage\":\"it-IT\",\"@id\":\"https:\/\/www.colorflyprinting.com\/product\/fast-shipping-custom-high-quality-notebook-new-design-notebook-premium-custom-printed-spiral\/#primaryimage\",\"url\":\"https:\/\/www.colorflyprinting.com\/wp-content\/uploads\/2025\/04\/045202021c5624bab9bb135f37290ab4_medium-1_\u526f\u672c.png\",\"contentUrl\":\"https:\/\/www.colorflyprinting.com\/wp-content\/uploads\/2025\/04\/045202021c5624bab9bb135f37290ab4_medium-1_\u526f\u672c.png\",\"width\":800,\"height\":800},{\"@type\":\"BreadcrumbList\",\"@id\":\"https:\/\/www.colorflyprinting.com\/product\/fast-shipping-custom-high-quality-notebook-new-design-notebook-premium-custom-printed-spiral\/#breadcrumb\",\"itemListElement\":[{\"@type\":\"ListItem\",\"position\":1,\"name\":\"Home\",\"item\":\"https:\/\/www.colorflyprinting.com\/\"},{\"@type\":\"ListItem\",\"position\":2,\"name\":\"Product\",\"item\":\"https:\/\/www.colorflyprinting.com\/shop\/\"},{\"@type\":\"ListItem\",\"position\":3,\"name\":\"Fast Shipping Custom High Quality Notebook New Design Notebook Premium Custom Printed Spiral\"}]},{\"@type\":\"WebSite\",\"@id\":\"https:\/\/www.colorflyprinting.com\/#website\",\"url\":\"https:\/\/www.colorflyprinting.com\/\",\"name\":\"Hefei Colorfly Stationery Co.,Ltd.\",\"description\":\"\",\"publisher\":{\"@id\":\"https:\/\/www.colorflyprinting.com\/#organization\"},\"potentialAction\":[{\"@type\":\"SearchAction\",\"target\":{\"@type\":\"EntryPoint\",\"urlTemplate\":\"https:\/\/www.colorflyprinting.com\/?s={search_term_string}\"},\"query-input\":{\"@type\":\"PropertyValueSpecification\",\"valueRequired\":true,\"valueName\":\"search_term_string\"}}],\"inLanguage\":\"it-IT\"},{\"@type\":\"Organization\",\"@id\":\"https:\/\/www.colorflyprinting.com\/#organization\",\"name\":\"Hefei Colorfly Stationery Co.,Ltd.\",\"url\":\"https:\/\/www.colorflyprinting.com\/\",\"logo\":{\"@type\":\"ImageObject\",\"inLanguage\":\"it-IT\",\"@id\":\"https:\/\/www.colorflyprinting.com\/#\/schema\/logo\/image\/\",\"url\":\"https:\/\/www.colorflyprinting.com\/wp-content\/uploads\/2025\/04\/d167665f943610681229e2f4307b9df.jpg\",\"contentUrl\":\"https:\/\/www.colorflyprinting.com\/wp-content\/uploads\/2025\/04\/d167665f943610681229e2f4307b9df.jpg\",\"width\":780,\"height\":780,\"caption\":\"Hefei Colorfly Stationery Co.,Ltd.\"},\"image\":{\"@id\":\"https:\/\/www.colorflyprinting.com\/#\/schema\/logo\/image\/\"}}]}<\/script>\n<!-- \/ Yoast SEO Premium plugin. -->","yoast_head_json":{"title":"Fast Shipping Custom High Quality Notebook New Design Notebook Premium Custom Printed Spiral - colorflyprinting","robots":{"index":"index","follow":"follow","max-snippet":"max-snippet:-1","max-image-preview":"max-image-preview:large","max-video-preview":"max-video-preview:-1"},"canonical":"https:\/\/www.colorflyprinting.com\/it\/prodotto\/spedizione-veloce-taccuino-personalizzato-di-alta-qualita-nuovo-design-taccuino-premium-spirale-stampata-personalizzata\/","og_locale":"it_IT","og_type":"article","og_title":"Fast Shipping Custom High Quality Notebook New Design Notebook Premium Custom Printed Spiral","og_description":"Product Origin:  anhui  Brand:  Colorfly  Item NO.:  S-1222  Shipping Port:  wuhan\/ shanghai \/qiandao \/yiwu  Color:  custom color  Lead Time:  25-30days  Payment:  30% TT as the deposit , the balance payment a  MOQ:  1000  Type:  exercise book  Size:  A5  Binding:  staple binding  Number of pages:  48p  Inner printing:  custom  Cover printing:  custom color","og_url":"https:\/\/www.colorflyprinting.com\/it\/prodotto\/spedizione-veloce-taccuino-personalizzato-di-alta-qualita-nuovo-design-taccuino-premium-spirale-stampata-personalizzata\/","og_site_name":"colorflyprinting","article_modified_time":"2025-09-24T08:31:12+00:00","og_image":[{"width":800,"height":800,"url":"https:\/\/www.colorflyprinting.com\/wp-content\/uploads\/2025\/04\/045202021c5624bab9bb135f37290ab4_medium-1_\u526f\u672c.png","type":"image\/png"}],"twitter_card":"summary_large_image","twitter_misc":{"Tempo di lettura stimato":"1 minuto"},"schema":{"@context":"https:\/\/schema.org","@graph":[{"@type":"WebPage","@id":"https:\/\/www.colorflyprinting.com\/product\/fast-shipping-custom-high-quality-notebook-new-design-notebook-premium-custom-printed-spiral\/","url":"https:\/\/www.colorflyprinting.com\/product\/fast-shipping-custom-high-quality-notebook-new-design-notebook-premium-custom-printed-spiral\/","name":"Fast Shipping Custom High Quality Notebook New Design Notebook Premium Custom Printed Spiral - colorflyprinting","isPartOf":{"@id":"https:\/\/www.colorflyprinting.com\/#website"},"primaryImageOfPage":{"@id":"https:\/\/www.colorflyprinting.com\/product\/fast-shipping-custom-high-quality-notebook-new-design-notebook-premium-custom-printed-spiral\/#primaryimage"},"image":{"@id":"https:\/\/www.colorflyprinting.com\/product\/fast-shipping-custom-high-quality-notebook-new-design-notebook-premium-custom-printed-spiral\/#primaryimage"},"thumbnailUrl":"https:\/\/www.colorflyprinting.com\/wp-content\/uploads\/2025\/04\/045202021c5624bab9bb135f37290ab4_medium-1_\u526f\u672c.png","datePublished":"2025-04-22T01:22:33+00:00","dateModified":"2025-09-24T08:31:12+00:00","breadcrumb":{"@id":"https:\/\/www.colorflyprinting.com\/product\/fast-shipping-custom-high-quality-notebook-new-design-notebook-premium-custom-printed-spiral\/#breadcrumb"},"inLanguage":"it-IT","potentialAction":[{"@type":"ReadAction","target":["https:\/\/www.colorflyprinting.com\/product\/fast-shipping-custom-high-quality-notebook-new-design-notebook-premium-custom-printed-spiral\/"]}]},{"@type":"ImageObject","inLanguage":"it-IT","@id":"https:\/\/www.colorflyprinting.com\/product\/fast-shipping-custom-high-quality-notebook-new-design-notebook-premium-custom-printed-spiral\/#primaryimage","url":"https:\/\/www.colorflyprinting.com\/wp-content\/uploads\/2025\/04\/045202021c5624bab9bb135f37290ab4_medium-1_\u526f\u672c.png","contentUrl":"https:\/\/www.colorflyprinting.com\/wp-content\/uploads\/2025\/04\/045202021c5624bab9bb135f37290ab4_medium-1_\u526f\u672c.png","width":800,"height":800},{"@type":"BreadcrumbList","@id":"https:\/\/www.colorflyprinting.com\/product\/fast-shipping-custom-high-quality-notebook-new-design-notebook-premium-custom-printed-spiral\/#breadcrumb","itemListElement":[{"@type":"ListItem","position":1,"name":"Home","item":"https:\/\/www.colorflyprinting.com\/"},{"@type":"ListItem","position":2,"name":"Product","item":"https:\/\/www.colorflyprinting.com\/shop\/"},{"@type":"ListItem","position":3,"name":"Fast Shipping Custom High Quality Notebook New Design Notebook Premium Custom Printed Spiral"}]},{"@type":"WebSite","@id":"https:\/\/www.colorflyprinting.com\/#website","url":"https:\/\/www.colorflyprinting.com\/","name":"Hefei Colorfly Stationery Co.,Ltd.","description":"","publisher":{"@id":"https:\/\/www.colorflyprinting.com\/#organization"},"potentialAction":[{"@type":"SearchAction","target":{"@type":"EntryPoint","urlTemplate":"https:\/\/www.colorflyprinting.com\/?s={search_term_string}"},"query-input":{"@type":"PropertyValueSpecification","valueRequired":true,"valueName":"search_term_string"}}],"inLanguage":"it-IT"},{"@type":"Organization","@id":"https:\/\/www.colorflyprinting.com\/#organization","name":"Hefei Colorfly Stationery Co.,Ltd.","url":"https:\/\/www.colorflyprinting.com\/","logo":{"@type":"ImageObject","inLanguage":"it-IT","@id":"https:\/\/www.colorflyprinting.com\/#\/schema\/logo\/image\/","url":"https:\/\/www.colorflyprinting.com\/wp-content\/uploads\/2025\/04\/d167665f943610681229e2f4307b9df.jpg","contentUrl":"https:\/\/www.colorflyprinting.com\/wp-content\/uploads\/2025\/04\/d167665f943610681229e2f4307b9df.jpg","width":780,"height":780,"caption":"Hefei Colorfly Stationery Co.,Ltd."},"image":{"@id":"https:\/\/www.colorflyprinting.com\/#\/schema\/logo\/image\/"}}]}},"_links":{"self":[{"href":"https:\/\/www.colorflyprinting.com\/it\/wp-json\/wp\/v2\/product\/11426","targetHints":{"allow":["GET"]}}],"collection":[{"href":"https:\/\/www.colorflyprinting.com\/it\/wp-json\/wp\/v2\/product"}],"about":[{"href":"https:\/\/www.colorflyprinting.com\/it\/wp-json\/wp\/v2\/types\/product"}],"replies":[{"embeddable":true,"href":"https:\/\/www.colorflyprinting.com\/it\/wp-json\/wp\/v2\/comments?post=11426"}],"wp:featuredmedia":[{"embeddable":true,"href":"https:\/\/www.colorflyprinting.com\/it\/wp-json\/wp\/v2\/media\/18818"}],"wp:attachment":[{"href":"https:\/\/www.colorflyprinting.com\/it\/wp-json\/wp\/v2\/media?parent=11426"}],"wp:term":[{"taxonomy":"product_brand","embeddable":true,"href":"https:\/\/www.colorflyprinting.com\/it\/wp-json\/wp\/v2\/product_brand?post=11426"},{"taxonomy":"product_cat","embeddable":true,"href":"https:\/\/www.colorflyprinting.com\/it\/wp-json\/wp\/v2\/product_cat?post=11426"},{"taxonomy":"product_tag","embeddable":true,"href":"https:\/\/www.colorflyprinting.com\/it\/wp-json\/wp\/v2\/product_tag?post=11426"}],"curies":[{"name":"wp","href":"https:\/\/api.w.org\/{rel}","templated":true}]}}