{"id":11331,"date":"2025-04-22T01:21:46","date_gmt":"2025-04-22T01:21:46","guid":{"rendered":"https:\/\/www.colorflyprinting.com\/?post_type=product&#038;p=11331"},"modified":"2025-04-22T01:22:15","modified_gmt":"2025-04-22T01:22:15","slug":"wholesale-custom-drawing-painting-notebooks-for-children","status":"publish","type":"product","link":"https:\/\/www.colorflyprinting.com\/it\/prodotto\/quaderni-da-disegno-e-pittura-personalizzati-allingrosso-per-bambini\/","title":{"rendered":"quaderni da disegno\/pittura personalizzati all&#039;ingrosso per bambini"},"content":{"rendered":"<div class=\"text\">\n<p>\n\tDescrizione dei prodotti&nbsp;\n<\/p>\n<p>\n\tNome dell&#039;articolo: libro da disegno\n<\/p>\n<p>\n\t&nbsp;Copertura: PU<br \/>\nDimensioni: 17*22 cm\n<\/p>\n<p>\n\tRilegatura: rilegatura a punti metallici&nbsp;\n<\/p>\n<p>\n\tPagine: 50 pagine (personalizzate)\n<\/p>\n<p>\n\t&nbsp;Stampa su carta interna: interna personalizzata accettabile\n<\/p>\n<p>\n\tQuantit\u00e0 minima: 5000\n<\/p>\n<p>\n\tTutte le specifiche di cui sopra possono essere personalizzate. Se collaboriamo, puoi usufruire del nostro servizio personalizzato.&nbsp;\n<\/p>\n<p>\n\t\n<\/p>\n<p>\n\t&nbsp;Domande frequenti&nbsp;\n<\/p>\n<p>\n\t1. Informazioni sul prezzo:<br \/>\nIl prezzo \u00e8 trattabile. Pu\u00f2 variare in base alla quantit\u00e0 o al tipo di confezione. Quando fate una richiesta, vi preghiamo di comunicarci la quantit\u00e0 desiderata.&nbsp;\n<\/p>\n<p>\n\t2. Informazioni sul campione:<br \/>\nPer i prodotti standard che produciamo ogni giorno, il campione \u00e8 gratuito, ma il trasporto aereo \u00e8 a carico del mittente o potrete pagarci le spese di spedizione in anticipo. Vi preghiamo di comprendere che la realizzazione di nuovi campioni comporter\u00e0 un costo di realizzazione, discutiamone di pi\u00f9.&nbsp;\n<\/p>\n<p>\n\t3.Informazioni sul MOQ:<br \/>\nSe il prodotto \u00e8 disponibile in magazzino, la quantit\u00e0 minima ordinabile \u00e8 piccola; in caso contrario, la quantit\u00e0 minima ordinabile \u00e8 20.000\/50.000\/100.000 pezzi ecc. Anche articoli misti possono entrare in un container da 20 piedi; dipende dal tipo di prodotto ed \u00e8 negoziabile. Vorremmo risolvere il tuo problema nel modo pi\u00f9 possibile.&nbsp;\n<\/p>\n<p>\n\t4. Informazioni sull&#039;OEM:<br \/>\nPossediamo una fabbrica in Cina e vorremmo aiutarti a progettare il LOGO e il codice a barre del prodotto, a patto che la qualit\u00e0 dell&#039;ordine soddisfi il tuo MOQ.&nbsp;\n<\/p>\n<p>\n\t5. Informazioni sul pacchetto:<br \/>\nLa maggior parte dei prodotti che realizziamo hanno un pacchetto standard basato sull&#039;esperienza che abbiamo acquisito sul mercato, ma accettiamo sempre le esigenze del cliente e forniamo suggerimenti utili come riferimento.\n<\/p>\n<\/p><\/div>","protected":false},"excerpt":{"rendered":"<ul class=\"ptab-list clearfix\">\n<li>\n<p>Origine del prodotto:<\/p>\n<p><span>Anhui<\/span><\/li>\n<li>\n<p>Marca:<\/p>\n<p><span>Colorfly<\/span><\/li>\n<li>\n<p>Articolo n.:<\/p>\n<p><span>D-1222<\/span><\/li>\n<li>\n<p>Porto di spedizione:<\/p>\n<p><span>wuhan\/shanghai\/qiandao\/yiwu<\/span><\/li>\n<li>\n<p>Colore:<\/p>\n<p><span>colore personalizzato<\/span><\/li>\n<li>\n<p>Tempi di consegna:<\/p>\n<p><span>25-30 giorni<\/span><\/li>\n<li>\n<p>Quantit\u00e0 minima richiesta:<\/p>\n<p><span>100<\/span><\/li>\n<li>\n<p>Tipo: <\/p>\n<p> <span>libro da disegno<\/span><\/li>\n<li>\n<p>Misurare: <\/p>\n<p> <span>17*22 centimetri<\/span><\/li>\n<li>\n<p>Legame: <\/p>\n<p> <span>rilegatura a punti metallici<\/span><\/li>\n<li>\n<p>Numero di pagine: <\/p>\n<p> <span>costume<\/span><\/li>\n<li>\n<p>Stampa interna: <\/p>\n<p> <span>costume<\/span><\/li>\n<li>\n<p>Stampa della copertina: <\/p>\n<p> <span>4 colori<\/span><\/li>\n<\/ul>","protected":false},"featured_media":11392,"comment_status":"open","ping_status":"closed","template":"","meta":[],"product_brand":[],"product_cat":[320],"product_tag":[333,334,335],"class_list":{"0":"post-11331","1":"product","2":"type-product","3":"status-publish","4":"has-post-thumbnail","6":"product_cat-drawing-book","7":"product_tag-customdrawing-paintingnotebooks","8":"product_tag-drawing-paintingnotebooks","9":"product_tag-wholesale-drawingnotebook","11":"first","12":"instock","13":"shipping-taxable","14":"product-type-simple"},"yoast_head":"<!-- This site is optimized with the Yoast SEO Premium plugin v23.9 (Yoast SEO v25.2) - https:\/\/yoast.com\/wordpress\/plugins\/seo\/ -->\n<title>wholesale custom drawing\/painting notebooks for children - colorflyprinting<\/title>\n<meta name=\"robots\" content=\"index, follow, max-snippet:-1, max-image-preview:large, max-video-preview:-1\" \/>\n<link rel=\"canonical\" href=\"https:\/\/www.colorflyprinting.com\/it\/prodotto\/quaderni-da-disegno-e-pittura-personalizzati-allingrosso-per-bambini\/\" \/>\n<meta property=\"og:locale\" content=\"it_IT\" \/>\n<meta property=\"og:type\" content=\"article\" \/>\n<meta property=\"og:title\" content=\"wholesale custom drawing\/painting notebooks for children\" \/>\n<meta property=\"og:description\" content=\"Product Origin:anhui                                                    Brand:Colorfly                                                   Item NO.:D-1222                                                   Shipping Port:wuhan\/ shanghai \/qiandao \/yiwu                                                   Color:custom color                                                   Lead Time:25-30days                                                                   MOQ:100                                                                                                                  Type: drawing book                                 Size: 17*22 cm                                 Binding: staple binding                                 Number of pages: custom                                 Inner printing: custom                                 Cover printing: 4 color\" \/>\n<meta property=\"og:url\" content=\"https:\/\/www.colorflyprinting.com\/it\/prodotto\/quaderni-da-disegno-e-pittura-personalizzati-allingrosso-per-bambini\/\" \/>\n<meta property=\"og:site_name\" content=\"colorflyprinting\" \/>\n<meta property=\"article:modified_time\" content=\"2025-04-22T01:22:15+00:00\" \/>\n<meta name=\"twitter:card\" content=\"summary_large_image\" \/>\n<meta name=\"twitter:label1\" content=\"Tempo di lettura stimato\" \/>\n\t<meta name=\"twitter:data1\" content=\"1 minuto\" \/>\n<script type=\"application\/ld+json\" class=\"yoast-schema-graph\">{\"@context\":\"https:\/\/schema.org\",\"@graph\":[{\"@type\":\"WebPage\",\"@id\":\"https:\/\/www.colorflyprinting.com\/product\/wholesale-custom-drawing-painting-notebooks-for-children\/\",\"url\":\"https:\/\/www.colorflyprinting.com\/product\/wholesale-custom-drawing-painting-notebooks-for-children\/\",\"name\":\"wholesale custom drawing\/painting notebooks for children - colorflyprinting\",\"isPartOf\":{\"@id\":\"https:\/\/www.colorflyprinting.com\/#website\"},\"primaryImageOfPage\":{\"@id\":\"https:\/\/www.colorflyprinting.com\/product\/wholesale-custom-drawing-painting-notebooks-for-children\/#primaryimage\"},\"image\":{\"@id\":\"https:\/\/www.colorflyprinting.com\/product\/wholesale-custom-drawing-painting-notebooks-for-children\/#primaryimage\"},\"thumbnailUrl\":\"https:\/\/www.colorflyprinting.com\/wp-content\/uploads\/2025\/04\/f6101934d6827dca46efb13d9c469cfd_medium-1.jpg\",\"datePublished\":\"2025-04-22T01:21:46+00:00\",\"dateModified\":\"2025-04-22T01:22:15+00:00\",\"breadcrumb\":{\"@id\":\"https:\/\/www.colorflyprinting.com\/product\/wholesale-custom-drawing-painting-notebooks-for-children\/#breadcrumb\"},\"inLanguage\":\"it-IT\",\"potentialAction\":[{\"@type\":\"ReadAction\",\"target\":[\"https:\/\/www.colorflyprinting.com\/product\/wholesale-custom-drawing-painting-notebooks-for-children\/\"]}]},{\"@type\":\"ImageObject\",\"inLanguage\":\"it-IT\",\"@id\":\"https:\/\/www.colorflyprinting.com\/product\/wholesale-custom-drawing-painting-notebooks-for-children\/#primaryimage\",\"url\":\"https:\/\/www.colorflyprinting.com\/wp-content\/uploads\/2025\/04\/f6101934d6827dca46efb13d9c469cfd_medium-1.jpg\",\"contentUrl\":\"https:\/\/www.colorflyprinting.com\/wp-content\/uploads\/2025\/04\/f6101934d6827dca46efb13d9c469cfd_medium-1.jpg\",\"width\":550,\"height\":550},{\"@type\":\"BreadcrumbList\",\"@id\":\"https:\/\/www.colorflyprinting.com\/product\/wholesale-custom-drawing-painting-notebooks-for-children\/#breadcrumb\",\"itemListElement\":[{\"@type\":\"ListItem\",\"position\":1,\"name\":\"Home\",\"item\":\"https:\/\/www.colorflyprinting.com\/\"},{\"@type\":\"ListItem\",\"position\":2,\"name\":\"Product\",\"item\":\"https:\/\/www.colorflyprinting.com\/shop\/\"},{\"@type\":\"ListItem\",\"position\":3,\"name\":\"wholesale custom drawing\/painting notebooks for children\"}]},{\"@type\":\"WebSite\",\"@id\":\"https:\/\/www.colorflyprinting.com\/#website\",\"url\":\"https:\/\/www.colorflyprinting.com\/\",\"name\":\"Hefei Colorfly Stationery Co.,Ltd.\",\"description\":\"\",\"publisher\":{\"@id\":\"https:\/\/www.colorflyprinting.com\/#organization\"},\"potentialAction\":[{\"@type\":\"SearchAction\",\"target\":{\"@type\":\"EntryPoint\",\"urlTemplate\":\"https:\/\/www.colorflyprinting.com\/?s={search_term_string}\"},\"query-input\":{\"@type\":\"PropertyValueSpecification\",\"valueRequired\":true,\"valueName\":\"search_term_string\"}}],\"inLanguage\":\"it-IT\"},{\"@type\":\"Organization\",\"@id\":\"https:\/\/www.colorflyprinting.com\/#organization\",\"name\":\"Hefei Colorfly Stationery Co.,Ltd.\",\"url\":\"https:\/\/www.colorflyprinting.com\/\",\"logo\":{\"@type\":\"ImageObject\",\"inLanguage\":\"it-IT\",\"@id\":\"https:\/\/www.colorflyprinting.com\/#\/schema\/logo\/image\/\",\"url\":\"https:\/\/www.colorflyprinting.com\/wp-content\/uploads\/2025\/04\/d167665f943610681229e2f4307b9df.jpg\",\"contentUrl\":\"https:\/\/www.colorflyprinting.com\/wp-content\/uploads\/2025\/04\/d167665f943610681229e2f4307b9df.jpg\",\"width\":780,\"height\":780,\"caption\":\"Hefei Colorfly Stationery Co.,Ltd.\"},\"image\":{\"@id\":\"https:\/\/www.colorflyprinting.com\/#\/schema\/logo\/image\/\"}}]}<\/script>\n<!-- \/ Yoast SEO Premium plugin. -->","yoast_head_json":{"title":"wholesale custom drawing\/painting notebooks for children - colorflyprinting","robots":{"index":"index","follow":"follow","max-snippet":"max-snippet:-1","max-image-preview":"max-image-preview:large","max-video-preview":"max-video-preview:-1"},"canonical":"https:\/\/www.colorflyprinting.com\/it\/prodotto\/quaderni-da-disegno-e-pittura-personalizzati-allingrosso-per-bambini\/","og_locale":"it_IT","og_type":"article","og_title":"wholesale custom drawing\/painting notebooks for children","og_description":"Product Origin:anhui                                                    Brand:Colorfly                                                   Item NO.:D-1222                                                   Shipping Port:wuhan\/ shanghai \/qiandao \/yiwu                                                   Color:custom color                                                   Lead Time:25-30days                                                                   MOQ:100                                                                                                                  Type: drawing book                                 Size: 17*22 cm                                 Binding: staple binding                                 Number of pages: custom                                 Inner printing: custom                                 Cover printing: 4 color","og_url":"https:\/\/www.colorflyprinting.com\/it\/prodotto\/quaderni-da-disegno-e-pittura-personalizzati-allingrosso-per-bambini\/","og_site_name":"colorflyprinting","article_modified_time":"2025-04-22T01:22:15+00:00","twitter_card":"summary_large_image","twitter_misc":{"Tempo di lettura stimato":"1 minuto"},"schema":{"@context":"https:\/\/schema.org","@graph":[{"@type":"WebPage","@id":"https:\/\/www.colorflyprinting.com\/product\/wholesale-custom-drawing-painting-notebooks-for-children\/","url":"https:\/\/www.colorflyprinting.com\/product\/wholesale-custom-drawing-painting-notebooks-for-children\/","name":"wholesale custom drawing\/painting notebooks for children - colorflyprinting","isPartOf":{"@id":"https:\/\/www.colorflyprinting.com\/#website"},"primaryImageOfPage":{"@id":"https:\/\/www.colorflyprinting.com\/product\/wholesale-custom-drawing-painting-notebooks-for-children\/#primaryimage"},"image":{"@id":"https:\/\/www.colorflyprinting.com\/product\/wholesale-custom-drawing-painting-notebooks-for-children\/#primaryimage"},"thumbnailUrl":"https:\/\/www.colorflyprinting.com\/wp-content\/uploads\/2025\/04\/f6101934d6827dca46efb13d9c469cfd_medium-1.jpg","datePublished":"2025-04-22T01:21:46+00:00","dateModified":"2025-04-22T01:22:15+00:00","breadcrumb":{"@id":"https:\/\/www.colorflyprinting.com\/product\/wholesale-custom-drawing-painting-notebooks-for-children\/#breadcrumb"},"inLanguage":"it-IT","potentialAction":[{"@type":"ReadAction","target":["https:\/\/www.colorflyprinting.com\/product\/wholesale-custom-drawing-painting-notebooks-for-children\/"]}]},{"@type":"ImageObject","inLanguage":"it-IT","@id":"https:\/\/www.colorflyprinting.com\/product\/wholesale-custom-drawing-painting-notebooks-for-children\/#primaryimage","url":"https:\/\/www.colorflyprinting.com\/wp-content\/uploads\/2025\/04\/f6101934d6827dca46efb13d9c469cfd_medium-1.jpg","contentUrl":"https:\/\/www.colorflyprinting.com\/wp-content\/uploads\/2025\/04\/f6101934d6827dca46efb13d9c469cfd_medium-1.jpg","width":550,"height":550},{"@type":"BreadcrumbList","@id":"https:\/\/www.colorflyprinting.com\/product\/wholesale-custom-drawing-painting-notebooks-for-children\/#breadcrumb","itemListElement":[{"@type":"ListItem","position":1,"name":"Home","item":"https:\/\/www.colorflyprinting.com\/"},{"@type":"ListItem","position":2,"name":"Product","item":"https:\/\/www.colorflyprinting.com\/shop\/"},{"@type":"ListItem","position":3,"name":"wholesale custom drawing\/painting notebooks for children"}]},{"@type":"WebSite","@id":"https:\/\/www.colorflyprinting.com\/#website","url":"https:\/\/www.colorflyprinting.com\/","name":"Hefei Colorfly Stationery Co.,Ltd.","description":"","publisher":{"@id":"https:\/\/www.colorflyprinting.com\/#organization"},"potentialAction":[{"@type":"SearchAction","target":{"@type":"EntryPoint","urlTemplate":"https:\/\/www.colorflyprinting.com\/?s={search_term_string}"},"query-input":{"@type":"PropertyValueSpecification","valueRequired":true,"valueName":"search_term_string"}}],"inLanguage":"it-IT"},{"@type":"Organization","@id":"https:\/\/www.colorflyprinting.com\/#organization","name":"Hefei Colorfly Stationery Co.,Ltd.","url":"https:\/\/www.colorflyprinting.com\/","logo":{"@type":"ImageObject","inLanguage":"it-IT","@id":"https:\/\/www.colorflyprinting.com\/#\/schema\/logo\/image\/","url":"https:\/\/www.colorflyprinting.com\/wp-content\/uploads\/2025\/04\/d167665f943610681229e2f4307b9df.jpg","contentUrl":"https:\/\/www.colorflyprinting.com\/wp-content\/uploads\/2025\/04\/d167665f943610681229e2f4307b9df.jpg","width":780,"height":780,"caption":"Hefei Colorfly Stationery Co.,Ltd."},"image":{"@id":"https:\/\/www.colorflyprinting.com\/#\/schema\/logo\/image\/"}}]}},"_links":{"self":[{"href":"https:\/\/www.colorflyprinting.com\/it\/wp-json\/wp\/v2\/product\/11331","targetHints":{"allow":["GET"]}}],"collection":[{"href":"https:\/\/www.colorflyprinting.com\/it\/wp-json\/wp\/v2\/product"}],"about":[{"href":"https:\/\/www.colorflyprinting.com\/it\/wp-json\/wp\/v2\/types\/product"}],"replies":[{"embeddable":true,"href":"https:\/\/www.colorflyprinting.com\/it\/wp-json\/wp\/v2\/comments?post=11331"}],"wp:featuredmedia":[{"embeddable":true,"href":"https:\/\/www.colorflyprinting.com\/it\/wp-json\/wp\/v2\/media\/11392"}],"wp:attachment":[{"href":"https:\/\/www.colorflyprinting.com\/it\/wp-json\/wp\/v2\/media?parent=11331"}],"wp:term":[{"taxonomy":"product_brand","embeddable":true,"href":"https:\/\/www.colorflyprinting.com\/it\/wp-json\/wp\/v2\/product_brand?post=11331"},{"taxonomy":"product_cat","embeddable":true,"href":"https:\/\/www.colorflyprinting.com\/it\/wp-json\/wp\/v2\/product_cat?post=11331"},{"taxonomy":"product_tag","embeddable":true,"href":"https:\/\/www.colorflyprinting.com\/it\/wp-json\/wp\/v2\/product_tag?post=11331"}],"curies":[{"name":"wp","href":"https:\/\/api.w.org\/{rel}","templated":true}]}}