{"id":11090,"date":"2025-04-22T01:20:08","date_gmt":"2025-04-22T01:20:08","guid":{"rendered":"https:\/\/www.colorflyprinting.com\/?post_type=product&#038;p=11090"},"modified":"2025-06-29T09:24:42","modified_gmt":"2025-06-29T09:24:42","slug":"leather-cover-daily-calendar-and-notebook","status":"publish","type":"product","link":"https:\/\/www.colorflyprinting.com\/it\/prodotto\/calendario-giornaliero-e-taccuino-con-copertina-in-pelle\/","title":{"rendered":"Calendario giornaliero e taccuino con copertina in pelle"},"content":{"rendered":"<div class=\"text\">\n<p>\n\t<span style=\"font-size:18px;\">Articolo ?? Calendario giornaliero e taccuino con copertina in pelle<\/span>\n<\/p>\n<p>\n\t<span style=\"font-size:18px;\">Formato: A5 (145x215 mm)<\/span>\n<\/p>\n<p>\n\t<span style=\"font-size:18px;\">Carta interna: carta offset da 70\/80 gsm<\/span>\n<\/p>\n<p>\n\t<span style=\"font-size:18px;\">Colore: viola \/ arancione \/ blu \/ nero \/ verde ecc.<\/span>\n<\/p>\n<p>\n\t<span style=\"font-size:18px;\">Copertina: morbida pelle, stampa incisa, logo stampato in oro<\/span>\n<\/p>\n<p>\n\t<span style=\"font-size:18px;\">Rilegatura: rilegatura perfetta, con nastro bicolore<\/span>\n<\/p>\n<p>\n\t<span style=\"font-size:18px;\">Progettazione e contenuto dei blocchi<\/span>\n<\/p>\n<p>\n\t<span style=\"font-size:18px;\"><img decoding=\"async\" src=\"\/js\/htmledit\/kindeditor\/attached\/20191031\/20191031110446_60371.jpg\" alt=\"\"><br \/>\n<\/span>\n<\/p>\n<p>\n\t\n<\/p>\n<p>\n\t<strong><span style=\"font-size:18px;\">Dimensioni<\/span><\/strong>\n<\/p>\n<p>\n\tI formati pi\u00f9 comunemente usati sono 14,5\u00d721 cm e 15,5\u00d721 cm. Sono molto adatti per pianificare il lavoro e il tempo libero. Il formato medio permette di portare l&#039;agenda alle riunioni (poich\u00e9 non occupa molto spazio ma \u00e8 molto capiente). Se trascorrete molto tempo in ufficio, potreste trovare pi\u00f9 adatte le grandi agende settimanali da 20\u00d726 cm o i quaderni da 20,5\u00d727 cm. Le agende normali o a spirale ricoperta da 33\u00d715 cm non occuperanno molto spazio sulla scrivania. I formati 10\u00d716 cm e 10,5\u00d716 cm sono adatti a chi ha spesso riunioni e viaggi di lavoro, poich\u00e9 queste agende entrano facilmente in una piccola borsa. I quaderni da 9\u00d713 cm e 8,5\u00d713 cm possono essere portati anche in tasca.\n<\/p>\n<p>\n\t<img decoding=\"async\" src=\"\/js\/htmledit\/kindeditor\/attached\/20191031\/20191031110516_35343.jpg\" alt=\"\">\n<\/p>\n<p>\n\t<strong><span style=\"font-size:18px;\">Il contenuto di un blocco standard<\/span><\/strong>\n<\/p>\n<p>\n\tIl blocco standard di un quaderno calendario pu\u00f2 contenere una mappa del tuo Paese (sulla pagina anteriore), una mappa dell&#039;Europa (sulla pagina finale) e ampio materiale di riferimento sulle prime pagine del blocco, come:\n<\/p>\n<ul>\n<li>\n\t\tDati personali;\n\t<\/li>\n<li>\n\t\tCalendario per diversi anni;\n\t<\/li>\n<li>\n\t\tScale di temperatura e velocit\u00e0;\n\t<\/li>\n<li>\n\t\tNumeri romani;\n\t<\/li>\n<li>\n\t\tVarie informazioni sui paesi;\n\t<\/li>\n<li>\n\t\tTabelle delle taglie di scarpe e abbigliamento;\n\t<\/li>\n<li>\n\t\tAtlante mondiale.\n\t<\/li>\n<\/ul>\n<p>\n\t\n<\/p>\n<p>\n\t\n<\/p>\n<p>\n\t\n<\/p>\n<\/p><\/div>","protected":false},"excerpt":{"rendered":"<p>Quaderno in pelle con elastico e calendario mensile nella parte anteriore<\/p>\n<ul class=\"ptab-list clearfix\">\n<li>\n<p>Marca:<\/p>\n<p><span>Colorfly<\/span><\/li>\n<li>\n<p>Articolo n.:<\/p>\n<p><span>Codice articolo: CY-LB003<\/span><\/li>\n<li>\n<p>Tipo: <\/p>\n<p> <span>Quaderno del calendario<\/span><\/li>\n<li>\n<p>Misurare: <\/p>\n<p> <span>A5<\/span><\/li>\n<li>\n<p>Legame: <\/p>\n<p> <span>Rilegatura perfetta<\/span><\/li>\n<li>\n<p>Numero di pagine: <\/p>\n<p> <span>Personalizzato<\/span><\/li>\n<li>\n<p>Stampa interna: <\/p>\n<p> <span>Calendario<\/span><\/li>\n<li>\n<p>Stampa della copertina: <\/p>\n<p> <span>stampa a 4 colori<\/span><\/li>\n<\/ul>","protected":false},"featured_media":11123,"comment_status":"open","ping_status":"closed","template":"","meta":[],"product_brand":[],"product_cat":[127],"product_tag":[151,152,153],"class_list":{"0":"post-11090","1":"product","2":"type-product","3":"status-publish","4":"has-post-thumbnail","6":"product_cat-leather-notebook","7":"product_tag-calendar-and-notebook","8":"product_tag-daily-calendar-notebook","9":"product_tag-notebook-calendar-2020","11":"first","12":"instock","13":"shipping-taxable","14":"product-type-simple"},"yoast_head":"<!-- This site is optimized with the Yoast SEO Premium plugin v23.9 (Yoast SEO v25.2) - https:\/\/yoast.com\/wordpress\/plugins\/seo\/ -->\n<title>Leather Cover Daily Calendar And Notebook - colorflyprinting<\/title>\n<meta name=\"robots\" content=\"index, follow, max-snippet:-1, max-image-preview:large, max-video-preview:-1\" \/>\n<link rel=\"canonical\" href=\"https:\/\/www.colorflyprinting.com\/it\/prodotto\/calendario-giornaliero-e-taccuino-con-copertina-in-pelle\/\" \/>\n<meta property=\"og:locale\" content=\"it_IT\" \/>\n<meta property=\"og:type\" content=\"article\" \/>\n<meta property=\"og:title\" content=\"Leather Cover Daily Calendar And Notebook\" \/>\n<meta property=\"og:description\" content=\"Elastic band eather notebook with monthly calendar in front calendar notebook                                                     Brand:Colorfly                                                   Item NO.:CY-LB003                                                                                                                                                                                                  Type: Calendar notebook                                 Size: A5                                 Binding: Perfect binding                                 Number of pages: Customized                                 Inner printing: Calendar                                 Cover printing: 4 colors printing\" \/>\n<meta property=\"og:url\" content=\"https:\/\/www.colorflyprinting.com\/it\/prodotto\/calendario-giornaliero-e-taccuino-con-copertina-in-pelle\/\" \/>\n<meta property=\"og:site_name\" content=\"colorflyprinting\" \/>\n<meta property=\"article:modified_time\" content=\"2025-06-29T09:24:42+00:00\" \/>\n<meta name=\"twitter:card\" content=\"summary_large_image\" \/>\n<meta name=\"twitter:label1\" content=\"Tempo di lettura stimato\" \/>\n\t<meta name=\"twitter:data1\" content=\"1 minuto\" \/>\n<script type=\"application\/ld+json\" class=\"yoast-schema-graph\">{\"@context\":\"https:\/\/schema.org\",\"@graph\":[{\"@type\":\"WebPage\",\"@id\":\"https:\/\/www.colorflyprinting.com\/product\/leather-cover-daily-calendar-and-notebook\/\",\"url\":\"https:\/\/www.colorflyprinting.com\/product\/leather-cover-daily-calendar-and-notebook\/\",\"name\":\"Leather Cover Daily Calendar And Notebook - colorflyprinting\",\"isPartOf\":{\"@id\":\"https:\/\/www.colorflyprinting.com\/#website\"},\"primaryImageOfPage\":{\"@id\":\"https:\/\/www.colorflyprinting.com\/product\/leather-cover-daily-calendar-and-notebook\/#primaryimage\"},\"image\":{\"@id\":\"https:\/\/www.colorflyprinting.com\/product\/leather-cover-daily-calendar-and-notebook\/#primaryimage\"},\"thumbnailUrl\":\"https:\/\/www.colorflyprinting.com\/wp-content\/uploads\/2025\/04\/19986e99b2b1cf50783727c05844adec_medium-1.jpg\",\"datePublished\":\"2025-04-22T01:20:08+00:00\",\"dateModified\":\"2025-06-29T09:24:42+00:00\",\"breadcrumb\":{\"@id\":\"https:\/\/www.colorflyprinting.com\/product\/leather-cover-daily-calendar-and-notebook\/#breadcrumb\"},\"inLanguage\":\"it-IT\",\"potentialAction\":[{\"@type\":\"ReadAction\",\"target\":[\"https:\/\/www.colorflyprinting.com\/product\/leather-cover-daily-calendar-and-notebook\/\"]}]},{\"@type\":\"ImageObject\",\"inLanguage\":\"it-IT\",\"@id\":\"https:\/\/www.colorflyprinting.com\/product\/leather-cover-daily-calendar-and-notebook\/#primaryimage\",\"url\":\"https:\/\/www.colorflyprinting.com\/wp-content\/uploads\/2025\/04\/19986e99b2b1cf50783727c05844adec_medium-1.jpg\",\"contentUrl\":\"https:\/\/www.colorflyprinting.com\/wp-content\/uploads\/2025\/04\/19986e99b2b1cf50783727c05844adec_medium-1.jpg\",\"width\":550,\"height\":550},{\"@type\":\"BreadcrumbList\",\"@id\":\"https:\/\/www.colorflyprinting.com\/product\/leather-cover-daily-calendar-and-notebook\/#breadcrumb\",\"itemListElement\":[{\"@type\":\"ListItem\",\"position\":1,\"name\":\"Home\",\"item\":\"https:\/\/www.colorflyprinting.com\/\"},{\"@type\":\"ListItem\",\"position\":2,\"name\":\"Product\",\"item\":\"https:\/\/www.colorflyprinting.com\/shop\/\"},{\"@type\":\"ListItem\",\"position\":3,\"name\":\"Leather Cover Daily Calendar And Notebook\"}]},{\"@type\":\"WebSite\",\"@id\":\"https:\/\/www.colorflyprinting.com\/#website\",\"url\":\"https:\/\/www.colorflyprinting.com\/\",\"name\":\"Hefei Colorfly Stationery Co.,Ltd.\",\"description\":\"\",\"publisher\":{\"@id\":\"https:\/\/www.colorflyprinting.com\/#organization\"},\"potentialAction\":[{\"@type\":\"SearchAction\",\"target\":{\"@type\":\"EntryPoint\",\"urlTemplate\":\"https:\/\/www.colorflyprinting.com\/?s={search_term_string}\"},\"query-input\":{\"@type\":\"PropertyValueSpecification\",\"valueRequired\":true,\"valueName\":\"search_term_string\"}}],\"inLanguage\":\"it-IT\"},{\"@type\":\"Organization\",\"@id\":\"https:\/\/www.colorflyprinting.com\/#organization\",\"name\":\"Hefei Colorfly Stationery Co.,Ltd.\",\"url\":\"https:\/\/www.colorflyprinting.com\/\",\"logo\":{\"@type\":\"ImageObject\",\"inLanguage\":\"it-IT\",\"@id\":\"https:\/\/www.colorflyprinting.com\/#\/schema\/logo\/image\/\",\"url\":\"https:\/\/www.colorflyprinting.com\/wp-content\/uploads\/2025\/04\/d167665f943610681229e2f4307b9df.jpg\",\"contentUrl\":\"https:\/\/www.colorflyprinting.com\/wp-content\/uploads\/2025\/04\/d167665f943610681229e2f4307b9df.jpg\",\"width\":780,\"height\":780,\"caption\":\"Hefei Colorfly Stationery Co.,Ltd.\"},\"image\":{\"@id\":\"https:\/\/www.colorflyprinting.com\/#\/schema\/logo\/image\/\"}}]}<\/script>\n<!-- \/ Yoast SEO Premium plugin. -->","yoast_head_json":{"title":"Leather Cover Daily Calendar And Notebook - colorflyprinting","robots":{"index":"index","follow":"follow","max-snippet":"max-snippet:-1","max-image-preview":"max-image-preview:large","max-video-preview":"max-video-preview:-1"},"canonical":"https:\/\/www.colorflyprinting.com\/it\/prodotto\/calendario-giornaliero-e-taccuino-con-copertina-in-pelle\/","og_locale":"it_IT","og_type":"article","og_title":"Leather Cover Daily Calendar And Notebook","og_description":"Elastic band eather notebook with monthly calendar in front calendar notebook                                                     Brand:Colorfly                                                   Item NO.:CY-LB003                                                                                                                                                                                                  Type: Calendar notebook                                 Size: A5                                 Binding: Perfect binding                                 Number of pages: Customized                                 Inner printing: Calendar                                 Cover printing: 4 colors printing","og_url":"https:\/\/www.colorflyprinting.com\/it\/prodotto\/calendario-giornaliero-e-taccuino-con-copertina-in-pelle\/","og_site_name":"colorflyprinting","article_modified_time":"2025-06-29T09:24:42+00:00","twitter_card":"summary_large_image","twitter_misc":{"Tempo di lettura stimato":"1 minuto"},"schema":{"@context":"https:\/\/schema.org","@graph":[{"@type":"WebPage","@id":"https:\/\/www.colorflyprinting.com\/product\/leather-cover-daily-calendar-and-notebook\/","url":"https:\/\/www.colorflyprinting.com\/product\/leather-cover-daily-calendar-and-notebook\/","name":"Leather Cover Daily Calendar And Notebook - colorflyprinting","isPartOf":{"@id":"https:\/\/www.colorflyprinting.com\/#website"},"primaryImageOfPage":{"@id":"https:\/\/www.colorflyprinting.com\/product\/leather-cover-daily-calendar-and-notebook\/#primaryimage"},"image":{"@id":"https:\/\/www.colorflyprinting.com\/product\/leather-cover-daily-calendar-and-notebook\/#primaryimage"},"thumbnailUrl":"https:\/\/www.colorflyprinting.com\/wp-content\/uploads\/2025\/04\/19986e99b2b1cf50783727c05844adec_medium-1.jpg","datePublished":"2025-04-22T01:20:08+00:00","dateModified":"2025-06-29T09:24:42+00:00","breadcrumb":{"@id":"https:\/\/www.colorflyprinting.com\/product\/leather-cover-daily-calendar-and-notebook\/#breadcrumb"},"inLanguage":"it-IT","potentialAction":[{"@type":"ReadAction","target":["https:\/\/www.colorflyprinting.com\/product\/leather-cover-daily-calendar-and-notebook\/"]}]},{"@type":"ImageObject","inLanguage":"it-IT","@id":"https:\/\/www.colorflyprinting.com\/product\/leather-cover-daily-calendar-and-notebook\/#primaryimage","url":"https:\/\/www.colorflyprinting.com\/wp-content\/uploads\/2025\/04\/19986e99b2b1cf50783727c05844adec_medium-1.jpg","contentUrl":"https:\/\/www.colorflyprinting.com\/wp-content\/uploads\/2025\/04\/19986e99b2b1cf50783727c05844adec_medium-1.jpg","width":550,"height":550},{"@type":"BreadcrumbList","@id":"https:\/\/www.colorflyprinting.com\/product\/leather-cover-daily-calendar-and-notebook\/#breadcrumb","itemListElement":[{"@type":"ListItem","position":1,"name":"Home","item":"https:\/\/www.colorflyprinting.com\/"},{"@type":"ListItem","position":2,"name":"Product","item":"https:\/\/www.colorflyprinting.com\/shop\/"},{"@type":"ListItem","position":3,"name":"Leather Cover Daily Calendar And Notebook"}]},{"@type":"WebSite","@id":"https:\/\/www.colorflyprinting.com\/#website","url":"https:\/\/www.colorflyprinting.com\/","name":"Hefei Colorfly Stationery Co.,Ltd.","description":"","publisher":{"@id":"https:\/\/www.colorflyprinting.com\/#organization"},"potentialAction":[{"@type":"SearchAction","target":{"@type":"EntryPoint","urlTemplate":"https:\/\/www.colorflyprinting.com\/?s={search_term_string}"},"query-input":{"@type":"PropertyValueSpecification","valueRequired":true,"valueName":"search_term_string"}}],"inLanguage":"it-IT"},{"@type":"Organization","@id":"https:\/\/www.colorflyprinting.com\/#organization","name":"Hefei Colorfly Stationery Co.,Ltd.","url":"https:\/\/www.colorflyprinting.com\/","logo":{"@type":"ImageObject","inLanguage":"it-IT","@id":"https:\/\/www.colorflyprinting.com\/#\/schema\/logo\/image\/","url":"https:\/\/www.colorflyprinting.com\/wp-content\/uploads\/2025\/04\/d167665f943610681229e2f4307b9df.jpg","contentUrl":"https:\/\/www.colorflyprinting.com\/wp-content\/uploads\/2025\/04\/d167665f943610681229e2f4307b9df.jpg","width":780,"height":780,"caption":"Hefei Colorfly Stationery Co.,Ltd."},"image":{"@id":"https:\/\/www.colorflyprinting.com\/#\/schema\/logo\/image\/"}}]}},"_links":{"self":[{"href":"https:\/\/www.colorflyprinting.com\/it\/wp-json\/wp\/v2\/product\/11090","targetHints":{"allow":["GET"]}}],"collection":[{"href":"https:\/\/www.colorflyprinting.com\/it\/wp-json\/wp\/v2\/product"}],"about":[{"href":"https:\/\/www.colorflyprinting.com\/it\/wp-json\/wp\/v2\/types\/product"}],"replies":[{"embeddable":true,"href":"https:\/\/www.colorflyprinting.com\/it\/wp-json\/wp\/v2\/comments?post=11090"}],"wp:featuredmedia":[{"embeddable":true,"href":"https:\/\/www.colorflyprinting.com\/it\/wp-json\/wp\/v2\/media\/11123"}],"wp:attachment":[{"href":"https:\/\/www.colorflyprinting.com\/it\/wp-json\/wp\/v2\/media?parent=11090"}],"wp:term":[{"taxonomy":"product_brand","embeddable":true,"href":"https:\/\/www.colorflyprinting.com\/it\/wp-json\/wp\/v2\/product_brand?post=11090"},{"taxonomy":"product_cat","embeddable":true,"href":"https:\/\/www.colorflyprinting.com\/it\/wp-json\/wp\/v2\/product_cat?post=11090"},{"taxonomy":"product_tag","embeddable":true,"href":"https:\/\/www.colorflyprinting.com\/it\/wp-json\/wp\/v2\/product_tag?post=11090"}],"curies":[{"name":"wp","href":"https:\/\/api.w.org\/{rel}","templated":true}]}}