{"id":3,"date":"2025-02-24T03:14:36","date_gmt":"2025-02-24T03:14:36","guid":{"rendered":"https:\/\/cy.weboho.com\/?page_id=3"},"modified":"2025-04-17T22:07:28","modified_gmt":"2025-04-17T22:07:28","slug":"privacy-policy","status":"publish","type":"page","link":"https:\/\/www.colorflyprinting.com\/it\/politica-sulla-riservatezza\/","title":{"rendered":"politica sulla riservatezza"},"content":{"rendered":"<p>La nostra politica di sicurezza<\/p>\r\n<p>&nbsp;<\/p>\r\n<p>Essendo un produttore di libri con quasi 6 anni di esperienza, Colorfly Printing \u00e8 orgogliosa di essere un tipografo perch\u00e9 contribuisce a dare un tocco di creativit\u00e0 ai prodotti. Nel frattempo, abbiamo scoperto che alcuni nuovi clienti hanno diverse preoccupazioni quando stampano con noi per la prima volta. Di seguito riportiamo la nostra politica di sicurezza aziendale:<\/p>\r\n<p>&nbsp;<\/p>\r\n<p>\u2022 Colorfly Printing adotta un rigoroso sistema di gestione dei dati informatici, proteggendo le informazioni dei clienti dall&#039;uso non autorizzato da parte di terzi.<\/p>\r\n<p>\u2022 Non condivideremo mai i tuoi dati di contatto con altri senza il tuo permesso.<\/p>\r\n<p>\u2022 Se necessario, ti restituiremo tutti i campioni che ci hai inviato.<\/p>\r\n<p>\u2022 La quantit\u00e0 finale da consegnare sar\u00e0 almeno 1% in pi\u00f9 rispetto all&#039;ordine, salvo eventuali danni durante la spedizione.<\/p>\r\n<p>\u2022 Non ti bombarderemo di posta elettronica e materiale informativo.<\/p>\r\n<p>\u2022 Tutta la carta che utilizziamo \u00e8 riciclata.<\/p>\r\n<p>\u2022 L&#039;inchiostro che utilizziamo \u00e8 di prima qualit\u00e0, ricavato da soia o vegetali<\/p>\r\n<p>&nbsp;<\/p>\r\n<p>La nostra politica \u00e8 quella di fornire servizi di stampa di libri flessibili e di alta qualit\u00e0 a clienti in tutto il mondo, con consegne puntuali e costi di fabbrica competitivi.<\/p>","protected":false},"excerpt":{"rendered":"<p>Our\u00a0Security\u00a0Policy &nbsp; Being a book manufacturer with almost 6 years history, Colorfly Printing is proud of being a printer because<\/p>","protected":false},"author":1,"featured_media":0,"parent":0,"menu_order":0,"comment_status":"closed","ping_status":"open","template":"","meta":{"footnotes":""},"class_list":["post-3","page","type-page","status-publish","hentry"],"yoast_head":"<!-- This site is optimized with the Yoast SEO Premium plugin v23.9 (Yoast SEO v25.2) - https:\/\/yoast.com\/wordpress\/plugins\/seo\/ -->\n<title>Privacy Policy - colorflyprinting<\/title>\n<meta name=\"robots\" content=\"index, follow, max-snippet:-1, max-image-preview:large, max-video-preview:-1\" \/>\n<link rel=\"canonical\" href=\"https:\/\/www.colorflyprinting.com\/it\/politica-sulla-riservatezza\/\" \/>\n<meta property=\"og:locale\" content=\"it_IT\" \/>\n<meta property=\"og:type\" content=\"article\" \/>\n<meta property=\"og:title\" content=\"Privacy Policy\" \/>\n<meta property=\"og:description\" content=\"Our\u00a0Security\u00a0Policy &nbsp; Being a book manufacturer with almost 6 years history, Colorfly Printing is proud of being a printer because\" \/>\n<meta property=\"og:url\" content=\"https:\/\/www.colorflyprinting.com\/it\/politica-sulla-riservatezza\/\" \/>\n<meta property=\"og:site_name\" content=\"colorflyprinting\" \/>\n<meta property=\"article:modified_time\" content=\"2025-04-17T22:07:28+00:00\" \/>\n<meta name=\"twitter:card\" content=\"summary_large_image\" \/>\n<meta name=\"twitter:label1\" content=\"Tempo di lettura stimato\" \/>\n\t<meta name=\"twitter:data1\" content=\"1 minuto\" \/>\n<script type=\"application\/ld+json\" class=\"yoast-schema-graph\">{\"@context\":\"https:\/\/schema.org\",\"@graph\":[{\"@type\":\"WebPage\",\"@id\":\"https:\/\/www.colorflyprinting.com\/privacy-policy\/\",\"url\":\"https:\/\/www.colorflyprinting.com\/privacy-policy\/\",\"name\":\"Privacy Policy - colorflyprinting\",\"isPartOf\":{\"@id\":\"https:\/\/www.colorflyprinting.com\/#website\"},\"datePublished\":\"2025-02-24T03:14:36+00:00\",\"dateModified\":\"2025-04-17T22:07:28+00:00\",\"breadcrumb\":{\"@id\":\"https:\/\/www.colorflyprinting.com\/privacy-policy\/#breadcrumb\"},\"inLanguage\":\"it-IT\",\"potentialAction\":[{\"@type\":\"ReadAction\",\"target\":[\"https:\/\/www.colorflyprinting.com\/privacy-policy\/\"]}]},{\"@type\":\"BreadcrumbList\",\"@id\":\"https:\/\/www.colorflyprinting.com\/privacy-policy\/#breadcrumb\",\"itemListElement\":[{\"@type\":\"ListItem\",\"position\":1,\"name\":\"Home\",\"item\":\"https:\/\/www.colorflyprinting.com\/\"},{\"@type\":\"ListItem\",\"position\":2,\"name\":\"Privacy Policy\"}]},{\"@type\":\"WebSite\",\"@id\":\"https:\/\/www.colorflyprinting.com\/#website\",\"url\":\"https:\/\/www.colorflyprinting.com\/\",\"name\":\"Hefei Colorfly Stationery Co.,Ltd.\",\"description\":\"\",\"publisher\":{\"@id\":\"https:\/\/www.colorflyprinting.com\/#organization\"},\"potentialAction\":[{\"@type\":\"SearchAction\",\"target\":{\"@type\":\"EntryPoint\",\"urlTemplate\":\"https:\/\/www.colorflyprinting.com\/?s={search_term_string}\"},\"query-input\":{\"@type\":\"PropertyValueSpecification\",\"valueRequired\":true,\"valueName\":\"search_term_string\"}}],\"inLanguage\":\"it-IT\"},{\"@type\":\"Organization\",\"@id\":\"https:\/\/www.colorflyprinting.com\/#organization\",\"name\":\"Hefei Colorfly Stationery Co.,Ltd.\",\"url\":\"https:\/\/www.colorflyprinting.com\/\",\"logo\":{\"@type\":\"ImageObject\",\"inLanguage\":\"it-IT\",\"@id\":\"https:\/\/www.colorflyprinting.com\/#\/schema\/logo\/image\/\",\"url\":\"https:\/\/www.colorflyprinting.com\/wp-content\/uploads\/2025\/04\/d167665f943610681229e2f4307b9df.jpg\",\"contentUrl\":\"https:\/\/www.colorflyprinting.com\/wp-content\/uploads\/2025\/04\/d167665f943610681229e2f4307b9df.jpg\",\"width\":780,\"height\":780,\"caption\":\"Hefei Colorfly Stationery Co.,Ltd.\"},\"image\":{\"@id\":\"https:\/\/www.colorflyprinting.com\/#\/schema\/logo\/image\/\"}}]}<\/script>\n<!-- \/ Yoast SEO Premium plugin. -->","yoast_head_json":{"title":"Privacy Policy - colorflyprinting","robots":{"index":"index","follow":"follow","max-snippet":"max-snippet:-1","max-image-preview":"max-image-preview:large","max-video-preview":"max-video-preview:-1"},"canonical":"https:\/\/www.colorflyprinting.com\/it\/politica-sulla-riservatezza\/","og_locale":"it_IT","og_type":"article","og_title":"Privacy Policy","og_description":"Our\u00a0Security\u00a0Policy &nbsp; Being a book manufacturer with almost 6 years history, Colorfly Printing is proud of being a printer because","og_url":"https:\/\/www.colorflyprinting.com\/it\/politica-sulla-riservatezza\/","og_site_name":"colorflyprinting","article_modified_time":"2025-04-17T22:07:28+00:00","twitter_card":"summary_large_image","twitter_misc":{"Tempo di lettura stimato":"1 minuto"},"schema":{"@context":"https:\/\/schema.org","@graph":[{"@type":"WebPage","@id":"https:\/\/www.colorflyprinting.com\/privacy-policy\/","url":"https:\/\/www.colorflyprinting.com\/privacy-policy\/","name":"Privacy Policy - colorflyprinting","isPartOf":{"@id":"https:\/\/www.colorflyprinting.com\/#website"},"datePublished":"2025-02-24T03:14:36+00:00","dateModified":"2025-04-17T22:07:28+00:00","breadcrumb":{"@id":"https:\/\/www.colorflyprinting.com\/privacy-policy\/#breadcrumb"},"inLanguage":"it-IT","potentialAction":[{"@type":"ReadAction","target":["https:\/\/www.colorflyprinting.com\/privacy-policy\/"]}]},{"@type":"BreadcrumbList","@id":"https:\/\/www.colorflyprinting.com\/privacy-policy\/#breadcrumb","itemListElement":[{"@type":"ListItem","position":1,"name":"Home","item":"https:\/\/www.colorflyprinting.com\/"},{"@type":"ListItem","position":2,"name":"Privacy Policy"}]},{"@type":"WebSite","@id":"https:\/\/www.colorflyprinting.com\/#website","url":"https:\/\/www.colorflyprinting.com\/","name":"Hefei Colorfly Stationery Co.,Ltd.","description":"","publisher":{"@id":"https:\/\/www.colorflyprinting.com\/#organization"},"potentialAction":[{"@type":"SearchAction","target":{"@type":"EntryPoint","urlTemplate":"https:\/\/www.colorflyprinting.com\/?s={search_term_string}"},"query-input":{"@type":"PropertyValueSpecification","valueRequired":true,"valueName":"search_term_string"}}],"inLanguage":"it-IT"},{"@type":"Organization","@id":"https:\/\/www.colorflyprinting.com\/#organization","name":"Hefei Colorfly Stationery Co.,Ltd.","url":"https:\/\/www.colorflyprinting.com\/","logo":{"@type":"ImageObject","inLanguage":"it-IT","@id":"https:\/\/www.colorflyprinting.com\/#\/schema\/logo\/image\/","url":"https:\/\/www.colorflyprinting.com\/wp-content\/uploads\/2025\/04\/d167665f943610681229e2f4307b9df.jpg","contentUrl":"https:\/\/www.colorflyprinting.com\/wp-content\/uploads\/2025\/04\/d167665f943610681229e2f4307b9df.jpg","width":780,"height":780,"caption":"Hefei Colorfly Stationery Co.,Ltd."},"image":{"@id":"https:\/\/www.colorflyprinting.com\/#\/schema\/logo\/image\/"}}]}},"_links":{"self":[{"href":"https:\/\/www.colorflyprinting.com\/it\/wp-json\/wp\/v2\/pages\/3","targetHints":{"allow":["GET"]}}],"collection":[{"href":"https:\/\/www.colorflyprinting.com\/it\/wp-json\/wp\/v2\/pages"}],"about":[{"href":"https:\/\/www.colorflyprinting.com\/it\/wp-json\/wp\/v2\/types\/page"}],"author":[{"embeddable":true,"href":"https:\/\/www.colorflyprinting.com\/it\/wp-json\/wp\/v2\/users\/1"}],"replies":[{"embeddable":true,"href":"https:\/\/www.colorflyprinting.com\/it\/wp-json\/wp\/v2\/comments?post=3"}],"version-history":[{"count":0,"href":"https:\/\/www.colorflyprinting.com\/it\/wp-json\/wp\/v2\/pages\/3\/revisions"}],"wp:attachment":[{"href":"https:\/\/www.colorflyprinting.com\/it\/wp-json\/wp\/v2\/media?parent=3"}],"curies":[{"name":"wp","href":"https:\/\/api.w.org\/{rel}","templated":true}]}}