{"id":18781,"date":"2025-09-20T08:09:50","date_gmt":"2025-09-20T08:09:50","guid":{"rendered":"https:\/\/www.colorflyprinting.com\/?post_type=product&#038;p=18781"},"modified":"2025-09-20T08:09:51","modified_gmt":"2025-09-20T08:09:51","slug":"a4-spiral-sketchbooks-bulk-school-notebooks-for-students-art-classes","status":"publish","type":"product","link":"https:\/\/www.colorflyprinting.com\/fr\/produit\/a4-spiral-sketchbooks-bulk-school-notebooks-for-students-art-classes\/","title":{"rendered":"A4 Spiral Sketchbooks &#8211; Bulk School Notebooks for Students &#038; Art Classes"},"content":{"rendered":"<div class=\"J_module\">\n<h3 id=\"ali-anchor-AliMagic-sfxii9\" class=\"magic-0\" data-section=\"AliMagic-sfxii9\" data-section-title=\"Product Description\" data-spm-anchor-id=\"a2700.details-description.0.i0.335eBoiZBoiZoo\">Description du produit<\/h3>\n<\/div>\n<div class=\"J_module\">\n<div class=\"detail-decorate-json-renderer-container\">\n<div class=\"magic-1\">\n<div class=\"magic-2\">\n<div class=\"magic-3\">\n<div class=\"magic-4\"><b><span class=\"magic-5\">Cahier \u00e0 spirales \u00e0 sujets<\/span><\/b><\/p>\n<div>*Cahiers \u00e0 spirale recycl\u00e9s \u00e0 couverture rigide<\/div>\n<div>*Cahiers \u00e0 spirale personnalis\u00e9s bon march\u00e9 en gros<\/div>\n<\/div>\n<\/div>\n<\/div>\n<\/div>\n<\/div>\n<\/div>\n<div class=\"J_module\">\n<div class=\"ife-detail-decorate-table\">\n<table class=\"has-title is-zebra all magic-6\" style=\"height: 180px;\" width=\"661\">\n<tbody>\n<tr>\n<td colspan=\"1\" rowspan=\"1\">\n<div class=\"magic-7\">\u00a0Taille<\/div>\n<\/td>\n<td colspan=\"5\" rowspan=\"1\">\n<div class=\"magic-8\">\n<div data-spm-anchor-id=\"0.0.0.i3.59844f05Z16MVb\">A4\/A5\/B5\/B6 ou personnalis\u00e9 pour cahier \u00e0 spirale<\/div>\n<\/div>\n<\/td>\n<\/tr>\n<tr>\n<td colspan=\"1\" rowspan=\"1\">\n<div class=\"magic-7\">Pages<\/div>\n<\/td>\n<td colspan=\"5\" rowspan=\"1\">\n<div class=\"magic-8\">\n<div data-spm-anchor-id=\"0.0.0.i13.59844f05Z16MVb\">60\/80\/100\/120\/150 feuilles etc ou personnalis\u00e9es<\/div>\n<\/div>\n<\/td>\n<\/tr>\n<tr>\n<td colspan=\"1\" rowspan=\"1\">\n<div class=\"magic-7\">Obligatoire<\/div>\n<\/td>\n<td colspan=\"5\" rowspan=\"1\">\n<div class=\"magic-8\">Reliure spirale<\/div>\n<\/td>\n<\/tr>\n<tr>\n<td colspan=\"1\" rowspan=\"1\">\n<div class=\"magic-7\">Emballage<\/div>\n<\/td>\n<td colspan=\"5\" rowspan=\"1\">\n<div class=\"magic-8\">Sac r\u00e9tractable + cartons<\/div>\n<\/td>\n<\/tr>\n<tr>\n<td colspan=\"1\" rowspan=\"1\">\n<div class=\"magic-7\">Papier int\u00e9rieur<\/div>\n<\/td>\n<td colspan=\"5\" rowspan=\"1\">\n<div class=\"magic-13\">Impression sur une seule ligne ou personnalis\u00e9e<\/div>\n<\/td>\n<\/tr>\n<tr>\n<td colspan=\"1\" rowspan=\"1\">\n<div class=\"magic-7\">Quantit\u00e9 minimale de commande<\/div>\n<\/td>\n<td colspan=\"5\" rowspan=\"1\">\n<div class=\"magic-13\">5000pcs<\/div>\n<\/td>\n<\/tr>\n<\/tbody>\n<\/table>\n<\/div>\n<\/div>","protected":false},"excerpt":{"rendered":"<p>Professional A4 spiral sketchbooks perfect for art classes and student use. These hardcover notebooks feature durable double-spiral binding that lays flat for easy drawing. Choose from 60-150 sheets of quality paper (60-120gsm) with lined, blank, or custom printed interiors. Made with eco-friendly ivory board covers. Customize with your logo or design with low MOQ of 5,000 pieces. Ideal for art schools, studio supplies, and creative projects. Bulk pricing available. Request samples to experience quality.<\/p>","protected":false},"featured_media":18783,"comment_status":"open","ping_status":"closed","template":"","meta":[],"product_brand":[],"product_cat":[392],"product_tag":[824,825],"class_list":{"0":"post-18781","1":"product","2":"type-product","3":"status-publish","4":"has-post-thumbnail","6":"product_cat-spiral-notebook","7":"product_tag-a4-spiral-sketchbooks","8":"product_tag-spiral-sketchbooks","10":"first","11":"instock","12":"shipping-taxable","13":"product-type-simple"},"yoast_head":"<!-- This site is optimized with the Yoast SEO Premium plugin v23.9 (Yoast SEO v25.2) - https:\/\/yoast.com\/wordpress\/plugins\/seo\/ -->\n<title>A4 Spiral Sketchbooks - Bulk Art Notebooks for Schools &amp; Studios<\/title>\n<meta name=\"description\" content=\"A4 spiral sketchbooks for art classes &amp; students. Hard covers, lay-flat binding. Custom logos &amp; interiors. MOQ 5,000. Bulk prices. Request samples today.\" \/>\n<meta name=\"robots\" content=\"index, follow, max-snippet:-1, max-image-preview:large, max-video-preview:-1\" \/>\n<link rel=\"canonical\" href=\"https:\/\/www.colorflyprinting.com\/fr\/produit\/a4-spiral-sketchbooks-bulk-school-notebooks-for-students-art-classes\/\" \/>\n<meta property=\"og:locale\" content=\"fr_FR\" \/>\n<meta property=\"og:type\" content=\"article\" \/>\n<meta property=\"og:title\" content=\"A4 Spiral Sketchbooks - Bulk School Notebooks for Students &amp; Art Classes\" \/>\n<meta property=\"og:description\" content=\"A4 spiral sketchbooks for art classes &amp; students. Hard covers, lay-flat binding. Custom logos &amp; interiors. MOQ 5,000. Bulk prices. Request samples today.\" \/>\n<meta property=\"og:url\" content=\"https:\/\/www.colorflyprinting.com\/fr\/produit\/a4-spiral-sketchbooks-bulk-school-notebooks-for-students-art-classes\/\" \/>\n<meta property=\"og:site_name\" content=\"colorflyprinting\" \/>\n<meta property=\"article:modified_time\" content=\"2025-09-20T08:09:51+00:00\" \/>\n<meta property=\"og:image\" content=\"https:\/\/www.colorflyprinting.com\/wp-content\/uploads\/2025\/09\/H5512dcb85e7c40968018bbc6b1be2026k.png\" \/>\n\t<meta property=\"og:image:width\" content=\"850\" \/>\n\t<meta property=\"og:image:height\" content=\"850\" \/>\n\t<meta property=\"og:image:type\" content=\"image\/png\" \/>\n<meta name=\"twitter:card\" content=\"summary_large_image\" \/>\n<script type=\"application\/ld+json\" class=\"yoast-schema-graph\">{\"@context\":\"https:\/\/schema.org\",\"@graph\":[{\"@type\":\"WebPage\",\"@id\":\"https:\/\/www.colorflyprinting.com\/product\/a4-spiral-sketchbooks-bulk-school-notebooks-for-students-art-classes\/\",\"url\":\"https:\/\/www.colorflyprinting.com\/product\/a4-spiral-sketchbooks-bulk-school-notebooks-for-students-art-classes\/\",\"name\":\"A4 Spiral Sketchbooks - Bulk Art Notebooks for Schools & Studios\",\"isPartOf\":{\"@id\":\"https:\/\/www.colorflyprinting.com\/#website\"},\"primaryImageOfPage\":{\"@id\":\"https:\/\/www.colorflyprinting.com\/product\/a4-spiral-sketchbooks-bulk-school-notebooks-for-students-art-classes\/#primaryimage\"},\"image\":{\"@id\":\"https:\/\/www.colorflyprinting.com\/product\/a4-spiral-sketchbooks-bulk-school-notebooks-for-students-art-classes\/#primaryimage\"},\"thumbnailUrl\":\"https:\/\/www.colorflyprinting.com\/wp-content\/uploads\/2025\/09\/H5512dcb85e7c40968018bbc6b1be2026k.png\",\"datePublished\":\"2025-09-20T08:09:50+00:00\",\"dateModified\":\"2025-09-20T08:09:51+00:00\",\"description\":\"A4 spiral sketchbooks for art classes & students. Hard covers, lay-flat binding. Custom logos & interiors. MOQ 5,000. Bulk prices. Request samples today.\",\"breadcrumb\":{\"@id\":\"https:\/\/www.colorflyprinting.com\/product\/a4-spiral-sketchbooks-bulk-school-notebooks-for-students-art-classes\/#breadcrumb\"},\"inLanguage\":\"fr-FR\",\"potentialAction\":[{\"@type\":\"ReadAction\",\"target\":[\"https:\/\/www.colorflyprinting.com\/product\/a4-spiral-sketchbooks-bulk-school-notebooks-for-students-art-classes\/\"]}]},{\"@type\":\"ImageObject\",\"inLanguage\":\"fr-FR\",\"@id\":\"https:\/\/www.colorflyprinting.com\/product\/a4-spiral-sketchbooks-bulk-school-notebooks-for-students-art-classes\/#primaryimage\",\"url\":\"https:\/\/www.colorflyprinting.com\/wp-content\/uploads\/2025\/09\/H5512dcb85e7c40968018bbc6b1be2026k.png\",\"contentUrl\":\"https:\/\/www.colorflyprinting.com\/wp-content\/uploads\/2025\/09\/H5512dcb85e7c40968018bbc6b1be2026k.png\",\"width\":850,\"height\":850},{\"@type\":\"BreadcrumbList\",\"@id\":\"https:\/\/www.colorflyprinting.com\/product\/a4-spiral-sketchbooks-bulk-school-notebooks-for-students-art-classes\/#breadcrumb\",\"itemListElement\":[{\"@type\":\"ListItem\",\"position\":1,\"name\":\"Home\",\"item\":\"https:\/\/www.colorflyprinting.com\/\"},{\"@type\":\"ListItem\",\"position\":2,\"name\":\"Product\",\"item\":\"https:\/\/www.colorflyprinting.com\/shop\/\"},{\"@type\":\"ListItem\",\"position\":3,\"name\":\"A4 Spiral Sketchbooks &#8211; Bulk School Notebooks for Students &#038; Art Classes\"}]},{\"@type\":\"WebSite\",\"@id\":\"https:\/\/www.colorflyprinting.com\/#website\",\"url\":\"https:\/\/www.colorflyprinting.com\/\",\"name\":\"Hefei Colorfly Stationery Co.,Ltd.\",\"description\":\"\",\"publisher\":{\"@id\":\"https:\/\/www.colorflyprinting.com\/#organization\"},\"potentialAction\":[{\"@type\":\"SearchAction\",\"target\":{\"@type\":\"EntryPoint\",\"urlTemplate\":\"https:\/\/www.colorflyprinting.com\/?s={search_term_string}\"},\"query-input\":{\"@type\":\"PropertyValueSpecification\",\"valueRequired\":true,\"valueName\":\"search_term_string\"}}],\"inLanguage\":\"fr-FR\"},{\"@type\":\"Organization\",\"@id\":\"https:\/\/www.colorflyprinting.com\/#organization\",\"name\":\"Hefei Colorfly Stationery Co.,Ltd.\",\"url\":\"https:\/\/www.colorflyprinting.com\/\",\"logo\":{\"@type\":\"ImageObject\",\"inLanguage\":\"fr-FR\",\"@id\":\"https:\/\/www.colorflyprinting.com\/#\/schema\/logo\/image\/\",\"url\":\"https:\/\/www.colorflyprinting.com\/wp-content\/uploads\/2025\/04\/d167665f943610681229e2f4307b9df.jpg\",\"contentUrl\":\"https:\/\/www.colorflyprinting.com\/wp-content\/uploads\/2025\/04\/d167665f943610681229e2f4307b9df.jpg\",\"width\":780,\"height\":780,\"caption\":\"Hefei Colorfly Stationery Co.,Ltd.\"},\"image\":{\"@id\":\"https:\/\/www.colorflyprinting.com\/#\/schema\/logo\/image\/\"}}]}<\/script>\n<!-- \/ Yoast SEO Premium plugin. -->","yoast_head_json":{"title":"A4 Spiral Sketchbooks - Bulk Art Notebooks for Schools & Studios","description":"A4 spiral sketchbooks for art classes & students. Hard covers, lay-flat binding. Custom logos & interiors. MOQ 5,000. Bulk prices. Request samples today.","robots":{"index":"index","follow":"follow","max-snippet":"max-snippet:-1","max-image-preview":"max-image-preview:large","max-video-preview":"max-video-preview:-1"},"canonical":"https:\/\/www.colorflyprinting.com\/fr\/produit\/a4-spiral-sketchbooks-bulk-school-notebooks-for-students-art-classes\/","og_locale":"fr_FR","og_type":"article","og_title":"A4 Spiral Sketchbooks - Bulk School Notebooks for Students & Art Classes","og_description":"A4 spiral sketchbooks for art classes & students. Hard covers, lay-flat binding. Custom logos & interiors. MOQ 5,000. Bulk prices. Request samples today.","og_url":"https:\/\/www.colorflyprinting.com\/fr\/produit\/a4-spiral-sketchbooks-bulk-school-notebooks-for-students-art-classes\/","og_site_name":"colorflyprinting","article_modified_time":"2025-09-20T08:09:51+00:00","og_image":[{"width":850,"height":850,"url":"https:\/\/www.colorflyprinting.com\/wp-content\/uploads\/2025\/09\/H5512dcb85e7c40968018bbc6b1be2026k.png","type":"image\/png"}],"twitter_card":"summary_large_image","schema":{"@context":"https:\/\/schema.org","@graph":[{"@type":"WebPage","@id":"https:\/\/www.colorflyprinting.com\/product\/a4-spiral-sketchbooks-bulk-school-notebooks-for-students-art-classes\/","url":"https:\/\/www.colorflyprinting.com\/product\/a4-spiral-sketchbooks-bulk-school-notebooks-for-students-art-classes\/","name":"A4 Spiral Sketchbooks - Bulk Art Notebooks for Schools & Studios","isPartOf":{"@id":"https:\/\/www.colorflyprinting.com\/#website"},"primaryImageOfPage":{"@id":"https:\/\/www.colorflyprinting.com\/product\/a4-spiral-sketchbooks-bulk-school-notebooks-for-students-art-classes\/#primaryimage"},"image":{"@id":"https:\/\/www.colorflyprinting.com\/product\/a4-spiral-sketchbooks-bulk-school-notebooks-for-students-art-classes\/#primaryimage"},"thumbnailUrl":"https:\/\/www.colorflyprinting.com\/wp-content\/uploads\/2025\/09\/H5512dcb85e7c40968018bbc6b1be2026k.png","datePublished":"2025-09-20T08:09:50+00:00","dateModified":"2025-09-20T08:09:51+00:00","description":"A4 spiral sketchbooks for art classes & students. Hard covers, lay-flat binding. Custom logos & interiors. MOQ 5,000. Bulk prices. Request samples today.","breadcrumb":{"@id":"https:\/\/www.colorflyprinting.com\/product\/a4-spiral-sketchbooks-bulk-school-notebooks-for-students-art-classes\/#breadcrumb"},"inLanguage":"fr-FR","potentialAction":[{"@type":"ReadAction","target":["https:\/\/www.colorflyprinting.com\/product\/a4-spiral-sketchbooks-bulk-school-notebooks-for-students-art-classes\/"]}]},{"@type":"ImageObject","inLanguage":"fr-FR","@id":"https:\/\/www.colorflyprinting.com\/product\/a4-spiral-sketchbooks-bulk-school-notebooks-for-students-art-classes\/#primaryimage","url":"https:\/\/www.colorflyprinting.com\/wp-content\/uploads\/2025\/09\/H5512dcb85e7c40968018bbc6b1be2026k.png","contentUrl":"https:\/\/www.colorflyprinting.com\/wp-content\/uploads\/2025\/09\/H5512dcb85e7c40968018bbc6b1be2026k.png","width":850,"height":850},{"@type":"BreadcrumbList","@id":"https:\/\/www.colorflyprinting.com\/product\/a4-spiral-sketchbooks-bulk-school-notebooks-for-students-art-classes\/#breadcrumb","itemListElement":[{"@type":"ListItem","position":1,"name":"Home","item":"https:\/\/www.colorflyprinting.com\/"},{"@type":"ListItem","position":2,"name":"Product","item":"https:\/\/www.colorflyprinting.com\/shop\/"},{"@type":"ListItem","position":3,"name":"A4 Spiral Sketchbooks &#8211; Bulk School Notebooks for Students &#038; Art Classes"}]},{"@type":"WebSite","@id":"https:\/\/www.colorflyprinting.com\/#website","url":"https:\/\/www.colorflyprinting.com\/","name":"Hefei Colorfly Stationery Co.,Ltd.","description":"","publisher":{"@id":"https:\/\/www.colorflyprinting.com\/#organization"},"potentialAction":[{"@type":"SearchAction","target":{"@type":"EntryPoint","urlTemplate":"https:\/\/www.colorflyprinting.com\/?s={search_term_string}"},"query-input":{"@type":"PropertyValueSpecification","valueRequired":true,"valueName":"search_term_string"}}],"inLanguage":"fr-FR"},{"@type":"Organization","@id":"https:\/\/www.colorflyprinting.com\/#organization","name":"Hefei Colorfly Stationery Co.,Ltd.","url":"https:\/\/www.colorflyprinting.com\/","logo":{"@type":"ImageObject","inLanguage":"fr-FR","@id":"https:\/\/www.colorflyprinting.com\/#\/schema\/logo\/image\/","url":"https:\/\/www.colorflyprinting.com\/wp-content\/uploads\/2025\/04\/d167665f943610681229e2f4307b9df.jpg","contentUrl":"https:\/\/www.colorflyprinting.com\/wp-content\/uploads\/2025\/04\/d167665f943610681229e2f4307b9df.jpg","width":780,"height":780,"caption":"Hefei Colorfly Stationery Co.,Ltd."},"image":{"@id":"https:\/\/www.colorflyprinting.com\/#\/schema\/logo\/image\/"}}]}},"_links":{"self":[{"href":"https:\/\/www.colorflyprinting.com\/fr\/wp-json\/wp\/v2\/product\/18781","targetHints":{"allow":["GET"]}}],"collection":[{"href":"https:\/\/www.colorflyprinting.com\/fr\/wp-json\/wp\/v2\/product"}],"about":[{"href":"https:\/\/www.colorflyprinting.com\/fr\/wp-json\/wp\/v2\/types\/product"}],"replies":[{"embeddable":true,"href":"https:\/\/www.colorflyprinting.com\/fr\/wp-json\/wp\/v2\/comments?post=18781"}],"wp:featuredmedia":[{"embeddable":true,"href":"https:\/\/www.colorflyprinting.com\/fr\/wp-json\/wp\/v2\/media\/18783"}],"wp:attachment":[{"href":"https:\/\/www.colorflyprinting.com\/fr\/wp-json\/wp\/v2\/media?parent=18781"}],"wp:term":[{"taxonomy":"product_brand","embeddable":true,"href":"https:\/\/www.colorflyprinting.com\/fr\/wp-json\/wp\/v2\/product_brand?post=18781"},{"taxonomy":"product_cat","embeddable":true,"href":"https:\/\/www.colorflyprinting.com\/fr\/wp-json\/wp\/v2\/product_cat?post=18781"},{"taxonomy":"product_tag","embeddable":true,"href":"https:\/\/www.colorflyprinting.com\/fr\/wp-json\/wp\/v2\/product_tag?post=18781"}],"curies":[{"name":"wp","href":"https:\/\/api.w.org\/{rel}","templated":true}]}}