{"id":18780,"date":"2025-09-20T07:50:59","date_gmt":"2025-09-20T07:50:59","guid":{"rendered":"https:\/\/www.colorflyprinting.com\/?post_type=product&#038;p=18780"},"modified":"2025-09-20T07:51:02","modified_gmt":"2025-09-20T07:51:02","slug":"double-spiral-notebook-custom-printed-hardcover-for-corporate-gifts","status":"publish","type":"product","link":"https:\/\/www.colorflyprinting.com\/fr\/produit\/double-spiral-notebook-custom-printed-hardcover-for-corporate-gifts\/","title":{"rendered":"Double Spiral Notebook &#8211; Custom Printed Hardcover for Corporate Gifts"},"content":{"rendered":"<div class=\"J_module\">\n<h3 id=\"ali-anchor-AliMagic-5xuqwq\" class=\"magic-0\" data-section=\"AliMagic-5xuqwq\" data-section-title=\"Product Description\" data-spm-anchor-id=\"a2700.details-description.0.i0.6ebcBfVgBfVgYu\">Description du produit<\/h3>\n<\/div>\n<div class=\"J_module\">\n<div class=\"ife-detail-decorate-table\">\n<table class=\"has-title hight-light-first-column all magic-1\" style=\"height: 351px;\" width=\"900\">\n<tbody>\n<tr>\n<td colspan=\"1\" rowspan=\"1\">\n<div class=\"magic-2\">Nom du produit<\/div>\n<\/td>\n<td colspan=\"5\" rowspan=\"1\">\n<div class=\"magic-3\">\n<div data-spm-anchor-id=\"0.0.0.i3.59844f05Z16MVb\"><a href=\"https:\/\/www.colorflyprinting.com\/fr\/guide-custom-logo-spiral-notebooks\/\">Cahier \u00e0 spirale<\/a><\/div>\n<\/div>\n<\/td>\n<\/tr>\n<tr>\n<td colspan=\"1\" rowspan=\"1\">\n<div class=\"magic-2\">Pages<\/div>\n<\/td>\n<td colspan=\"5\" rowspan=\"1\">\n<div class=\"magic-3\">\n<div data-spm-anchor-id=\"0.0.0.i13.59844f05Z16MVb\">200\/300 sheets \/ customized<\/div>\n<\/div>\n<\/td>\n<\/tr>\n<tr>\n<td colspan=\"1\" rowspan=\"1\">\n<div class=\"magic-2\">Taille<\/div>\n<\/td>\n<td colspan=\"5\" rowspan=\"1\">\n<div class=\"magic-3\">A4 \/\u00a0<span class=\"magic-8\" data-spm-anchor-id=\"a2700.pc-decorate.0.i13.2a9833339Qv1tq\">A5<\/span>\u00a0\/\u00a0<b>21*29.7 cm<\/b>\u00a0\/\u00a0<span class=\"magic-8\" data-spm-anchor-id=\"a2700.siteadmin.0.i1.5a3aac40q3OITJ\">14*16cm<\/span>\u00a0\/16.5*21.5cm \/<b data-spm-anchor-id=\"a2700.siteadmin.0.i9.7dbcac40hV6uRY\">\u00a0<\/b><span data-spm-anchor-id=\"a2700.siteadmin.0.i9.7dbcac40hV6uRY\">18*24cm\u00a0<\/span>\/<b>personnalis\u00e9<\/b><\/div>\n<\/td>\n<\/tr>\n<tr>\n<td colspan=\"1\" rowspan=\"1\">\n<div class=\"magic-2\">Mat\u00e9riau de couverture<\/div>\n<\/td>\n<td colspan=\"5\" rowspan=\"1\">\n<div class=\"magic-3\"><span data-spm-anchor-id=\"a2700.siteadmin.0.i3.2c2cac408m8z7C\">Papier offset<\/span>\/\u00a0<span data-spm-anchor-id=\"a2700.siteadmin.0.i5.3695ac409PucPs\"><span class=\"magic-8\" data-spm-anchor-id=\"a2700.siteadmin.0.i2.5a3aac40q3OITJ\">Planche d&#039;ivoire<\/span>\u00a0<\/span>\/ PP \/\u00a0<b>2mm Grey cardboard<\/b><\/div>\n<\/td>\n<\/tr>\n<tr>\n<td colspan=\"1\" rowspan=\"1\">\n<div class=\"magic-2\">Conception de la couverture<\/div>\n<\/td>\n<td colspan=\"5\" rowspan=\"1\">\n<div class=\"magic-9\">Acceptez votre logo et votre design avec une impression en couleur<\/div>\n<\/td>\n<\/tr>\n<tr>\n<td colspan=\"1\" rowspan=\"1\">\n<div class=\"magic-2\">Imprim\u00e9 \u00e0 l&#039;int\u00e9rieur<\/div>\n<\/td>\n<td colspan=\"5\" rowspan=\"1\">\n<div class=\"magic-9\"><span data-spm-anchor-id=\"a2700.pc-decorate.0.i6.2a9833339Qv1tq\">Ligne dominante (simple)<\/span>\u00a0\/\u00a0<span class=\"magic-8\" data-spm-anchor-id=\"a2700.siteadmin.0.i7.5090ac40bUufpA\">ligne fran\u00e7aise<\/span>\u00a0\/\u00a0<b>ligne arabe<\/b>\u00a0\/<b>\u00a0<\/b><span data-spm-anchor-id=\"a2700.siteadmin.0.i11.7dbcac40hV6uRY\">Quadrill\u00e9\u00a0<\/span>\/\u00a0<span data-spm-anchor-id=\"a2700.siteadmin.0.i6.2c2cac408m8z7C\">Double ligne<\/span>\/ 4 lignes en anglais<\/div>\n<\/td>\n<\/tr>\n<tr>\n<td colspan=\"1\" rowspan=\"1\">\n<div class=\"magic-2\">Papier int\u00e9rieur GSM<\/div>\n<\/td>\n<td colspan=\"5\" rowspan=\"1\">\n<div class=\"magic-9\">55 \/\u00a0<b>60<\/b>\u00a0\/ 70 \/ 80 g\/m\u00b2<\/div>\n<\/td>\n<\/tr>\n<tr>\n<td colspan=\"1\" rowspan=\"1\">\n<div class=\"magic-2\">Usage<\/div>\n<\/td>\n<td colspan=\"5\" rowspan=\"1\">\n<div class=\"magic-9\">\u00c9cole \/ Bureau \/ Cadeau<\/div>\n<\/td>\n<\/tr>\n<tr>\n<td colspan=\"1\" rowspan=\"1\">\n<div class=\"magic-2\">Emballage<\/div>\n<\/td>\n<td colspan=\"5\" rowspan=\"1\">\n<div class=\"magic-9\">Sac r\u00e9tractable \/ sac en plastique et carton d&#039;exportation standard<\/div>\n<\/td>\n<\/tr>\n<tr>\n<td colspan=\"1\" rowspan=\"1\">\n<div class=\"magic-2\">code SH<\/div>\n<\/td>\n<td colspan=\"5\" rowspan=\"1\">\n<div class=\"magic-9\">\n<div class=\"magic-14\" data-spm-anchor-id=\"0.0.0.i72.59844f058KU4GW\">48202000<\/div>\n<\/div>\n<\/td>\n<\/tr>\n<tr>\n<td colspan=\"1\" rowspan=\"1\">\n<div class=\"magic-2\">Temps d&#039;\u00e9chantillonnage<\/div>\n<\/td>\n<td colspan=\"5\" rowspan=\"1\">\n<div class=\"magic-9\">L&#039;\u00e9chantillon est gratuit et vous sera envoy\u00e9 un jour seulement apr\u00e8s confirmation des sp\u00e9cifications<\/div>\n<\/td>\n<\/tr>\n<tr>\n<td colspan=\"1\" rowspan=\"1\">\n<div class=\"magic-2\">D\u00e9tails de livraison<\/div>\n<\/td>\n<td colspan=\"5\" rowspan=\"1\">\n<div class=\"magic-9\">Environ 25 jours apr\u00e8s r\u00e9ception de votre acompte.<\/div>\n<\/td>\n<\/tr>\n<\/tbody>\n<\/table>\n<\/div>\n<\/div>\n<div class=\"J_module\">\n<div class=\"detail-decorate-json-renderer-container\">\n<div class=\"magic-15\">\n<div class=\"magic-16\">\n<div class=\"magic-17\">\n<div class=\"magic-18\"><b><\/b><b>NOTE<\/b>:Nous sommes un fabricant professionnel de cahiers et de cahiers d&#039;exercices.<\/p>\n<div>Voici une gamme compl\u00e8te de cahiers parmi lesquels vous pouvez choisir.<br \/>\n<b>Toutes les sp\u00e9cifications ci-dessus, nous acceptons la personnalisation.<\/b><\/div>\n<\/div>\n<\/div>\n<\/div>\n<\/div>\n<\/div>\n<\/div>","protected":false},"excerpt":{"rendered":"<p class=\"ds-markdown-paragraph\">Meet your next standout corporate gift: double-wire spiral notebooks with custom printed hardcovers. These aren&#8217;t your average notepads\u2014they&#8217;re built with 2mm grey cardboard covers, hold 200-300 sheets of smooth 60gsm paper, and open flat thanks to durable spiral binding.<\/p>\n<p class=\"ds-markdown-paragraph\">We print your logo or design in vibrant full color on the cover. Choose from ruled, squared, or even custom inner pages. Order 20,000+ units for just $0.35 each (prices drop to $0.33 for 30,000+). Free samples available to check quality firsthand.<\/p>","protected":false},"featured_media":18778,"comment_status":"open","ping_status":"closed","template":"","meta":[],"product_brand":[],"product_cat":[392],"product_tag":[822,823],"class_list":{"0":"post-18780","1":"product","2":"type-product","3":"status-publish","4":"has-post-thumbnail","6":"product_cat-spiral-notebook","7":"product_tag-double-spiral-notebooks","8":"product_tag-spiral-notebooks","10":"first","11":"instock","12":"shipping-taxable","13":"product-type-simple"},"yoast_head":"<!-- This site is optimized with the Yoast SEO Premium plugin v23.9 (Yoast SEO v25.2) - https:\/\/yoast.com\/wordpress\/plugins\/seo\/ -->\n<title>Double Spiral Notebooks - Custom Printed Corporate Gifts<\/title>\n<meta name=\"description\" content=\"Double spiral notebooks - custom printed hardcover corporate gifts. Bulk pricing from $0.33. MOQ 20,000pcs. Free samples. Get custom quote.\" \/>\n<meta name=\"robots\" content=\"index, follow, max-snippet:-1, max-image-preview:large, max-video-preview:-1\" \/>\n<link rel=\"canonical\" href=\"https:\/\/www.colorflyprinting.com\/fr\/produit\/double-spiral-notebook-custom-printed-hardcover-for-corporate-gifts\/\" \/>\n<meta property=\"og:locale\" content=\"fr_FR\" \/>\n<meta property=\"og:type\" content=\"article\" \/>\n<meta property=\"og:title\" content=\"Double Spiral Notebook - Custom Printed Hardcover for Corporate Gifts\" \/>\n<meta property=\"og:description\" content=\"Double spiral notebooks - custom printed hardcover corporate gifts. Bulk pricing from $0.33. MOQ 20,000pcs. Free samples. Get custom quote.\" \/>\n<meta property=\"og:url\" content=\"https:\/\/www.colorflyprinting.com\/fr\/produit\/double-spiral-notebook-custom-printed-hardcover-for-corporate-gifts\/\" \/>\n<meta property=\"og:site_name\" content=\"colorflyprinting\" \/>\n<meta property=\"article:modified_time\" content=\"2025-09-20T07:51:02+00:00\" \/>\n<meta property=\"og:image\" content=\"https:\/\/www.colorflyprinting.com\/wp-content\/uploads\/2025\/09\/H49eab6b098ce4361b1d52ef03a813671b.jpg\" \/>\n\t<meta property=\"og:image:width\" content=\"800\" \/>\n\t<meta property=\"og:image:height\" content=\"800\" \/>\n\t<meta property=\"og:image:type\" content=\"image\/jpeg\" \/>\n<meta name=\"twitter:card\" content=\"summary_large_image\" \/>\n<meta name=\"twitter:label1\" content=\"Dur\u00e9e de lecture estim\u00e9e\" \/>\n\t<meta name=\"twitter:data1\" content=\"1 minute\" \/>\n<script type=\"application\/ld+json\" class=\"yoast-schema-graph\">{\"@context\":\"https:\/\/schema.org\",\"@graph\":[{\"@type\":\"WebPage\",\"@id\":\"https:\/\/www.colorflyprinting.com\/product\/double-spiral-notebook-custom-printed-hardcover-for-corporate-gifts\/\",\"url\":\"https:\/\/www.colorflyprinting.com\/product\/double-spiral-notebook-custom-printed-hardcover-for-corporate-gifts\/\",\"name\":\"Double Spiral Notebooks - Custom Printed Corporate Gifts\",\"isPartOf\":{\"@id\":\"https:\/\/www.colorflyprinting.com\/#website\"},\"primaryImageOfPage\":{\"@id\":\"https:\/\/www.colorflyprinting.com\/product\/double-spiral-notebook-custom-printed-hardcover-for-corporate-gifts\/#primaryimage\"},\"image\":{\"@id\":\"https:\/\/www.colorflyprinting.com\/product\/double-spiral-notebook-custom-printed-hardcover-for-corporate-gifts\/#primaryimage\"},\"thumbnailUrl\":\"https:\/\/www.colorflyprinting.com\/wp-content\/uploads\/2025\/09\/H49eab6b098ce4361b1d52ef03a813671b.jpg\",\"datePublished\":\"2025-09-20T07:50:59+00:00\",\"dateModified\":\"2025-09-20T07:51:02+00:00\",\"description\":\"Double spiral notebooks - custom printed hardcover corporate gifts. Bulk pricing from $0.33. MOQ 20,000pcs. Free samples. Get custom quote.\",\"breadcrumb\":{\"@id\":\"https:\/\/www.colorflyprinting.com\/product\/double-spiral-notebook-custom-printed-hardcover-for-corporate-gifts\/#breadcrumb\"},\"inLanguage\":\"fr-FR\",\"potentialAction\":[{\"@type\":\"ReadAction\",\"target\":[\"https:\/\/www.colorflyprinting.com\/product\/double-spiral-notebook-custom-printed-hardcover-for-corporate-gifts\/\"]}]},{\"@type\":\"ImageObject\",\"inLanguage\":\"fr-FR\",\"@id\":\"https:\/\/www.colorflyprinting.com\/product\/double-spiral-notebook-custom-printed-hardcover-for-corporate-gifts\/#primaryimage\",\"url\":\"https:\/\/www.colorflyprinting.com\/wp-content\/uploads\/2025\/09\/H49eab6b098ce4361b1d52ef03a813671b.jpg\",\"contentUrl\":\"https:\/\/www.colorflyprinting.com\/wp-content\/uploads\/2025\/09\/H49eab6b098ce4361b1d52ef03a813671b.jpg\",\"width\":800,\"height\":800},{\"@type\":\"BreadcrumbList\",\"@id\":\"https:\/\/www.colorflyprinting.com\/product\/double-spiral-notebook-custom-printed-hardcover-for-corporate-gifts\/#breadcrumb\",\"itemListElement\":[{\"@type\":\"ListItem\",\"position\":1,\"name\":\"Home\",\"item\":\"https:\/\/www.colorflyprinting.com\/\"},{\"@type\":\"ListItem\",\"position\":2,\"name\":\"Product\",\"item\":\"https:\/\/www.colorflyprinting.com\/shop\/\"},{\"@type\":\"ListItem\",\"position\":3,\"name\":\"Double Spiral Notebook &#8211; Custom Printed Hardcover for Corporate Gifts\"}]},{\"@type\":\"WebSite\",\"@id\":\"https:\/\/www.colorflyprinting.com\/#website\",\"url\":\"https:\/\/www.colorflyprinting.com\/\",\"name\":\"Hefei Colorfly Stationery Co.,Ltd.\",\"description\":\"\",\"publisher\":{\"@id\":\"https:\/\/www.colorflyprinting.com\/#organization\"},\"potentialAction\":[{\"@type\":\"SearchAction\",\"target\":{\"@type\":\"EntryPoint\",\"urlTemplate\":\"https:\/\/www.colorflyprinting.com\/?s={search_term_string}\"},\"query-input\":{\"@type\":\"PropertyValueSpecification\",\"valueRequired\":true,\"valueName\":\"search_term_string\"}}],\"inLanguage\":\"fr-FR\"},{\"@type\":\"Organization\",\"@id\":\"https:\/\/www.colorflyprinting.com\/#organization\",\"name\":\"Hefei Colorfly Stationery Co.,Ltd.\",\"url\":\"https:\/\/www.colorflyprinting.com\/\",\"logo\":{\"@type\":\"ImageObject\",\"inLanguage\":\"fr-FR\",\"@id\":\"https:\/\/www.colorflyprinting.com\/#\/schema\/logo\/image\/\",\"url\":\"https:\/\/www.colorflyprinting.com\/wp-content\/uploads\/2025\/04\/d167665f943610681229e2f4307b9df.jpg\",\"contentUrl\":\"https:\/\/www.colorflyprinting.com\/wp-content\/uploads\/2025\/04\/d167665f943610681229e2f4307b9df.jpg\",\"width\":780,\"height\":780,\"caption\":\"Hefei Colorfly Stationery Co.,Ltd.\"},\"image\":{\"@id\":\"https:\/\/www.colorflyprinting.com\/#\/schema\/logo\/image\/\"}}]}<\/script>\n<!-- \/ Yoast SEO Premium plugin. -->","yoast_head_json":{"title":"Double Spiral Notebooks - Custom Printed Corporate Gifts","description":"Double spiral notebooks - custom printed hardcover corporate gifts. Bulk pricing from $0.33. MOQ 20,000pcs. Free samples. Get custom quote.","robots":{"index":"index","follow":"follow","max-snippet":"max-snippet:-1","max-image-preview":"max-image-preview:large","max-video-preview":"max-video-preview:-1"},"canonical":"https:\/\/www.colorflyprinting.com\/fr\/produit\/double-spiral-notebook-custom-printed-hardcover-for-corporate-gifts\/","og_locale":"fr_FR","og_type":"article","og_title":"Double Spiral Notebook - Custom Printed Hardcover for Corporate Gifts","og_description":"Double spiral notebooks - custom printed hardcover corporate gifts. Bulk pricing from $0.33. MOQ 20,000pcs. Free samples. Get custom quote.","og_url":"https:\/\/www.colorflyprinting.com\/fr\/produit\/double-spiral-notebook-custom-printed-hardcover-for-corporate-gifts\/","og_site_name":"colorflyprinting","article_modified_time":"2025-09-20T07:51:02+00:00","og_image":[{"width":800,"height":800,"url":"https:\/\/www.colorflyprinting.com\/wp-content\/uploads\/2025\/09\/H49eab6b098ce4361b1d52ef03a813671b.jpg","type":"image\/jpeg"}],"twitter_card":"summary_large_image","twitter_misc":{"Dur\u00e9e de lecture estim\u00e9e":"1 minute"},"schema":{"@context":"https:\/\/schema.org","@graph":[{"@type":"WebPage","@id":"https:\/\/www.colorflyprinting.com\/product\/double-spiral-notebook-custom-printed-hardcover-for-corporate-gifts\/","url":"https:\/\/www.colorflyprinting.com\/product\/double-spiral-notebook-custom-printed-hardcover-for-corporate-gifts\/","name":"Double Spiral Notebooks - Custom Printed Corporate Gifts","isPartOf":{"@id":"https:\/\/www.colorflyprinting.com\/#website"},"primaryImageOfPage":{"@id":"https:\/\/www.colorflyprinting.com\/product\/double-spiral-notebook-custom-printed-hardcover-for-corporate-gifts\/#primaryimage"},"image":{"@id":"https:\/\/www.colorflyprinting.com\/product\/double-spiral-notebook-custom-printed-hardcover-for-corporate-gifts\/#primaryimage"},"thumbnailUrl":"https:\/\/www.colorflyprinting.com\/wp-content\/uploads\/2025\/09\/H49eab6b098ce4361b1d52ef03a813671b.jpg","datePublished":"2025-09-20T07:50:59+00:00","dateModified":"2025-09-20T07:51:02+00:00","description":"Double spiral notebooks - custom printed hardcover corporate gifts. Bulk pricing from $0.33. MOQ 20,000pcs. Free samples. Get custom quote.","breadcrumb":{"@id":"https:\/\/www.colorflyprinting.com\/product\/double-spiral-notebook-custom-printed-hardcover-for-corporate-gifts\/#breadcrumb"},"inLanguage":"fr-FR","potentialAction":[{"@type":"ReadAction","target":["https:\/\/www.colorflyprinting.com\/product\/double-spiral-notebook-custom-printed-hardcover-for-corporate-gifts\/"]}]},{"@type":"ImageObject","inLanguage":"fr-FR","@id":"https:\/\/www.colorflyprinting.com\/product\/double-spiral-notebook-custom-printed-hardcover-for-corporate-gifts\/#primaryimage","url":"https:\/\/www.colorflyprinting.com\/wp-content\/uploads\/2025\/09\/H49eab6b098ce4361b1d52ef03a813671b.jpg","contentUrl":"https:\/\/www.colorflyprinting.com\/wp-content\/uploads\/2025\/09\/H49eab6b098ce4361b1d52ef03a813671b.jpg","width":800,"height":800},{"@type":"BreadcrumbList","@id":"https:\/\/www.colorflyprinting.com\/product\/double-spiral-notebook-custom-printed-hardcover-for-corporate-gifts\/#breadcrumb","itemListElement":[{"@type":"ListItem","position":1,"name":"Home","item":"https:\/\/www.colorflyprinting.com\/"},{"@type":"ListItem","position":2,"name":"Product","item":"https:\/\/www.colorflyprinting.com\/shop\/"},{"@type":"ListItem","position":3,"name":"Double Spiral Notebook &#8211; Custom Printed Hardcover for Corporate Gifts"}]},{"@type":"WebSite","@id":"https:\/\/www.colorflyprinting.com\/#website","url":"https:\/\/www.colorflyprinting.com\/","name":"Hefei Colorfly Stationery Co.,Ltd.","description":"","publisher":{"@id":"https:\/\/www.colorflyprinting.com\/#organization"},"potentialAction":[{"@type":"SearchAction","target":{"@type":"EntryPoint","urlTemplate":"https:\/\/www.colorflyprinting.com\/?s={search_term_string}"},"query-input":{"@type":"PropertyValueSpecification","valueRequired":true,"valueName":"search_term_string"}}],"inLanguage":"fr-FR"},{"@type":"Organization","@id":"https:\/\/www.colorflyprinting.com\/#organization","name":"Hefei Colorfly Stationery Co.,Ltd.","url":"https:\/\/www.colorflyprinting.com\/","logo":{"@type":"ImageObject","inLanguage":"fr-FR","@id":"https:\/\/www.colorflyprinting.com\/#\/schema\/logo\/image\/","url":"https:\/\/www.colorflyprinting.com\/wp-content\/uploads\/2025\/04\/d167665f943610681229e2f4307b9df.jpg","contentUrl":"https:\/\/www.colorflyprinting.com\/wp-content\/uploads\/2025\/04\/d167665f943610681229e2f4307b9df.jpg","width":780,"height":780,"caption":"Hefei Colorfly Stationery Co.,Ltd."},"image":{"@id":"https:\/\/www.colorflyprinting.com\/#\/schema\/logo\/image\/"}}]}},"_links":{"self":[{"href":"https:\/\/www.colorflyprinting.com\/fr\/wp-json\/wp\/v2\/product\/18780","targetHints":{"allow":["GET"]}}],"collection":[{"href":"https:\/\/www.colorflyprinting.com\/fr\/wp-json\/wp\/v2\/product"}],"about":[{"href":"https:\/\/www.colorflyprinting.com\/fr\/wp-json\/wp\/v2\/types\/product"}],"replies":[{"embeddable":true,"href":"https:\/\/www.colorflyprinting.com\/fr\/wp-json\/wp\/v2\/comments?post=18780"}],"wp:featuredmedia":[{"embeddable":true,"href":"https:\/\/www.colorflyprinting.com\/fr\/wp-json\/wp\/v2\/media\/18778"}],"wp:attachment":[{"href":"https:\/\/www.colorflyprinting.com\/fr\/wp-json\/wp\/v2\/media?parent=18780"}],"wp:term":[{"taxonomy":"product_brand","embeddable":true,"href":"https:\/\/www.colorflyprinting.com\/fr\/wp-json\/wp\/v2\/product_brand?post=18780"},{"taxonomy":"product_cat","embeddable":true,"href":"https:\/\/www.colorflyprinting.com\/fr\/wp-json\/wp\/v2\/product_cat?post=18780"},{"taxonomy":"product_tag","embeddable":true,"href":"https:\/\/www.colorflyprinting.com\/fr\/wp-json\/wp\/v2\/product_tag?post=18780"}],"curies":[{"name":"wp","href":"https:\/\/api.w.org\/{rel}","templated":true}]}}