{"id":17810,"date":"2025-06-26T01:59:21","date_gmt":"2025-06-26T01:59:21","guid":{"rendered":"https:\/\/www.colorflyprinting.com\/?post_type=product&#038;p=17810"},"modified":"2025-12-01T08:55:14","modified_gmt":"2025-12-01T08:55:14","slug":"affordable-custom-softcover-exercise-books-with-staple-binding","status":"publish","type":"product","link":"https:\/\/www.colorflyprinting.com\/fr\/produit\/affordable-custom-softcover-exercise-books-with-staple-binding\/","title":{"rendered":"Affordable Custom Softcover Exercise Books with Staple Binding"},"content":{"rendered":"<table class=\"has-title hight-light-first-column all magic-1\">\n<tbody>\n<tr>\n<td colspan=\"1\" rowspan=\"1\">\n<div class=\"magic-2\" data-spm-anchor-id=\"a2700.details-description.0.i0.299cNrJTNrJTJs\">Nom du produit<\/div>\n<\/td>\n<td colspan=\"5\" rowspan=\"1\">\n<div class=\"magic-3\">\n<div data-spm-anchor-id=\"0.0.0.i3.59844f05Z16MVb\">Cahier d&#039;exercices<\/div>\n<\/div>\n<\/td>\n<\/tr>\n<tr>\n<td colspan=\"1\" rowspan=\"1\">\n<div class=\"magic-2\">Pages<\/div>\n<\/td>\n<td colspan=\"5\" rowspan=\"1\">\n<div class=\"magic-3\">\n<div data-spm-anchor-id=\"0.0.0.i13.59844f05Z16MVb\">48 \/ 96 \/ 192 pages \/ Personnalis\u00e9<\/div>\n<\/div>\n<\/td>\n<\/tr>\n<tr>\n<td colspan=\"1\" rowspan=\"1\">\n<div class=\"magic-2\">Taille<\/div>\n<\/td>\n<td colspan=\"5\" rowspan=\"1\">\n<div class=\"magic-3\">A4 \/ A5 \/ 21*29,7 cm \/ 14,8*21 cm \/ 16,5*21,5 cm \/ 17*22 cm \/ personnalis\u00e9<\/div>\n<\/td>\n<\/tr>\n<tr>\n<td colspan=\"1\" rowspan=\"1\">\n<div class=\"magic-2\">Mat\u00e9riau de couverture<\/div>\n<\/td>\n<td colspan=\"5\" rowspan=\"1\">\n<div class=\"magic-3\"><b>Papier d&#039;art (papier glac\u00e9)<\/b>\u00a0\/ Carton ivoire \/ PP \/ Carton gris 2 mm<\/div>\n<\/td>\n<\/tr>\n<tr>\n<td colspan=\"1\" rowspan=\"1\">\n<div class=\"magic-2\">Conception de la couverture<\/div>\n<\/td>\n<td colspan=\"5\" rowspan=\"1\">\n<div class=\"magic-8\">Acceptez votre logo et votre design avec une impression en couleur<\/div>\n<\/td>\n<\/tr>\n<tr>\n<td colspan=\"1\" rowspan=\"1\">\n<div class=\"magic-2\">Imprim\u00e9 \u00e0 l&#039;int\u00e9rieur<\/div>\n<\/td>\n<td colspan=\"5\" rowspan=\"1\">\n<div class=\"magic-8\">Ligne dominante (simple) \/\u00a0<b data-spm-anchor-id=\"a2700.siteadmin.0.i7.5090ac40bUufpA\">ligne fran\u00e7aise<\/b>\u00a0\/ Ligne arabe \/ Carr\u00e9 \/ Ligne double \/ 4 lignes Anglais<\/div>\n<\/td>\n<\/tr>\n<tr>\n<td colspan=\"1\" rowspan=\"1\">\n<div class=\"magic-2\">Papier int\u00e9rieur GSM<\/div>\n<\/td>\n<td colspan=\"5\" rowspan=\"1\">\n<div class=\"magic-8\">55 \/\u00a0<b>60<\/b>\u00a0\/ 70 \/ 80 g\/m\u00b2<\/div>\n<\/td>\n<\/tr>\n<tr>\n<td colspan=\"1\" rowspan=\"1\">\n<div class=\"magic-2\">Usage<\/div>\n<\/td>\n<td colspan=\"5\" rowspan=\"1\">\n<div class=\"magic-8\">\u00c9cole \/ Bureau \/ Cadeau<\/div>\n<\/td>\n<\/tr>\n<tr>\n<td colspan=\"1\" rowspan=\"1\">\n<div class=\"magic-2\">Emballage<\/div>\n<\/td>\n<td colspan=\"5\" rowspan=\"1\">\n<div class=\"magic-8\">Sac r\u00e9tractable et carton d&#039;exportation standard<\/div>\n<\/td>\n<\/tr>\n<tr>\n<td colspan=\"1\" rowspan=\"1\">\n<div class=\"magic-2\">code SH<\/div>\n<\/td>\n<td colspan=\"5\" rowspan=\"1\">\n<div class=\"magic-8\">\n<div class=\"magic-13\" data-spm-anchor-id=\"0.0.0.i72.59844f058KU4GW\">48202000<\/div>\n<\/div>\n<\/td>\n<\/tr>\n<tr>\n<td colspan=\"1\" rowspan=\"1\">\n<div class=\"magic-2\">Temps d&#039;\u00e9chantillonnage<\/div>\n<\/td>\n<td colspan=\"5\" rowspan=\"1\">\n<div class=\"magic-8\">L&#039;\u00e9chantillon est gratuit et vous sera envoy\u00e9 un jour seulement apr\u00e8s confirmation des sp\u00e9cifications<\/div>\n<\/td>\n<\/tr>\n<tr>\n<td colspan=\"1\" rowspan=\"1\">\n<div class=\"magic-2\">D\u00e9tails de livraison<\/div>\n<\/td>\n<td colspan=\"5\" rowspan=\"1\">\n<div class=\"magic-8\">Environ 25 jours apr\u00e8s r\u00e9ception de votre acompte.<\/div>\n<\/td>\n<\/tr>\n<\/tbody>\n<\/table>\n<p><b data-spm-anchor-id=\"a2700.details-description.0.i1.299cNrJTNrJTJs\">NOTE<\/b>: We are a professional manufacturer of notebooks exercise book.<\/p>\n<div>Voici une gamme compl\u00e8te de cahiers parmi lesquels vous pouvez choisir.<br \/>\n<b>Toutes les sp\u00e9cifications ci-dessus, nous acceptons la personnalisation.<\/b><\/div>","protected":false},"excerpt":{"rendered":"<p>Elevate your note-taking experience with our <strong>customizable Exercise Books<\/strong>, featuring high-quality artpaper covers and a variety of page ruling options including French lines. Available in A4, A5, and other sizes, these notebooks are perfect for school, office, or as thoughtful gifts. With options for <strong>full-color logo printing<\/strong> and a range of paper thicknesses, they&#8217;re designed to meet diverse needs while providing a premium feel. Order your sample today and experience the difference.<\/p>\n<p><img decoding=\"async\" src=\"https:\/\/www.colorflyprinting.com\/wp-content\/uploads\/2025\/06\/H260f8d31e7a14beab7fd4adb0d648141y.jpg_720x720q50-1-150x150.avif\" \/><img decoding=\"async\" src=\"https:\/\/www.colorflyprinting.com\/wp-content\/uploads\/2025\/06\/H5f8b401a8d76475d94633748c87c4825K.jpg_720x720q50-1-150x150.avif\" \/><img decoding=\"async\" src=\"https:\/\/www.colorflyprinting.com\/wp-content\/uploads\/2025\/06\/H7e60398c177b4f99baff408e56f98baba.jpg_720x720q50-1-150x150.avif\" \/><\/p>","protected":false},"featured_media":17815,"comment_status":"open","ping_status":"closed","template":"","meta":[],"product_brand":[],"product_cat":[21],"product_tag":[458,432],"class_list":{"0":"post-17810","1":"product","2":"type-product","3":"status-publish","4":"has-post-thumbnail","6":"product_cat-exercise-book","7":"product_tag-custom-hardcover-notebook","8":"product_tag-school-exercise-book","10":"first","11":"instock","12":"shipping-taxable","13":"product-type-simple"},"yoast_head":"<!-- This site is optimized with the Yoast SEO Premium plugin v23.9 (Yoast SEO v25.2) - https:\/\/yoast.com\/wordpress\/plugins\/seo\/ -->\n<title>Custom Exercise Books: Budget Softcovers with Staple Binding<\/title>\n<meta name=\"description\" content=\"Discover affordable, custom softcover exercise books with staple binding. Perfect for students and professionals, these durable notebooks offer a cost-effective solution for all your note-taking needs. Customize your design today!\" \/>\n<meta name=\"robots\" content=\"index, follow, max-snippet:-1, max-image-preview:large, max-video-preview:-1\" \/>\n<link rel=\"canonical\" href=\"https:\/\/www.colorflyprinting.com\/fr\/produit\/affordable-custom-softcover-exercise-books-with-staple-binding\/\" \/>\n<meta property=\"og:locale\" content=\"fr_FR\" \/>\n<meta property=\"og:type\" content=\"article\" \/>\n<meta property=\"og:title\" content=\"Affordable Custom Softcover Exercise Books with Staple Binding\" \/>\n<meta property=\"og:description\" content=\"Discover affordable, custom softcover exercise books with staple binding. Perfect for students and professionals, these durable notebooks offer a cost-effective solution for all your note-taking needs. Customize your design today!\" \/>\n<meta property=\"og:url\" content=\"https:\/\/www.colorflyprinting.com\/fr\/produit\/affordable-custom-softcover-exercise-books-with-staple-binding\/\" \/>\n<meta property=\"og:site_name\" content=\"colorflyprinting\" \/>\n<meta property=\"article:modified_time\" content=\"2025-12-01T08:55:14+00:00\" \/>\n<meta name=\"twitter:card\" content=\"summary_large_image\" \/>\n<meta name=\"twitter:label1\" content=\"Dur\u00e9e de lecture estim\u00e9e\" \/>\n\t<meta name=\"twitter:data1\" content=\"1 minute\" \/>\n<script type=\"application\/ld+json\" class=\"yoast-schema-graph\">{\"@context\":\"https:\/\/schema.org\",\"@graph\":[{\"@type\":\"WebPage\",\"@id\":\"https:\/\/www.colorflyprinting.com\/product\/affordable-custom-softcover-exercise-books-with-staple-binding\/\",\"url\":\"https:\/\/www.colorflyprinting.com\/product\/affordable-custom-softcover-exercise-books-with-staple-binding\/\",\"name\":\"Custom Exercise Books: Budget Softcovers with Staple Binding\",\"isPartOf\":{\"@id\":\"https:\/\/www.colorflyprinting.com\/#website\"},\"primaryImageOfPage\":{\"@id\":\"https:\/\/www.colorflyprinting.com\/product\/affordable-custom-softcover-exercise-books-with-staple-binding\/#primaryimage\"},\"image\":{\"@id\":\"https:\/\/www.colorflyprinting.com\/product\/affordable-custom-softcover-exercise-books-with-staple-binding\/#primaryimage\"},\"thumbnailUrl\":\"https:\/\/www.colorflyprinting.com\/wp-content\/uploads\/2025\/06\/H261c6bfefe7a49da92b7e9f23065afa1n.jpg_720x720q50-1.avif\",\"datePublished\":\"2025-06-26T01:59:21+00:00\",\"dateModified\":\"2025-12-01T08:55:14+00:00\",\"description\":\"Discover affordable, custom softcover exercise books with staple binding. Perfect for students and professionals, these durable notebooks offer a cost-effective solution for all your note-taking needs. Customize your design today!\",\"breadcrumb\":{\"@id\":\"https:\/\/www.colorflyprinting.com\/product\/affordable-custom-softcover-exercise-books-with-staple-binding\/#breadcrumb\"},\"inLanguage\":\"fr-FR\",\"potentialAction\":[{\"@type\":\"ReadAction\",\"target\":[\"https:\/\/www.colorflyprinting.com\/product\/affordable-custom-softcover-exercise-books-with-staple-binding\/\"]}]},{\"@type\":\"ImageObject\",\"inLanguage\":\"fr-FR\",\"@id\":\"https:\/\/www.colorflyprinting.com\/product\/affordable-custom-softcover-exercise-books-with-staple-binding\/#primaryimage\",\"url\":\"https:\/\/www.colorflyprinting.com\/wp-content\/uploads\/2025\/06\/H261c6bfefe7a49da92b7e9f23065afa1n.jpg_720x720q50-1.avif\",\"contentUrl\":\"https:\/\/www.colorflyprinting.com\/wp-content\/uploads\/2025\/06\/H261c6bfefe7a49da92b7e9f23065afa1n.jpg_720x720q50-1.avif\",\"width\":720,\"height\":720},{\"@type\":\"BreadcrumbList\",\"@id\":\"https:\/\/www.colorflyprinting.com\/product\/affordable-custom-softcover-exercise-books-with-staple-binding\/#breadcrumb\",\"itemListElement\":[{\"@type\":\"ListItem\",\"position\":1,\"name\":\"Home\",\"item\":\"https:\/\/www.colorflyprinting.com\/\"},{\"@type\":\"ListItem\",\"position\":2,\"name\":\"Product\",\"item\":\"https:\/\/www.colorflyprinting.com\/shop\/\"},{\"@type\":\"ListItem\",\"position\":3,\"name\":\"Affordable Custom Softcover Exercise Books with Staple Binding\"}]},{\"@type\":\"WebSite\",\"@id\":\"https:\/\/www.colorflyprinting.com\/#website\",\"url\":\"https:\/\/www.colorflyprinting.com\/\",\"name\":\"Hefei Colorfly Stationery Co.,Ltd.\",\"description\":\"\",\"publisher\":{\"@id\":\"https:\/\/www.colorflyprinting.com\/#organization\"},\"potentialAction\":[{\"@type\":\"SearchAction\",\"target\":{\"@type\":\"EntryPoint\",\"urlTemplate\":\"https:\/\/www.colorflyprinting.com\/?s={search_term_string}\"},\"query-input\":{\"@type\":\"PropertyValueSpecification\",\"valueRequired\":true,\"valueName\":\"search_term_string\"}}],\"inLanguage\":\"fr-FR\"},{\"@type\":\"Organization\",\"@id\":\"https:\/\/www.colorflyprinting.com\/#organization\",\"name\":\"Hefei Colorfly Stationery Co.,Ltd.\",\"url\":\"https:\/\/www.colorflyprinting.com\/\",\"logo\":{\"@type\":\"ImageObject\",\"inLanguage\":\"fr-FR\",\"@id\":\"https:\/\/www.colorflyprinting.com\/#\/schema\/logo\/image\/\",\"url\":\"https:\/\/www.colorflyprinting.com\/wp-content\/uploads\/2025\/04\/d167665f943610681229e2f4307b9df.jpg\",\"contentUrl\":\"https:\/\/www.colorflyprinting.com\/wp-content\/uploads\/2025\/04\/d167665f943610681229e2f4307b9df.jpg\",\"width\":780,\"height\":780,\"caption\":\"Hefei Colorfly Stationery Co.,Ltd.\"},\"image\":{\"@id\":\"https:\/\/www.colorflyprinting.com\/#\/schema\/logo\/image\/\"}}]}<\/script>\n<!-- \/ Yoast SEO Premium plugin. -->","yoast_head_json":{"title":"Custom Exercise Books: Budget Softcovers with Staple Binding","description":"Discover affordable, custom softcover exercise books with staple binding. Perfect for students and professionals, these durable notebooks offer a cost-effective solution for all your note-taking needs. Customize your design today!","robots":{"index":"index","follow":"follow","max-snippet":"max-snippet:-1","max-image-preview":"max-image-preview:large","max-video-preview":"max-video-preview:-1"},"canonical":"https:\/\/www.colorflyprinting.com\/fr\/produit\/affordable-custom-softcover-exercise-books-with-staple-binding\/","og_locale":"fr_FR","og_type":"article","og_title":"Affordable Custom Softcover Exercise Books with Staple Binding","og_description":"Discover affordable, custom softcover exercise books with staple binding. Perfect for students and professionals, these durable notebooks offer a cost-effective solution for all your note-taking needs. Customize your design today!","og_url":"https:\/\/www.colorflyprinting.com\/fr\/produit\/affordable-custom-softcover-exercise-books-with-staple-binding\/","og_site_name":"colorflyprinting","article_modified_time":"2025-12-01T08:55:14+00:00","twitter_card":"summary_large_image","twitter_misc":{"Dur\u00e9e de lecture estim\u00e9e":"1 minute"},"schema":{"@context":"https:\/\/schema.org","@graph":[{"@type":"WebPage","@id":"https:\/\/www.colorflyprinting.com\/product\/affordable-custom-softcover-exercise-books-with-staple-binding\/","url":"https:\/\/www.colorflyprinting.com\/product\/affordable-custom-softcover-exercise-books-with-staple-binding\/","name":"Custom Exercise Books: Budget Softcovers with Staple Binding","isPartOf":{"@id":"https:\/\/www.colorflyprinting.com\/#website"},"primaryImageOfPage":{"@id":"https:\/\/www.colorflyprinting.com\/product\/affordable-custom-softcover-exercise-books-with-staple-binding\/#primaryimage"},"image":{"@id":"https:\/\/www.colorflyprinting.com\/product\/affordable-custom-softcover-exercise-books-with-staple-binding\/#primaryimage"},"thumbnailUrl":"https:\/\/www.colorflyprinting.com\/wp-content\/uploads\/2025\/06\/H261c6bfefe7a49da92b7e9f23065afa1n.jpg_720x720q50-1.avif","datePublished":"2025-06-26T01:59:21+00:00","dateModified":"2025-12-01T08:55:14+00:00","description":"Discover affordable, custom softcover exercise books with staple binding. Perfect for students and professionals, these durable notebooks offer a cost-effective solution for all your note-taking needs. Customize your design today!","breadcrumb":{"@id":"https:\/\/www.colorflyprinting.com\/product\/affordable-custom-softcover-exercise-books-with-staple-binding\/#breadcrumb"},"inLanguage":"fr-FR","potentialAction":[{"@type":"ReadAction","target":["https:\/\/www.colorflyprinting.com\/product\/affordable-custom-softcover-exercise-books-with-staple-binding\/"]}]},{"@type":"ImageObject","inLanguage":"fr-FR","@id":"https:\/\/www.colorflyprinting.com\/product\/affordable-custom-softcover-exercise-books-with-staple-binding\/#primaryimage","url":"https:\/\/www.colorflyprinting.com\/wp-content\/uploads\/2025\/06\/H261c6bfefe7a49da92b7e9f23065afa1n.jpg_720x720q50-1.avif","contentUrl":"https:\/\/www.colorflyprinting.com\/wp-content\/uploads\/2025\/06\/H261c6bfefe7a49da92b7e9f23065afa1n.jpg_720x720q50-1.avif","width":720,"height":720},{"@type":"BreadcrumbList","@id":"https:\/\/www.colorflyprinting.com\/product\/affordable-custom-softcover-exercise-books-with-staple-binding\/#breadcrumb","itemListElement":[{"@type":"ListItem","position":1,"name":"Home","item":"https:\/\/www.colorflyprinting.com\/"},{"@type":"ListItem","position":2,"name":"Product","item":"https:\/\/www.colorflyprinting.com\/shop\/"},{"@type":"ListItem","position":3,"name":"Affordable Custom Softcover Exercise Books with Staple Binding"}]},{"@type":"WebSite","@id":"https:\/\/www.colorflyprinting.com\/#website","url":"https:\/\/www.colorflyprinting.com\/","name":"Hefei Colorfly Stationery Co.,Ltd.","description":"","publisher":{"@id":"https:\/\/www.colorflyprinting.com\/#organization"},"potentialAction":[{"@type":"SearchAction","target":{"@type":"EntryPoint","urlTemplate":"https:\/\/www.colorflyprinting.com\/?s={search_term_string}"},"query-input":{"@type":"PropertyValueSpecification","valueRequired":true,"valueName":"search_term_string"}}],"inLanguage":"fr-FR"},{"@type":"Organization","@id":"https:\/\/www.colorflyprinting.com\/#organization","name":"Hefei Colorfly Stationery Co.,Ltd.","url":"https:\/\/www.colorflyprinting.com\/","logo":{"@type":"ImageObject","inLanguage":"fr-FR","@id":"https:\/\/www.colorflyprinting.com\/#\/schema\/logo\/image\/","url":"https:\/\/www.colorflyprinting.com\/wp-content\/uploads\/2025\/04\/d167665f943610681229e2f4307b9df.jpg","contentUrl":"https:\/\/www.colorflyprinting.com\/wp-content\/uploads\/2025\/04\/d167665f943610681229e2f4307b9df.jpg","width":780,"height":780,"caption":"Hefei Colorfly Stationery Co.,Ltd."},"image":{"@id":"https:\/\/www.colorflyprinting.com\/#\/schema\/logo\/image\/"}}]}},"_links":{"self":[{"href":"https:\/\/www.colorflyprinting.com\/fr\/wp-json\/wp\/v2\/product\/17810","targetHints":{"allow":["GET"]}}],"collection":[{"href":"https:\/\/www.colorflyprinting.com\/fr\/wp-json\/wp\/v2\/product"}],"about":[{"href":"https:\/\/www.colorflyprinting.com\/fr\/wp-json\/wp\/v2\/types\/product"}],"replies":[{"embeddable":true,"href":"https:\/\/www.colorflyprinting.com\/fr\/wp-json\/wp\/v2\/comments?post=17810"}],"wp:featuredmedia":[{"embeddable":true,"href":"https:\/\/www.colorflyprinting.com\/fr\/wp-json\/wp\/v2\/media\/17815"}],"wp:attachment":[{"href":"https:\/\/www.colorflyprinting.com\/fr\/wp-json\/wp\/v2\/media?parent=17810"}],"wp:term":[{"taxonomy":"product_brand","embeddable":true,"href":"https:\/\/www.colorflyprinting.com\/fr\/wp-json\/wp\/v2\/product_brand?post=17810"},{"taxonomy":"product_cat","embeddable":true,"href":"https:\/\/www.colorflyprinting.com\/fr\/wp-json\/wp\/v2\/product_cat?post=17810"},{"taxonomy":"product_tag","embeddable":true,"href":"https:\/\/www.colorflyprinting.com\/fr\/wp-json\/wp\/v2\/product_tag?post=17810"}],"curies":[{"name":"wp","href":"https:\/\/api.w.org\/{rel}","templated":true}]}}