{"id":17781,"date":"2025-06-24T09:00:45","date_gmt":"2025-06-24T09:00:45","guid":{"rendered":"https:\/\/www.colorflyprinting.com\/?post_type=product&#038;p=17781"},"modified":"2025-12-02T06:13:16","modified_gmt":"2025-12-02T06:13:16","slug":"white-board-exercise-book","status":"publish","type":"product","link":"https:\/\/www.colorflyprinting.com\/fr\/produit\/white-board-exercise-book\/","title":{"rendered":"White Board Exercise Book: Perfect for School and Office Use"},"content":{"rendered":"<table class=\"has-title hight-light-first-column all magic-1\">\n<tbody>\n<tr>\n<td colspan=\"1\" rowspan=\"1\">\n<div class=\"magic-2\" data-spm-anchor-id=\"a2700.details-description.0.i0.47d1motGmotGtA\"><strong>Nom du produit<\/strong><\/div>\n<\/td>\n<td colspan=\"5\" rowspan=\"1\">\n<div class=\"magic-3\">\n<div data-spm-anchor-id=\"0.0.0.i3.59844f05Z16MVb\">White Board Exercise Book<\/div>\n<\/div>\n<\/td>\n<\/tr>\n<tr>\n<td colspan=\"1\" rowspan=\"1\">\n<div class=\"magic-2\"><strong>Pages<\/strong><\/div>\n<\/td>\n<td colspan=\"5\" rowspan=\"1\">\n<div class=\"magic-3\">\n<div data-spm-anchor-id=\"0.0.0.i13.59844f05Z16MVb\">48 \/ 96 \/ 192 pages \/ Personnalis\u00e9<\/div>\n<\/div>\n<\/td>\n<\/tr>\n<tr>\n<td colspan=\"1\" rowspan=\"1\">\n<div class=\"magic-2\"><strong>Taille<\/strong><\/div>\n<\/td>\n<td colspan=\"5\" rowspan=\"1\">\n<div class=\"magic-3\">A4\/A5\/21*29,7 cm\/14,8*21 cm\/16,5*21,5 cm\/<b>\u00a017*20cm\u00a0<\/b>\/personnalis\u00e9<\/div>\n<\/td>\n<\/tr>\n<tr>\n<td colspan=\"1\" rowspan=\"1\">\n<div class=\"magic-2\"><strong>Mat\u00e9riau de couverture<\/strong><\/div>\n<\/td>\n<td colspan=\"5\" rowspan=\"1\">\n<div class=\"magic-3\"><span data-spm-anchor-id=\"a2700.siteadmin.0.i3.91b5ac40HoOixP\">Papier d&#039;art (papier glac\u00e9)<\/span>\u00a0\/\u00a0<b>Planche d&#039;ivoire\u00a0<\/b>\/ PP \/ Carton gris 2 mm<\/div>\n<\/td>\n<\/tr>\n<tr>\n<td colspan=\"1\" rowspan=\"1\">\n<div class=\"magic-2\"><strong>Conception de la couverture<\/strong><\/div>\n<\/td>\n<td colspan=\"5\" rowspan=\"1\">\n<div class=\"magic-8\">Acceptez votre logo et votre design avec une impression en couleur<\/div>\n<\/td>\n<\/tr>\n<tr>\n<td colspan=\"1\" rowspan=\"1\">\n<div class=\"magic-2\"><strong>Imprim\u00e9 \u00e0 l&#039;int\u00e9rieur<\/strong><\/div>\n<\/td>\n<td colspan=\"5\" rowspan=\"1\">\n<div class=\"magic-8\">Ligne dominante (simple) \/\u00a0<span class=\"magic-11\" data-spm-anchor-id=\"a2700.siteadmin.0.i7.5090ac40bUufpA\">ligne fran\u00e7aise<\/span>\u00a0\/ Ligne arabe \/\u00a0<b>Quadrill\u00e9\u00a0<\/b>\/ Double ligne\/ 4 lignes anglais<\/div>\n<\/td>\n<\/tr>\n<tr>\n<td colspan=\"1\" rowspan=\"1\">\n<div class=\"magic-2\"><strong>Papier int\u00e9rieur GSM<\/strong><\/div>\n<\/td>\n<td colspan=\"5\" rowspan=\"1\">\n<div class=\"magic-8\">55 \/\u00a0<b>60<\/b>\u00a0\/ 70 \/ 80 g\/m\u00b2<\/div>\n<\/td>\n<\/tr>\n<tr>\n<td colspan=\"1\" rowspan=\"1\">\n<div class=\"magic-2\"><strong>Usage<\/strong><\/div>\n<\/td>\n<td colspan=\"5\" rowspan=\"1\">\n<div class=\"magic-8\">\u00c9cole \/ Bureau \/ Cadeau<\/div>\n<\/td>\n<\/tr>\n<tr>\n<td colspan=\"1\" rowspan=\"1\">\n<div class=\"magic-2\"><strong>Emballage<\/strong><\/div>\n<\/td>\n<td colspan=\"5\" rowspan=\"1\">\n<div class=\"magic-8\">Sac r\u00e9tractable et carton d&#039;exportation standard<\/div>\n<\/td>\n<\/tr>\n<tr>\n<td colspan=\"1\" rowspan=\"1\">\n<div class=\"magic-2\"><strong>code SH<\/strong><\/div>\n<\/td>\n<td colspan=\"5\" rowspan=\"1\">\n<div class=\"magic-8\">\n<div class=\"magic-14\" data-spm-anchor-id=\"0.0.0.i72.59844f058KU4GW\">48202000<\/div>\n<\/div>\n<\/td>\n<\/tr>\n<tr>\n<td colspan=\"1\" rowspan=\"1\">\n<div class=\"magic-2\"><strong>Temps d&#039;\u00e9chantillonnage<\/strong><\/div>\n<\/td>\n<td colspan=\"5\" rowspan=\"1\">\n<div class=\"magic-8\">L&#039;\u00e9chantillon est gratuit et vous sera envoy\u00e9 un jour seulement apr\u00e8s confirmation des sp\u00e9cifications<\/div>\n<\/td>\n<\/tr>\n<tr>\n<td colspan=\"1\" rowspan=\"1\">\n<div class=\"magic-2\"><strong>D\u00e9tails de livraison<\/strong><\/div>\n<\/td>\n<td colspan=\"5\" rowspan=\"1\">\n<div class=\"magic-8\">Environ 25 jours apr\u00e8s r\u00e9ception de votre acompte.<\/div>\n<\/td>\n<\/tr>\n<\/tbody>\n<\/table>\n<p><b>NOTE<\/b>:Nous sommes un fabricant professionnel de cahiers et de cahiers d&#039;exercices.<\/p>\n<p>Voici une gamme compl\u00e8te de cahiers parmi lesquels vous pouvez choisir.<\/p>\n<div><span data-spm-anchor-id=\"a2700.details-description.0.i1.47d1motGmotGtA\"><b>Toutes les sp\u00e9cifications ci-dessus, nous acceptons la personnalisation.<\/b><\/span><\/div>","protected":false},"excerpt":{"rendered":"<p><strong>White Board Exercise Book<\/strong>: The perfect blend of functionality and affordability for students and professionals alike. This <strong>White Board Exercise Book<\/strong>\u00a0features a sleek whiteboard cover that&#8217;s both stylish and practical, providing an easy-to-clean surface for repeated use. Inside, you&#8217;ll find high-quality pages designed to withstand frequent writing, erasing, and rewriting. Whether you&#8217;re jotting down class notes, brainstorming ideas, or sketching designs, this book offers ample space for all your creative and educational needs. Its durable binding ensures longevity, making it a reliable companion for all your writing tasks. Ideal for school, office, or personal use, the <strong>White Board Exercise Book<\/strong> is a must-have for anyone who values organization and efficiency.<\/p>\n<div class=\"id-grid id-max-h-[68px] id-overflow-hidden id-grid-cols-[2fr_3fr] id-border-b-[0.5px] id-border-[#ddd]\">\n<div class=\"id-text-sm id-p-4 id-bg-[#f8f8f8] id-flex id-items-center\" title=\"Taper\" data-spm-anchor-id=\"a2700.details.0.i123.4685a90atWHS3V\"><\/div>\n<\/div>\n<div class=\"id-grid id-max-h-[68px] id-overflow-hidden id-grid-cols-[2fr_3fr]\">\n<div class=\"id-text-sm id-font-medium id-p-4 id-flex id-items-center id-flex-wrap\" title=\"Promotion\\Entreprise\\\u00c9cole\\Bureau\">\n<div class=\"id-line-clamp-2 id-leading-[18px]\"><img decoding=\"async\" src=\"https:\/\/www.colorflyprinting.com\/wp-content\/uploads\/2025\/06\/H94f11f7e14e249f2bfecf0211c4cac40A.jpg_720x720q50-150x150.avif\" \/><img decoding=\"async\" src=\"https:\/\/www.colorflyprinting.com\/wp-content\/uploads\/2025\/06\/Ha5b703c2a5914fc6a3366a750b22e190d.jpg_720x720q50-150x150.avif\" \/><img decoding=\"async\" src=\"https:\/\/www.colorflyprinting.com\/wp-content\/uploads\/2025\/06\/H9bf269ba30464ce38a990099f928feabz.jpg_720x720q50-150x150.avif\" \/><img decoding=\"async\" src=\"https:\/\/www.colorflyprinting.com\/wp-content\/uploads\/2025\/06\/Hdfaf65eb21564b0c94861e15725ca0b0S.jpg_720x720q50-150x150.avif\" \/><\/div>\n<\/div>\n<\/div>","protected":false},"featured_media":17787,"comment_status":"open","ping_status":"closed","template":"","meta":[],"product_brand":[],"product_cat":[21],"product_tag":[432,462],"class_list":{"0":"post-17781","1":"product","2":"type-product","3":"status-publish","4":"has-post-thumbnail","6":"product_cat-exercise-book","7":"product_tag-school-exercise-book","8":"product_tag-school-notebook","10":"first","11":"instock","12":"shipping-taxable","13":"product-type-simple"},"yoast_head":"<!-- This site is optimized with the Yoast SEO Premium plugin v23.9 (Yoast SEO v25.2) - https:\/\/yoast.com\/wordpress\/plugins\/seo\/ -->\n<title>White Board Exercise Book: Optimal for School &amp; Office<\/title>\n<meta name=\"description\" content=\"White Board Exercise Book: Ideal for school &amp; office. Durable, high-quality pages. Enhance productivity - order online now!\" \/>\n<meta name=\"robots\" content=\"index, follow, max-snippet:-1, max-image-preview:large, max-video-preview:-1\" \/>\n<link rel=\"canonical\" href=\"https:\/\/www.colorflyprinting.com\/fr\/produit\/white-board-exercise-book\/\" \/>\n<meta property=\"og:locale\" content=\"fr_FR\" \/>\n<meta property=\"og:type\" content=\"article\" \/>\n<meta property=\"og:title\" content=\"White Board Exercise Book: Perfect for School and Office Use\" \/>\n<meta property=\"og:description\" content=\"White Board Exercise Book: Ideal for school &amp; office. Durable, high-quality pages. Enhance productivity - order online now!\" \/>\n<meta property=\"og:url\" content=\"https:\/\/www.colorflyprinting.com\/fr\/produit\/white-board-exercise-book\/\" \/>\n<meta property=\"og:site_name\" content=\"colorflyprinting\" \/>\n<meta property=\"article:modified_time\" content=\"2025-12-02T06:13:16+00:00\" \/>\n<meta name=\"twitter:card\" content=\"summary_large_image\" \/>\n<meta name=\"twitter:label1\" content=\"Dur\u00e9e de lecture estim\u00e9e\" \/>\n\t<meta name=\"twitter:data1\" content=\"1 minute\" \/>\n<script type=\"application\/ld+json\" class=\"yoast-schema-graph\">{\"@context\":\"https:\/\/schema.org\",\"@graph\":[{\"@type\":\"WebPage\",\"@id\":\"https:\/\/www.colorflyprinting.com\/product\/white-board-exercise-book\/\",\"url\":\"https:\/\/www.colorflyprinting.com\/product\/white-board-exercise-book\/\",\"name\":\"White Board Exercise Book: Optimal for School & Office\",\"isPartOf\":{\"@id\":\"https:\/\/www.colorflyprinting.com\/#website\"},\"primaryImageOfPage\":{\"@id\":\"https:\/\/www.colorflyprinting.com\/product\/white-board-exercise-book\/#primaryimage\"},\"image\":{\"@id\":\"https:\/\/www.colorflyprinting.com\/product\/white-board-exercise-book\/#primaryimage\"},\"thumbnailUrl\":\"https:\/\/www.colorflyprinting.com\/wp-content\/uploads\/2025\/06\/Hd35d8162c0b249089ae072604e943f01S.jpg_720x720q50.avif\",\"datePublished\":\"2025-06-24T09:00:45+00:00\",\"dateModified\":\"2025-12-02T06:13:16+00:00\",\"description\":\"White Board Exercise Book: Ideal for school & office. Durable, high-quality pages. Enhance productivity - order online now!\",\"breadcrumb\":{\"@id\":\"https:\/\/www.colorflyprinting.com\/product\/white-board-exercise-book\/#breadcrumb\"},\"inLanguage\":\"fr-FR\",\"potentialAction\":[{\"@type\":\"ReadAction\",\"target\":[\"https:\/\/www.colorflyprinting.com\/product\/white-board-exercise-book\/\"]}]},{\"@type\":\"ImageObject\",\"inLanguage\":\"fr-FR\",\"@id\":\"https:\/\/www.colorflyprinting.com\/product\/white-board-exercise-book\/#primaryimage\",\"url\":\"https:\/\/www.colorflyprinting.com\/wp-content\/uploads\/2025\/06\/Hd35d8162c0b249089ae072604e943f01S.jpg_720x720q50.avif\",\"contentUrl\":\"https:\/\/www.colorflyprinting.com\/wp-content\/uploads\/2025\/06\/Hd35d8162c0b249089ae072604e943f01S.jpg_720x720q50.avif\",\"width\":720,\"height\":720},{\"@type\":\"BreadcrumbList\",\"@id\":\"https:\/\/www.colorflyprinting.com\/product\/white-board-exercise-book\/#breadcrumb\",\"itemListElement\":[{\"@type\":\"ListItem\",\"position\":1,\"name\":\"Home\",\"item\":\"https:\/\/www.colorflyprinting.com\/\"},{\"@type\":\"ListItem\",\"position\":2,\"name\":\"Product\",\"item\":\"https:\/\/www.colorflyprinting.com\/shop\/\"},{\"@type\":\"ListItem\",\"position\":3,\"name\":\"White Board Exercise Book: Perfect for School and Office Use\"}]},{\"@type\":\"WebSite\",\"@id\":\"https:\/\/www.colorflyprinting.com\/#website\",\"url\":\"https:\/\/www.colorflyprinting.com\/\",\"name\":\"Hefei Colorfly Stationery Co.,Ltd.\",\"description\":\"\",\"publisher\":{\"@id\":\"https:\/\/www.colorflyprinting.com\/#organization\"},\"potentialAction\":[{\"@type\":\"SearchAction\",\"target\":{\"@type\":\"EntryPoint\",\"urlTemplate\":\"https:\/\/www.colorflyprinting.com\/?s={search_term_string}\"},\"query-input\":{\"@type\":\"PropertyValueSpecification\",\"valueRequired\":true,\"valueName\":\"search_term_string\"}}],\"inLanguage\":\"fr-FR\"},{\"@type\":\"Organization\",\"@id\":\"https:\/\/www.colorflyprinting.com\/#organization\",\"name\":\"Hefei Colorfly Stationery Co.,Ltd.\",\"url\":\"https:\/\/www.colorflyprinting.com\/\",\"logo\":{\"@type\":\"ImageObject\",\"inLanguage\":\"fr-FR\",\"@id\":\"https:\/\/www.colorflyprinting.com\/#\/schema\/logo\/image\/\",\"url\":\"https:\/\/www.colorflyprinting.com\/wp-content\/uploads\/2025\/04\/d167665f943610681229e2f4307b9df.jpg\",\"contentUrl\":\"https:\/\/www.colorflyprinting.com\/wp-content\/uploads\/2025\/04\/d167665f943610681229e2f4307b9df.jpg\",\"width\":780,\"height\":780,\"caption\":\"Hefei Colorfly Stationery Co.,Ltd.\"},\"image\":{\"@id\":\"https:\/\/www.colorflyprinting.com\/#\/schema\/logo\/image\/\"}}]}<\/script>\n<!-- \/ Yoast SEO Premium plugin. -->","yoast_head_json":{"title":"White Board Exercise Book: Optimal for School & Office","description":"White Board Exercise Book: Ideal for school & office. Durable, high-quality pages. Enhance productivity - order online now!","robots":{"index":"index","follow":"follow","max-snippet":"max-snippet:-1","max-image-preview":"max-image-preview:large","max-video-preview":"max-video-preview:-1"},"canonical":"https:\/\/www.colorflyprinting.com\/fr\/produit\/white-board-exercise-book\/","og_locale":"fr_FR","og_type":"article","og_title":"White Board Exercise Book: Perfect for School and Office Use","og_description":"White Board Exercise Book: Ideal for school & office. Durable, high-quality pages. Enhance productivity - order online now!","og_url":"https:\/\/www.colorflyprinting.com\/fr\/produit\/white-board-exercise-book\/","og_site_name":"colorflyprinting","article_modified_time":"2025-12-02T06:13:16+00:00","twitter_card":"summary_large_image","twitter_misc":{"Dur\u00e9e de lecture estim\u00e9e":"1 minute"},"schema":{"@context":"https:\/\/schema.org","@graph":[{"@type":"WebPage","@id":"https:\/\/www.colorflyprinting.com\/product\/white-board-exercise-book\/","url":"https:\/\/www.colorflyprinting.com\/product\/white-board-exercise-book\/","name":"White Board Exercise Book: Optimal for School & Office","isPartOf":{"@id":"https:\/\/www.colorflyprinting.com\/#website"},"primaryImageOfPage":{"@id":"https:\/\/www.colorflyprinting.com\/product\/white-board-exercise-book\/#primaryimage"},"image":{"@id":"https:\/\/www.colorflyprinting.com\/product\/white-board-exercise-book\/#primaryimage"},"thumbnailUrl":"https:\/\/www.colorflyprinting.com\/wp-content\/uploads\/2025\/06\/Hd35d8162c0b249089ae072604e943f01S.jpg_720x720q50.avif","datePublished":"2025-06-24T09:00:45+00:00","dateModified":"2025-12-02T06:13:16+00:00","description":"White Board Exercise Book: Ideal for school & office. Durable, high-quality pages. Enhance productivity - order online now!","breadcrumb":{"@id":"https:\/\/www.colorflyprinting.com\/product\/white-board-exercise-book\/#breadcrumb"},"inLanguage":"fr-FR","potentialAction":[{"@type":"ReadAction","target":["https:\/\/www.colorflyprinting.com\/product\/white-board-exercise-book\/"]}]},{"@type":"ImageObject","inLanguage":"fr-FR","@id":"https:\/\/www.colorflyprinting.com\/product\/white-board-exercise-book\/#primaryimage","url":"https:\/\/www.colorflyprinting.com\/wp-content\/uploads\/2025\/06\/Hd35d8162c0b249089ae072604e943f01S.jpg_720x720q50.avif","contentUrl":"https:\/\/www.colorflyprinting.com\/wp-content\/uploads\/2025\/06\/Hd35d8162c0b249089ae072604e943f01S.jpg_720x720q50.avif","width":720,"height":720},{"@type":"BreadcrumbList","@id":"https:\/\/www.colorflyprinting.com\/product\/white-board-exercise-book\/#breadcrumb","itemListElement":[{"@type":"ListItem","position":1,"name":"Home","item":"https:\/\/www.colorflyprinting.com\/"},{"@type":"ListItem","position":2,"name":"Product","item":"https:\/\/www.colorflyprinting.com\/shop\/"},{"@type":"ListItem","position":3,"name":"White Board Exercise Book: Perfect for School and Office Use"}]},{"@type":"WebSite","@id":"https:\/\/www.colorflyprinting.com\/#website","url":"https:\/\/www.colorflyprinting.com\/","name":"Hefei Colorfly Stationery Co.,Ltd.","description":"","publisher":{"@id":"https:\/\/www.colorflyprinting.com\/#organization"},"potentialAction":[{"@type":"SearchAction","target":{"@type":"EntryPoint","urlTemplate":"https:\/\/www.colorflyprinting.com\/?s={search_term_string}"},"query-input":{"@type":"PropertyValueSpecification","valueRequired":true,"valueName":"search_term_string"}}],"inLanguage":"fr-FR"},{"@type":"Organization","@id":"https:\/\/www.colorflyprinting.com\/#organization","name":"Hefei Colorfly Stationery Co.,Ltd.","url":"https:\/\/www.colorflyprinting.com\/","logo":{"@type":"ImageObject","inLanguage":"fr-FR","@id":"https:\/\/www.colorflyprinting.com\/#\/schema\/logo\/image\/","url":"https:\/\/www.colorflyprinting.com\/wp-content\/uploads\/2025\/04\/d167665f943610681229e2f4307b9df.jpg","contentUrl":"https:\/\/www.colorflyprinting.com\/wp-content\/uploads\/2025\/04\/d167665f943610681229e2f4307b9df.jpg","width":780,"height":780,"caption":"Hefei Colorfly Stationery Co.,Ltd."},"image":{"@id":"https:\/\/www.colorflyprinting.com\/#\/schema\/logo\/image\/"}}]}},"_links":{"self":[{"href":"https:\/\/www.colorflyprinting.com\/fr\/wp-json\/wp\/v2\/product\/17781","targetHints":{"allow":["GET"]}}],"collection":[{"href":"https:\/\/www.colorflyprinting.com\/fr\/wp-json\/wp\/v2\/product"}],"about":[{"href":"https:\/\/www.colorflyprinting.com\/fr\/wp-json\/wp\/v2\/types\/product"}],"replies":[{"embeddable":true,"href":"https:\/\/www.colorflyprinting.com\/fr\/wp-json\/wp\/v2\/comments?post=17781"}],"wp:featuredmedia":[{"embeddable":true,"href":"https:\/\/www.colorflyprinting.com\/fr\/wp-json\/wp\/v2\/media\/17787"}],"wp:attachment":[{"href":"https:\/\/www.colorflyprinting.com\/fr\/wp-json\/wp\/v2\/media?parent=17781"}],"wp:term":[{"taxonomy":"product_brand","embeddable":true,"href":"https:\/\/www.colorflyprinting.com\/fr\/wp-json\/wp\/v2\/product_brand?post=17781"},{"taxonomy":"product_cat","embeddable":true,"href":"https:\/\/www.colorflyprinting.com\/fr\/wp-json\/wp\/v2\/product_cat?post=17781"},{"taxonomy":"product_tag","embeddable":true,"href":"https:\/\/www.colorflyprinting.com\/fr\/wp-json\/wp\/v2\/product_tag?post=17781"}],"curies":[{"name":"wp","href":"https:\/\/api.w.org\/{rel}","templated":true}]}}