{"id":16489,"date":"2025-05-27T09:38:08","date_gmt":"2025-05-27T09:38:08","guid":{"rendered":"https:\/\/www.colorflyprinting.com\/?post_type=product&#038;p=16489"},"modified":"2025-12-02T05:59:08","modified_gmt":"2025-12-02T05:59:08","slug":"bulk-a5-a6-pu-leather-cover-journal-custom-printing-notebook-hardcover","status":"publish","type":"product","link":"https:\/\/www.colorflyprinting.com\/fr\/produit\/carnet-de-notes-a-couverture-rigide-en-cuir-pu-a5-et-a6-impression-personnalisee\/","title":{"rendered":"Carnet de notes \u00e0 couverture rigide en cuir PU A5 et A6, impression personnalis\u00e9e"},"content":{"rendered":"<table class=\"has-title hight-light-first-column all magic-5\">\n<tbody>\n<tr>\n<td colspan=\"1\" rowspan=\"1\">\n<div class=\"magic-6\" data-spm-anchor-id=\"a2700.details-description.0.i0.3833XrIwXrIwCe\">Nom du produit<\/div>\n<\/td>\n<td colspan=\"5\" rowspan=\"1\">\n<div class=\"magic-7\">\n<div data-spm-anchor-id=\"0.0.0.i3.59844f05Z16MVb\">Couverture rigide personnalis\u00e9e, impression personnalis\u00e9e, journaux \u00e0 couverture rigide en cuir PU A5, planificateurs et carnets avec logo personnalis\u00e9s<\/div>\n<\/div>\n<\/td>\n<\/tr>\n<tr>\n<td colspan=\"1\" rowspan=\"1\">\n<div class=\"magic-6\">Pages<\/div>\n<\/td>\n<td colspan=\"5\" rowspan=\"1\">\n<div class=\"magic-7\">\n<div data-spm-anchor-id=\"0.0.0.i13.59844f05Z16MVb\">\u00a0100 feuilles (= 200 pages) \/ personnalis\u00e9<\/div>\n<\/div>\n<\/td>\n<\/tr>\n<tr>\n<td colspan=\"1\" rowspan=\"1\">\n<div class=\"magic-6\">\u00a0Taille<\/div>\n<\/td>\n<td colspan=\"5\" rowspan=\"1\">\n<div class=\"magic-7\">\u00a0A5 21,5*14,7 cm (= 8,46 pouces*5,78 pouces) ou taille personnalis\u00e9e<\/div>\n<\/td>\n<\/tr>\n<tr>\n<td colspan=\"1\" rowspan=\"1\">\n<div class=\"magic-6\">Mat\u00e9riau de couverture<\/div>\n<\/td>\n<td colspan=\"5\" rowspan=\"1\">\n<div class=\"magic-7\">\u00a0 Couverture rigide et cuir PU<\/div>\n<\/td>\n<\/tr>\n<tr>\n<td colspan=\"1\" rowspan=\"1\">\n<div class=\"magic-6\">Conception de la couverture<\/div>\n<\/td>\n<td colspan=\"5\" rowspan=\"1\">\n<div class=\"magic-12\">Acceptez votre logo et plusieurs couleurs<\/div>\n<\/td>\n<\/tr>\n<tr>\n<td colspan=\"1\" rowspan=\"1\">\n<div class=\"magic-6\">Imprim\u00e9 \u00e0 l&#039;int\u00e9rieur<\/div>\n<\/td>\n<td colspan=\"5\" rowspan=\"1\">\n<div class=\"magic-12\"><b data-spm-anchor-id=\"a2700.pc-decorate.0.i11.753d3333ZB03mk\">\u00a0Pointill\u00e9, lign\u00e9, quadrill\u00e9, vierge et personnalis\u00e9<\/b><\/div>\n<\/td>\n<\/tr>\n<tr>\n<td colspan=\"1\" rowspan=\"1\">\n<div class=\"magic-6\">Oeuvre d&#039;art :<\/div>\n<\/td>\n<td colspan=\"5\" rowspan=\"1\">\n<div class=\"magic-12\">Personnalis\u00e9 acceptable<b>\u00a0<\/b><\/div>\n<\/td>\n<\/tr>\n<tr>\n<td colspan=\"1\" rowspan=\"1\">\n<div class=\"magic-6\">Usage<\/div>\n<\/td>\n<td colspan=\"5\" rowspan=\"1\">\n<div class=\"magic-12\">\u00c9cole \/ Bureau \/ Cadeau<\/div>\n<\/td>\n<\/tr>\n<tr>\n<td colspan=\"1\" rowspan=\"1\">\n<div class=\"magic-6\">Emballage<\/div>\n<\/td>\n<td colspan=\"5\" rowspan=\"1\">\n<div class=\"magic-12\">\u00a0 1 pi\u00e8ce\/sac en plastique<\/div>\n<\/td>\n<\/tr>\n<tr>\n<td colspan=\"1\" rowspan=\"1\">\n<div class=\"magic-6\">code SH<\/div>\n<\/td>\n<td colspan=\"5\" rowspan=\"1\">\n<div class=\"magic-12\">\n<div class=\"magic-17\" data-spm-anchor-id=\"0.0.0.i72.59844f058KU4GW\">Papier \u00e9cologique<\/div>\n<\/div>\n<\/td>\n<\/tr>\n<tr>\n<td colspan=\"1\" rowspan=\"1\">\n<div class=\"magic-6\">Temps d&#039;\u00e9chantillonnage<\/div>\n<\/td>\n<td colspan=\"5\" rowspan=\"1\">\n<div class=\"magic-12\">L&#039;\u00e9chantillon vous sera envoy\u00e9 un jour seulement apr\u00e8s confirmation des sp\u00e9cifications<\/div>\n<\/td>\n<\/tr>\n<tr>\n<td colspan=\"1\" rowspan=\"1\">\n<div class=\"magic-6\">Logo<\/div>\n<\/td>\n<td colspan=\"5\" rowspan=\"1\">\n<div class=\"magic-12\">Rev\u00eatement UV, feuille d&#039;argent, UV s\u00e9lectif, gaufrage, rev\u00eatement, etc.<\/div>\n<\/td>\n<\/tr>\n<tr>\n<td colspan=\"1\" rowspan=\"1\">\n<div class=\"magic-6\">D\u00e9tails de livraison<\/div>\n<\/td>\n<td colspan=\"5\" rowspan=\"1\">\n<div class=\"magic-12\">Environ 15 jours apr\u00e8s r\u00e9ception de votre acompte.<\/div>\n<\/td>\n<\/tr>\n<\/tbody>\n<\/table>","protected":false},"excerpt":{"rendered":"<p>Ce carnet \u00e0 anneaux vintage avec couverture en similicuir est con\u00e7u pour allier durabilit\u00e9 et \u00e9l\u00e9gance. Disponible aux formats A5 et A6, il est dot\u00e9 d&#039;un format \u00e0 feuilles mobiles rechargeables permettant une mise \u00e0 jour flexible du contenu. Sa finition en similicuir lui conf\u00e8re un aspect professionnel et haut de gamme, id\u00e9al pour les r\u00e9unions d&#039;affaires, les agendas, les journaux ou les cadeaux clients. Chaque carnet permet l&#039;impression d&#039;un logo personnalis\u00e9, ce qui en fait une option id\u00e9ale pour la papeterie de marque. Que vous soyez d\u00e9taillant, acheteur d&#039;entreprise ou organisateur d&#039;\u00e9v\u00e9nements, ce carnet \u00e0 couverture rigide offre fonctionnalit\u00e9 et style en grand volume. Avec ses mises en page et ses couvertures personnalisables, il s&#039;adapte \u00e0 votre image de marque et \u00e0 votre utilisation.<\/p>\n<ul>\n<li><strong>Fournisseur:<\/strong> Impression de mouches color\u00e9es<\/li>\n<li><strong data-start=\"538\" data-end=\"547\">Taille:<\/strong> A5<\/li>\n<li><strong data-start=\"567\" data-end=\"586\">Mat\u00e9riau de la couverture :<\/strong> Cuir, tissu<\/li>\n<li><strong data-start=\"637\" data-end=\"647\">Pages:<\/strong> 200 pages (personnalisables)<\/li>\n<li><strong data-start=\"689\" data-end=\"705\">Papier int\u00e9rieur :<\/strong> Papier sans bois 55\u201370 g\/m\u00b2, lign\u00e9 simple ou double<\/li>\n<li><strong data-start=\"764\" data-end=\"782\">Style de reliure :<\/strong> Reliure thermique, couture au fil, reliure \u00e0 coudre<\/li>\n<li><strong data-start=\"826\" data-end=\"839\">Impression:<\/strong> Impression de logo personnalis\u00e9 sur la couverture et les pages int\u00e9rieures disponible<\/li>\n<li><strong data-start=\"897\" data-end=\"911\">Conditionnement:<\/strong> Cartons d&#039;exportation standard ou selon la demande du client<\/li>\n<li><strong data-start=\"965\" data-end=\"983\">Personnalisation :<\/strong> Support OEM\/ODM avec MOQ flexible<\/li>\n<li><strong data-start=\"1022\" data-end=\"1039\">Applications :<\/strong> Convient aux \u00e9coles, aux coll\u00e8ges, aux appels d&#039;offres gouvernementaux et aux fournisseurs de services \u00e9ducatifs<\/li>\n<\/ul>","protected":false},"featured_media":16491,"comment_status":"open","ping_status":"closed","template":"","meta":[],"product_brand":[],"product_cat":[127],"product_tag":[711,709,710],"class_list":{"0":"post-16489","1":"product","2":"type-product","3":"status-publish","4":"has-post-thumbnail","6":"product_cat-leather-notebook","7":"product_tag-bulk-a5-a6-notebooks","8":"product_tag-custom-printing-notebook-hardcover","9":"product_tag-leather-cover-journal","11":"first","12":"instock","13":"shipping-taxable","14":"product-type-simple"},"yoast_head":"<!-- This site is optimized with the Yoast SEO Premium plugin v23.9 (Yoast SEO v25.2) - https:\/\/yoast.com\/wordpress\/plugins\/seo\/ -->\n<title>Bulk Vintage PU Leather Ring Binder Notebooks A5\/A6 Size<\/title>\n<meta name=\"description\" content=\"Order A5\/A6 vintage PU leather ring binder notebooks in bulk. Loose-leaf, customizable with logo printing. Ideal for business, gifting, or office use.\" \/>\n<meta name=\"robots\" content=\"index, follow, max-snippet:-1, max-image-preview:large, max-video-preview:-1\" \/>\n<link rel=\"canonical\" href=\"https:\/\/www.colorflyprinting.com\/fr\/produit\/carnet-de-notes-a-couverture-rigide-en-cuir-pu-a5-et-a6-impression-personnalisee\/\" \/>\n<meta property=\"og:locale\" content=\"fr_FR\" \/>\n<meta property=\"og:type\" content=\"article\" \/>\n<meta property=\"og:title\" content=\"Bulk A5 A6 Pu Leather Cover Journal Custom Printing Notebook Hardcover\" \/>\n<meta property=\"og:description\" content=\"Order A5\/A6 vintage PU leather ring binder notebooks in bulk. Loose-leaf, customizable with logo printing. Ideal for business, gifting, or office use.\" \/>\n<meta property=\"og:url\" content=\"https:\/\/www.colorflyprinting.com\/fr\/produit\/carnet-de-notes-a-couverture-rigide-en-cuir-pu-a5-et-a6-impression-personnalisee\/\" \/>\n<meta property=\"og:site_name\" content=\"colorflyprinting\" \/>\n<meta property=\"article:modified_time\" content=\"2025-12-02T05:59:08+00:00\" \/>\n<meta property=\"og:image\" content=\"https:\/\/www.colorflyprinting.com\/wp-content\/uploads\/2025\/05\/Main-06-17.jpg\" \/>\n\t<meta property=\"og:image:width\" content=\"750\" \/>\n\t<meta property=\"og:image:height\" content=\"750\" \/>\n\t<meta property=\"og:image:type\" content=\"image\/jpeg\" \/>\n<meta name=\"twitter:card\" content=\"summary_large_image\" \/>\n<meta name=\"twitter:label1\" content=\"Dur\u00e9e de lecture estim\u00e9e\" \/>\n\t<meta name=\"twitter:data1\" content=\"1 minute\" \/>\n<script type=\"application\/ld+json\" class=\"yoast-schema-graph\">{\"@context\":\"https:\/\/schema.org\",\"@graph\":[{\"@type\":\"WebPage\",\"@id\":\"https:\/\/www.colorflyprinting.com\/product\/bulk-a5-a6-pu-leather-cover-journal-custom-printing-notebook-hardcover\/\",\"url\":\"https:\/\/www.colorflyprinting.com\/product\/bulk-a5-a6-pu-leather-cover-journal-custom-printing-notebook-hardcover\/\",\"name\":\"Bulk Vintage PU Leather Ring Binder Notebooks A5\/A6 Size\",\"isPartOf\":{\"@id\":\"https:\/\/www.colorflyprinting.com\/#website\"},\"primaryImageOfPage\":{\"@id\":\"https:\/\/www.colorflyprinting.com\/product\/bulk-a5-a6-pu-leather-cover-journal-custom-printing-notebook-hardcover\/#primaryimage\"},\"image\":{\"@id\":\"https:\/\/www.colorflyprinting.com\/product\/bulk-a5-a6-pu-leather-cover-journal-custom-printing-notebook-hardcover\/#primaryimage\"},\"thumbnailUrl\":\"https:\/\/www.colorflyprinting.com\/wp-content\/uploads\/2025\/05\/Main-06-17.jpg\",\"datePublished\":\"2025-05-27T09:38:08+00:00\",\"dateModified\":\"2025-12-02T05:59:08+00:00\",\"description\":\"Order A5\/A6 vintage PU leather ring binder notebooks in bulk. Loose-leaf, customizable with logo printing. Ideal for business, gifting, or office use.\",\"breadcrumb\":{\"@id\":\"https:\/\/www.colorflyprinting.com\/product\/bulk-a5-a6-pu-leather-cover-journal-custom-printing-notebook-hardcover\/#breadcrumb\"},\"inLanguage\":\"fr-FR\",\"potentialAction\":[{\"@type\":\"ReadAction\",\"target\":[\"https:\/\/www.colorflyprinting.com\/product\/bulk-a5-a6-pu-leather-cover-journal-custom-printing-notebook-hardcover\/\"]}]},{\"@type\":\"ImageObject\",\"inLanguage\":\"fr-FR\",\"@id\":\"https:\/\/www.colorflyprinting.com\/product\/bulk-a5-a6-pu-leather-cover-journal-custom-printing-notebook-hardcover\/#primaryimage\",\"url\":\"https:\/\/www.colorflyprinting.com\/wp-content\/uploads\/2025\/05\/Main-06-17.jpg\",\"contentUrl\":\"https:\/\/www.colorflyprinting.com\/wp-content\/uploads\/2025\/05\/Main-06-17.jpg\",\"width\":750,\"height\":750},{\"@type\":\"BreadcrumbList\",\"@id\":\"https:\/\/www.colorflyprinting.com\/product\/bulk-a5-a6-pu-leather-cover-journal-custom-printing-notebook-hardcover\/#breadcrumb\",\"itemListElement\":[{\"@type\":\"ListItem\",\"position\":1,\"name\":\"Home\",\"item\":\"https:\/\/www.colorflyprinting.com\/\"},{\"@type\":\"ListItem\",\"position\":2,\"name\":\"Product\",\"item\":\"https:\/\/www.colorflyprinting.com\/shop\/\"},{\"@type\":\"ListItem\",\"position\":3,\"name\":\"Bulk A5 A6 Pu Leather Cover Journal Custom Printing Notebook Hardcover\"}]},{\"@type\":\"WebSite\",\"@id\":\"https:\/\/www.colorflyprinting.com\/#website\",\"url\":\"https:\/\/www.colorflyprinting.com\/\",\"name\":\"Hefei Colorfly Stationery Co.,Ltd.\",\"description\":\"\",\"publisher\":{\"@id\":\"https:\/\/www.colorflyprinting.com\/#organization\"},\"potentialAction\":[{\"@type\":\"SearchAction\",\"target\":{\"@type\":\"EntryPoint\",\"urlTemplate\":\"https:\/\/www.colorflyprinting.com\/?s={search_term_string}\"},\"query-input\":{\"@type\":\"PropertyValueSpecification\",\"valueRequired\":true,\"valueName\":\"search_term_string\"}}],\"inLanguage\":\"fr-FR\"},{\"@type\":\"Organization\",\"@id\":\"https:\/\/www.colorflyprinting.com\/#organization\",\"name\":\"Hefei Colorfly Stationery Co.,Ltd.\",\"url\":\"https:\/\/www.colorflyprinting.com\/\",\"logo\":{\"@type\":\"ImageObject\",\"inLanguage\":\"fr-FR\",\"@id\":\"https:\/\/www.colorflyprinting.com\/#\/schema\/logo\/image\/\",\"url\":\"https:\/\/www.colorflyprinting.com\/wp-content\/uploads\/2025\/04\/d167665f943610681229e2f4307b9df.jpg\",\"contentUrl\":\"https:\/\/www.colorflyprinting.com\/wp-content\/uploads\/2025\/04\/d167665f943610681229e2f4307b9df.jpg\",\"width\":780,\"height\":780,\"caption\":\"Hefei Colorfly Stationery Co.,Ltd.\"},\"image\":{\"@id\":\"https:\/\/www.colorflyprinting.com\/#\/schema\/logo\/image\/\"}}]}<\/script>\n<!-- \/ Yoast SEO Premium plugin. -->","yoast_head_json":{"title":"Bulk Vintage PU Leather Ring Binder Notebooks A5\/A6 Size","description":"Order A5\/A6 vintage PU leather ring binder notebooks in bulk. Loose-leaf, customizable with logo printing. Ideal for business, gifting, or office use.","robots":{"index":"index","follow":"follow","max-snippet":"max-snippet:-1","max-image-preview":"max-image-preview:large","max-video-preview":"max-video-preview:-1"},"canonical":"https:\/\/www.colorflyprinting.com\/fr\/produit\/carnet-de-notes-a-couverture-rigide-en-cuir-pu-a5-et-a6-impression-personnalisee\/","og_locale":"fr_FR","og_type":"article","og_title":"Bulk A5 A6 Pu Leather Cover Journal Custom Printing Notebook Hardcover","og_description":"Order A5\/A6 vintage PU leather ring binder notebooks in bulk. Loose-leaf, customizable with logo printing. Ideal for business, gifting, or office use.","og_url":"https:\/\/www.colorflyprinting.com\/fr\/produit\/carnet-de-notes-a-couverture-rigide-en-cuir-pu-a5-et-a6-impression-personnalisee\/","og_site_name":"colorflyprinting","article_modified_time":"2025-12-02T05:59:08+00:00","og_image":[{"width":750,"height":750,"url":"https:\/\/www.colorflyprinting.com\/wp-content\/uploads\/2025\/05\/Main-06-17.jpg","type":"image\/jpeg"}],"twitter_card":"summary_large_image","twitter_misc":{"Dur\u00e9e de lecture estim\u00e9e":"1 minute"},"schema":{"@context":"https:\/\/schema.org","@graph":[{"@type":"WebPage","@id":"https:\/\/www.colorflyprinting.com\/product\/bulk-a5-a6-pu-leather-cover-journal-custom-printing-notebook-hardcover\/","url":"https:\/\/www.colorflyprinting.com\/product\/bulk-a5-a6-pu-leather-cover-journal-custom-printing-notebook-hardcover\/","name":"Bulk Vintage PU Leather Ring Binder Notebooks A5\/A6 Size","isPartOf":{"@id":"https:\/\/www.colorflyprinting.com\/#website"},"primaryImageOfPage":{"@id":"https:\/\/www.colorflyprinting.com\/product\/bulk-a5-a6-pu-leather-cover-journal-custom-printing-notebook-hardcover\/#primaryimage"},"image":{"@id":"https:\/\/www.colorflyprinting.com\/product\/bulk-a5-a6-pu-leather-cover-journal-custom-printing-notebook-hardcover\/#primaryimage"},"thumbnailUrl":"https:\/\/www.colorflyprinting.com\/wp-content\/uploads\/2025\/05\/Main-06-17.jpg","datePublished":"2025-05-27T09:38:08+00:00","dateModified":"2025-12-02T05:59:08+00:00","description":"Order A5\/A6 vintage PU leather ring binder notebooks in bulk. Loose-leaf, customizable with logo printing. Ideal for business, gifting, or office use.","breadcrumb":{"@id":"https:\/\/www.colorflyprinting.com\/product\/bulk-a5-a6-pu-leather-cover-journal-custom-printing-notebook-hardcover\/#breadcrumb"},"inLanguage":"fr-FR","potentialAction":[{"@type":"ReadAction","target":["https:\/\/www.colorflyprinting.com\/product\/bulk-a5-a6-pu-leather-cover-journal-custom-printing-notebook-hardcover\/"]}]},{"@type":"ImageObject","inLanguage":"fr-FR","@id":"https:\/\/www.colorflyprinting.com\/product\/bulk-a5-a6-pu-leather-cover-journal-custom-printing-notebook-hardcover\/#primaryimage","url":"https:\/\/www.colorflyprinting.com\/wp-content\/uploads\/2025\/05\/Main-06-17.jpg","contentUrl":"https:\/\/www.colorflyprinting.com\/wp-content\/uploads\/2025\/05\/Main-06-17.jpg","width":750,"height":750},{"@type":"BreadcrumbList","@id":"https:\/\/www.colorflyprinting.com\/product\/bulk-a5-a6-pu-leather-cover-journal-custom-printing-notebook-hardcover\/#breadcrumb","itemListElement":[{"@type":"ListItem","position":1,"name":"Home","item":"https:\/\/www.colorflyprinting.com\/"},{"@type":"ListItem","position":2,"name":"Product","item":"https:\/\/www.colorflyprinting.com\/shop\/"},{"@type":"ListItem","position":3,"name":"Bulk A5 A6 Pu Leather Cover Journal Custom Printing Notebook Hardcover"}]},{"@type":"WebSite","@id":"https:\/\/www.colorflyprinting.com\/#website","url":"https:\/\/www.colorflyprinting.com\/","name":"Hefei Colorfly Stationery Co.,Ltd.","description":"","publisher":{"@id":"https:\/\/www.colorflyprinting.com\/#organization"},"potentialAction":[{"@type":"SearchAction","target":{"@type":"EntryPoint","urlTemplate":"https:\/\/www.colorflyprinting.com\/?s={search_term_string}"},"query-input":{"@type":"PropertyValueSpecification","valueRequired":true,"valueName":"search_term_string"}}],"inLanguage":"fr-FR"},{"@type":"Organization","@id":"https:\/\/www.colorflyprinting.com\/#organization","name":"Hefei Colorfly Stationery Co.,Ltd.","url":"https:\/\/www.colorflyprinting.com\/","logo":{"@type":"ImageObject","inLanguage":"fr-FR","@id":"https:\/\/www.colorflyprinting.com\/#\/schema\/logo\/image\/","url":"https:\/\/www.colorflyprinting.com\/wp-content\/uploads\/2025\/04\/d167665f943610681229e2f4307b9df.jpg","contentUrl":"https:\/\/www.colorflyprinting.com\/wp-content\/uploads\/2025\/04\/d167665f943610681229e2f4307b9df.jpg","width":780,"height":780,"caption":"Hefei Colorfly Stationery Co.,Ltd."},"image":{"@id":"https:\/\/www.colorflyprinting.com\/#\/schema\/logo\/image\/"}}]}},"_links":{"self":[{"href":"https:\/\/www.colorflyprinting.com\/fr\/wp-json\/wp\/v2\/product\/16489","targetHints":{"allow":["GET"]}}],"collection":[{"href":"https:\/\/www.colorflyprinting.com\/fr\/wp-json\/wp\/v2\/product"}],"about":[{"href":"https:\/\/www.colorflyprinting.com\/fr\/wp-json\/wp\/v2\/types\/product"}],"replies":[{"embeddable":true,"href":"https:\/\/www.colorflyprinting.com\/fr\/wp-json\/wp\/v2\/comments?post=16489"}],"wp:featuredmedia":[{"embeddable":true,"href":"https:\/\/www.colorflyprinting.com\/fr\/wp-json\/wp\/v2\/media\/16491"}],"wp:attachment":[{"href":"https:\/\/www.colorflyprinting.com\/fr\/wp-json\/wp\/v2\/media?parent=16489"}],"wp:term":[{"taxonomy":"product_brand","embeddable":true,"href":"https:\/\/www.colorflyprinting.com\/fr\/wp-json\/wp\/v2\/product_brand?post=16489"},{"taxonomy":"product_cat","embeddable":true,"href":"https:\/\/www.colorflyprinting.com\/fr\/wp-json\/wp\/v2\/product_cat?post=16489"},{"taxonomy":"product_tag","embeddable":true,"href":"https:\/\/www.colorflyprinting.com\/fr\/wp-json\/wp\/v2\/product_tag?post=16489"}],"curies":[{"name":"wp","href":"https:\/\/api.w.org\/{rel}","templated":true}]}}