{"id":15715,"date":"2025-05-22T06:48:22","date_gmt":"2025-05-22T06:48:22","guid":{"rendered":"https:\/\/www.colorflyprinting.com\/?post_type=product&#038;p=15715"},"modified":"2025-12-02T06:09:39","modified_gmt":"2025-12-02T06:09:39","slug":"custom-manuscript-book-2-quire-counter-notebook-a6-a5-a4","status":"publish","type":"product","link":"https:\/\/www.colorflyprinting.com\/fr\/produit\/cahier-de-notes-personnalise-cahier-de-2-pages-format-a6-a5-a4\/","title":{"rendered":"Cahier de notes personnalis\u00e9 2 cahiers A6 A5 A4"},"content":{"rendered":"<div class=\"J_module\">\n<div id=\"ali-anchor-AliMagic-ez380s\" class=\"magic-0\" data-section=\"AliMagic-ez380s\" data-section-title=\"Product Description\" data-spm-anchor-id=\"a2700.details-description.0.i0.98e5wH1VwH1V8U\"><\/div>\n<\/div>\n<div class=\"J_module\">\n<div class=\"ife-detail-decorate-table\">\n<table class=\"all magic-1\">\n<tbody>\n<tr>\n<td>\n<div class=\"magic-2\">Gamme de produits<\/div>\n<\/td>\n<td colspan=\"3\">\n<div class=\"magic-3\">Carnet, cahier d&#039;exercices, carnet en cuir, bloc de recharge, carnet de dessin, cahier de mati\u00e8res, manuel, magazine, cahier de composition, livre de comptabilit\u00e9, etc.<\/div>\n<\/td>\n<\/tr>\n<tr>\n<td>\n<div class=\"magic-2\">Nom du produit<\/div>\n<\/td>\n<td colspan=\"3\">\n<div class=\"magic-3\">Cahier de notes personnalis\u00e9 2 cahiers de comptoir A6 A5 A4<\/div>\n<\/td>\n<\/tr>\n<tr>\n<td>\n<div class=\"magic-2\">Taille du produit<\/div>\n<\/td>\n<td colspan=\"3\">\n<div class=\"magic-5\">A3 \/ A4 \/ A5 \/ A6 \/ B5 ou selon les exigences sp\u00e9cifiques du client<\/div>\n<\/td>\n<\/tr>\n<tr>\n<td>\n<div class=\"magic-2\">Mat\u00e9riau de couverture<\/div>\n<\/td>\n<td colspan=\"3\">\n<div class=\"magic-5\">Papier d&#039;art, papier glac\u00e9, carton ivoire, carton gris, dos blanc, papier kraft, couverture en PP, couverture en PVC, etc.<\/div>\n<\/td>\n<\/tr>\n<tr>\n<td>\n<div class=\"magic-2\">Mat\u00e9riau int\u00e9rieur en papier<\/div>\n<\/td>\n<td colspan=\"3\">\n<div class=\"magic-5\">Papier sans bois, papier vierge, papier offset, papier \u00e0 \u00e9crire, papier recycl\u00e9, papier journal, papier kraft, etc.<\/div>\n<\/td>\n<\/tr>\n<tr>\n<td>\n<div class=\"magic-2\">\u00a0Obligatoire<\/div>\n<\/td>\n<td colspan=\"3\">\n<div class=\"magic-3\">Reliure agraf\u00e9e, reliure coll\u00e9e, reliure cousue, reliure parfaite, reliure wire-o, reliure \u00e0 ruban adh\u00e9sif, etc.<\/div>\n<\/td>\n<\/tr>\n<tr>\n<td>\n<div class=\"magic-2\">Emballer<\/div>\n<\/td>\n<td colspan=\"3\">\n<div class=\"magic-3\">Sac r\u00e9tractable \/ carton ou selon les besoins<\/div>\n<\/td>\n<\/tr>\n<tr>\n<td>\n<div class=\"magic-2\">Livraison<\/div>\n<\/td>\n<td colspan=\"3\">\n<div class=\"magic-3\">Sous r\u00e9serve de la quantit\u00e9 command\u00e9e<\/div>\n<\/td>\n<\/tr>\n<tr>\n<td>\n<div class=\"magic-2\">Citation<\/div>\n<\/td>\n<td colspan=\"3\">\n<div class=\"magic-3\">En fonction du mat\u00e9riau, de la taille, de la quantit\u00e9, de la couleur d&#039;impression et de la finition, etc.<\/div>\n<\/td>\n<\/tr>\n<\/tbody>\n<\/table>\n<\/div>\n<\/div>","protected":false},"excerpt":{"rendered":"<p data-start=\"517\" data-end=\"941\">\u00c0 la recherche d&#039;un partenaire fiable <strong data-start=\"540\" data-end=\"566\">livre manuscrit personnalis\u00e9<\/strong> Fournisseur pour vos besoins en vrac\u00a0? Le carnet de comptoir 2 Quire, disponible en <strong data-start=\"649\" data-end=\"673\">Formats A6, A5 et A4<\/strong>, est un choix populaire aupr\u00e8s des \u00e9coles, des bureaux et des papeteries en Afrique, au Moyen-Orient et ailleurs. Reconnu pour sa reliure durable, sa r\u00e8gle r\u00e9guli\u00e8re et sa mise en page soign\u00e9e, ce carnet est con\u00e7u pour les t\u00e2ches d&#039;\u00e9criture et de tenue de dossiers \u00e0 long terme.<\/p>\n<p data-start=\"943\" data-end=\"1256\">Que vous recherchiez des sources d&#039;approvisionnement <strong data-start=\"971\" data-end=\"999\">\u00e9tablissements d&#039;enseignement<\/strong>, <strong data-start=\"1001\" data-end=\"1018\">usage professionnel<\/strong>, ou <strong data-start=\"1023\" data-end=\"1050\">distribution de papeterie<\/strong>, un <strong data-start=\"1054\" data-end=\"1074\">Carnet \u00e0 2 cahiers<\/strong> Offre un \u00e9quilibre id\u00e9al entre capacit\u00e9 et portabilit\u00e9. Choisissez parmi diff\u00e9rents mat\u00e9riaux de couverture, nombres de pages et options de personnalisation, notamment les logos, les couleurs et la mise en page int\u00e9rieure.<\/p>\n<p data-start=\"1258\" data-end=\"1543\">En tant que professionnel <strong data-start=\"1276\" data-end=\"1301\">fabricant d&#039;ordinateurs portables<\/strong>Nous proposons des solutions OEM\/ODM flexibles, des prix de gros comp\u00e9titifs et des d\u00e9lais de livraison rapides. Nos carnets sont imprim\u00e9s sur du papier de qualit\u00e9 sup\u00e9rieure qui r\u00e9siste aux bavures d&#039;encre et offre une \u00e9criture fluide, ce qui les rend parfaits pour les utilisateurs de stylos et de crayons.<\/p>\n<p data-start=\"1545\" data-end=\"1738\">Si vous envisagez d&#039;importer <strong data-start=\"1574\" data-end=\"1591\">livres de comptoir<\/strong> ou <strong data-start=\"1595\" data-end=\"1619\">cahiers manuscrits<\/strong> En gros, contactez-nous d\u00e8s aujourd&#039;hui. B\u00e9n\u00e9ficiez de conseils d&#039;experts, d&#039;\u00e9chantillons gratuits et d&#039;options personnalis\u00e9es adapt\u00e9es aux exigences de votre march\u00e9.<\/p>\n<p data-start=\"1545\" data-end=\"1738\">\n<p data-start=\"1545\" data-end=\"1738\"><strong>Fournisseur:<\/strong> Impression de mouches color\u00e9es<br \/>\n<strong>Obligatoire:<\/strong>Reliure \u00e0 ruban\/agrafe\/couture<br \/>\n<strong>Taille:<\/strong> A3 \/ A4 \/ A5 \/ A6 \/ B5 ou personnalis\u00e9<br \/>\n<strong>Taper:<\/strong>Livre de comptoir \u00e0 couverture rigide<br \/>\n<strong>Mat\u00e9riau de couverture<\/strong>\uff1aSur mesure disponible<br \/>\n<strong>Impression:<\/strong>Impression offset 4c<br \/>\n<strong>Feuilles:<\/strong> 32\/50\/100\/200\/288\/300 feuilles<br \/>\n<strong>Emballage:<\/strong> Emballage standard (sac r\u00e9tractable et carton) ou selon la demande du client<br \/>\n<strong>Logo:<\/strong>Accepter le logo personnalis\u00e9<br \/>\n<strong>Quantit\u00e9 minimale de commande :<\/strong> 5000 pi\u00e8ces<br \/>\n<strong>OEM :<\/strong> Oui<\/p>","protected":false},"featured_media":15720,"comment_status":"open","ping_status":"closed","template":"","meta":[],"product_brand":[],"product_cat":[449],"product_tag":[684,350,685,683],"class_list":{"0":"post-15715","1":"product","2":"type-product","3":"status-publish","4":"has-post-thumbnail","6":"product_cat-hardcover-notebook","7":"product_tag-2-quire-counter-notebook","8":"product_tag-a4-counter-book","9":"product_tag-custom-manuscript-book","10":"product_tag-hardcover-counter-book","12":"first","13":"instock","14":"shipping-taxable","15":"product-type-simple"},"yoast_head":"<!-- This site is optimized with the Yoast SEO Premium plugin v23.9 (Yoast SEO v25.2) - https:\/\/yoast.com\/wordpress\/plugins\/seo\/ -->\n<title>Custom Manuscript Book | 2 Quire Counter Notebook A6 A4<\/title>\n<meta name=\"description\" content=\"Buy high-quality Custom Manuscript Books in 2 Quire format. Available in A6, A5, and A4 sizes. Perfect for school, office, or wholesale supply needs.\" \/>\n<meta name=\"robots\" content=\"index, follow, max-snippet:-1, max-image-preview:large, max-video-preview:-1\" \/>\n<link rel=\"canonical\" href=\"https:\/\/www.colorflyprinting.com\/fr\/produit\/cahier-de-notes-personnalise-cahier-de-2-pages-format-a6-a5-a4\/\" \/>\n<meta property=\"og:locale\" content=\"fr_FR\" \/>\n<meta property=\"og:type\" content=\"article\" \/>\n<meta property=\"og:title\" content=\"Custom Manuscript Book 2 Quire Counter Notebook A6 A5 A4\" \/>\n<meta property=\"og:description\" content=\"Buy high-quality Custom Manuscript Books in 2 Quire format. Available in A6, A5, and A4 sizes. Perfect for school, office, or wholesale supply needs.\" \/>\n<meta property=\"og:url\" content=\"https:\/\/www.colorflyprinting.com\/fr\/produit\/cahier-de-notes-personnalise-cahier-de-2-pages-format-a6-a5-a4\/\" \/>\n<meta property=\"og:site_name\" content=\"colorflyprinting\" \/>\n<meta property=\"article:modified_time\" content=\"2025-12-02T06:09:39+00:00\" \/>\n<meta property=\"og:image\" content=\"https:\/\/www.colorflyprinting.com\/wp-content\/uploads\/2025\/05\/Main-07-4.jpg\" \/>\n\t<meta property=\"og:image:width\" content=\"700\" \/>\n\t<meta property=\"og:image:height\" content=\"700\" \/>\n\t<meta property=\"og:image:type\" content=\"image\/jpeg\" \/>\n<meta name=\"twitter:card\" content=\"summary_large_image\" \/>\n<meta name=\"twitter:label1\" content=\"Dur\u00e9e de lecture estim\u00e9e\" \/>\n\t<meta name=\"twitter:data1\" content=\"1 minute\" \/>\n<script type=\"application\/ld+json\" class=\"yoast-schema-graph\">{\"@context\":\"https:\/\/schema.org\",\"@graph\":[{\"@type\":\"WebPage\",\"@id\":\"https:\/\/www.colorflyprinting.com\/product\/custom-manuscript-book-2-quire-counter-notebook-a6-a5-a4\/\",\"url\":\"https:\/\/www.colorflyprinting.com\/product\/custom-manuscript-book-2-quire-counter-notebook-a6-a5-a4\/\",\"name\":\"Custom Manuscript Book | 2 Quire Counter Notebook A6 A4\",\"isPartOf\":{\"@id\":\"https:\/\/www.colorflyprinting.com\/#website\"},\"primaryImageOfPage\":{\"@id\":\"https:\/\/www.colorflyprinting.com\/product\/custom-manuscript-book-2-quire-counter-notebook-a6-a5-a4\/#primaryimage\"},\"image\":{\"@id\":\"https:\/\/www.colorflyprinting.com\/product\/custom-manuscript-book-2-quire-counter-notebook-a6-a5-a4\/#primaryimage\"},\"thumbnailUrl\":\"https:\/\/www.colorflyprinting.com\/wp-content\/uploads\/2025\/05\/Main-07-4.jpg\",\"datePublished\":\"2025-05-22T06:48:22+00:00\",\"dateModified\":\"2025-12-02T06:09:39+00:00\",\"description\":\"Buy high-quality Custom Manuscript Books in 2 Quire format. Available in A6, A5, and A4 sizes. Perfect for school, office, or wholesale supply needs.\",\"breadcrumb\":{\"@id\":\"https:\/\/www.colorflyprinting.com\/product\/custom-manuscript-book-2-quire-counter-notebook-a6-a5-a4\/#breadcrumb\"},\"inLanguage\":\"fr-FR\",\"potentialAction\":[{\"@type\":\"ReadAction\",\"target\":[\"https:\/\/www.colorflyprinting.com\/product\/custom-manuscript-book-2-quire-counter-notebook-a6-a5-a4\/\"]}]},{\"@type\":\"ImageObject\",\"inLanguage\":\"fr-FR\",\"@id\":\"https:\/\/www.colorflyprinting.com\/product\/custom-manuscript-book-2-quire-counter-notebook-a6-a5-a4\/#primaryimage\",\"url\":\"https:\/\/www.colorflyprinting.com\/wp-content\/uploads\/2025\/05\/Main-07-4.jpg\",\"contentUrl\":\"https:\/\/www.colorflyprinting.com\/wp-content\/uploads\/2025\/05\/Main-07-4.jpg\",\"width\":700,\"height\":700},{\"@type\":\"BreadcrumbList\",\"@id\":\"https:\/\/www.colorflyprinting.com\/product\/custom-manuscript-book-2-quire-counter-notebook-a6-a5-a4\/#breadcrumb\",\"itemListElement\":[{\"@type\":\"ListItem\",\"position\":1,\"name\":\"Home\",\"item\":\"https:\/\/www.colorflyprinting.com\/\"},{\"@type\":\"ListItem\",\"position\":2,\"name\":\"Product\",\"item\":\"https:\/\/www.colorflyprinting.com\/shop\/\"},{\"@type\":\"ListItem\",\"position\":3,\"name\":\"Custom Manuscript Book 2 Quire Counter Notebook A6 A5 A4\"}]},{\"@type\":\"WebSite\",\"@id\":\"https:\/\/www.colorflyprinting.com\/#website\",\"url\":\"https:\/\/www.colorflyprinting.com\/\",\"name\":\"Hefei Colorfly Stationery Co.,Ltd.\",\"description\":\"\",\"publisher\":{\"@id\":\"https:\/\/www.colorflyprinting.com\/#organization\"},\"potentialAction\":[{\"@type\":\"SearchAction\",\"target\":{\"@type\":\"EntryPoint\",\"urlTemplate\":\"https:\/\/www.colorflyprinting.com\/?s={search_term_string}\"},\"query-input\":{\"@type\":\"PropertyValueSpecification\",\"valueRequired\":true,\"valueName\":\"search_term_string\"}}],\"inLanguage\":\"fr-FR\"},{\"@type\":\"Organization\",\"@id\":\"https:\/\/www.colorflyprinting.com\/#organization\",\"name\":\"Hefei Colorfly Stationery Co.,Ltd.\",\"url\":\"https:\/\/www.colorflyprinting.com\/\",\"logo\":{\"@type\":\"ImageObject\",\"inLanguage\":\"fr-FR\",\"@id\":\"https:\/\/www.colorflyprinting.com\/#\/schema\/logo\/image\/\",\"url\":\"https:\/\/www.colorflyprinting.com\/wp-content\/uploads\/2025\/04\/d167665f943610681229e2f4307b9df.jpg\",\"contentUrl\":\"https:\/\/www.colorflyprinting.com\/wp-content\/uploads\/2025\/04\/d167665f943610681229e2f4307b9df.jpg\",\"width\":780,\"height\":780,\"caption\":\"Hefei Colorfly Stationery Co.,Ltd.\"},\"image\":{\"@id\":\"https:\/\/www.colorflyprinting.com\/#\/schema\/logo\/image\/\"}}]}<\/script>\n<!-- \/ Yoast SEO Premium plugin. -->","yoast_head_json":{"title":"Custom Manuscript Book | 2 Quire Counter Notebook A6 A4","description":"Buy high-quality Custom Manuscript Books in 2 Quire format. Available in A6, A5, and A4 sizes. Perfect for school, office, or wholesale supply needs.","robots":{"index":"index","follow":"follow","max-snippet":"max-snippet:-1","max-image-preview":"max-image-preview:large","max-video-preview":"max-video-preview:-1"},"canonical":"https:\/\/www.colorflyprinting.com\/fr\/produit\/cahier-de-notes-personnalise-cahier-de-2-pages-format-a6-a5-a4\/","og_locale":"fr_FR","og_type":"article","og_title":"Custom Manuscript Book 2 Quire Counter Notebook A6 A5 A4","og_description":"Buy high-quality Custom Manuscript Books in 2 Quire format. Available in A6, A5, and A4 sizes. Perfect for school, office, or wholesale supply needs.","og_url":"https:\/\/www.colorflyprinting.com\/fr\/produit\/cahier-de-notes-personnalise-cahier-de-2-pages-format-a6-a5-a4\/","og_site_name":"colorflyprinting","article_modified_time":"2025-12-02T06:09:39+00:00","og_image":[{"width":700,"height":700,"url":"https:\/\/www.colorflyprinting.com\/wp-content\/uploads\/2025\/05\/Main-07-4.jpg","type":"image\/jpeg"}],"twitter_card":"summary_large_image","twitter_misc":{"Dur\u00e9e de lecture estim\u00e9e":"1 minute"},"schema":{"@context":"https:\/\/schema.org","@graph":[{"@type":"WebPage","@id":"https:\/\/www.colorflyprinting.com\/product\/custom-manuscript-book-2-quire-counter-notebook-a6-a5-a4\/","url":"https:\/\/www.colorflyprinting.com\/product\/custom-manuscript-book-2-quire-counter-notebook-a6-a5-a4\/","name":"Custom Manuscript Book | 2 Quire Counter Notebook A6 A4","isPartOf":{"@id":"https:\/\/www.colorflyprinting.com\/#website"},"primaryImageOfPage":{"@id":"https:\/\/www.colorflyprinting.com\/product\/custom-manuscript-book-2-quire-counter-notebook-a6-a5-a4\/#primaryimage"},"image":{"@id":"https:\/\/www.colorflyprinting.com\/product\/custom-manuscript-book-2-quire-counter-notebook-a6-a5-a4\/#primaryimage"},"thumbnailUrl":"https:\/\/www.colorflyprinting.com\/wp-content\/uploads\/2025\/05\/Main-07-4.jpg","datePublished":"2025-05-22T06:48:22+00:00","dateModified":"2025-12-02T06:09:39+00:00","description":"Buy high-quality Custom Manuscript Books in 2 Quire format. Available in A6, A5, and A4 sizes. Perfect for school, office, or wholesale supply needs.","breadcrumb":{"@id":"https:\/\/www.colorflyprinting.com\/product\/custom-manuscript-book-2-quire-counter-notebook-a6-a5-a4\/#breadcrumb"},"inLanguage":"fr-FR","potentialAction":[{"@type":"ReadAction","target":["https:\/\/www.colorflyprinting.com\/product\/custom-manuscript-book-2-quire-counter-notebook-a6-a5-a4\/"]}]},{"@type":"ImageObject","inLanguage":"fr-FR","@id":"https:\/\/www.colorflyprinting.com\/product\/custom-manuscript-book-2-quire-counter-notebook-a6-a5-a4\/#primaryimage","url":"https:\/\/www.colorflyprinting.com\/wp-content\/uploads\/2025\/05\/Main-07-4.jpg","contentUrl":"https:\/\/www.colorflyprinting.com\/wp-content\/uploads\/2025\/05\/Main-07-4.jpg","width":700,"height":700},{"@type":"BreadcrumbList","@id":"https:\/\/www.colorflyprinting.com\/product\/custom-manuscript-book-2-quire-counter-notebook-a6-a5-a4\/#breadcrumb","itemListElement":[{"@type":"ListItem","position":1,"name":"Home","item":"https:\/\/www.colorflyprinting.com\/"},{"@type":"ListItem","position":2,"name":"Product","item":"https:\/\/www.colorflyprinting.com\/shop\/"},{"@type":"ListItem","position":3,"name":"Custom Manuscript Book 2 Quire Counter Notebook A6 A5 A4"}]},{"@type":"WebSite","@id":"https:\/\/www.colorflyprinting.com\/#website","url":"https:\/\/www.colorflyprinting.com\/","name":"Hefei Colorfly Stationery Co.,Ltd.","description":"","publisher":{"@id":"https:\/\/www.colorflyprinting.com\/#organization"},"potentialAction":[{"@type":"SearchAction","target":{"@type":"EntryPoint","urlTemplate":"https:\/\/www.colorflyprinting.com\/?s={search_term_string}"},"query-input":{"@type":"PropertyValueSpecification","valueRequired":true,"valueName":"search_term_string"}}],"inLanguage":"fr-FR"},{"@type":"Organization","@id":"https:\/\/www.colorflyprinting.com\/#organization","name":"Hefei Colorfly Stationery Co.,Ltd.","url":"https:\/\/www.colorflyprinting.com\/","logo":{"@type":"ImageObject","inLanguage":"fr-FR","@id":"https:\/\/www.colorflyprinting.com\/#\/schema\/logo\/image\/","url":"https:\/\/www.colorflyprinting.com\/wp-content\/uploads\/2025\/04\/d167665f943610681229e2f4307b9df.jpg","contentUrl":"https:\/\/www.colorflyprinting.com\/wp-content\/uploads\/2025\/04\/d167665f943610681229e2f4307b9df.jpg","width":780,"height":780,"caption":"Hefei Colorfly Stationery Co.,Ltd."},"image":{"@id":"https:\/\/www.colorflyprinting.com\/#\/schema\/logo\/image\/"}}]}},"_links":{"self":[{"href":"https:\/\/www.colorflyprinting.com\/fr\/wp-json\/wp\/v2\/product\/15715","targetHints":{"allow":["GET"]}}],"collection":[{"href":"https:\/\/www.colorflyprinting.com\/fr\/wp-json\/wp\/v2\/product"}],"about":[{"href":"https:\/\/www.colorflyprinting.com\/fr\/wp-json\/wp\/v2\/types\/product"}],"replies":[{"embeddable":true,"href":"https:\/\/www.colorflyprinting.com\/fr\/wp-json\/wp\/v2\/comments?post=15715"}],"wp:featuredmedia":[{"embeddable":true,"href":"https:\/\/www.colorflyprinting.com\/fr\/wp-json\/wp\/v2\/media\/15720"}],"wp:attachment":[{"href":"https:\/\/www.colorflyprinting.com\/fr\/wp-json\/wp\/v2\/media?parent=15715"}],"wp:term":[{"taxonomy":"product_brand","embeddable":true,"href":"https:\/\/www.colorflyprinting.com\/fr\/wp-json\/wp\/v2\/product_brand?post=15715"},{"taxonomy":"product_cat","embeddable":true,"href":"https:\/\/www.colorflyprinting.com\/fr\/wp-json\/wp\/v2\/product_cat?post=15715"},{"taxonomy":"product_tag","embeddable":true,"href":"https:\/\/www.colorflyprinting.com\/fr\/wp-json\/wp\/v2\/product_tag?post=15715"}],"curies":[{"name":"wp","href":"https:\/\/api.w.org\/{rel}","templated":true}]}}