{"id":14883,"date":"2025-05-14T06:29:32","date_gmt":"2025-05-14T06:29:32","guid":{"rendered":"https:\/\/www.colorflyprinting.com\/?post_type=product&#038;p=14883"},"modified":"2025-12-02T06:00:15","modified_gmt":"2025-12-02T06:00:15","slug":"sewn-binding-composition-notebook-with-black-tape-cover","status":"publish","type":"product","link":"https:\/\/www.colorflyprinting.com\/fr\/produit\/cahier-de-composition-a-reliure-cousue-avec-couverture-en-ruban-noir\/","title":{"rendered":"Carnet de composition \u00e0 reliure cousue avec couverture en ruban adh\u00e9sif noir"},"content":{"rendered":"<table class=\"has-title is-zebra all magic-1\">\n<tbody>\n<tr>\n<td colspan=\"1\" rowspan=\"1\">\n<div class=\"magic-2\">\n<div class=\"magic-3\" data-spm-anchor-id=\"a2700.details-description.0.i0.2bc3aGIeaGIeL9\"><b><span class=\"magic-4\" style=\"font-family: Arial;\">Nom de l&#039;article<\/span><\/b><\/div>\n<\/div>\n<\/td>\n<td colspan=\"5\" rowspan=\"1\">\n<div class=\"magic-5\">\n<div class=\"magic-6\" data-spm-anchor-id=\"a2700.custom-template.0.i24.4f7b3333b2TV7i\">cahier de composition<\/div>\n<\/div>\n<\/td>\n<\/tr>\n<tr>\n<td colspan=\"1\" rowspan=\"1\">\n<div class=\"magic-2\">\n<div class=\"magic-3\"><b><span class=\"magic-4\" style=\"font-family: Arial;\">Taille<\/span><\/b><\/div>\n<\/div>\n<\/td>\n<td colspan=\"5\" rowspan=\"1\">\n<div class=\"magic-10\">personnalis\u00e9<\/div>\n<\/td>\n<\/tr>\n<tr>\n<td colspan=\"1\" rowspan=\"1\">\n<div class=\"magic-2\">\n<div class=\"magic-3\"><b><span class=\"magic-4\" style=\"font-family: Arial;\">Pages<\/span><\/b><\/div>\n<\/div>\n<\/td>\n<td colspan=\"5\" rowspan=\"1\">\n<div class=\"magic-10\">\n<div data-spm-anchor-id=\"0.0.0.i13.59844f05Z16MVb\">personnalis\u00e9<\/div>\n<\/div>\n<\/td>\n<\/tr>\n<tr>\n<td colspan=\"1\" rowspan=\"1\">\n<div class=\"magic-2\">\n<div class=\"magic-3\"><b><span class=\"magic-4\" style=\"font-family: Arial;\">Obligatoire<\/span><\/b><\/div>\n<\/div>\n<\/td>\n<td colspan=\"5\" rowspan=\"1\">\n<div class=\"magic-10\">Reliure \u00e0 coudre<\/div>\n<\/td>\n<\/tr>\n<tr>\n<td colspan=\"1\" rowspan=\"1\">\n<div class=\"magic-2\">\n<div class=\"magic-3\"><b><span class=\"magic-4\" style=\"font-family: Arial;\">Emballage<\/span><\/b><\/div>\n<\/div>\n<\/td>\n<td colspan=\"5\" rowspan=\"1\">\n<div class=\"magic-10\">personnalis\u00e9<\/div>\n<\/td>\n<\/tr>\n<\/tbody>\n<\/table>","protected":false},"excerpt":{"rendered":"<p>Cahiers de composition durables \u00e0 reliure cousue, avec ruban adh\u00e9sif noir et couvertures en carton blanc. Id\u00e9al pour un usage universitaire. Livraison en gros avec logo personnalis\u00e9 disponible pour les commandes B2B.<\/p>\n<p><strong>Fournisseur:<\/strong> Impression de mouches color\u00e9es<br \/>\n<strong>Obligatoire:<\/strong>Couture et reliure<br \/>\n<strong>Taille:<\/strong> personnalis\u00e9<br \/>\n<strong>Taper:<\/strong>Cahier de composition<br \/>\n<strong>Mat\u00e9riau de couverture<\/strong>:papier<br \/>\n<strong>Impression:<\/strong>Impression offset 4c<br \/>\n<strong>Feuilles:<\/strong> 32\/50\/100\/200\/288\/300 feuilles<br \/>\n<strong>Emballage:<\/strong> Emballage standard (sac r\u00e9tractable et carton) ou selon la demande du client<br \/>\n<strong>Logo:<\/strong>Accepter le logo personnalis\u00e9<br \/>\n<strong>Quantit\u00e9 minimale de commande :<\/strong> 10 000 pi\u00e8ces<br \/>\n<strong>OEM :<\/strong> Oui<\/p>\n<p>&nbsp;<\/p>\n<h2>Notre service<\/h2>\n<p>Plus de 13 ans de vente directe par le fabricant<br \/>\nAssistance technique OEM<br \/>\nPrise en charge des packages personnalis\u00e9s<\/p>","protected":false},"featured_media":14888,"comment_status":"open","ping_status":"closed","template":"","meta":[],"product_brand":[],"product_cat":[449],"product_tag":[673,364,674,672],"class_list":{"0":"post-14883","1":"product","2":"type-product","3":"status-publish","4":"has-post-thumbnail","6":"product_cat-hardcover-notebook","7":"product_tag-affordable-composition-notebooks","8":"product_tag-composition-book","9":"product_tag-custom-printing-notebook","10":"product_tag-university-notebook","12":"first","13":"instock","14":"shipping-taxable","15":"product-type-simple"},"yoast_head":"<!-- This site is optimized with the Yoast SEO Premium plugin v23.9 (Yoast SEO v25.2) - https:\/\/yoast.com\/wordpress\/plugins\/seo\/ -->\n<title>Sewn Binding Composition Notebook with Black Tape Cover<\/title>\n<meta name=\"description\" content=\"Durable sewn binding composition notebooks with black tape and white board covers. Ideal for university use. Bulk supply with custom logo available for B2B orders.\" \/>\n<meta name=\"robots\" content=\"index, follow, max-snippet:-1, max-image-preview:large, max-video-preview:-1\" \/>\n<link rel=\"canonical\" href=\"https:\/\/www.colorflyprinting.com\/fr\/produit\/cahier-de-composition-a-reliure-cousue-avec-couverture-en-ruban-noir\/\" \/>\n<meta property=\"og:locale\" content=\"fr_FR\" \/>\n<meta property=\"og:type\" content=\"article\" \/>\n<meta property=\"og:title\" content=\"Sewn Binding Composition Notebook with Black Tape Cover\" \/>\n<meta property=\"og:description\" content=\"Durable sewn binding composition notebooks with black tape and white board covers. Ideal for university use. Bulk supply with custom logo available for B2B orders.\" \/>\n<meta property=\"og:url\" content=\"https:\/\/www.colorflyprinting.com\/fr\/produit\/cahier-de-composition-a-reliure-cousue-avec-couverture-en-ruban-noir\/\" \/>\n<meta property=\"og:site_name\" content=\"colorflyprinting\" \/>\n<meta property=\"article:modified_time\" content=\"2025-12-02T06:00:15+00:00\" \/>\n<meta property=\"og:image\" content=\"https:\/\/www.colorflyprinting.com\/wp-content\/uploads\/2025\/05\/Main-03-6.jpg\" \/>\n\t<meta property=\"og:image:width\" content=\"800\" \/>\n\t<meta property=\"og:image:height\" content=\"800\" \/>\n\t<meta property=\"og:image:type\" content=\"image\/jpeg\" \/>\n<meta name=\"twitter:card\" content=\"summary_large_image\" \/>\n<script type=\"application\/ld+json\" class=\"yoast-schema-graph\">{\"@context\":\"https:\/\/schema.org\",\"@graph\":[{\"@type\":\"WebPage\",\"@id\":\"https:\/\/www.colorflyprinting.com\/product\/sewn-binding-composition-notebook-with-black-tape-cover\/\",\"url\":\"https:\/\/www.colorflyprinting.com\/product\/sewn-binding-composition-notebook-with-black-tape-cover\/\",\"name\":\"Sewn Binding Composition Notebook with Black Tape Cover\",\"isPartOf\":{\"@id\":\"https:\/\/www.colorflyprinting.com\/#website\"},\"primaryImageOfPage\":{\"@id\":\"https:\/\/www.colorflyprinting.com\/product\/sewn-binding-composition-notebook-with-black-tape-cover\/#primaryimage\"},\"image\":{\"@id\":\"https:\/\/www.colorflyprinting.com\/product\/sewn-binding-composition-notebook-with-black-tape-cover\/#primaryimage\"},\"thumbnailUrl\":\"https:\/\/www.colorflyprinting.com\/wp-content\/uploads\/2025\/05\/Main-03-6.jpg\",\"datePublished\":\"2025-05-14T06:29:32+00:00\",\"dateModified\":\"2025-12-02T06:00:15+00:00\",\"description\":\"Durable sewn binding composition notebooks with black tape and white board covers. Ideal for university use. Bulk supply with custom logo available for B2B orders.\",\"breadcrumb\":{\"@id\":\"https:\/\/www.colorflyprinting.com\/product\/sewn-binding-composition-notebook-with-black-tape-cover\/#breadcrumb\"},\"inLanguage\":\"fr-FR\",\"potentialAction\":[{\"@type\":\"ReadAction\",\"target\":[\"https:\/\/www.colorflyprinting.com\/product\/sewn-binding-composition-notebook-with-black-tape-cover\/\"]}]},{\"@type\":\"ImageObject\",\"inLanguage\":\"fr-FR\",\"@id\":\"https:\/\/www.colorflyprinting.com\/product\/sewn-binding-composition-notebook-with-black-tape-cover\/#primaryimage\",\"url\":\"https:\/\/www.colorflyprinting.com\/wp-content\/uploads\/2025\/05\/Main-03-6.jpg\",\"contentUrl\":\"https:\/\/www.colorflyprinting.com\/wp-content\/uploads\/2025\/05\/Main-03-6.jpg\",\"width\":800,\"height\":800},{\"@type\":\"BreadcrumbList\",\"@id\":\"https:\/\/www.colorflyprinting.com\/product\/sewn-binding-composition-notebook-with-black-tape-cover\/#breadcrumb\",\"itemListElement\":[{\"@type\":\"ListItem\",\"position\":1,\"name\":\"Home\",\"item\":\"https:\/\/www.colorflyprinting.com\/\"},{\"@type\":\"ListItem\",\"position\":2,\"name\":\"Product\",\"item\":\"https:\/\/www.colorflyprinting.com\/shop\/\"},{\"@type\":\"ListItem\",\"position\":3,\"name\":\"Sewn Binding Composition Notebook with Black Tape Cover\"}]},{\"@type\":\"WebSite\",\"@id\":\"https:\/\/www.colorflyprinting.com\/#website\",\"url\":\"https:\/\/www.colorflyprinting.com\/\",\"name\":\"Hefei Colorfly Stationery Co.,Ltd.\",\"description\":\"\",\"publisher\":{\"@id\":\"https:\/\/www.colorflyprinting.com\/#organization\"},\"potentialAction\":[{\"@type\":\"SearchAction\",\"target\":{\"@type\":\"EntryPoint\",\"urlTemplate\":\"https:\/\/www.colorflyprinting.com\/?s={search_term_string}\"},\"query-input\":{\"@type\":\"PropertyValueSpecification\",\"valueRequired\":true,\"valueName\":\"search_term_string\"}}],\"inLanguage\":\"fr-FR\"},{\"@type\":\"Organization\",\"@id\":\"https:\/\/www.colorflyprinting.com\/#organization\",\"name\":\"Hefei Colorfly Stationery Co.,Ltd.\",\"url\":\"https:\/\/www.colorflyprinting.com\/\",\"logo\":{\"@type\":\"ImageObject\",\"inLanguage\":\"fr-FR\",\"@id\":\"https:\/\/www.colorflyprinting.com\/#\/schema\/logo\/image\/\",\"url\":\"https:\/\/www.colorflyprinting.com\/wp-content\/uploads\/2025\/04\/d167665f943610681229e2f4307b9df.jpg\",\"contentUrl\":\"https:\/\/www.colorflyprinting.com\/wp-content\/uploads\/2025\/04\/d167665f943610681229e2f4307b9df.jpg\",\"width\":780,\"height\":780,\"caption\":\"Hefei Colorfly Stationery Co.,Ltd.\"},\"image\":{\"@id\":\"https:\/\/www.colorflyprinting.com\/#\/schema\/logo\/image\/\"}}]}<\/script>\n<!-- \/ Yoast SEO Premium plugin. -->","yoast_head_json":{"title":"Sewn Binding Composition Notebook with Black Tape Cover","description":"Durable sewn binding composition notebooks with black tape and white board covers. Ideal for university use. Bulk supply with custom logo available for B2B orders.","robots":{"index":"index","follow":"follow","max-snippet":"max-snippet:-1","max-image-preview":"max-image-preview:large","max-video-preview":"max-video-preview:-1"},"canonical":"https:\/\/www.colorflyprinting.com\/fr\/produit\/cahier-de-composition-a-reliure-cousue-avec-couverture-en-ruban-noir\/","og_locale":"fr_FR","og_type":"article","og_title":"Sewn Binding Composition Notebook with Black Tape Cover","og_description":"Durable sewn binding composition notebooks with black tape and white board covers. Ideal for university use. Bulk supply with custom logo available for B2B orders.","og_url":"https:\/\/www.colorflyprinting.com\/fr\/produit\/cahier-de-composition-a-reliure-cousue-avec-couverture-en-ruban-noir\/","og_site_name":"colorflyprinting","article_modified_time":"2025-12-02T06:00:15+00:00","og_image":[{"width":800,"height":800,"url":"https:\/\/www.colorflyprinting.com\/wp-content\/uploads\/2025\/05\/Main-03-6.jpg","type":"image\/jpeg"}],"twitter_card":"summary_large_image","schema":{"@context":"https:\/\/schema.org","@graph":[{"@type":"WebPage","@id":"https:\/\/www.colorflyprinting.com\/product\/sewn-binding-composition-notebook-with-black-tape-cover\/","url":"https:\/\/www.colorflyprinting.com\/product\/sewn-binding-composition-notebook-with-black-tape-cover\/","name":"Sewn Binding Composition Notebook with Black Tape Cover","isPartOf":{"@id":"https:\/\/www.colorflyprinting.com\/#website"},"primaryImageOfPage":{"@id":"https:\/\/www.colorflyprinting.com\/product\/sewn-binding-composition-notebook-with-black-tape-cover\/#primaryimage"},"image":{"@id":"https:\/\/www.colorflyprinting.com\/product\/sewn-binding-composition-notebook-with-black-tape-cover\/#primaryimage"},"thumbnailUrl":"https:\/\/www.colorflyprinting.com\/wp-content\/uploads\/2025\/05\/Main-03-6.jpg","datePublished":"2025-05-14T06:29:32+00:00","dateModified":"2025-12-02T06:00:15+00:00","description":"Durable sewn binding composition notebooks with black tape and white board covers. Ideal for university use. Bulk supply with custom logo available for B2B orders.","breadcrumb":{"@id":"https:\/\/www.colorflyprinting.com\/product\/sewn-binding-composition-notebook-with-black-tape-cover\/#breadcrumb"},"inLanguage":"fr-FR","potentialAction":[{"@type":"ReadAction","target":["https:\/\/www.colorflyprinting.com\/product\/sewn-binding-composition-notebook-with-black-tape-cover\/"]}]},{"@type":"ImageObject","inLanguage":"fr-FR","@id":"https:\/\/www.colorflyprinting.com\/product\/sewn-binding-composition-notebook-with-black-tape-cover\/#primaryimage","url":"https:\/\/www.colorflyprinting.com\/wp-content\/uploads\/2025\/05\/Main-03-6.jpg","contentUrl":"https:\/\/www.colorflyprinting.com\/wp-content\/uploads\/2025\/05\/Main-03-6.jpg","width":800,"height":800},{"@type":"BreadcrumbList","@id":"https:\/\/www.colorflyprinting.com\/product\/sewn-binding-composition-notebook-with-black-tape-cover\/#breadcrumb","itemListElement":[{"@type":"ListItem","position":1,"name":"Home","item":"https:\/\/www.colorflyprinting.com\/"},{"@type":"ListItem","position":2,"name":"Product","item":"https:\/\/www.colorflyprinting.com\/shop\/"},{"@type":"ListItem","position":3,"name":"Sewn Binding Composition Notebook with Black Tape Cover"}]},{"@type":"WebSite","@id":"https:\/\/www.colorflyprinting.com\/#website","url":"https:\/\/www.colorflyprinting.com\/","name":"Hefei Colorfly Stationery Co.,Ltd.","description":"","publisher":{"@id":"https:\/\/www.colorflyprinting.com\/#organization"},"potentialAction":[{"@type":"SearchAction","target":{"@type":"EntryPoint","urlTemplate":"https:\/\/www.colorflyprinting.com\/?s={search_term_string}"},"query-input":{"@type":"PropertyValueSpecification","valueRequired":true,"valueName":"search_term_string"}}],"inLanguage":"fr-FR"},{"@type":"Organization","@id":"https:\/\/www.colorflyprinting.com\/#organization","name":"Hefei Colorfly Stationery Co.,Ltd.","url":"https:\/\/www.colorflyprinting.com\/","logo":{"@type":"ImageObject","inLanguage":"fr-FR","@id":"https:\/\/www.colorflyprinting.com\/#\/schema\/logo\/image\/","url":"https:\/\/www.colorflyprinting.com\/wp-content\/uploads\/2025\/04\/d167665f943610681229e2f4307b9df.jpg","contentUrl":"https:\/\/www.colorflyprinting.com\/wp-content\/uploads\/2025\/04\/d167665f943610681229e2f4307b9df.jpg","width":780,"height":780,"caption":"Hefei Colorfly Stationery Co.,Ltd."},"image":{"@id":"https:\/\/www.colorflyprinting.com\/#\/schema\/logo\/image\/"}}]}},"_links":{"self":[{"href":"https:\/\/www.colorflyprinting.com\/fr\/wp-json\/wp\/v2\/product\/14883","targetHints":{"allow":["GET"]}}],"collection":[{"href":"https:\/\/www.colorflyprinting.com\/fr\/wp-json\/wp\/v2\/product"}],"about":[{"href":"https:\/\/www.colorflyprinting.com\/fr\/wp-json\/wp\/v2\/types\/product"}],"replies":[{"embeddable":true,"href":"https:\/\/www.colorflyprinting.com\/fr\/wp-json\/wp\/v2\/comments?post=14883"}],"wp:featuredmedia":[{"embeddable":true,"href":"https:\/\/www.colorflyprinting.com\/fr\/wp-json\/wp\/v2\/media\/14888"}],"wp:attachment":[{"href":"https:\/\/www.colorflyprinting.com\/fr\/wp-json\/wp\/v2\/media?parent=14883"}],"wp:term":[{"taxonomy":"product_brand","embeddable":true,"href":"https:\/\/www.colorflyprinting.com\/fr\/wp-json\/wp\/v2\/product_brand?post=14883"},{"taxonomy":"product_cat","embeddable":true,"href":"https:\/\/www.colorflyprinting.com\/fr\/wp-json\/wp\/v2\/product_cat?post=14883"},{"taxonomy":"product_tag","embeddable":true,"href":"https:\/\/www.colorflyprinting.com\/fr\/wp-json\/wp\/v2\/product_tag?post=14883"}],"curies":[{"name":"wp","href":"https:\/\/api.w.org\/{rel}","templated":true}]}}