{"id":12573,"date":"2025-04-29T08:35:12","date_gmt":"2025-04-29T08:35:12","guid":{"rendered":"https:\/\/www.colorflyprinting.com\/?post_type=product&#038;p=12573"},"modified":"2025-12-02T06:04:13","modified_gmt":"2025-12-02T06:04:13","slug":"manufacturer-exercise-books-for-school-kids-custom-printed-notebook","status":"publish","type":"product","link":"https:\/\/www.colorflyprinting.com\/fr\/produit\/fabricant-de-cahiers-dexercices-pour-ecoliers-cahier-imprime-personnalise\/","title":{"rendered":"Fabricant de cahiers d&#039;exercices pour \u00e9coliers, cahier imprim\u00e9 personnalis\u00e9"},"content":{"rendered":"<table class=\"has-title is-zebra hight-light-first-column all magic-7\">\n<tbody>\n<tr>\n<td colspan=\"1\" rowspan=\"1\">\n<div class=\"magic-8\" data-spm-anchor-id=\"a2700.details-description.0.i0.4e7bvNi2vNi230\">Nom<\/div>\n<\/td>\n<td colspan=\"5\" rowspan=\"1\">\n<div class=\"magic-9\">Carnet de notes A5 \u00e0 couverture souple pour \u00e9tudiants<\/div>\n<\/td>\n<\/tr>\n<tr>\n<td colspan=\"1\" rowspan=\"1\">\n<div class=\"magic-8\">\u00a0Taille<\/div>\n<\/td>\n<td colspan=\"5\" rowspan=\"1\">\n<div class=\"magic-14\">A4 \/ A5 \/ 21*29,7 cm \/ 14,8*21 cm \/ 16,5*21,5 cm \/ 17*22 cm \/ personnalis\u00e9<\/div>\n<\/td>\n<\/tr>\n<tr>\n<td colspan=\"1\" rowspan=\"1\">\n<div class=\"magic-8\">Pages<\/div>\n<\/td>\n<td colspan=\"5\" rowspan=\"1\">\n<div class=\"magic-14\">\n<div data-spm-anchor-id=\"0.0.0.i13.59844f05Z16MVb\">32\/50\/100\/200\/288\/300 pages ou personnalis\u00e9<\/div>\n<\/div>\n<\/td>\n<\/tr>\n<tr>\n<td colspan=\"1\" rowspan=\"1\">\n<div class=\"magic-8\">Obligatoire<\/div>\n<\/td>\n<td colspan=\"5\" rowspan=\"1\">\n<div class=\"magic-14\">Reliure agraf\u00e9e, piq\u00fbre \u00e0 cheval<\/div>\n<\/td>\n<\/tr>\n<tr>\n<td colspan=\"1\" rowspan=\"1\">\n<div class=\"magic-8\">Emballage<\/div>\n<\/td>\n<td colspan=\"5\" rowspan=\"1\">\n<div class=\"magic-14\">Emballage r\u00e9gulier (sac r\u00e9tractable et carton) ou selon les demandes du client<\/div>\n<\/td>\n<\/tr>\n<tr>\n<td colspan=\"1\" rowspan=\"1\">\n<div class=\"magic-8\">Imprim\u00e9 \u00e0 l&#039;int\u00e9rieur<\/div>\n<\/td>\n<td colspan=\"5\" rowspan=\"1\">\n<div class=\"magic-9\">Ligne (simple) \/ Ligne fran\u00e7aise \/ Ligne arabe \/ Quadrill\u00e9e \/ Ligne double \/ 4 lignes anglaises<\/div>\n<\/td>\n<\/tr>\n<tr>\n<td colspan=\"1\" rowspan=\"1\">\n<div class=\"magic-8\">Mat\u00e9riau de couverture<\/div>\n<\/td>\n<td colspan=\"5\" rowspan=\"1\">\n<div class=\"magic-9\">Papier d&#039;art (papier brillant) \/ Carton ivoire \/ PP \/ Carton gris 2 mm<\/div>\n<\/td>\n<\/tr>\n<tr>\n<td colspan=\"1\" rowspan=\"1\">\n<div class=\"magic-8\">Quantit\u00e9 minimale de commande<\/div>\n<\/td>\n<td colspan=\"5\" rowspan=\"1\">\n<div class=\"magic-9\">Conteneur de 20 pieds<\/div>\n<\/td>\n<\/tr>\n<tr>\n<td colspan=\"1\" rowspan=\"1\">\n<div class=\"magic-8\">Prix<\/div>\n<\/td>\n<td colspan=\"5\" rowspan=\"1\">\n<div class=\"magic-9\">EX-Work<\/div>\n<\/td>\n<\/tr>\n<tr>\n<td colspan=\"1\" rowspan=\"1\">\n<div class=\"magic-8\">code SH<\/div>\n<\/td>\n<td colspan=\"5\" rowspan=\"1\">\n<div class=\"magic-9\">48202000<\/div>\n<\/td>\n<\/tr>\n<\/tbody>\n<\/table>","protected":false},"excerpt":{"rendered":"<p><strong>Fabricant de cahiers de confiance proposant des cahiers d&#039;exercices personnalis\u00e9s pour les \u00e9coliers. Prise en charge OEM\/ODM avec prix de gros et livraison rapide dans le monde entier.<\/strong><\/p>\n<p><strong>Fournisseur:<\/strong> Impression de mouches color\u00e9es<br \/>\n<strong>Obligatoire:<\/strong>Piq\u00fbre \u00e0 cheval, reliure agraf\u00e9e<br \/>\n<strong>Taille:<\/strong> A5 ou personnalis\u00e9<br \/>\n<strong>Taper:<\/strong>Cahier de composition<br \/>\n<strong>Mat\u00e9riau de couverture<\/strong>\uff1aCuir, papier, PP, carton ivoire\/livre blanc<br \/>\n<strong>Impression:<\/strong>Impression offset 4c<br \/>\n<strong>Feuilles:<\/strong> 32\/50\/100\/200\/288\/300 feuilles<br \/>\n<strong>Emballage:<\/strong> Emballage standard (sac r\u00e9tractable et carton) ou selon la demande du client<br \/>\n<strong>Logo:<\/strong>Accepter le logo personnalis\u00e9<br \/>\n<strong>Quantit\u00e9 minimale de commande :<\/strong> 10 000 pi\u00e8ces<br \/>\n<strong>OEM :<\/strong> Oui<\/p>\n<p>&nbsp;<\/p>\n<h2>Notre service<\/h2>\n<p>Plus de 13 ans de vente directe par le fabricant<br \/>\nAssistance technique OEM<br \/>\nPrise en charge des packages personnalis\u00e9s<\/p>","protected":false},"featured_media":12577,"comment_status":"open","ping_status":"closed","template":"","meta":[],"product_brand":[],"product_cat":[21],"product_tag":[],"class_list":{"0":"post-12573","1":"product","2":"type-product","3":"status-publish","4":"has-post-thumbnail","6":"product_cat-exercise-book","8":"first","9":"instock","10":"featured","11":"shipping-taxable","12":"product-type-simple"},"yoast_head":"<!-- This site is optimized with the Yoast SEO Premium plugin v23.9 (Yoast SEO v25.2) - https:\/\/yoast.com\/wordpress\/plugins\/seo\/ -->\n<title>Manufacturer Exercise Books for School Kids Custom Printed Notebook<\/title>\n<meta name=\"description\" content=\"Trusted notebook manufacturer offering custom-printed exercise books for school kids. OEM\/ODM supported with bulk pricing and fast global delivery.\" \/>\n<meta name=\"robots\" content=\"index, follow, max-snippet:-1, max-image-preview:large, max-video-preview:-1\" \/>\n<link rel=\"canonical\" href=\"https:\/\/www.colorflyprinting.com\/fr\/produit\/fabricant-de-cahiers-dexercices-pour-ecoliers-cahier-imprime-personnalise\/\" \/>\n<meta property=\"og:locale\" content=\"fr_FR\" \/>\n<meta property=\"og:type\" content=\"article\" \/>\n<meta property=\"og:title\" content=\"Manufacturer Exercise Books for School Kids Custom Printed Notebook\" \/>\n<meta property=\"og:description\" content=\"Trusted notebook manufacturer offering custom-printed exercise books for school kids. OEM\/ODM supported with bulk pricing and fast global delivery.\" \/>\n<meta property=\"og:url\" content=\"https:\/\/www.colorflyprinting.com\/fr\/produit\/fabricant-de-cahiers-dexercices-pour-ecoliers-cahier-imprime-personnalise\/\" \/>\n<meta property=\"og:site_name\" content=\"colorflyprinting\" \/>\n<meta property=\"article:modified_time\" content=\"2025-12-02T06:04:13+00:00\" \/>\n<meta property=\"og:image\" content=\"https:\/\/www.colorflyprinting.com\/wp-content\/uploads\/2025\/04\/Main-01-36.jpg\" \/>\n\t<meta property=\"og:image:width\" content=\"1200\" \/>\n\t<meta property=\"og:image:height\" content=\"1200\" \/>\n\t<meta property=\"og:image:type\" content=\"image\/jpeg\" \/>\n<meta name=\"twitter:card\" content=\"summary_large_image\" \/>\n<script type=\"application\/ld+json\" class=\"yoast-schema-graph\">{\"@context\":\"https:\/\/schema.org\",\"@graph\":[{\"@type\":\"WebPage\",\"@id\":\"https:\/\/www.colorflyprinting.com\/product\/manufacturer-exercise-books-for-school-kids-custom-printed-notebook\/\",\"url\":\"https:\/\/www.colorflyprinting.com\/product\/manufacturer-exercise-books-for-school-kids-custom-printed-notebook\/\",\"name\":\"Manufacturer Exercise Books for School Kids Custom Printed Notebook\",\"isPartOf\":{\"@id\":\"https:\/\/www.colorflyprinting.com\/#website\"},\"primaryImageOfPage\":{\"@id\":\"https:\/\/www.colorflyprinting.com\/product\/manufacturer-exercise-books-for-school-kids-custom-printed-notebook\/#primaryimage\"},\"image\":{\"@id\":\"https:\/\/www.colorflyprinting.com\/product\/manufacturer-exercise-books-for-school-kids-custom-printed-notebook\/#primaryimage\"},\"thumbnailUrl\":\"https:\/\/www.colorflyprinting.com\/wp-content\/uploads\/2025\/04\/Main-01-36.jpg\",\"datePublished\":\"2025-04-29T08:35:12+00:00\",\"dateModified\":\"2025-12-02T06:04:13+00:00\",\"description\":\"Trusted notebook manufacturer offering custom-printed exercise books for school kids. OEM\/ODM supported with bulk pricing and fast global delivery.\",\"breadcrumb\":{\"@id\":\"https:\/\/www.colorflyprinting.com\/product\/manufacturer-exercise-books-for-school-kids-custom-printed-notebook\/#breadcrumb\"},\"inLanguage\":\"fr-FR\",\"potentialAction\":[{\"@type\":\"ReadAction\",\"target\":[\"https:\/\/www.colorflyprinting.com\/product\/manufacturer-exercise-books-for-school-kids-custom-printed-notebook\/\"]}]},{\"@type\":\"ImageObject\",\"inLanguage\":\"fr-FR\",\"@id\":\"https:\/\/www.colorflyprinting.com\/product\/manufacturer-exercise-books-for-school-kids-custom-printed-notebook\/#primaryimage\",\"url\":\"https:\/\/www.colorflyprinting.com\/wp-content\/uploads\/2025\/04\/Main-01-36.jpg\",\"contentUrl\":\"https:\/\/www.colorflyprinting.com\/wp-content\/uploads\/2025\/04\/Main-01-36.jpg\",\"width\":1200,\"height\":1200},{\"@type\":\"BreadcrumbList\",\"@id\":\"https:\/\/www.colorflyprinting.com\/product\/manufacturer-exercise-books-for-school-kids-custom-printed-notebook\/#breadcrumb\",\"itemListElement\":[{\"@type\":\"ListItem\",\"position\":1,\"name\":\"Home\",\"item\":\"https:\/\/www.colorflyprinting.com\/\"},{\"@type\":\"ListItem\",\"position\":2,\"name\":\"Product\",\"item\":\"https:\/\/www.colorflyprinting.com\/shop\/\"},{\"@type\":\"ListItem\",\"position\":3,\"name\":\"Manufacturer Exercise Books for School Kids Custom Printed Notebook\"}]},{\"@type\":\"WebSite\",\"@id\":\"https:\/\/www.colorflyprinting.com\/#website\",\"url\":\"https:\/\/www.colorflyprinting.com\/\",\"name\":\"Hefei Colorfly Stationery Co.,Ltd.\",\"description\":\"\",\"publisher\":{\"@id\":\"https:\/\/www.colorflyprinting.com\/#organization\"},\"potentialAction\":[{\"@type\":\"SearchAction\",\"target\":{\"@type\":\"EntryPoint\",\"urlTemplate\":\"https:\/\/www.colorflyprinting.com\/?s={search_term_string}\"},\"query-input\":{\"@type\":\"PropertyValueSpecification\",\"valueRequired\":true,\"valueName\":\"search_term_string\"}}],\"inLanguage\":\"fr-FR\"},{\"@type\":\"Organization\",\"@id\":\"https:\/\/www.colorflyprinting.com\/#organization\",\"name\":\"Hefei Colorfly Stationery Co.,Ltd.\",\"url\":\"https:\/\/www.colorflyprinting.com\/\",\"logo\":{\"@type\":\"ImageObject\",\"inLanguage\":\"fr-FR\",\"@id\":\"https:\/\/www.colorflyprinting.com\/#\/schema\/logo\/image\/\",\"url\":\"https:\/\/www.colorflyprinting.com\/wp-content\/uploads\/2025\/04\/d167665f943610681229e2f4307b9df.jpg\",\"contentUrl\":\"https:\/\/www.colorflyprinting.com\/wp-content\/uploads\/2025\/04\/d167665f943610681229e2f4307b9df.jpg\",\"width\":780,\"height\":780,\"caption\":\"Hefei Colorfly Stationery Co.,Ltd.\"},\"image\":{\"@id\":\"https:\/\/www.colorflyprinting.com\/#\/schema\/logo\/image\/\"}}]}<\/script>\n<!-- \/ Yoast SEO Premium plugin. -->","yoast_head_json":{"title":"Manufacturer Exercise Books for School Kids Custom Printed Notebook","description":"Trusted notebook manufacturer offering custom-printed exercise books for school kids. OEM\/ODM supported with bulk pricing and fast global delivery.","robots":{"index":"index","follow":"follow","max-snippet":"max-snippet:-1","max-image-preview":"max-image-preview:large","max-video-preview":"max-video-preview:-1"},"canonical":"https:\/\/www.colorflyprinting.com\/fr\/produit\/fabricant-de-cahiers-dexercices-pour-ecoliers-cahier-imprime-personnalise\/","og_locale":"fr_FR","og_type":"article","og_title":"Manufacturer Exercise Books for School Kids Custom Printed Notebook","og_description":"Trusted notebook manufacturer offering custom-printed exercise books for school kids. OEM\/ODM supported with bulk pricing and fast global delivery.","og_url":"https:\/\/www.colorflyprinting.com\/fr\/produit\/fabricant-de-cahiers-dexercices-pour-ecoliers-cahier-imprime-personnalise\/","og_site_name":"colorflyprinting","article_modified_time":"2025-12-02T06:04:13+00:00","og_image":[{"width":1200,"height":1200,"url":"https:\/\/www.colorflyprinting.com\/wp-content\/uploads\/2025\/04\/Main-01-36.jpg","type":"image\/jpeg"}],"twitter_card":"summary_large_image","schema":{"@context":"https:\/\/schema.org","@graph":[{"@type":"WebPage","@id":"https:\/\/www.colorflyprinting.com\/product\/manufacturer-exercise-books-for-school-kids-custom-printed-notebook\/","url":"https:\/\/www.colorflyprinting.com\/product\/manufacturer-exercise-books-for-school-kids-custom-printed-notebook\/","name":"Manufacturer Exercise Books for School Kids Custom Printed Notebook","isPartOf":{"@id":"https:\/\/www.colorflyprinting.com\/#website"},"primaryImageOfPage":{"@id":"https:\/\/www.colorflyprinting.com\/product\/manufacturer-exercise-books-for-school-kids-custom-printed-notebook\/#primaryimage"},"image":{"@id":"https:\/\/www.colorflyprinting.com\/product\/manufacturer-exercise-books-for-school-kids-custom-printed-notebook\/#primaryimage"},"thumbnailUrl":"https:\/\/www.colorflyprinting.com\/wp-content\/uploads\/2025\/04\/Main-01-36.jpg","datePublished":"2025-04-29T08:35:12+00:00","dateModified":"2025-12-02T06:04:13+00:00","description":"Trusted notebook manufacturer offering custom-printed exercise books for school kids. OEM\/ODM supported with bulk pricing and fast global delivery.","breadcrumb":{"@id":"https:\/\/www.colorflyprinting.com\/product\/manufacturer-exercise-books-for-school-kids-custom-printed-notebook\/#breadcrumb"},"inLanguage":"fr-FR","potentialAction":[{"@type":"ReadAction","target":["https:\/\/www.colorflyprinting.com\/product\/manufacturer-exercise-books-for-school-kids-custom-printed-notebook\/"]}]},{"@type":"ImageObject","inLanguage":"fr-FR","@id":"https:\/\/www.colorflyprinting.com\/product\/manufacturer-exercise-books-for-school-kids-custom-printed-notebook\/#primaryimage","url":"https:\/\/www.colorflyprinting.com\/wp-content\/uploads\/2025\/04\/Main-01-36.jpg","contentUrl":"https:\/\/www.colorflyprinting.com\/wp-content\/uploads\/2025\/04\/Main-01-36.jpg","width":1200,"height":1200},{"@type":"BreadcrumbList","@id":"https:\/\/www.colorflyprinting.com\/product\/manufacturer-exercise-books-for-school-kids-custom-printed-notebook\/#breadcrumb","itemListElement":[{"@type":"ListItem","position":1,"name":"Home","item":"https:\/\/www.colorflyprinting.com\/"},{"@type":"ListItem","position":2,"name":"Product","item":"https:\/\/www.colorflyprinting.com\/shop\/"},{"@type":"ListItem","position":3,"name":"Manufacturer Exercise Books for School Kids Custom Printed Notebook"}]},{"@type":"WebSite","@id":"https:\/\/www.colorflyprinting.com\/#website","url":"https:\/\/www.colorflyprinting.com\/","name":"Hefei Colorfly Stationery Co.,Ltd.","description":"","publisher":{"@id":"https:\/\/www.colorflyprinting.com\/#organization"},"potentialAction":[{"@type":"SearchAction","target":{"@type":"EntryPoint","urlTemplate":"https:\/\/www.colorflyprinting.com\/?s={search_term_string}"},"query-input":{"@type":"PropertyValueSpecification","valueRequired":true,"valueName":"search_term_string"}}],"inLanguage":"fr-FR"},{"@type":"Organization","@id":"https:\/\/www.colorflyprinting.com\/#organization","name":"Hefei Colorfly Stationery Co.,Ltd.","url":"https:\/\/www.colorflyprinting.com\/","logo":{"@type":"ImageObject","inLanguage":"fr-FR","@id":"https:\/\/www.colorflyprinting.com\/#\/schema\/logo\/image\/","url":"https:\/\/www.colorflyprinting.com\/wp-content\/uploads\/2025\/04\/d167665f943610681229e2f4307b9df.jpg","contentUrl":"https:\/\/www.colorflyprinting.com\/wp-content\/uploads\/2025\/04\/d167665f943610681229e2f4307b9df.jpg","width":780,"height":780,"caption":"Hefei Colorfly Stationery Co.,Ltd."},"image":{"@id":"https:\/\/www.colorflyprinting.com\/#\/schema\/logo\/image\/"}}]}},"_links":{"self":[{"href":"https:\/\/www.colorflyprinting.com\/fr\/wp-json\/wp\/v2\/product\/12573","targetHints":{"allow":["GET"]}}],"collection":[{"href":"https:\/\/www.colorflyprinting.com\/fr\/wp-json\/wp\/v2\/product"}],"about":[{"href":"https:\/\/www.colorflyprinting.com\/fr\/wp-json\/wp\/v2\/types\/product"}],"replies":[{"embeddable":true,"href":"https:\/\/www.colorflyprinting.com\/fr\/wp-json\/wp\/v2\/comments?post=12573"}],"wp:featuredmedia":[{"embeddable":true,"href":"https:\/\/www.colorflyprinting.com\/fr\/wp-json\/wp\/v2\/media\/12577"}],"wp:attachment":[{"href":"https:\/\/www.colorflyprinting.com\/fr\/wp-json\/wp\/v2\/media?parent=12573"}],"wp:term":[{"taxonomy":"product_brand","embeddable":true,"href":"https:\/\/www.colorflyprinting.com\/fr\/wp-json\/wp\/v2\/product_brand?post=12573"},{"taxonomy":"product_cat","embeddable":true,"href":"https:\/\/www.colorflyprinting.com\/fr\/wp-json\/wp\/v2\/product_cat?post=12573"},{"taxonomy":"product_tag","embeddable":true,"href":"https:\/\/www.colorflyprinting.com\/fr\/wp-json\/wp\/v2\/product_tag?post=12573"}],"curies":[{"name":"wp","href":"https:\/\/api.w.org\/{rel}","templated":true}]}}