{"id":12565,"date":"2025-04-29T08:26:36","date_gmt":"2025-04-29T08:26:36","guid":{"rendered":"https:\/\/www.colorflyprinting.com\/?post_type=product&#038;p=12565"},"modified":"2025-05-12T05:36:41","modified_gmt":"2025-05-12T05:36:41","slug":"school-supplies-80-leaves-custom-a6-notebook-for-students","status":"publish","type":"product","link":"https:\/\/www.colorflyprinting.com\/fr\/produit\/fournitures-scolaires-cahier-a6-personnalise-de-80-feuilles-pour-etudiants\/","title":{"rendered":"Fournitures scolaires\u00a0: cahier A6 personnalis\u00e9 \u00e0 80 feuilles pour \u00e9tudiants"},"content":{"rendered":"<table class=\"has-title hight-light-first-column all magic-1\">\n<tbody>\n<tr>\n<td colspan=\"1\" rowspan=\"1\">\n<div class=\"magic-2\" data-spm-anchor-id=\"a2700.details-description.0.i0.4a2dz9u5z9u59P\">Nom du produit<\/div>\n<\/td>\n<td colspan=\"5\" rowspan=\"1\">\n<div class=\"magic-3\">\n<div data-spm-anchor-id=\"0.0.0.i3.59844f05Z16MVb\">Cahier d&#039;exercices<\/div>\n<\/div>\n<\/td>\n<\/tr>\n<tr>\n<td colspan=\"1\" rowspan=\"1\">\n<div class=\"magic-2\">Pages<\/div>\n<\/td>\n<td colspan=\"5\" rowspan=\"1\">\n<div class=\"magic-3\">\n<div data-spm-anchor-id=\"0.0.0.i13.59844f05Z16MVb\"><b data-spm-anchor-id=\"a2700.pc-decorate.0.i1.66d63333zSjSdQ\">40\/60\/80\/100\/120<\/b>\u00a0<span class=\"magic-8\" data-spm-anchor-id=\"a2700.siteadmin.0.i1.50343333qr8b5a\">Feuille<\/span><\/div>\n<\/div>\n<\/td>\n<\/tr>\n<tr>\n<td colspan=\"1\" rowspan=\"1\">\n<div class=\"magic-2\">Taille<\/div>\n<\/td>\n<td colspan=\"5\" rowspan=\"1\">\n<div class=\"magic-3\">17*24cm<\/div>\n<\/td>\n<\/tr>\n<tr>\n<td colspan=\"1\" rowspan=\"1\">\n<div class=\"magic-2\">Mat\u00e9riau de couverture<\/div>\n<\/td>\n<td colspan=\"5\" rowspan=\"1\">\n<div class=\"magic-3\"><span data-spm-anchor-id=\"a2700.siteadmin.0.i3.2c2cac408m8z7C\">Papier offset\u00a0<\/span>\/<b>\u00a0Art<\/b><span data-spm-anchor-id=\"a2700.siteadmin.0.i5.3695ac409PucPs\"><span class=\"magic-8\" data-spm-anchor-id=\"a2700.siteadmin.0.i2.5a3aac40q3OITJ\"><b data-spm-anchor-id=\"a2700.pc-decorate.0.i1.45363333UhJgUs\">\u00a0papier<\/b><\/span>\u00a0<\/span>\/\u00a0<span class=\"magic-8\" data-spm-anchor-id=\"a2700.siteadmin.0.i4.5b02ac40xsPeql\">PP<\/span>\u00a0\/ Carton gris 2 mm \/\u00a0<span data-spm-anchor-id=\"a2700.siteadmin.0.i7.5b02ac40xsPeql\">Carton\u00a0<\/span><span data-spm-anchor-id=\"a2700.siteadmin.0.i7.5b02ac40xsPeql\">\/ Papier d&#039;art<\/span><\/div>\n<\/td>\n<\/tr>\n<tr>\n<td colspan=\"1\" rowspan=\"1\">\n<div class=\"magic-2\">Conception de la couverture<\/div>\n<\/td>\n<td colspan=\"5\" rowspan=\"1\">\n<div class=\"magic-9\">Acceptez votre logo et votre design avec une impression en couleur<\/div>\n<\/td>\n<\/tr>\n<tr>\n<td colspan=\"1\" rowspan=\"1\">\n<div class=\"magic-2\">Imprim\u00e9 \u00e0 l&#039;int\u00e9rieur<\/div>\n<\/td>\n<td colspan=\"5\" rowspan=\"1\">\n<div class=\"magic-9\"><span data-spm-anchor-id=\"a2700.siteadmin.0.i4.50343333qr8b5a\"><span class=\"magic-8\" data-spm-anchor-id=\"a2700.siteadmin.0.i6.1556ac40sKnrp4\">Ligne dominante (simple)<\/span>\u00a0<\/span>\/\u00a0<span class=\"magic-8\" data-spm-anchor-id=\"a2700.siteadmin.0.i7.5090ac40bUufpA\">ligne fran\u00e7aise<\/span>\u00a0\/ Ligne arabe \/<b>\u00a0<\/b><span data-spm-anchor-id=\"a2700.siteadmin.0.i11.7dbcac40hV6uRY\"><span class=\"magic-8\" data-spm-anchor-id=\"a2700.siteadmin.0.i4.11caac40d9v56N\">Quadrill\u00e9<\/span>\u00a0<\/span>\/\u00a0<span data-spm-anchor-id=\"a2700.siteadmin.0.i6.2c2cac408m8z7C\">Double ligne<\/span>\/\u00a0<b data-spm-anchor-id=\"a2700.siteadmin.0.i9.2417ac40ZnchN4\">Impression personnalis\u00e9e<\/b><\/div>\n<\/td>\n<\/tr>\n<tr>\n<td colspan=\"1\" rowspan=\"1\">\n<div class=\"magic-2\">Papier int\u00e9rieur GSM<\/div>\n<\/td>\n<td colspan=\"5\" rowspan=\"1\">\n<div class=\"magic-9\">55 \/\u00a0<b>60<\/b>\u00a0\/ 70 \/ 80 g\/m\u00b2<\/div>\n<\/td>\n<\/tr>\n<tr>\n<td colspan=\"1\" rowspan=\"1\">\n<div class=\"magic-2\">Usage<\/div>\n<\/td>\n<td colspan=\"5\" rowspan=\"1\">\n<div class=\"magic-9\">\u00c9cole \/ Bureau \/ Cadeau<\/div>\n<\/td>\n<\/tr>\n<tr>\n<td colspan=\"1\" rowspan=\"1\">\n<div class=\"magic-2\">Emballage<\/div>\n<\/td>\n<td colspan=\"5\" rowspan=\"1\">\n<div class=\"magic-9\">Sac r\u00e9tractable \/ sac en plastique et carton d&#039;exportation standard<\/div>\n<\/td>\n<\/tr>\n<tr>\n<td colspan=\"1\" rowspan=\"1\">\n<div class=\"magic-2\">code SH<\/div>\n<\/td>\n<td colspan=\"5\" rowspan=\"1\">\n<div class=\"magic-9\">\n<div class=\"magic-14\" data-spm-anchor-id=\"0.0.0.i72.59844f058KU4GW\">48202000<\/div>\n<\/div>\n<\/td>\n<\/tr>\n<tr>\n<td colspan=\"1\" rowspan=\"1\">\n<div class=\"magic-2\">Temps d&#039;\u00e9chantillonnage<\/div>\n<\/td>\n<td colspan=\"5\" rowspan=\"1\">\n<div class=\"magic-9\">L&#039;\u00e9chantillon est gratuit et vous sera envoy\u00e9 un jour seulement apr\u00e8s confirmation des sp\u00e9cifications<\/div>\n<\/td>\n<\/tr>\n<tr>\n<td colspan=\"1\" rowspan=\"1\">\n<div class=\"magic-2\">D\u00e9tails de livraison<\/div>\n<\/td>\n<td colspan=\"5\" rowspan=\"1\">\n<div class=\"magic-9\">Environ 25 jours apr\u00e8s r\u00e9ception de votre acompte.<\/div>\n<\/td>\n<\/tr>\n<\/tbody>\n<\/table>","protected":false},"excerpt":{"rendered":"<p><strong>Procurez-vous des cahiers A6 personnalis\u00e9s \u00e0 80 feuilles \u00e0 prix abordable, parfaits pour les \u00e9tudiants. Parfaits pour les acheteurs et les grossistes de fournitures scolaires. OEM\/ODM disponibles depuis l&#039;usine chinoise.<\/strong><\/p>\n<p><strong>Fournisseur:<\/strong> Impression de mouches color\u00e9es<br \/>\n<strong>Obligatoire:<\/strong>Piq\u00fbre \u00e0 cheval, reliure agraf\u00e9e<br \/>\n<strong>Taille:<\/strong> 17*22 cm ou personnalis\u00e9<br \/>\n<strong>Taper:<\/strong>Cahier d&#039;exercices<br \/>\n<strong>Mat\u00e9riau de couverture<\/strong>Couverture souple<br \/>\n<strong>Impression:<\/strong>Impression offset 4c<br \/>\n<strong>Feuilles:<\/strong> 40\/60\/80\/100\/120 feuilles<br \/>\n<strong>Emballage:<\/strong> Emballage standard (sac r\u00e9tractable et carton) ou selon la demande du client<br \/>\n<strong>Logo:<\/strong>Accepter le logo personnalis\u00e9<br \/>\n<strong>Quantit\u00e9 minimale de commande :<\/strong> 10 000 pi\u00e8ces<br \/>\n<strong>OEM :<\/strong> Oui<\/p>\n<p>&nbsp;<\/p>\n<p>&nbsp;<\/p>\n<h2>Notre service<\/h2>\n<p>Plus de 13 ans de vente directe par le fabricant<br \/>\nAssistance technique OEM<br \/>\nPrise en charge des packages personnalis\u00e9s<\/p>","protected":false},"featured_media":12566,"comment_status":"open","ping_status":"closed","template":"","meta":[],"product_brand":[],"product_cat":[21,542,495],"product_tag":[627,626],"class_list":{"0":"post-12565","1":"product","2":"type-product","3":"status-publish","4":"has-post-thumbnail","6":"product_cat-exercise-book","7":"product_cat-pp-cover-exercise-book","8":"product_cat-soft-cover-exercise-book","9":"product_tag-a6-notebook-for-students","10":"product_tag-school-supplies-80-leaves","12":"first","13":"instock","14":"featured","15":"shipping-taxable","16":"product-type-simple"},"yoast_head":"<!-- This site is optimized with the Yoast SEO Premium plugin v23.9 (Yoast SEO v25.2) - https:\/\/yoast.com\/wordpress\/plugins\/seo\/ -->\n<title>School Supplies 80 Leaves Custom A6 Notebook for Students<\/title>\n<meta name=\"description\" content=\"Get affordable custom A6 notebooks with 80 leaves, ideal for student use. Perfect for school supplies buyers and wholesalers. OEM\/ODM available from China factory.\" \/>\n<meta name=\"robots\" content=\"index, follow, max-snippet:-1, max-image-preview:large, max-video-preview:-1\" \/>\n<link rel=\"canonical\" href=\"https:\/\/www.colorflyprinting.com\/fr\/produit\/fournitures-scolaires-cahier-a6-personnalise-de-80-feuilles-pour-etudiants\/\" \/>\n<meta property=\"og:locale\" content=\"fr_FR\" \/>\n<meta property=\"og:type\" content=\"article\" \/>\n<meta property=\"og:title\" content=\"School Supplies 80 Leaves Custom A6 Notebook for Students\" \/>\n<meta property=\"og:description\" content=\"Get affordable custom A6 notebooks with 80 leaves, ideal for student use. Perfect for school supplies buyers and wholesalers. OEM\/ODM available from China factory.\" \/>\n<meta property=\"og:url\" content=\"https:\/\/www.colorflyprinting.com\/fr\/produit\/fournitures-scolaires-cahier-a6-personnalise-de-80-feuilles-pour-etudiants\/\" \/>\n<meta property=\"og:site_name\" content=\"colorflyprinting\" \/>\n<meta property=\"article:modified_time\" content=\"2025-05-12T05:36:41+00:00\" \/>\n<meta property=\"og:image\" content=\"https:\/\/www.colorflyprinting.com\/wp-content\/uploads\/2025\/04\/Main-04-35.jpg\" \/>\n\t<meta property=\"og:image:width\" content=\"800\" \/>\n\t<meta property=\"og:image:height\" content=\"800\" \/>\n\t<meta property=\"og:image:type\" content=\"image\/jpeg\" \/>\n<meta name=\"twitter:card\" content=\"summary_large_image\" \/>\n<script type=\"application\/ld+json\" class=\"yoast-schema-graph\">{\"@context\":\"https:\/\/schema.org\",\"@graph\":[{\"@type\":\"WebPage\",\"@id\":\"https:\/\/www.colorflyprinting.com\/product\/school-supplies-80-leaves-custom-a6-notebook-for-students\/\",\"url\":\"https:\/\/www.colorflyprinting.com\/product\/school-supplies-80-leaves-custom-a6-notebook-for-students\/\",\"name\":\"School Supplies 80 Leaves Custom A6 Notebook for Students\",\"isPartOf\":{\"@id\":\"https:\/\/www.colorflyprinting.com\/#website\"},\"primaryImageOfPage\":{\"@id\":\"https:\/\/www.colorflyprinting.com\/product\/school-supplies-80-leaves-custom-a6-notebook-for-students\/#primaryimage\"},\"image\":{\"@id\":\"https:\/\/www.colorflyprinting.com\/product\/school-supplies-80-leaves-custom-a6-notebook-for-students\/#primaryimage\"},\"thumbnailUrl\":\"https:\/\/www.colorflyprinting.com\/wp-content\/uploads\/2025\/04\/Main-04-35.jpg\",\"datePublished\":\"2025-04-29T08:26:36+00:00\",\"dateModified\":\"2025-05-12T05:36:41+00:00\",\"description\":\"Get affordable custom A6 notebooks with 80 leaves, ideal for student use. Perfect for school supplies buyers and wholesalers. OEM\/ODM available from China factory.\",\"breadcrumb\":{\"@id\":\"https:\/\/www.colorflyprinting.com\/product\/school-supplies-80-leaves-custom-a6-notebook-for-students\/#breadcrumb\"},\"inLanguage\":\"fr-FR\",\"potentialAction\":[{\"@type\":\"ReadAction\",\"target\":[\"https:\/\/www.colorflyprinting.com\/product\/school-supplies-80-leaves-custom-a6-notebook-for-students\/\"]}]},{\"@type\":\"ImageObject\",\"inLanguage\":\"fr-FR\",\"@id\":\"https:\/\/www.colorflyprinting.com\/product\/school-supplies-80-leaves-custom-a6-notebook-for-students\/#primaryimage\",\"url\":\"https:\/\/www.colorflyprinting.com\/wp-content\/uploads\/2025\/04\/Main-04-35.jpg\",\"contentUrl\":\"https:\/\/www.colorflyprinting.com\/wp-content\/uploads\/2025\/04\/Main-04-35.jpg\",\"width\":800,\"height\":800},{\"@type\":\"BreadcrumbList\",\"@id\":\"https:\/\/www.colorflyprinting.com\/product\/school-supplies-80-leaves-custom-a6-notebook-for-students\/#breadcrumb\",\"itemListElement\":[{\"@type\":\"ListItem\",\"position\":1,\"name\":\"Home\",\"item\":\"https:\/\/www.colorflyprinting.com\/\"},{\"@type\":\"ListItem\",\"position\":2,\"name\":\"Product\",\"item\":\"https:\/\/www.colorflyprinting.com\/shop\/\"},{\"@type\":\"ListItem\",\"position\":3,\"name\":\"School Supplies 80 Leaves Custom A6 Notebook for Students\"}]},{\"@type\":\"WebSite\",\"@id\":\"https:\/\/www.colorflyprinting.com\/#website\",\"url\":\"https:\/\/www.colorflyprinting.com\/\",\"name\":\"Hefei Colorfly Stationery Co.,Ltd.\",\"description\":\"\",\"publisher\":{\"@id\":\"https:\/\/www.colorflyprinting.com\/#organization\"},\"potentialAction\":[{\"@type\":\"SearchAction\",\"target\":{\"@type\":\"EntryPoint\",\"urlTemplate\":\"https:\/\/www.colorflyprinting.com\/?s={search_term_string}\"},\"query-input\":{\"@type\":\"PropertyValueSpecification\",\"valueRequired\":true,\"valueName\":\"search_term_string\"}}],\"inLanguage\":\"fr-FR\"},{\"@type\":\"Organization\",\"@id\":\"https:\/\/www.colorflyprinting.com\/#organization\",\"name\":\"Hefei Colorfly Stationery Co.,Ltd.\",\"url\":\"https:\/\/www.colorflyprinting.com\/\",\"logo\":{\"@type\":\"ImageObject\",\"inLanguage\":\"fr-FR\",\"@id\":\"https:\/\/www.colorflyprinting.com\/#\/schema\/logo\/image\/\",\"url\":\"https:\/\/www.colorflyprinting.com\/wp-content\/uploads\/2025\/04\/d167665f943610681229e2f4307b9df.jpg\",\"contentUrl\":\"https:\/\/www.colorflyprinting.com\/wp-content\/uploads\/2025\/04\/d167665f943610681229e2f4307b9df.jpg\",\"width\":780,\"height\":780,\"caption\":\"Hefei Colorfly Stationery Co.,Ltd.\"},\"image\":{\"@id\":\"https:\/\/www.colorflyprinting.com\/#\/schema\/logo\/image\/\"}}]}<\/script>\n<!-- \/ Yoast SEO Premium plugin. -->","yoast_head_json":{"title":"School Supplies 80 Leaves Custom A6 Notebook for Students","description":"Get affordable custom A6 notebooks with 80 leaves, ideal for student use. Perfect for school supplies buyers and wholesalers. OEM\/ODM available from China factory.","robots":{"index":"index","follow":"follow","max-snippet":"max-snippet:-1","max-image-preview":"max-image-preview:large","max-video-preview":"max-video-preview:-1"},"canonical":"https:\/\/www.colorflyprinting.com\/fr\/produit\/fournitures-scolaires-cahier-a6-personnalise-de-80-feuilles-pour-etudiants\/","og_locale":"fr_FR","og_type":"article","og_title":"School Supplies 80 Leaves Custom A6 Notebook for Students","og_description":"Get affordable custom A6 notebooks with 80 leaves, ideal for student use. Perfect for school supplies buyers and wholesalers. OEM\/ODM available from China factory.","og_url":"https:\/\/www.colorflyprinting.com\/fr\/produit\/fournitures-scolaires-cahier-a6-personnalise-de-80-feuilles-pour-etudiants\/","og_site_name":"colorflyprinting","article_modified_time":"2025-05-12T05:36:41+00:00","og_image":[{"width":800,"height":800,"url":"https:\/\/www.colorflyprinting.com\/wp-content\/uploads\/2025\/04\/Main-04-35.jpg","type":"image\/jpeg"}],"twitter_card":"summary_large_image","schema":{"@context":"https:\/\/schema.org","@graph":[{"@type":"WebPage","@id":"https:\/\/www.colorflyprinting.com\/product\/school-supplies-80-leaves-custom-a6-notebook-for-students\/","url":"https:\/\/www.colorflyprinting.com\/product\/school-supplies-80-leaves-custom-a6-notebook-for-students\/","name":"School Supplies 80 Leaves Custom A6 Notebook for Students","isPartOf":{"@id":"https:\/\/www.colorflyprinting.com\/#website"},"primaryImageOfPage":{"@id":"https:\/\/www.colorflyprinting.com\/product\/school-supplies-80-leaves-custom-a6-notebook-for-students\/#primaryimage"},"image":{"@id":"https:\/\/www.colorflyprinting.com\/product\/school-supplies-80-leaves-custom-a6-notebook-for-students\/#primaryimage"},"thumbnailUrl":"https:\/\/www.colorflyprinting.com\/wp-content\/uploads\/2025\/04\/Main-04-35.jpg","datePublished":"2025-04-29T08:26:36+00:00","dateModified":"2025-05-12T05:36:41+00:00","description":"Get affordable custom A6 notebooks with 80 leaves, ideal for student use. Perfect for school supplies buyers and wholesalers. OEM\/ODM available from China factory.","breadcrumb":{"@id":"https:\/\/www.colorflyprinting.com\/product\/school-supplies-80-leaves-custom-a6-notebook-for-students\/#breadcrumb"},"inLanguage":"fr-FR","potentialAction":[{"@type":"ReadAction","target":["https:\/\/www.colorflyprinting.com\/product\/school-supplies-80-leaves-custom-a6-notebook-for-students\/"]}]},{"@type":"ImageObject","inLanguage":"fr-FR","@id":"https:\/\/www.colorflyprinting.com\/product\/school-supplies-80-leaves-custom-a6-notebook-for-students\/#primaryimage","url":"https:\/\/www.colorflyprinting.com\/wp-content\/uploads\/2025\/04\/Main-04-35.jpg","contentUrl":"https:\/\/www.colorflyprinting.com\/wp-content\/uploads\/2025\/04\/Main-04-35.jpg","width":800,"height":800},{"@type":"BreadcrumbList","@id":"https:\/\/www.colorflyprinting.com\/product\/school-supplies-80-leaves-custom-a6-notebook-for-students\/#breadcrumb","itemListElement":[{"@type":"ListItem","position":1,"name":"Home","item":"https:\/\/www.colorflyprinting.com\/"},{"@type":"ListItem","position":2,"name":"Product","item":"https:\/\/www.colorflyprinting.com\/shop\/"},{"@type":"ListItem","position":3,"name":"School Supplies 80 Leaves Custom A6 Notebook for Students"}]},{"@type":"WebSite","@id":"https:\/\/www.colorflyprinting.com\/#website","url":"https:\/\/www.colorflyprinting.com\/","name":"Hefei Colorfly Stationery Co.,Ltd.","description":"","publisher":{"@id":"https:\/\/www.colorflyprinting.com\/#organization"},"potentialAction":[{"@type":"SearchAction","target":{"@type":"EntryPoint","urlTemplate":"https:\/\/www.colorflyprinting.com\/?s={search_term_string}"},"query-input":{"@type":"PropertyValueSpecification","valueRequired":true,"valueName":"search_term_string"}}],"inLanguage":"fr-FR"},{"@type":"Organization","@id":"https:\/\/www.colorflyprinting.com\/#organization","name":"Hefei Colorfly Stationery Co.,Ltd.","url":"https:\/\/www.colorflyprinting.com\/","logo":{"@type":"ImageObject","inLanguage":"fr-FR","@id":"https:\/\/www.colorflyprinting.com\/#\/schema\/logo\/image\/","url":"https:\/\/www.colorflyprinting.com\/wp-content\/uploads\/2025\/04\/d167665f943610681229e2f4307b9df.jpg","contentUrl":"https:\/\/www.colorflyprinting.com\/wp-content\/uploads\/2025\/04\/d167665f943610681229e2f4307b9df.jpg","width":780,"height":780,"caption":"Hefei Colorfly Stationery Co.,Ltd."},"image":{"@id":"https:\/\/www.colorflyprinting.com\/#\/schema\/logo\/image\/"}}]}},"_links":{"self":[{"href":"https:\/\/www.colorflyprinting.com\/fr\/wp-json\/wp\/v2\/product\/12565","targetHints":{"allow":["GET"]}}],"collection":[{"href":"https:\/\/www.colorflyprinting.com\/fr\/wp-json\/wp\/v2\/product"}],"about":[{"href":"https:\/\/www.colorflyprinting.com\/fr\/wp-json\/wp\/v2\/types\/product"}],"replies":[{"embeddable":true,"href":"https:\/\/www.colorflyprinting.com\/fr\/wp-json\/wp\/v2\/comments?post=12565"}],"wp:featuredmedia":[{"embeddable":true,"href":"https:\/\/www.colorflyprinting.com\/fr\/wp-json\/wp\/v2\/media\/12566"}],"wp:attachment":[{"href":"https:\/\/www.colorflyprinting.com\/fr\/wp-json\/wp\/v2\/media?parent=12565"}],"wp:term":[{"taxonomy":"product_brand","embeddable":true,"href":"https:\/\/www.colorflyprinting.com\/fr\/wp-json\/wp\/v2\/product_brand?post=12565"},{"taxonomy":"product_cat","embeddable":true,"href":"https:\/\/www.colorflyprinting.com\/fr\/wp-json\/wp\/v2\/product_cat?post=12565"},{"taxonomy":"product_tag","embeddable":true,"href":"https:\/\/www.colorflyprinting.com\/fr\/wp-json\/wp\/v2\/product_tag?post=12565"}],"curies":[{"name":"wp","href":"https:\/\/api.w.org\/{rel}","templated":true}]}}