{"id":12494,"date":"2025-04-29T06:33:56","date_gmt":"2025-04-29T06:33:56","guid":{"rendered":"https:\/\/www.colorflyprinting.com\/?post_type=product&#038;p=12494"},"modified":"2025-05-12T05:37:36","modified_gmt":"2025-05-12T05:37:36","slug":"high-quality-school-office-a4-exercise-book-200-pages","status":"publish","type":"product","link":"https:\/\/www.colorflyprinting.com\/fr\/produit\/cahier-dexercices-a4-de-haute-qualite-pour-lecole-et-le-bureau-200-pages\/","title":{"rendered":"Cahier d&#039;exercices A4 de haute qualit\u00e9 pour l&#039;\u00e9cole\/le bureau, 200 pages"},"content":{"rendered":"<table class=\"has-title is-zebra all magic-5\">\n<tbody>\n<tr>\n<td colspan=\"1\" rowspan=\"1\">\n<div class=\"magic-6\" data-spm-anchor-id=\"a2700.details-description.0.i0.2519WUMqWUMqZH\">Article<\/div>\n<\/td>\n<td colspan=\"5\" rowspan=\"1\">\n<div class=\"magic-7\">S\u00e9rie de cahiers d&#039;exercices de haute qualit\u00e9 pour l&#039;\u00e9cole\/le bureau<\/div>\n<\/td>\n<\/tr>\n<tr>\n<td colspan=\"1\" rowspan=\"1\">\n<div class=\"magic-6\">\u00a0Taille<\/div>\n<\/td>\n<td colspan=\"5\" rowspan=\"1\">\n<div class=\"magic-11\">\n<div data-spm-anchor-id=\"0.0.0.i3.59844f05Z16MVb\">210*297mm (A5,A6,A7 etc. personnalis\u00e9s)<\/div>\n<\/div>\n<\/td>\n<\/tr>\n<tr>\n<td colspan=\"1\" rowspan=\"1\">\n<div class=\"magic-6\">Feuilles<\/div>\n<\/td>\n<td colspan=\"5\" rowspan=\"1\">\n<div class=\"magic-11\">\n<div data-spm-anchor-id=\"0.0.0.i13.59844f05Z16MVb\">100 feuilles ou personnalis\u00e9es<\/div>\n<\/div>\n<\/td>\n<\/tr>\n<tr>\n<td colspan=\"1\" rowspan=\"1\">\n<div class=\"magic-6\">Obligatoire<\/div>\n<\/td>\n<td colspan=\"5\" rowspan=\"1\">\n<div class=\"magic-11\">Reliure agraf\u00e9e<\/div>\n<\/td>\n<\/tr>\n<tr>\n<td colspan=\"1\" rowspan=\"1\">\n<div class=\"magic-6\">Emballage<\/div>\n<\/td>\n<td colspan=\"5\" rowspan=\"1\">\n<div class=\"magic-11\">Emballage standard (sac r\u00e9tractable et carton) ou selon la demande du client<\/div>\n<\/td>\n<\/tr>\n<tr>\n<td colspan=\"1\" rowspan=\"1\">\n<div class=\"magic-6\">Quantit\u00e9 minimale de commande<\/div>\n<\/td>\n<td colspan=\"5\" rowspan=\"1\">\n<div class=\"magic-7\">10 000 pi\u00e8ces<\/div>\n<\/td>\n<\/tr>\n<\/tbody>\n<\/table>","protected":false},"excerpt":{"rendered":"<p><strong>Commandez des cahiers d&#039;exercices A4 de haute qualit\u00e9 de 200 pages pour l&#039;\u00e9cole ou le bureau. Id\u00e9als pour les commandes group\u00e9es, avec impression personnalis\u00e9e et livraison internationale rapide.<\/strong><\/p>\n<p><strong>Fournisseur:<\/strong> Impression de mouches color\u00e9es<br \/>\n<strong>Obligatoire:<\/strong>Piq\u00fbre \u00e0 cheval, reliure agraf\u00e9e<br \/>\n<strong>Taille:<\/strong> 17*22 cm ou personnalis\u00e9<br \/>\n<strong>Taper:<\/strong>Bloc-notes<br \/>\n<strong>Mat\u00e9riau de couverture<\/strong>:papier<br \/>\n<strong>Impression:<\/strong>Impression offset 4c<br \/>\n<strong>Feuilles:<\/strong> 100 feuilles<br \/>\n<strong>Emballage:<\/strong> Emballage standard (sac r\u00e9tractable et carton) ou selon la demande du client<br \/>\n<strong>Logo:<\/strong>Accepter le logo personnalis\u00e9<br \/>\n<strong>Quantit\u00e9 minimale de commande :<\/strong> 10 000 pi\u00e8ces<br \/>\n<strong>OEM :<\/strong> Oui<\/p>\n<p>&nbsp;<\/p>\n<h2>Notre service<\/h2>\n<p>Plus de 13 ans de vente directe par le fabricant<br \/>\nAssistance technique OEM<br \/>\nPrise en charge des packages personnalis\u00e9s<\/p>","protected":false},"featured_media":12496,"comment_status":"open","ping_status":"closed","template":"","meta":[],"product_brand":[],"product_cat":[21,495],"product_tag":[612,613],"class_list":{"0":"post-12494","1":"product","2":"type-product","3":"status-publish","4":"has-post-thumbnail","6":"product_cat-exercise-book","7":"product_cat-soft-cover-exercise-book","8":"product_tag-a4-exercise-book-200-pages","9":"product_tag-school-or-office-use-notebook","11":"first","12":"instock","13":"featured","14":"shipping-taxable","15":"product-type-simple"},"yoast_head":"<!-- This site is optimized with the Yoast SEO Premium plugin v23.9 (Yoast SEO v25.2) - https:\/\/yoast.com\/wordpress\/plugins\/seo\/ -->\n<title>High Quality School\/Office A4 Exercise Book 200 pages<\/title>\n<meta name=\"description\" content=\"Order high-quality A4 exercise books with 200 pages for school or office. Ideal for bulk orders with custom printing and fast global shipping.\" \/>\n<meta name=\"robots\" content=\"index, follow, max-snippet:-1, max-image-preview:large, max-video-preview:-1\" \/>\n<link rel=\"canonical\" href=\"https:\/\/www.colorflyprinting.com\/fr\/produit\/cahier-dexercices-a4-de-haute-qualite-pour-lecole-et-le-bureau-200-pages\/\" \/>\n<meta property=\"og:locale\" content=\"fr_FR\" \/>\n<meta property=\"og:type\" content=\"article\" \/>\n<meta property=\"og:title\" content=\"High Quality School\/Office A4 Exercise Book 200 pages\" \/>\n<meta property=\"og:description\" content=\"Order high-quality A4 exercise books with 200 pages for school or office. Ideal for bulk orders with custom printing and fast global shipping.\" \/>\n<meta property=\"og:url\" content=\"https:\/\/www.colorflyprinting.com\/fr\/produit\/cahier-dexercices-a4-de-haute-qualite-pour-lecole-et-le-bureau-200-pages\/\" \/>\n<meta property=\"og:site_name\" content=\"colorflyprinting\" \/>\n<meta property=\"article:modified_time\" content=\"2025-05-12T05:37:36+00:00\" \/>\n<meta property=\"og:image\" content=\"https:\/\/www.colorflyprinting.com\/wp-content\/uploads\/2025\/04\/Main-02-18.jpg\" \/>\n\t<meta property=\"og:image:width\" content=\"700\" \/>\n\t<meta property=\"og:image:height\" content=\"700\" \/>\n\t<meta property=\"og:image:type\" content=\"image\/jpeg\" \/>\n<meta name=\"twitter:card\" content=\"summary_large_image\" \/>\n<script type=\"application\/ld+json\" class=\"yoast-schema-graph\">{\"@context\":\"https:\/\/schema.org\",\"@graph\":[{\"@type\":\"WebPage\",\"@id\":\"https:\/\/www.colorflyprinting.com\/product\/high-quality-school-office-a4-exercise-book-200-pages\/\",\"url\":\"https:\/\/www.colorflyprinting.com\/product\/high-quality-school-office-a4-exercise-book-200-pages\/\",\"name\":\"High Quality School\/Office A4 Exercise Book 200 pages\",\"isPartOf\":{\"@id\":\"https:\/\/www.colorflyprinting.com\/#website\"},\"primaryImageOfPage\":{\"@id\":\"https:\/\/www.colorflyprinting.com\/product\/high-quality-school-office-a4-exercise-book-200-pages\/#primaryimage\"},\"image\":{\"@id\":\"https:\/\/www.colorflyprinting.com\/product\/high-quality-school-office-a4-exercise-book-200-pages\/#primaryimage\"},\"thumbnailUrl\":\"https:\/\/www.colorflyprinting.com\/wp-content\/uploads\/2025\/04\/Main-02-18.jpg\",\"datePublished\":\"2025-04-29T06:33:56+00:00\",\"dateModified\":\"2025-05-12T05:37:36+00:00\",\"description\":\"Order high-quality A4 exercise books with 200 pages for school or office. Ideal for bulk orders with custom printing and fast global shipping.\",\"breadcrumb\":{\"@id\":\"https:\/\/www.colorflyprinting.com\/product\/high-quality-school-office-a4-exercise-book-200-pages\/#breadcrumb\"},\"inLanguage\":\"fr-FR\",\"potentialAction\":[{\"@type\":\"ReadAction\",\"target\":[\"https:\/\/www.colorflyprinting.com\/product\/high-quality-school-office-a4-exercise-book-200-pages\/\"]}]},{\"@type\":\"ImageObject\",\"inLanguage\":\"fr-FR\",\"@id\":\"https:\/\/www.colorflyprinting.com\/product\/high-quality-school-office-a4-exercise-book-200-pages\/#primaryimage\",\"url\":\"https:\/\/www.colorflyprinting.com\/wp-content\/uploads\/2025\/04\/Main-02-18.jpg\",\"contentUrl\":\"https:\/\/www.colorflyprinting.com\/wp-content\/uploads\/2025\/04\/Main-02-18.jpg\",\"width\":700,\"height\":700},{\"@type\":\"BreadcrumbList\",\"@id\":\"https:\/\/www.colorflyprinting.com\/product\/high-quality-school-office-a4-exercise-book-200-pages\/#breadcrumb\",\"itemListElement\":[{\"@type\":\"ListItem\",\"position\":1,\"name\":\"Home\",\"item\":\"https:\/\/www.colorflyprinting.com\/\"},{\"@type\":\"ListItem\",\"position\":2,\"name\":\"Product\",\"item\":\"https:\/\/www.colorflyprinting.com\/shop\/\"},{\"@type\":\"ListItem\",\"position\":3,\"name\":\"High Quality School\/Office A4 Exercise Book 200 pages\"}]},{\"@type\":\"WebSite\",\"@id\":\"https:\/\/www.colorflyprinting.com\/#website\",\"url\":\"https:\/\/www.colorflyprinting.com\/\",\"name\":\"Hefei Colorfly Stationery Co.,Ltd.\",\"description\":\"\",\"publisher\":{\"@id\":\"https:\/\/www.colorflyprinting.com\/#organization\"},\"potentialAction\":[{\"@type\":\"SearchAction\",\"target\":{\"@type\":\"EntryPoint\",\"urlTemplate\":\"https:\/\/www.colorflyprinting.com\/?s={search_term_string}\"},\"query-input\":{\"@type\":\"PropertyValueSpecification\",\"valueRequired\":true,\"valueName\":\"search_term_string\"}}],\"inLanguage\":\"fr-FR\"},{\"@type\":\"Organization\",\"@id\":\"https:\/\/www.colorflyprinting.com\/#organization\",\"name\":\"Hefei Colorfly Stationery Co.,Ltd.\",\"url\":\"https:\/\/www.colorflyprinting.com\/\",\"logo\":{\"@type\":\"ImageObject\",\"inLanguage\":\"fr-FR\",\"@id\":\"https:\/\/www.colorflyprinting.com\/#\/schema\/logo\/image\/\",\"url\":\"https:\/\/www.colorflyprinting.com\/wp-content\/uploads\/2025\/04\/d167665f943610681229e2f4307b9df.jpg\",\"contentUrl\":\"https:\/\/www.colorflyprinting.com\/wp-content\/uploads\/2025\/04\/d167665f943610681229e2f4307b9df.jpg\",\"width\":780,\"height\":780,\"caption\":\"Hefei Colorfly Stationery Co.,Ltd.\"},\"image\":{\"@id\":\"https:\/\/www.colorflyprinting.com\/#\/schema\/logo\/image\/\"}}]}<\/script>\n<!-- \/ Yoast SEO Premium plugin. -->","yoast_head_json":{"title":"High Quality School\/Office A4 Exercise Book 200 pages","description":"Order high-quality A4 exercise books with 200 pages for school or office. Ideal for bulk orders with custom printing and fast global shipping.","robots":{"index":"index","follow":"follow","max-snippet":"max-snippet:-1","max-image-preview":"max-image-preview:large","max-video-preview":"max-video-preview:-1"},"canonical":"https:\/\/www.colorflyprinting.com\/fr\/produit\/cahier-dexercices-a4-de-haute-qualite-pour-lecole-et-le-bureau-200-pages\/","og_locale":"fr_FR","og_type":"article","og_title":"High Quality School\/Office A4 Exercise Book 200 pages","og_description":"Order high-quality A4 exercise books with 200 pages for school or office. Ideal for bulk orders with custom printing and fast global shipping.","og_url":"https:\/\/www.colorflyprinting.com\/fr\/produit\/cahier-dexercices-a4-de-haute-qualite-pour-lecole-et-le-bureau-200-pages\/","og_site_name":"colorflyprinting","article_modified_time":"2025-05-12T05:37:36+00:00","og_image":[{"width":700,"height":700,"url":"https:\/\/www.colorflyprinting.com\/wp-content\/uploads\/2025\/04\/Main-02-18.jpg","type":"image\/jpeg"}],"twitter_card":"summary_large_image","schema":{"@context":"https:\/\/schema.org","@graph":[{"@type":"WebPage","@id":"https:\/\/www.colorflyprinting.com\/product\/high-quality-school-office-a4-exercise-book-200-pages\/","url":"https:\/\/www.colorflyprinting.com\/product\/high-quality-school-office-a4-exercise-book-200-pages\/","name":"High Quality School\/Office A4 Exercise Book 200 pages","isPartOf":{"@id":"https:\/\/www.colorflyprinting.com\/#website"},"primaryImageOfPage":{"@id":"https:\/\/www.colorflyprinting.com\/product\/high-quality-school-office-a4-exercise-book-200-pages\/#primaryimage"},"image":{"@id":"https:\/\/www.colorflyprinting.com\/product\/high-quality-school-office-a4-exercise-book-200-pages\/#primaryimage"},"thumbnailUrl":"https:\/\/www.colorflyprinting.com\/wp-content\/uploads\/2025\/04\/Main-02-18.jpg","datePublished":"2025-04-29T06:33:56+00:00","dateModified":"2025-05-12T05:37:36+00:00","description":"Order high-quality A4 exercise books with 200 pages for school or office. Ideal for bulk orders with custom printing and fast global shipping.","breadcrumb":{"@id":"https:\/\/www.colorflyprinting.com\/product\/high-quality-school-office-a4-exercise-book-200-pages\/#breadcrumb"},"inLanguage":"fr-FR","potentialAction":[{"@type":"ReadAction","target":["https:\/\/www.colorflyprinting.com\/product\/high-quality-school-office-a4-exercise-book-200-pages\/"]}]},{"@type":"ImageObject","inLanguage":"fr-FR","@id":"https:\/\/www.colorflyprinting.com\/product\/high-quality-school-office-a4-exercise-book-200-pages\/#primaryimage","url":"https:\/\/www.colorflyprinting.com\/wp-content\/uploads\/2025\/04\/Main-02-18.jpg","contentUrl":"https:\/\/www.colorflyprinting.com\/wp-content\/uploads\/2025\/04\/Main-02-18.jpg","width":700,"height":700},{"@type":"BreadcrumbList","@id":"https:\/\/www.colorflyprinting.com\/product\/high-quality-school-office-a4-exercise-book-200-pages\/#breadcrumb","itemListElement":[{"@type":"ListItem","position":1,"name":"Home","item":"https:\/\/www.colorflyprinting.com\/"},{"@type":"ListItem","position":2,"name":"Product","item":"https:\/\/www.colorflyprinting.com\/shop\/"},{"@type":"ListItem","position":3,"name":"High Quality School\/Office A4 Exercise Book 200 pages"}]},{"@type":"WebSite","@id":"https:\/\/www.colorflyprinting.com\/#website","url":"https:\/\/www.colorflyprinting.com\/","name":"Hefei Colorfly Stationery Co.,Ltd.","description":"","publisher":{"@id":"https:\/\/www.colorflyprinting.com\/#organization"},"potentialAction":[{"@type":"SearchAction","target":{"@type":"EntryPoint","urlTemplate":"https:\/\/www.colorflyprinting.com\/?s={search_term_string}"},"query-input":{"@type":"PropertyValueSpecification","valueRequired":true,"valueName":"search_term_string"}}],"inLanguage":"fr-FR"},{"@type":"Organization","@id":"https:\/\/www.colorflyprinting.com\/#organization","name":"Hefei Colorfly Stationery Co.,Ltd.","url":"https:\/\/www.colorflyprinting.com\/","logo":{"@type":"ImageObject","inLanguage":"fr-FR","@id":"https:\/\/www.colorflyprinting.com\/#\/schema\/logo\/image\/","url":"https:\/\/www.colorflyprinting.com\/wp-content\/uploads\/2025\/04\/d167665f943610681229e2f4307b9df.jpg","contentUrl":"https:\/\/www.colorflyprinting.com\/wp-content\/uploads\/2025\/04\/d167665f943610681229e2f4307b9df.jpg","width":780,"height":780,"caption":"Hefei Colorfly Stationery Co.,Ltd."},"image":{"@id":"https:\/\/www.colorflyprinting.com\/#\/schema\/logo\/image\/"}}]}},"_links":{"self":[{"href":"https:\/\/www.colorflyprinting.com\/fr\/wp-json\/wp\/v2\/product\/12494","targetHints":{"allow":["GET"]}}],"collection":[{"href":"https:\/\/www.colorflyprinting.com\/fr\/wp-json\/wp\/v2\/product"}],"about":[{"href":"https:\/\/www.colorflyprinting.com\/fr\/wp-json\/wp\/v2\/types\/product"}],"replies":[{"embeddable":true,"href":"https:\/\/www.colorflyprinting.com\/fr\/wp-json\/wp\/v2\/comments?post=12494"}],"wp:featuredmedia":[{"embeddable":true,"href":"https:\/\/www.colorflyprinting.com\/fr\/wp-json\/wp\/v2\/media\/12496"}],"wp:attachment":[{"href":"https:\/\/www.colorflyprinting.com\/fr\/wp-json\/wp\/v2\/media?parent=12494"}],"wp:term":[{"taxonomy":"product_brand","embeddable":true,"href":"https:\/\/www.colorflyprinting.com\/fr\/wp-json\/wp\/v2\/product_brand?post=12494"},{"taxonomy":"product_cat","embeddable":true,"href":"https:\/\/www.colorflyprinting.com\/fr\/wp-json\/wp\/v2\/product_cat?post=12494"},{"taxonomy":"product_tag","embeddable":true,"href":"https:\/\/www.colorflyprinting.com\/fr\/wp-json\/wp\/v2\/product_tag?post=12494"}],"curies":[{"name":"wp","href":"https:\/\/api.w.org\/{rel}","templated":true}]}}