{"id":12486,"date":"2025-04-29T06:02:58","date_gmt":"2025-04-29T06:02:58","guid":{"rendered":"https:\/\/www.colorflyprinting.com\/?post_type=product&#038;p=12486"},"modified":"2025-09-26T01:16:48","modified_gmt":"2025-09-26T01:16:48","slug":"7mm-ruled-1b5-exercise-book-80-pages-for-students","status":"publish","type":"product","link":"https:\/\/www.colorflyprinting.com\/fr\/produit\/cahier-dexercices-1b5-ligne-7-mm-80-pages-pour-etudiants\/","title":{"rendered":"Cahier d&#039;exercices lign\u00e9 7 mm 1B5 80 pages pour \u00e9tudiants"},"content":{"rendered":"<p><b><span class=\"magic-5\"><span data-spm-anchor-id=\"a2700.details-description.0.i0.58efNJ5vNJ5vMH\">Cahier d&#039;exercices des \u00eeles Vanuatu<\/span><\/span><\/b><\/p>\n<div>*Cahier d&#039;exercices personnalis\u00e9 avec reliure agraf\u00e9e<\/div>\n<div data-spm-anchor-id=\"a2700.details-description.0.i2.58efNJ5vNJ5vMH\">*Diff\u00e9rentes tailles personnalis\u00e9es <span data-spm-anchor-id=\"a2700.details-description.0.i1.58efNJ5vNJ5vMH\">cahier d&#039;exercices<\/span><\/div>\n<div data-spm-anchor-id=\"a2700.details-description.0.i2.58efNJ5vNJ5vMH\"><\/div>\n<div data-spm-anchor-id=\"a2700.details-description.0.i2.58efNJ5vNJ5vMH\">\n<table class=\"has-title is-zebra all magic-9\">\n<tbody>\n<tr>\n<td colspan=\"1\" rowspan=\"1\">\n<div class=\"magic-10\" data-spm-anchor-id=\"a2700.details-description.0.i3.58efNJ5vNJ5vMH\">Taille<\/div>\n<\/td>\n<td colspan=\"5\" rowspan=\"1\">\n<div class=\"magic-11\">\n<div data-spm-anchor-id=\"0.0.0.i3.59844f05Z16MVb\">1B4\/1B5\/A4 ou personnalis\u00e9 pour cahier d&#039;exercices<\/div>\n<\/div>\n<\/td>\n<\/tr>\n<tr>\n<td colspan=\"1\" rowspan=\"1\">\n<div class=\"magic-10\">Pages<\/div>\n<\/td>\n<td colspan=\"5\" rowspan=\"1\">\n<div class=\"magic-11\">\n<div data-spm-anchor-id=\"0.0.0.i13.59844f05Z16MVb\">48 pages, 64 pages, 80 pages, 96 pages, etc. ou personnalis\u00e9s<\/div>\n<\/div>\n<\/td>\n<\/tr>\n<tr>\n<td colspan=\"1\" rowspan=\"1\">\n<div class=\"magic-10\">Obligatoire<\/div>\n<\/td>\n<td colspan=\"5\" rowspan=\"1\">\n<div class=\"magic-11\">Reliure agraf\u00e9e<\/div>\n<\/td>\n<\/tr>\n<tr>\n<td colspan=\"1\" rowspan=\"1\">\n<div class=\"magic-10\">Emballage<\/div>\n<\/td>\n<td colspan=\"5\" rowspan=\"1\">\n<div class=\"magic-11\">Sac r\u00e9tractable + cartons<\/div>\n<\/td>\n<\/tr>\n<tr>\n<td colspan=\"1\" rowspan=\"1\">\n<div class=\"magic-10\">Quantit\u00e9 minimale de commande<\/div>\n<\/td>\n<td colspan=\"5\" rowspan=\"1\">\n<div class=\"magic-16\">10 000 pi\u00e8ces<\/div>\n<\/td>\n<\/tr>\n<\/tbody>\n<\/table>\n<\/div>","protected":false},"excerpt":{"rendered":"<p><strong>Trouvez des cahiers d&#039;exercices premium de 80 pages, lign\u00e9s 7 mm, au format 1B5, parfaits pour les \u00e9tudiants. Colorfly Printing propose des livraisons en gros, un service OEM et une livraison rapide.<\/strong><\/p>\n<p><strong>Fournisseur:<\/strong> Impression de mouches color\u00e9es<br \/>\n<strong>Obligatoire:<\/strong>Piq\u00fbre \u00e0 cheval, reliure agraf\u00e9e<br \/>\n<strong>Taille:<\/strong> 17*22 cm ou personnalis\u00e9<br \/>\n<strong>Taper:<\/strong>Bloc-notes<br \/>\n<strong>Mat\u00e9riau de couverture<\/strong>\uff1aPapier d&#039;art, carton ivoire, etc.<br \/>\n<strong>Impression:<\/strong>Impression offset 4c<br \/>\n<strong>Feuilles:<\/strong> 48\/64\/80\/96 pages ou personnalis\u00e9<br \/>\n<strong>Emballage:<\/strong> Emballage standard (sac r\u00e9tractable et carton) ou selon la demande du client<br \/>\n<strong>Logo:<\/strong>Accepter le logo personnalis\u00e9<br \/>\n<strong>Quantit\u00e9 minimale de commande :<\/strong> 10 000 pi\u00e8ces<br \/>\n<strong>OEM :<\/strong> Oui<\/p>\n<h2 class=\"id-mb-6 id-text-[20px] id-font-bold id-text-[#222]\" data-spm-anchor-id=\"a2700.details.0.i81.6f0436fbBdZLHi\">Options de personnalisation<\/h2>\n<div class=\"id-flex id-flex-col id-gap-2 id-text-[16px] id-mb-6\">\n<div><span class=\"id-mr-1\">Logo personnalis\u00e9<\/span><span class=\"id-text-[#767676]\"> (Commande min. : 10 000 pi\u00e8ces)<\/span><\/div>\n<div><span class=\"id-mr-1\">Emballage personnalis\u00e9<\/span><span class=\"id-text-[#767676]\"> (Commande min. : 10 000 pi\u00e8ces)<\/span><\/div>\n<div><span class=\"id-mr-1\">Personnalisation graphique<\/span><span class=\"id-text-[#767676]\"> (Commande min. : 10 000 pi\u00e8ces)<\/span><\/div>\n<div><\/div>\n<\/div>\n<h2>Notre service<\/h2>\n<p>Plus de 13 ans de vente directe par le fabricant<br \/>\nAssistance technique OEM<br \/>\nPrise en charge des packages personnalis\u00e9s<\/p>","protected":false},"featured_media":12492,"comment_status":"open","ping_status":"closed","template":"","meta":[],"product_brand":[],"product_cat":[21,495],"product_tag":[611,610],"class_list":{"0":"post-12486","1":"product","2":"type-product","3":"status-publish","4":"has-post-thumbnail","6":"product_cat-exercise-book","7":"product_cat-soft-cover-exercise-book","8":"product_tag-7mm-ruled-1b5-exercise-book","9":"product_tag-80-pages-notebook-for-students","11":"first","12":"instock","13":"featured","14":"shipping-taxable","15":"product-type-simple"},"yoast_head":"<!-- This site is optimized with the Yoast SEO Premium plugin v23.9 (Yoast SEO v25.2) - https:\/\/yoast.com\/wordpress\/plugins\/seo\/ -->\n<title>7mm Ruled 1B5 Exercise Book 80 Pages for Students<\/title>\n<meta name=\"description\" content=\"Find premium 7mm ruled 1B5 exercise books with 80 pages, ideal for students. Bulk supply, OEM service, and fast delivery available at Colorfly Printing.\" \/>\n<meta name=\"robots\" content=\"index, follow, max-snippet:-1, max-image-preview:large, max-video-preview:-1\" \/>\n<link rel=\"canonical\" href=\"https:\/\/www.colorflyprinting.com\/fr\/produit\/cahier-dexercices-1b5-ligne-7-mm-80-pages-pour-etudiants\/\" \/>\n<meta property=\"og:locale\" content=\"fr_FR\" \/>\n<meta property=\"og:type\" content=\"article\" \/>\n<meta property=\"og:title\" content=\"7mm Ruled 1B5 Exercise Book 80 Pages for Students\" \/>\n<meta property=\"og:description\" content=\"Find premium 7mm ruled 1B5 exercise books with 80 pages, ideal for students. Bulk supply, OEM service, and fast delivery available at Colorfly Printing.\" \/>\n<meta property=\"og:url\" content=\"https:\/\/www.colorflyprinting.com\/fr\/produit\/cahier-dexercices-1b5-ligne-7-mm-80-pages-pour-etudiants\/\" \/>\n<meta property=\"og:site_name\" content=\"colorflyprinting\" \/>\n<meta property=\"article:modified_time\" content=\"2025-09-26T01:16:48+00:00\" \/>\n<meta property=\"og:image\" content=\"https:\/\/www.colorflyprinting.com\/wp-content\/uploads\/2025\/04\/Main-07-7.jpg\" \/>\n\t<meta property=\"og:image:width\" content=\"750\" \/>\n\t<meta property=\"og:image:height\" content=\"750\" \/>\n\t<meta property=\"og:image:type\" content=\"image\/jpeg\" \/>\n<meta name=\"twitter:card\" content=\"summary_large_image\" \/>\n<script type=\"application\/ld+json\" class=\"yoast-schema-graph\">{\"@context\":\"https:\/\/schema.org\",\"@graph\":[{\"@type\":\"WebPage\",\"@id\":\"https:\/\/www.colorflyprinting.com\/product\/7mm-ruled-1b5-exercise-book-80-pages-for-students\/\",\"url\":\"https:\/\/www.colorflyprinting.com\/product\/7mm-ruled-1b5-exercise-book-80-pages-for-students\/\",\"name\":\"7mm Ruled 1B5 Exercise Book 80 Pages for Students\",\"isPartOf\":{\"@id\":\"https:\/\/www.colorflyprinting.com\/#website\"},\"primaryImageOfPage\":{\"@id\":\"https:\/\/www.colorflyprinting.com\/product\/7mm-ruled-1b5-exercise-book-80-pages-for-students\/#primaryimage\"},\"image\":{\"@id\":\"https:\/\/www.colorflyprinting.com\/product\/7mm-ruled-1b5-exercise-book-80-pages-for-students\/#primaryimage\"},\"thumbnailUrl\":\"https:\/\/www.colorflyprinting.com\/wp-content\/uploads\/2025\/04\/Main-07-7.jpg\",\"datePublished\":\"2025-04-29T06:02:58+00:00\",\"dateModified\":\"2025-09-26T01:16:48+00:00\",\"description\":\"Find premium 7mm ruled 1B5 exercise books with 80 pages, ideal for students. Bulk supply, OEM service, and fast delivery available at Colorfly Printing.\",\"breadcrumb\":{\"@id\":\"https:\/\/www.colorflyprinting.com\/product\/7mm-ruled-1b5-exercise-book-80-pages-for-students\/#breadcrumb\"},\"inLanguage\":\"fr-FR\",\"potentialAction\":[{\"@type\":\"ReadAction\",\"target\":[\"https:\/\/www.colorflyprinting.com\/product\/7mm-ruled-1b5-exercise-book-80-pages-for-students\/\"]}]},{\"@type\":\"ImageObject\",\"inLanguage\":\"fr-FR\",\"@id\":\"https:\/\/www.colorflyprinting.com\/product\/7mm-ruled-1b5-exercise-book-80-pages-for-students\/#primaryimage\",\"url\":\"https:\/\/www.colorflyprinting.com\/wp-content\/uploads\/2025\/04\/Main-07-7.jpg\",\"contentUrl\":\"https:\/\/www.colorflyprinting.com\/wp-content\/uploads\/2025\/04\/Main-07-7.jpg\",\"width\":750,\"height\":750},{\"@type\":\"BreadcrumbList\",\"@id\":\"https:\/\/www.colorflyprinting.com\/product\/7mm-ruled-1b5-exercise-book-80-pages-for-students\/#breadcrumb\",\"itemListElement\":[{\"@type\":\"ListItem\",\"position\":1,\"name\":\"Home\",\"item\":\"https:\/\/www.colorflyprinting.com\/\"},{\"@type\":\"ListItem\",\"position\":2,\"name\":\"Product\",\"item\":\"https:\/\/www.colorflyprinting.com\/shop\/\"},{\"@type\":\"ListItem\",\"position\":3,\"name\":\"7mm Ruled 1B5 Exercise Book 80 Pages for Students\"}]},{\"@type\":\"WebSite\",\"@id\":\"https:\/\/www.colorflyprinting.com\/#website\",\"url\":\"https:\/\/www.colorflyprinting.com\/\",\"name\":\"Hefei Colorfly Stationery Co.,Ltd.\",\"description\":\"\",\"publisher\":{\"@id\":\"https:\/\/www.colorflyprinting.com\/#organization\"},\"potentialAction\":[{\"@type\":\"SearchAction\",\"target\":{\"@type\":\"EntryPoint\",\"urlTemplate\":\"https:\/\/www.colorflyprinting.com\/?s={search_term_string}\"},\"query-input\":{\"@type\":\"PropertyValueSpecification\",\"valueRequired\":true,\"valueName\":\"search_term_string\"}}],\"inLanguage\":\"fr-FR\"},{\"@type\":\"Organization\",\"@id\":\"https:\/\/www.colorflyprinting.com\/#organization\",\"name\":\"Hefei Colorfly Stationery Co.,Ltd.\",\"url\":\"https:\/\/www.colorflyprinting.com\/\",\"logo\":{\"@type\":\"ImageObject\",\"inLanguage\":\"fr-FR\",\"@id\":\"https:\/\/www.colorflyprinting.com\/#\/schema\/logo\/image\/\",\"url\":\"https:\/\/www.colorflyprinting.com\/wp-content\/uploads\/2025\/04\/d167665f943610681229e2f4307b9df.jpg\",\"contentUrl\":\"https:\/\/www.colorflyprinting.com\/wp-content\/uploads\/2025\/04\/d167665f943610681229e2f4307b9df.jpg\",\"width\":780,\"height\":780,\"caption\":\"Hefei Colorfly Stationery Co.,Ltd.\"},\"image\":{\"@id\":\"https:\/\/www.colorflyprinting.com\/#\/schema\/logo\/image\/\"}}]}<\/script>\n<!-- \/ Yoast SEO Premium plugin. -->","yoast_head_json":{"title":"7mm Ruled 1B5 Exercise Book 80 Pages for Students","description":"Find premium 7mm ruled 1B5 exercise books with 80 pages, ideal for students. Bulk supply, OEM service, and fast delivery available at Colorfly Printing.","robots":{"index":"index","follow":"follow","max-snippet":"max-snippet:-1","max-image-preview":"max-image-preview:large","max-video-preview":"max-video-preview:-1"},"canonical":"https:\/\/www.colorflyprinting.com\/fr\/produit\/cahier-dexercices-1b5-ligne-7-mm-80-pages-pour-etudiants\/","og_locale":"fr_FR","og_type":"article","og_title":"7mm Ruled 1B5 Exercise Book 80 Pages for Students","og_description":"Find premium 7mm ruled 1B5 exercise books with 80 pages, ideal for students. Bulk supply, OEM service, and fast delivery available at Colorfly Printing.","og_url":"https:\/\/www.colorflyprinting.com\/fr\/produit\/cahier-dexercices-1b5-ligne-7-mm-80-pages-pour-etudiants\/","og_site_name":"colorflyprinting","article_modified_time":"2025-09-26T01:16:48+00:00","og_image":[{"width":750,"height":750,"url":"https:\/\/www.colorflyprinting.com\/wp-content\/uploads\/2025\/04\/Main-07-7.jpg","type":"image\/jpeg"}],"twitter_card":"summary_large_image","schema":{"@context":"https:\/\/schema.org","@graph":[{"@type":"WebPage","@id":"https:\/\/www.colorflyprinting.com\/product\/7mm-ruled-1b5-exercise-book-80-pages-for-students\/","url":"https:\/\/www.colorflyprinting.com\/product\/7mm-ruled-1b5-exercise-book-80-pages-for-students\/","name":"7mm Ruled 1B5 Exercise Book 80 Pages for Students","isPartOf":{"@id":"https:\/\/www.colorflyprinting.com\/#website"},"primaryImageOfPage":{"@id":"https:\/\/www.colorflyprinting.com\/product\/7mm-ruled-1b5-exercise-book-80-pages-for-students\/#primaryimage"},"image":{"@id":"https:\/\/www.colorflyprinting.com\/product\/7mm-ruled-1b5-exercise-book-80-pages-for-students\/#primaryimage"},"thumbnailUrl":"https:\/\/www.colorflyprinting.com\/wp-content\/uploads\/2025\/04\/Main-07-7.jpg","datePublished":"2025-04-29T06:02:58+00:00","dateModified":"2025-09-26T01:16:48+00:00","description":"Find premium 7mm ruled 1B5 exercise books with 80 pages, ideal for students. Bulk supply, OEM service, and fast delivery available at Colorfly Printing.","breadcrumb":{"@id":"https:\/\/www.colorflyprinting.com\/product\/7mm-ruled-1b5-exercise-book-80-pages-for-students\/#breadcrumb"},"inLanguage":"fr-FR","potentialAction":[{"@type":"ReadAction","target":["https:\/\/www.colorflyprinting.com\/product\/7mm-ruled-1b5-exercise-book-80-pages-for-students\/"]}]},{"@type":"ImageObject","inLanguage":"fr-FR","@id":"https:\/\/www.colorflyprinting.com\/product\/7mm-ruled-1b5-exercise-book-80-pages-for-students\/#primaryimage","url":"https:\/\/www.colorflyprinting.com\/wp-content\/uploads\/2025\/04\/Main-07-7.jpg","contentUrl":"https:\/\/www.colorflyprinting.com\/wp-content\/uploads\/2025\/04\/Main-07-7.jpg","width":750,"height":750},{"@type":"BreadcrumbList","@id":"https:\/\/www.colorflyprinting.com\/product\/7mm-ruled-1b5-exercise-book-80-pages-for-students\/#breadcrumb","itemListElement":[{"@type":"ListItem","position":1,"name":"Home","item":"https:\/\/www.colorflyprinting.com\/"},{"@type":"ListItem","position":2,"name":"Product","item":"https:\/\/www.colorflyprinting.com\/shop\/"},{"@type":"ListItem","position":3,"name":"7mm Ruled 1B5 Exercise Book 80 Pages for Students"}]},{"@type":"WebSite","@id":"https:\/\/www.colorflyprinting.com\/#website","url":"https:\/\/www.colorflyprinting.com\/","name":"Hefei Colorfly Stationery Co.,Ltd.","description":"","publisher":{"@id":"https:\/\/www.colorflyprinting.com\/#organization"},"potentialAction":[{"@type":"SearchAction","target":{"@type":"EntryPoint","urlTemplate":"https:\/\/www.colorflyprinting.com\/?s={search_term_string}"},"query-input":{"@type":"PropertyValueSpecification","valueRequired":true,"valueName":"search_term_string"}}],"inLanguage":"fr-FR"},{"@type":"Organization","@id":"https:\/\/www.colorflyprinting.com\/#organization","name":"Hefei Colorfly Stationery Co.,Ltd.","url":"https:\/\/www.colorflyprinting.com\/","logo":{"@type":"ImageObject","inLanguage":"fr-FR","@id":"https:\/\/www.colorflyprinting.com\/#\/schema\/logo\/image\/","url":"https:\/\/www.colorflyprinting.com\/wp-content\/uploads\/2025\/04\/d167665f943610681229e2f4307b9df.jpg","contentUrl":"https:\/\/www.colorflyprinting.com\/wp-content\/uploads\/2025\/04\/d167665f943610681229e2f4307b9df.jpg","width":780,"height":780,"caption":"Hefei Colorfly Stationery Co.,Ltd."},"image":{"@id":"https:\/\/www.colorflyprinting.com\/#\/schema\/logo\/image\/"}}]}},"_links":{"self":[{"href":"https:\/\/www.colorflyprinting.com\/fr\/wp-json\/wp\/v2\/product\/12486","targetHints":{"allow":["GET"]}}],"collection":[{"href":"https:\/\/www.colorflyprinting.com\/fr\/wp-json\/wp\/v2\/product"}],"about":[{"href":"https:\/\/www.colorflyprinting.com\/fr\/wp-json\/wp\/v2\/types\/product"}],"replies":[{"embeddable":true,"href":"https:\/\/www.colorflyprinting.com\/fr\/wp-json\/wp\/v2\/comments?post=12486"}],"wp:featuredmedia":[{"embeddable":true,"href":"https:\/\/www.colorflyprinting.com\/fr\/wp-json\/wp\/v2\/media\/12492"}],"wp:attachment":[{"href":"https:\/\/www.colorflyprinting.com\/fr\/wp-json\/wp\/v2\/media?parent=12486"}],"wp:term":[{"taxonomy":"product_brand","embeddable":true,"href":"https:\/\/www.colorflyprinting.com\/fr\/wp-json\/wp\/v2\/product_brand?post=12486"},{"taxonomy":"product_cat","embeddable":true,"href":"https:\/\/www.colorflyprinting.com\/fr\/wp-json\/wp\/v2\/product_cat?post=12486"},{"taxonomy":"product_tag","embeddable":true,"href":"https:\/\/www.colorflyprinting.com\/fr\/wp-json\/wp\/v2\/product_tag?post=12486"}],"curies":[{"name":"wp","href":"https:\/\/api.w.org\/{rel}","templated":true}]}}