{"id":12478,"date":"2025-04-29T05:50:16","date_gmt":"2025-04-29T05:50:16","guid":{"rendered":"https:\/\/www.colorflyprinting.com\/?post_type=product&#038;p=12478"},"modified":"2025-12-02T06:04:26","modified_gmt":"2025-12-02T06:04:26","slug":"glue-bound-school-supplies-composition-exercise-book-288-pages","status":"publish","type":"product","link":"https:\/\/www.colorflyprinting.com\/fr\/produit\/cahier-dexercices-de-composition-de-288-pages-relie-a-la-colle-fournitures-scolaires\/","title":{"rendered":"Cahier d&#039;exercices de composition de fournitures scolaires \u00e0 reliure coll\u00e9e de 288 pages"},"content":{"rendered":"<table class=\"has-title is-zebra all magic-9\">\n<tbody>\n<tr>\n<td colspan=\"1\" rowspan=\"1\">\n<div class=\"magic-10\">Taille<\/div>\n<\/td>\n<td colspan=\"5\" rowspan=\"1\">\n<div class=\"magic-11\">\n<div data-spm-anchor-id=\"0.0.0.i3.59844f05Z16MVb\">17x22cm ou personnalis\u00e9 sur demande<\/div>\n<\/div>\n<\/td>\n<\/tr>\n<tr>\n<td colspan=\"1\" rowspan=\"1\">\n<div class=\"magic-10\">Pages<\/div>\n<\/td>\n<td colspan=\"5\" rowspan=\"1\">\n<div class=\"magic-11\">\n<div data-spm-anchor-id=\"0.0.0.i13.59844f05Z16MVb\">288 pages ou personnalis\u00e9<\/div>\n<\/div>\n<\/td>\n<\/tr>\n<tr>\n<td colspan=\"1\" rowspan=\"1\">\n<div class=\"magic-10\">Obligatoire<\/div>\n<\/td>\n<td colspan=\"5\" rowspan=\"1\">\n<div class=\"magic-11\">Reliure coll\u00e9e<\/div>\n<\/td>\n<\/tr>\n<tr>\n<td colspan=\"1\" rowspan=\"1\">\n<div class=\"magic-10\">Emballage<\/div>\n<\/td>\n<td colspan=\"5\" rowspan=\"1\">\n<div class=\"magic-11\">Sac r\u00e9tractable + cartons<\/div>\n<\/td>\n<\/tr>\n<tr>\n<td colspan=\"1\" rowspan=\"1\">\n<div class=\"magic-10\">Quantit\u00e9 minimale de commande<\/div>\n<\/td>\n<td colspan=\"5\" rowspan=\"1\">\n<div class=\"magic-16\">10 000 pi\u00e8ces<\/div>\n<\/td>\n<\/tr>\n<\/tbody>\n<\/table>\n<p>&nbsp;<\/p>","protected":false},"excerpt":{"rendered":"<p><strong>Cahiers d&#039;exercices de composition de 288 pages, reli\u00e9s par collage, de haute qualit\u00e9, pour fournitures scolaires. Personnalisables pour les commandes group\u00e9es. Services OEM et de vente en gros disponibles \u00e0 des prix comp\u00e9titifs.<\/strong><\/p>\n<p><strong>Fournisseur:<\/strong> Impression de mouches color\u00e9es<br \/>\n<strong>Obligatoire:<\/strong>Piq\u00fbre \u00e0 cheval, reliure agraf\u00e9e<br \/>\n<strong>Taille:<\/strong> 17*22 cm ou personnalis\u00e9<br \/>\n<strong>Taper:<\/strong>Cahier d&#039;exercices de composition<br \/>\n<strong>Mat\u00e9riau de couverture<\/strong>:Carton ivoire etc.<br \/>\n<strong>Impression:<\/strong>Impression offset 4c<br \/>\n<strong>Feuilles:<\/strong> 288 pages ou personnalis\u00e9<br \/>\n<strong>Emballage:<\/strong> Emballage standard (sac r\u00e9tractable et carton) ou selon la demande du client<br \/>\n<strong>Logo:<\/strong>Accepter le logo personnalis\u00e9<br \/>\n<strong>Quantit\u00e9 minimale de commande :<\/strong> 10 000 pi\u00e8ces<br \/>\n<strong>OEM :<\/strong> Oui<\/p>\n<h2 class=\"id-mb-6 id-text-[20px] id-font-bold id-text-[#222]\" data-spm-anchor-id=\"a2700.details.0.i71.1ddc2813eJ2L3W\">Options de personnalisation<\/h2>\n<div class=\"id-flex id-flex-col id-gap-2 id-text-[16px] id-mb-6\">\n<div><span class=\"id-mr-1\">Logo personnalis\u00e9<\/span><span class=\"id-text-[#767676]\"> (Commande min. : 10 000 pi\u00e8ces)<\/span><\/div>\n<div><span class=\"id-mr-1\">Emballage personnalis\u00e9<\/span><span class=\"id-text-[#767676]\"> (Commande min. : 10 000 pi\u00e8ces)<\/span><\/div>\n<div><span class=\"id-mr-1\">Personnalisation graphique<\/span><span class=\"id-text-[#767676]\"> (Commande min. : 10 000 pi\u00e8ces)<\/span><\/div>\n<\/div>\n<h2>Notre service<\/h2>\n<p>Plus de 13 ans de vente directe par le fabricant<br \/>\nAssistance technique OEM<br \/>\nPrise en charge des packages personnalis\u00e9s<\/p>","protected":false},"featured_media":12479,"comment_status":"open","ping_status":"closed","template":"","meta":[],"product_brand":[],"product_cat":[21],"product_tag":[],"class_list":{"0":"post-12478","1":"product","2":"type-product","3":"status-publish","4":"has-post-thumbnail","6":"product_cat-exercise-book","8":"first","9":"instock","10":"featured","11":"shipping-taxable","12":"product-type-simple"},"yoast_head":"<!-- This site is optimized with the Yoast SEO Premium plugin v23.9 (Yoast SEO v25.2) - https:\/\/yoast.com\/wordpress\/plugins\/seo\/ -->\n<title>Glue Bound Composition Exercise Book 288 Pages<\/title>\n<meta name=\"description\" content=\"High-quality 288-page glue bound composition exercise books for school supplies. Customizable for bulk orders. OEM &amp; wholesale services available at competitive prices.\" \/>\n<meta name=\"robots\" content=\"index, follow, max-snippet:-1, max-image-preview:large, max-video-preview:-1\" \/>\n<link rel=\"canonical\" href=\"https:\/\/www.colorflyprinting.com\/fr\/produit\/cahier-dexercices-de-composition-de-288-pages-relie-a-la-colle-fournitures-scolaires\/\" \/>\n<meta property=\"og:locale\" content=\"fr_FR\" \/>\n<meta property=\"og:type\" content=\"article\" \/>\n<meta property=\"og:title\" content=\"Glue Bound School Supplies Composition Exercise Book 288 Pages\" \/>\n<meta property=\"og:description\" content=\"High-quality 288-page glue bound composition exercise books for school supplies. Customizable for bulk orders. OEM &amp; wholesale services available at competitive prices.\" \/>\n<meta property=\"og:url\" content=\"https:\/\/www.colorflyprinting.com\/fr\/produit\/cahier-dexercices-de-composition-de-288-pages-relie-a-la-colle-fournitures-scolaires\/\" \/>\n<meta property=\"og:site_name\" content=\"colorflyprinting\" \/>\n<meta property=\"article:modified_time\" content=\"2025-12-02T06:04:26+00:00\" \/>\n<meta property=\"og:image\" content=\"https:\/\/www.colorflyprinting.com\/wp-content\/uploads\/2025\/04\/Main-05-24.jpg\" \/>\n\t<meta property=\"og:image:width\" content=\"750\" \/>\n\t<meta property=\"og:image:height\" content=\"750\" \/>\n\t<meta property=\"og:image:type\" content=\"image\/jpeg\" \/>\n<meta name=\"twitter:card\" content=\"summary_large_image\" \/>\n<script type=\"application\/ld+json\" class=\"yoast-schema-graph\">{\"@context\":\"https:\/\/schema.org\",\"@graph\":[{\"@type\":\"WebPage\",\"@id\":\"https:\/\/www.colorflyprinting.com\/product\/glue-bound-school-supplies-composition-exercise-book-288-pages\/\",\"url\":\"https:\/\/www.colorflyprinting.com\/product\/glue-bound-school-supplies-composition-exercise-book-288-pages\/\",\"name\":\"Glue Bound Composition Exercise Book 288 Pages\",\"isPartOf\":{\"@id\":\"https:\/\/www.colorflyprinting.com\/#website\"},\"primaryImageOfPage\":{\"@id\":\"https:\/\/www.colorflyprinting.com\/product\/glue-bound-school-supplies-composition-exercise-book-288-pages\/#primaryimage\"},\"image\":{\"@id\":\"https:\/\/www.colorflyprinting.com\/product\/glue-bound-school-supplies-composition-exercise-book-288-pages\/#primaryimage\"},\"thumbnailUrl\":\"https:\/\/www.colorflyprinting.com\/wp-content\/uploads\/2025\/04\/Main-05-24.jpg\",\"datePublished\":\"2025-04-29T05:50:16+00:00\",\"dateModified\":\"2025-12-02T06:04:26+00:00\",\"description\":\"High-quality 288-page glue bound composition exercise books for school supplies. Customizable for bulk orders. OEM & wholesale services available at competitive prices.\",\"breadcrumb\":{\"@id\":\"https:\/\/www.colorflyprinting.com\/product\/glue-bound-school-supplies-composition-exercise-book-288-pages\/#breadcrumb\"},\"inLanguage\":\"fr-FR\",\"potentialAction\":[{\"@type\":\"ReadAction\",\"target\":[\"https:\/\/www.colorflyprinting.com\/product\/glue-bound-school-supplies-composition-exercise-book-288-pages\/\"]}]},{\"@type\":\"ImageObject\",\"inLanguage\":\"fr-FR\",\"@id\":\"https:\/\/www.colorflyprinting.com\/product\/glue-bound-school-supplies-composition-exercise-book-288-pages\/#primaryimage\",\"url\":\"https:\/\/www.colorflyprinting.com\/wp-content\/uploads\/2025\/04\/Main-05-24.jpg\",\"contentUrl\":\"https:\/\/www.colorflyprinting.com\/wp-content\/uploads\/2025\/04\/Main-05-24.jpg\",\"width\":750,\"height\":750},{\"@type\":\"BreadcrumbList\",\"@id\":\"https:\/\/www.colorflyprinting.com\/product\/glue-bound-school-supplies-composition-exercise-book-288-pages\/#breadcrumb\",\"itemListElement\":[{\"@type\":\"ListItem\",\"position\":1,\"name\":\"Home\",\"item\":\"https:\/\/www.colorflyprinting.com\/\"},{\"@type\":\"ListItem\",\"position\":2,\"name\":\"Product\",\"item\":\"https:\/\/www.colorflyprinting.com\/shop\/\"},{\"@type\":\"ListItem\",\"position\":3,\"name\":\"Glue Bound School Supplies Composition Exercise Book 288 Pages\"}]},{\"@type\":\"WebSite\",\"@id\":\"https:\/\/www.colorflyprinting.com\/#website\",\"url\":\"https:\/\/www.colorflyprinting.com\/\",\"name\":\"Hefei Colorfly Stationery Co.,Ltd.\",\"description\":\"\",\"publisher\":{\"@id\":\"https:\/\/www.colorflyprinting.com\/#organization\"},\"potentialAction\":[{\"@type\":\"SearchAction\",\"target\":{\"@type\":\"EntryPoint\",\"urlTemplate\":\"https:\/\/www.colorflyprinting.com\/?s={search_term_string}\"},\"query-input\":{\"@type\":\"PropertyValueSpecification\",\"valueRequired\":true,\"valueName\":\"search_term_string\"}}],\"inLanguage\":\"fr-FR\"},{\"@type\":\"Organization\",\"@id\":\"https:\/\/www.colorflyprinting.com\/#organization\",\"name\":\"Hefei Colorfly Stationery Co.,Ltd.\",\"url\":\"https:\/\/www.colorflyprinting.com\/\",\"logo\":{\"@type\":\"ImageObject\",\"inLanguage\":\"fr-FR\",\"@id\":\"https:\/\/www.colorflyprinting.com\/#\/schema\/logo\/image\/\",\"url\":\"https:\/\/www.colorflyprinting.com\/wp-content\/uploads\/2025\/04\/d167665f943610681229e2f4307b9df.jpg\",\"contentUrl\":\"https:\/\/www.colorflyprinting.com\/wp-content\/uploads\/2025\/04\/d167665f943610681229e2f4307b9df.jpg\",\"width\":780,\"height\":780,\"caption\":\"Hefei Colorfly Stationery Co.,Ltd.\"},\"image\":{\"@id\":\"https:\/\/www.colorflyprinting.com\/#\/schema\/logo\/image\/\"}}]}<\/script>\n<!-- \/ Yoast SEO Premium plugin. -->","yoast_head_json":{"title":"Glue Bound Composition Exercise Book 288 Pages","description":"High-quality 288-page glue bound composition exercise books for school supplies. Customizable for bulk orders. OEM & wholesale services available at competitive prices.","robots":{"index":"index","follow":"follow","max-snippet":"max-snippet:-1","max-image-preview":"max-image-preview:large","max-video-preview":"max-video-preview:-1"},"canonical":"https:\/\/www.colorflyprinting.com\/fr\/produit\/cahier-dexercices-de-composition-de-288-pages-relie-a-la-colle-fournitures-scolaires\/","og_locale":"fr_FR","og_type":"article","og_title":"Glue Bound School Supplies Composition Exercise Book 288 Pages","og_description":"High-quality 288-page glue bound composition exercise books for school supplies. Customizable for bulk orders. OEM & wholesale services available at competitive prices.","og_url":"https:\/\/www.colorflyprinting.com\/fr\/produit\/cahier-dexercices-de-composition-de-288-pages-relie-a-la-colle-fournitures-scolaires\/","og_site_name":"colorflyprinting","article_modified_time":"2025-12-02T06:04:26+00:00","og_image":[{"width":750,"height":750,"url":"https:\/\/www.colorflyprinting.com\/wp-content\/uploads\/2025\/04\/Main-05-24.jpg","type":"image\/jpeg"}],"twitter_card":"summary_large_image","schema":{"@context":"https:\/\/schema.org","@graph":[{"@type":"WebPage","@id":"https:\/\/www.colorflyprinting.com\/product\/glue-bound-school-supplies-composition-exercise-book-288-pages\/","url":"https:\/\/www.colorflyprinting.com\/product\/glue-bound-school-supplies-composition-exercise-book-288-pages\/","name":"Glue Bound Composition Exercise Book 288 Pages","isPartOf":{"@id":"https:\/\/www.colorflyprinting.com\/#website"},"primaryImageOfPage":{"@id":"https:\/\/www.colorflyprinting.com\/product\/glue-bound-school-supplies-composition-exercise-book-288-pages\/#primaryimage"},"image":{"@id":"https:\/\/www.colorflyprinting.com\/product\/glue-bound-school-supplies-composition-exercise-book-288-pages\/#primaryimage"},"thumbnailUrl":"https:\/\/www.colorflyprinting.com\/wp-content\/uploads\/2025\/04\/Main-05-24.jpg","datePublished":"2025-04-29T05:50:16+00:00","dateModified":"2025-12-02T06:04:26+00:00","description":"High-quality 288-page glue bound composition exercise books for school supplies. Customizable for bulk orders. OEM & wholesale services available at competitive prices.","breadcrumb":{"@id":"https:\/\/www.colorflyprinting.com\/product\/glue-bound-school-supplies-composition-exercise-book-288-pages\/#breadcrumb"},"inLanguage":"fr-FR","potentialAction":[{"@type":"ReadAction","target":["https:\/\/www.colorflyprinting.com\/product\/glue-bound-school-supplies-composition-exercise-book-288-pages\/"]}]},{"@type":"ImageObject","inLanguage":"fr-FR","@id":"https:\/\/www.colorflyprinting.com\/product\/glue-bound-school-supplies-composition-exercise-book-288-pages\/#primaryimage","url":"https:\/\/www.colorflyprinting.com\/wp-content\/uploads\/2025\/04\/Main-05-24.jpg","contentUrl":"https:\/\/www.colorflyprinting.com\/wp-content\/uploads\/2025\/04\/Main-05-24.jpg","width":750,"height":750},{"@type":"BreadcrumbList","@id":"https:\/\/www.colorflyprinting.com\/product\/glue-bound-school-supplies-composition-exercise-book-288-pages\/#breadcrumb","itemListElement":[{"@type":"ListItem","position":1,"name":"Home","item":"https:\/\/www.colorflyprinting.com\/"},{"@type":"ListItem","position":2,"name":"Product","item":"https:\/\/www.colorflyprinting.com\/shop\/"},{"@type":"ListItem","position":3,"name":"Glue Bound School Supplies Composition Exercise Book 288 Pages"}]},{"@type":"WebSite","@id":"https:\/\/www.colorflyprinting.com\/#website","url":"https:\/\/www.colorflyprinting.com\/","name":"Hefei Colorfly Stationery Co.,Ltd.","description":"","publisher":{"@id":"https:\/\/www.colorflyprinting.com\/#organization"},"potentialAction":[{"@type":"SearchAction","target":{"@type":"EntryPoint","urlTemplate":"https:\/\/www.colorflyprinting.com\/?s={search_term_string}"},"query-input":{"@type":"PropertyValueSpecification","valueRequired":true,"valueName":"search_term_string"}}],"inLanguage":"fr-FR"},{"@type":"Organization","@id":"https:\/\/www.colorflyprinting.com\/#organization","name":"Hefei Colorfly Stationery Co.,Ltd.","url":"https:\/\/www.colorflyprinting.com\/","logo":{"@type":"ImageObject","inLanguage":"fr-FR","@id":"https:\/\/www.colorflyprinting.com\/#\/schema\/logo\/image\/","url":"https:\/\/www.colorflyprinting.com\/wp-content\/uploads\/2025\/04\/d167665f943610681229e2f4307b9df.jpg","contentUrl":"https:\/\/www.colorflyprinting.com\/wp-content\/uploads\/2025\/04\/d167665f943610681229e2f4307b9df.jpg","width":780,"height":780,"caption":"Hefei Colorfly Stationery Co.,Ltd."},"image":{"@id":"https:\/\/www.colorflyprinting.com\/#\/schema\/logo\/image\/"}}]}},"_links":{"self":[{"href":"https:\/\/www.colorflyprinting.com\/fr\/wp-json\/wp\/v2\/product\/12478","targetHints":{"allow":["GET"]}}],"collection":[{"href":"https:\/\/www.colorflyprinting.com\/fr\/wp-json\/wp\/v2\/product"}],"about":[{"href":"https:\/\/www.colorflyprinting.com\/fr\/wp-json\/wp\/v2\/types\/product"}],"replies":[{"embeddable":true,"href":"https:\/\/www.colorflyprinting.com\/fr\/wp-json\/wp\/v2\/comments?post=12478"}],"wp:featuredmedia":[{"embeddable":true,"href":"https:\/\/www.colorflyprinting.com\/fr\/wp-json\/wp\/v2\/media\/12479"}],"wp:attachment":[{"href":"https:\/\/www.colorflyprinting.com\/fr\/wp-json\/wp\/v2\/media?parent=12478"}],"wp:term":[{"taxonomy":"product_brand","embeddable":true,"href":"https:\/\/www.colorflyprinting.com\/fr\/wp-json\/wp\/v2\/product_brand?post=12478"},{"taxonomy":"product_cat","embeddable":true,"href":"https:\/\/www.colorflyprinting.com\/fr\/wp-json\/wp\/v2\/product_cat?post=12478"},{"taxonomy":"product_tag","embeddable":true,"href":"https:\/\/www.colorflyprinting.com\/fr\/wp-json\/wp\/v2\/product_tag?post=12478"}],"curies":[{"name":"wp","href":"https:\/\/api.w.org\/{rel}","templated":true}]}}