{"id":12186,"date":"2025-04-27T09:32:47","date_gmt":"2025-04-27T09:32:47","guid":{"rendered":"https:\/\/www.colorflyprinting.com\/?post_type=product&#038;p=12186"},"modified":"2025-07-18T20:18:39","modified_gmt":"2025-07-18T20:18:39","slug":"school-supply-exercise-books-writing-books-manufacturers","status":"publish","type":"product","link":"https:\/\/www.colorflyprinting.com\/fr\/produit\/fournitures-scolaires-cahiers-dexercices-fabricants-de-cahiers-decriture\/","title":{"rendered":"Fournitures scolaires, cahiers d&#039;exercices et cahiers d&#039;\u00e9criture, fabricants"},"content":{"rendered":"<table class=\"has-title is-zebra all magic-5\">\n<tbody>\n<tr>\n<td colspan=\"1\" rowspan=\"1\">\n<div class=\"magic-6\" data-spm-anchor-id=\"a2700.details-description.0.i0.c928U5vnU5vnoV\">Taille<\/div>\n<\/td>\n<td colspan=\"5\" rowspan=\"1\">\n<div class=\"magic-7\">\n<div data-spm-anchor-id=\"0.0.0.i3.59844f05Z16MVb\">168*215 cm (A5, A6, A7 etc. personnalis\u00e9s)<\/div>\n<\/div>\n<\/td>\n<\/tr>\n<tr>\n<td colspan=\"1\" rowspan=\"1\">\n<div class=\"magic-6\">Feuilles<\/div>\n<\/td>\n<td colspan=\"5\" rowspan=\"1\">\n<div class=\"magic-7\">\n<div data-spm-anchor-id=\"0.0.0.i13.59844f05Z16MVb\">80 feuilles ou personnalis\u00e9es<\/div>\n<\/div>\n<\/td>\n<\/tr>\n<tr>\n<td colspan=\"1\" rowspan=\"1\">\n<div class=\"magic-6\">Obligatoire<\/div>\n<\/td>\n<td colspan=\"5\" rowspan=\"1\">\n<div class=\"magic-7\">Reliure agraf\u00e9e<\/div>\n<\/td>\n<\/tr>\n<tr>\n<td colspan=\"1\" rowspan=\"1\">\n<div class=\"magic-6\">Emballage<\/div>\n<\/td>\n<td colspan=\"5\" rowspan=\"1\">\n<div class=\"magic-7\">10 pi\u00e8ces\/sac en polypropyl\u00e8ne<\/div>\n<\/td>\n<\/tr>\n<tr>\n<td colspan=\"1\" rowspan=\"1\">\n<div class=\"magic-6\">Quantit\u00e9 minimale de commande<\/div>\n<\/td>\n<td colspan=\"5\" rowspan=\"1\">\n<div class=\"magic-12\">10 000 pi\u00e8ces<\/div>\n<\/td>\n<\/tr>\n<\/tbody>\n<\/table>","protected":false},"excerpt":{"rendered":"<p><strong>Fabricant leader de cahiers d&#039;exercices et de cahiers d&#039;\u00e9criture pour fournitures scolaires. Cahiers durables et de haute qualit\u00e9, disponibles en gros \u00e0 des prix abordables pour les \u00e9tudiants et les \u00e9coles.<\/strong><\/p>\n<p><strong>Fournisseur:<\/strong> Impression de mouches color\u00e9es<br \/>\n<strong>Obligatoire:<\/strong>Piq\u00fbre \u00e0 cheval, reliure agraf\u00e9e<br \/>\n<strong>Taille:<\/strong> A5, A6, A7 etc personnalis\u00e9s<br \/>\n<strong>Taper:<\/strong>Cahier d&#039;exercices<br \/>\n<strong>Mat\u00e9riau de couverture<\/strong>\uff1aPapier d&#039;art<br \/>\n<strong>Impression:<\/strong>Impression offset 4c<br \/>\n<strong>Feuilles:<\/strong> 80 feuilles ou personnalis\u00e9es<br \/>\n<strong>Emballage:<\/strong> Emballage standard (sac r\u00e9tractable et carton) ou selon la demande du client<br \/>\n<strong>Logo:<\/strong>Accepter le logo personnalis\u00e9<br \/>\n<strong>Quantit\u00e9 minimale de commande :<\/strong> 10 000 pi\u00e8ces<br \/>\n<strong>OEM :<\/strong> Oui<\/p>\n<p>&nbsp;<\/p>\n<h2>Notre service<\/h2>\n<p>Plus de 13 ans de vente directe par le fabricant<br \/>\nAssistance technique OEM<br \/>\nPrise en charge des packages personnalis\u00e9s<\/p>","protected":false},"featured_media":12191,"comment_status":"open","ping_status":"closed","template":"","meta":[],"product_brand":[],"product_cat":[21,495],"product_tag":[592,591],"class_list":{"0":"post-12186","1":"product","2":"type-product","3":"status-publish","4":"has-post-thumbnail","6":"product_cat-exercise-book","7":"product_cat-soft-cover-exercise-book","8":"product_tag-school-supply-exercise-books","9":"product_tag-writing-books-manufacturers","11":"first","12":"instock","13":"featured","14":"shipping-taxable","15":"product-type-simple"},"yoast_head":"<!-- This site is optimized with the Yoast SEO Premium plugin v23.9 (Yoast SEO v25.2) - https:\/\/yoast.com\/wordpress\/plugins\/seo\/ -->\n<title>School Supply Exercise Books Writing Books Manufacturers<\/title>\n<meta name=\"description\" content=\"Leading manufacturers of school supply exercise books and writing books. Durable, high-quality notebooks available in bulk at affordable prices for students and schools.\" \/>\n<meta name=\"robots\" content=\"index, follow, max-snippet:-1, max-image-preview:large, max-video-preview:-1\" \/>\n<link rel=\"canonical\" href=\"https:\/\/www.colorflyprinting.com\/fr\/produit\/fournitures-scolaires-cahiers-dexercices-fabricants-de-cahiers-decriture\/\" \/>\n<meta property=\"og:locale\" content=\"fr_FR\" \/>\n<meta property=\"og:type\" content=\"article\" \/>\n<meta property=\"og:title\" content=\"School Supply Exercise Books Writing Books Manufacturers\" \/>\n<meta property=\"og:description\" content=\"Leading manufacturers of school supply exercise books and writing books. Durable, high-quality notebooks available in bulk at affordable prices for students and schools.\" \/>\n<meta property=\"og:url\" content=\"https:\/\/www.colorflyprinting.com\/fr\/produit\/fournitures-scolaires-cahiers-dexercices-fabricants-de-cahiers-decriture\/\" \/>\n<meta property=\"og:site_name\" content=\"colorflyprinting\" \/>\n<meta property=\"article:modified_time\" content=\"2025-07-18T20:18:39+00:00\" \/>\n<meta property=\"og:image\" content=\"https:\/\/www.colorflyprinting.com\/wp-content\/uploads\/2025\/04\/Main-06-13.jpg\" \/>\n\t<meta property=\"og:image:width\" content=\"700\" \/>\n\t<meta property=\"og:image:height\" content=\"700\" \/>\n\t<meta property=\"og:image:type\" content=\"image\/jpeg\" \/>\n<meta name=\"twitter:card\" content=\"summary_large_image\" \/>\n<script type=\"application\/ld+json\" class=\"yoast-schema-graph\">{\"@context\":\"https:\/\/schema.org\",\"@graph\":[{\"@type\":\"WebPage\",\"@id\":\"https:\/\/www.colorflyprinting.com\/product\/school-supply-exercise-books-writing-books-manufacturers\/\",\"url\":\"https:\/\/www.colorflyprinting.com\/product\/school-supply-exercise-books-writing-books-manufacturers\/\",\"name\":\"School Supply Exercise Books Writing Books Manufacturers\",\"isPartOf\":{\"@id\":\"https:\/\/www.colorflyprinting.com\/#website\"},\"primaryImageOfPage\":{\"@id\":\"https:\/\/www.colorflyprinting.com\/product\/school-supply-exercise-books-writing-books-manufacturers\/#primaryimage\"},\"image\":{\"@id\":\"https:\/\/www.colorflyprinting.com\/product\/school-supply-exercise-books-writing-books-manufacturers\/#primaryimage\"},\"thumbnailUrl\":\"https:\/\/www.colorflyprinting.com\/wp-content\/uploads\/2025\/04\/Main-06-13.jpg\",\"datePublished\":\"2025-04-27T09:32:47+00:00\",\"dateModified\":\"2025-07-18T20:18:39+00:00\",\"description\":\"Leading manufacturers of school supply exercise books and writing books. Durable, high-quality notebooks available in bulk at affordable prices for students and schools.\",\"breadcrumb\":{\"@id\":\"https:\/\/www.colorflyprinting.com\/product\/school-supply-exercise-books-writing-books-manufacturers\/#breadcrumb\"},\"inLanguage\":\"fr-FR\",\"potentialAction\":[{\"@type\":\"ReadAction\",\"target\":[\"https:\/\/www.colorflyprinting.com\/product\/school-supply-exercise-books-writing-books-manufacturers\/\"]}]},{\"@type\":\"ImageObject\",\"inLanguage\":\"fr-FR\",\"@id\":\"https:\/\/www.colorflyprinting.com\/product\/school-supply-exercise-books-writing-books-manufacturers\/#primaryimage\",\"url\":\"https:\/\/www.colorflyprinting.com\/wp-content\/uploads\/2025\/04\/Main-06-13.jpg\",\"contentUrl\":\"https:\/\/www.colorflyprinting.com\/wp-content\/uploads\/2025\/04\/Main-06-13.jpg\",\"width\":700,\"height\":700},{\"@type\":\"BreadcrumbList\",\"@id\":\"https:\/\/www.colorflyprinting.com\/product\/school-supply-exercise-books-writing-books-manufacturers\/#breadcrumb\",\"itemListElement\":[{\"@type\":\"ListItem\",\"position\":1,\"name\":\"Home\",\"item\":\"https:\/\/www.colorflyprinting.com\/\"},{\"@type\":\"ListItem\",\"position\":2,\"name\":\"Product\",\"item\":\"https:\/\/www.colorflyprinting.com\/shop\/\"},{\"@type\":\"ListItem\",\"position\":3,\"name\":\"School Supply Exercise Books Writing Books Manufacturers\"}]},{\"@type\":\"WebSite\",\"@id\":\"https:\/\/www.colorflyprinting.com\/#website\",\"url\":\"https:\/\/www.colorflyprinting.com\/\",\"name\":\"Hefei Colorfly Stationery Co.,Ltd.\",\"description\":\"\",\"publisher\":{\"@id\":\"https:\/\/www.colorflyprinting.com\/#organization\"},\"potentialAction\":[{\"@type\":\"SearchAction\",\"target\":{\"@type\":\"EntryPoint\",\"urlTemplate\":\"https:\/\/www.colorflyprinting.com\/?s={search_term_string}\"},\"query-input\":{\"@type\":\"PropertyValueSpecification\",\"valueRequired\":true,\"valueName\":\"search_term_string\"}}],\"inLanguage\":\"fr-FR\"},{\"@type\":\"Organization\",\"@id\":\"https:\/\/www.colorflyprinting.com\/#organization\",\"name\":\"Hefei Colorfly Stationery Co.,Ltd.\",\"url\":\"https:\/\/www.colorflyprinting.com\/\",\"logo\":{\"@type\":\"ImageObject\",\"inLanguage\":\"fr-FR\",\"@id\":\"https:\/\/www.colorflyprinting.com\/#\/schema\/logo\/image\/\",\"url\":\"https:\/\/www.colorflyprinting.com\/wp-content\/uploads\/2025\/04\/d167665f943610681229e2f4307b9df.jpg\",\"contentUrl\":\"https:\/\/www.colorflyprinting.com\/wp-content\/uploads\/2025\/04\/d167665f943610681229e2f4307b9df.jpg\",\"width\":780,\"height\":780,\"caption\":\"Hefei Colorfly Stationery Co.,Ltd.\"},\"image\":{\"@id\":\"https:\/\/www.colorflyprinting.com\/#\/schema\/logo\/image\/\"}}]}<\/script>\n<!-- \/ Yoast SEO Premium plugin. -->","yoast_head_json":{"title":"School Supply Exercise Books Writing Books Manufacturers","description":"Leading manufacturers of school supply exercise books and writing books. Durable, high-quality notebooks available in bulk at affordable prices for students and schools.","robots":{"index":"index","follow":"follow","max-snippet":"max-snippet:-1","max-image-preview":"max-image-preview:large","max-video-preview":"max-video-preview:-1"},"canonical":"https:\/\/www.colorflyprinting.com\/fr\/produit\/fournitures-scolaires-cahiers-dexercices-fabricants-de-cahiers-decriture\/","og_locale":"fr_FR","og_type":"article","og_title":"School Supply Exercise Books Writing Books Manufacturers","og_description":"Leading manufacturers of school supply exercise books and writing books. Durable, high-quality notebooks available in bulk at affordable prices for students and schools.","og_url":"https:\/\/www.colorflyprinting.com\/fr\/produit\/fournitures-scolaires-cahiers-dexercices-fabricants-de-cahiers-decriture\/","og_site_name":"colorflyprinting","article_modified_time":"2025-07-18T20:18:39+00:00","og_image":[{"width":700,"height":700,"url":"https:\/\/www.colorflyprinting.com\/wp-content\/uploads\/2025\/04\/Main-06-13.jpg","type":"image\/jpeg"}],"twitter_card":"summary_large_image","schema":{"@context":"https:\/\/schema.org","@graph":[{"@type":"WebPage","@id":"https:\/\/www.colorflyprinting.com\/product\/school-supply-exercise-books-writing-books-manufacturers\/","url":"https:\/\/www.colorflyprinting.com\/product\/school-supply-exercise-books-writing-books-manufacturers\/","name":"School Supply Exercise Books Writing Books Manufacturers","isPartOf":{"@id":"https:\/\/www.colorflyprinting.com\/#website"},"primaryImageOfPage":{"@id":"https:\/\/www.colorflyprinting.com\/product\/school-supply-exercise-books-writing-books-manufacturers\/#primaryimage"},"image":{"@id":"https:\/\/www.colorflyprinting.com\/product\/school-supply-exercise-books-writing-books-manufacturers\/#primaryimage"},"thumbnailUrl":"https:\/\/www.colorflyprinting.com\/wp-content\/uploads\/2025\/04\/Main-06-13.jpg","datePublished":"2025-04-27T09:32:47+00:00","dateModified":"2025-07-18T20:18:39+00:00","description":"Leading manufacturers of school supply exercise books and writing books. Durable, high-quality notebooks available in bulk at affordable prices for students and schools.","breadcrumb":{"@id":"https:\/\/www.colorflyprinting.com\/product\/school-supply-exercise-books-writing-books-manufacturers\/#breadcrumb"},"inLanguage":"fr-FR","potentialAction":[{"@type":"ReadAction","target":["https:\/\/www.colorflyprinting.com\/product\/school-supply-exercise-books-writing-books-manufacturers\/"]}]},{"@type":"ImageObject","inLanguage":"fr-FR","@id":"https:\/\/www.colorflyprinting.com\/product\/school-supply-exercise-books-writing-books-manufacturers\/#primaryimage","url":"https:\/\/www.colorflyprinting.com\/wp-content\/uploads\/2025\/04\/Main-06-13.jpg","contentUrl":"https:\/\/www.colorflyprinting.com\/wp-content\/uploads\/2025\/04\/Main-06-13.jpg","width":700,"height":700},{"@type":"BreadcrumbList","@id":"https:\/\/www.colorflyprinting.com\/product\/school-supply-exercise-books-writing-books-manufacturers\/#breadcrumb","itemListElement":[{"@type":"ListItem","position":1,"name":"Home","item":"https:\/\/www.colorflyprinting.com\/"},{"@type":"ListItem","position":2,"name":"Product","item":"https:\/\/www.colorflyprinting.com\/shop\/"},{"@type":"ListItem","position":3,"name":"School Supply Exercise Books Writing Books Manufacturers"}]},{"@type":"WebSite","@id":"https:\/\/www.colorflyprinting.com\/#website","url":"https:\/\/www.colorflyprinting.com\/","name":"Hefei Colorfly Stationery Co.,Ltd.","description":"","publisher":{"@id":"https:\/\/www.colorflyprinting.com\/#organization"},"potentialAction":[{"@type":"SearchAction","target":{"@type":"EntryPoint","urlTemplate":"https:\/\/www.colorflyprinting.com\/?s={search_term_string}"},"query-input":{"@type":"PropertyValueSpecification","valueRequired":true,"valueName":"search_term_string"}}],"inLanguage":"fr-FR"},{"@type":"Organization","@id":"https:\/\/www.colorflyprinting.com\/#organization","name":"Hefei Colorfly Stationery Co.,Ltd.","url":"https:\/\/www.colorflyprinting.com\/","logo":{"@type":"ImageObject","inLanguage":"fr-FR","@id":"https:\/\/www.colorflyprinting.com\/#\/schema\/logo\/image\/","url":"https:\/\/www.colorflyprinting.com\/wp-content\/uploads\/2025\/04\/d167665f943610681229e2f4307b9df.jpg","contentUrl":"https:\/\/www.colorflyprinting.com\/wp-content\/uploads\/2025\/04\/d167665f943610681229e2f4307b9df.jpg","width":780,"height":780,"caption":"Hefei Colorfly Stationery Co.,Ltd."},"image":{"@id":"https:\/\/www.colorflyprinting.com\/#\/schema\/logo\/image\/"}}]}},"_links":{"self":[{"href":"https:\/\/www.colorflyprinting.com\/fr\/wp-json\/wp\/v2\/product\/12186","targetHints":{"allow":["GET"]}}],"collection":[{"href":"https:\/\/www.colorflyprinting.com\/fr\/wp-json\/wp\/v2\/product"}],"about":[{"href":"https:\/\/www.colorflyprinting.com\/fr\/wp-json\/wp\/v2\/types\/product"}],"replies":[{"embeddable":true,"href":"https:\/\/www.colorflyprinting.com\/fr\/wp-json\/wp\/v2\/comments?post=12186"}],"wp:featuredmedia":[{"embeddable":true,"href":"https:\/\/www.colorflyprinting.com\/fr\/wp-json\/wp\/v2\/media\/12191"}],"wp:attachment":[{"href":"https:\/\/www.colorflyprinting.com\/fr\/wp-json\/wp\/v2\/media?parent=12186"}],"wp:term":[{"taxonomy":"product_brand","embeddable":true,"href":"https:\/\/www.colorflyprinting.com\/fr\/wp-json\/wp\/v2\/product_brand?post=12186"},{"taxonomy":"product_cat","embeddable":true,"href":"https:\/\/www.colorflyprinting.com\/fr\/wp-json\/wp\/v2\/product_cat?post=12186"},{"taxonomy":"product_tag","embeddable":true,"href":"https:\/\/www.colorflyprinting.com\/fr\/wp-json\/wp\/v2\/product_tag?post=12186"}],"curies":[{"name":"wp","href":"https:\/\/api.w.org\/{rel}","templated":true}]}}