{"id":12172,"date":"2025-04-27T09:19:38","date_gmt":"2025-04-27T09:19:38","guid":{"rendered":"https:\/\/www.colorflyprinting.com\/?post_type=product&#038;p=12172"},"modified":"2025-08-13T23:19:47","modified_gmt":"2025-08-13T23:19:47","slug":"supplier-wholesale-student-a4-notebooks-bulk-student-exercise-books","status":"publish","type":"product","link":"https:\/\/www.colorflyprinting.com\/fr\/produit\/fournisseur-de-gros-cahiers-dexercices-pour-etudiants-de-format-a4\/","title":{"rendered":"Fournisseur en gros de cahiers d&#039;exercices A4 pour \u00e9tudiants"},"content":{"rendered":"<div class=\"J_module\">\n<div id=\"ali-anchor-AliMagic-iyh6es\" class=\"magic-0\" data-section=\"AliMagic-iyh6es\" data-section-title=\"Product Description\" data-spm-anchor-id=\"a2700.details-description.0.i0.2600XrCiXrCi95\">Description du produit<\/div>\n<\/div>\n<div class=\"J_module\">\n<div class=\"ife-detail-decorate-table\">\n<table class=\"has-title is-zebra all magic-1\">\n<tbody>\n<tr>\n<td colspan=\"1\" rowspan=\"1\">\n<div class=\"magic-2\">\u00a0Taille<\/div>\n<\/td>\n<td colspan=\"5\" rowspan=\"1\">\n<div class=\"magic-3\">\n<div data-spm-anchor-id=\"0.0.0.i3.59844f05Z16MVb\">145X205cm (A5, A6, A7 etc. personnalis\u00e9s)<\/div>\n<\/div>\n<\/td>\n<\/tr>\n<tr>\n<td colspan=\"1\" rowspan=\"1\">\n<div class=\"magic-2\">Feuilles<\/div>\n<\/td>\n<td colspan=\"5\" rowspan=\"1\">\n<div class=\"magic-3\">\n<div data-spm-anchor-id=\"0.0.0.i13.59844f05Z16MVb\">80 feuilles ou personnalis\u00e9es<\/div>\n<\/div>\n<\/td>\n<\/tr>\n<tr>\n<td colspan=\"1\" rowspan=\"1\">\n<div class=\"magic-2\">Obligatoire<\/div>\n<\/td>\n<td colspan=\"5\" rowspan=\"1\">\n<div class=\"magic-3\">Reliure agraf\u00e9e<\/div>\n<\/td>\n<\/tr>\n<tr>\n<td colspan=\"1\" rowspan=\"1\">\n<div class=\"magic-2\">Emballage<\/div>\n<\/td>\n<td colspan=\"5\" rowspan=\"1\">\n<div class=\"magic-3\">10 pi\u00e8ces\/sac en polypropyl\u00e8ne<\/div>\n<\/td>\n<\/tr>\n<tr>\n<td colspan=\"1\" rowspan=\"1\">\n<div class=\"magic-2\">Quantit\u00e9 minimale de commande<\/div>\n<\/td>\n<td colspan=\"5\" rowspan=\"1\">\n<div class=\"magic-8\">10 000 pi\u00e8ces<\/div>\n<\/td>\n<\/tr>\n<\/tbody>\n<\/table>\n<p>&nbsp;<\/p>\n<\/div>\n<\/div>","protected":false},"excerpt":{"rendered":"<p><strong>Cahiers et cahiers d&#039;exercices A4 en gros. Parfaits pour l&#039;\u00e9cole, l&#039;\u00e9criture et la prise de notes. Durables et abordables pour les \u00e9tudiants et les \u00e9coles.<\/strong><\/p>\n<p><strong>Fournisseur:<\/strong> Impression de mouches color\u00e9es<br \/>\n<strong>Obligatoire:<\/strong>Piq\u00fbre \u00e0 cheval, reliure agraf\u00e9e<br \/>\n<strong>Taille:<\/strong> A5, A6, A7 etc personnalis\u00e9s<br \/>\n<strong>Taper:<\/strong>Cahier d&#039;exercices<br \/>\n<strong>Mat\u00e9riau de couverture<\/strong>:papier<br \/>\n<strong>Impression:<\/strong>Impression offset 4c<br \/>\n<strong>Feuilles:<\/strong> 24\/48 feuilles<br \/>\n<strong>Emballage:<\/strong> Emballage standard (sac r\u00e9tractable et carton) ou selon la demande du client<br \/>\n<strong>Logo:<\/strong>Accepter le logo personnalis\u00e9<br \/>\n<strong>Quantit\u00e9 minimale de commande :<\/strong> 10 000 pi\u00e8ces<br \/>\n<strong>OEM :<\/strong> Oui<\/p>\n<p>&nbsp;<\/p>\n<h2>Notre service<\/h2>\n<p>Plus de 13 ans de vente directe par le fabricant<br \/>\nAssistance technique OEM<br \/>\nPrise en charge des packages personnalis\u00e9s<\/p>","protected":false},"featured_media":12175,"comment_status":"open","ping_status":"closed","template":"","meta":[],"product_brand":[],"product_cat":[21,495],"product_tag":[588,587,586],"class_list":{"0":"post-12172","1":"product","2":"type-product","3":"status-publish","4":"has-post-thumbnail","6":"product_cat-exercise-book","7":"product_cat-soft-cover-exercise-book","8":"product_tag-a4-notebooks","9":"product_tag-bulk-student-exercise-books","10":"product_tag-childrens-exercise-book","12":"first","13":"instock","14":"featured","15":"shipping-taxable","16":"product-type-simple"},"yoast_head":"<!-- This site is optimized with the Yoast SEO Premium plugin v23.9 (Yoast SEO v25.2) - https:\/\/yoast.com\/wordpress\/plugins\/seo\/ -->\n<title>Supplier Wholesale Student A4 Notebooks Bulk Student Exercise Books<\/title>\n<meta name=\"robots\" content=\"index, follow, max-snippet:-1, max-image-preview:large, max-video-preview:-1\" \/>\n<link rel=\"canonical\" href=\"https:\/\/www.colorflyprinting.com\/fr\/produit\/fournisseur-de-gros-cahiers-dexercices-pour-etudiants-de-format-a4\/\" \/>\n<meta property=\"og:locale\" content=\"fr_FR\" \/>\n<meta property=\"og:type\" content=\"article\" \/>\n<meta property=\"og:title\" content=\"Supplier Wholesale Student A4 Notebooks Bulk Student Exercise Books\" \/>\n<meta property=\"og:description\" content=\"Wholesale A4 student notebooks and exercise books in bulk. Perfect for school use, writing, and note-taking. Durable and affordable for students and schools.  Supplier: Colorflyprinting Binding\uff1aSaddle Stitching, staple binding Size: A5,A6,A7 etc customized Type\uff1aExercise Book Cover Material\uff1apaper Printing\uff1a4c Offset Printing Sheets: 24\/48 Sheets Packing: Regular packing ( shrink bag &amp; out carton ) or base on customer&#039;s request Logo\uff1aAccept Customized Logo MOQ: 10000 pcs OEM: Yes  &nbsp; Our Service 13+ Years Manufacturer Direct Sale OEM Service Support Custom Package Support\" \/>\n<meta property=\"og:url\" content=\"https:\/\/www.colorflyprinting.com\/fr\/produit\/fournisseur-de-gros-cahiers-dexercices-pour-etudiants-de-format-a4\/\" \/>\n<meta property=\"og:site_name\" content=\"colorflyprinting\" \/>\n<meta property=\"article:modified_time\" content=\"2025-08-13T23:19:47+00:00\" \/>\n<meta property=\"og:image\" content=\"https:\/\/www.colorflyprinting.com\/wp-content\/uploads\/2025\/04\/Main-05-11.jpg\" \/>\n\t<meta property=\"og:image:width\" content=\"800\" \/>\n\t<meta property=\"og:image:height\" content=\"800\" \/>\n\t<meta property=\"og:image:type\" content=\"image\/jpeg\" \/>\n<meta name=\"twitter:card\" content=\"summary_large_image\" \/>\n<script type=\"application\/ld+json\" class=\"yoast-schema-graph\">{\"@context\":\"https:\/\/schema.org\",\"@graph\":[{\"@type\":\"WebPage\",\"@id\":\"https:\/\/www.colorflyprinting.com\/product\/supplier-wholesale-student-a4-notebooks-bulk-student-exercise-books\/\",\"url\":\"https:\/\/www.colorflyprinting.com\/product\/supplier-wholesale-student-a4-notebooks-bulk-student-exercise-books\/\",\"name\":\"Supplier Wholesale Student A4 Notebooks Bulk Student Exercise Books\",\"isPartOf\":{\"@id\":\"https:\/\/www.colorflyprinting.com\/#website\"},\"primaryImageOfPage\":{\"@id\":\"https:\/\/www.colorflyprinting.com\/product\/supplier-wholesale-student-a4-notebooks-bulk-student-exercise-books\/#primaryimage\"},\"image\":{\"@id\":\"https:\/\/www.colorflyprinting.com\/product\/supplier-wholesale-student-a4-notebooks-bulk-student-exercise-books\/#primaryimage\"},\"thumbnailUrl\":\"https:\/\/www.colorflyprinting.com\/wp-content\/uploads\/2025\/04\/Main-05-11.jpg\",\"datePublished\":\"2025-04-27T09:19:38+00:00\",\"dateModified\":\"2025-08-13T23:19:47+00:00\",\"breadcrumb\":{\"@id\":\"https:\/\/www.colorflyprinting.com\/product\/supplier-wholesale-student-a4-notebooks-bulk-student-exercise-books\/#breadcrumb\"},\"inLanguage\":\"fr-FR\",\"potentialAction\":[{\"@type\":\"ReadAction\",\"target\":[\"https:\/\/www.colorflyprinting.com\/product\/supplier-wholesale-student-a4-notebooks-bulk-student-exercise-books\/\"]}]},{\"@type\":\"ImageObject\",\"inLanguage\":\"fr-FR\",\"@id\":\"https:\/\/www.colorflyprinting.com\/product\/supplier-wholesale-student-a4-notebooks-bulk-student-exercise-books\/#primaryimage\",\"url\":\"https:\/\/www.colorflyprinting.com\/wp-content\/uploads\/2025\/04\/Main-05-11.jpg\",\"contentUrl\":\"https:\/\/www.colorflyprinting.com\/wp-content\/uploads\/2025\/04\/Main-05-11.jpg\",\"width\":800,\"height\":800},{\"@type\":\"BreadcrumbList\",\"@id\":\"https:\/\/www.colorflyprinting.com\/product\/supplier-wholesale-student-a4-notebooks-bulk-student-exercise-books\/#breadcrumb\",\"itemListElement\":[{\"@type\":\"ListItem\",\"position\":1,\"name\":\"Home\",\"item\":\"https:\/\/www.colorflyprinting.com\/\"},{\"@type\":\"ListItem\",\"position\":2,\"name\":\"Product\",\"item\":\"https:\/\/www.colorflyprinting.com\/shop\/\"},{\"@type\":\"ListItem\",\"position\":3,\"name\":\"Supplier Wholesale Student A4 Notebooks Bulk Student Exercise Books\"}]},{\"@type\":\"WebSite\",\"@id\":\"https:\/\/www.colorflyprinting.com\/#website\",\"url\":\"https:\/\/www.colorflyprinting.com\/\",\"name\":\"Hefei Colorfly Stationery Co.,Ltd.\",\"description\":\"\",\"publisher\":{\"@id\":\"https:\/\/www.colorflyprinting.com\/#organization\"},\"potentialAction\":[{\"@type\":\"SearchAction\",\"target\":{\"@type\":\"EntryPoint\",\"urlTemplate\":\"https:\/\/www.colorflyprinting.com\/?s={search_term_string}\"},\"query-input\":{\"@type\":\"PropertyValueSpecification\",\"valueRequired\":true,\"valueName\":\"search_term_string\"}}],\"inLanguage\":\"fr-FR\"},{\"@type\":\"Organization\",\"@id\":\"https:\/\/www.colorflyprinting.com\/#organization\",\"name\":\"Hefei Colorfly Stationery Co.,Ltd.\",\"url\":\"https:\/\/www.colorflyprinting.com\/\",\"logo\":{\"@type\":\"ImageObject\",\"inLanguage\":\"fr-FR\",\"@id\":\"https:\/\/www.colorflyprinting.com\/#\/schema\/logo\/image\/\",\"url\":\"https:\/\/www.colorflyprinting.com\/wp-content\/uploads\/2025\/04\/d167665f943610681229e2f4307b9df.jpg\",\"contentUrl\":\"https:\/\/www.colorflyprinting.com\/wp-content\/uploads\/2025\/04\/d167665f943610681229e2f4307b9df.jpg\",\"width\":780,\"height\":780,\"caption\":\"Hefei Colorfly Stationery Co.,Ltd.\"},\"image\":{\"@id\":\"https:\/\/www.colorflyprinting.com\/#\/schema\/logo\/image\/\"}}]}<\/script>\n<!-- \/ Yoast SEO Premium plugin. -->","yoast_head_json":{"title":"Supplier Wholesale Student A4 Notebooks Bulk Student Exercise Books","robots":{"index":"index","follow":"follow","max-snippet":"max-snippet:-1","max-image-preview":"max-image-preview:large","max-video-preview":"max-video-preview:-1"},"canonical":"https:\/\/www.colorflyprinting.com\/fr\/produit\/fournisseur-de-gros-cahiers-dexercices-pour-etudiants-de-format-a4\/","og_locale":"fr_FR","og_type":"article","og_title":"Supplier Wholesale Student A4 Notebooks Bulk Student Exercise Books","og_description":"Wholesale A4 student notebooks and exercise books in bulk. Perfect for school use, writing, and note-taking. Durable and affordable for students and schools.  Supplier: Colorflyprinting Binding\uff1aSaddle Stitching, staple binding Size: A5,A6,A7 etc customized Type\uff1aExercise Book Cover Material\uff1apaper Printing\uff1a4c Offset Printing Sheets: 24\/48 Sheets Packing: Regular packing ( shrink bag &amp; out carton ) or base on customer's request Logo\uff1aAccept Customized Logo MOQ: 10000 pcs OEM: Yes  &nbsp; Our Service 13+ Years Manufacturer Direct Sale OEM Service Support Custom Package Support","og_url":"https:\/\/www.colorflyprinting.com\/fr\/produit\/fournisseur-de-gros-cahiers-dexercices-pour-etudiants-de-format-a4\/","og_site_name":"colorflyprinting","article_modified_time":"2025-08-13T23:19:47+00:00","og_image":[{"width":800,"height":800,"url":"https:\/\/www.colorflyprinting.com\/wp-content\/uploads\/2025\/04\/Main-05-11.jpg","type":"image\/jpeg"}],"twitter_card":"summary_large_image","schema":{"@context":"https:\/\/schema.org","@graph":[{"@type":"WebPage","@id":"https:\/\/www.colorflyprinting.com\/product\/supplier-wholesale-student-a4-notebooks-bulk-student-exercise-books\/","url":"https:\/\/www.colorflyprinting.com\/product\/supplier-wholesale-student-a4-notebooks-bulk-student-exercise-books\/","name":"Supplier Wholesale Student A4 Notebooks Bulk Student Exercise Books","isPartOf":{"@id":"https:\/\/www.colorflyprinting.com\/#website"},"primaryImageOfPage":{"@id":"https:\/\/www.colorflyprinting.com\/product\/supplier-wholesale-student-a4-notebooks-bulk-student-exercise-books\/#primaryimage"},"image":{"@id":"https:\/\/www.colorflyprinting.com\/product\/supplier-wholesale-student-a4-notebooks-bulk-student-exercise-books\/#primaryimage"},"thumbnailUrl":"https:\/\/www.colorflyprinting.com\/wp-content\/uploads\/2025\/04\/Main-05-11.jpg","datePublished":"2025-04-27T09:19:38+00:00","dateModified":"2025-08-13T23:19:47+00:00","breadcrumb":{"@id":"https:\/\/www.colorflyprinting.com\/product\/supplier-wholesale-student-a4-notebooks-bulk-student-exercise-books\/#breadcrumb"},"inLanguage":"fr-FR","potentialAction":[{"@type":"ReadAction","target":["https:\/\/www.colorflyprinting.com\/product\/supplier-wholesale-student-a4-notebooks-bulk-student-exercise-books\/"]}]},{"@type":"ImageObject","inLanguage":"fr-FR","@id":"https:\/\/www.colorflyprinting.com\/product\/supplier-wholesale-student-a4-notebooks-bulk-student-exercise-books\/#primaryimage","url":"https:\/\/www.colorflyprinting.com\/wp-content\/uploads\/2025\/04\/Main-05-11.jpg","contentUrl":"https:\/\/www.colorflyprinting.com\/wp-content\/uploads\/2025\/04\/Main-05-11.jpg","width":800,"height":800},{"@type":"BreadcrumbList","@id":"https:\/\/www.colorflyprinting.com\/product\/supplier-wholesale-student-a4-notebooks-bulk-student-exercise-books\/#breadcrumb","itemListElement":[{"@type":"ListItem","position":1,"name":"Home","item":"https:\/\/www.colorflyprinting.com\/"},{"@type":"ListItem","position":2,"name":"Product","item":"https:\/\/www.colorflyprinting.com\/shop\/"},{"@type":"ListItem","position":3,"name":"Supplier Wholesale Student A4 Notebooks Bulk Student Exercise Books"}]},{"@type":"WebSite","@id":"https:\/\/www.colorflyprinting.com\/#website","url":"https:\/\/www.colorflyprinting.com\/","name":"Hefei Colorfly Stationery Co.,Ltd.","description":"","publisher":{"@id":"https:\/\/www.colorflyprinting.com\/#organization"},"potentialAction":[{"@type":"SearchAction","target":{"@type":"EntryPoint","urlTemplate":"https:\/\/www.colorflyprinting.com\/?s={search_term_string}"},"query-input":{"@type":"PropertyValueSpecification","valueRequired":true,"valueName":"search_term_string"}}],"inLanguage":"fr-FR"},{"@type":"Organization","@id":"https:\/\/www.colorflyprinting.com\/#organization","name":"Hefei Colorfly Stationery Co.,Ltd.","url":"https:\/\/www.colorflyprinting.com\/","logo":{"@type":"ImageObject","inLanguage":"fr-FR","@id":"https:\/\/www.colorflyprinting.com\/#\/schema\/logo\/image\/","url":"https:\/\/www.colorflyprinting.com\/wp-content\/uploads\/2025\/04\/d167665f943610681229e2f4307b9df.jpg","contentUrl":"https:\/\/www.colorflyprinting.com\/wp-content\/uploads\/2025\/04\/d167665f943610681229e2f4307b9df.jpg","width":780,"height":780,"caption":"Hefei Colorfly Stationery Co.,Ltd."},"image":{"@id":"https:\/\/www.colorflyprinting.com\/#\/schema\/logo\/image\/"}}]}},"_links":{"self":[{"href":"https:\/\/www.colorflyprinting.com\/fr\/wp-json\/wp\/v2\/product\/12172","targetHints":{"allow":["GET"]}}],"collection":[{"href":"https:\/\/www.colorflyprinting.com\/fr\/wp-json\/wp\/v2\/product"}],"about":[{"href":"https:\/\/www.colorflyprinting.com\/fr\/wp-json\/wp\/v2\/types\/product"}],"replies":[{"embeddable":true,"href":"https:\/\/www.colorflyprinting.com\/fr\/wp-json\/wp\/v2\/comments?post=12172"}],"wp:featuredmedia":[{"embeddable":true,"href":"https:\/\/www.colorflyprinting.com\/fr\/wp-json\/wp\/v2\/media\/12175"}],"wp:attachment":[{"href":"https:\/\/www.colorflyprinting.com\/fr\/wp-json\/wp\/v2\/media?parent=12172"}],"wp:term":[{"taxonomy":"product_brand","embeddable":true,"href":"https:\/\/www.colorflyprinting.com\/fr\/wp-json\/wp\/v2\/product_brand?post=12172"},{"taxonomy":"product_cat","embeddable":true,"href":"https:\/\/www.colorflyprinting.com\/fr\/wp-json\/wp\/v2\/product_cat?post=12172"},{"taxonomy":"product_tag","embeddable":true,"href":"https:\/\/www.colorflyprinting.com\/fr\/wp-json\/wp\/v2\/product_tag?post=12172"}],"curies":[{"name":"wp","href":"https:\/\/api.w.org\/{rel}","templated":true}]}}