{"id":12165,"date":"2025-04-27T09:12:25","date_gmt":"2025-04-27T09:12:25","guid":{"rendered":"https:\/\/www.colorflyprinting.com\/?post_type=product&#038;p=12165"},"modified":"2025-05-12T05:38:17","modified_gmt":"2025-05-12T05:38:17","slug":"wholesale-writing-notebook-custom-print-student-exercise-book","status":"publish","type":"product","link":"https:\/\/www.colorflyprinting.com\/fr\/produit\/cahier-decriture-en-gros-cahier-dexercices-personnalise-pour-etudiants\/","title":{"rendered":"Cahier d&#039;\u00e9criture en gros, cahier d&#039;exercices personnalis\u00e9 pour \u00e9tudiants"},"content":{"rendered":"<div class=\"J_module\">\n<div class=\"detail-decorate-json-renderer-container\">\n<div class=\"magic-1\">\n<div class=\"magic-2\">\n<div class=\"magic-3\">\n<div class=\"magic-4\">\n<p><b><span class=\"magic-5\"><span data-spm-anchor-id=\"a2700.details-description.0.i0.e8e2OH7UOH7Uaa\">Cahier d&#039;exercices de Papouasie-Nouvelle-Guin\u00e9e<\/span><\/span><\/b><\/p>\n<div>*Cahier d&#039;exercices scolaires \u00e0 une seule ligne<\/div>\n<div>*Cahier d&#039;exercices broch\u00e9 \u00e0 cheval 17x22cm pour \u00e9tudiants<\/div>\n<\/div>\n<\/div>\n<\/div>\n<\/div>\n<\/div>\n<\/div>\n<div class=\"J_module\">\n<div class=\"ife-detail-decorate-table\">\n<table class=\"has-title is-zebra all magic-6\">\n<tbody>\n<tr>\n<td colspan=\"1\" rowspan=\"1\">\n<div class=\"magic-7\">\u00a0Taille<\/div>\n<\/td>\n<td colspan=\"5\" rowspan=\"1\">\n<div class=\"magic-8\">\n<div data-spm-anchor-id=\"0.0.0.i3.59844f05Z16MVb\">17x22cm ou personnalis\u00e9 pour cahier d&#039;exercices<\/div>\n<\/div>\n<\/td>\n<\/tr>\n<tr>\n<td colspan=\"1\" rowspan=\"1\">\n<div class=\"magic-7\">Pages<\/div>\n<\/td>\n<td colspan=\"5\" rowspan=\"1\">\n<div class=\"magic-8\">\n<div data-spm-anchor-id=\"0.0.0.i13.59844f05Z16MVb\">32\/64\/96 pages ou personnalis\u00e9<\/div>\n<\/div>\n<\/td>\n<\/tr>\n<tr>\n<td colspan=\"1\" rowspan=\"1\">\n<div class=\"magic-7\">Obligatoire<\/div>\n<\/td>\n<td colspan=\"5\" rowspan=\"1\">\n<div class=\"magic-8\">Reliure agraf\u00e9e<\/div>\n<\/td>\n<\/tr>\n<tr>\n<td colspan=\"1\" rowspan=\"1\">\n<div class=\"magic-7\">Emballage<\/div>\n<\/td>\n<td colspan=\"5\" rowspan=\"1\">\n<div class=\"magic-8\">Sac r\u00e9tractable + cartons<\/div>\n<\/td>\n<\/tr>\n<tr>\n<td colspan=\"1\" rowspan=\"1\">\n<div class=\"magic-7\">Quantit\u00e9 minimale de commande<\/div>\n<\/td>\n<td colspan=\"5\" rowspan=\"1\">\n<div class=\"magic-13\">50 000 pi\u00e8ces<\/div>\n<\/td>\n<\/tr>\n<\/tbody>\n<\/table>\n<\/div>\n<\/div>","protected":false},"excerpt":{"rendered":"<p><strong>Cahiers d&#039;\u00e9criture en gros avec impression personnalis\u00e9e, parfaits pour les cahiers d&#039;exercices des \u00e9l\u00e8ves. Durables, personnalis\u00e9s et disponibles en gros \u00e0 des prix abordables pour les \u00e9coles et les bureaux.<\/strong><\/p>\n<p><strong>Fournisseur:<\/strong> Impression de mouches color\u00e9es<br \/>\n<strong>Obligatoire<\/strong>Piq\u00fbre \u00e0 cheval, reliure agraf\u00e9e<br \/>\n<strong>Taille:<\/strong> 17*22 cm ou personnalis\u00e9<br \/>\n<strong>Taper<\/strong>\uff1aCahier d&#039;exercices imprim\u00e9 personnalis\u00e9<br \/>\n<strong>Mat\u00e9riau de couverture<\/strong>: papier, carton ivoire, etc.<br \/>\n<strong>Pages int\u00e9rieures<\/strong>: 32\/64\/96\/128 pages<br \/>\n<strong>Impression<\/strong>\uff1aImpression offset 4c<br \/>\n<strong>Feuilles<\/strong>: 24\/48 feuilles<br \/>\n<strong>Emballage:<\/strong> Emballage standard (sac r\u00e9tractable et carton) ou selon la demande du client<br \/>\n<strong>Logo<\/strong>\uff1aAccepter le logo personnalis\u00e9<br \/>\n<strong>Quantit\u00e9 minimale de commande :<\/strong> 50 000 pi\u00e8ces<br \/>\n<strong>OEM :<\/strong> Oui<\/p>\n<h2>Notre service<\/h2>\n<p>Plus de 13 ans de vente directe par le fabricant<br \/>\nAssistance technique OEM<br \/>\nPrise en charge des packages personnalis\u00e9s<\/p>","protected":false},"featured_media":12169,"comment_status":"open","ping_status":"closed","template":"","meta":[],"product_brand":[],"product_cat":[21,495],"product_tag":[585,584],"class_list":{"0":"post-12165","1":"product","2":"type-product","3":"status-publish","4":"has-post-thumbnail","6":"product_cat-exercise-book","7":"product_cat-soft-cover-exercise-book","8":"product_tag-custom-print-student-exercise-book","9":"product_tag-wholesale-writing-notebook","11":"first","12":"instock","13":"featured","14":"shipping-taxable","15":"product-type-simple"},"yoast_head":"<!-- This site is optimized with the Yoast SEO Premium plugin v23.9 (Yoast SEO v25.2) - https:\/\/yoast.com\/wordpress\/plugins\/seo\/ -->\n<title>Wholesale Writing Notebook Custom Print Student Exercise Book<\/title>\n<meta name=\"description\" content=\"Wholesale writing notebooks with custom print, perfect for student exercise books. Durable, personalized, and available in bulk at affordable prices for schools and offices\" \/>\n<meta name=\"robots\" content=\"index, follow, max-snippet:-1, max-image-preview:large, max-video-preview:-1\" \/>\n<link rel=\"canonical\" href=\"https:\/\/www.colorflyprinting.com\/fr\/produit\/cahier-decriture-en-gros-cahier-dexercices-personnalise-pour-etudiants\/\" \/>\n<meta property=\"og:locale\" content=\"fr_FR\" \/>\n<meta property=\"og:type\" content=\"article\" \/>\n<meta property=\"og:title\" content=\"Wholesale Writing Notebook Custom Print Student Exercise Book\" \/>\n<meta property=\"og:description\" content=\"Wholesale writing notebooks with custom print, perfect for student exercise books. Durable, personalized, and available in bulk at affordable prices for schools and offices\" \/>\n<meta property=\"og:url\" content=\"https:\/\/www.colorflyprinting.com\/fr\/produit\/cahier-decriture-en-gros-cahier-dexercices-personnalise-pour-etudiants\/\" \/>\n<meta property=\"og:site_name\" content=\"colorflyprinting\" \/>\n<meta property=\"article:modified_time\" content=\"2025-05-12T05:38:17+00:00\" \/>\n<meta property=\"og:image\" content=\"https:\/\/www.colorflyprinting.com\/wp-content\/uploads\/2025\/04\/Main-04-10.jpg\" \/>\n\t<meta property=\"og:image:width\" content=\"750\" \/>\n\t<meta property=\"og:image:height\" content=\"750\" \/>\n\t<meta property=\"og:image:type\" content=\"image\/jpeg\" \/>\n<meta name=\"twitter:card\" content=\"summary_large_image\" \/>\n<script type=\"application\/ld+json\" class=\"yoast-schema-graph\">{\"@context\":\"https:\/\/schema.org\",\"@graph\":[{\"@type\":\"WebPage\",\"@id\":\"https:\/\/www.colorflyprinting.com\/product\/wholesale-writing-notebook-custom-print-student-exercise-book\/\",\"url\":\"https:\/\/www.colorflyprinting.com\/product\/wholesale-writing-notebook-custom-print-student-exercise-book\/\",\"name\":\"Wholesale Writing Notebook Custom Print Student Exercise Book\",\"isPartOf\":{\"@id\":\"https:\/\/www.colorflyprinting.com\/#website\"},\"primaryImageOfPage\":{\"@id\":\"https:\/\/www.colorflyprinting.com\/product\/wholesale-writing-notebook-custom-print-student-exercise-book\/#primaryimage\"},\"image\":{\"@id\":\"https:\/\/www.colorflyprinting.com\/product\/wholesale-writing-notebook-custom-print-student-exercise-book\/#primaryimage\"},\"thumbnailUrl\":\"https:\/\/www.colorflyprinting.com\/wp-content\/uploads\/2025\/04\/Main-04-10.jpg\",\"datePublished\":\"2025-04-27T09:12:25+00:00\",\"dateModified\":\"2025-05-12T05:38:17+00:00\",\"description\":\"Wholesale writing notebooks with custom print, perfect for student exercise books. Durable, personalized, and available in bulk at affordable prices for schools and offices\",\"breadcrumb\":{\"@id\":\"https:\/\/www.colorflyprinting.com\/product\/wholesale-writing-notebook-custom-print-student-exercise-book\/#breadcrumb\"},\"inLanguage\":\"fr-FR\",\"potentialAction\":[{\"@type\":\"ReadAction\",\"target\":[\"https:\/\/www.colorflyprinting.com\/product\/wholesale-writing-notebook-custom-print-student-exercise-book\/\"]}]},{\"@type\":\"ImageObject\",\"inLanguage\":\"fr-FR\",\"@id\":\"https:\/\/www.colorflyprinting.com\/product\/wholesale-writing-notebook-custom-print-student-exercise-book\/#primaryimage\",\"url\":\"https:\/\/www.colorflyprinting.com\/wp-content\/uploads\/2025\/04\/Main-04-10.jpg\",\"contentUrl\":\"https:\/\/www.colorflyprinting.com\/wp-content\/uploads\/2025\/04\/Main-04-10.jpg\",\"width\":750,\"height\":750},{\"@type\":\"BreadcrumbList\",\"@id\":\"https:\/\/www.colorflyprinting.com\/product\/wholesale-writing-notebook-custom-print-student-exercise-book\/#breadcrumb\",\"itemListElement\":[{\"@type\":\"ListItem\",\"position\":1,\"name\":\"Home\",\"item\":\"https:\/\/www.colorflyprinting.com\/\"},{\"@type\":\"ListItem\",\"position\":2,\"name\":\"Product\",\"item\":\"https:\/\/www.colorflyprinting.com\/shop\/\"},{\"@type\":\"ListItem\",\"position\":3,\"name\":\"Wholesale Writing Notebook Custom Print Student Exercise Book\"}]},{\"@type\":\"WebSite\",\"@id\":\"https:\/\/www.colorflyprinting.com\/#website\",\"url\":\"https:\/\/www.colorflyprinting.com\/\",\"name\":\"Hefei Colorfly Stationery Co.,Ltd.\",\"description\":\"\",\"publisher\":{\"@id\":\"https:\/\/www.colorflyprinting.com\/#organization\"},\"potentialAction\":[{\"@type\":\"SearchAction\",\"target\":{\"@type\":\"EntryPoint\",\"urlTemplate\":\"https:\/\/www.colorflyprinting.com\/?s={search_term_string}\"},\"query-input\":{\"@type\":\"PropertyValueSpecification\",\"valueRequired\":true,\"valueName\":\"search_term_string\"}}],\"inLanguage\":\"fr-FR\"},{\"@type\":\"Organization\",\"@id\":\"https:\/\/www.colorflyprinting.com\/#organization\",\"name\":\"Hefei Colorfly Stationery Co.,Ltd.\",\"url\":\"https:\/\/www.colorflyprinting.com\/\",\"logo\":{\"@type\":\"ImageObject\",\"inLanguage\":\"fr-FR\",\"@id\":\"https:\/\/www.colorflyprinting.com\/#\/schema\/logo\/image\/\",\"url\":\"https:\/\/www.colorflyprinting.com\/wp-content\/uploads\/2025\/04\/d167665f943610681229e2f4307b9df.jpg\",\"contentUrl\":\"https:\/\/www.colorflyprinting.com\/wp-content\/uploads\/2025\/04\/d167665f943610681229e2f4307b9df.jpg\",\"width\":780,\"height\":780,\"caption\":\"Hefei Colorfly Stationery Co.,Ltd.\"},\"image\":{\"@id\":\"https:\/\/www.colorflyprinting.com\/#\/schema\/logo\/image\/\"}}]}<\/script>\n<!-- \/ Yoast SEO Premium plugin. -->","yoast_head_json":{"title":"Wholesale Writing Notebook Custom Print Student Exercise Book","description":"Wholesale writing notebooks with custom print, perfect for student exercise books. Durable, personalized, and available in bulk at affordable prices for schools and offices","robots":{"index":"index","follow":"follow","max-snippet":"max-snippet:-1","max-image-preview":"max-image-preview:large","max-video-preview":"max-video-preview:-1"},"canonical":"https:\/\/www.colorflyprinting.com\/fr\/produit\/cahier-decriture-en-gros-cahier-dexercices-personnalise-pour-etudiants\/","og_locale":"fr_FR","og_type":"article","og_title":"Wholesale Writing Notebook Custom Print Student Exercise Book","og_description":"Wholesale writing notebooks with custom print, perfect for student exercise books. Durable, personalized, and available in bulk at affordable prices for schools and offices","og_url":"https:\/\/www.colorflyprinting.com\/fr\/produit\/cahier-decriture-en-gros-cahier-dexercices-personnalise-pour-etudiants\/","og_site_name":"colorflyprinting","article_modified_time":"2025-05-12T05:38:17+00:00","og_image":[{"width":750,"height":750,"url":"https:\/\/www.colorflyprinting.com\/wp-content\/uploads\/2025\/04\/Main-04-10.jpg","type":"image\/jpeg"}],"twitter_card":"summary_large_image","schema":{"@context":"https:\/\/schema.org","@graph":[{"@type":"WebPage","@id":"https:\/\/www.colorflyprinting.com\/product\/wholesale-writing-notebook-custom-print-student-exercise-book\/","url":"https:\/\/www.colorflyprinting.com\/product\/wholesale-writing-notebook-custom-print-student-exercise-book\/","name":"Wholesale Writing Notebook Custom Print Student Exercise Book","isPartOf":{"@id":"https:\/\/www.colorflyprinting.com\/#website"},"primaryImageOfPage":{"@id":"https:\/\/www.colorflyprinting.com\/product\/wholesale-writing-notebook-custom-print-student-exercise-book\/#primaryimage"},"image":{"@id":"https:\/\/www.colorflyprinting.com\/product\/wholesale-writing-notebook-custom-print-student-exercise-book\/#primaryimage"},"thumbnailUrl":"https:\/\/www.colorflyprinting.com\/wp-content\/uploads\/2025\/04\/Main-04-10.jpg","datePublished":"2025-04-27T09:12:25+00:00","dateModified":"2025-05-12T05:38:17+00:00","description":"Wholesale writing notebooks with custom print, perfect for student exercise books. Durable, personalized, and available in bulk at affordable prices for schools and offices","breadcrumb":{"@id":"https:\/\/www.colorflyprinting.com\/product\/wholesale-writing-notebook-custom-print-student-exercise-book\/#breadcrumb"},"inLanguage":"fr-FR","potentialAction":[{"@type":"ReadAction","target":["https:\/\/www.colorflyprinting.com\/product\/wholesale-writing-notebook-custom-print-student-exercise-book\/"]}]},{"@type":"ImageObject","inLanguage":"fr-FR","@id":"https:\/\/www.colorflyprinting.com\/product\/wholesale-writing-notebook-custom-print-student-exercise-book\/#primaryimage","url":"https:\/\/www.colorflyprinting.com\/wp-content\/uploads\/2025\/04\/Main-04-10.jpg","contentUrl":"https:\/\/www.colorflyprinting.com\/wp-content\/uploads\/2025\/04\/Main-04-10.jpg","width":750,"height":750},{"@type":"BreadcrumbList","@id":"https:\/\/www.colorflyprinting.com\/product\/wholesale-writing-notebook-custom-print-student-exercise-book\/#breadcrumb","itemListElement":[{"@type":"ListItem","position":1,"name":"Home","item":"https:\/\/www.colorflyprinting.com\/"},{"@type":"ListItem","position":2,"name":"Product","item":"https:\/\/www.colorflyprinting.com\/shop\/"},{"@type":"ListItem","position":3,"name":"Wholesale Writing Notebook Custom Print Student Exercise Book"}]},{"@type":"WebSite","@id":"https:\/\/www.colorflyprinting.com\/#website","url":"https:\/\/www.colorflyprinting.com\/","name":"Hefei Colorfly Stationery Co.,Ltd.","description":"","publisher":{"@id":"https:\/\/www.colorflyprinting.com\/#organization"},"potentialAction":[{"@type":"SearchAction","target":{"@type":"EntryPoint","urlTemplate":"https:\/\/www.colorflyprinting.com\/?s={search_term_string}"},"query-input":{"@type":"PropertyValueSpecification","valueRequired":true,"valueName":"search_term_string"}}],"inLanguage":"fr-FR"},{"@type":"Organization","@id":"https:\/\/www.colorflyprinting.com\/#organization","name":"Hefei Colorfly Stationery Co.,Ltd.","url":"https:\/\/www.colorflyprinting.com\/","logo":{"@type":"ImageObject","inLanguage":"fr-FR","@id":"https:\/\/www.colorflyprinting.com\/#\/schema\/logo\/image\/","url":"https:\/\/www.colorflyprinting.com\/wp-content\/uploads\/2025\/04\/d167665f943610681229e2f4307b9df.jpg","contentUrl":"https:\/\/www.colorflyprinting.com\/wp-content\/uploads\/2025\/04\/d167665f943610681229e2f4307b9df.jpg","width":780,"height":780,"caption":"Hefei Colorfly Stationery Co.,Ltd."},"image":{"@id":"https:\/\/www.colorflyprinting.com\/#\/schema\/logo\/image\/"}}]}},"_links":{"self":[{"href":"https:\/\/www.colorflyprinting.com\/fr\/wp-json\/wp\/v2\/product\/12165","targetHints":{"allow":["GET"]}}],"collection":[{"href":"https:\/\/www.colorflyprinting.com\/fr\/wp-json\/wp\/v2\/product"}],"about":[{"href":"https:\/\/www.colorflyprinting.com\/fr\/wp-json\/wp\/v2\/types\/product"}],"replies":[{"embeddable":true,"href":"https:\/\/www.colorflyprinting.com\/fr\/wp-json\/wp\/v2\/comments?post=12165"}],"wp:featuredmedia":[{"embeddable":true,"href":"https:\/\/www.colorflyprinting.com\/fr\/wp-json\/wp\/v2\/media\/12169"}],"wp:attachment":[{"href":"https:\/\/www.colorflyprinting.com\/fr\/wp-json\/wp\/v2\/media?parent=12165"}],"wp:term":[{"taxonomy":"product_brand","embeddable":true,"href":"https:\/\/www.colorflyprinting.com\/fr\/wp-json\/wp\/v2\/product_brand?post=12165"},{"taxonomy":"product_cat","embeddable":true,"href":"https:\/\/www.colorflyprinting.com\/fr\/wp-json\/wp\/v2\/product_cat?post=12165"},{"taxonomy":"product_tag","embeddable":true,"href":"https:\/\/www.colorflyprinting.com\/fr\/wp-json\/wp\/v2\/product_tag?post=12165"}],"curies":[{"name":"wp","href":"https:\/\/api.w.org\/{rel}","templated":true}]}}