{"id":11508,"date":"2025-04-22T01:23:20","date_gmt":"2025-04-22T01:23:20","guid":{"rendered":"https:\/\/www.colorflyprinting.com\/?post_type=product&#038;p=11508"},"modified":"2025-04-29T01:39:32","modified_gmt":"2025-04-29T01:39:32","slug":"factory-price-french-line-exercise-book-lined-exercise-book-2021-french-line-exercise-book-for-students-writing","status":"publish","type":"product","link":"https:\/\/www.colorflyprinting.com\/fr\/produit\/cahier-dexercices-ligne-a-prix-dusine-pour-etudiants-en-ecriture\/","title":{"rendered":"Cahier d&#039;exercices lign\u00e9 \u00e0 prix d&#039;usine French Line"},"content":{"rendered":"<div class=\"text\">\n<p>Description des produits<\/p>\n<p>Nom de l&#039;article : carnet<\/p>\n<p>Couverture : PU<br \/>\nTaille : 19 \u00d7 24,7 cm<\/p>\n<p>Reliure : Reliure parfaite (reliure spirale)<\/p>\n<p>Pages\u00a0: 48\/96\/192 pages<\/p>\n<p>Quantit\u00e9 minimale de commande : 5\u00a0000<\/p>\n<p>Toutes les sp\u00e9cifications ci-dessus peuvent \u00eatre personnalis\u00e9es, vous pouvez profiter de notre service personnalis\u00e9 si nous coop\u00e9rons.<\/p>\n<p>&nbsp;<\/p>\n<p>FAQ<\/p>\n<p>1. \u00c0 propos du prix :<br \/>\nLe prix est n\u00e9gociable. Il peut \u00eatre modifi\u00e9 en fonction de la quantit\u00e9 ou du forfait. Lors de votre demande, veuillez nous indiquer la quantit\u00e9 souhait\u00e9e.<\/p>\n<p>2. \u00c0 propos de l&#039;\u00e9chantillon\u00a0:<br \/>\nPour les produits standard que nous produisons tous les jours, l&#039;\u00e9chantillon est gratuit, mais le fret a\u00e9rien est \u00e0 payer ou vous nous payez les frais de port \u00e0 l&#039;avance, veuillez comprendre que ; faire de nouveaux \u00e9chantillons entra\u00eenera des frais de fabrication d&#039;\u00e9chantillons, discutons-en davantage s&#039;il vous pla\u00eet.<\/p>\n<p>3. \u00c0 propos du MOQ :<br \/>\nSi le produit que nous avons en stock tout au long du chemin, le MOQ est petit ; sinon, le MOQ est de 20 000\/50 000\/100 000 pi\u00e8ces, etc., des articles mixtes peuvent \u00e9galement tenir dans un conteneur de 20 pieds ; cela d\u00e9pend du type de produit et cela peut \u00eatre n\u00e9gociable, nous aimerions r\u00e9soudre votre probl\u00e8me autant que possible.<\/p>\n<p>4. \u00c0 propos du fabricant d&#039;\u00e9quipement d&#039;origine\u00a0:<br \/>\nNous poss\u00e9dons une usine en Chine, nous aimerions aider \u00e0 concevoir le LOGO et le code-barres du produit, \u00e0 condition que la qualit\u00e9 de la commande r\u00e9ponde \u00e0 son MOQ.<\/p>\n<p>5. \u00c0 propos du package\u00a0:<br \/>\nLa plupart des produits que nous fabriquons ont un emballage standard en fonction de l&#039;exp\u00e9rience que nous avons acquise sur le march\u00e9, mais nous acceptons toujours les besoins du client et fournissons des suggestions utiles pour r\u00e9f\u00e9rence.<\/p>\n<\/div>","protected":false},"excerpt":{"rendered":"<ul class=\"ptab-list clearfix\">\n<li>Origine du produit :\n<p>Anhui<\/li>\n<li>Marque:\n<p>Colorfly<\/li>\n<li>Num\u00e9ro d&#039;article :\n<p>S-1222<\/li>\n<li>Port d&#039;exp\u00e9dition :\n<p>Wuhan\/Shanghai\/qiandao\/yiwu<\/li>\n<li>Couleur:\n<p>couleur personnalis\u00e9e<\/li>\n<li>D\u00e9lai de mise en \u0153uvre:\n<p>25-30 jours<\/li>\n<li>Paiement:\n<p>30% TT comme d\u00e9p\u00f4t, le paiement du solde a<\/li>\n<li>Quantit\u00e9 minimale de commande :\n<p>5000<\/li>\n<li>Taper:\n<p>carnet de notes<\/li>\n<li>Taille:\n<p>A5<\/li>\n<li>Obligatoire:\n<p>reliure agraf\u00e9e<\/li>\n<li>Nombre de pages :\n<p>48p<\/li>\n<li>Impression int\u00e9rieure :\n<p>coutume<\/li>\n<li>Impression de la couverture :\n<p>couleur personnalis\u00e9e<\/li>\n<\/ul>","protected":false},"featured_media":11532,"comment_status":"open","ping_status":"closed","template":"","meta":[],"product_brand":[],"product_cat":[21,495],"product_tag":[362,430],"class_list":{"0":"post-11508","1":"product","2":"type-product","3":"status-publish","4":"has-post-thumbnail","6":"product_cat-exercise-book","7":"product_cat-soft-cover-exercise-book","8":"product_tag-bulk-composition-book","9":"product_tag-french-line-exercise-book-lined-exercise-book","11":"first","12":"instock","13":"shipping-taxable","14":"product-type-simple"},"yoast_head":"<!-- This site is optimized with the Yoast SEO Premium plugin v23.9 (Yoast SEO v25.2) - https:\/\/yoast.com\/wordpress\/plugins\/seo\/ -->\n<title>Factory Price French Line Exercise Book Lined Exercise Book<\/title>\n<meta name=\"description\" content=\"Affordable factory-priced French line exercise books with lined pages, perfect for writing, note-taking, and schoolwork. Durable and available in bulk for schools and offices.\" \/>\n<meta name=\"robots\" content=\"index, follow, max-snippet:-1, max-image-preview:large, max-video-preview:-1\" \/>\n<link rel=\"canonical\" href=\"https:\/\/www.colorflyprinting.com\/fr\/produit\/cahier-dexercices-ligne-a-prix-dusine-pour-etudiants-en-ecriture\/\" \/>\n<meta property=\"og:locale\" content=\"fr_FR\" \/>\n<meta property=\"og:type\" content=\"article\" \/>\n<meta property=\"og:title\" content=\"Factory Price French Line Exercise Book Lined Exercise Book\" \/>\n<meta property=\"og:description\" content=\"Affordable factory-priced French line exercise books with lined pages, perfect for writing, note-taking, and schoolwork. Durable and available in bulk for schools and offices.\" \/>\n<meta property=\"og:url\" content=\"https:\/\/www.colorflyprinting.com\/fr\/produit\/cahier-dexercices-ligne-a-prix-dusine-pour-etudiants-en-ecriture\/\" \/>\n<meta property=\"og:site_name\" content=\"colorflyprinting\" \/>\n<meta property=\"article:modified_time\" content=\"2025-04-29T01:39:32+00:00\" \/>\n<meta property=\"og:image\" content=\"https:\/\/www.colorflyprinting.com\/wp-content\/uploads\/2025\/04\/8a4a7aa3283434aac4031ce119a1a6c1_medium-1.jpg\" \/>\n\t<meta property=\"og:image:width\" content=\"550\" \/>\n\t<meta property=\"og:image:height\" content=\"550\" \/>\n\t<meta property=\"og:image:type\" content=\"image\/jpeg\" \/>\n<meta name=\"twitter:card\" content=\"summary_large_image\" \/>\n<meta name=\"twitter:label1\" content=\"Dur\u00e9e de lecture estim\u00e9e\" \/>\n\t<meta name=\"twitter:data1\" content=\"1 minute\" \/>\n<script type=\"application\/ld+json\" class=\"yoast-schema-graph\">{\"@context\":\"https:\/\/schema.org\",\"@graph\":[{\"@type\":\"WebPage\",\"@id\":\"https:\/\/www.colorflyprinting.com\/product\/factory-price-french-line-exercise-book-lined-exercise-book-2021-french-line-exercise-book-for-students-writing\/\",\"url\":\"https:\/\/www.colorflyprinting.com\/product\/factory-price-french-line-exercise-book-lined-exercise-book-2021-french-line-exercise-book-for-students-writing\/\",\"name\":\"Factory Price French Line Exercise Book Lined Exercise Book\",\"isPartOf\":{\"@id\":\"https:\/\/www.colorflyprinting.com\/#website\"},\"primaryImageOfPage\":{\"@id\":\"https:\/\/www.colorflyprinting.com\/product\/factory-price-french-line-exercise-book-lined-exercise-book-2021-french-line-exercise-book-for-students-writing\/#primaryimage\"},\"image\":{\"@id\":\"https:\/\/www.colorflyprinting.com\/product\/factory-price-french-line-exercise-book-lined-exercise-book-2021-french-line-exercise-book-for-students-writing\/#primaryimage\"},\"thumbnailUrl\":\"https:\/\/www.colorflyprinting.com\/wp-content\/uploads\/2025\/04\/8a4a7aa3283434aac4031ce119a1a6c1_medium-1.jpg\",\"datePublished\":\"2025-04-22T01:23:20+00:00\",\"dateModified\":\"2025-04-29T01:39:32+00:00\",\"description\":\"Affordable factory-priced French line exercise books with lined pages, perfect for writing, note-taking, and schoolwork. Durable and available in bulk for schools and offices.\",\"breadcrumb\":{\"@id\":\"https:\/\/www.colorflyprinting.com\/product\/factory-price-french-line-exercise-book-lined-exercise-book-2021-french-line-exercise-book-for-students-writing\/#breadcrumb\"},\"inLanguage\":\"fr-FR\",\"potentialAction\":[{\"@type\":\"ReadAction\",\"target\":[\"https:\/\/www.colorflyprinting.com\/product\/factory-price-french-line-exercise-book-lined-exercise-book-2021-french-line-exercise-book-for-students-writing\/\"]}]},{\"@type\":\"ImageObject\",\"inLanguage\":\"fr-FR\",\"@id\":\"https:\/\/www.colorflyprinting.com\/product\/factory-price-french-line-exercise-book-lined-exercise-book-2021-french-line-exercise-book-for-students-writing\/#primaryimage\",\"url\":\"https:\/\/www.colorflyprinting.com\/wp-content\/uploads\/2025\/04\/8a4a7aa3283434aac4031ce119a1a6c1_medium-1.jpg\",\"contentUrl\":\"https:\/\/www.colorflyprinting.com\/wp-content\/uploads\/2025\/04\/8a4a7aa3283434aac4031ce119a1a6c1_medium-1.jpg\",\"width\":550,\"height\":550},{\"@type\":\"BreadcrumbList\",\"@id\":\"https:\/\/www.colorflyprinting.com\/product\/factory-price-french-line-exercise-book-lined-exercise-book-2021-french-line-exercise-book-for-students-writing\/#breadcrumb\",\"itemListElement\":[{\"@type\":\"ListItem\",\"position\":1,\"name\":\"Home\",\"item\":\"https:\/\/www.colorflyprinting.com\/\"},{\"@type\":\"ListItem\",\"position\":2,\"name\":\"Product\",\"item\":\"https:\/\/www.colorflyprinting.com\/shop\/\"},{\"@type\":\"ListItem\",\"position\":3,\"name\":\"Factory Price French Line Exercise Book Lined Exercise Book\"}]},{\"@type\":\"WebSite\",\"@id\":\"https:\/\/www.colorflyprinting.com\/#website\",\"url\":\"https:\/\/www.colorflyprinting.com\/\",\"name\":\"Hefei Colorfly Stationery Co.,Ltd.\",\"description\":\"\",\"publisher\":{\"@id\":\"https:\/\/www.colorflyprinting.com\/#organization\"},\"potentialAction\":[{\"@type\":\"SearchAction\",\"target\":{\"@type\":\"EntryPoint\",\"urlTemplate\":\"https:\/\/www.colorflyprinting.com\/?s={search_term_string}\"},\"query-input\":{\"@type\":\"PropertyValueSpecification\",\"valueRequired\":true,\"valueName\":\"search_term_string\"}}],\"inLanguage\":\"fr-FR\"},{\"@type\":\"Organization\",\"@id\":\"https:\/\/www.colorflyprinting.com\/#organization\",\"name\":\"Hefei Colorfly Stationery Co.,Ltd.\",\"url\":\"https:\/\/www.colorflyprinting.com\/\",\"logo\":{\"@type\":\"ImageObject\",\"inLanguage\":\"fr-FR\",\"@id\":\"https:\/\/www.colorflyprinting.com\/#\/schema\/logo\/image\/\",\"url\":\"https:\/\/www.colorflyprinting.com\/wp-content\/uploads\/2025\/04\/d167665f943610681229e2f4307b9df.jpg\",\"contentUrl\":\"https:\/\/www.colorflyprinting.com\/wp-content\/uploads\/2025\/04\/d167665f943610681229e2f4307b9df.jpg\",\"width\":780,\"height\":780,\"caption\":\"Hefei Colorfly Stationery Co.,Ltd.\"},\"image\":{\"@id\":\"https:\/\/www.colorflyprinting.com\/#\/schema\/logo\/image\/\"}}]}<\/script>\n<!-- \/ Yoast SEO Premium plugin. -->","yoast_head_json":{"title":"Factory Price French Line Exercise Book Lined Exercise Book","description":"Affordable factory-priced French line exercise books with lined pages, perfect for writing, note-taking, and schoolwork. Durable and available in bulk for schools and offices.","robots":{"index":"index","follow":"follow","max-snippet":"max-snippet:-1","max-image-preview":"max-image-preview:large","max-video-preview":"max-video-preview:-1"},"canonical":"https:\/\/www.colorflyprinting.com\/fr\/produit\/cahier-dexercices-ligne-a-prix-dusine-pour-etudiants-en-ecriture\/","og_locale":"fr_FR","og_type":"article","og_title":"Factory Price French Line Exercise Book Lined Exercise Book","og_description":"Affordable factory-priced French line exercise books with lined pages, perfect for writing, note-taking, and schoolwork. Durable and available in bulk for schools and offices.","og_url":"https:\/\/www.colorflyprinting.com\/fr\/produit\/cahier-dexercices-ligne-a-prix-dusine-pour-etudiants-en-ecriture\/","og_site_name":"colorflyprinting","article_modified_time":"2025-04-29T01:39:32+00:00","og_image":[{"width":550,"height":550,"url":"https:\/\/www.colorflyprinting.com\/wp-content\/uploads\/2025\/04\/8a4a7aa3283434aac4031ce119a1a6c1_medium-1.jpg","type":"image\/jpeg"}],"twitter_card":"summary_large_image","twitter_misc":{"Dur\u00e9e de lecture estim\u00e9e":"1 minute"},"schema":{"@context":"https:\/\/schema.org","@graph":[{"@type":"WebPage","@id":"https:\/\/www.colorflyprinting.com\/product\/factory-price-french-line-exercise-book-lined-exercise-book-2021-french-line-exercise-book-for-students-writing\/","url":"https:\/\/www.colorflyprinting.com\/product\/factory-price-french-line-exercise-book-lined-exercise-book-2021-french-line-exercise-book-for-students-writing\/","name":"Factory Price French Line Exercise Book Lined Exercise Book","isPartOf":{"@id":"https:\/\/www.colorflyprinting.com\/#website"},"primaryImageOfPage":{"@id":"https:\/\/www.colorflyprinting.com\/product\/factory-price-french-line-exercise-book-lined-exercise-book-2021-french-line-exercise-book-for-students-writing\/#primaryimage"},"image":{"@id":"https:\/\/www.colorflyprinting.com\/product\/factory-price-french-line-exercise-book-lined-exercise-book-2021-french-line-exercise-book-for-students-writing\/#primaryimage"},"thumbnailUrl":"https:\/\/www.colorflyprinting.com\/wp-content\/uploads\/2025\/04\/8a4a7aa3283434aac4031ce119a1a6c1_medium-1.jpg","datePublished":"2025-04-22T01:23:20+00:00","dateModified":"2025-04-29T01:39:32+00:00","description":"Affordable factory-priced French line exercise books with lined pages, perfect for writing, note-taking, and schoolwork. Durable and available in bulk for schools and offices.","breadcrumb":{"@id":"https:\/\/www.colorflyprinting.com\/product\/factory-price-french-line-exercise-book-lined-exercise-book-2021-french-line-exercise-book-for-students-writing\/#breadcrumb"},"inLanguage":"fr-FR","potentialAction":[{"@type":"ReadAction","target":["https:\/\/www.colorflyprinting.com\/product\/factory-price-french-line-exercise-book-lined-exercise-book-2021-french-line-exercise-book-for-students-writing\/"]}]},{"@type":"ImageObject","inLanguage":"fr-FR","@id":"https:\/\/www.colorflyprinting.com\/product\/factory-price-french-line-exercise-book-lined-exercise-book-2021-french-line-exercise-book-for-students-writing\/#primaryimage","url":"https:\/\/www.colorflyprinting.com\/wp-content\/uploads\/2025\/04\/8a4a7aa3283434aac4031ce119a1a6c1_medium-1.jpg","contentUrl":"https:\/\/www.colorflyprinting.com\/wp-content\/uploads\/2025\/04\/8a4a7aa3283434aac4031ce119a1a6c1_medium-1.jpg","width":550,"height":550},{"@type":"BreadcrumbList","@id":"https:\/\/www.colorflyprinting.com\/product\/factory-price-french-line-exercise-book-lined-exercise-book-2021-french-line-exercise-book-for-students-writing\/#breadcrumb","itemListElement":[{"@type":"ListItem","position":1,"name":"Home","item":"https:\/\/www.colorflyprinting.com\/"},{"@type":"ListItem","position":2,"name":"Product","item":"https:\/\/www.colorflyprinting.com\/shop\/"},{"@type":"ListItem","position":3,"name":"Factory Price French Line Exercise Book Lined Exercise Book"}]},{"@type":"WebSite","@id":"https:\/\/www.colorflyprinting.com\/#website","url":"https:\/\/www.colorflyprinting.com\/","name":"Hefei Colorfly Stationery Co.,Ltd.","description":"","publisher":{"@id":"https:\/\/www.colorflyprinting.com\/#organization"},"potentialAction":[{"@type":"SearchAction","target":{"@type":"EntryPoint","urlTemplate":"https:\/\/www.colorflyprinting.com\/?s={search_term_string}"},"query-input":{"@type":"PropertyValueSpecification","valueRequired":true,"valueName":"search_term_string"}}],"inLanguage":"fr-FR"},{"@type":"Organization","@id":"https:\/\/www.colorflyprinting.com\/#organization","name":"Hefei Colorfly Stationery Co.,Ltd.","url":"https:\/\/www.colorflyprinting.com\/","logo":{"@type":"ImageObject","inLanguage":"fr-FR","@id":"https:\/\/www.colorflyprinting.com\/#\/schema\/logo\/image\/","url":"https:\/\/www.colorflyprinting.com\/wp-content\/uploads\/2025\/04\/d167665f943610681229e2f4307b9df.jpg","contentUrl":"https:\/\/www.colorflyprinting.com\/wp-content\/uploads\/2025\/04\/d167665f943610681229e2f4307b9df.jpg","width":780,"height":780,"caption":"Hefei Colorfly Stationery Co.,Ltd."},"image":{"@id":"https:\/\/www.colorflyprinting.com\/#\/schema\/logo\/image\/"}}]}},"_links":{"self":[{"href":"https:\/\/www.colorflyprinting.com\/fr\/wp-json\/wp\/v2\/product\/11508","targetHints":{"allow":["GET"]}}],"collection":[{"href":"https:\/\/www.colorflyprinting.com\/fr\/wp-json\/wp\/v2\/product"}],"about":[{"href":"https:\/\/www.colorflyprinting.com\/fr\/wp-json\/wp\/v2\/types\/product"}],"replies":[{"embeddable":true,"href":"https:\/\/www.colorflyprinting.com\/fr\/wp-json\/wp\/v2\/comments?post=11508"}],"wp:featuredmedia":[{"embeddable":true,"href":"https:\/\/www.colorflyprinting.com\/fr\/wp-json\/wp\/v2\/media\/11532"}],"wp:attachment":[{"href":"https:\/\/www.colorflyprinting.com\/fr\/wp-json\/wp\/v2\/media?parent=11508"}],"wp:term":[{"taxonomy":"product_brand","embeddable":true,"href":"https:\/\/www.colorflyprinting.com\/fr\/wp-json\/wp\/v2\/product_brand?post=11508"},{"taxonomy":"product_cat","embeddable":true,"href":"https:\/\/www.colorflyprinting.com\/fr\/wp-json\/wp\/v2\/product_cat?post=11508"},{"taxonomy":"product_tag","embeddable":true,"href":"https:\/\/www.colorflyprinting.com\/fr\/wp-json\/wp\/v2\/product_tag?post=11508"}],"curies":[{"name":"wp","href":"https:\/\/api.w.org\/{rel}","templated":true}]}}