{"id":11472,"date":"2025-04-22T01:22:57","date_gmt":"2025-04-22T01:22:57","guid":{"rendered":"https:\/\/www.colorflyprinting.com\/?post_type=product&#038;p=11472"},"modified":"2025-04-22T01:23:33","modified_gmt":"2025-04-22T01:23:33","slug":"cheap-2-quire-feintmargin-sewn-binding-a4-school-counter-book-for-students","status":"publish","type":"product","link":"https:\/\/www.colorflyprinting.com\/fr\/produit\/cahier-decolier-a4-a-reliure-cousue-et-a-marges-fines-bon-marche-pour-etudiants\/","title":{"rendered":"Cahier de notes A4 \u00e0 reliure cousue et marges, bon march\u00e9, pour \u00e9tudiants"},"content":{"rendered":"<div class=\"text\">\n<p>\n\tDescription des produits&nbsp;\n<\/p>\n<p>\n\tNom de l&#039;article : carnet \u00e0 couverture rigide\n<\/p>\n<p>\n\t&nbsp;Couverture : PU<br \/>\nTaille : 19 \u00d7 24,7 cm\n<\/p>\n<p>\n\tReliure : Reliure parfaite\n<\/p>\n<p>\n\tPages: 96\/192 pages\n<\/p>\n<p>\n\tQuantit\u00e9 minimale de commande : 5\u00a0000\n<\/p>\n<p>\n\tToutes les sp\u00e9cifications ci-dessus peuvent \u00eatre personnalis\u00e9es, vous pouvez profiter de notre service personnalis\u00e9 si nous coop\u00e9rons.&nbsp;\n<\/p>\n<p>\n\t\n<\/p>\n<p>\n\t&nbsp;FAQ&nbsp;\n<\/p>\n<p>\n\t1. \u00c0 propos du prix :<br \/>\nLe prix est n\u00e9gociable. Il peut \u00eatre modifi\u00e9 en fonction de la quantit\u00e9 ou du forfait. Lors de votre demande, veuillez nous indiquer la quantit\u00e9 souhait\u00e9e.&nbsp;\n<\/p>\n<p>\n\t2. \u00c0 propos de l&#039;\u00e9chantillon\u00a0:<br \/>\nPour les produits standard que nous produisons tous les jours, l&#039;\u00e9chantillon est gratuit, mais le fret a\u00e9rien est \u00e0 payer ou vous nous payez les frais de port \u00e0 l&#039;avance, veuillez comprendre que ; faire de nouveaux \u00e9chantillons entra\u00eenera des frais de fabrication d&#039;\u00e9chantillons, discutons-en davantage s&#039;il vous pla\u00eet.&nbsp;\n<\/p>\n<p>\n\t3. \u00c0 propos du MOQ :<br \/>\nSi le produit que nous avons en stock tout au long du chemin, le MOQ est petit ; sinon, le MOQ est de 20 000\/50 000\/100 000 pi\u00e8ces, etc., des articles mixtes peuvent \u00e9galement tenir dans un conteneur de 20 pieds ; cela d\u00e9pend du type de produit et cela peut \u00eatre n\u00e9gociable, nous aimerions r\u00e9soudre votre probl\u00e8me autant que possible.&nbsp;\n<\/p>\n<p>\n\t4. \u00c0 propos du fabricant d&#039;\u00e9quipement d&#039;origine\u00a0:<br \/>\nNous poss\u00e9dons une usine en Chine, nous aimerions aider \u00e0 concevoir le LOGO et le code-barres du produit, \u00e0 condition que la qualit\u00e9 de la commande r\u00e9ponde \u00e0 son MOQ.&nbsp;\n<\/p>\n<p>\n\t5. \u00c0 propos du package\u00a0:<br \/>\nLa plupart des produits que nous fabriquons ont un emballage standard en fonction de l&#039;exp\u00e9rience que nous avons acquise sur le march\u00e9, mais nous acceptons toujours les besoins du client et fournissons des suggestions utiles pour r\u00e9f\u00e9rence.\n<\/p>\n<\/p><\/div>","protected":false},"excerpt":{"rendered":"<ul class=\"ptab-list clearfix\">\n<li>\n<p>Origine du produit :<\/p>\n<p><span>Anhui<\/span><\/li>\n<li>\n<p>Marque:<\/p>\n<p><span>Colorfly<\/span><\/li>\n<li>\n<p>Num\u00e9ro d&#039;article :<\/p>\n<p><span>C-1229<\/span><\/li>\n<li>\n<p>Port d&#039;exp\u00e9dition :<\/p>\n<p><span>Wuhan\/Shanghai\/qiandao\/yiwu<\/span><\/li>\n<li>\n<p>Couleur:<\/p>\n<p><span>couleur personnalis\u00e9e<\/span><\/li>\n<li>\n<p>D\u00e9lai de mise en \u0153uvre:<\/p>\n<p><span>25-30 jours<\/span><\/li>\n<li>\n<p>Paiement:<\/p>\n<p><span>30% TT comme d\u00e9p\u00f4t, le paiement du solde a<\/span><\/li>\n<li>\n<p>Quantit\u00e9 minimale de commande :<\/p>\n<p><span>5000<\/span><\/li>\n<li>\n<p>Taper: <\/p>\n<p> <span>carnet de notes<\/span><\/li>\n<li>\n<p>Taille: <\/p>\n<p> <span>A5<\/span><\/li>\n<li>\n<p>Obligatoire: <\/p>\n<p> <span>reliure parfaite<\/span><\/li>\n<li>\n<p>Nombre de pages : <\/p>\n<p> <span>\/192p<\/span><\/li>\n<li>\n<p>Impression int\u00e9rieure : <\/p>\n<p> <span>coutume<\/span><\/li>\n<li>\n<p>Impression de la couverture : <\/p>\n<p> <span>couleur personnalis\u00e9e<\/span><\/li>\n<\/ul>","protected":false},"featured_media":11529,"comment_status":"open","ping_status":"closed","template":"","meta":[],"product_brand":[],"product_cat":[449],"product_tag":[489,490,491],"class_list":{"0":"post-11472","1":"product","2":"type-product","3":"status-publish","4":"has-post-thumbnail","6":"product_cat-hardcover-notebook","7":"product_tag-a4-school-counter-book-for-students","8":"product_tag-cheap-2-quire-feintmargin-sewn-binding","9":"product_tag-counter-book-for-students","11":"first","12":"instock","13":"shipping-taxable","14":"product-type-simple"},"yoast_head":"<!-- This site is optimized with the Yoast SEO Premium plugin v23.9 (Yoast SEO v25.2) - https:\/\/yoast.com\/wordpress\/plugins\/seo\/ -->\n<title>Cheap 2 Quire Feint&amp;Margin Sewn Binding A4 School Counter Book For Students - colorflyprinting<\/title>\n<meta name=\"robots\" content=\"index, follow, max-snippet:-1, max-image-preview:large, max-video-preview:-1\" \/>\n<link rel=\"canonical\" href=\"https:\/\/www.colorflyprinting.com\/fr\/produit\/cahier-decolier-a4-a-reliure-cousue-et-a-marges-fines-bon-marche-pour-etudiants\/\" \/>\n<meta property=\"og:locale\" content=\"fr_FR\" \/>\n<meta property=\"og:type\" content=\"article\" \/>\n<meta property=\"og:title\" content=\"Cheap 2 Quire Feint&amp;Margin Sewn Binding A4 School Counter Book For Students\" \/>\n<meta property=\"og:description\" content=\"Product Origin:anhui                                                    Brand:Colorfly                                                   Item NO.:C-1229                                                   Shipping Port:wuhan\/ shanghai \/qiandao \/yiwu                                                   Color:custom color                                                   Lead Time:25-30days                                                   Payment:30% TT as the deposit , the balance payment a                                                   MOQ:5000                                                                                                                  Type: notebook                                 Size: A5                                 Binding: perfect binding                                 Number of pages: \/192p                                 Inner printing: custom                                 Cover printing: custom color\" \/>\n<meta property=\"og:url\" content=\"https:\/\/www.colorflyprinting.com\/fr\/produit\/cahier-decolier-a4-a-reliure-cousue-et-a-marges-fines-bon-marche-pour-etudiants\/\" \/>\n<meta property=\"og:site_name\" content=\"colorflyprinting\" \/>\n<meta property=\"article:modified_time\" content=\"2025-04-22T01:23:33+00:00\" \/>\n<meta name=\"twitter:card\" content=\"summary_large_image\" \/>\n<meta name=\"twitter:label1\" content=\"Dur\u00e9e de lecture estim\u00e9e\" \/>\n\t<meta name=\"twitter:data1\" content=\"1 minute\" \/>\n<script type=\"application\/ld+json\" class=\"yoast-schema-graph\">{\"@context\":\"https:\/\/schema.org\",\"@graph\":[{\"@type\":\"WebPage\",\"@id\":\"https:\/\/www.colorflyprinting.com\/product\/cheap-2-quire-feintmargin-sewn-binding-a4-school-counter-book-for-students\/\",\"url\":\"https:\/\/www.colorflyprinting.com\/product\/cheap-2-quire-feintmargin-sewn-binding-a4-school-counter-book-for-students\/\",\"name\":\"Cheap 2 Quire Feint&Margin Sewn Binding A4 School Counter Book For Students - colorflyprinting\",\"isPartOf\":{\"@id\":\"https:\/\/www.colorflyprinting.com\/#website\"},\"primaryImageOfPage\":{\"@id\":\"https:\/\/www.colorflyprinting.com\/product\/cheap-2-quire-feintmargin-sewn-binding-a4-school-counter-book-for-students\/#primaryimage\"},\"image\":{\"@id\":\"https:\/\/www.colorflyprinting.com\/product\/cheap-2-quire-feintmargin-sewn-binding-a4-school-counter-book-for-students\/#primaryimage\"},\"thumbnailUrl\":\"https:\/\/www.colorflyprinting.com\/wp-content\/uploads\/2025\/04\/b67ead0824919c6cbfc78f306b364080_medium.png\",\"datePublished\":\"2025-04-22T01:22:57+00:00\",\"dateModified\":\"2025-04-22T01:23:33+00:00\",\"breadcrumb\":{\"@id\":\"https:\/\/www.colorflyprinting.com\/product\/cheap-2-quire-feintmargin-sewn-binding-a4-school-counter-book-for-students\/#breadcrumb\"},\"inLanguage\":\"fr-FR\",\"potentialAction\":[{\"@type\":\"ReadAction\",\"target\":[\"https:\/\/www.colorflyprinting.com\/product\/cheap-2-quire-feintmargin-sewn-binding-a4-school-counter-book-for-students\/\"]}]},{\"@type\":\"ImageObject\",\"inLanguage\":\"fr-FR\",\"@id\":\"https:\/\/www.colorflyprinting.com\/product\/cheap-2-quire-feintmargin-sewn-binding-a4-school-counter-book-for-students\/#primaryimage\",\"url\":\"https:\/\/www.colorflyprinting.com\/wp-content\/uploads\/2025\/04\/b67ead0824919c6cbfc78f306b364080_medium.png\",\"contentUrl\":\"https:\/\/www.colorflyprinting.com\/wp-content\/uploads\/2025\/04\/b67ead0824919c6cbfc78f306b364080_medium.png\",\"width\":550,\"height\":550},{\"@type\":\"BreadcrumbList\",\"@id\":\"https:\/\/www.colorflyprinting.com\/product\/cheap-2-quire-feintmargin-sewn-binding-a4-school-counter-book-for-students\/#breadcrumb\",\"itemListElement\":[{\"@type\":\"ListItem\",\"position\":1,\"name\":\"Home\",\"item\":\"https:\/\/www.colorflyprinting.com\/\"},{\"@type\":\"ListItem\",\"position\":2,\"name\":\"Product\",\"item\":\"https:\/\/www.colorflyprinting.com\/shop\/\"},{\"@type\":\"ListItem\",\"position\":3,\"name\":\"Cheap 2 Quire Feint&#038;Margin Sewn Binding A4 School Counter Book For Students\"}]},{\"@type\":\"WebSite\",\"@id\":\"https:\/\/www.colorflyprinting.com\/#website\",\"url\":\"https:\/\/www.colorflyprinting.com\/\",\"name\":\"Hefei Colorfly Stationery Co.,Ltd.\",\"description\":\"\",\"publisher\":{\"@id\":\"https:\/\/www.colorflyprinting.com\/#organization\"},\"potentialAction\":[{\"@type\":\"SearchAction\",\"target\":{\"@type\":\"EntryPoint\",\"urlTemplate\":\"https:\/\/www.colorflyprinting.com\/?s={search_term_string}\"},\"query-input\":{\"@type\":\"PropertyValueSpecification\",\"valueRequired\":true,\"valueName\":\"search_term_string\"}}],\"inLanguage\":\"fr-FR\"},{\"@type\":\"Organization\",\"@id\":\"https:\/\/www.colorflyprinting.com\/#organization\",\"name\":\"Hefei Colorfly Stationery Co.,Ltd.\",\"url\":\"https:\/\/www.colorflyprinting.com\/\",\"logo\":{\"@type\":\"ImageObject\",\"inLanguage\":\"fr-FR\",\"@id\":\"https:\/\/www.colorflyprinting.com\/#\/schema\/logo\/image\/\",\"url\":\"https:\/\/www.colorflyprinting.com\/wp-content\/uploads\/2025\/04\/d167665f943610681229e2f4307b9df.jpg\",\"contentUrl\":\"https:\/\/www.colorflyprinting.com\/wp-content\/uploads\/2025\/04\/d167665f943610681229e2f4307b9df.jpg\",\"width\":780,\"height\":780,\"caption\":\"Hefei Colorfly Stationery Co.,Ltd.\"},\"image\":{\"@id\":\"https:\/\/www.colorflyprinting.com\/#\/schema\/logo\/image\/\"}}]}<\/script>\n<!-- \/ Yoast SEO Premium plugin. -->","yoast_head_json":{"title":"Cheap 2 Quire Feint&Margin Sewn Binding A4 School Counter Book For Students - colorflyprinting","robots":{"index":"index","follow":"follow","max-snippet":"max-snippet:-1","max-image-preview":"max-image-preview:large","max-video-preview":"max-video-preview:-1"},"canonical":"https:\/\/www.colorflyprinting.com\/fr\/produit\/cahier-decolier-a4-a-reliure-cousue-et-a-marges-fines-bon-marche-pour-etudiants\/","og_locale":"fr_FR","og_type":"article","og_title":"Cheap 2 Quire Feint&Margin Sewn Binding A4 School Counter Book For Students","og_description":"Product Origin:anhui                                                    Brand:Colorfly                                                   Item NO.:C-1229                                                   Shipping Port:wuhan\/ shanghai \/qiandao \/yiwu                                                   Color:custom color                                                   Lead Time:25-30days                                                   Payment:30% TT as the deposit , the balance payment a                                                   MOQ:5000                                                                                                                  Type: notebook                                 Size: A5                                 Binding: perfect binding                                 Number of pages: \/192p                                 Inner printing: custom                                 Cover printing: custom color","og_url":"https:\/\/www.colorflyprinting.com\/fr\/produit\/cahier-decolier-a4-a-reliure-cousue-et-a-marges-fines-bon-marche-pour-etudiants\/","og_site_name":"colorflyprinting","article_modified_time":"2025-04-22T01:23:33+00:00","twitter_card":"summary_large_image","twitter_misc":{"Dur\u00e9e de lecture estim\u00e9e":"1 minute"},"schema":{"@context":"https:\/\/schema.org","@graph":[{"@type":"WebPage","@id":"https:\/\/www.colorflyprinting.com\/product\/cheap-2-quire-feintmargin-sewn-binding-a4-school-counter-book-for-students\/","url":"https:\/\/www.colorflyprinting.com\/product\/cheap-2-quire-feintmargin-sewn-binding-a4-school-counter-book-for-students\/","name":"Cheap 2 Quire Feint&Margin Sewn Binding A4 School Counter Book For Students - colorflyprinting","isPartOf":{"@id":"https:\/\/www.colorflyprinting.com\/#website"},"primaryImageOfPage":{"@id":"https:\/\/www.colorflyprinting.com\/product\/cheap-2-quire-feintmargin-sewn-binding-a4-school-counter-book-for-students\/#primaryimage"},"image":{"@id":"https:\/\/www.colorflyprinting.com\/product\/cheap-2-quire-feintmargin-sewn-binding-a4-school-counter-book-for-students\/#primaryimage"},"thumbnailUrl":"https:\/\/www.colorflyprinting.com\/wp-content\/uploads\/2025\/04\/b67ead0824919c6cbfc78f306b364080_medium.png","datePublished":"2025-04-22T01:22:57+00:00","dateModified":"2025-04-22T01:23:33+00:00","breadcrumb":{"@id":"https:\/\/www.colorflyprinting.com\/product\/cheap-2-quire-feintmargin-sewn-binding-a4-school-counter-book-for-students\/#breadcrumb"},"inLanguage":"fr-FR","potentialAction":[{"@type":"ReadAction","target":["https:\/\/www.colorflyprinting.com\/product\/cheap-2-quire-feintmargin-sewn-binding-a4-school-counter-book-for-students\/"]}]},{"@type":"ImageObject","inLanguage":"fr-FR","@id":"https:\/\/www.colorflyprinting.com\/product\/cheap-2-quire-feintmargin-sewn-binding-a4-school-counter-book-for-students\/#primaryimage","url":"https:\/\/www.colorflyprinting.com\/wp-content\/uploads\/2025\/04\/b67ead0824919c6cbfc78f306b364080_medium.png","contentUrl":"https:\/\/www.colorflyprinting.com\/wp-content\/uploads\/2025\/04\/b67ead0824919c6cbfc78f306b364080_medium.png","width":550,"height":550},{"@type":"BreadcrumbList","@id":"https:\/\/www.colorflyprinting.com\/product\/cheap-2-quire-feintmargin-sewn-binding-a4-school-counter-book-for-students\/#breadcrumb","itemListElement":[{"@type":"ListItem","position":1,"name":"Home","item":"https:\/\/www.colorflyprinting.com\/"},{"@type":"ListItem","position":2,"name":"Product","item":"https:\/\/www.colorflyprinting.com\/shop\/"},{"@type":"ListItem","position":3,"name":"Cheap 2 Quire Feint&#038;Margin Sewn Binding A4 School Counter Book For Students"}]},{"@type":"WebSite","@id":"https:\/\/www.colorflyprinting.com\/#website","url":"https:\/\/www.colorflyprinting.com\/","name":"Hefei Colorfly Stationery Co.,Ltd.","description":"","publisher":{"@id":"https:\/\/www.colorflyprinting.com\/#organization"},"potentialAction":[{"@type":"SearchAction","target":{"@type":"EntryPoint","urlTemplate":"https:\/\/www.colorflyprinting.com\/?s={search_term_string}"},"query-input":{"@type":"PropertyValueSpecification","valueRequired":true,"valueName":"search_term_string"}}],"inLanguage":"fr-FR"},{"@type":"Organization","@id":"https:\/\/www.colorflyprinting.com\/#organization","name":"Hefei Colorfly Stationery Co.,Ltd.","url":"https:\/\/www.colorflyprinting.com\/","logo":{"@type":"ImageObject","inLanguage":"fr-FR","@id":"https:\/\/www.colorflyprinting.com\/#\/schema\/logo\/image\/","url":"https:\/\/www.colorflyprinting.com\/wp-content\/uploads\/2025\/04\/d167665f943610681229e2f4307b9df.jpg","contentUrl":"https:\/\/www.colorflyprinting.com\/wp-content\/uploads\/2025\/04\/d167665f943610681229e2f4307b9df.jpg","width":780,"height":780,"caption":"Hefei Colorfly Stationery Co.,Ltd."},"image":{"@id":"https:\/\/www.colorflyprinting.com\/#\/schema\/logo\/image\/"}}]}},"_links":{"self":[{"href":"https:\/\/www.colorflyprinting.com\/fr\/wp-json\/wp\/v2\/product\/11472","targetHints":{"allow":["GET"]}}],"collection":[{"href":"https:\/\/www.colorflyprinting.com\/fr\/wp-json\/wp\/v2\/product"}],"about":[{"href":"https:\/\/www.colorflyprinting.com\/fr\/wp-json\/wp\/v2\/types\/product"}],"replies":[{"embeddable":true,"href":"https:\/\/www.colorflyprinting.com\/fr\/wp-json\/wp\/v2\/comments?post=11472"}],"wp:featuredmedia":[{"embeddable":true,"href":"https:\/\/www.colorflyprinting.com\/fr\/wp-json\/wp\/v2\/media\/11529"}],"wp:attachment":[{"href":"https:\/\/www.colorflyprinting.com\/fr\/wp-json\/wp\/v2\/media?parent=11472"}],"wp:term":[{"taxonomy":"product_brand","embeddable":true,"href":"https:\/\/www.colorflyprinting.com\/fr\/wp-json\/wp\/v2\/product_brand?post=11472"},{"taxonomy":"product_cat","embeddable":true,"href":"https:\/\/www.colorflyprinting.com\/fr\/wp-json\/wp\/v2\/product_cat?post=11472"},{"taxonomy":"product_tag","embeddable":true,"href":"https:\/\/www.colorflyprinting.com\/fr\/wp-json\/wp\/v2\/product_tag?post=11472"}],"curies":[{"name":"wp","href":"https:\/\/api.w.org\/{rel}","templated":true}]}}