{"id":11470,"date":"2025-04-22T01:22:57","date_gmt":"2025-04-22T01:22:57","guid":{"rendered":"https:\/\/www.colorflyprinting.com\/?post_type=product&#038;p=11470"},"modified":"2025-04-22T01:23:31","modified_gmt":"2025-04-22T01:23:31","slug":"seyes-ruled-hardcover-notebook-for-western-africa","status":"publish","type":"product","link":"https:\/\/www.colorflyprinting.com\/fr\/produit\/carnet-a-couverture-rigide-ligne-seyes-pour-lafrique-de-louest\/","title":{"rendered":"Carnet de notes \u00e0 couverture rigide lign\u00e9 Seyes pour l&#039;Afrique de l&#039;Ouest"},"content":{"rendered":"<div class=\"text\">\n<div class=\"table-responsive\">\n<table border=\"1\">\n<tbody>\n<tr>\n<td>\n<p>\n\t\t\t\t\t\tNom du produit\n\t\t\t\t\t<\/p>\n<\/td>\n<td>\n<p>\n\t\t\t\t\t\tCarnet \u00e0 couverture rigide lign\u00e9 Seyes pour l&#039;Afrique de l&#039;Ouest\n\t\t\t\t\t<\/p>\n<\/td>\n<\/tr>\n<tr>\n<td>\n<p>\n\t\t\t\t\t\tFeuille ( page )\n\t\t\t\t\t<\/p>\n<\/td>\n<td>\n<p>\n\t\t\t\t\t\t144 feuilles = 288 pages (1 feuille = 2 pages)\n\t\t\t\t\t<\/p>\n<\/td>\n<\/tr>\n<tr>\n<td>\n<p>\n\t\t\t\t\t\tTaille\n\t\t\t\t\t<\/p>\n<\/td>\n<td>\n<p>\n\t\t\t\t\t\t17x22cm\n\t\t\t\t\t<\/p>\n<\/td>\n<\/tr>\n<tr>\n<td>\n<p>\n\t\t\t\t\t\tCouverture\n\t\t\t\t\t<\/p>\n<\/td>\n<td>\n<p>\n\t\t\t\t\t\tCarton + pelliculage ; conception sur mesure disponible\n\t\t\t\t\t<\/p>\n<\/td>\n<\/tr>\n<tr>\n<td>\n<p>\n\t\t\t\t\t\tObligatoire\n\t\t\t\t\t<\/p>\n<\/td>\n<td>\n<p>\n\t\t\t\t\t\tReliure parfaite\n\t\t\t\t\t<\/p>\n<\/td>\n<\/tr>\n<tr>\n<td>\n<p>\n\t\t\t\t\t\tImpression int\u00e9rieure\n\t\t\t\t\t<\/p>\n<\/td>\n<td>\n<p>\n\t\t\t\t\t\tLes Fran\u00e7ais ont gouvern\u00e9\n\t\t\t\t\t<\/p>\n<\/td>\n<\/tr>\n<tr>\n<td>\n<p>\n\t\t\t\t\t\tPapier int\u00e9rieur GSM&nbsp; &nbsp; &nbsp; &nbsp; &nbsp; &nbsp; &nbsp; &nbsp; &nbsp;\n\t\t\t\t\t<\/p>\n<\/td>\n<td>\n<p>\n\t\t\t\t\t\t50\/55\/60 g\/m\u00b2\n\t\t\t\t\t<\/p>\n<\/td>\n<\/tr>\n<tr>\n<td>\n<p>\n\t\t\t\t\t\tUsage\n\t\t\t\t\t<\/p>\n<\/td>\n<td>\n<p>\n\t\t\t\t\t\t\u00c9cole \/ Bureau \/ etc.\n\t\t\t\t\t<\/p>\n<\/td>\n<\/tr>\n<tr>\n<td>\n<p>\n\t\t\t\t\t\tEmballage\n\t\t\t\t\t<\/p>\n<\/td>\n<td>\n<p>\n\t\t\t\t\t\t3 pi\u00e8ces \/ r\u00e9tractable, 60 pi\u00e8ces \/ ctn\n\t\t\t\t\t<\/p>\n<\/td>\n<\/tr>\n<tr>\n<td>\n<p>\n\t\t\t\t\t\tPrix&nbsp;\n\t\t\t\t\t<\/p>\n<\/td>\n<td>\n<p>\n\t\t\t\t\t\tLe bon prix sera mis \u00e0 jour d\u00e8s r\u00e9ception de votre demande d\u00e9taill\u00e9e&nbsp; &nbsp; &nbsp; &nbsp; &nbsp; &nbsp; &nbsp; &nbsp; &nbsp; &nbsp; &nbsp;&nbsp;\n\t\t\t\t\t<\/p>\n<\/td>\n<\/tr>\n<\/tbody>\n<\/table>\n<\/div>\n<p><span style=\"font-size:18px;\"> Papier lign\u00e9 fran\u00e7ais pour l&#039;option :<\/span> <\/p>\n<p>\n\t<span style=\"font-size:18px;\">La couleur, le poids et la hauteur de la ligne de papier int\u00e9rieure peuvent \u00eatre personnalis\u00e9s selon votre demande.<\/span>\n<\/p>\n<p>\n\t<img decoding=\"async\" src=\"\/js\/htmledit\/kindeditor\/attached\/20190617\/20190617143845_71492.jpg\" alt=\"\">\n<\/p>\n<p>\n\t\n<\/p>\n<p>\n\tNOTE:\n<\/p>\n<p>\n\tNous sommes un fabricant professionnel de cahiers et de cahiers d&#039;exercices en papier.\n<\/p>\n<p>\n\tVoici une gamme compl\u00e8te de cahiers \u00e0 couverture rigide pour votre option.\n<\/p>\n<p>\n\tToutes les sp\u00e9cifications ci-dessus peuvent \u00eatre personnalis\u00e9es.\n<\/p>\n<p>\n\tNous pouvons offrir des prix comp\u00e9titifs si vous commandez de grandes quantit\u00e9s en une seule commande.\n<\/p>\n<p>\n\t\n<\/p>\n<\/p><\/div>","protected":false},"excerpt":{"rendered":"<p>Carnet de notes personnalis\u00e9 \u00e0 couverture rigide en papier lign\u00e9 fran\u00e7ais 17x22cm pour l&#039;\u00e9cole et le bureau<\/p>\n<ul class=\"ptab-list clearfix\">\n<li>\n<p>Num\u00e9ro d&#039;article :<\/p>\n<p><span>CY-HN001<\/span><\/li>\n<li>\n<p>Taper: <\/p>\n<p> <span>Carnet \u00e0 couverture rigide<\/span><\/li>\n<li>\n<p>Taille: <\/p>\n<p> <span>17x22cm<\/span><\/li>\n<li>\n<p>Obligatoire: <\/p>\n<p> <span>Reliure parfaite<\/span><\/li>\n<li>\n<p>Nombre de pages : <\/p>\n<p> <span>288<\/span><\/li>\n<li>\n<p>Impression int\u00e9rieure : <\/p>\n<p> <span>Les Fran\u00e7ais ont gouvern\u00e9<\/span><\/li>\n<li>\n<p>Impression de la couverture : <\/p>\n<p> <span>Impression 4 couleurs<\/span><\/li>\n<\/ul>","protected":false},"featured_media":11528,"comment_status":"open","ping_status":"closed","template":"","meta":[],"product_brand":[],"product_cat":[449],"product_tag":[485,477,486],"class_list":{"0":"post-11470","1":"product","2":"type-product","3":"status-publish","4":"has-post-thumbnail","6":"product_cat-hardcover-notebook","7":"product_tag-hardcover-notebook","8":"product_tag-personalised-hardcover-notebook","9":"product_tag-seyes-ruled-hardcover-notebook","11":"first","12":"instock","13":"shipping-taxable","14":"product-type-simple"},"yoast_head":"<!-- This site is optimized with the Yoast SEO Premium plugin v23.9 (Yoast SEO v25.2) - https:\/\/yoast.com\/wordpress\/plugins\/seo\/ -->\n<title>Seyes Ruled Hardcover Notebook For Western Africa - colorflyprinting<\/title>\n<meta name=\"robots\" content=\"index, follow, max-snippet:-1, max-image-preview:large, max-video-preview:-1\" \/>\n<link rel=\"canonical\" href=\"https:\/\/www.colorflyprinting.com\/fr\/produit\/carnet-a-couverture-rigide-ligne-seyes-pour-lafrique-de-louest\/\" \/>\n<meta property=\"og:locale\" content=\"fr_FR\" \/>\n<meta property=\"og:type\" content=\"article\" \/>\n<meta property=\"og:title\" content=\"Seyes Ruled Hardcover Notebook For Western Africa\" \/>\n<meta property=\"og:description\" content=\"Personalised French ruled paper hardcover notebook 17x22cm book for school and office                                                                    Item NO.:CY-HN001                                                                                                                                                                                                  Type: Hardcover notebook                                 Size: 17x22cm                                 Binding: Perfect binding                                 Number of pages: 288                                 Inner printing: French ruled                                 Cover printing: 4 colors printing\" \/>\n<meta property=\"og:url\" content=\"https:\/\/www.colorflyprinting.com\/fr\/produit\/carnet-a-couverture-rigide-ligne-seyes-pour-lafrique-de-louest\/\" \/>\n<meta property=\"og:site_name\" content=\"colorflyprinting\" \/>\n<meta property=\"article:modified_time\" content=\"2025-04-22T01:23:31+00:00\" \/>\n<meta name=\"twitter:card\" content=\"summary_large_image\" \/>\n<meta name=\"twitter:label1\" content=\"Dur\u00e9e de lecture estim\u00e9e\" \/>\n\t<meta name=\"twitter:data1\" content=\"1 minute\" \/>\n<script type=\"application\/ld+json\" class=\"yoast-schema-graph\">{\"@context\":\"https:\/\/schema.org\",\"@graph\":[{\"@type\":\"WebPage\",\"@id\":\"https:\/\/www.colorflyprinting.com\/product\/seyes-ruled-hardcover-notebook-for-western-africa\/\",\"url\":\"https:\/\/www.colorflyprinting.com\/product\/seyes-ruled-hardcover-notebook-for-western-africa\/\",\"name\":\"Seyes Ruled Hardcover Notebook For Western Africa - colorflyprinting\",\"isPartOf\":{\"@id\":\"https:\/\/www.colorflyprinting.com\/#website\"},\"primaryImageOfPage\":{\"@id\":\"https:\/\/www.colorflyprinting.com\/product\/seyes-ruled-hardcover-notebook-for-western-africa\/#primaryimage\"},\"image\":{\"@id\":\"https:\/\/www.colorflyprinting.com\/product\/seyes-ruled-hardcover-notebook-for-western-africa\/#primaryimage\"},\"thumbnailUrl\":\"https:\/\/www.colorflyprinting.com\/wp-content\/uploads\/2025\/04\/a289c0e4b129288075d8b29ff963211b_medium-1.jpg\",\"datePublished\":\"2025-04-22T01:22:57+00:00\",\"dateModified\":\"2025-04-22T01:23:31+00:00\",\"breadcrumb\":{\"@id\":\"https:\/\/www.colorflyprinting.com\/product\/seyes-ruled-hardcover-notebook-for-western-africa\/#breadcrumb\"},\"inLanguage\":\"fr-FR\",\"potentialAction\":[{\"@type\":\"ReadAction\",\"target\":[\"https:\/\/www.colorflyprinting.com\/product\/seyes-ruled-hardcover-notebook-for-western-africa\/\"]}]},{\"@type\":\"ImageObject\",\"inLanguage\":\"fr-FR\",\"@id\":\"https:\/\/www.colorflyprinting.com\/product\/seyes-ruled-hardcover-notebook-for-western-africa\/#primaryimage\",\"url\":\"https:\/\/www.colorflyprinting.com\/wp-content\/uploads\/2025\/04\/a289c0e4b129288075d8b29ff963211b_medium-1.jpg\",\"contentUrl\":\"https:\/\/www.colorflyprinting.com\/wp-content\/uploads\/2025\/04\/a289c0e4b129288075d8b29ff963211b_medium-1.jpg\",\"width\":550,\"height\":550},{\"@type\":\"BreadcrumbList\",\"@id\":\"https:\/\/www.colorflyprinting.com\/product\/seyes-ruled-hardcover-notebook-for-western-africa\/#breadcrumb\",\"itemListElement\":[{\"@type\":\"ListItem\",\"position\":1,\"name\":\"Home\",\"item\":\"https:\/\/www.colorflyprinting.com\/\"},{\"@type\":\"ListItem\",\"position\":2,\"name\":\"Product\",\"item\":\"https:\/\/www.colorflyprinting.com\/shop\/\"},{\"@type\":\"ListItem\",\"position\":3,\"name\":\"Seyes Ruled Hardcover Notebook For Western Africa\"}]},{\"@type\":\"WebSite\",\"@id\":\"https:\/\/www.colorflyprinting.com\/#website\",\"url\":\"https:\/\/www.colorflyprinting.com\/\",\"name\":\"Hefei Colorfly Stationery Co.,Ltd.\",\"description\":\"\",\"publisher\":{\"@id\":\"https:\/\/www.colorflyprinting.com\/#organization\"},\"potentialAction\":[{\"@type\":\"SearchAction\",\"target\":{\"@type\":\"EntryPoint\",\"urlTemplate\":\"https:\/\/www.colorflyprinting.com\/?s={search_term_string}\"},\"query-input\":{\"@type\":\"PropertyValueSpecification\",\"valueRequired\":true,\"valueName\":\"search_term_string\"}}],\"inLanguage\":\"fr-FR\"},{\"@type\":\"Organization\",\"@id\":\"https:\/\/www.colorflyprinting.com\/#organization\",\"name\":\"Hefei Colorfly Stationery Co.,Ltd.\",\"url\":\"https:\/\/www.colorflyprinting.com\/\",\"logo\":{\"@type\":\"ImageObject\",\"inLanguage\":\"fr-FR\",\"@id\":\"https:\/\/www.colorflyprinting.com\/#\/schema\/logo\/image\/\",\"url\":\"https:\/\/www.colorflyprinting.com\/wp-content\/uploads\/2025\/04\/d167665f943610681229e2f4307b9df.jpg\",\"contentUrl\":\"https:\/\/www.colorflyprinting.com\/wp-content\/uploads\/2025\/04\/d167665f943610681229e2f4307b9df.jpg\",\"width\":780,\"height\":780,\"caption\":\"Hefei Colorfly Stationery Co.,Ltd.\"},\"image\":{\"@id\":\"https:\/\/www.colorflyprinting.com\/#\/schema\/logo\/image\/\"}}]}<\/script>\n<!-- \/ Yoast SEO Premium plugin. -->","yoast_head_json":{"title":"Seyes Ruled Hardcover Notebook For Western Africa - colorflyprinting","robots":{"index":"index","follow":"follow","max-snippet":"max-snippet:-1","max-image-preview":"max-image-preview:large","max-video-preview":"max-video-preview:-1"},"canonical":"https:\/\/www.colorflyprinting.com\/fr\/produit\/carnet-a-couverture-rigide-ligne-seyes-pour-lafrique-de-louest\/","og_locale":"fr_FR","og_type":"article","og_title":"Seyes Ruled Hardcover Notebook For Western Africa","og_description":"Personalised French ruled paper hardcover notebook 17x22cm book for school and office                                                                    Item NO.:CY-HN001                                                                                                                                                                                                  Type: Hardcover notebook                                 Size: 17x22cm                                 Binding: Perfect binding                                 Number of pages: 288                                 Inner printing: French ruled                                 Cover printing: 4 colors printing","og_url":"https:\/\/www.colorflyprinting.com\/fr\/produit\/carnet-a-couverture-rigide-ligne-seyes-pour-lafrique-de-louest\/","og_site_name":"colorflyprinting","article_modified_time":"2025-04-22T01:23:31+00:00","twitter_card":"summary_large_image","twitter_misc":{"Dur\u00e9e de lecture estim\u00e9e":"1 minute"},"schema":{"@context":"https:\/\/schema.org","@graph":[{"@type":"WebPage","@id":"https:\/\/www.colorflyprinting.com\/product\/seyes-ruled-hardcover-notebook-for-western-africa\/","url":"https:\/\/www.colorflyprinting.com\/product\/seyes-ruled-hardcover-notebook-for-western-africa\/","name":"Seyes Ruled Hardcover Notebook For Western Africa - colorflyprinting","isPartOf":{"@id":"https:\/\/www.colorflyprinting.com\/#website"},"primaryImageOfPage":{"@id":"https:\/\/www.colorflyprinting.com\/product\/seyes-ruled-hardcover-notebook-for-western-africa\/#primaryimage"},"image":{"@id":"https:\/\/www.colorflyprinting.com\/product\/seyes-ruled-hardcover-notebook-for-western-africa\/#primaryimage"},"thumbnailUrl":"https:\/\/www.colorflyprinting.com\/wp-content\/uploads\/2025\/04\/a289c0e4b129288075d8b29ff963211b_medium-1.jpg","datePublished":"2025-04-22T01:22:57+00:00","dateModified":"2025-04-22T01:23:31+00:00","breadcrumb":{"@id":"https:\/\/www.colorflyprinting.com\/product\/seyes-ruled-hardcover-notebook-for-western-africa\/#breadcrumb"},"inLanguage":"fr-FR","potentialAction":[{"@type":"ReadAction","target":["https:\/\/www.colorflyprinting.com\/product\/seyes-ruled-hardcover-notebook-for-western-africa\/"]}]},{"@type":"ImageObject","inLanguage":"fr-FR","@id":"https:\/\/www.colorflyprinting.com\/product\/seyes-ruled-hardcover-notebook-for-western-africa\/#primaryimage","url":"https:\/\/www.colorflyprinting.com\/wp-content\/uploads\/2025\/04\/a289c0e4b129288075d8b29ff963211b_medium-1.jpg","contentUrl":"https:\/\/www.colorflyprinting.com\/wp-content\/uploads\/2025\/04\/a289c0e4b129288075d8b29ff963211b_medium-1.jpg","width":550,"height":550},{"@type":"BreadcrumbList","@id":"https:\/\/www.colorflyprinting.com\/product\/seyes-ruled-hardcover-notebook-for-western-africa\/#breadcrumb","itemListElement":[{"@type":"ListItem","position":1,"name":"Home","item":"https:\/\/www.colorflyprinting.com\/"},{"@type":"ListItem","position":2,"name":"Product","item":"https:\/\/www.colorflyprinting.com\/shop\/"},{"@type":"ListItem","position":3,"name":"Seyes Ruled Hardcover Notebook For Western Africa"}]},{"@type":"WebSite","@id":"https:\/\/www.colorflyprinting.com\/#website","url":"https:\/\/www.colorflyprinting.com\/","name":"Hefei Colorfly Stationery Co.,Ltd.","description":"","publisher":{"@id":"https:\/\/www.colorflyprinting.com\/#organization"},"potentialAction":[{"@type":"SearchAction","target":{"@type":"EntryPoint","urlTemplate":"https:\/\/www.colorflyprinting.com\/?s={search_term_string}"},"query-input":{"@type":"PropertyValueSpecification","valueRequired":true,"valueName":"search_term_string"}}],"inLanguage":"fr-FR"},{"@type":"Organization","@id":"https:\/\/www.colorflyprinting.com\/#organization","name":"Hefei Colorfly Stationery Co.,Ltd.","url":"https:\/\/www.colorflyprinting.com\/","logo":{"@type":"ImageObject","inLanguage":"fr-FR","@id":"https:\/\/www.colorflyprinting.com\/#\/schema\/logo\/image\/","url":"https:\/\/www.colorflyprinting.com\/wp-content\/uploads\/2025\/04\/d167665f943610681229e2f4307b9df.jpg","contentUrl":"https:\/\/www.colorflyprinting.com\/wp-content\/uploads\/2025\/04\/d167665f943610681229e2f4307b9df.jpg","width":780,"height":780,"caption":"Hefei Colorfly Stationery Co.,Ltd."},"image":{"@id":"https:\/\/www.colorflyprinting.com\/#\/schema\/logo\/image\/"}}]}},"_links":{"self":[{"href":"https:\/\/www.colorflyprinting.com\/fr\/wp-json\/wp\/v2\/product\/11470","targetHints":{"allow":["GET"]}}],"collection":[{"href":"https:\/\/www.colorflyprinting.com\/fr\/wp-json\/wp\/v2\/product"}],"about":[{"href":"https:\/\/www.colorflyprinting.com\/fr\/wp-json\/wp\/v2\/types\/product"}],"replies":[{"embeddable":true,"href":"https:\/\/www.colorflyprinting.com\/fr\/wp-json\/wp\/v2\/comments?post=11470"}],"wp:featuredmedia":[{"embeddable":true,"href":"https:\/\/www.colorflyprinting.com\/fr\/wp-json\/wp\/v2\/media\/11528"}],"wp:attachment":[{"href":"https:\/\/www.colorflyprinting.com\/fr\/wp-json\/wp\/v2\/media?parent=11470"}],"wp:term":[{"taxonomy":"product_brand","embeddable":true,"href":"https:\/\/www.colorflyprinting.com\/fr\/wp-json\/wp\/v2\/product_brand?post=11470"},{"taxonomy":"product_cat","embeddable":true,"href":"https:\/\/www.colorflyprinting.com\/fr\/wp-json\/wp\/v2\/product_cat?post=11470"},{"taxonomy":"product_tag","embeddable":true,"href":"https:\/\/www.colorflyprinting.com\/fr\/wp-json\/wp\/v2\/product_tag?post=11470"}],"curies":[{"name":"wp","href":"https:\/\/api.w.org\/{rel}","templated":true}]}}